{"id":19373,"date":"2019-06-14T09:51:45","date_gmt":"2019-06-14T07:51:45","guid":{"rendered":"https:\/\/regmik.com.ua\/?post_type=product&#038;p=19373"},"modified":"2020-08-20T07:21:53","modified_gmt":"2020-08-20T05:21:53","slug":"bs-ca1frd-r","status":"publish","type":"product","link":"https:\/\/regmik.ua\/de\/product\/bs-ca1frd-r\/","title":{"rendered":"BS-CA1FRD R."},"content":{"rendered":"<table class=\"table-parameters\">\n<tbody>\n<tr>\n<td class=\"li-dot-for-parameters\"><\/td>\n<th class=\"ktp\"><span class=\"ktl\">Anzeigetyp<\/span><\/th>\n<td class=\"ktv\"><img decoding=\"async\" class=\"ti\" src=\"data:image\/gif;base64,R0lGODdhjQAMAOYAACwmLJSSlMzKzGReZKyurOTm7ERCRHx6fLy+xNza3KSipPTy9FRSVDw2PIyGjJyanNTS1GxqbLS2tPTu9ExKTMzGzDQuNGRmZOzu9MTGzOTi5Pz6\/IyOjJyWnNTO1LSutOzm7ExGTISChMS+xOTe5KyqrPz2\/FxaXEQ+RKSepNzW3Ly2vCwqLJSWnMzOzGRiZERGTIR+hNze3KymrPT29FxWXDw6PIyKjJyepNTW1HRudFROVDQyNGxmbJSOlLSytOzq7MTCxLy6vAAAAAAAAAAAAAAAAAAAAAAAAAAAAAAAAAAAAAAAAAAAAAAAAAAAAAAAAAAAAAAAAAAAAAAAAAAAAAAAAAAAAAAAAAAAAAAAAAAAAAAAAAAAAAAAAAAAAAAAAAAAAAAAAAAAAAAAAAAAAAAAAAAAAAAAAAAAAAAAAAAAAAAAAAAAAAAAAAAAAAAAAAAAAAAAAAAAAAAAAAAAAAAAAAAAAAAAAAAAAAAAAAAAAAAAAAAAAAAAAAAAACwAAAAAjQAMAAAH\/oAbFSEbhYaHiImFGjyKjo+Qjg08PDYNkZiZmpsbChSNnIkal6Gljz8xpqqriS8QoKuMrLMnArO3qqOJBaAFl7yFQIQbKp8ADRQkGwUDOjwMyhsfFA02P7vHPJOFGBENDQeOBcOHzJVCJCc8FCrL2ToFAEGFCqQaJxbsy70NJNrHpLp9C6eBxSQD1w7JQrRQlwYLhSKAYpBCloMeGzQAuBYjQqEEQDZIIGeoIakeIkwsOOFD0YOWiF442LAAyIAAGzq8yAiLUY1C1ArdzLmzIaiFhVCqZPmwEAIUDEkpPNpI1g9vNAHQIHHJBdSChXJAPeRPFNUNJlhgKDRI0Y52\/odoAJhQaAGABRsSXGq6qMGLETNiNJKLV29GiBntIUartlCGEHxT7Jxqtu9hIAxUNCoAURZXnoU+b0BQg5LUkkd\/LZZx+uOOXYvjaeNhAPQiHgJqMEhQFcDs2honabttiLMhrhp5WMAdtTJoRjoEyJpwV5cLCrYzvKZhYYRtyqBNAFi7QQB2RBweJLJLfgELhotl9Xigyz184t\/FkzfPtwTJDWUxlFpGAMykywYUVNTIASIcNgENL3SwAQYsJLBBALCgZtkGL4SzQA83JBICCIrU0OAC6Ui4gAbfyaIBDQudoN6Kth3IVyEd0nTBDQsRUJshAAQZpEK+KQcAZBSYZJAdChb4NsBaBVlygJI58YCCArUtMICGiRUCwgsDUWmICyc4kgADFhjwwZk8wHDNjUgdmEBpCB2GH1IbANGDNlMWpM0O85Tyn4AKLQZJg7gkquiiG4T4yIH4QTIBDoxWaqkhgQAAOw==\" alt=\"\" \/><\/td>\n<\/tr>\n<tr>\n<td class=\"li-dot-for-parameters\"><\/td>\n<th class=\"ktp\"><span class=\"ktl\">Zeichenh\u00f6he<\/span><\/th>\n<td class=\"ktv\"><img decoding=\"async\" class=\"ti\" src=\"data:image\/gif;base64,R0lGODdhLwAMAOYAACQmLJSSlFxeZMzKzOTm5DxCRHx6fLSytPTy9DQ2NNza3ExSVISGhGRqbJyenMTCxHRydNTS1PTu9ExKTPz6\/Dw+PIyOlGxydCwuNOzu7ISChLy6vPz2\/OTi5FxaXIyKjGxqbJyanOzm7ERCRHx+fLS2tPT29Dw6POTe5FRWVISKhKSmpNzW3DQyNGxubJSWlNTO1DQ2PNze3ISGjKSipMTGxNTW3ExOVDw+RCwyNOzq7ERGRHx+hLS2vPT2\/FRWXGxudAAAAAAAAAAAAAAAAAAAAAAAAAAAAAAAAAAAAAAAAAAAAAAAAAAAAAAAAAAAAAAAAAAAAAAAAAAAAAAAAAAAAAAAAAAAAAAAAAAAAAAAAAAAAAAAAAAAAAAAAAAAAAAAAAAAAAAAAAAAAAAAAAAAAAAAAAAAAAAAAAAAAAAAAAAAAAAAAAAAAAAAAAAAAAAAAAAAAAAAAAAAAAAAAAAAAAAAAAAAAAAAAAAAAAAAAAAAAAAAAAAAAAAAAAAAACwAAAAALwAMAAAH5oAbNzkTERQUHQAJLRCHjocKMY+TlJWPGwoUFimHHTmWhx6foKSgMpKILaAODaqlr5MPN52jlCg4MLWOEgyZFAMfFLy+wJY8AZ0YLQI6kz8bnpQZKg6HLyoUGQzVFNeVOgnNjhkuII80Boi6hxIfNDYDJcEZ7grxwZRAyJMsqBQICSrkaKGI2yFtMhw4EIGNV8KF2CaVuMGBko0dlaJNkoBtRQ16FHR0\/IjPkQIcLB6ZoGACxIxDFx5pfKRNGAeR2RjYxPloR4wECQocCtAiBo+KEhbIdPWI47hgvJ7Cmkq1qtWrlAIBADs=\" alt=\"\" \/><\/td>\n<\/tr>\n<tr>\n<td class=\"li-dot-for-parameters\"><\/td>\n<th class=\"ktp\"><span class=\"ktl\">Leuchtende Farbe<\/span><\/th>\n<td class=\"ktv\"><img decoding=\"async\" class=\"ti\" src=\"data:image\/gif;base64,R0lGODdhMgAMANUAACQqJJSWlFxiXNTW1ERGROzu7LSytHx+fDQ6NGxybMTCvPz69OTi5FRWVCwyLKyqrPz29Ly6tIyOjERCPHx6dGxubOTe3ExOTPT29DxCPHRybMzKxCwqJJyalGRiXNze3PTy7ISGhDw6NPz+\/Ozq7FxeXLy+vHR2dNza3ERKRLS2tISCfMTCxPz6\/OTm5FRaVDQ2NKyurLy6vJSSjExSTHRydMzKzCwuLJyanGRmZPTy9Dw+PAAAAAAAAAAAAAAAACwAAAAAMgAMAAAG+cCRcEgsGo\/IokzTOkSS0Kh0CKnAEpCpdiuFCT0Gl6cGa1iEhgtCpBqRSrCdzOV1e0l1Id7echOIXjgnIwwABiMHFUIoJCMyfx4SLRggDHWWhDB9QpiYI1aAAxc6bjeLGUWWOhykIy2WfZ15mZktBqBDNxMSnHUWIkIKDQgwMC4ORC4cxcWEyzsxdpkkDSizMAU7CrQjGzQjEDcsrzAgrEOedCPqETu0dBob6kNe7ToMNyAQOTgjqx8tAnh5saLFPU+yRij4o44BhxDrrgmhkMDFjR0wDiwQInDCA1QoGsCYEKaOC2AWR5p4d2GjpyMvuciUEnOmTSFBAAA7\" alt=\"\" \/><\/td>\n<\/tr>\n<tr>\n<td class=\"li-dot-for-parameters\"><\/td>\n<th class=\"ktp\"><span class=\"ktl\">Schaltplan<\/span><\/th>\n<td class=\"ktv\"><img decoding=\"async\" class=\"ti\" src=\"data:image\/gif;base64,R0lGODdhTAAMANUAACQqJJSWlMzOzFxiXERGRKyyrOTq5Hx+fDQ6NGxybMTCvNze3PT29KSmpFRWVLS6tCwyLGRqZERCRHx6fKSinNTW1ExOTPTy7IyOjDxCPHR6dOTm5Pz+\/JyanGRiZLSyrOzq5Dw+PHRybMTKxOTi3Pz69KyurLy6tDQ2NCwuLJSalNTSzERKRISGhDQ6PMTGxNzi3PT69KyqpFxeXCwyNGxubNza1ExSTIySjGRmZLS2tOzu7HR2dLy+vAAAAAAAACwAAAAATAAMAAAG\/kCOcCjcfXC8BnHJFJ4SpcOjSa1ar8MK4RBo7LDLUgRVK4HPaGZklW6707saKnQwW1QZVO6yQXH6Qn2AHDsEf36EhkSDMzocJhYIIR8kKCgAc4RydGYcJJiWRBEtJTsDGDspBwwlNRobEIeBKLBCcrIct4t+HTxCC186irVCo6WnQjYIuEIpXxwCLCAAF0ICEoCVQiQItR+3JLHfiEOwFRbVRNq4Jc7WLEIjFswcsdsoqUPctYN9lTs3bPjpA8JBhWXqUkjAMUSBAwQQEBEzYM8TQhk16FGzNg8CCI78EFWCJUJANgg8Rgwq5xGBAg4XILwctK7ERmjzOBxQQc9Dfh0GOTBwmMCjBIMBHbRx29YNgFBtG5zS8+SnR4gLFwAs4IBDYkWfJS4E5VAiAwl6IHKgQFCHUIK1pKKigAAgIl0KFmIcKmEgr0Wy+uxpEMFBBYoMMjLcG5J2bdtLluii6PRGSAkTlc9QXqKYCDnNTUYM6bR5dJvSSyIsmdEpCAA7\" alt=\"\" \/><\/td>\n<\/tr>\n<tr>\n<td class=\"li-dot-for-parameters\"><\/td>\n<th class=\"ktp\"><span class=\"ktl\">Die Gr\u00f6\u00dfe<\/span><\/th>\n<td class=\"ktv\">24 \u00d7 33,9 \u00d7 10,5\u00a0<span class=\"gc\">mm<\/span><\/td>\n<\/tr>\n<tr>\n<td class=\"li-dot-for-parameters\"><\/td>\n<th class=\"ktp\"><span class=\"ktl\">Anmerkungen<\/span><\/th>\n<td class=\"ktv\"><img decoding=\"async\" class=\"ti\" src=\"data:image\/gif;base64,R0lGODdhQgAMAOYAACwqJJSWlMzOzFxiXERGRKyyrOTq5Hx+fDQ6NLzCxGxybKSmpFRWVPT29Nze3ERCPExOTLS6vPTy9IyKjMzKzDQyLJyenGRqZOzy9DxCPMTKxHx6fNTW1Ozq7ISGhDw6NHR6dKyurOTm5GRiZExKTLSytISChMTCxHRydKSqpFxeXPz+\/OTi5FRSVLy6vDQ2NKSipDw+PCwuLJyanMzS1ERKROTq7HyCfFxaVPT6\/Nzi5ERCRExSTIySjDQyNJyinGxubMTKzNza3Ozu7Dw6PGRmZLS2tMTGxHR2dKSqrLy+vAAAAAAAAAAAAAAAAAAAAAAAAAAAAAAAAAAAAAAAAAAAAAAAAAAAAAAAAAAAAAAAAAAAAAAAAAAAAAAAAAAAAAAAAAAAAAAAAAAAAAAAAAAAAAAAAAAAAAAAAAAAAAAAAAAAAAAAAAAAAAAAAAAAAAAAAAAAAAAAAAAAAAAAAAAAAAAAAAAAAAAAAAAAAAAAAAAAAAAAAAAAAAAAAAAAACwAAAAAQgAMAAAH\/oAxCD4qLCsrRyQvHwGHhw4yQocSMQKOIDSOh0EkjpCSK5QCNg8IL0UGhyIAPi8PN0OaFYc3RSs5CEorGA6aKx62vyCOOUQemguKmsCHHsMsMocbQKrRKzYmJBiOPoccMdcAvpoYL0E6RDaOLkjghwkjNC\/k5ujqIvMrHES3+JoXjQ5ZEwDhkDFih3Ic+sEAhQViSCLgOKLJ362FDR+u0NENUY1qCVcoYeBoHgYGRg4pkcEg07gcBEgoPNQgRgMYBzTpQOALpsxqCRZkCAHSkQ53KwC8kMGDqCokMnQhxFAq1S0jG67FUKjQoiOqCKzqkHEDwQKj+Q4JQWpNBJINujNXWOBx6IWpFSZumEDiCIiMvwASOPKqMO9eVd0WtBhs7VaEASU9Ic3hAFxcDgiG2HhhCUMGR0n4HmKRVl\/mzZY4HqpBNIfXFUWScDuEAQmSHEFueVDgSwWMQzNIFsh6aDNXHfNm+gZOUoQ1JTZXOC9+AIcmGS9e7PBAGUJ2ILEcFYAwE2aBIhE0MXCRFIB7ADnGlydQwOuARquyE+jRIOS4\/xcBKCBXAQpo4IEAxnVgXAou6F+ADGoSCAA7\" alt=\"\" \/><\/td>\n<\/tr>\n<\/tbody>\n<\/table>","protected":false},"excerpt":{"rendered":"<p>Anzeigetyp Symbolh\u00f6he Beleuchtungsfarbe Anschlussplan Gr\u00f6\u00dfe 24\u00d733,9\u00d710,5 mm Hinweise<\/p>","protected":false},"featured_media":19374,"comment_status":"open","ping_status":"closed","template":"","meta":[],"product_brand":[],"product_cat":[804],"product_tag":[3051],"class_list":{"0":"post-19373","1":"product","2":"type-product","3":"status-publish","4":"has-post-thumbnail","6":"product_cat-indikatory","7":"product_tag-bs-ca1frd-r","10":"instock","11":"shipping-taxable","12":"purchasable","13":"product-type-simple"},"yoast_head":"<title>BS-CA1FRD R &#8211; \u0420\u0415\u0413\u041c\u0406\u041a, \u041d\u0412\u0424, \u041f\u041f<\/title>\n<meta name=\"description\" content=\"\u0422\u0438\u043f \u0434\u0438\u0441\u043f\u043b\u0435\u044f     \u0412\u044b\u0441\u043e\u0442\u0430 \u0441\u0438\u043c\u0432\u043e\u043b\u043e\u0432     \u0426\u0432\u0435\u0442 \u0441\u0432\u0435\u0447\u0435\u043d\u0438\u044f     \u0421\u0445\u0435\u043c\u0430 \u0432\u043a\u043b\u044e\u0447\u0435\u043d\u0438\u044f     \u0420\u0430\u0437\u043c\u0435\u0440 24\u00d733.9\u00d710.5\u00a0\u043c\u043c    \u041f\u0440\u0438\u043c\u0435\u0447\u0430\u043d\u0438\u044f\" \/>\n<meta name=\"robots\" content=\"index, follow, max-snippet:-1, max-image-preview:large, max-video-preview:-1\" \/>\n<link rel=\"canonical\" href=\"https:\/\/regmik.ua\/de\/product\/bs-ca1frd-r\/\" \/>\n<script type=\"application\/ld+json\" class=\"yoast-schema-graph\">{\"@context\":\"https:\\\/\\\/schema.org\",\"@graph\":[{\"@type\":\"WebPage\",\"@id\":\"https:\\\/\\\/regmik.ua\\\/product\\\/bs-ca1frd-r\\\/\",\"url\":\"https:\\\/\\\/regmik.ua\\\/product\\\/bs-ca1frd-r\\\/\",\"name\":\"BS-CA1FRD R &#8211; \u0420\u0415\u0413\u041c\u0406\u041a, \u041d\u0412\u0424, \u041f\u041f\",\"isPartOf\":{\"@id\":\"https:\\\/\\\/regmik.ua\\\/uk\\\/#website\"},\"primaryImageOfPage\":{\"@id\":\"https:\\\/\\\/regmik.ua\\\/product\\\/bs-ca1frd-r\\\/#primaryimage\"},\"image\":{\"@id\":\"https:\\\/\\\/regmik.ua\\\/product\\\/bs-ca1frd-r\\\/#primaryimage\"},\"thumbnailUrl\":\"https:\\\/\\\/regmik.ua\\\/wp-content\\\/uploads\\\/2019\\\/06\\\/Bez-nazvaniya-13.jpg\",\"datePublished\":\"2019-06-14T07:51:45+00:00\",\"dateModified\":\"2020-08-20T05:21:53+00:00\",\"description\":\"\u0422\u0438\u043f \u0434\u0438\u0441\u043f\u043b\u0435\u044f \u0412\u044b\u0441\u043e\u0442\u0430 \u0441\u0438\u043c\u0432\u043e\u043b\u043e\u0432 \u0426\u0432\u0435\u0442 \u0441\u0432\u0435\u0447\u0435\u043d\u0438\u044f \u0421\u0445\u0435\u043c\u0430 \u0432\u043a\u043b\u044e\u0447\u0435\u043d\u0438\u044f \u0420\u0430\u0437\u043c\u0435\u0440 24\u00d733.9\u00d710.5\u00a0\u043c\u043c \u041f\u0440\u0438\u043c\u0435\u0447\u0430\u043d\u0438\u044f\",\"breadcrumb\":{\"@id\":\"https:\\\/\\\/regmik.ua\\\/product\\\/bs-ca1frd-r\\\/#breadcrumb\"},\"inLanguage\":\"de\",\"potentialAction\":[{\"@type\":\"ReadAction\",\"target\":[\"https:\\\/\\\/regmik.ua\\\/product\\\/bs-ca1frd-r\\\/\"]}]},{\"@type\":\"ImageObject\",\"inLanguage\":\"de\",\"@id\":\"https:\\\/\\\/regmik.ua\\\/product\\\/bs-ca1frd-r\\\/#primaryimage\",\"url\":\"https:\\\/\\\/regmik.ua\\\/wp-content\\\/uploads\\\/2019\\\/06\\\/Bez-nazvaniya-13.jpg\",\"contentUrl\":\"https:\\\/\\\/regmik.ua\\\/wp-content\\\/uploads\\\/2019\\\/06\\\/Bez-nazvaniya-13.jpg\",\"width\":150,\"height\":150,\"caption\":\"BS-CA1FRD R\"},{\"@type\":\"BreadcrumbList\",\"@id\":\"https:\\\/\\\/regmik.ua\\\/product\\\/bs-ca1frd-r\\\/#breadcrumb\",\"itemListElement\":[{\"@type\":\"ListItem\",\"position\":1,\"name\":\"\u0413\u043b\u0430\u0432\u043d\u0430\u044f \u0441\u0442\u0440\u0430\u043d\u0438\u0446\u0430\",\"item\":\"https:\\\/\\\/regmik.ua\\\/\"},{\"@type\":\"ListItem\",\"position\":2,\"name\":\"\u041f\u0440\u043e\u0434\u0443\u043a\u0446\u0438\u044f\",\"item\":\"https:\\\/\\\/regmik.ua\\\/uk\\\/products\\\/\"},{\"@type\":\"ListItem\",\"position\":3,\"name\":\"BS-CA1FRD R\"}]},{\"@type\":\"WebSite\",\"@id\":\"https:\\\/\\\/regmik.ua\\\/uk\\\/#website\",\"url\":\"https:\\\/\\\/regmik.ua\\\/uk\\\/\",\"name\":\"REGMIK\",\"description\":\"\u0418\u0437\u043c\u0435\u0440\u0438\u0442\u0435\u043b\u044c\u043d\u044b\u0435 \u043f\u0440\u0438\u0431\u043e\u0440\u044b \u0438 \u0434\u0430\u0442\u0447\u0438\u043a\u0438 \u0442\u0435\u043c\u043f\u0435\u0440\u0430\u0442\u0443\u0440\u044b\",\"publisher\":{\"@id\":\"https:\\\/\\\/regmik.ua\\\/uk\\\/#organization\"},\"alternateName\":\"REGMIK\",\"potentialAction\":[{\"@type\":\"SearchAction\",\"target\":{\"@type\":\"EntryPoint\",\"urlTemplate\":\"https:\\\/\\\/regmik.ua\\\/uk\\\/?s={search_term_string}\"},\"query-input\":{\"@type\":\"PropertyValueSpecification\",\"valueRequired\":true,\"valueName\":\"search_term_string\"}}],\"inLanguage\":\"de\"},{\"@type\":\"Organization\",\"@id\":\"https:\\\/\\\/regmik.ua\\\/uk\\\/#organization\",\"name\":\"REGMIK\",\"alternateName\":\"\u0420\u0415\u0413\u041c\u0418\u041a\",\"url\":\"https:\\\/\\\/regmik.ua\\\/uk\\\/\",\"logo\":{\"@type\":\"ImageObject\",\"inLanguage\":\"de\",\"@id\":\"https:\\\/\\\/regmik.ua\\\/uk\\\/#\\\/schema\\\/logo\\\/image\\\/\",\"url\":\"https:\\\/\\\/regmik.ua\\\/wp-content\\\/uploads\\\/2020\\\/03\\\/regmik_logo.png\",\"contentUrl\":\"https:\\\/\\\/regmik.ua\\\/wp-content\\\/uploads\\\/2020\\\/03\\\/regmik_logo.png\",\"width\":194,\"height\":45,\"caption\":\"REGMIK\"},\"image\":{\"@id\":\"https:\\\/\\\/regmik.ua\\\/uk\\\/#\\\/schema\\\/logo\\\/image\\\/\"},\"sameAs\":[\"https:\\\/\\\/www.facebook.com\\\/regmik.npf\",\"https:\\\/\\\/x.com\\\/regmiknpf\",\"https:\\\/\\\/www.youtube.com\\\/channel\\\/UC_SrY98SKAmR3Kt95GcVKcw\"]}]}<\/script>","yoast_head_json":{"title":"BS-CA1FRD R \u2013 REGMIK, NVF, PP","description":"Anzeigetyp Zeichenh\u00f6he Helle Farbe Anschlussplan Gr\u00f6\u00dfe 24 \u00d7 33,9 \u00d7 10,5 mm Hinweise","robots":{"index":"index","follow":"follow","max-snippet":"max-snippet:-1","max-image-preview":"max-image-preview:large","max-video-preview":"max-video-preview:-1"},"canonical":"https:\/\/regmik.ua\/de\/product\/bs-ca1frd-r\/","schema":{"@context":"https:\/\/schema.org","@graph":[{"@type":"WebPage","@id":"https:\/\/regmik.ua\/product\/bs-ca1frd-r\/","url":"https:\/\/regmik.ua\/product\/bs-ca1frd-r\/","name":"BS-CA1FRD R \u2013 REGMIK, NVF, PP","isPartOf":{"@id":"https:\/\/regmik.ua\/uk\/#website"},"primaryImageOfPage":{"@id":"https:\/\/regmik.ua\/product\/bs-ca1frd-r\/#primaryimage"},"image":{"@id":"https:\/\/regmik.ua\/product\/bs-ca1frd-r\/#primaryimage"},"thumbnailUrl":"https:\/\/regmik.ua\/wp-content\/uploads\/2019\/06\/Bez-nazvaniya-13.jpg","datePublished":"2019-06-14T07:51:45+00:00","dateModified":"2020-08-20T05:21:53+00:00","description":"Anzeigetyp Symbolh\u00f6he Beleuchtungsfarbe Anschlussplan Gr\u00f6\u00dfe 24\u00d733,9\u00d710,5 mm Hinweise","breadcrumb":{"@id":"https:\/\/regmik.ua\/product\/bs-ca1frd-r\/#breadcrumb"},"inLanguage":"de","potentialAction":[{"@type":"ReadAction","target":["https:\/\/regmik.ua\/product\/bs-ca1frd-r\/"]}]},{"@type":"ImageObject","inLanguage":"de","@id":"https:\/\/regmik.ua\/product\/bs-ca1frd-r\/#primaryimage","url":"https:\/\/regmik.ua\/wp-content\/uploads\/2019\/06\/Bez-nazvaniya-13.jpg","contentUrl":"https:\/\/regmik.ua\/wp-content\/uploads\/2019\/06\/Bez-nazvaniya-13.jpg","width":150,"height":150,"caption":"BS-CA1FRD R"},{"@type":"BreadcrumbList","@id":"https:\/\/regmik.ua\/product\/bs-ca1frd-r\/#breadcrumb","itemListElement":[{"@type":"ListItem","position":1,"name":"\u0413\u043b\u0430\u0432\u043d\u0430\u044f \u0441\u0442\u0440\u0430\u043d\u0438\u0446\u0430","item":"https:\/\/regmik.ua\/"},{"@type":"ListItem","position":2,"name":"\u041f\u0440\u043e\u0434\u0443\u043a\u0446\u0438\u044f","item":"https:\/\/regmik.ua\/uk\/products\/"},{"@type":"ListItem","position":3,"name":"BS-CA1FRD R"}]},{"@type":"WebSite","@id":"https:\/\/regmik.ua\/uk\/#website","url":"https:\/\/regmik.ua\/uk\/","name":"REGMIK","description":"Messger\u00e4te und Temperatursensoren","publisher":{"@id":"https:\/\/regmik.ua\/uk\/#organization"},"alternateName":"REGMIK","potentialAction":[{"@type":"SearchAction","target":{"@type":"EntryPoint","urlTemplate":"https:\/\/regmik.ua\/uk\/?s={search_term_string}"},"query-input":{"@type":"PropertyValueSpecification","valueRequired":true,"valueName":"search_term_string"}}],"inLanguage":"de"},{"@type":"Organization","@id":"https:\/\/regmik.ua\/uk\/#organization","name":"REGMIK","alternateName":"\u0420\u0415\u0413\u041c\u0418\u041a","url":"https:\/\/regmik.ua\/uk\/","logo":{"@type":"ImageObject","inLanguage":"de","@id":"https:\/\/regmik.ua\/uk\/#\/schema\/logo\/image\/","url":"https:\/\/regmik.ua\/wp-content\/uploads\/2020\/03\/regmik_logo.png","contentUrl":"https:\/\/regmik.ua\/wp-content\/uploads\/2020\/03\/regmik_logo.png","width":194,"height":45,"caption":"REGMIK"},"image":{"@id":"https:\/\/regmik.ua\/uk\/#\/schema\/logo\/image\/"},"sameAs":["https:\/\/www.facebook.com\/regmik.npf","https:\/\/x.com\/regmiknpf","https:\/\/www.youtube.com\/channel\/UC_SrY98SKAmR3Kt95GcVKcw"]}]}},"_links":{"self":[{"href":"https:\/\/regmik.ua\/de\/wp-json\/wp\/v2\/product\/19373","targetHints":{"allow":["GET"]}}],"collection":[{"href":"https:\/\/regmik.ua\/de\/wp-json\/wp\/v2\/product"}],"about":[{"href":"https:\/\/regmik.ua\/de\/wp-json\/wp\/v2\/types\/product"}],"replies":[{"embeddable":true,"href":"https:\/\/regmik.ua\/de\/wp-json\/wp\/v2\/comments?post=19373"}],"version-history":[{"count":0,"href":"https:\/\/regmik.ua\/de\/wp-json\/wp\/v2\/product\/19373\/revisions"}],"wp:featuredmedia":[{"embeddable":true,"href":"https:\/\/regmik.ua\/de\/wp-json\/wp\/v2\/media\/19374"}],"wp:attachment":[{"href":"https:\/\/regmik.ua\/de\/wp-json\/wp\/v2\/media?parent=19373"}],"wp:term":[{"taxonomy":"product_brand","embeddable":true,"href":"https:\/\/regmik.ua\/de\/wp-json\/wp\/v2\/product_brand?post=19373"},{"taxonomy":"product_cat","embeddable":true,"href":"https:\/\/regmik.ua\/de\/wp-json\/wp\/v2\/product_cat?post=19373"},{"taxonomy":"product_tag","embeddable":true,"href":"https:\/\/regmik.ua\/de\/wp-json\/wp\/v2\/product_tag?post=19373"}],"curies":[{"name":"wp","href":"https:\/\/api.w.org\/{rel}","templated":true}]}}