{"id":19103,"date":"2019-06-06T14:28:44","date_gmt":"2019-06-06T12:28:44","guid":{"rendered":"https:\/\/regmik.com.ua\/?post_type=product&#038;p=19103"},"modified":"2020-08-20T07:23:50","modified_gmt":"2020-08-20T05:23:50","slug":"uln2003adr","status":"publish","type":"product","link":"https:\/\/regmik.ua\/de\/product\/uln2003adr\/","title":{"rendered":"ULN2003ADR"},"content":{"rendered":"<div class=\"x-title\">Beschreibung<\/div>\n<div class=\"x-user-content\">\n<div id=\"ZFB3FE86A-E6DA-4F76-BA7E-0C375FB28E52\" data-extend=\"FlexibleTable\" data-qaid=\"product_description\">Mikroschaltungen der ULx200xA-Serie sind Hochspannungs- und Hochstrombaugruppen, die leistungsstarke zusammengesetzte Transistorpaare verwenden, die gem\u00e4\u00df der Darlington-Schaltung verbunden sind. Jede Mikroschaltung enth\u00e4lt sieben Doppel-Darlington-NPN-Transistoren mit gemeinsamen zus\u00e4tzlichen Schutzdioden (ihre Kathoden sind miteinander kombiniert und mit einem separaten externen Anschluss der Baugruppe verbunden) und ist haupts\u00e4chlich f\u00fcr Schaltungsl\u00f6sungen mit schaltenden induktiven Lasten vorgesehen. Der Kollektorstrom jedes Darlington-Paares ist auf 500 mA begrenzt, und die Paare k\u00f6nnen zus\u00e4tzlich parallel geschaltet werden, um den Ausgangsstrom weiter zu erh\u00f6hen. Hauptanwendungen: Relaissteuerung, Schritt- \/ b\u00fcrstenlose Motortreiber, Hintergrundbeleuchtungstreiber (sowohl auf Gasentladung als auch auf LED-Basis), Leitungs- \/ Puffertreiber. Die maximale Betriebsspannung der Baugruppe betr\u00e4gt 50 Volt. F\u00fcr kompatible Ger\u00e4te und Ger\u00e4te mit h\u00f6herer Spannung (100 Volt) siehe Serien SN75468 und SN75469. Die ULN2002A-Baugruppe ist f\u00fcr die Schnittstelle mit PMOS-Logik mit einer Versorgungsspannung von 14 bis 25 Volt optimiert: Jeder Eingang enth\u00e4lt eine zus\u00e4tzliche Zenerdiode und einen Eingangsstrombegrenzungswiderstand. Die ULx2003A-Serie verf\u00fcgt \u00fcber zus\u00e4tzliche 2,7 k\u03a9-Zusatzwiderst\u00e4nde im Darlington-Basistransistorpaar zur direkten Steuerung \u00fcber eine TTL- oder CMOS-Logik mit 5 Volt. Die ULx2004A-Serie verf\u00fcgt \u00fcber 10,5-k\u03a9-Widerst\u00e4nde f\u00fcr die CMOS-Steuerung mit einer 6 bis 15-Volt-Versorgung. Der Eingangsstrom von ULx2004A-Baugruppen ist niedriger als der der ULx2003A-Serie, und die Eingangsspannung ist niedriger als der der ULN2002A-Serie.<\/div>\n<\/div>","protected":false},"excerpt":{"rendered":"<p>\u041e\u043f\u0438\u0441\u0430\u043d\u0438\u0435 \u041c\u0438\u043a\u0440\u043e\u0441\u0445\u0435\u043c\u044b \u0441\u0435\u0440\u0438\u0438 ULx200xA \u043e\u0442\u043d\u043e\u0441\u044f\u0442\u0441\u044f \u043a \u0432\u044b\u0441\u043e\u043a\u043e\u0432\u043e\u043b\u044c\u0442\u043d\u044b\u043c \u0438 \u0441\u0438\u043b\u044c\u043d\u043e\u0442\u043e\u0447\u043d\u044b\u043c \u0441\u0431\u043e\u0440\u043a\u0430\u043c \u0441 \u0438\u0441\u043f\u043e\u043b\u044c\u0437\u043e\u0432\u0430\u043d\u0438\u0435\u043c \u043c\u043e\u0449\u043d\u044b\u0445 \u0441\u043e\u0441\u0442\u0430\u0432\u043d\u044b\u0445 \u043f\u0430\u0440 \u0442\u0440\u0430\u043d\u0437\u0438\u0441\u0442\u043e\u0440\u043e\u0432, \u043f\u043e\u0434\u043a\u043b\u044e\u0447\u0451\u043d\u043d\u044b\u0445 \u043f\u043e \u0441\u0445\u0435\u043c\u0435 \u0414\u0430\u0440\u043b\u0438\u043d\u0433\u0442\u043e\u043d\u0430. \u041a\u0430\u0436\u0434\u0430\u044f \u043c\u0438\u043a\u0440\u043e\u0441\u0445\u0435\u043c\u0430 \u0438\u043c\u0435\u0435\u0442 \u0432 \u0441\u0432\u043e\u0451\u043c \u0441\u043e\u0441\u0442\u0430\u0432\u0435 \u0441\u0435\u043c\u044c \u0441\u0434\u0432\u043e\u0435\u043d\u043d\u044b\u0445 \u043f\u043e \u0441\u0445\u0435\u043c\u0435 \u0414\u0430\u0440\u043b\u0438\u043d\u0433\u0442\u043e\u043d\u0430 NPN-\u0442\u0440\u0430\u043d\u0437\u0438\u0441\u0442\u043e\u0440\u043e\u0432 \u0441 \u043e\u0431\u0449\u0438\u043c\u0438 \u0434\u043e\u043f\u043e\u043b\u043d\u0438\u0442\u0435\u043b\u044c\u043d\u044b\u043c\u0438 \u0437\u0430\u0449\u0438\u0442\u043d\u044b\u043c\u0438 \u0434\u0438\u043e\u0434\u0430\u043c\u0438 (\u0438\u0445 \u043a\u0430\u0442\u043e\u0434\u044b \u043e\u0431\u044a\u0435\u0434\u0438\u043d\u0435\u043d\u044b \u0432\u043c\u0435\u0441\u0442\u0435 \u0438 \u043f\u043e\u0434\u043a\u043b\u044e\u0447\u0435\u043d\u044b \u043a \u043e\u0442\u0434\u0435\u043b\u044c\u043d\u043e\u043c\u0443 \u0432\u043d\u0435\u0448\u043d\u0435\u043c\u0443 \u0432\u044b\u0432\u043e\u0434\u0443 \u0441\u0431\u043e\u0440\u043a\u0438) \u0438 \u043f\u0440\u0435\u0434\u043d\u0430\u0437\u043d\u0430\u0447\u0435\u043d\u0430 \u043f\u0440\u0435\u0436\u0434\u0435 \u0432\u0441\u0435\u0433\u043e \u0434\u043b\u044f \u0441\u0445\u0435\u043c\u043d\u044b\u0445 \u0440\u0435\u0448\u0435\u043d\u0438\u0439 &hellip; <a href=\"https:\/\/regmik.ua\/de\/product\/uln2003adr\/\" class=\"more-link\">Weiterlesen <span class=\"screen-reader-text\">ULN2003ADR<\/span><\/a><\/p>","protected":false},"featured_media":19348,"comment_status":"open","ping_status":"closed","template":"","meta":[],"product_brand":[],"product_cat":[779],"product_tag":[3151],"class_list":{"0":"post-19103","1":"product","2":"type-product","3":"status-publish","4":"has-post-thumbnail","6":"product_cat-chip","7":"product_tag-uln2003adr","10":"instock","11":"shipping-taxable","12":"purchasable","13":"product-type-simple"},"yoast_head":"<title>ULN2003ADR &#8211; \u0420\u0415\u0413\u041c\u0406\u041a, \u041d\u0412\u0424, \u041f\u041f<\/title>\n<meta name=\"description\" content=\"\u041e\u043f\u0438\u0441\u0430\u043d\u0438\u0435 \u041c\u0438\u043a\u0440\u043e\u0441\u0445\u0435\u043c\u044b \u0441\u0435\u0440\u0438\u0438 ULx200xA \u043e\u0442\u043d\u043e\u0441\u044f\u0442\u0441\u044f \u043a \u0432\u044b\u0441\u043e\u043a\u043e\u0432\u043e\u043b\u044c\u0442\u043d\u044b\u043c \u0438 \u0441\u0438\u043b\u044c\u043d\u043e\u0442\u043e\u0447\u043d\u044b\u043c \u0441\u0431\u043e\u0440\u043a\u0430\u043c \u0441 \u0438\u0441\u043f\u043e\u043b\u044c\u0437\u043e\u0432\u0430\u043d\u0438\u0435\u043c \u043c\u043e\u0449\u043d\u044b\u0445 \u0441\u043e\u0441\u0442\u0430\u0432\u043d\u044b\u0445 \u043f\u0430\u0440 \u0442\u0440\u0430\u043d\u0437\u0438\u0441\u0442\u043e\u0440\u043e\u0432, \u043f\u043e\u0434\u043a\u043b\u044e\u0447\u0451\u043d\u043d\u044b\u0445 \u043f\u043e\" \/>\n<meta name=\"robots\" content=\"index, follow, max-snippet:-1, max-image-preview:large, max-video-preview:-1\" \/>\n<link rel=\"canonical\" href=\"https:\/\/regmik.ua\/de\/product\/uln2003adr\/\" \/>\n<script type=\"application\/ld+json\" class=\"yoast-schema-graph\">{\"@context\":\"https:\\\/\\\/schema.org\",\"@graph\":[{\"@type\":\"WebPage\",\"@id\":\"https:\\\/\\\/regmik.ua\\\/product\\\/uln2003adr\\\/\",\"url\":\"https:\\\/\\\/regmik.ua\\\/product\\\/uln2003adr\\\/\",\"name\":\"ULN2003ADR &#8211; \u0420\u0415\u0413\u041c\u0406\u041a, \u041d\u0412\u0424, \u041f\u041f\",\"isPartOf\":{\"@id\":\"https:\\\/\\\/regmik.ua\\\/uk\\\/#website\"},\"primaryImageOfPage\":{\"@id\":\"https:\\\/\\\/regmik.ua\\\/product\\\/uln2003adr\\\/#primaryimage\"},\"image\":{\"@id\":\"https:\\\/\\\/regmik.ua\\\/product\\\/uln2003adr\\\/#primaryimage\"},\"thumbnailUrl\":\"https:\\\/\\\/regmik.ua\\\/wp-content\\\/uploads\\\/2019\\\/06\\\/Bez-nazvaniya-5-1.jpg\",\"datePublished\":\"2019-06-06T12:28:44+00:00\",\"dateModified\":\"2020-08-20T05:23:50+00:00\",\"description\":\"\u041e\u043f\u0438\u0441\u0430\u043d\u0438\u0435 \u041c\u0438\u043a\u0440\u043e\u0441\u0445\u0435\u043c\u044b \u0441\u0435\u0440\u0438\u0438 ULx200xA \u043e\u0442\u043d\u043e\u0441\u044f\u0442\u0441\u044f \u043a \u0432\u044b\u0441\u043e\u043a\u043e\u0432\u043e\u043b\u044c\u0442\u043d\u044b\u043c \u0438 \u0441\u0438\u043b\u044c\u043d\u043e\u0442\u043e\u0447\u043d\u044b\u043c \u0441\u0431\u043e\u0440\u043a\u0430\u043c \u0441 \u0438\u0441\u043f\u043e\u043b\u044c\u0437\u043e\u0432\u0430\u043d\u0438\u0435\u043c \u043c\u043e\u0449\u043d\u044b\u0445 \u0441\u043e\u0441\u0442\u0430\u0432\u043d\u044b\u0445 \u043f\u0430\u0440 \u0442\u0440\u0430\u043d\u0437\u0438\u0441\u0442\u043e\u0440\u043e\u0432, \u043f\u043e\u0434\u043a\u043b\u044e\u0447\u0451\u043d\u043d\u044b\u0445 \u043f\u043e\",\"breadcrumb\":{\"@id\":\"https:\\\/\\\/regmik.ua\\\/product\\\/uln2003adr\\\/#breadcrumb\"},\"inLanguage\":\"de\",\"potentialAction\":[{\"@type\":\"ReadAction\",\"target\":[\"https:\\\/\\\/regmik.ua\\\/product\\\/uln2003adr\\\/\"]}]},{\"@type\":\"ImageObject\",\"inLanguage\":\"de\",\"@id\":\"https:\\\/\\\/regmik.ua\\\/product\\\/uln2003adr\\\/#primaryimage\",\"url\":\"https:\\\/\\\/regmik.ua\\\/wp-content\\\/uploads\\\/2019\\\/06\\\/Bez-nazvaniya-5-1.jpg\",\"contentUrl\":\"https:\\\/\\\/regmik.ua\\\/wp-content\\\/uploads\\\/2019\\\/06\\\/Bez-nazvaniya-5-1.jpg\",\"width\":240,\"height\":210,\"caption\":\"ULN2003ADR\"},{\"@type\":\"BreadcrumbList\",\"@id\":\"https:\\\/\\\/regmik.ua\\\/product\\\/uln2003adr\\\/#breadcrumb\",\"itemListElement\":[{\"@type\":\"ListItem\",\"position\":1,\"name\":\"\u0413\u043b\u0430\u0432\u043d\u0430\u044f \u0441\u0442\u0440\u0430\u043d\u0438\u0446\u0430\",\"item\":\"https:\\\/\\\/regmik.ua\\\/\"},{\"@type\":\"ListItem\",\"position\":2,\"name\":\"\u041f\u0440\u043e\u0434\u0443\u043a\u0446\u0438\u044f\",\"item\":\"https:\\\/\\\/regmik.ua\\\/uk\\\/products\\\/\"},{\"@type\":\"ListItem\",\"position\":3,\"name\":\"ULN2003ADR\"}]},{\"@type\":\"WebSite\",\"@id\":\"https:\\\/\\\/regmik.ua\\\/uk\\\/#website\",\"url\":\"https:\\\/\\\/regmik.ua\\\/uk\\\/\",\"name\":\"REGMIK\",\"description\":\"\u0418\u0437\u043c\u0435\u0440\u0438\u0442\u0435\u043b\u044c\u043d\u044b\u0435 \u043f\u0440\u0438\u0431\u043e\u0440\u044b \u0438 \u0434\u0430\u0442\u0447\u0438\u043a\u0438 \u0442\u0435\u043c\u043f\u0435\u0440\u0430\u0442\u0443\u0440\u044b\",\"publisher\":{\"@id\":\"https:\\\/\\\/regmik.ua\\\/uk\\\/#organization\"},\"alternateName\":\"REGMIK\",\"potentialAction\":[{\"@type\":\"SearchAction\",\"target\":{\"@type\":\"EntryPoint\",\"urlTemplate\":\"https:\\\/\\\/regmik.ua\\\/uk\\\/?s={search_term_string}\"},\"query-input\":{\"@type\":\"PropertyValueSpecification\",\"valueRequired\":true,\"valueName\":\"search_term_string\"}}],\"inLanguage\":\"de\"},{\"@type\":\"Organization\",\"@id\":\"https:\\\/\\\/regmik.ua\\\/uk\\\/#organization\",\"name\":\"REGMIK\",\"alternateName\":\"\u0420\u0415\u0413\u041c\u0418\u041a\",\"url\":\"https:\\\/\\\/regmik.ua\\\/uk\\\/\",\"logo\":{\"@type\":\"ImageObject\",\"inLanguage\":\"de\",\"@id\":\"https:\\\/\\\/regmik.ua\\\/uk\\\/#\\\/schema\\\/logo\\\/image\\\/\",\"url\":\"https:\\\/\\\/regmik.ua\\\/wp-content\\\/uploads\\\/2020\\\/03\\\/regmik_logo.png\",\"contentUrl\":\"https:\\\/\\\/regmik.ua\\\/wp-content\\\/uploads\\\/2020\\\/03\\\/regmik_logo.png\",\"width\":194,\"height\":45,\"caption\":\"REGMIK\"},\"image\":{\"@id\":\"https:\\\/\\\/regmik.ua\\\/uk\\\/#\\\/schema\\\/logo\\\/image\\\/\"},\"sameAs\":[\"https:\\\/\\\/www.facebook.com\\\/regmik.npf\",\"https:\\\/\\\/x.com\\\/regmiknpf\",\"https:\\\/\\\/www.youtube.com\\\/channel\\\/UC_SrY98SKAmR3Kt95GcVKcw\"]}]}<\/script>","yoast_head_json":{"title":"ULN2003ADR \u2013 REGMIK, NVF, PP","description":"Beschreibung Mikroschaltungen der ULx200xA-Serie beziehen sich auf Hochspannungs- und Hochstrombaugruppen, bei denen leistungsstarke zusammengesetzte Transistorpaare verwendet werden, die durch verbunden sind","robots":{"index":"index","follow":"follow","max-snippet":"max-snippet:-1","max-image-preview":"max-image-preview:large","max-video-preview":"max-video-preview:-1"},"canonical":"https:\/\/regmik.ua\/de\/product\/uln2003adr\/","schema":{"@context":"https:\/\/schema.org","@graph":[{"@type":"WebPage","@id":"https:\/\/regmik.ua\/product\/uln2003adr\/","url":"https:\/\/regmik.ua\/product\/uln2003adr\/","name":"ULN2003ADR \u2013 REGMIK, NVF, PP","isPartOf":{"@id":"https:\/\/regmik.ua\/uk\/#website"},"primaryImageOfPage":{"@id":"https:\/\/regmik.ua\/product\/uln2003adr\/#primaryimage"},"image":{"@id":"https:\/\/regmik.ua\/product\/uln2003adr\/#primaryimage"},"thumbnailUrl":"https:\/\/regmik.ua\/wp-content\/uploads\/2019\/06\/Bez-nazvaniya-5-1.jpg","datePublished":"2019-06-06T12:28:44+00:00","dateModified":"2020-08-20T05:23:50+00:00","description":"Beschreibung Mikroschaltungen der ULx200xA-Serie beziehen sich auf Hochspannungs- und Hochstrombaugruppen, bei denen leistungsstarke zusammengesetzte Transistorpaare verwendet werden, die durch verbunden sind","breadcrumb":{"@id":"https:\/\/regmik.ua\/product\/uln2003adr\/#breadcrumb"},"inLanguage":"de","potentialAction":[{"@type":"ReadAction","target":["https:\/\/regmik.ua\/product\/uln2003adr\/"]}]},{"@type":"ImageObject","inLanguage":"de","@id":"https:\/\/regmik.ua\/product\/uln2003adr\/#primaryimage","url":"https:\/\/regmik.ua\/wp-content\/uploads\/2019\/06\/Bez-nazvaniya-5-1.jpg","contentUrl":"https:\/\/regmik.ua\/wp-content\/uploads\/2019\/06\/Bez-nazvaniya-5-1.jpg","width":240,"height":210,"caption":"ULN2003ADR"},{"@type":"BreadcrumbList","@id":"https:\/\/regmik.ua\/product\/uln2003adr\/#breadcrumb","itemListElement":[{"@type":"ListItem","position":1,"name":"\u0413\u043b\u0430\u0432\u043d\u0430\u044f \u0441\u0442\u0440\u0430\u043d\u0438\u0446\u0430","item":"https:\/\/regmik.ua\/"},{"@type":"ListItem","position":2,"name":"\u041f\u0440\u043e\u0434\u0443\u043a\u0446\u0438\u044f","item":"https:\/\/regmik.ua\/uk\/products\/"},{"@type":"ListItem","position":3,"name":"ULN2003ADR"}]},{"@type":"WebSite","@id":"https:\/\/regmik.ua\/uk\/#website","url":"https:\/\/regmik.ua\/uk\/","name":"REGMIK","description":"Messger\u00e4te und Temperatursensoren","publisher":{"@id":"https:\/\/regmik.ua\/uk\/#organization"},"alternateName":"REGMIK","potentialAction":[{"@type":"SearchAction","target":{"@type":"EntryPoint","urlTemplate":"https:\/\/regmik.ua\/uk\/?s={search_term_string}"},"query-input":{"@type":"PropertyValueSpecification","valueRequired":true,"valueName":"search_term_string"}}],"inLanguage":"de"},{"@type":"Organization","@id":"https:\/\/regmik.ua\/uk\/#organization","name":"REGMIK","alternateName":"\u0420\u0415\u0413\u041c\u0418\u041a","url":"https:\/\/regmik.ua\/uk\/","logo":{"@type":"ImageObject","inLanguage":"de","@id":"https:\/\/regmik.ua\/uk\/#\/schema\/logo\/image\/","url":"https:\/\/regmik.ua\/wp-content\/uploads\/2020\/03\/regmik_logo.png","contentUrl":"https:\/\/regmik.ua\/wp-content\/uploads\/2020\/03\/regmik_logo.png","width":194,"height":45,"caption":"REGMIK"},"image":{"@id":"https:\/\/regmik.ua\/uk\/#\/schema\/logo\/image\/"},"sameAs":["https:\/\/www.facebook.com\/regmik.npf","https:\/\/x.com\/regmiknpf","https:\/\/www.youtube.com\/channel\/UC_SrY98SKAmR3Kt95GcVKcw"]}]}},"_links":{"self":[{"href":"https:\/\/regmik.ua\/de\/wp-json\/wp\/v2\/product\/19103","targetHints":{"allow":["GET"]}}],"collection":[{"href":"https:\/\/regmik.ua\/de\/wp-json\/wp\/v2\/product"}],"about":[{"href":"https:\/\/regmik.ua\/de\/wp-json\/wp\/v2\/types\/product"}],"replies":[{"embeddable":true,"href":"https:\/\/regmik.ua\/de\/wp-json\/wp\/v2\/comments?post=19103"}],"version-history":[{"count":0,"href":"https:\/\/regmik.ua\/de\/wp-json\/wp\/v2\/product\/19103\/revisions"}],"wp:featuredmedia":[{"embeddable":true,"href":"https:\/\/regmik.ua\/de\/wp-json\/wp\/v2\/media\/19348"}],"wp:attachment":[{"href":"https:\/\/regmik.ua\/de\/wp-json\/wp\/v2\/media?parent=19103"}],"wp:term":[{"taxonomy":"product_brand","embeddable":true,"href":"https:\/\/regmik.ua\/de\/wp-json\/wp\/v2\/product_brand?post=19103"},{"taxonomy":"product_cat","embeddable":true,"href":"https:\/\/regmik.ua\/de\/wp-json\/wp\/v2\/product_cat?post=19103"},{"taxonomy":"product_tag","embeddable":true,"href":"https:\/\/regmik.ua\/de\/wp-json\/wp\/v2\/product_tag?post=19103"}],"curies":[{"name":"wp","href":"https:\/\/api.w.org\/{rel}","templated":true}]}}