{"id":18937,"date":"2019-01-28T16:15:00","date_gmt":"2019-01-28T14:15:00","guid":{"rendered":"https:\/\/regmik.com.ua\/?post_type=product&#038;p=18937"},"modified":"2024-03-07T08:04:00","modified_gmt":"2024-03-07T06:04:00","slug":"vysokotemperaturnyj-keramicheskij-datchik-tha-br-small-modifikatsiya-021","status":"publish","type":"product","link":"https:\/\/regmik.ua\/de\/product\/vysokotemperaturnyj-keramicheskij-datchik-tha-br-small-modifikatsiya-021\/","title":{"rendered":"Hochtemperatur-Keramiksensor \u0422\u0425\u0410-021, \u0422\u0425\u041a-021, \u0422\u0416\u041a-021"},"content":{"rendered":"<p>Hochtemperatur-Keramiksensor <strong>THA-021, THK-021, TJK-021<\/strong> sind f\u00fcr die Messung von Temperaturen bis zu 1200 \u00b0 C ausgelegt.<\/p>\n<p>Die Sensoren erm\u00f6glichen die Messung der Temperatur gasf\u00f6rmiger und chemisch nicht aggressiver Medien auf dem Material von Schutzarmaturen.<\/p>\n<p>Die Temperatur ist der am h\u00e4ufigsten gemessene Parameter, und \u00dcberhitzung ist einer der negativsten Faktoren beim Betrieb von Ger\u00e4ten. Daher gibt es eine Vielzahl von M\u00f6glichkeiten und Orten f\u00fcr die Verwendung von Temperatursensoren.<\/p>\n<h3>Wie das Thermoelement funktioniert<\/h3>\n<p>Das Funktionsprinzip des Thermoelements basiert auf der Thermoelektrik<a href=\"http:\/\/u.wikipedia.org\/wiki\/\u042d\u0444\u0444\u0435\u043a\u0442_\u0417\u0435\u0435\u0431\u0435\u043a\u0430#:~:text=\u042d\u0444\u0444\u0435\u043a\u0442%20\u0417\u0435\u0435\u0431\u0435\u043a\u0430%20\u2014%20\u044f\u0432\u043b\u0435\u043d\u0438\u0435%20\u0432\u043e\u0437\u043d\u0438\u043a\u043d\u043e\u0432\u0435\u043d\u0438\u044f%20\u042d\u0414\u0421,\u0438\u043d\u043e\u0433\u0434\u0430%20\u043d\u0430\u0437\u044b\u0432\u0430\u044e\u0442%20\u043f\u0440\u043e\u0441\u0442\u043e%20\u0442\u0435\u0440\u043c\u043e\u044d\u043b\u0435\u043a\u0442\u0440\u0438\u0447\u0435\u0441\u043a\u0438\u043c%20\u044d\u0444\u0444\u0435\u043a\u0442\u043e\u043c.\"> Seebeck-Effekt<\/a>... Das Thermoelement hat zwei gel\u00f6tete Enden, ein Ende befindet sich in der Messumgebung und wird als Arbeits- oder Hei\u00dfverbindung bezeichnet, und das andere Ende ist an der Verbindungsstelle zum Ger\u00e4teeingang eine Kaltverbindung. Verfahren zur Herstellung eines hei\u00dfen \u00dcbergangs sind in Abbildung 1 dargestellt. Wenn im Stromkreis ein Temperaturunterschied zwischen dem hei\u00dfen und dem kalten \u00dcbergang auftritt, tritt eine Thermo-EMK auf, deren Wert dem Eingang zugef\u00fchrt wird.<\/p>\n<p><a href=\"https:\/\/regmik.ua\/wp-content\/uploads\/2017\/02\/sposoby-izgotovleniya-goryachego-spaya.jpg\"><img decoding=\"async\" class=\"alignnone size-medium wp-image-26208\" src=\"https:\/\/regmik.ua\/wp-content\/uploads\/2017\/02\/sposoby-izgotovleniya-goryachego-spaya-280x144.jpg\" alt=\"\" width=\"280\" height=\"144\" \/><\/a><\/p>\n<p>Bild 1 -\u00a0<strong>Herstellungsverfahren f\u00fcr hei\u00dfe Verbindungen<\/strong><\/p>\n<p>Die Arbeitsstelle von Hochtemperatursensoren ist in Schutzarmaturen untergebracht. Thermoelementverbindungen werden in verschiedenen Konfigurationen hergestellt. Verbindungen k\u00f6nnen geerdet oder nicht geerdet sein, und Thermoelemente mit zwei Elementen k\u00f6nnen isoliert oder nicht isoliert sein. Hot-Junction-Konfigurationen sind in Abbildung 2 dargestellt.<\/p>\n<p><a href=\"https:\/\/regmik.ua\/wp-content\/uploads\/2017\/02\/konfiguracii-goryachih-spaev.jpg\"><img fetchpriority=\"high\" decoding=\"async\" class=\"alignnone size-medium wp-image-26209\" src=\"https:\/\/regmik.ua\/wp-content\/uploads\/2017\/02\/konfiguracii-goryachih-spaev-280x233.jpg\" alt=\"\" width=\"280\" height=\"233\" \/><\/a><\/p>\n<p>Figur 2 -\u00a0<strong>Hot Junction-Konfigurationen<\/strong><\/p>\n<p>Eine geerdete Thermoelementverbindung wird gebildet, wenn eine Thermoelementverbindung mit dem Sensormantel verbunden ist. Geerdete \u00dcberg\u00e4nge weisen eine bessere W\u00e4rmeleitf\u00e4higkeit auf, was wiederum die Reaktionszeiten verbessert. Durch die Erdung werden Thermoelementschaltungen jedoch auch anf\u00e4lliger f\u00fcr elektrisches Rauschen, wodurch das Spannungssignal des Thermoelements verzerrt werden kann, wenn der Tester keine Isolierung bietet. Alle hochwertigen Sender und E \/ A-Karten sind standardm\u00e4\u00dfig elektrisch isoliert. Die geerdete Verbindung ist im Laufe der Zeit auch anf\u00e4lliger f\u00fcr chemische Verunreinigungen.<\/p>\n<p>Thermoelektrische Wandler mit offener Verbindungsstelle haben eine hei\u00dfe Verbindungsstelle, die aus dem abgedichteten Ende des Mantels herausragt und hohe Reaktionszeiten bietet. Durch das Versiegeln wird verhindert, dass Feuchtigkeit oder andere Verunreinigungen in die Schale gelangen. Typischerweise werden diese Thermoelemente nur in nicht korrosiven Gasen wie Luftkan\u00e4len verwendet.<\/p>\n<p>Ungeerdete Verbindungen werden erhalten, wenn Thermoelementelemente nicht mit dem Mantel des Prim\u00e4rwandlers verbunden sind, sondern von Isolierpulver umgeben sind.<\/p>\n<h3>Merkmale des Hochtemperatur-Keramiksensors \u0422\u0425\u0410-021, \u0422\u0425\u041a-021, \u0422\u0416\u041a-021:<\/h3>\n<ul>\n<li>Es verf\u00fcgt \u00fcber einen Anschlusskopf, mit dem Sie das Kabel bequem an den Sensor anschlie\u00dfen und die Verbindung sch\u00fctzen k\u00f6nnen.<\/li>\n<li>Kurzzeitbetrieb des Sensors ist bei 1200 \u00b0 C m\u00f6glich.<\/li>\n<li>Das Modell hat \u00fcber seine gesamte L\u00e4nge keine hohe Temperatur, daher sollte sich nur das Keramikteil in der hei\u00dfen Zone befinden.<\/li>\n<li>W\u00e4hrend der Installation und des Betriebs m\u00fcssen St\u00f6\u00dfe des W\u00e4rmekonverters vermieden werden, da ein Teil der Schutzbeschl\u00e4ge aus Keramik besteht.<\/li>\n<li>Nicht anwendbar zur Messung der Temperatur von Fl\u00fcssigkeiten sowie in aggressiven Gasen - Verdampfung von S\u00e4uren, Laugen.<\/li>\n<\/ul>","protected":false},"excerpt":{"rendered":"<p>Hochtemperatursensoren der Modifikation \u0422\u0425\u0410-021 werden verwendet, um die Temperatur von Objekten auf bis zu 1200 \u00b0 C zu \u00e4ndern.<\/p>","protected":false},"featured_media":18942,"comment_status":"open","ping_status":"closed","template":"","meta":[],"product_brand":[],"product_cat":[681,38],"product_tag":[685,686,675],"class_list":{"0":"post-18937","1":"product","2":"type-product","3":"status-publish","4":"has-post-thumbnail","6":"product_cat-high-temperature-sensors","7":"product_cat-sensors","8":"product_tag-vysokotemperaturnyj-dachik-temperatury","9":"product_tag-keramicheskij-datchik-temperatury","10":"product_tag-tha","11":"pa_diameter-mounting-part-d-m-436","12":"pa_head-type-dural","13":"pa_length-of-installed-part-l-372","14":"pa_length-of-installed-part-l-377","15":"pa_length-of-installed-part-l-379","16":"pa_thermal-inertia-ne-bolee-20-sekund","17":"pa_type-of-nsh-tha","18":"pa_working-range-of-temperatur-40-1200","21":"instock","22":"shipping-taxable","23":"purchasable","24":"product-type-variable"},"yoast_head":"<title>\u0412\u044b\u0441\u043e\u043a\u043e\u0442\u0435\u043c\u043f\u0435\u0440\u0430\u0442\u0443\u0440\u043d\u044b\u0439 \u043a\u0435\u0440\u0430\u043c\u0438\u0447\u0435\u0441\u043a\u0438\u0439 \u0434\u0430\u0442\u0447\u0438\u043a \u0422\u0425\u0410-021<\/title>\n<meta name=\"description\" content=\"\u0412\u044b\u0441\u043e\u043a\u043e\u0442\u0435\u043c\u043f\u0435\u0440\u0430\u0442\u0443\u0440\u043d\u044b\u0439 \u043a\u0435\u0440\u0430\u043c\u0438\u0447\u0435\u0441\u043a\u0438\u0439 \u0434\u0430\u0442\u0447\u0438\u043a \u0422\u0425\u0410-021, \u0422\u0425\u041a-021, \u0422\u0416\u041a-021\u043f\u0440\u0435\u0434\u043d\u0430\u0437\u043d\u0430\u0447\u0435\u043d\u044b \u0434\u043b\u044f \u0438\u0437\u043c\u0435\u0440\u0435\u043d\u0438\u044f \u0442\u0435\u043c\u043f\u0435\u0440\u0430\u0442\u0443\u0440 \u0434\u043e 1200\u00b0\u0421.\" \/>\n<meta name=\"robots\" content=\"index, follow, max-snippet:-1, max-image-preview:large, max-video-preview:-1\" \/>\n<link rel=\"canonical\" href=\"https:\/\/regmik.ua\/de\/product\/vysokotemperaturnyj-keramicheskij-datchik-tha-br-small-modifikatsiya-021\/\" \/>\n<script type=\"application\/ld+json\" class=\"yoast-schema-graph\">{\"@context\":\"https:\\\/\\\/schema.org\",\"@graph\":[{\"@type\":\"WebPage\",\"@id\":\"https:\\\/\\\/regmik.ua\\\/product\\\/vysokotemperaturnyj-keramicheskij-datchik-tha-br-small-modifikatsiya-021\\\/\",\"url\":\"https:\\\/\\\/regmik.ua\\\/product\\\/vysokotemperaturnyj-keramicheskij-datchik-tha-br-small-modifikatsiya-021\\\/\",\"name\":\"\u0412\u044b\u0441\u043e\u043a\u043e\u0442\u0435\u043c\u043f\u0435\u0440\u0430\u0442\u0443\u0440\u043d\u044b\u0439 \u043a\u0435\u0440\u0430\u043c\u0438\u0447\u0435\u0441\u043a\u0438\u0439 \u0434\u0430\u0442\u0447\u0438\u043a \u0422\u0425\u0410-021\",\"isPartOf\":{\"@id\":\"https:\\\/\\\/regmik.ua\\\/uk\\\/#website\"},\"primaryImageOfPage\":{\"@id\":\"https:\\\/\\\/regmik.ua\\\/product\\\/vysokotemperaturnyj-keramicheskij-datchik-tha-br-small-modifikatsiya-021\\\/#primaryimage\"},\"image\":{\"@id\":\"https:\\\/\\\/regmik.ua\\\/product\\\/vysokotemperaturnyj-keramicheskij-datchik-tha-br-small-modifikatsiya-021\\\/#primaryimage\"},\"thumbnailUrl\":\"https:\\\/\\\/regmik.ua\\\/wp-content\\\/uploads\\\/2019\\\/01\\\/THH021.png\",\"datePublished\":\"2019-01-28T14:15:00+00:00\",\"dateModified\":\"2024-03-07T06:04:00+00:00\",\"description\":\"\u0412\u044b\u0441\u043e\u043a\u043e\u0442\u0435\u043c\u043f\u0435\u0440\u0430\u0442\u0443\u0440\u043d\u044b\u0439 \u043a\u0435\u0440\u0430\u043c\u0438\u0447\u0435\u0441\u043a\u0438\u0439 \u0434\u0430\u0442\u0447\u0438\u043a \u0422\u0425\u0410-021, \u0422\u0425\u041a-021, \u0422\u0416\u041a-021\u043f\u0440\u0435\u0434\u043d\u0430\u0437\u043d\u0430\u0447\u0435\u043d\u044b \u0434\u043b\u044f \u0438\u0437\u043c\u0435\u0440\u0435\u043d\u0438\u044f \u0442\u0435\u043c\u043f\u0435\u0440\u0430\u0442\u0443\u0440 \u0434\u043e 1200\u00b0\u0421.\",\"breadcrumb\":{\"@id\":\"https:\\\/\\\/regmik.ua\\\/product\\\/vysokotemperaturnyj-keramicheskij-datchik-tha-br-small-modifikatsiya-021\\\/#breadcrumb\"},\"inLanguage\":\"de\",\"potentialAction\":[{\"@type\":\"ReadAction\",\"target\":[\"https:\\\/\\\/regmik.ua\\\/product\\\/vysokotemperaturnyj-keramicheskij-datchik-tha-br-small-modifikatsiya-021\\\/\"]}]},{\"@type\":\"ImageObject\",\"inLanguage\":\"de\",\"@id\":\"https:\\\/\\\/regmik.ua\\\/product\\\/vysokotemperaturnyj-keramicheskij-datchik-tha-br-small-modifikatsiya-021\\\/#primaryimage\",\"url\":\"https:\\\/\\\/regmik.ua\\\/wp-content\\\/uploads\\\/2019\\\/01\\\/THH021.png\",\"contentUrl\":\"https:\\\/\\\/regmik.ua\\\/wp-content\\\/uploads\\\/2019\\\/01\\\/THH021.png\",\"width\":800,\"height\":1024,\"caption\":\"\u0412\u044b\u0441\u043e\u043a\u043e\u0442\u0435\u043c\u043f\u0435\u0440\u0430\u0442\u0443\u0440\u043d\u044b\u0439 \u043a\u0435\u0440\u0430\u043c\u0438\u0447\u0435\u0441\u043a\u0438\u0439 \u0434\u0430\u0442\u0447\u0438\u043a \u0422\u0425\u0410-021\"},{\"@type\":\"BreadcrumbList\",\"@id\":\"https:\\\/\\\/regmik.ua\\\/product\\\/vysokotemperaturnyj-keramicheskij-datchik-tha-br-small-modifikatsiya-021\\\/#breadcrumb\",\"itemListElement\":[{\"@type\":\"ListItem\",\"position\":1,\"name\":\"\u0413\u043b\u0430\u0432\u043d\u0430\u044f \u0441\u0442\u0440\u0430\u043d\u0438\u0446\u0430\",\"item\":\"https:\\\/\\\/regmik.ua\\\/\"},{\"@type\":\"ListItem\",\"position\":2,\"name\":\"\u041f\u0440\u043e\u0434\u0443\u043a\u0446\u0438\u044f\",\"item\":\"https:\\\/\\\/regmik.ua\\\/uk\\\/products\\\/\"},{\"@type\":\"ListItem\",\"position\":3,\"name\":\"\u0412\u044b\u0441\u043e\u043a\u043e\u0442\u0435\u043c\u043f\u0435\u0440\u0430\u0442\u0443\u0440\u043d\u044b\u0439 \u043a\u0435\u0440\u0430\u043c\u0438\u0447\u0435\u0441\u043a\u0438\u0439 \u0434\u0430\u0442\u0447\u0438\u043a \u0422\u0425\u0410-021, \u0422\u0425\u041a-021, \u0422\u0416\u041a-021\"}]},{\"@type\":\"WebSite\",\"@id\":\"https:\\\/\\\/regmik.ua\\\/uk\\\/#website\",\"url\":\"https:\\\/\\\/regmik.ua\\\/uk\\\/\",\"name\":\"REGMIK\",\"description\":\"\u0418\u0437\u043c\u0435\u0440\u0438\u0442\u0435\u043b\u044c\u043d\u044b\u0435 \u043f\u0440\u0438\u0431\u043e\u0440\u044b \u0438 \u0434\u0430\u0442\u0447\u0438\u043a\u0438 \u0442\u0435\u043c\u043f\u0435\u0440\u0430\u0442\u0443\u0440\u044b\",\"publisher\":{\"@id\":\"https:\\\/\\\/regmik.ua\\\/uk\\\/#organization\"},\"alternateName\":\"REGMIK\",\"potentialAction\":[{\"@type\":\"SearchAction\",\"target\":{\"@type\":\"EntryPoint\",\"urlTemplate\":\"https:\\\/\\\/regmik.ua\\\/uk\\\/?s={search_term_string}\"},\"query-input\":{\"@type\":\"PropertyValueSpecification\",\"valueRequired\":true,\"valueName\":\"search_term_string\"}}],\"inLanguage\":\"de\"},{\"@type\":\"Organization\",\"@id\":\"https:\\\/\\\/regmik.ua\\\/uk\\\/#organization\",\"name\":\"REGMIK\",\"alternateName\":\"\u0420\u0415\u0413\u041c\u0418\u041a\",\"url\":\"https:\\\/\\\/regmik.ua\\\/uk\\\/\",\"logo\":{\"@type\":\"ImageObject\",\"inLanguage\":\"de\",\"@id\":\"https:\\\/\\\/regmik.ua\\\/uk\\\/#\\\/schema\\\/logo\\\/image\\\/\",\"url\":\"https:\\\/\\\/regmik.ua\\\/wp-content\\\/uploads\\\/2020\\\/03\\\/regmik_logo.png\",\"contentUrl\":\"https:\\\/\\\/regmik.ua\\\/wp-content\\\/uploads\\\/2020\\\/03\\\/regmik_logo.png\",\"width\":194,\"height\":45,\"caption\":\"REGMIK\"},\"image\":{\"@id\":\"https:\\\/\\\/regmik.ua\\\/uk\\\/#\\\/schema\\\/logo\\\/image\\\/\"},\"sameAs\":[\"https:\\\/\\\/www.facebook.com\\\/regmik.npf\",\"https:\\\/\\\/x.com\\\/regmiknpf\",\"https:\\\/\\\/www.youtube.com\\\/channel\\\/UC_SrY98SKAmR3Kt95GcVKcw\"]}]}<\/script>","yoast_head_json":{"title":"Hochtemperatur-Keramiksensor TXA-021","description":"Die Hochtemperatur-Keramiksensoren \u0422\u0425\u0410-021, \u0422\u0425\u041a-021, \u0422\u0416\u041a-021 dienen zur Messung von Temperaturen bis zu 1200 \u00b0 C.","robots":{"index":"index","follow":"follow","max-snippet":"max-snippet:-1","max-image-preview":"max-image-preview:large","max-video-preview":"max-video-preview:-1"},"canonical":"https:\/\/regmik.ua\/de\/product\/vysokotemperaturnyj-keramicheskij-datchik-tha-br-small-modifikatsiya-021\/","schema":{"@context":"https:\/\/schema.org","@graph":[{"@type":"WebPage","@id":"https:\/\/regmik.ua\/product\/vysokotemperaturnyj-keramicheskij-datchik-tha-br-small-modifikatsiya-021\/","url":"https:\/\/regmik.ua\/product\/vysokotemperaturnyj-keramicheskij-datchik-tha-br-small-modifikatsiya-021\/","name":"Hochtemperatur-Keramiksensor TXA-021","isPartOf":{"@id":"https:\/\/regmik.ua\/uk\/#website"},"primaryImageOfPage":{"@id":"https:\/\/regmik.ua\/product\/vysokotemperaturnyj-keramicheskij-datchik-tha-br-small-modifikatsiya-021\/#primaryimage"},"image":{"@id":"https:\/\/regmik.ua\/product\/vysokotemperaturnyj-keramicheskij-datchik-tha-br-small-modifikatsiya-021\/#primaryimage"},"thumbnailUrl":"https:\/\/regmik.ua\/wp-content\/uploads\/2019\/01\/THH021.png","datePublished":"2019-01-28T14:15:00+00:00","dateModified":"2024-03-07T06:04:00+00:00","description":"Die Hochtemperatur-Keramiksensoren \u0422\u0425\u0410-021, \u0422\u0425\u041a-021, \u0422\u0416\u041a-021 dienen zur Messung von Temperaturen bis zu 1200 \u00b0 C.","breadcrumb":{"@id":"https:\/\/regmik.ua\/product\/vysokotemperaturnyj-keramicheskij-datchik-tha-br-small-modifikatsiya-021\/#breadcrumb"},"inLanguage":"de","potentialAction":[{"@type":"ReadAction","target":["https:\/\/regmik.ua\/product\/vysokotemperaturnyj-keramicheskij-datchik-tha-br-small-modifikatsiya-021\/"]}]},{"@type":"ImageObject","inLanguage":"de","@id":"https:\/\/regmik.ua\/product\/vysokotemperaturnyj-keramicheskij-datchik-tha-br-small-modifikatsiya-021\/#primaryimage","url":"https:\/\/regmik.ua\/wp-content\/uploads\/2019\/01\/THH021.png","contentUrl":"https:\/\/regmik.ua\/wp-content\/uploads\/2019\/01\/THH021.png","width":800,"height":1024,"caption":"\u0412\u044b\u0441\u043e\u043a\u043e\u0442\u0435\u043c\u043f\u0435\u0440\u0430\u0442\u0443\u0440\u043d\u044b\u0439 \u043a\u0435\u0440\u0430\u043c\u0438\u0447\u0435\u0441\u043a\u0438\u0439 \u0434\u0430\u0442\u0447\u0438\u043a \u0422\u0425\u0410-021"},{"@type":"BreadcrumbList","@id":"https:\/\/regmik.ua\/product\/vysokotemperaturnyj-keramicheskij-datchik-tha-br-small-modifikatsiya-021\/#breadcrumb","itemListElement":[{"@type":"ListItem","position":1,"name":"\u0413\u043b\u0430\u0432\u043d\u0430\u044f \u0441\u0442\u0440\u0430\u043d\u0438\u0446\u0430","item":"https:\/\/regmik.ua\/"},{"@type":"ListItem","position":2,"name":"\u041f\u0440\u043e\u0434\u0443\u043a\u0446\u0438\u044f","item":"https:\/\/regmik.ua\/uk\/products\/"},{"@type":"ListItem","position":3,"name":"\u0412\u044b\u0441\u043e\u043a\u043e\u0442\u0435\u043c\u043f\u0435\u0440\u0430\u0442\u0443\u0440\u043d\u044b\u0439 \u043a\u0435\u0440\u0430\u043c\u0438\u0447\u0435\u0441\u043a\u0438\u0439 \u0434\u0430\u0442\u0447\u0438\u043a \u0422\u0425\u0410-021, \u0422\u0425\u041a-021, \u0422\u0416\u041a-021"}]},{"@type":"WebSite","@id":"https:\/\/regmik.ua\/uk\/#website","url":"https:\/\/regmik.ua\/uk\/","name":"REGMIK","description":"Messger\u00e4te und Temperatursensoren","publisher":{"@id":"https:\/\/regmik.ua\/uk\/#organization"},"alternateName":"REGMIK","potentialAction":[{"@type":"SearchAction","target":{"@type":"EntryPoint","urlTemplate":"https:\/\/regmik.ua\/uk\/?s={search_term_string}"},"query-input":{"@type":"PropertyValueSpecification","valueRequired":true,"valueName":"search_term_string"}}],"inLanguage":"de"},{"@type":"Organization","@id":"https:\/\/regmik.ua\/uk\/#organization","name":"REGMIK","alternateName":"\u0420\u0415\u0413\u041c\u0418\u041a","url":"https:\/\/regmik.ua\/uk\/","logo":{"@type":"ImageObject","inLanguage":"de","@id":"https:\/\/regmik.ua\/uk\/#\/schema\/logo\/image\/","url":"https:\/\/regmik.ua\/wp-content\/uploads\/2020\/03\/regmik_logo.png","contentUrl":"https:\/\/regmik.ua\/wp-content\/uploads\/2020\/03\/regmik_logo.png","width":194,"height":45,"caption":"REGMIK"},"image":{"@id":"https:\/\/regmik.ua\/uk\/#\/schema\/logo\/image\/"},"sameAs":["https:\/\/www.facebook.com\/regmik.npf","https:\/\/x.com\/regmiknpf","https:\/\/www.youtube.com\/channel\/UC_SrY98SKAmR3Kt95GcVKcw"]}]}},"_links":{"self":[{"href":"https:\/\/regmik.ua\/de\/wp-json\/wp\/v2\/product\/18937","targetHints":{"allow":["GET"]}}],"collection":[{"href":"https:\/\/regmik.ua\/de\/wp-json\/wp\/v2\/product"}],"about":[{"href":"https:\/\/regmik.ua\/de\/wp-json\/wp\/v2\/types\/product"}],"replies":[{"embeddable":true,"href":"https:\/\/regmik.ua\/de\/wp-json\/wp\/v2\/comments?post=18937"}],"version-history":[{"count":0,"href":"https:\/\/regmik.ua\/de\/wp-json\/wp\/v2\/product\/18937\/revisions"}],"wp:featuredmedia":[{"embeddable":true,"href":"https:\/\/regmik.ua\/de\/wp-json\/wp\/v2\/media\/18942"}],"wp:attachment":[{"href":"https:\/\/regmik.ua\/de\/wp-json\/wp\/v2\/media?parent=18937"}],"wp:term":[{"taxonomy":"product_brand","embeddable":true,"href":"https:\/\/regmik.ua\/de\/wp-json\/wp\/v2\/product_brand?post=18937"},{"taxonomy":"product_cat","embeddable":true,"href":"https:\/\/regmik.ua\/de\/wp-json\/wp\/v2\/product_cat?post=18937"},{"taxonomy":"product_tag","embeddable":true,"href":"https:\/\/regmik.ua\/de\/wp-json\/wp\/v2\/product_tag?post=18937"}],"curies":[{"name":"wp","href":"https:\/\/api.w.org\/{rel}","templated":true}]}}