{"id":17600,"date":"2017-03-09T20:44:09","date_gmt":"2017-03-09T18:44:09","guid":{"rendered":"https:\/\/regmik.com.ua\/?post_type=product&#038;p=17600"},"modified":"2020-08-20T07:24:27","modified_gmt":"2020-08-20T05:24:27","slug":"gsm-monitoring-temperatury-refrizheratora","status":"publish","type":"product","link":"https:\/\/regmik.ua\/de\/product\/gsm-monitoring-temperatury-refrizheratora\/","title":{"rendered":"GPS \/ GSM-\u00dcberwachung der K\u00fchlschranktemperatur"},"content":{"rendered":"<p>Eine L\u00f6sung zur \u00dcberwachung nicht nur des Standorts der Ladung, sondern auch der st\u00e4ndigen und unabh\u00e4ngigen Kontrolle der Temperatur Ihrer Waren im K\u00fchlschrank<\/p>\n<h2>Temperatursensor-Array<\/h2>\n<p>Ein Satz von Temperatursensoren des gleichen Typs (oder verschiedener Typen), die sich in verschiedenen Bereichen des K\u00fchlmaterials befinden<\/p>\n<h2>Temperaturschreiber<\/h2>\n<p>Mit dieser Funktion k\u00f6nnen Sie die Temperatur- und Feuchtigkeitswerte im internen Speicher aufzeichnen sowie ein Ereignis- und Alarmprotokoll erstellen.<\/p>\n<h2>App<\/h2>\n<p>Die M\u00f6glichkeit, Parameter direkt von der installierten Anwendung auf dem Gadget aus zu steuern<\/p>","protected":false},"excerpt":{"rendered":"<p>\u0420\u0435\u0448\u0435\u043d\u0438\u0435 \u0434\u043b\u044f \u043c\u043e\u043d\u0438\u0442\u043e\u0440\u0438\u043d\u0433\u0430 \u043d\u0435 \u0442\u043e\u043b\u044c\u043a\u043e \u043c\u0435\u0441\u0442\u043e\u043f\u043e\u043b\u043e\u0436\u0435\u043d\u0438\u044f \u0433\u0440\u0443\u0437\u0430, \u0430 \u0442\u0430\u043a-\u0436\u0435 \u0438 \u043f\u043e\u0441\u0442\u043e\u044f\u043d\u043d\u044b\u0439 \u0438 \u043d\u0435\u0437\u0430\u0432\u0438\u0441\u0438\u043c\u044b\u0439 \u043a\u043e\u043d\u0442\u0440\u043e\u043b\u044c \u0442\u0435\u043c\u043f\u0435\u0440\u0430\u0442\u0443\u0440\u044b \u0432\u0430\u0448\u0435\u0433\u043e \u0442\u043e\u0432\u0430\u0440\u0430 \u0432\u043d\u0443\u0442\u0440\u0438\u00a0\u0440\u0435\u0444\u0440\u0438\u0436\u0435\u0440\u0430\u0442\u043e\u0440\u0430 \u041c\u0430\u0441\u0441\u0438\u0432 \u0442\u0435\u043c\u043f\u0435\u0440\u0430\u0442\u0443\u0440\u043d\u044b\u0445\u00a0\u0434\u0430\u0442\u0447\u0438\u043a\u043e\u0432 \u041d\u0430\u0431\u043e\u0440 \u043e\u0434\u043d\u043e\u0442\u0438\u043f\u043d\u044b\u0445 (\u0438\u043b\u0438 \u0440\u0430\u0437\u043d\u043e\u0442\u0438\u043f\u043d\u044b\u0445) \u0442\u0435\u043c\u043f\u0435\u0440\u0430\u0442\u0443\u0440\u043d\u044b\u0445 \u0434\u0430\u0442\u0447\u0438\u043a\u043e\u0432 \u0440\u0430\u0437\u043d\u0435\u0441\u0435\u043d\u043d\u044b\u0445 \u043f\u043e \u0440\u0430\u0437\u043d\u044b\u043c \u0443\u0447\u0430\u0441\u0442\u043a\u0430\u043c \u043e\u0445\u043b\u0430\u0436\u0434\u0430\u044e\u0449\u0435\u0433\u043e \u043c\u0430\u0442\u0435\u0440\u0438\u0430\u043b\u0430 \u0420\u0435\u0433\u0438\u0441\u0442\u0440\u0430\u0442\u043e\u0440\u043e\u0440 \u0442\u0435\u043c\u043f\u0435\u0440\u0430\u0442\u0443\u0440\u044b \u0414\u0430\u043d\u043d\u0430\u044f \u0444\u0443\u043d\u043a\u0446\u0438\u044f \u043f\u043e\u0437\u0432\u043e\u043b\u044f\u0435\u0442 \u043f\u0440\u043e\u0438\u0437\u0432\u043e\u0434\u0438\u0442\u044c \u0437\u0430\u043f\u0438\u0441\u044c \u0432\u043e \u0432\u043d\u0443\u0442\u0440\u0435\u043d\u043d\u044e\u044e \u043f\u0430\u043c\u044f\u0442\u044c \u0437\u043d\u0430\u0447\u0435\u043d\u0438\u044f \u0442\u0435\u043c\u043f\u0435\u0440\u0430\u0442\u0443\u0440\u044b \u0438 \u0432\u043b\u0430\u0436\u043d\u043e\u0441\u0442\u0438, \u00a0\u0430 \u0442\u0430\u043a-\u0436\u0435 \u0441\u043e\u0437\u0434\u0430\u0435\u0442 \u0436\u0443\u0440\u043d\u0430\u043b \u0441\u043e\u0431\u044b\u0442\u0438\u0439 \u0438 \u0442\u0440\u0435\u0432\u043e\u0433. \u041c\u043e\u0431\u0438\u043b\u044c\u043d\u043e\u0435 \u043f\u0440\u0438\u043b\u043e\u0436\u0435\u043d\u0438\u0435 &hellip; <a href=\"https:\/\/regmik.ua\/de\/product\/gsm-monitoring-temperatury-refrizheratora\/\" class=\"more-link\">Weiterlesen <span class=\"screen-reader-text\">GPS \/ GSM-\u00dcberwachung der K\u00fchlschranktemperatur<\/span><\/a><\/p>","protected":false},"featured_media":0,"comment_status":"open","ping_status":"closed","template":"","meta":[],"product_brand":[],"product_cat":[194],"product_tag":[3076],"class_list":{"0":"post-17600","1":"product","2":"type-product","3":"status-publish","5":"product_cat-gps-monitoring","6":"product_tag-gps-gsm-monitoring","9":"instock","10":"shipping-taxable","11":"product-type-simple"},"yoast_head":"<title>GPS\/GSM \u043c\u043e\u043d\u0438\u0442\u043e\u0440\u0438\u043d\u0433 \u0442\u0435\u043c\u043f\u0435\u0440\u0430\u0442\u0443\u0440\u044b \u0440\u0435\u0444\u0440\u0438\u0436\u0435\u0440\u0430\u0442\u043e\u0440\u043e\u0432<\/title>\n<meta name=\"description\" content=\"\u0420\u0435\u0448\u0435\u043d\u0438\u0435 \u0434\u043b\u044f \u043c\u043e\u043d\u0438\u0442\u043e\u0440\u0438\u043d\u0433\u0430 \u043d\u0435 \u0442\u043e\u043b\u044c\u043a\u043e \u043c\u0435\u0441\u0442\u043e\u043f\u043e\u043b\u043e\u0436\u0435\u043d\u0438\u044f \u0433\u0440\u0443\u0437\u0430, \u0430 \u0442\u0430\u043a-\u0436\u0435 \u0438 \u043f\u043e\u0441\u0442\u043e\u044f\u043d\u043d\u044b\u0439 \u0438 \u043d\u0435\u0437\u0430\u0432\u0438\u0441\u0438\u043c\u044b\u0439 \u043a\u043e\u043d\u0442\u0440\u043e\u043b\u044c \u0442\u0435\u043c\u043f\u0435\u0440\u0430\u0442\u0443\u0440\u044b \u0432\u0430\u0448\u0435\u0433\u043e \u0442\u043e\u0432\u0430\u0440\u0430 \u0432\u043d\u0443\u0442\u0440\u0438\u00a0\u0440\u0435\u0444\u0440\u0438\u0436\u0435\u0440\u0430\u0442\u043e\u0440\u0430 \u041c\u0430\u0441\u0441\u0438\u0432\" \/>\n<meta name=\"robots\" content=\"index, follow, max-snippet:-1, max-image-preview:large, max-video-preview:-1\" \/>\n<link rel=\"canonical\" href=\"https:\/\/regmik.ua\/de\/product\/gsm-monitoring-temperatury-refrizheratora\/\" \/>\n<script type=\"application\/ld+json\" class=\"yoast-schema-graph\">{\"@context\":\"https:\\\/\\\/schema.org\",\"@graph\":[{\"@type\":\"WebPage\",\"@id\":\"https:\\\/\\\/regmik.ua\\\/en\\\/product\\\/gsm-monitoring-temperatury-refrizheratora\\\/\",\"url\":\"https:\\\/\\\/regmik.ua\\\/en\\\/product\\\/gsm-monitoring-temperatury-refrizheratora\\\/\",\"name\":\"GPS\\\/GSM \u043c\u043e\u043d\u0438\u0442\u043e\u0440\u0438\u043d\u0433 \u0442\u0435\u043c\u043f\u0435\u0440\u0430\u0442\u0443\u0440\u044b \u0440\u0435\u0444\u0440\u0438\u0436\u0435\u0440\u0430\u0442\u043e\u0440\u043e\u0432\",\"isPartOf\":{\"@id\":\"https:\\\/\\\/regmik.ua\\\/uk\\\/#website\"},\"datePublished\":\"2017-03-09T18:44:09+00:00\",\"dateModified\":\"2020-08-20T05:24:27+00:00\",\"description\":\"\u0420\u0435\u0448\u0435\u043d\u0438\u0435 \u0434\u043b\u044f \u043c\u043e\u043d\u0438\u0442\u043e\u0440\u0438\u043d\u0433\u0430 \u043d\u0435 \u0442\u043e\u043b\u044c\u043a\u043e \u043c\u0435\u0441\u0442\u043e\u043f\u043e\u043b\u043e\u0436\u0435\u043d\u0438\u044f \u0433\u0440\u0443\u0437\u0430, \u0430 \u0442\u0430\u043a-\u0436\u0435 \u0438 \u043f\u043e\u0441\u0442\u043e\u044f\u043d\u043d\u044b\u0439 \u0438 \u043d\u0435\u0437\u0430\u0432\u0438\u0441\u0438\u043c\u044b\u0439 \u043a\u043e\u043d\u0442\u0440\u043e\u043b\u044c \u0442\u0435\u043c\u043f\u0435\u0440\u0430\u0442\u0443\u0440\u044b \u0432\u0430\u0448\u0435\u0433\u043e \u0442\u043e\u0432\u0430\u0440\u0430 \u0432\u043d\u0443\u0442\u0440\u0438\u00a0\u0440\u0435\u0444\u0440\u0438\u0436\u0435\u0440\u0430\u0442\u043e\u0440\u0430 \u041c\u0430\u0441\u0441\u0438\u0432\",\"breadcrumb\":{\"@id\":\"https:\\\/\\\/regmik.ua\\\/en\\\/product\\\/gsm-monitoring-temperatury-refrizheratora\\\/#breadcrumb\"},\"inLanguage\":\"de\",\"potentialAction\":[{\"@type\":\"ReadAction\",\"target\":[\"https:\\\/\\\/regmik.ua\\\/en\\\/product\\\/gsm-monitoring-temperatury-refrizheratora\\\/\"]}]},{\"@type\":\"BreadcrumbList\",\"@id\":\"https:\\\/\\\/regmik.ua\\\/en\\\/product\\\/gsm-monitoring-temperatury-refrizheratora\\\/#breadcrumb\",\"itemListElement\":[{\"@type\":\"ListItem\",\"position\":1,\"name\":\"\u0413\u043b\u0430\u0432\u043d\u0430\u044f \u0441\u0442\u0440\u0430\u043d\u0438\u0446\u0430\",\"item\":\"https:\\\/\\\/regmik.ua\\\/\"},{\"@type\":\"ListItem\",\"position\":2,\"name\":\"\u041f\u0440\u043e\u0434\u0443\u043a\u0446\u0438\u044f\",\"item\":\"https:\\\/\\\/regmik.ua\\\/uk\\\/products\\\/\"},{\"@type\":\"ListItem\",\"position\":3,\"name\":\"GPS\\\/GSM \u043c\u043e\u043d\u0438\u0442\u043e\u0440\u0438\u043d\u0433 \u0442\u0435\u043c\u043f\u0435\u0440\u0430\u0442\u0443\u0440\u044b \u0440\u0435\u0444\u0440\u0438\u0436\u0435\u0440\u0430\u0442\u043e\u0440\u0430\"}]},{\"@type\":\"WebSite\",\"@id\":\"https:\\\/\\\/regmik.ua\\\/uk\\\/#website\",\"url\":\"https:\\\/\\\/regmik.ua\\\/uk\\\/\",\"name\":\"REGMIK\",\"description\":\"\u0418\u0437\u043c\u0435\u0440\u0438\u0442\u0435\u043b\u044c\u043d\u044b\u0435 \u043f\u0440\u0438\u0431\u043e\u0440\u044b \u0438 \u0434\u0430\u0442\u0447\u0438\u043a\u0438 \u0442\u0435\u043c\u043f\u0435\u0440\u0430\u0442\u0443\u0440\u044b\",\"publisher\":{\"@id\":\"https:\\\/\\\/regmik.ua\\\/uk\\\/#organization\"},\"alternateName\":\"REGMIK\",\"potentialAction\":[{\"@type\":\"SearchAction\",\"target\":{\"@type\":\"EntryPoint\",\"urlTemplate\":\"https:\\\/\\\/regmik.ua\\\/uk\\\/?s={search_term_string}\"},\"query-input\":{\"@type\":\"PropertyValueSpecification\",\"valueRequired\":true,\"valueName\":\"search_term_string\"}}],\"inLanguage\":\"de\"},{\"@type\":\"Organization\",\"@id\":\"https:\\\/\\\/regmik.ua\\\/uk\\\/#organization\",\"name\":\"REGMIK\",\"alternateName\":\"\u0420\u0415\u0413\u041c\u0418\u041a\",\"url\":\"https:\\\/\\\/regmik.ua\\\/uk\\\/\",\"logo\":{\"@type\":\"ImageObject\",\"inLanguage\":\"de\",\"@id\":\"https:\\\/\\\/regmik.ua\\\/uk\\\/#\\\/schema\\\/logo\\\/image\\\/\",\"url\":\"https:\\\/\\\/regmik.ua\\\/wp-content\\\/uploads\\\/2020\\\/03\\\/regmik_logo.png\",\"contentUrl\":\"https:\\\/\\\/regmik.ua\\\/wp-content\\\/uploads\\\/2020\\\/03\\\/regmik_logo.png\",\"width\":194,\"height\":45,\"caption\":\"REGMIK\"},\"image\":{\"@id\":\"https:\\\/\\\/regmik.ua\\\/uk\\\/#\\\/schema\\\/logo\\\/image\\\/\"},\"sameAs\":[\"https:\\\/\\\/www.facebook.com\\\/regmik.npf\",\"https:\\\/\\\/x.com\\\/regmiknpf\",\"https:\\\/\\\/www.youtube.com\\\/channel\\\/UC_SrY98SKAmR3Kt95GcVKcw\"]}]}<\/script>","yoast_head_json":{"title":"GPS \/ GSM-Temperatur\u00fcberwachung von K\u00fchlfahrzeugen","description":"L\u00f6sung zur \u00dcberwachung nicht nur des Standorts der Ladung, sondern auch der st\u00e4ndigen und unabh\u00e4ngigen Kontrolle der Temperatur Ihrer Waren im Array-K\u00fchlschrank","robots":{"index":"index","follow":"follow","max-snippet":"max-snippet:-1","max-image-preview":"max-image-preview:large","max-video-preview":"max-video-preview:-1"},"canonical":"https:\/\/regmik.ua\/de\/product\/gsm-monitoring-temperatury-refrizheratora\/","schema":{"@context":"https:\/\/schema.org","@graph":[{"@type":"WebPage","@id":"https:\/\/regmik.ua\/en\/product\/gsm-monitoring-temperatury-refrizheratora\/","url":"https:\/\/regmik.ua\/en\/product\/gsm-monitoring-temperatury-refrizheratora\/","name":"GPS \/ GSM-Temperatur\u00fcberwachung von K\u00fchlfahrzeugen","isPartOf":{"@id":"https:\/\/regmik.ua\/uk\/#website"},"datePublished":"2017-03-09T18:44:09+00:00","dateModified":"2020-08-20T05:24:27+00:00","description":"L\u00f6sung zur \u00dcberwachung nicht nur des Standorts der Ladung, sondern auch der st\u00e4ndigen und unabh\u00e4ngigen Kontrolle der Temperatur Ihrer Waren im Array-K\u00fchlschrank","breadcrumb":{"@id":"https:\/\/regmik.ua\/en\/product\/gsm-monitoring-temperatury-refrizheratora\/#breadcrumb"},"inLanguage":"de","potentialAction":[{"@type":"ReadAction","target":["https:\/\/regmik.ua\/en\/product\/gsm-monitoring-temperatury-refrizheratora\/"]}]},{"@type":"BreadcrumbList","@id":"https:\/\/regmik.ua\/en\/product\/gsm-monitoring-temperatury-refrizheratora\/#breadcrumb","itemListElement":[{"@type":"ListItem","position":1,"name":"\u0413\u043b\u0430\u0432\u043d\u0430\u044f \u0441\u0442\u0440\u0430\u043d\u0438\u0446\u0430","item":"https:\/\/regmik.ua\/"},{"@type":"ListItem","position":2,"name":"\u041f\u0440\u043e\u0434\u0443\u043a\u0446\u0438\u044f","item":"https:\/\/regmik.ua\/uk\/products\/"},{"@type":"ListItem","position":3,"name":"GPS\/GSM \u043c\u043e\u043d\u0438\u0442\u043e\u0440\u0438\u043d\u0433 \u0442\u0435\u043c\u043f\u0435\u0440\u0430\u0442\u0443\u0440\u044b \u0440\u0435\u0444\u0440\u0438\u0436\u0435\u0440\u0430\u0442\u043e\u0440\u0430"}]},{"@type":"WebSite","@id":"https:\/\/regmik.ua\/uk\/#website","url":"https:\/\/regmik.ua\/uk\/","name":"REGMIK","description":"Messger\u00e4te und Temperatursensoren","publisher":{"@id":"https:\/\/regmik.ua\/uk\/#organization"},"alternateName":"REGMIK","potentialAction":[{"@type":"SearchAction","target":{"@type":"EntryPoint","urlTemplate":"https:\/\/regmik.ua\/uk\/?s={search_term_string}"},"query-input":{"@type":"PropertyValueSpecification","valueRequired":true,"valueName":"search_term_string"}}],"inLanguage":"de"},{"@type":"Organization","@id":"https:\/\/regmik.ua\/uk\/#organization","name":"REGMIK","alternateName":"\u0420\u0415\u0413\u041c\u0418\u041a","url":"https:\/\/regmik.ua\/uk\/","logo":{"@type":"ImageObject","inLanguage":"de","@id":"https:\/\/regmik.ua\/uk\/#\/schema\/logo\/image\/","url":"https:\/\/regmik.ua\/wp-content\/uploads\/2020\/03\/regmik_logo.png","contentUrl":"https:\/\/regmik.ua\/wp-content\/uploads\/2020\/03\/regmik_logo.png","width":194,"height":45,"caption":"REGMIK"},"image":{"@id":"https:\/\/regmik.ua\/uk\/#\/schema\/logo\/image\/"},"sameAs":["https:\/\/www.facebook.com\/regmik.npf","https:\/\/x.com\/regmiknpf","https:\/\/www.youtube.com\/channel\/UC_SrY98SKAmR3Kt95GcVKcw"]}]}},"_links":{"self":[{"href":"https:\/\/regmik.ua\/de\/wp-json\/wp\/v2\/product\/17600","targetHints":{"allow":["GET"]}}],"collection":[{"href":"https:\/\/regmik.ua\/de\/wp-json\/wp\/v2\/product"}],"about":[{"href":"https:\/\/regmik.ua\/de\/wp-json\/wp\/v2\/types\/product"}],"replies":[{"embeddable":true,"href":"https:\/\/regmik.ua\/de\/wp-json\/wp\/v2\/comments?post=17600"}],"version-history":[{"count":0,"href":"https:\/\/regmik.ua\/de\/wp-json\/wp\/v2\/product\/17600\/revisions"}],"wp:attachment":[{"href":"https:\/\/regmik.ua\/de\/wp-json\/wp\/v2\/media?parent=17600"}],"wp:term":[{"taxonomy":"product_brand","embeddable":true,"href":"https:\/\/regmik.ua\/de\/wp-json\/wp\/v2\/product_brand?post=17600"},{"taxonomy":"product_cat","embeddable":true,"href":"https:\/\/regmik.ua\/de\/wp-json\/wp\/v2\/product_cat?post=17600"},{"taxonomy":"product_tag","embeddable":true,"href":"https:\/\/regmik.ua\/de\/wp-json\/wp\/v2\/product_tag?post=17600"}],"curies":[{"name":"wp","href":"https:\/\/api.w.org\/{rel}","templated":true}]}}