{"id":15644,"date":"2017-01-26T10:11:38","date_gmt":"2017-01-26T08:11:38","guid":{"rendered":"https:\/\/regmik.com.ua\/index.php\/product\/datchiki-vlazhnosti-i-temperaturyi-psihrometr-modifikatsiya-003\/"},"modified":"2023-08-27T15:35:35","modified_gmt":"2023-08-27T12:35:35","slug":"datchiki-vlazhnosti-i-temperaturyi-psihrometr-modifikatsiya-003","status":"publish","type":"product","link":"https:\/\/regmik.ua\/de\/product\/datchiki-vlazhnosti-i-temperaturyi-psihrometr-modifikatsiya-003\/","title":{"rendered":"Feuchtigkeits- und Temperatursensoren (Psychrometer) DVT-003"},"content":{"rendered":"<p>Feuchtigkeits- und Temperatursensoren (<a href=\"https:\/\/ru.wikipedia.org\/wiki\/%D0%9F%D1%81%D0%B8%D1%85%D1%80%D0%BE%D0%BC%D0%B5%D1%82%D1%80\">Psychrometer<\/a>) DVT-003 ist ein spezielles Ger\u00e4t zur Messung von Lufttemperatur und Luftfeuchtigkeit.<\/p>\n<p>Die psychrometrische Messung der Luftfeuchtigkeit basiert auf dem Prinzip der Bestimmung der relativen Luftfeuchtigkeit mit zwei Thermometern \u201etrocken\u201c und \u201enass\u201c. &quot;Trocken&quot; ist ein gew\u00f6hnliches Thermometer, das die Lufttemperatur misst. &quot;Nass&quot; ist ein Temperatursensor (Thermometer), der von einem feuchten Tuch umgeben ist. Die Intensit\u00e4t der Verdunstung von der Oberfl\u00e4che eines feuchten Kolbens h\u00e4ngt von der Luftfeuchtigkeit ab. Je trockener die Luft, desto intensiver verdunstet die Feuchtigkeit. W\u00e4hrend der Verdampfung wird dem Thermometer Energie entzogen und seine Temperatur sinkt. Die relative Luftfeuchtigkeit kann aus der Temperatur des trockenen Kolbens und der Temperaturdifferenz zwischen dem trockenen Kolben und dem feuchten Kolben bestimmt werden.<\/p>\n<p>Der Temperaturunterschied h\u00e4ngt jedoch nicht nur von der relativen Luftfeuchtigkeit ab, sondern auch von der Geschwindigkeit der Luftbewegung.<\/p>\n<p>Das kapazitive Verfahren zur Messung der relativen Luftfeuchtigkeit basiert auf der \u00c4nderung der Dielektrizit\u00e4tskonstante des Materials infolge des Eindringens von Feuchtigkeit aus der Umgebungsluft in das Material. Das Material wird zwischen zwei Elektroden angeordnet, die die Platten des Kondensators sind, deren Kapazit\u00e4t sich somit in Abh\u00e4ngigkeit von der Luftfeuchtigkeit \u00e4ndert.<\/p>\n<p>Das Psychrometer besteht aus zwei Temperatursensoren, die v\u00f6llig unabh\u00e4ngig voneinander sind. Das erste Thermometer misst die Temperatur und die Luftfeuchtigkeit wird als Differenz zwischen den Messwerten der &quot;trockenen&quot; und &quot;nassen&quot; Thermometer berechnet. Feuchtigkeitsberechnungen werden unter Verwendung einer psychrometrischen Tabelle durchgef\u00fchrt.<\/p>\n<p>Arbeitsbereich der gemessenen Temperaturen von -40 bis 180 \u00b0 C;<\/p>\n<p>Es wird empfohlen, Feuchtigkeits- und Temperatursensoren (Psychrometer) DVT-003 in Innenr\u00e4umen zu installieren. Die Luftstr\u00f6mungsgeschwindigkeit betr\u00e4gt ca. 2 m \/ s. Der Lieferumfang umfasst kein Tablett f\u00fcr einen Nasssensor und einen Docht.<\/p>","protected":false},"excerpt":{"rendered":"<p>Die Feuchtigkeitsmessung basiert auf der Verwendung eines Trocken- und Nasstemperatursensors (mit einem Bad mit Wasser und einem Docht) und der Berechnung des Feuchtigkeitswerts unter Verwendung einer psychrometrischen Tabelle.<\/p>","protected":false},"featured_media":14793,"comment_status":"open","ping_status":"closed","template":"","meta":[],"product_brand":[],"product_cat":[38,492],"product_tag":[3079,362],"class_list":{"0":"post-15644","1":"product","2":"type-product","3":"status-publish","4":"has-post-thumbnail","6":"product_cat-sensors","7":"product_cat-humidity-sensors","8":"product_tag-datchiki-vlazhnosti-i-temperatury","9":"product_tag-psihrometr","10":"pa_accuracy-class-abb3","11":"pa_type-of-nsh-tsp-50p100p","12":"pa_type-of-nsh-tsp-pt100-pt500-pt1000","15":"instock","16":"shipping-taxable","17":"purchasable","18":"product-type-simple"},"yoast_head":"<title>\u0414\u0430\u0442\u0447\u0438\u043a\u0438 \u0432\u043b\u0430\u0436\u043d\u043e\u0441\u0442\u0438 \u0438 \u0442\u0435\u043c\u043f\u0435\u0440\u0430\u0442\u0443\u0440\u044b (\u043f\u0441\u0438\u0445\u0440\u043e\u043c\u0435\u0442\u0440) \u0414\u0412\u0422-003<\/title>\n<meta name=\"description\" content=\"\u0414\u0430\u0442\u0447\u0438\u043a\u0438 \u0432\u043b\u0430\u0436\u043d\u043e\u0441\u0442\u0438 \u0438 \u0442\u0435\u043c\u043f\u0435\u0440\u0430\u0442\u0443\u0440\u044b (\u043f\u0441\u0438\u0445\u0440\u043e\u043c\u0435\u0442\u0440) \u0414\u0412\u0422-003 \u043f\u0440\u0435\u0434\u043d\u0430\u0437\u043d\u0430\u0447\u0435\u043d\u043d\u044b\u0439 \u0434\u043b\u044f \u0438\u0437\u043c\u0435\u0440\u0435\u043d\u0438\u044f \u0442\u0435\u043c\u043f\u0435\u0440\u0430\u0442\u0443\u0440\u044b \u0438 \u0432\u043b\u0430\u0436\u043d\u043e\u0441\u0442\u0438 \u0432\u043e\u0437\u0434\u0443\u0445\u0430.\" \/>\n<meta name=\"robots\" content=\"index, follow, max-snippet:-1, max-image-preview:large, max-video-preview:-1\" \/>\n<link rel=\"canonical\" href=\"https:\/\/regmik.ua\/de\/product\/datchiki-vlazhnosti-i-temperaturyi-psihrometr-modifikatsiya-003\/\" \/>\n<script type=\"application\/ld+json\" class=\"yoast-schema-graph\">{\"@context\":\"https:\\\/\\\/schema.org\",\"@graph\":[{\"@type\":\"WebPage\",\"@id\":\"https:\\\/\\\/regmik.ua\\\/product\\\/datchiki-vlazhnosti-i-temperaturyi-psihrometr-modifikatsiya-003\\\/\",\"url\":\"https:\\\/\\\/regmik.ua\\\/product\\\/datchiki-vlazhnosti-i-temperaturyi-psihrometr-modifikatsiya-003\\\/\",\"name\":\"\u0414\u0430\u0442\u0447\u0438\u043a\u0438 \u0432\u043b\u0430\u0436\u043d\u043e\u0441\u0442\u0438 \u0438 \u0442\u0435\u043c\u043f\u0435\u0440\u0430\u0442\u0443\u0440\u044b (\u043f\u0441\u0438\u0445\u0440\u043e\u043c\u0435\u0442\u0440) \u0414\u0412\u0422-003\",\"isPartOf\":{\"@id\":\"https:\\\/\\\/regmik.ua\\\/uk\\\/#website\"},\"primaryImageOfPage\":{\"@id\":\"https:\\\/\\\/regmik.ua\\\/product\\\/datchiki-vlazhnosti-i-temperaturyi-psihrometr-modifikatsiya-003\\\/#primaryimage\"},\"image\":{\"@id\":\"https:\\\/\\\/regmik.ua\\\/product\\\/datchiki-vlazhnosti-i-temperaturyi-psihrometr-modifikatsiya-003\\\/#primaryimage\"},\"thumbnailUrl\":\"https:\\\/\\\/regmik.ua\\\/wp-content\\\/uploads\\\/2015\\\/08\\\/DVT-003.png\",\"datePublished\":\"2017-01-26T08:11:38+00:00\",\"dateModified\":\"2023-08-27T12:35:35+00:00\",\"description\":\"\u0414\u0430\u0442\u0447\u0438\u043a\u0438 \u0432\u043b\u0430\u0436\u043d\u043e\u0441\u0442\u0438 \u0438 \u0442\u0435\u043c\u043f\u0435\u0440\u0430\u0442\u0443\u0440\u044b (\u043f\u0441\u0438\u0445\u0440\u043e\u043c\u0435\u0442\u0440) \u0414\u0412\u0422-003 \u043f\u0440\u0435\u0434\u043d\u0430\u0437\u043d\u0430\u0447\u0435\u043d\u043d\u044b\u0439 \u0434\u043b\u044f \u0438\u0437\u043c\u0435\u0440\u0435\u043d\u0438\u044f \u0442\u0435\u043c\u043f\u0435\u0440\u0430\u0442\u0443\u0440\u044b \u0438 \u0432\u043b\u0430\u0436\u043d\u043e\u0441\u0442\u0438 \u0432\u043e\u0437\u0434\u0443\u0445\u0430.\",\"breadcrumb\":{\"@id\":\"https:\\\/\\\/regmik.ua\\\/product\\\/datchiki-vlazhnosti-i-temperaturyi-psihrometr-modifikatsiya-003\\\/#breadcrumb\"},\"inLanguage\":\"de\",\"potentialAction\":[{\"@type\":\"ReadAction\",\"target\":[\"https:\\\/\\\/regmik.ua\\\/product\\\/datchiki-vlazhnosti-i-temperaturyi-psihrometr-modifikatsiya-003\\\/\"]}]},{\"@type\":\"ImageObject\",\"inLanguage\":\"de\",\"@id\":\"https:\\\/\\\/regmik.ua\\\/product\\\/datchiki-vlazhnosti-i-temperaturyi-psihrometr-modifikatsiya-003\\\/#primaryimage\",\"url\":\"https:\\\/\\\/regmik.ua\\\/wp-content\\\/uploads\\\/2015\\\/08\\\/DVT-003.png\",\"contentUrl\":\"https:\\\/\\\/regmik.ua\\\/wp-content\\\/uploads\\\/2015\\\/08\\\/DVT-003.png\",\"width\":800,\"height\":1024,\"caption\":\"\u0414\u0430\u0442\u0447\u0438\u043a \u0438\u0437\u043c\u0435\u0440\u0435\u043d\u0438\u044f \u043e\u0442\u043d\u043e\u0441\u0438\u0442\u0435\u043b\u044c\u043d\u043e\u0439 \u0432\u043b\u0430\u0436\u043d\u043e\u0441\u0442\u0438 \u043f\u0441\u0438\u0445\u0440\u043e\u043c\u0435\u0442\u0440\u0438\u0447\u0435\u0441\u043a\u0438\u043c \u043c\u0435\u0442\u043e\u0434\u043e\u043c\"},{\"@type\":\"BreadcrumbList\",\"@id\":\"https:\\\/\\\/regmik.ua\\\/product\\\/datchiki-vlazhnosti-i-temperaturyi-psihrometr-modifikatsiya-003\\\/#breadcrumb\",\"itemListElement\":[{\"@type\":\"ListItem\",\"position\":1,\"name\":\"\u0413\u043b\u0430\u0432\u043d\u0430\u044f \u0441\u0442\u0440\u0430\u043d\u0438\u0446\u0430\",\"item\":\"https:\\\/\\\/regmik.ua\\\/\"},{\"@type\":\"ListItem\",\"position\":2,\"name\":\"\u041f\u0440\u043e\u0434\u0443\u043a\u0446\u0438\u044f\",\"item\":\"https:\\\/\\\/regmik.ua\\\/uk\\\/products\\\/\"},{\"@type\":\"ListItem\",\"position\":3,\"name\":\"\u0414\u0430\u0442\u0447\u0438\u043a\u0438 \u0432\u043b\u0430\u0436\u043d\u043e\u0441\u0442\u0438 \u0438 \u0442\u0435\u043c\u043f\u0435\u0440\u0430\u0442\u0443\u0440\u044b (\u043f\u0441\u0438\u0445\u0440\u043e\u043c\u0435\u0442\u0440) \u0414\u0412\u0422-003\"}]},{\"@type\":\"WebSite\",\"@id\":\"https:\\\/\\\/regmik.ua\\\/uk\\\/#website\",\"url\":\"https:\\\/\\\/regmik.ua\\\/uk\\\/\",\"name\":\"REGMIK\",\"description\":\"\u0418\u0437\u043c\u0435\u0440\u0438\u0442\u0435\u043b\u044c\u043d\u044b\u0435 \u043f\u0440\u0438\u0431\u043e\u0440\u044b \u0438 \u0434\u0430\u0442\u0447\u0438\u043a\u0438 \u0442\u0435\u043c\u043f\u0435\u0440\u0430\u0442\u0443\u0440\u044b\",\"publisher\":{\"@id\":\"https:\\\/\\\/regmik.ua\\\/uk\\\/#organization\"},\"alternateName\":\"REGMIK\",\"potentialAction\":[{\"@type\":\"SearchAction\",\"target\":{\"@type\":\"EntryPoint\",\"urlTemplate\":\"https:\\\/\\\/regmik.ua\\\/uk\\\/?s={search_term_string}\"},\"query-input\":{\"@type\":\"PropertyValueSpecification\",\"valueRequired\":true,\"valueName\":\"search_term_string\"}}],\"inLanguage\":\"de\"},{\"@type\":\"Organization\",\"@id\":\"https:\\\/\\\/regmik.ua\\\/uk\\\/#organization\",\"name\":\"REGMIK\",\"alternateName\":\"\u0420\u0415\u0413\u041c\u0418\u041a\",\"url\":\"https:\\\/\\\/regmik.ua\\\/uk\\\/\",\"logo\":{\"@type\":\"ImageObject\",\"inLanguage\":\"de\",\"@id\":\"https:\\\/\\\/regmik.ua\\\/uk\\\/#\\\/schema\\\/logo\\\/image\\\/\",\"url\":\"https:\\\/\\\/regmik.ua\\\/wp-content\\\/uploads\\\/2020\\\/03\\\/regmik_logo.png\",\"contentUrl\":\"https:\\\/\\\/regmik.ua\\\/wp-content\\\/uploads\\\/2020\\\/03\\\/regmik_logo.png\",\"width\":194,\"height\":45,\"caption\":\"REGMIK\"},\"image\":{\"@id\":\"https:\\\/\\\/regmik.ua\\\/uk\\\/#\\\/schema\\\/logo\\\/image\\\/\"},\"sameAs\":[\"https:\\\/\\\/www.facebook.com\\\/regmik.npf\",\"https:\\\/\\\/x.com\\\/regmiknpf\",\"https:\\\/\\\/www.youtube.com\\\/channel\\\/UC_SrY98SKAmR3Kt95GcVKcw\"]}]}<\/script>","yoast_head_json":{"title":"Feuchtigkeits- und Temperatursensoren (Psychrometer) DVT-003","description":"Feuchtigkeits- und Temperatursensoren (Psychrometer) DVT-003 zur Messung von Temperatur und Luftfeuchtigkeit.","robots":{"index":"index","follow":"follow","max-snippet":"max-snippet:-1","max-image-preview":"max-image-preview:large","max-video-preview":"max-video-preview:-1"},"canonical":"https:\/\/regmik.ua\/de\/product\/datchiki-vlazhnosti-i-temperaturyi-psihrometr-modifikatsiya-003\/","schema":{"@context":"https:\/\/schema.org","@graph":[{"@type":"WebPage","@id":"https:\/\/regmik.ua\/product\/datchiki-vlazhnosti-i-temperaturyi-psihrometr-modifikatsiya-003\/","url":"https:\/\/regmik.ua\/product\/datchiki-vlazhnosti-i-temperaturyi-psihrometr-modifikatsiya-003\/","name":"Feuchtigkeits- und Temperatursensoren (Psychrometer) DVT-003","isPartOf":{"@id":"https:\/\/regmik.ua\/uk\/#website"},"primaryImageOfPage":{"@id":"https:\/\/regmik.ua\/product\/datchiki-vlazhnosti-i-temperaturyi-psihrometr-modifikatsiya-003\/#primaryimage"},"image":{"@id":"https:\/\/regmik.ua\/product\/datchiki-vlazhnosti-i-temperaturyi-psihrometr-modifikatsiya-003\/#primaryimage"},"thumbnailUrl":"https:\/\/regmik.ua\/wp-content\/uploads\/2015\/08\/DVT-003.png","datePublished":"2017-01-26T08:11:38+00:00","dateModified":"2023-08-27T12:35:35+00:00","description":"Feuchtigkeits- und Temperatursensoren (Psychrometer) DVT-003 zur Messung von Temperatur und Luftfeuchtigkeit.","breadcrumb":{"@id":"https:\/\/regmik.ua\/product\/datchiki-vlazhnosti-i-temperaturyi-psihrometr-modifikatsiya-003\/#breadcrumb"},"inLanguage":"de","potentialAction":[{"@type":"ReadAction","target":["https:\/\/regmik.ua\/product\/datchiki-vlazhnosti-i-temperaturyi-psihrometr-modifikatsiya-003\/"]}]},{"@type":"ImageObject","inLanguage":"de","@id":"https:\/\/regmik.ua\/product\/datchiki-vlazhnosti-i-temperaturyi-psihrometr-modifikatsiya-003\/#primaryimage","url":"https:\/\/regmik.ua\/wp-content\/uploads\/2015\/08\/DVT-003.png","contentUrl":"https:\/\/regmik.ua\/wp-content\/uploads\/2015\/08\/DVT-003.png","width":800,"height":1024,"caption":"\u0414\u0430\u0442\u0447\u0438\u043a \u0438\u0437\u043c\u0435\u0440\u0435\u043d\u0438\u044f \u043e\u0442\u043d\u043e\u0441\u0438\u0442\u0435\u043b\u044c\u043d\u043e\u0439 \u0432\u043b\u0430\u0436\u043d\u043e\u0441\u0442\u0438 \u043f\u0441\u0438\u0445\u0440\u043e\u043c\u0435\u0442\u0440\u0438\u0447\u0435\u0441\u043a\u0438\u043c \u043c\u0435\u0442\u043e\u0434\u043e\u043c"},{"@type":"BreadcrumbList","@id":"https:\/\/regmik.ua\/product\/datchiki-vlazhnosti-i-temperaturyi-psihrometr-modifikatsiya-003\/#breadcrumb","itemListElement":[{"@type":"ListItem","position":1,"name":"\u0413\u043b\u0430\u0432\u043d\u0430\u044f \u0441\u0442\u0440\u0430\u043d\u0438\u0446\u0430","item":"https:\/\/regmik.ua\/"},{"@type":"ListItem","position":2,"name":"\u041f\u0440\u043e\u0434\u0443\u043a\u0446\u0438\u044f","item":"https:\/\/regmik.ua\/uk\/products\/"},{"@type":"ListItem","position":3,"name":"\u0414\u0430\u0442\u0447\u0438\u043a\u0438 \u0432\u043b\u0430\u0436\u043d\u043e\u0441\u0442\u0438 \u0438 \u0442\u0435\u043c\u043f\u0435\u0440\u0430\u0442\u0443\u0440\u044b (\u043f\u0441\u0438\u0445\u0440\u043e\u043c\u0435\u0442\u0440) \u0414\u0412\u0422-003"}]},{"@type":"WebSite","@id":"https:\/\/regmik.ua\/uk\/#website","url":"https:\/\/regmik.ua\/uk\/","name":"REGMIK","description":"Messger\u00e4te und Temperatursensoren","publisher":{"@id":"https:\/\/regmik.ua\/uk\/#organization"},"alternateName":"REGMIK","potentialAction":[{"@type":"SearchAction","target":{"@type":"EntryPoint","urlTemplate":"https:\/\/regmik.ua\/uk\/?s={search_term_string}"},"query-input":{"@type":"PropertyValueSpecification","valueRequired":true,"valueName":"search_term_string"}}],"inLanguage":"de"},{"@type":"Organization","@id":"https:\/\/regmik.ua\/uk\/#organization","name":"REGMIK","alternateName":"\u0420\u0415\u0413\u041c\u0418\u041a","url":"https:\/\/regmik.ua\/uk\/","logo":{"@type":"ImageObject","inLanguage":"de","@id":"https:\/\/regmik.ua\/uk\/#\/schema\/logo\/image\/","url":"https:\/\/regmik.ua\/wp-content\/uploads\/2020\/03\/regmik_logo.png","contentUrl":"https:\/\/regmik.ua\/wp-content\/uploads\/2020\/03\/regmik_logo.png","width":194,"height":45,"caption":"REGMIK"},"image":{"@id":"https:\/\/regmik.ua\/uk\/#\/schema\/logo\/image\/"},"sameAs":["https:\/\/www.facebook.com\/regmik.npf","https:\/\/x.com\/regmiknpf","https:\/\/www.youtube.com\/channel\/UC_SrY98SKAmR3Kt95GcVKcw"]}]}},"_links":{"self":[{"href":"https:\/\/regmik.ua\/de\/wp-json\/wp\/v2\/product\/15644","targetHints":{"allow":["GET"]}}],"collection":[{"href":"https:\/\/regmik.ua\/de\/wp-json\/wp\/v2\/product"}],"about":[{"href":"https:\/\/regmik.ua\/de\/wp-json\/wp\/v2\/types\/product"}],"replies":[{"embeddable":true,"href":"https:\/\/regmik.ua\/de\/wp-json\/wp\/v2\/comments?post=15644"}],"version-history":[{"count":0,"href":"https:\/\/regmik.ua\/de\/wp-json\/wp\/v2\/product\/15644\/revisions"}],"wp:featuredmedia":[{"embeddable":true,"href":"https:\/\/regmik.ua\/de\/wp-json\/wp\/v2\/media\/14793"}],"wp:attachment":[{"href":"https:\/\/regmik.ua\/de\/wp-json\/wp\/v2\/media?parent=15644"}],"wp:term":[{"taxonomy":"product_brand","embeddable":true,"href":"https:\/\/regmik.ua\/de\/wp-json\/wp\/v2\/product_brand?post=15644"},{"taxonomy":"product_cat","embeddable":true,"href":"https:\/\/regmik.ua\/de\/wp-json\/wp\/v2\/product_cat?post=15644"},{"taxonomy":"product_tag","embeddable":true,"href":"https:\/\/regmik.ua\/de\/wp-json\/wp\/v2\/product_tag?post=15644"}],"curies":[{"name":"wp","href":"https:\/\/api.w.org\/{rel}","templated":true}]}}