{"id":15493,"date":"2017-01-24T09:47:18","date_gmt":"2017-01-24T07:47:18","guid":{"rendered":"https:\/\/regmik.com.ua\/index.php\/product\/datchik-vlazhnosti-i-temperaturyi-modifikatsiya-011\/"},"modified":"2025-06-12T08:22:36","modified_gmt":"2025-06-12T06:22:36","slug":"datchik-vlazhnosti-i-temperaturyi-modifikatsiya-011","status":"publish","type":"product","link":"https:\/\/regmik.ua\/de\/product\/datchik-vlazhnosti-i-temperaturyi-modifikatsiya-011\/","title":{"rendered":"Feuchtigkeits- und Temperatursensoren DVT-011, DVTts-011"},"content":{"rendered":"<p>Das Unternehmen REGMIK stellt Feuchtigkeits- und Temperatursensoren mit digitalen (DVTts-011) und analogen (DVT-011) Sensorelementen her. Bei DVT-011-Sensoren wird das HIH4xxx-Element als empfindliches Element zur Messung der Luftfeuchtigkeit verwendet, bei DVTts-011-Sensoren das SHTxx-Element. Zur Temperaturmessung werden Temperatursensoren der deutschen Firma Heraeus eingesetzt.<\/p>\n<p>Feuchtigkeits- und Temperatursensoren dienen dazu, den Wert der relativen Luftfeuchtigkeit der Gasumgebung und ihrer Temperatur (mit Ausnahme aggressiver Gase) in elektrische Standardsignale umzuwandeln:<\/p>\n<ul>\n<li class=\"a\">analoge Spannung (gemessener Spannungswert am Feuchtigkeitssensor);<\/li>\n<li class=\"a\"><a href=\"https:\/\/uk.wikipedia.org\/wiki\/I%C2%B2C\">\u04062\u0421<\/a> - digitale Sensoren;<\/li>\n<li class=\"a\">Spannung 0-10V - f\u00fcr digitale und analoge Sensoren;<\/li>\n<li class=\"a\">Strom 4-20mA - f\u00fcr digitale und analoge Sensoren;<\/li>\n<li class=\"a\">Widerstand (Temperaturwert von einem Pt100-, Pt500- oder Pt1000-Temperatursensor) - f\u00fcr analoge Sensoren;<\/li>\n<li class=\"a\"><a href=\"https:\/\/uk.wikipedia.org\/wiki\/RS-485\">RS-485<\/a> (ModBus RTU-Protokoll) - f\u00fcr digitale Sensoren.<\/li>\n<\/ul>\n<p>Der Anwendungsbereich von Luftfeuchtigkeitssensoren ist sehr breit und umfasst:<\/p>\n<ul>\n<li>Aufrechterhaltung eines Mikroklimas innerhalb bestimmter Grenzen in einer Produktion, die mit feuchtigkeitsempfindlichen elektronischen Ger\u00e4ten ausgestattet ist;<\/li>\n<li>Kontrolle \u00fcber die Feuchtigkeitsindikatoren in B\u00fcror\u00e4umen im Alltag;<\/li>\n<li>Im Bereich Wohnen und kommunale Dienstleistungen - in Kesselh\u00e4usern und in Wasseraufbereitungsanlagen - verhindern sie die Bildung von Kondensat;<\/li>\n<li>Regelm\u00e4\u00dfige Kontrolle verhindert das Auftreten von Schimmel, Schimmel an den W\u00e4nden des Geb\u00e4udes oder im Lagerhaus.<\/li>\n<li>Kontrolle technologischer Prozesse;<\/li>\n<li>\u00dcberwachung von Umgebungsparametern usw.<\/li>\n<\/ul>\n<p>Das Material der Schutzarmaturen der Sensoren ist Edelstahl 12X18H10T. Feuchtigkeits- und Temperatursensoren DVT-011, DVTts-011 verhindern die Kondensation von Feuchtigkeit.<\/p>\n<p>Das mehrschichtige Design des HIH4xxx-Sensorelements bietet eine hervorragende Best\u00e4ndigkeit gegen die meisten Anwendungsgefahren wie N\u00e4sse, Staub, Schmutz, \u00d6l und g\u00e4ngige Umweltchemikalien. Hauptmerkmale von Sensoren basierend auf Elementen der HIH4xxx-Serie:<\/p>\n<ul>\n<li>Formk\u00f6rper aus duroplastischem Kunststoff;<\/li>\n<li>Fast lineare Ausgangsspannung gegen relative Luftfeuchtigkeit;<\/li>\n<li>Austauschbar mit Laser Fit;<\/li>\n<li>Low Power Design;<\/li>\n<li>Erh\u00f6hte Genauigkeit;<\/li>\n<li>Schnelle Reaktionszeit;<\/li>\n<li>Stabile Leistung bei geringer Drift;<\/li>\n<li>Chemische Resistenz.<\/li>\n<\/ul>\n<div class=\"page\" title=\"Seite 1\">\n<div class=\"layoutArea\">\n<div class=\"column\">\n<div class=\"page\" title=\"Seite 1\">\n<div class=\"layoutArea\">\n<div class=\"column\">\n<p>Feuchtigkeits- und Temperatursensoren DVT-011, DVTts-011, die auf Elementen der SHTxxx-Serie basieren, weisen die folgenden charakteristischen Merkmale auf:<\/p>\n<ul>\n<li>Hohe Zuverl\u00e4ssigkeit und Langzeitstabilit\u00e4t;<\/li>\n<li>Branchenerprobte Technologie mit \u00fcber 10 Jahren Erfahrung;<\/li>\n<li>Entwickelt f\u00fcr die Massenproduktion;<\/li>\n<li>Optimiert f\u00fcr die niedrigsten Kosten;<\/li>\n<li>Niedriger Signalrauschpegel.<\/li>\n<\/ul>\n<\/div>\n<\/div>\n<\/div>\n<\/div>\n<\/div>\n<\/div>\n<p>Der Messumformer arbeitet stabil innerhalb des empfohlenen Messbereichs f\u00fcr Luftfeuchtigkeit und Temperatur. Eine l\u00e4ngere Exposition gegen\u00fcber Bedingungen au\u00dferhalb des normalen Bereichs, insbesondere Luftfeuchtigkeit&gt; 80%, kann die Messunsicherheit vor\u00fcbergehend erh\u00f6hen. Sobald der normale Bereich wiederhergestellt ist, werden die Werkseinstellungen langsam wiederhergestellt.<\/p>\n<p>Besondere Vorsicht ist geboten, wenn der Sender unter feuchten Bedingungen (&gt; 98%) und in der N\u00e4he des Taupunkts verwendet wird Bei N\u00e4sse kann das Sensorelement irreparabel besch\u00e4digt werden.<\/p>\n<p>Es sind auch andere Modifikationen von Feuchtigkeitssensoren erh\u00e4ltlich, mit denen Sie sich vertraut machen k\u00f6nnen <a href=\"\/product-category\/sensors\/humidity-sensors\/?filter_tip-che=sht&amp;query_type_tip-che=or\">Verkn\u00fcpfung ...<\/a><\/p>\n<p>M\u00f6glicherweise interessieren Sie sich f\u00fcr Sensoren mit beweglicher und nicht beweglicher Verbindung (Standardgewinde M20x1,5) - <a href=\"https:\/\/regmik.ua\/product\/datchik-vlazhnosti-i-temperaturyi-modifikatsiya-012\/\">DVT-012<\/a>, <a href=\"https:\/\/regmik.ua\/product\/datchik-vlazhnosti-i-temperaturyi-modifikatsiya-012\/\">DVTts-012.<\/a><\/p>","protected":false},"excerpt":{"rendered":"<p>Feuchtigkeits- und Temperatursensoren werden in Klimatisierungssystemen und zur Steuerung technologischer Prozesse eingesetzt. DVT kann digital und analog sein, digitale Ausg\u00e4nge, RS-485, 4..20mA oder 0..10V haben und auch verschiedene Arten von messtechnischen Eigenschaften aufweisen.<\/p>","protected":false},"featured_media":29209,"comment_status":"open","ping_status":"closed","template":"","meta":[],"product_brand":[3454],"product_cat":[492],"product_tag":[553],"class_list":{"0":"post-15493","1":"product","2":"type-product","3":"status-publish","4":"has-post-thumbnail","6":"product_brand-regmik","7":"product_cat-humidity-sensors","8":"product_tag-datchik-vlazhnosti","9":"pa_tip-che-hih","10":"pa_tip-che-sht","11":"pa_unif-signal-dvt-sht-i2c","12":"pa_unif-signal-dvt-sht-rs485","13":"pa_unif-signal-tc-hih-resistance-analog-voltage","14":"pa_unif-signal-dvt-ts-hih-soprotivlenie-tok-4-20ma","15":"pa_unif-signal-dvt-ts-hih-napryazhenie-0-10v-napryazhenie-0-10v","16":"pa_unif-signal-dvt-sht-napryazhenie-0-10v-napryazhenie-0-10v","17":"pa_unif-signal-dvt-ts-hih-tok-4-20ma-tok-4-20ma","18":"pa_unif-signal-dvt-sht-tok-4-20ma-tok-4-20ma","19":"pa_vid-metrologicheskoy-620","20":"pa_vid-metrologicheskoy-621","23":"instock","24":"featured","25":"shipping-taxable","26":"purchasable","27":"product-type-variable","28":"has-default-attributes"},"yoast_head":"<title>\u0414\u0430\u0442\u0447\u0438\u043a\u0438 \u0432\u043b\u0430\u0436\u043d\u043e\u0441\u0442\u0438 \u0438 \u0442\u0435\u043c\u043f\u0435\u0440\u0430\u0442\u0443\u0440\u044b \u0414\u0412\u0422-011, \u0414\u0412\u0422\u0446-011<\/title>\n<meta name=\"description\" content=\"\u0414\u0430\u0442\u0447\u0438\u043a\u0438 \u0432\u043b\u0430\u0436\u043d\u043e\u0441\u0442\u0438 \u0438 \u0442\u0435\u043c\u043f\u0435\u0440\u0430\u0442\u0443\u0440\u044b\u00a0 \u0441 \u0446\u0438\u0444\u0440\u043e\u0432\u044b\u043c (\u0414\u0412\u0422\u0446-011) \u0438 \u0430\u043d\u0430\u043b\u043e\u0433\u043e\u0432\u044b\u043c (\u0414\u0412\u0422-011) \u0432\u044b\u0445\u043e\u0434\u043e\u043c. \u041f\u043e\u0434\u0434\u0435\u0440\u0436\u043a\u0430 RS-485 (\u043f\u0440\u043e\u0442\u043e\u043a\u043e\u043b ModBus RTU).\" \/>\n<meta name=\"robots\" content=\"index, follow, max-snippet:-1, max-image-preview:large, max-video-preview:-1\" \/>\n<link rel=\"canonical\" href=\"https:\/\/regmik.ua\/de\/product\/datchik-vlazhnosti-i-temperaturyi-modifikatsiya-011\/\" \/>\n<script type=\"application\/ld+json\" class=\"yoast-schema-graph\">{\"@context\":\"https:\\\/\\\/schema.org\",\"@graph\":[{\"@type\":\"WebPage\",\"@id\":\"https:\\\/\\\/regmik.ua\\\/product\\\/datchik-vlazhnosti-i-temperaturyi-modifikatsiya-011\\\/\",\"url\":\"https:\\\/\\\/regmik.ua\\\/product\\\/datchik-vlazhnosti-i-temperaturyi-modifikatsiya-011\\\/\",\"name\":\"\u0414\u0430\u0442\u0447\u0438\u043a\u0438 \u0432\u043b\u0430\u0436\u043d\u043e\u0441\u0442\u0438 \u0438 \u0442\u0435\u043c\u043f\u0435\u0440\u0430\u0442\u0443\u0440\u044b \u0414\u0412\u0422-011, \u0414\u0412\u0422\u0446-011\",\"isPartOf\":{\"@id\":\"https:\\\/\\\/regmik.ua\\\/uk\\\/#website\"},\"primaryImageOfPage\":{\"@id\":\"https:\\\/\\\/regmik.ua\\\/product\\\/datchik-vlazhnosti-i-temperaturyi-modifikatsiya-011\\\/#primaryimage\"},\"image\":{\"@id\":\"https:\\\/\\\/regmik.ua\\\/product\\\/datchik-vlazhnosti-i-temperaturyi-modifikatsiya-011\\\/#primaryimage\"},\"thumbnailUrl\":\"https:\\\/\\\/regmik.ua\\\/wp-content\\\/uploads\\\/photo_2025-04-10-15.12.13.jpeg\",\"datePublished\":\"2017-01-24T07:47:18+00:00\",\"dateModified\":\"2025-06-12T06:22:36+00:00\",\"description\":\"\u0414\u0430\u0442\u0447\u0438\u043a\u0438 \u0432\u043b\u0430\u0436\u043d\u043e\u0441\u0442\u0438 \u0438 \u0442\u0435\u043c\u043f\u0435\u0440\u0430\u0442\u0443\u0440\u044b\u00a0 \u0441 \u0446\u0438\u0444\u0440\u043e\u0432\u044b\u043c (\u0414\u0412\u0422\u0446-011) \u0438 \u0430\u043d\u0430\u043b\u043e\u0433\u043e\u0432\u044b\u043c (\u0414\u0412\u0422-011) \u0432\u044b\u0445\u043e\u0434\u043e\u043c. \u041f\u043e\u0434\u0434\u0435\u0440\u0436\u043a\u0430 RS-485 (\u043f\u0440\u043e\u0442\u043e\u043a\u043e\u043b ModBus RTU).\",\"breadcrumb\":{\"@id\":\"https:\\\/\\\/regmik.ua\\\/product\\\/datchik-vlazhnosti-i-temperaturyi-modifikatsiya-011\\\/#breadcrumb\"},\"inLanguage\":\"de\",\"potentialAction\":[{\"@type\":\"ReadAction\",\"target\":[\"https:\\\/\\\/regmik.ua\\\/product\\\/datchik-vlazhnosti-i-temperaturyi-modifikatsiya-011\\\/\"]}]},{\"@type\":\"ImageObject\",\"inLanguage\":\"de\",\"@id\":\"https:\\\/\\\/regmik.ua\\\/product\\\/datchik-vlazhnosti-i-temperaturyi-modifikatsiya-011\\\/#primaryimage\",\"url\":\"https:\\\/\\\/regmik.ua\\\/wp-content\\\/uploads\\\/photo_2025-04-10-15.12.13.jpeg\",\"contentUrl\":\"https:\\\/\\\/regmik.ua\\\/wp-content\\\/uploads\\\/photo_2025-04-10-15.12.13.jpeg\",\"width\":500,\"height\":640},{\"@type\":\"BreadcrumbList\",\"@id\":\"https:\\\/\\\/regmik.ua\\\/product\\\/datchik-vlazhnosti-i-temperaturyi-modifikatsiya-011\\\/#breadcrumb\",\"itemListElement\":[{\"@type\":\"ListItem\",\"position\":1,\"name\":\"\u0413\u043b\u0430\u0432\u043d\u0430\u044f \u0441\u0442\u0440\u0430\u043d\u0438\u0446\u0430\",\"item\":\"https:\\\/\\\/regmik.ua\\\/\"},{\"@type\":\"ListItem\",\"position\":2,\"name\":\"\u041f\u0440\u043e\u0434\u0443\u043a\u0446\u0438\u044f\",\"item\":\"https:\\\/\\\/regmik.ua\\\/uk\\\/products\\\/\"},{\"@type\":\"ListItem\",\"position\":3,\"name\":\"\u0414\u0430\u0442\u0447\u0438\u043a\u0438 \u0432\u043b\u0430\u0436\u043d\u043e\u0441\u0442\u0438 \u0438 \u0442\u0435\u043c\u043f\u0435\u0440\u0430\u0442\u0443\u0440\u044b \u0414\u0412\u0422-011, \u0414\u0412\u0422\u0446-011\"}]},{\"@type\":\"WebSite\",\"@id\":\"https:\\\/\\\/regmik.ua\\\/uk\\\/#website\",\"url\":\"https:\\\/\\\/regmik.ua\\\/uk\\\/\",\"name\":\"REGMIK\",\"description\":\"\u0418\u0437\u043c\u0435\u0440\u0438\u0442\u0435\u043b\u044c\u043d\u044b\u0435 \u043f\u0440\u0438\u0431\u043e\u0440\u044b \u0438 \u0434\u0430\u0442\u0447\u0438\u043a\u0438 \u0442\u0435\u043c\u043f\u0435\u0440\u0430\u0442\u0443\u0440\u044b\",\"publisher\":{\"@id\":\"https:\\\/\\\/regmik.ua\\\/uk\\\/#organization\"},\"alternateName\":\"REGMIK\",\"potentialAction\":[{\"@type\":\"SearchAction\",\"target\":{\"@type\":\"EntryPoint\",\"urlTemplate\":\"https:\\\/\\\/regmik.ua\\\/uk\\\/?s={search_term_string}\"},\"query-input\":{\"@type\":\"PropertyValueSpecification\",\"valueRequired\":true,\"valueName\":\"search_term_string\"}}],\"inLanguage\":\"de\"},{\"@type\":\"Organization\",\"@id\":\"https:\\\/\\\/regmik.ua\\\/uk\\\/#organization\",\"name\":\"REGMIK\",\"alternateName\":\"\u0420\u0415\u0413\u041c\u0418\u041a\",\"url\":\"https:\\\/\\\/regmik.ua\\\/uk\\\/\",\"logo\":{\"@type\":\"ImageObject\",\"inLanguage\":\"de\",\"@id\":\"https:\\\/\\\/regmik.ua\\\/uk\\\/#\\\/schema\\\/logo\\\/image\\\/\",\"url\":\"https:\\\/\\\/regmik.ua\\\/wp-content\\\/uploads\\\/2020\\\/03\\\/regmik_logo.png\",\"contentUrl\":\"https:\\\/\\\/regmik.ua\\\/wp-content\\\/uploads\\\/2020\\\/03\\\/regmik_logo.png\",\"width\":194,\"height\":45,\"caption\":\"REGMIK\"},\"image\":{\"@id\":\"https:\\\/\\\/regmik.ua\\\/uk\\\/#\\\/schema\\\/logo\\\/image\\\/\"},\"sameAs\":[\"https:\\\/\\\/www.facebook.com\\\/regmik.npf\",\"https:\\\/\\\/x.com\\\/regmiknpf\",\"https:\\\/\\\/www.youtube.com\\\/channel\\\/UC_SrY98SKAmR3Kt95GcVKcw\"]}]}<\/script>","yoast_head_json":{"title":"Feuchtigkeits- und Temperatursensoren DVT-011, DVTts-011","description":"Feuchtigkeits- und Temperatursensoren mit digitalen (DVTts-011) und analogen (DVT-011) Ausg\u00e4ngen. RS-485-Unterst\u00fctzung (ModBus RTU-Protokoll).","robots":{"index":"index","follow":"follow","max-snippet":"max-snippet:-1","max-image-preview":"max-image-preview:large","max-video-preview":"max-video-preview:-1"},"canonical":"https:\/\/regmik.ua\/de\/product\/datchik-vlazhnosti-i-temperaturyi-modifikatsiya-011\/","schema":{"@context":"https:\/\/schema.org","@graph":[{"@type":"WebPage","@id":"https:\/\/regmik.ua\/product\/datchik-vlazhnosti-i-temperaturyi-modifikatsiya-011\/","url":"https:\/\/regmik.ua\/product\/datchik-vlazhnosti-i-temperaturyi-modifikatsiya-011\/","name":"Feuchtigkeits- und Temperatursensoren DVT-011, DVTts-011","isPartOf":{"@id":"https:\/\/regmik.ua\/uk\/#website"},"primaryImageOfPage":{"@id":"https:\/\/regmik.ua\/product\/datchik-vlazhnosti-i-temperaturyi-modifikatsiya-011\/#primaryimage"},"image":{"@id":"https:\/\/regmik.ua\/product\/datchik-vlazhnosti-i-temperaturyi-modifikatsiya-011\/#primaryimage"},"thumbnailUrl":"https:\/\/regmik.ua\/wp-content\/uploads\/photo_2025-04-10-15.12.13.jpeg","datePublished":"2017-01-24T07:47:18+00:00","dateModified":"2025-06-12T06:22:36+00:00","description":"Feuchtigkeits- und Temperatursensoren mit digitalen (DVTts-011) und analogen (DVT-011) Ausg\u00e4ngen. RS-485-Unterst\u00fctzung (ModBus RTU-Protokoll).","breadcrumb":{"@id":"https:\/\/regmik.ua\/product\/datchik-vlazhnosti-i-temperaturyi-modifikatsiya-011\/#breadcrumb"},"inLanguage":"de","potentialAction":[{"@type":"ReadAction","target":["https:\/\/regmik.ua\/product\/datchik-vlazhnosti-i-temperaturyi-modifikatsiya-011\/"]}]},{"@type":"ImageObject","inLanguage":"de","@id":"https:\/\/regmik.ua\/product\/datchik-vlazhnosti-i-temperaturyi-modifikatsiya-011\/#primaryimage","url":"https:\/\/regmik.ua\/wp-content\/uploads\/photo_2025-04-10-15.12.13.jpeg","contentUrl":"https:\/\/regmik.ua\/wp-content\/uploads\/photo_2025-04-10-15.12.13.jpeg","width":500,"height":640},{"@type":"BreadcrumbList","@id":"https:\/\/regmik.ua\/product\/datchik-vlazhnosti-i-temperaturyi-modifikatsiya-011\/#breadcrumb","itemListElement":[{"@type":"ListItem","position":1,"name":"\u0413\u043b\u0430\u0432\u043d\u0430\u044f \u0441\u0442\u0440\u0430\u043d\u0438\u0446\u0430","item":"https:\/\/regmik.ua\/"},{"@type":"ListItem","position":2,"name":"\u041f\u0440\u043e\u0434\u0443\u043a\u0446\u0438\u044f","item":"https:\/\/regmik.ua\/uk\/products\/"},{"@type":"ListItem","position":3,"name":"\u0414\u0430\u0442\u0447\u0438\u043a\u0438 \u0432\u043b\u0430\u0436\u043d\u043e\u0441\u0442\u0438 \u0438 \u0442\u0435\u043c\u043f\u0435\u0440\u0430\u0442\u0443\u0440\u044b \u0414\u0412\u0422-011, \u0414\u0412\u0422\u0446-011"}]},{"@type":"WebSite","@id":"https:\/\/regmik.ua\/uk\/#website","url":"https:\/\/regmik.ua\/uk\/","name":"REGMIK","description":"Messger\u00e4te und Temperatursensoren","publisher":{"@id":"https:\/\/regmik.ua\/uk\/#organization"},"alternateName":"REGMIK","potentialAction":[{"@type":"SearchAction","target":{"@type":"EntryPoint","urlTemplate":"https:\/\/regmik.ua\/uk\/?s={search_term_string}"},"query-input":{"@type":"PropertyValueSpecification","valueRequired":true,"valueName":"search_term_string"}}],"inLanguage":"de"},{"@type":"Organization","@id":"https:\/\/regmik.ua\/uk\/#organization","name":"REGMIK","alternateName":"\u0420\u0415\u0413\u041c\u0418\u041a","url":"https:\/\/regmik.ua\/uk\/","logo":{"@type":"ImageObject","inLanguage":"de","@id":"https:\/\/regmik.ua\/uk\/#\/schema\/logo\/image\/","url":"https:\/\/regmik.ua\/wp-content\/uploads\/2020\/03\/regmik_logo.png","contentUrl":"https:\/\/regmik.ua\/wp-content\/uploads\/2020\/03\/regmik_logo.png","width":194,"height":45,"caption":"REGMIK"},"image":{"@id":"https:\/\/regmik.ua\/uk\/#\/schema\/logo\/image\/"},"sameAs":["https:\/\/www.facebook.com\/regmik.npf","https:\/\/x.com\/regmiknpf","https:\/\/www.youtube.com\/channel\/UC_SrY98SKAmR3Kt95GcVKcw"]}]}},"_links":{"self":[{"href":"https:\/\/regmik.ua\/de\/wp-json\/wp\/v2\/product\/15493","targetHints":{"allow":["GET"]}}],"collection":[{"href":"https:\/\/regmik.ua\/de\/wp-json\/wp\/v2\/product"}],"about":[{"href":"https:\/\/regmik.ua\/de\/wp-json\/wp\/v2\/types\/product"}],"replies":[{"embeddable":true,"href":"https:\/\/regmik.ua\/de\/wp-json\/wp\/v2\/comments?post=15493"}],"version-history":[{"count":0,"href":"https:\/\/regmik.ua\/de\/wp-json\/wp\/v2\/product\/15493\/revisions"}],"wp:featuredmedia":[{"embeddable":true,"href":"https:\/\/regmik.ua\/de\/wp-json\/wp\/v2\/media\/29209"}],"wp:attachment":[{"href":"https:\/\/regmik.ua\/de\/wp-json\/wp\/v2\/media?parent=15493"}],"wp:term":[{"taxonomy":"product_brand","embeddable":true,"href":"https:\/\/regmik.ua\/de\/wp-json\/wp\/v2\/product_brand?post=15493"},{"taxonomy":"product_cat","embeddable":true,"href":"https:\/\/regmik.ua\/de\/wp-json\/wp\/v2\/product_cat?post=15493"},{"taxonomy":"product_tag","embeddable":true,"href":"https:\/\/regmik.ua\/de\/wp-json\/wp\/v2\/product_tag?post=15493"}],"curies":[{"name":"wp","href":"https:\/\/api.w.org\/{rel}","templated":true}]}}