{"id":15070,"date":"2016-11-17T14:05:45","date_gmt":"2016-11-17T12:05:45","guid":{"rendered":"http:\/\/test.regmik.com.ua\/index.php\/product\/besprovodnoy-preobrazovatel-interfeysov\/"},"modified":"2024-02-05T12:38:21","modified_gmt":"2024-02-05T10:38:21","slug":"besprovodnoy-preobrazovatel-interfeysov","status":"publish","type":"product","link":"https:\/\/regmik.ua\/de\/product\/besprovodnoy-preobrazovatel-interfeysov\/","title":{"rendered":"Drahtloser RS-485-Schnittstellenkonverter"},"content":{"rendered":"<p>Drahtlose Schnittstellenkonverter (BPI) dienen zum Organisieren des Informationsaustauschs zwischen Remote-Ger\u00e4ten (PC, Ger\u00e4te und deren Kombinationen). Mit dem Ger\u00e4t k\u00f6nnen Sie Daten im Halbduplexmodus senden \/ empfangen. Ideal f\u00fcr den Betrieb des ModBus RTU-Protokolls geeignet.<br \/>\nDie folgenden elektrischen Signalschnittstellen sind verf\u00fcgbar: USB (USB 1.1 und USB 2.0-kompatibel), RS-485 \/ V.11 (EIA-485).<\/p>\n<h3>Hauptmerkmale von Konvertern f\u00fcr drahtlose Schnittstellen<\/h3>\n<ul>\n<li>Frequenzbereich 433 MHz (optional 866 MHz \/ 916 MHz);<\/li>\n<li>die Anzahl der verf\u00fcgbaren Kan\u00e4le bis zu 90;<\/li>\n<li>Sendeleistung bis 10 mW (Genehmigung von Ukrchastotnadzor nicht erforderlich);<\/li>\n<li>Kommunikationsreichweite bis zu 200 m (Sichtlinie) und bis zu 50 m in Innenr\u00e4umen;<\/li>\n<li>Betriebsarten: Master \/ Slave \/ Repeater;<\/li>\n<li>Bei Anschluss an die USB-Schnittstelle ben\u00f6tigen die Netzteile kein zus\u00e4tzliches externes Netzteil.<\/li>\n<\/ul>\n<p>Das vorgeschlagene BPI-Abstimmungssystem erleichtert die Auswahl der optimalen Standorte f\u00fcr ihren Standort.<\/p>\n<h3>Derzeit stellt das Unternehmen ein Universalmodell BPI USB \/ 485 \/ Radio her.<\/h3>\n<p>Das BPI-Lieferset enth\u00e4lt: USB-Kabel, Bedienungsanleitung und erforderliche Software f\u00fcr den Anschluss an den PC.<\/p>","protected":false},"excerpt":{"rendered":"<p>Drahtlose Schnittstellenkonverter erm\u00f6glichen das Senden \/ Empfangen von Daten zwischen Remote-Ger\u00e4ten im Halbduplex-Modus in einer Entfernung von bis zu 200 m (Sichtlinie) und bis zu 50 m (geschlossener Raum). Das Unternehmen produziert ein universelles Modell von BPI USB \/ RS-485 \/ Radio.<\/p>","protected":false},"featured_media":15076,"comment_status":"open","ping_status":"closed","template":"","meta":[],"product_brand":[],"product_cat":[66,37],"product_tag":[563,565,564,562],"class_list":{"0":"post-15070","1":"product","2":"type-product","3":"status-publish","4":"has-post-thumbnail","6":"product_cat-interface-converters","7":"product_cat-devices","8":"product_tag-besprovodnoj","9":"product_tag-bpi","10":"product_tag-interfejs","11":"product_tag-preobrazovatel","14":"instock","15":"shipping-taxable","16":"purchasable","17":"product-type-simple"},"yoast_head":"<title>\u0411\u0435\u0441\u043f\u0440\u043e\u0432\u043e\u0434\u043d\u043e\u0439 \u043f\u0440\u0435\u043e\u0431\u0440\u0430\u0437\u043e\u0432\u0430\u0442\u0435\u043b\u044c \u0438\u043d\u0442\u0435\u0440\u0444\u0435\u0439\u0441\u043e\u0432<\/title>\n<meta name=\"description\" content=\"\u0411\u0435\u0441\u043f\u0440\u043e\u0432\u043e\u0434\u043d\u044b\u0435 \u043f\u0440\u0435\u043e\u0431\u0440\u0430\u0437\u043e\u0432\u0430\u0442\u0435\u043b\u0438 \u0438\u043d\u0442\u0435\u0440\u0444\u0435\u0439\u0441\u043e\u0432 RS-485 \u043f\u043e\u0437\u0432\u043e\u043b\u044f\u044e\u0442 \u043f\u0435\u0440\u0435\u0434\u0430\u0432\u0430\u0442\u044c\/\u043f\u0440\u0438\u043d\u0438\u043c\u0430\u0442\u044c \u0434\u0430\u043d\u043d\u044b\u0435 \u043c\u0435\u0436\u0434\u0443 \u0443\u0434\u0430\u043b\u0435\u043d\u043d\u044b\u043c\u0438 \u0443\u0441\u0442\u0440\u043e\u0439\u0441\u0442\u0432\u0430\u043c\u0438 \u0432 \u043f\u043e\u043b\u0443\u0434\u0443\u043f\u043b\u0435\u043a\u0441\u043d\u043e\u043c \u0440\u0435\u0436\u0438\u043c\u0435 \u043d\u0430 \u0440\u0430\u0441\u0441\u0442\u043e\u044f\u043d\u0438\u0438 \u0434\u043e 200 \u043c (\u043f\u0440\u044f\u043c\u0430\u044f \u0432\u0438\u0434\u0438\u043c\u043e\u0441\u0442\u044c) \u0438 \u0434\u043e 50 \u043c (\u0437\u0430\u043a\u0440\u044b\u0442\u043e\u0435 \u043f\u043e\u043c\u0435\u0449\u0435\u043d\u0438\u0435). \u041f\u0440\u0435\u0434\u043f\u0440\u0438\u044f\u0442\u0438\u0435\u043c \u0432\u044b\u043f\u0443\u0441\u043a\u0430\u0435\u0442\u0441\u044f \u0443\u043d\u0438\u0432\u0435\u0440\u0441\u0430\u043b\u044c\u043d\u0430\u044f \u043c\u043e\u0434\u0435\u043b\u044c \u0411\u041f\u0418 USB\/RS-485\/Radio.\" \/>\n<meta name=\"robots\" content=\"index, follow, max-snippet:-1, max-image-preview:large, max-video-preview:-1\" \/>\n<link rel=\"canonical\" href=\"https:\/\/regmik.ua\/de\/product\/besprovodnoy-preobrazovatel-interfeysov\/\" \/>\n<script type=\"application\/ld+json\" class=\"yoast-schema-graph\">{\"@context\":\"https:\\\/\\\/schema.org\",\"@graph\":[{\"@type\":\"WebPage\",\"@id\":\"https:\\\/\\\/regmik.ua\\\/product\\\/besprovodnoy-preobrazovatel-interfeysov\\\/\",\"url\":\"https:\\\/\\\/regmik.ua\\\/product\\\/besprovodnoy-preobrazovatel-interfeysov\\\/\",\"name\":\"\u0411\u0435\u0441\u043f\u0440\u043e\u0432\u043e\u0434\u043d\u043e\u0439 \u043f\u0440\u0435\u043e\u0431\u0440\u0430\u0437\u043e\u0432\u0430\u0442\u0435\u043b\u044c \u0438\u043d\u0442\u0435\u0440\u0444\u0435\u0439\u0441\u043e\u0432\",\"isPartOf\":{\"@id\":\"https:\\\/\\\/regmik.ua\\\/uk\\\/#website\"},\"primaryImageOfPage\":{\"@id\":\"https:\\\/\\\/regmik.ua\\\/product\\\/besprovodnoy-preobrazovatel-interfeysov\\\/#primaryimage\"},\"image\":{\"@id\":\"https:\\\/\\\/regmik.ua\\\/product\\\/besprovodnoy-preobrazovatel-interfeysov\\\/#primaryimage\"},\"thumbnailUrl\":\"https:\\\/\\\/regmik.ua\\\/wp-content\\\/uploads\\\/2015\\\/08\\\/usb_rs485_radio_side.png\",\"datePublished\":\"2016-11-17T12:05:45+00:00\",\"dateModified\":\"2024-02-05T10:38:21+00:00\",\"description\":\"\u0411\u0435\u0441\u043f\u0440\u043e\u0432\u043e\u0434\u043d\u044b\u0435 \u043f\u0440\u0435\u043e\u0431\u0440\u0430\u0437\u043e\u0432\u0430\u0442\u0435\u043b\u0438 \u0438\u043d\u0442\u0435\u0440\u0444\u0435\u0439\u0441\u043e\u0432 RS-485 \u043f\u043e\u0437\u0432\u043e\u043b\u044f\u044e\u0442 \u043f\u0435\u0440\u0435\u0434\u0430\u0432\u0430\u0442\u044c\\\/\u043f\u0440\u0438\u043d\u0438\u043c\u0430\u0442\u044c \u0434\u0430\u043d\u043d\u044b\u0435 \u043c\u0435\u0436\u0434\u0443 \u0443\u0434\u0430\u043b\u0435\u043d\u043d\u044b\u043c\u0438 \u0443\u0441\u0442\u0440\u043e\u0439\u0441\u0442\u0432\u0430\u043c\u0438 \u0432 \u043f\u043e\u043b\u0443\u0434\u0443\u043f\u043b\u0435\u043a\u0441\u043d\u043e\u043c \u0440\u0435\u0436\u0438\u043c\u0435 \u043d\u0430 \u0440\u0430\u0441\u0441\u0442\u043e\u044f\u043d\u0438\u0438 \u0434\u043e 200 \u043c (\u043f\u0440\u044f\u043c\u0430\u044f \u0432\u0438\u0434\u0438\u043c\u043e\u0441\u0442\u044c) \u0438 \u0434\u043e 50 \u043c (\u0437\u0430\u043a\u0440\u044b\u0442\u043e\u0435 \u043f\u043e\u043c\u0435\u0449\u0435\u043d\u0438\u0435). \u041f\u0440\u0435\u0434\u043f\u0440\u0438\u044f\u0442\u0438\u0435\u043c \u0432\u044b\u043f\u0443\u0441\u043a\u0430\u0435\u0442\u0441\u044f \u0443\u043d\u0438\u0432\u0435\u0440\u0441\u0430\u043b\u044c\u043d\u0430\u044f \u043c\u043e\u0434\u0435\u043b\u044c \u0411\u041f\u0418 USB\\\/RS-485\\\/Radio.\",\"breadcrumb\":{\"@id\":\"https:\\\/\\\/regmik.ua\\\/product\\\/besprovodnoy-preobrazovatel-interfeysov\\\/#breadcrumb\"},\"inLanguage\":\"de\",\"potentialAction\":[{\"@type\":\"ReadAction\",\"target\":[\"https:\\\/\\\/regmik.ua\\\/product\\\/besprovodnoy-preobrazovatel-interfeysov\\\/\"]}]},{\"@type\":\"ImageObject\",\"inLanguage\":\"de\",\"@id\":\"https:\\\/\\\/regmik.ua\\\/product\\\/besprovodnoy-preobrazovatel-interfeysov\\\/#primaryimage\",\"url\":\"https:\\\/\\\/regmik.ua\\\/wp-content\\\/uploads\\\/2015\\\/08\\\/usb_rs485_radio_side.png\",\"contentUrl\":\"https:\\\/\\\/regmik.ua\\\/wp-content\\\/uploads\\\/2015\\\/08\\\/usb_rs485_radio_side.png\",\"width\":800,\"height\":1024,\"caption\":\"\u0411\u0435\u0441\u043f\u0440\u043e\u0432\u043e\u0434\u043d\u043e\u0439 \u043f\u0440\u0435\u043e\u0431\u0440\u0430\u0437\u043e\u0432\u0430\u0442\u0435\u043b\u044c \u0438\u043d\u0442\u0435\u0440\u0444\u0435\u0439\u0441\u043e\u0432\"},{\"@type\":\"BreadcrumbList\",\"@id\":\"https:\\\/\\\/regmik.ua\\\/product\\\/besprovodnoy-preobrazovatel-interfeysov\\\/#breadcrumb\",\"itemListElement\":[{\"@type\":\"ListItem\",\"position\":1,\"name\":\"\u0413\u043b\u0430\u0432\u043d\u0430\u044f \u0441\u0442\u0440\u0430\u043d\u0438\u0446\u0430\",\"item\":\"https:\\\/\\\/regmik.ua\\\/\"},{\"@type\":\"ListItem\",\"position\":2,\"name\":\"\u041f\u0440\u043e\u0434\u0443\u043a\u0446\u0438\u044f\",\"item\":\"https:\\\/\\\/regmik.ua\\\/uk\\\/products\\\/\"},{\"@type\":\"ListItem\",\"position\":3,\"name\":\"\u0411\u0435\u0441\u043f\u0440\u043e\u0432\u043e\u0434\u043d\u043e\u0439 \u043f\u0440\u0435\u043e\u0431\u0440\u0430\u0437\u043e\u0432\u0430\u0442\u0435\u043b\u044c \u0438\u043d\u0442\u0435\u0440\u0444\u0435\u0439\u0441\u043e\u0432 RS-485\"}]},{\"@type\":\"WebSite\",\"@id\":\"https:\\\/\\\/regmik.ua\\\/uk\\\/#website\",\"url\":\"https:\\\/\\\/regmik.ua\\\/uk\\\/\",\"name\":\"REGMIK\",\"description\":\"\u0418\u0437\u043c\u0435\u0440\u0438\u0442\u0435\u043b\u044c\u043d\u044b\u0435 \u043f\u0440\u0438\u0431\u043e\u0440\u044b \u0438 \u0434\u0430\u0442\u0447\u0438\u043a\u0438 \u0442\u0435\u043c\u043f\u0435\u0440\u0430\u0442\u0443\u0440\u044b\",\"publisher\":{\"@id\":\"https:\\\/\\\/regmik.ua\\\/uk\\\/#organization\"},\"alternateName\":\"REGMIK\",\"potentialAction\":[{\"@type\":\"SearchAction\",\"target\":{\"@type\":\"EntryPoint\",\"urlTemplate\":\"https:\\\/\\\/regmik.ua\\\/uk\\\/?s={search_term_string}\"},\"query-input\":{\"@type\":\"PropertyValueSpecification\",\"valueRequired\":true,\"valueName\":\"search_term_string\"}}],\"inLanguage\":\"de\"},{\"@type\":\"Organization\",\"@id\":\"https:\\\/\\\/regmik.ua\\\/uk\\\/#organization\",\"name\":\"REGMIK\",\"alternateName\":\"\u0420\u0415\u0413\u041c\u0418\u041a\",\"url\":\"https:\\\/\\\/regmik.ua\\\/uk\\\/\",\"logo\":{\"@type\":\"ImageObject\",\"inLanguage\":\"de\",\"@id\":\"https:\\\/\\\/regmik.ua\\\/uk\\\/#\\\/schema\\\/logo\\\/image\\\/\",\"url\":\"https:\\\/\\\/regmik.ua\\\/wp-content\\\/uploads\\\/2020\\\/03\\\/regmik_logo.png\",\"contentUrl\":\"https:\\\/\\\/regmik.ua\\\/wp-content\\\/uploads\\\/2020\\\/03\\\/regmik_logo.png\",\"width\":194,\"height\":45,\"caption\":\"REGMIK\"},\"image\":{\"@id\":\"https:\\\/\\\/regmik.ua\\\/uk\\\/#\\\/schema\\\/logo\\\/image\\\/\"},\"sameAs\":[\"https:\\\/\\\/www.facebook.com\\\/regmik.npf\",\"https:\\\/\\\/x.com\\\/regmiknpf\",\"https:\\\/\\\/www.youtube.com\\\/channel\\\/UC_SrY98SKAmR3Kt95GcVKcw\"]}]}<\/script>","yoast_head_json":{"title":"Drahtloser Schnittstellenkonverter","description":"Drahtlose Schnittstellenkonverter erm\u00f6glichen das Senden \/ Empfangen von Daten zwischen Remote-Ger\u00e4ten im Halbduplex-Modus in einer Entfernung von bis zu 200 m (Sichtlinie) und bis zu 50 m (geschlossener Raum). Das Unternehmen produziert ein universelles Modell von BPI USB \/ RS-485 \/ Radio.","robots":{"index":"index","follow":"follow","max-snippet":"max-snippet:-1","max-image-preview":"max-image-preview:large","max-video-preview":"max-video-preview:-1"},"canonical":"https:\/\/regmik.ua\/de\/product\/besprovodnoy-preobrazovatel-interfeysov\/","schema":{"@context":"https:\/\/schema.org","@graph":[{"@type":"WebPage","@id":"https:\/\/regmik.ua\/product\/besprovodnoy-preobrazovatel-interfeysov\/","url":"https:\/\/regmik.ua\/product\/besprovodnoy-preobrazovatel-interfeysov\/","name":"Drahtloser Schnittstellenkonverter","isPartOf":{"@id":"https:\/\/regmik.ua\/uk\/#website"},"primaryImageOfPage":{"@id":"https:\/\/regmik.ua\/product\/besprovodnoy-preobrazovatel-interfeysov\/#primaryimage"},"image":{"@id":"https:\/\/regmik.ua\/product\/besprovodnoy-preobrazovatel-interfeysov\/#primaryimage"},"thumbnailUrl":"https:\/\/regmik.ua\/wp-content\/uploads\/2015\/08\/usb_rs485_radio_side.png","datePublished":"2016-11-17T12:05:45+00:00","dateModified":"2024-02-05T10:38:21+00:00","description":"Drahtlose Schnittstellenkonverter erm\u00f6glichen das Senden \/ Empfangen von Daten zwischen Remote-Ger\u00e4ten im Halbduplex-Modus in einer Entfernung von bis zu 200 m (Sichtlinie) und bis zu 50 m (geschlossener Raum). Das Unternehmen produziert ein universelles Modell von BPI USB \/ RS-485 \/ Radio.","breadcrumb":{"@id":"https:\/\/regmik.ua\/product\/besprovodnoy-preobrazovatel-interfeysov\/#breadcrumb"},"inLanguage":"de","potentialAction":[{"@type":"ReadAction","target":["https:\/\/regmik.ua\/product\/besprovodnoy-preobrazovatel-interfeysov\/"]}]},{"@type":"ImageObject","inLanguage":"de","@id":"https:\/\/regmik.ua\/product\/besprovodnoy-preobrazovatel-interfeysov\/#primaryimage","url":"https:\/\/regmik.ua\/wp-content\/uploads\/2015\/08\/usb_rs485_radio_side.png","contentUrl":"https:\/\/regmik.ua\/wp-content\/uploads\/2015\/08\/usb_rs485_radio_side.png","width":800,"height":1024,"caption":"\u0411\u0435\u0441\u043f\u0440\u043e\u0432\u043e\u0434\u043d\u043e\u0439 \u043f\u0440\u0435\u043e\u0431\u0440\u0430\u0437\u043e\u0432\u0430\u0442\u0435\u043b\u044c \u0438\u043d\u0442\u0435\u0440\u0444\u0435\u0439\u0441\u043e\u0432"},{"@type":"BreadcrumbList","@id":"https:\/\/regmik.ua\/product\/besprovodnoy-preobrazovatel-interfeysov\/#breadcrumb","itemListElement":[{"@type":"ListItem","position":1,"name":"\u0413\u043b\u0430\u0432\u043d\u0430\u044f \u0441\u0442\u0440\u0430\u043d\u0438\u0446\u0430","item":"https:\/\/regmik.ua\/"},{"@type":"ListItem","position":2,"name":"\u041f\u0440\u043e\u0434\u0443\u043a\u0446\u0438\u044f","item":"https:\/\/regmik.ua\/uk\/products\/"},{"@type":"ListItem","position":3,"name":"\u0411\u0435\u0441\u043f\u0440\u043e\u0432\u043e\u0434\u043d\u043e\u0439 \u043f\u0440\u0435\u043e\u0431\u0440\u0430\u0437\u043e\u0432\u0430\u0442\u0435\u043b\u044c \u0438\u043d\u0442\u0435\u0440\u0444\u0435\u0439\u0441\u043e\u0432 RS-485"}]},{"@type":"WebSite","@id":"https:\/\/regmik.ua\/uk\/#website","url":"https:\/\/regmik.ua\/uk\/","name":"REGMIK","description":"Messger\u00e4te und Temperatursensoren","publisher":{"@id":"https:\/\/regmik.ua\/uk\/#organization"},"alternateName":"REGMIK","potentialAction":[{"@type":"SearchAction","target":{"@type":"EntryPoint","urlTemplate":"https:\/\/regmik.ua\/uk\/?s={search_term_string}"},"query-input":{"@type":"PropertyValueSpecification","valueRequired":true,"valueName":"search_term_string"}}],"inLanguage":"de"},{"@type":"Organization","@id":"https:\/\/regmik.ua\/uk\/#organization","name":"REGMIK","alternateName":"\u0420\u0415\u0413\u041c\u0418\u041a","url":"https:\/\/regmik.ua\/uk\/","logo":{"@type":"ImageObject","inLanguage":"de","@id":"https:\/\/regmik.ua\/uk\/#\/schema\/logo\/image\/","url":"https:\/\/regmik.ua\/wp-content\/uploads\/2020\/03\/regmik_logo.png","contentUrl":"https:\/\/regmik.ua\/wp-content\/uploads\/2020\/03\/regmik_logo.png","width":194,"height":45,"caption":"REGMIK"},"image":{"@id":"https:\/\/regmik.ua\/uk\/#\/schema\/logo\/image\/"},"sameAs":["https:\/\/www.facebook.com\/regmik.npf","https:\/\/x.com\/regmiknpf","https:\/\/www.youtube.com\/channel\/UC_SrY98SKAmR3Kt95GcVKcw"]}]}},"_links":{"self":[{"href":"https:\/\/regmik.ua\/de\/wp-json\/wp\/v2\/product\/15070","targetHints":{"allow":["GET"]}}],"collection":[{"href":"https:\/\/regmik.ua\/de\/wp-json\/wp\/v2\/product"}],"about":[{"href":"https:\/\/regmik.ua\/de\/wp-json\/wp\/v2\/types\/product"}],"replies":[{"embeddable":true,"href":"https:\/\/regmik.ua\/de\/wp-json\/wp\/v2\/comments?post=15070"}],"version-history":[{"count":0,"href":"https:\/\/regmik.ua\/de\/wp-json\/wp\/v2\/product\/15070\/revisions"}],"wp:featuredmedia":[{"embeddable":true,"href":"https:\/\/regmik.ua\/de\/wp-json\/wp\/v2\/media\/15076"}],"wp:attachment":[{"href":"https:\/\/regmik.ua\/de\/wp-json\/wp\/v2\/media?parent=15070"}],"wp:term":[{"taxonomy":"product_brand","embeddable":true,"href":"https:\/\/regmik.ua\/de\/wp-json\/wp\/v2\/product_brand?post=15070"},{"taxonomy":"product_cat","embeddable":true,"href":"https:\/\/regmik.ua\/de\/wp-json\/wp\/v2\/product_cat?post=15070"},{"taxonomy":"product_tag","embeddable":true,"href":"https:\/\/regmik.ua\/de\/wp-json\/wp\/v2\/product_tag?post=15070"}],"curies":[{"name":"wp","href":"https:\/\/api.w.org\/{rel}","templated":true}]}}