{"id":14632,"date":"2016-11-04T15:34:25","date_gmt":"2016-11-04T13:34:25","guid":{"rendered":"http:\/\/test.regmik.com.ua\/index.php\/product\/datchik-urovnja-modifikacija-du002\/"},"modified":"2023-11-23T15:44:23","modified_gmt":"2023-11-23T13:44:23","slug":"datchik-urovnja-modifikacija-du001","status":"publish","type":"product","link":"https:\/\/regmik.ua\/de\/product\/datchik-urovnja-modifikacija-du001\/","title":{"rendered":"F\u00fcllstandsensor DU-001"},"content":{"rendered":"<p><a href=\"regmik.ua\/product-category\/sensors\/level-sensors\/\">F\u00fcllstandssensor<\/a>\u00a0 DU-001 ist f\u00fcr Signalpegel ausgelegt <a href=\"https:\/\/uk.wikipedia.org\/wiki\/\u0415\u043b\u0435\u043a\u0442\u0440\u043e\u043f\u0440\u043e\u0432\u0456\u0434\u043d\u0456\u0441\u0442\u044c\">elektrisch leitende Fl\u00fcssigkeiten<\/a> (Wasser, Milch, Lebensmittel - schwach sauer, alkalisch usw.).<\/p>\n<p>In seiner einfachsten Form besteht der F\u00fcllstandsensor DU-001 aus Edelstahlelektroden, von denen eine als gemeinsame im Steuerkreis dient, und ist im Beh\u00e4lter so installiert, dass sein Arbeitsteil st\u00e4ndig mit der Fl\u00fcssigkeit in Kontakt steht, insbesondere kann der leitende Beh\u00e4lterk\u00f6rper zur gemeinsamen Elektrode werden mit Fl\u00fcssigkeit. Andere Elektroden signalisieren und befinden sich auf bestimmten Pegeln, die \u00fcberwacht werden m\u00fcssen.<\/p>\n<p>Einzelelektrode <a href=\"https:\/\/regmik.ua\/product-category\/sensors\/level-sensors\/\">F\u00fcllstandsensoren DU-001<\/a> Geeignet f\u00fcr Arbeiten in geschlossenen oder offenen Metallbeh\u00e4ltern.<\/p>\n<p>Der konduktometrische F\u00fcllstandsensor DU-001 wird mit Montagegewinden hergestellt: metrisch nach GOST 24705, zylindrisches Rohr nach GOST 6357 und konisches Zoll nach GOST 6111. Das Montagegewinde kann auf Kundenwunsch nach anderen Standards gefertigt werden .<\/p>\n<p>F\u00fcr die Montage vor Ort haben die F\u00fcllstandsensoren Standardgewinde M20x1,5, M16x1,5 oder G1 \/ 2.<br \/>\nDer horizontale und vertikale Einbau des konduktometrischen F\u00fcllstandsensors DU-001 ist m\u00f6glich.<br \/>\nUm den Arbeitsteil der F\u00fcllstandsensorelektroden durch den Benutzer zu verl\u00e4ngern, ist am Ende der Elektrode ein Gewinde vorgesehen.<\/p>\n<p>Konduktometrische F\u00fcllstandssensoren werden aus Stahl 12\u042518\u041d10\u0422 gem\u00e4\u00df GOST 5632 hergestellt. Auf Wunsch des Kunden ist es m\u00f6glich, thermometrische H\u00fclsen aus anderen St\u00e4hlen herzustellen.<\/p>\n<p><strong>AISI 321 12\u042518\u041d10\u0422 08\u042518\u041d10\u0422\u00a0<\/strong>Hitzebest\u00e4ndiger, korrosions- und hitzebest\u00e4ndiger Stahl der austenitischen Klasse. Besitzt hohe Festigkeit und Haltbarkeit. Es wird bei Temperaturen bis zu 600 \u00b0 C und in sehr aggressiven Umgebungen bis zu 350 \u00b0 C verwendet.<br \/>\n<strong>AISI 304 08\u042518\u041d10\u00a0<\/strong>Hitzebest\u00e4ndiger, korrosionsbest\u00e4ndiger austenitischer Stahl. Es wird bei Temperaturen bis zu 400 \u00b0 C in Medien mittlerer Aktivit\u00e4t eingesetzt.<br \/>\n<strong>AISI 316L 03\u042517\u041d14\u041c3\u00a0<\/strong>Korrosionsbest\u00e4ndiger austenitischer Stahl. Es wird bei Temperaturen bis zu 450 \u00b0 C in den meisten aggressiven Umgebungen verwendet.<br \/>\n<strong>AISI 316Ti 10\u042517\u041d13\u041c2\u0422\u00a0<\/strong>Korrosionsbest\u00e4ndiger austenitischer Stahl. Es wird bei Temperaturen bis zu 600 \u00b0 C in sehr aggressiven Umgebungen eingesetzt.<br \/>\n<strong>AISI 430 12X17\u00a0<\/strong>Hitzebest\u00e4ndiger, korrosionsbest\u00e4ndiger ferritischer Stahl. Es wird bei Temperaturen bis zu 400 \u00b0 C in leicht aggressiven Umgebungen eingesetzt.<br \/>\n<strong>12X1MF\u00a0<\/strong>Hitzebest\u00e4ndig, best\u00e4ndig gegen l\u00e4ngere Einwirkung hoher Temperaturen, Perlitstahl. Es wird bei Temperaturen bis zu 600 \u00b0 C eingesetzt.<\/p>\n<p>Elektrodendurchmesser 6 mm.<br \/>\nF\u00fcllstandsensoren Du-001 werden mit einer Temperatur des geregelten Mediums von bis zu 125 \u00b0 C und einem Arbeitsdruck des Mediums von bis zu 0,8 MPa hergestellt.<br \/>\nDie spezifische elektrische Leitf\u00e4higkeit des Mediums muss mindestens 0,015 S \/ m betragen.<\/p>\n<table class=\"reg-product-table\">\n<tbody>\n<tr>\n<th>Beschreibung der Eigenschaften<\/th>\n<th>Wert Wert<\/th>\n<\/tr>\n<tr>\n<td>Arbeitstemperatur, \u00b0 \u0421<\/td>\n<td style=\"text-align: center;\">0 ... 125<\/td>\n<\/tr>\n<tr>\n<td>Arbeitsdruck, MPa<\/td>\n<td style=\"text-align: center;\">0,8<\/td>\n<\/tr>\n<tr>\n<td>Elektrodendurchmesser mm<\/td>\n<td style=\"text-align: center;\">6<\/td>\n<\/tr>\n<tr>\n<td>Verbindungsmaterial<\/td>\n<td>Edelstahl 12\u042518\u041d10\u0422<\/td>\n<\/tr>\n<\/tbody>\n<\/table>\n<p>Sie k\u00f6nnten an anderen Versionen von F\u00fcllstandssensoren interessiert sein - <a href=\"\/product\/datchik-urovnja-modifikacija-du-002\/\">DU-002<\/a>, <a href=\"\/product\/datchik-urovnja-modifikacija-du-003\/\">DU-003<\/a>, <a href=\"\/product\/datchik-urovnja-modifikacija-du-004\/\">DU004<\/a>.<\/p>","protected":false},"excerpt":{"rendered":"<p>DU-konduktometrische F\u00fcllstandsensoren arbeiten mit F\u00fcllstandsreglern zusammen <a href=\"https:\/\/regmik.ua\/product-category\/devices\/regulators\/level-controls\/\">RU<\/a>.<\/p>\n<p>Die Kosten f\u00fcr F\u00fcllstandsensoren mit einer Elektrodenl\u00e4nge \u00fcber 100 mm betragen 320 UAH + 30 UAH. f\u00fcr alle 100 mm.<\/p>","protected":false},"featured_media":14674,"comment_status":"open","ping_status":"closed","template":"","meta":[],"product_brand":[],"product_cat":[38,551],"product_tag":[552],"class_list":{"0":"post-14632","1":"product","2":"type-product","3":"status-publish","4":"has-post-thumbnail","6":"product_cat-sensors","7":"product_cat-level-sensors","8":"product_tag-datchik-urovnya","11":"instock","12":"shipping-taxable","13":"purchasable","14":"product-type-simple"},"yoast_head":"<title>\u0414\u0430\u0442\u0447\u0438\u043a \u0443\u0440\u043e\u0432\u043d\u044f \u0414\u0423-001<\/title>\n<meta name=\"description\" content=\"\u0414\u0430\u0442\u0447\u0438\u043a \u0443\u0440\u043e\u0432\u043d\u044f\u00a0 \u0414\u0423-001\u00a0 \u043f\u0440\u0435\u0434\u043d\u0430\u0437\u043d\u0430\u0447\u0435\u043d \u0434\u043b\u044f \u0441\u0438\u0433\u043d\u0430\u043b\u0438\u0437\u0430\u0446\u0438\u0438 \u0443\u0440\u043e\u0432\u043d\u0435\u0439 \u044d\u043b\u0435\u043a\u0442\u0440\u043e\u043f\u0440\u043e\u0432\u043e\u0434\u043d\u044b\u0445 \u0436\u0438\u0434\u043a\u043e\u0441\u0442\u0435\u0439 (\u0432\u043e\u0434\u0430, \u043c\u043e\u043b\u043e\u043a\u043e, \u043f\u0438\u0449\u0435\u0432\u044b\u0435 \u043f\u0440\u043e\u0434\u0443\u043a\u0442\u044b)\" \/>\n<meta name=\"robots\" content=\"index, follow, max-snippet:-1, max-image-preview:large, max-video-preview:-1\" \/>\n<link rel=\"canonical\" href=\"https:\/\/regmik.ua\/de\/product\/datchik-urovnja-modifikacija-du001\/\" \/>\n<script type=\"application\/ld+json\" class=\"yoast-schema-graph\">{\"@context\":\"https:\\\/\\\/schema.org\",\"@graph\":[{\"@type\":\"WebPage\",\"@id\":\"https:\\\/\\\/regmik.ua\\\/product\\\/datchik-urovnja-modifikacija-du001\\\/\",\"url\":\"https:\\\/\\\/regmik.ua\\\/product\\\/datchik-urovnja-modifikacija-du001\\\/\",\"name\":\"\u0414\u0430\u0442\u0447\u0438\u043a \u0443\u0440\u043e\u0432\u043d\u044f \u0414\u0423-001\",\"isPartOf\":{\"@id\":\"https:\\\/\\\/regmik.ua\\\/uk\\\/#website\"},\"primaryImageOfPage\":{\"@id\":\"https:\\\/\\\/regmik.ua\\\/product\\\/datchik-urovnja-modifikacija-du001\\\/#primaryimage\"},\"image\":{\"@id\":\"https:\\\/\\\/regmik.ua\\\/product\\\/datchik-urovnja-modifikacija-du001\\\/#primaryimage\"},\"thumbnailUrl\":\"https:\\\/\\\/regmik.ua\\\/wp-content\\\/uploads\\\/2016\\\/11\\\/DY-001.png\",\"datePublished\":\"2016-11-04T13:34:25+00:00\",\"dateModified\":\"2023-11-23T13:44:23+00:00\",\"description\":\"\u0414\u0430\u0442\u0447\u0438\u043a \u0443\u0440\u043e\u0432\u043d\u044f\u00a0 \u0414\u0423-001\u00a0 \u043f\u0440\u0435\u0434\u043d\u0430\u0437\u043d\u0430\u0447\u0435\u043d \u0434\u043b\u044f \u0441\u0438\u0433\u043d\u0430\u043b\u0438\u0437\u0430\u0446\u0438\u0438 \u0443\u0440\u043e\u0432\u043d\u0435\u0439 \u044d\u043b\u0435\u043a\u0442\u0440\u043e\u043f\u0440\u043e\u0432\u043e\u0434\u043d\u044b\u0445 \u0436\u0438\u0434\u043a\u043e\u0441\u0442\u0435\u0439 (\u0432\u043e\u0434\u0430, \u043c\u043e\u043b\u043e\u043a\u043e, \u043f\u0438\u0449\u0435\u0432\u044b\u0435 \u043f\u0440\u043e\u0434\u0443\u043a\u0442\u044b)\",\"breadcrumb\":{\"@id\":\"https:\\\/\\\/regmik.ua\\\/product\\\/datchik-urovnja-modifikacija-du001\\\/#breadcrumb\"},\"inLanguage\":\"de\",\"potentialAction\":[{\"@type\":\"ReadAction\",\"target\":[\"https:\\\/\\\/regmik.ua\\\/product\\\/datchik-urovnja-modifikacija-du001\\\/\"]}]},{\"@type\":\"ImageObject\",\"inLanguage\":\"de\",\"@id\":\"https:\\\/\\\/regmik.ua\\\/product\\\/datchik-urovnja-modifikacija-du001\\\/#primaryimage\",\"url\":\"https:\\\/\\\/regmik.ua\\\/wp-content\\\/uploads\\\/2016\\\/11\\\/DY-001.png\",\"contentUrl\":\"https:\\\/\\\/regmik.ua\\\/wp-content\\\/uploads\\\/2016\\\/11\\\/DY-001.png\",\"width\":800,\"height\":1024,\"caption\":\"\u0414\u0430\u0442\u0447\u0438\u043a \u0443\u0440\u043e\u0432\u043d\u044f \u0414\u0423-001\"},{\"@type\":\"BreadcrumbList\",\"@id\":\"https:\\\/\\\/regmik.ua\\\/product\\\/datchik-urovnja-modifikacija-du001\\\/#breadcrumb\",\"itemListElement\":[{\"@type\":\"ListItem\",\"position\":1,\"name\":\"\u0413\u043b\u0430\u0432\u043d\u0430\u044f \u0441\u0442\u0440\u0430\u043d\u0438\u0446\u0430\",\"item\":\"https:\\\/\\\/regmik.ua\\\/\"},{\"@type\":\"ListItem\",\"position\":2,\"name\":\"\u041f\u0440\u043e\u0434\u0443\u043a\u0446\u0438\u044f\",\"item\":\"https:\\\/\\\/regmik.ua\\\/uk\\\/products\\\/\"},{\"@type\":\"ListItem\",\"position\":3,\"name\":\"\u0414\u0430\u0442\u0447\u0438\u043a \u0443\u0440\u043e\u0432\u043d\u044f \u0414\u0423-001\"}]},{\"@type\":\"WebSite\",\"@id\":\"https:\\\/\\\/regmik.ua\\\/uk\\\/#website\",\"url\":\"https:\\\/\\\/regmik.ua\\\/uk\\\/\",\"name\":\"REGMIK\",\"description\":\"\u0418\u0437\u043c\u0435\u0440\u0438\u0442\u0435\u043b\u044c\u043d\u044b\u0435 \u043f\u0440\u0438\u0431\u043e\u0440\u044b \u0438 \u0434\u0430\u0442\u0447\u0438\u043a\u0438 \u0442\u0435\u043c\u043f\u0435\u0440\u0430\u0442\u0443\u0440\u044b\",\"publisher\":{\"@id\":\"https:\\\/\\\/regmik.ua\\\/uk\\\/#organization\"},\"alternateName\":\"REGMIK\",\"potentialAction\":[{\"@type\":\"SearchAction\",\"target\":{\"@type\":\"EntryPoint\",\"urlTemplate\":\"https:\\\/\\\/regmik.ua\\\/uk\\\/?s={search_term_string}\"},\"query-input\":{\"@type\":\"PropertyValueSpecification\",\"valueRequired\":true,\"valueName\":\"search_term_string\"}}],\"inLanguage\":\"de\"},{\"@type\":\"Organization\",\"@id\":\"https:\\\/\\\/regmik.ua\\\/uk\\\/#organization\",\"name\":\"REGMIK\",\"alternateName\":\"\u0420\u0415\u0413\u041c\u0418\u041a\",\"url\":\"https:\\\/\\\/regmik.ua\\\/uk\\\/\",\"logo\":{\"@type\":\"ImageObject\",\"inLanguage\":\"de\",\"@id\":\"https:\\\/\\\/regmik.ua\\\/uk\\\/#\\\/schema\\\/logo\\\/image\\\/\",\"url\":\"https:\\\/\\\/regmik.ua\\\/wp-content\\\/uploads\\\/2020\\\/03\\\/regmik_logo.png\",\"contentUrl\":\"https:\\\/\\\/regmik.ua\\\/wp-content\\\/uploads\\\/2020\\\/03\\\/regmik_logo.png\",\"width\":194,\"height\":45,\"caption\":\"REGMIK\"},\"image\":{\"@id\":\"https:\\\/\\\/regmik.ua\\\/uk\\\/#\\\/schema\\\/logo\\\/image\\\/\"},\"sameAs\":[\"https:\\\/\\\/www.facebook.com\\\/regmik.npf\",\"https:\\\/\\\/x.com\\\/regmiknpf\",\"https:\\\/\\\/www.youtube.com\\\/channel\\\/UC_SrY98SKAmR3Kt95GcVKcw\"]}]}<\/script>","yoast_head_json":{"title":"F\u00fcllstandsensor DU-001","description":"Der F\u00fcllstandsensor DU-001 dient zur Signalisierung des F\u00fcllstands von elektrisch leitf\u00e4higen Fl\u00fcssigkeiten (Wasser, Milch, Lebensmittel)","robots":{"index":"index","follow":"follow","max-snippet":"max-snippet:-1","max-image-preview":"max-image-preview:large","max-video-preview":"max-video-preview:-1"},"canonical":"https:\/\/regmik.ua\/de\/product\/datchik-urovnja-modifikacija-du001\/","schema":{"@context":"https:\/\/schema.org","@graph":[{"@type":"WebPage","@id":"https:\/\/regmik.ua\/product\/datchik-urovnja-modifikacija-du001\/","url":"https:\/\/regmik.ua\/product\/datchik-urovnja-modifikacija-du001\/","name":"F\u00fcllstandsensor DU-001","isPartOf":{"@id":"https:\/\/regmik.ua\/uk\/#website"},"primaryImageOfPage":{"@id":"https:\/\/regmik.ua\/product\/datchik-urovnja-modifikacija-du001\/#primaryimage"},"image":{"@id":"https:\/\/regmik.ua\/product\/datchik-urovnja-modifikacija-du001\/#primaryimage"},"thumbnailUrl":"https:\/\/regmik.ua\/wp-content\/uploads\/2016\/11\/DY-001.png","datePublished":"2016-11-04T13:34:25+00:00","dateModified":"2023-11-23T13:44:23+00:00","description":"Der F\u00fcllstandsensor DU-001 dient zur Signalisierung des F\u00fcllstands von elektrisch leitf\u00e4higen Fl\u00fcssigkeiten (Wasser, Milch, Lebensmittel)","breadcrumb":{"@id":"https:\/\/regmik.ua\/product\/datchik-urovnja-modifikacija-du001\/#breadcrumb"},"inLanguage":"de","potentialAction":[{"@type":"ReadAction","target":["https:\/\/regmik.ua\/product\/datchik-urovnja-modifikacija-du001\/"]}]},{"@type":"ImageObject","inLanguage":"de","@id":"https:\/\/regmik.ua\/product\/datchik-urovnja-modifikacija-du001\/#primaryimage","url":"https:\/\/regmik.ua\/wp-content\/uploads\/2016\/11\/DY-001.png","contentUrl":"https:\/\/regmik.ua\/wp-content\/uploads\/2016\/11\/DY-001.png","width":800,"height":1024,"caption":"\u0414\u0430\u0442\u0447\u0438\u043a \u0443\u0440\u043e\u0432\u043d\u044f \u0414\u0423-001"},{"@type":"BreadcrumbList","@id":"https:\/\/regmik.ua\/product\/datchik-urovnja-modifikacija-du001\/#breadcrumb","itemListElement":[{"@type":"ListItem","position":1,"name":"\u0413\u043b\u0430\u0432\u043d\u0430\u044f \u0441\u0442\u0440\u0430\u043d\u0438\u0446\u0430","item":"https:\/\/regmik.ua\/"},{"@type":"ListItem","position":2,"name":"\u041f\u0440\u043e\u0434\u0443\u043a\u0446\u0438\u044f","item":"https:\/\/regmik.ua\/uk\/products\/"},{"@type":"ListItem","position":3,"name":"\u0414\u0430\u0442\u0447\u0438\u043a \u0443\u0440\u043e\u0432\u043d\u044f \u0414\u0423-001"}]},{"@type":"WebSite","@id":"https:\/\/regmik.ua\/uk\/#website","url":"https:\/\/regmik.ua\/uk\/","name":"REGMIK","description":"Messger\u00e4te und Temperatursensoren","publisher":{"@id":"https:\/\/regmik.ua\/uk\/#organization"},"alternateName":"REGMIK","potentialAction":[{"@type":"SearchAction","target":{"@type":"EntryPoint","urlTemplate":"https:\/\/regmik.ua\/uk\/?s={search_term_string}"},"query-input":{"@type":"PropertyValueSpecification","valueRequired":true,"valueName":"search_term_string"}}],"inLanguage":"de"},{"@type":"Organization","@id":"https:\/\/regmik.ua\/uk\/#organization","name":"REGMIK","alternateName":"\u0420\u0415\u0413\u041c\u0418\u041a","url":"https:\/\/regmik.ua\/uk\/","logo":{"@type":"ImageObject","inLanguage":"de","@id":"https:\/\/regmik.ua\/uk\/#\/schema\/logo\/image\/","url":"https:\/\/regmik.ua\/wp-content\/uploads\/2020\/03\/regmik_logo.png","contentUrl":"https:\/\/regmik.ua\/wp-content\/uploads\/2020\/03\/regmik_logo.png","width":194,"height":45,"caption":"REGMIK"},"image":{"@id":"https:\/\/regmik.ua\/uk\/#\/schema\/logo\/image\/"},"sameAs":["https:\/\/www.facebook.com\/regmik.npf","https:\/\/x.com\/regmiknpf","https:\/\/www.youtube.com\/channel\/UC_SrY98SKAmR3Kt95GcVKcw"]}]}},"_links":{"self":[{"href":"https:\/\/regmik.ua\/de\/wp-json\/wp\/v2\/product\/14632","targetHints":{"allow":["GET"]}}],"collection":[{"href":"https:\/\/regmik.ua\/de\/wp-json\/wp\/v2\/product"}],"about":[{"href":"https:\/\/regmik.ua\/de\/wp-json\/wp\/v2\/types\/product"}],"replies":[{"embeddable":true,"href":"https:\/\/regmik.ua\/de\/wp-json\/wp\/v2\/comments?post=14632"}],"version-history":[{"count":0,"href":"https:\/\/regmik.ua\/de\/wp-json\/wp\/v2\/product\/14632\/revisions"}],"wp:featuredmedia":[{"embeddable":true,"href":"https:\/\/regmik.ua\/de\/wp-json\/wp\/v2\/media\/14674"}],"wp:attachment":[{"href":"https:\/\/regmik.ua\/de\/wp-json\/wp\/v2\/media?parent=14632"}],"wp:term":[{"taxonomy":"product_brand","embeddable":true,"href":"https:\/\/regmik.ua\/de\/wp-json\/wp\/v2\/product_brand?post=14632"},{"taxonomy":"product_cat","embeddable":true,"href":"https:\/\/regmik.ua\/de\/wp-json\/wp\/v2\/product_cat?post=14632"},{"taxonomy":"product_tag","embeddable":true,"href":"https:\/\/regmik.ua\/de\/wp-json\/wp\/v2\/product_tag?post=14632"}],"curies":[{"name":"wp","href":"https:\/\/api.w.org\/{rel}","templated":true}]}}