{"id":14484,"date":"2016-10-25T07:58:51","date_gmt":"2016-10-25T05:58:51","guid":{"rendered":"http:\/\/test.regmik.com.ua\/index.php\/product\/elektrokotlyi-buran-k\/"},"modified":"2023-05-02T12:31:19","modified_gmt":"2023-05-02T09:31:19","slug":"elektrokotlyi-buran-k","status":"publish","type":"product","link":"https:\/\/regmik.ua\/de\/product\/elektrokotlyi-buran-k\/","title":{"rendered":"Elektrokessel BURAN-K"},"content":{"rendered":"<p>REGMIK entwickelt und fertigt Haushaltswasserheizger\u00e4te (Elektrokessel) BVP * BURAN * zum Heizen von Wohngeb\u00e4uden, die mit einem Heizsystem ausgestattet sind, mit Wasser oder einer speziellen Fl\u00fcssigkeit (empfohlen) als W\u00e4rmetr\u00e4ger. Die Auswahl eines Elektrokessels erfolgt anhand des W\u00e4rmehaushalts des Objekts.<\/p>\n<p>Ein elektrischer Heizkessel bietet die M\u00f6glichkeit, eine umweltfreundliche Quelle, die die Umwelt nicht mit sch\u00e4dlichen Abf\u00e4llen belastet, als W\u00e4rmequelle in verschiedenen Systemen der direkten, akkumulierten und gemischten Heizung sowie zusammen mit Lagertanks zu verwenden. Ein Elektrokessel kann zur Aufbereitung von Warmwasser in indirekten Heiztanks verwendet werden und kann auch als Ersatzw\u00e4rmequelle dienen.<br \/>\nDie Hauptelemente eines Elektrokessels sind - ein W\u00e4rmetauscher, bestehend aus einem Tank mit darin befestigten Elektroden, einer Steuer- und Regeleinheit. Elektrokessel BVP * BURAN * werden als Set geliefert: BVP, Automatisierungseinheit, Durchfluss- und R\u00fccklauftemperatursensoren.<\/p>\n<p>Elektrokessel sind zum Heizen von R\u00e4umlichkeiten vorgesehen: Wohnungen, Einzelh\u00e4user, H\u00fctten, Sommerh\u00fctten, verschiedene Handelsobjekte, seien es Gesch\u00e4fte, Caf\u00e9s, B\u00fcror\u00e4ume oder Industrieunternehmen.<\/p>\n<p>Elektrokessel sind Niedertemperaturger\u00e4te, die in geschlossenen und offenen Heizsystemen mit Zwangsumw\u00e4lzung des K\u00fchlmittels betrieben werden. Der Wirkungsgrad des Elektrokessels erreicht 95-98%.<\/p>\n<p>Der Elektrokessel arbeitet im automatischen Modus und erfordert ein Minimum an Wartungsarbeiten. Elektrokessel sind mit Systemen ausgestattet, die einen Ausfall der elektrischen Verkabelung und des Heizungssystems verhindern.<\/p>\n<p>Elektrokessel BVP * BURAN * k\u00f6nnen auf Kundenwunsch mit einer Umw\u00e4lzpumpe, einem Manometer, einem Ausgleichsbeh\u00e4lter, einem automatischen Entl\u00fcftungsventil, einem explosionsgesch\u00fctzten Ventil und einem Raumtemperatursensor ausgestattet werden.<\/p>\n<h3>Vorteile von Elektrokesseln<\/h3>\n<ul>\n<li>Anwendung - Elektrokessel werden in einem breiten Leistungsbereich von 3 kW bis \u00fcber 60 kW hergestellt. Modelle bis 20 kW eignen sich perfekt f\u00fcr einzelne Heizsysteme und Modelle \u00fcber 30 kW f\u00fcr Industrie- und Gewerbeanlagen. Die Verwendung von Elektrokesseln als W\u00e4rmequelle erm\u00f6glicht die Montage eines Kaskadenheizsystems mit mehreren Kesseln in einem B\u00fcndel, wodurch eine hohe Zuverl\u00e4ssigkeit und Produktivit\u00e4t des Heizsystems gew\u00e4hrleistet wird.<\/li>\n<li>Energieeffizienz und Wirtschaftlichkeit - Trotz der gro\u00dfen Kritik an Elektrokesseln wegen ihrer Ineffizienz haben sie den h\u00f6chsten Wirkungsgrad bis 99% und moderne Elektrokessel haben eine Stufenleistung, die beim Betrieb eines Elektrokessels hohe Energieeinsparungen erm\u00f6glicht.<\/li>\n<li>Umweltfreundlich - Elektrokessel bieten aufgrund der fehlenden Emissionen von Verbrennungsprodukten ein H\u00f6chstma\u00df an Umweltfreundlichkeit. Ein wichtiger Aspekt, da f\u00fcr den Betrieb elektrischer Einheiten kein zus\u00e4tzlicher Raum erforderlich ist und die Installation von Kaminen eines Kamins oder eines Turboladers (koaxial), mit dem Sie Platz sparen und einen Kamin installieren k\u00f6nnen, f\u00fcr Handelsobjekte besonders wichtig ist.<\/li>\n<li>Komfortable Steuerung - vollautomatischer Betrieb dank Regulierung durch Thermostate und der M\u00f6glichkeit, Raum- und Au\u00dfenthermostate oder Programmierer anzuschlie\u00dfen, die nicht nur Komfort bieten, sondern auch den Betrieb des Kessels in einem wirtschaftlicheren Modus erm\u00f6glichen.<\/li>\n<li>Heizwasser - Elektrokessel k\u00f6nnen zus\u00e4tzlich zur Heizfunktion die Funktion der Warmwasserversorgung \u00fcbernehmen. Hei\u00dfes Wasser wird mit einem externen Speicherkessel mit dem erforderlichen Volumen aufbereitet.<\/li>\n<li>Komfort - einfache Bedienung, leiser Betrieb, Zuverl\u00e4ssigkeit, Langlebigkeit und niedriger Preis erg\u00e4nzen die Liste der oben genannten Vorteile von Elektrokesseln. In unseren Elektrokesseln befinden sich keine Heizelemente, die h\u00e4ufig ausgetauscht werden m\u00fcssen.<\/li>\n<\/ul>\n<h3>Nachteile von Elektrokesseln<\/h3>\n<ul>\n<li>Die hohen Stromkosten. Der gesamte Komfort der Verwendung eines Elektrokessels wird durch die Kosten des Stromverbrauchs durchgestrichen. Die Verwendung eines Elektrokessels ist f\u00fcr Verbraucher teurer als die Verwendung von Gas- oder Festbrennstoffkesseln. Der Ausweg aus dieser Situation ist die Verwendung von Speichertanks (W\u00e4rmespeichern) mit \u00fcbersch\u00fcssiger W\u00e4rme, die den Stromverbrauch erheblich einsparen, sowie die Verwendung einer mehrtarif\u00e4ren Strommessung (der Betrieb von Kesseln erfolgt zum * Nachttarif *, der erheblich unter dem \u00fcblichen Tarif liegt).<\/li>\n<li>V\u00f6llige Abh\u00e4ngigkeit von Elektrizit\u00e4t. Bei der Auswahl eines Elektrokessels ist zu beachten, dass sein Betrieb vollst\u00e4ndig von Elektrizit\u00e4t abh\u00e4ngig ist. Eine Abschaltung oder Unterbrechung der Stromversorgung f\u00fchrt zu einer Abschaltung des Betriebs des Kessels und des gesamten Heizungssystems, die im Winter nicht zul\u00e4ssig sein sollte. Wenn Sie einen Elektrokessel als Hauptkessel des Heizungssystems verwenden, ist es ratsam, eine alternative Energiequelle zu verwenden, um eine Abk\u00fchlung des Geb\u00e4udes zu verhindern. Eine alternative Energiequelle kann ein Festbrennstoffkessel und f\u00fcr kleine H\u00e4user ein Holzkamin sein. F\u00fcr autonome Objekte ohne alternative Heizquelle wird empfohlen, im Heizsystem ein nicht gefrorenes K\u00fchlmittel (spezielles Frostschutzmittel) zu verwenden.<\/li>\n<li>Das Vorhandensein der notwendigen elektrischen Verkabelung. Je nach Leistung des Heizger\u00e4ts kann es f\u00fcr eine einphasige oder dreiphasige Stromversorgung ausgelegt werden. Bei einem neu errichteten Geb\u00e4ude ist es m\u00f6glich, die elektrische Verkabelung des Geb\u00e4udes f\u00fcr den Betrieb eines Elektrokessels mit der erforderlichen Leistung zu ber\u00fccksichtigen. Bei einem bereits errichteten Geb\u00e4ude k\u00f6nnen jedoch Schwierigkeiten bei der Auswahl eines Heizger\u00e4ts f\u00fcr die vorhandenen F\u00e4higkeiten des lokalen Stromnetzes auftreten.<\/li>\n<\/ul>\n<h3>Heizkessel BVP * BURAN-K *<\/h3>\n<p>Buran-6k, Buran-9k, Buran-12k, Buran-15k, Buran-25k<\/p>\n<h3>Eigenschaften:<\/h3>\n<ul>\n<li>Hohe Genauigkeit der Temperaturerhaltung durch Verwendung eines Thermostats mit integrierter adaptiver Arbeitslogik. Die Verwendung dieses Reglers reduziert den Stromverbrauch des Elektrokessels weiter.<\/li>\n<li>Die Betriebsart Elektrokessel \u201eWinter \/ Sommer\u201c verhindert ein Blockieren der Umw\u00e4lzpumpe.<\/li>\n<li>Die Verwendung eines Schutzsch\u00fctzes verhindert die M\u00f6glichkeit eines Ausfalls des Elektrokessels bei Ausfall des Hauptsch\u00fctzes (Triac-Einheit) oder des Thermostats.<\/li>\n<li>Die Verwendung einer Bimetall-Thermosicherung verhindert zus\u00e4tzlich den m\u00f6glichen Temperaturanstieg im Elektrokessel.<\/li>\n<li>Das \u00dcberdruck-Sicherheitsventil gew\u00e4hrleistet den sicheren Betrieb des Elektrokessels.<\/li>\n<\/ul>\n<h3>Der Haupt-Komplettsatz des Elektrokessels<\/h3>\n<ul>\n<li>Durchfluss- und R\u00fccklauftemperatursensoren;<\/li>\n<li>Stromsensoren;<\/li>\n<li>\u00dcberdruck-Sicherheitsventil;<\/li>\n<li>Umw\u00e4lzpumpe;<\/li>\n<li>Schutzsch\u00fctz;<\/li>\n<li>Bimetall-Thermosicherung;<\/li>\n<li>Ablass- \/ Einf\u00fcllhahn;<\/li>\n<li>Druckanzeige;<\/li>\n<li>elektronischer Thermostat;<\/li>\n<li>LED-Anzeigen f\u00fcr Heizung, Pumpenstatus, Betriebsarten;<\/li>\n<li>automatischer Schalter im Stromversorgungskreis des Elektrokessels;<\/li>\n<li>automatischer Schalter im Kreislauf der Umw\u00e4lzpumpe und des Thermostats.<\/li>\n<\/ul>\n<h3>Heizkessel BVP * BURAN-K GSM *<\/h3>\n<p>Buran-6K GSM, Buran-9K GSM, Buran-12K GSM, Buran-15K GSM, Buran-25K GSM<\/p>\n<h3>Eigenschaften:<\/h3>\n<ul>\n<li>M\u00f6glichkeit zur Steuerung des Elektrokessels \u00fcber ein Mobiltelefon. Durch das Senden einer normalen SMS k\u00f6nnen Sie den Elektrokessel ein- und ausschalten, die Betriebsart \u00e4ndern, die Raumtemperatur ablesen und den Zustand des Elektrokessels \u00fcberpr\u00fcfen. Im Falle einer Fehlfunktion erhalten Sie Informationen auf dem Mobiltelefon.<\/li>\n<li>Hohe Genauigkeit der Temperaturerhaltung durch Verwendung eines Thermostats mit integrierter adaptiver Arbeitslogik. Die Verwendung dieses Reglers reduziert den Stromverbrauch weiter.<\/li>\n<li>Die Betriebsart des Elektrokessels * Winter \/ Sommer * verhindert ein Blockieren der Umw\u00e4lzpumpe, wenn der Elektrokessel l\u00e4ngere Zeit ausgeschaltet ist.<\/li>\n<li>Die Verwendung eines Schutzsch\u00fctzes verhindert die M\u00f6glichkeit eines Ausfalls des Elektrokessels bei Ausfall des Hauptsch\u00fctzes (Triac-Einheit) oder des Thermostats<\/li>\n<li>Die Verwendung einer Bimetall-Thermosicherung verhindert einen m\u00f6glichen Temperaturanstieg im Inneren des Elektrokessels.<\/li>\n<li>Das \u00dcberdruck-Sicherheitsventil sorgt f\u00fcr die Sicherheit des Elektrokessels.<\/li>\n<\/ul>\n<h3>Der Haupt-Komplettsatz des Elektrokessels<\/h3>\n<ul>\n<li>Durchfluss- und R\u00fccklauftemperatursensoren;<\/li>\n<li>Stromsensoren;<\/li>\n<li>\u00dcberdruck-Sicherheitsventil;<\/li>\n<li>Umw\u00e4lzpumpe;<\/li>\n<li>Schutzsch\u00fctz;<\/li>\n<li>Thermosicherung;<\/li>\n<li>Ablass- \/ Einf\u00fcllhahn;<\/li>\n<li>Druckanzeige;<\/li>\n<li>elektronischer Thermostat;<\/li>\n<li>LED-Anzeigen f\u00fcr Heizung, Pumpenstatus, Betriebsarten;<\/li>\n<li>automatischer Schalter im Stromversorgungskreis des Elektrokessels;<\/li>\n<li>Schutzschalter im Kreislauf der Umw\u00e4lzpumpe und des Thermostats;<\/li>\n<li>GSM-Kommunikationseinheit.<\/li>\n<\/ul>","protected":false},"excerpt":{"rendered":"<p>Haushaltselektroden-Warmwasserbereiter BURAN-K-complete - ausgestattet mit Umw\u00e4lzpumpe, Programmierer, Sicherheitsventil, Sicherheitsautomatik und Manometer (optionaler Einbau eines GSM-Moduls) und zur Beheizung von Wohnr\u00e4umen mit Heizsystem mit Wasser oder einer speziellen Fl\u00fcssigkeit als W\u00e4rmetr\u00e4ger.<\/p>","protected":false},"featured_media":14566,"comment_status":"open","ping_status":"closed","template":"","meta":[],"product_brand":[],"product_cat":[137],"product_tag":[534,535],"class_list":{"0":"post-14484","1":"product","2":"type-product","3":"status-publish","4":"has-post-thumbnail","6":"product_cat-heating-electric-boils","7":"product_tag-elektricheskij-kotel","8":"product_tag-elektrodnyj","9":"pa_power-kwt-504","10":"pa_power-kwt-505","11":"pa_power-kwt-506","12":"pa_power-kwt-500","13":"pa_power-kwt-501","14":"pa_power-kwt-502","15":"pa_power-kwt-503","18":"instock","19":"shipping-taxable","20":"purchasable","21":"product-type-variable","22":"has-default-attributes"},"yoast_head":"<title>\u0420\u0415\u0413\u041c\u0406\u041a, \u041d\u0412\u0424, \u041f\u041f &#8211; \u042d\u043b\u0435\u043a\u0442\u0440\u043e\u043a\u043e\u0442\u043b\u044b \u0411\u0423\u0420\u0410\u041d-\u041a<\/title>\n<meta name=\"description\" content=\"\u042d\u043a\u043e\u043d\u043e\u043c\u043d\u044b\u0435 \u044d\u043b\u0435\u043a\u0442\u0440\u043e\u043a\u043e\u0442\u043b\u044b \u043e\u0442 \u043f\u0440\u043e\u0438\u0437\u0432\u043e\u0434\u0438\u0442\u0435\u043b\u044f \u0446\u0435\u043d\u0430 \u043e\u0442 7000\u0433\u0440\u043d. \u041f\u043e\u0434\u0431\u043e\u0440 \u044d\u043b\u0435\u043a\u0442\u0440\u043e\u043a\u043e\u0442\u043b\u043e\u0432 \u00b7 \u0411\u0435\u0441\u043f\u043b\u0430\u0442\u043d\u0430\u044f \u043a\u043e\u043d\u0441\u0443\u043b\u044c\u0442\u0430\u0446\u0438\u044f \u260e+38(0462)614-863\" \/>\n<meta name=\"robots\" content=\"index, follow, max-snippet:-1, max-image-preview:large, max-video-preview:-1\" \/>\n<link rel=\"canonical\" href=\"https:\/\/regmik.ua\/de\/product\/elektrokotlyi-buran-k\/\" \/>\n<script type=\"application\/ld+json\" class=\"yoast-schema-graph\">{\"@context\":\"https:\\\/\\\/schema.org\",\"@graph\":[{\"@type\":\"WebPage\",\"@id\":\"https:\\\/\\\/regmik.ua\\\/en\\\/product\\\/elektrokotlyi-buran-k\\\/\",\"url\":\"https:\\\/\\\/regmik.ua\\\/en\\\/product\\\/elektrokotlyi-buran-k\\\/\",\"name\":\"\u0420\u0415\u0413\u041c\u0406\u041a, \u041d\u0412\u0424, \u041f\u041f &#8211; \u042d\u043b\u0435\u043a\u0442\u0440\u043e\u043a\u043e\u0442\u043b\u044b \u0411\u0423\u0420\u0410\u041d-\u041a\",\"isPartOf\":{\"@id\":\"https:\\\/\\\/regmik.ua\\\/uk\\\/#website\"},\"primaryImageOfPage\":{\"@id\":\"https:\\\/\\\/regmik.ua\\\/en\\\/product\\\/elektrokotlyi-buran-k\\\/#primaryimage\"},\"image\":{\"@id\":\"https:\\\/\\\/regmik.ua\\\/en\\\/product\\\/elektrokotlyi-buran-k\\\/#primaryimage\"},\"thumbnailUrl\":\"https:\\\/\\\/regmik.ua\\\/wp-content\\\/uploads\\\/2016\\\/10\\\/BURAN.png\",\"datePublished\":\"2016-10-25T05:58:51+00:00\",\"dateModified\":\"2023-05-02T09:31:19+00:00\",\"description\":\"\u042d\u043a\u043e\u043d\u043e\u043c\u043d\u044b\u0435 \u044d\u043b\u0435\u043a\u0442\u0440\u043e\u043a\u043e\u0442\u043b\u044b \u043e\u0442 \u043f\u0440\u043e\u0438\u0437\u0432\u043e\u0434\u0438\u0442\u0435\u043b\u044f \u0446\u0435\u043d\u0430 \u043e\u0442 7000\u0433\u0440\u043d. \u041f\u043e\u0434\u0431\u043e\u0440 \u044d\u043b\u0435\u043a\u0442\u0440\u043e\u043a\u043e\u0442\u043b\u043e\u0432 \u00b7 \u0411\u0435\u0441\u043f\u043b\u0430\u0442\u043d\u0430\u044f \u043a\u043e\u043d\u0441\u0443\u043b\u044c\u0442\u0430\u0446\u0438\u044f \u260e+38(0462)614-863\",\"breadcrumb\":{\"@id\":\"https:\\\/\\\/regmik.ua\\\/en\\\/product\\\/elektrokotlyi-buran-k\\\/#breadcrumb\"},\"inLanguage\":\"de\",\"potentialAction\":[{\"@type\":\"ReadAction\",\"target\":[\"https:\\\/\\\/regmik.ua\\\/en\\\/product\\\/elektrokotlyi-buran-k\\\/\"]}]},{\"@type\":\"ImageObject\",\"inLanguage\":\"de\",\"@id\":\"https:\\\/\\\/regmik.ua\\\/en\\\/product\\\/elektrokotlyi-buran-k\\\/#primaryimage\",\"url\":\"https:\\\/\\\/regmik.ua\\\/wp-content\\\/uploads\\\/2016\\\/10\\\/BURAN.png\",\"contentUrl\":\"https:\\\/\\\/regmik.ua\\\/wp-content\\\/uploads\\\/2016\\\/10\\\/BURAN.png\",\"width\":800,\"height\":1024,\"caption\":\"\u042d\u043b\u0435\u043a\u0442\u0440\u0438\u0447\u0435\u0441\u043a\u0438\u0439 \u044d\u043b\u0435\u043a\u0442\u0440\u043e\u0434\u043d\u044b\u0439 \u043e\u0442\u043e\u043f\u0438\u0442\u0435\u043b\u044c\u043d\u044b\u0439 \u043a\u043e\u0442\u0435\u043b\"},{\"@type\":\"BreadcrumbList\",\"@id\":\"https:\\\/\\\/regmik.ua\\\/en\\\/product\\\/elektrokotlyi-buran-k\\\/#breadcrumb\",\"itemListElement\":[{\"@type\":\"ListItem\",\"position\":1,\"name\":\"\u0413\u043b\u0430\u0432\u043d\u0430\u044f \u0441\u0442\u0440\u0430\u043d\u0438\u0446\u0430\",\"item\":\"https:\\\/\\\/regmik.ua\\\/\"},{\"@type\":\"ListItem\",\"position\":2,\"name\":\"\u041f\u0440\u043e\u0434\u0443\u043a\u0446\u0438\u044f\",\"item\":\"https:\\\/\\\/regmik.ua\\\/uk\\\/products\\\/\"},{\"@type\":\"ListItem\",\"position\":3,\"name\":\"\u042d\u043b\u0435\u043a\u0442\u0440\u043e\u043a\u043e\u0442\u043b\u044b \u0411\u0423\u0420\u0410\u041d-\u041a\"}]},{\"@type\":\"WebSite\",\"@id\":\"https:\\\/\\\/regmik.ua\\\/uk\\\/#website\",\"url\":\"https:\\\/\\\/regmik.ua\\\/uk\\\/\",\"name\":\"REGMIK\",\"description\":\"\u0418\u0437\u043c\u0435\u0440\u0438\u0442\u0435\u043b\u044c\u043d\u044b\u0435 \u043f\u0440\u0438\u0431\u043e\u0440\u044b \u0438 \u0434\u0430\u0442\u0447\u0438\u043a\u0438 \u0442\u0435\u043c\u043f\u0435\u0440\u0430\u0442\u0443\u0440\u044b\",\"publisher\":{\"@id\":\"https:\\\/\\\/regmik.ua\\\/uk\\\/#organization\"},\"alternateName\":\"REGMIK\",\"potentialAction\":[{\"@type\":\"SearchAction\",\"target\":{\"@type\":\"EntryPoint\",\"urlTemplate\":\"https:\\\/\\\/regmik.ua\\\/uk\\\/?s={search_term_string}\"},\"query-input\":{\"@type\":\"PropertyValueSpecification\",\"valueRequired\":true,\"valueName\":\"search_term_string\"}}],\"inLanguage\":\"de\"},{\"@type\":\"Organization\",\"@id\":\"https:\\\/\\\/regmik.ua\\\/uk\\\/#organization\",\"name\":\"REGMIK\",\"alternateName\":\"\u0420\u0415\u0413\u041c\u0418\u041a\",\"url\":\"https:\\\/\\\/regmik.ua\\\/uk\\\/\",\"logo\":{\"@type\":\"ImageObject\",\"inLanguage\":\"de\",\"@id\":\"https:\\\/\\\/regmik.ua\\\/uk\\\/#\\\/schema\\\/logo\\\/image\\\/\",\"url\":\"https:\\\/\\\/regmik.ua\\\/wp-content\\\/uploads\\\/2020\\\/03\\\/regmik_logo.png\",\"contentUrl\":\"https:\\\/\\\/regmik.ua\\\/wp-content\\\/uploads\\\/2020\\\/03\\\/regmik_logo.png\",\"width\":194,\"height\":45,\"caption\":\"REGMIK\"},\"image\":{\"@id\":\"https:\\\/\\\/regmik.ua\\\/uk\\\/#\\\/schema\\\/logo\\\/image\\\/\"},\"sameAs\":[\"https:\\\/\\\/www.facebook.com\\\/regmik.npf\",\"https:\\\/\\\/x.com\\\/regmiknpf\",\"https:\\\/\\\/www.youtube.com\\\/channel\\\/UC_SrY98SKAmR3Kt95GcVKcw\"]}]}<\/script>","yoast_head_json":{"title":"\u0420\u0415\u0413\u041c\u0406\u041a, \u041d\u0412\u0424, \u041f\u041f &#8211; \u042d\u043b\u0435\u043a\u0442\u0440\u043e\u043a\u043e\u0442\u043b\u044b \u0411\u0423\u0420\u0410\u041d-\u041a","description":"Wirtschaftliche Elektrokessel vom Hersteller, der Preis ist ab 7000 UAH. Auswahl der Elektrokessel Kostenlose Beratung \u260e + 38 (0462) 614-863","robots":{"index":"index","follow":"follow","max-snippet":"max-snippet:-1","max-image-preview":"max-image-preview:large","max-video-preview":"max-video-preview:-1"},"canonical":"https:\/\/regmik.ua\/de\/product\/elektrokotlyi-buran-k\/","schema":{"@context":"https:\/\/schema.org","@graph":[{"@type":"WebPage","@id":"https:\/\/regmik.ua\/en\/product\/elektrokotlyi-buran-k\/","url":"https:\/\/regmik.ua\/en\/product\/elektrokotlyi-buran-k\/","name":"\u0420\u0415\u0413\u041c\u0406\u041a, \u041d\u0412\u0424, \u041f\u041f &#8211; \u042d\u043b\u0435\u043a\u0442\u0440\u043e\u043a\u043e\u0442\u043b\u044b \u0411\u0423\u0420\u0410\u041d-\u041a","isPartOf":{"@id":"https:\/\/regmik.ua\/uk\/#website"},"primaryImageOfPage":{"@id":"https:\/\/regmik.ua\/en\/product\/elektrokotlyi-buran-k\/#primaryimage"},"image":{"@id":"https:\/\/regmik.ua\/en\/product\/elektrokotlyi-buran-k\/#primaryimage"},"thumbnailUrl":"https:\/\/regmik.ua\/wp-content\/uploads\/2016\/10\/BURAN.png","datePublished":"2016-10-25T05:58:51+00:00","dateModified":"2023-05-02T09:31:19+00:00","description":"Wirtschaftliche Elektrokessel vom Hersteller, der Preis ist ab 7000 UAH. Auswahl der Elektrokessel Kostenlose Beratung \u260e + 38 (0462) 614-863","breadcrumb":{"@id":"https:\/\/regmik.ua\/en\/product\/elektrokotlyi-buran-k\/#breadcrumb"},"inLanguage":"de","potentialAction":[{"@type":"ReadAction","target":["https:\/\/regmik.ua\/en\/product\/elektrokotlyi-buran-k\/"]}]},{"@type":"ImageObject","inLanguage":"de","@id":"https:\/\/regmik.ua\/en\/product\/elektrokotlyi-buran-k\/#primaryimage","url":"https:\/\/regmik.ua\/wp-content\/uploads\/2016\/10\/BURAN.png","contentUrl":"https:\/\/regmik.ua\/wp-content\/uploads\/2016\/10\/BURAN.png","width":800,"height":1024,"caption":"\u042d\u043b\u0435\u043a\u0442\u0440\u0438\u0447\u0435\u0441\u043a\u0438\u0439 \u044d\u043b\u0435\u043a\u0442\u0440\u043e\u0434\u043d\u044b\u0439 \u043e\u0442\u043e\u043f\u0438\u0442\u0435\u043b\u044c\u043d\u044b\u0439 \u043a\u043e\u0442\u0435\u043b"},{"@type":"BreadcrumbList","@id":"https:\/\/regmik.ua\/en\/product\/elektrokotlyi-buran-k\/#breadcrumb","itemListElement":[{"@type":"ListItem","position":1,"name":"\u0413\u043b\u0430\u0432\u043d\u0430\u044f \u0441\u0442\u0440\u0430\u043d\u0438\u0446\u0430","item":"https:\/\/regmik.ua\/"},{"@type":"ListItem","position":2,"name":"\u041f\u0440\u043e\u0434\u0443\u043a\u0446\u0438\u044f","item":"https:\/\/regmik.ua\/uk\/products\/"},{"@type":"ListItem","position":3,"name":"\u042d\u043b\u0435\u043a\u0442\u0440\u043e\u043a\u043e\u0442\u043b\u044b \u0411\u0423\u0420\u0410\u041d-\u041a"}]},{"@type":"WebSite","@id":"https:\/\/regmik.ua\/uk\/#website","url":"https:\/\/regmik.ua\/uk\/","name":"REGMIK","description":"Messger\u00e4te und Temperatursensoren","publisher":{"@id":"https:\/\/regmik.ua\/uk\/#organization"},"alternateName":"REGMIK","potentialAction":[{"@type":"SearchAction","target":{"@type":"EntryPoint","urlTemplate":"https:\/\/regmik.ua\/uk\/?s={search_term_string}"},"query-input":{"@type":"PropertyValueSpecification","valueRequired":true,"valueName":"search_term_string"}}],"inLanguage":"de"},{"@type":"Organization","@id":"https:\/\/regmik.ua\/uk\/#organization","name":"REGMIK","alternateName":"\u0420\u0415\u0413\u041c\u0418\u041a","url":"https:\/\/regmik.ua\/uk\/","logo":{"@type":"ImageObject","inLanguage":"de","@id":"https:\/\/regmik.ua\/uk\/#\/schema\/logo\/image\/","url":"https:\/\/regmik.ua\/wp-content\/uploads\/2020\/03\/regmik_logo.png","contentUrl":"https:\/\/regmik.ua\/wp-content\/uploads\/2020\/03\/regmik_logo.png","width":194,"height":45,"caption":"REGMIK"},"image":{"@id":"https:\/\/regmik.ua\/uk\/#\/schema\/logo\/image\/"},"sameAs":["https:\/\/www.facebook.com\/regmik.npf","https:\/\/x.com\/regmiknpf","https:\/\/www.youtube.com\/channel\/UC_SrY98SKAmR3Kt95GcVKcw"]}]}},"_links":{"self":[{"href":"https:\/\/regmik.ua\/de\/wp-json\/wp\/v2\/product\/14484","targetHints":{"allow":["GET"]}}],"collection":[{"href":"https:\/\/regmik.ua\/de\/wp-json\/wp\/v2\/product"}],"about":[{"href":"https:\/\/regmik.ua\/de\/wp-json\/wp\/v2\/types\/product"}],"replies":[{"embeddable":true,"href":"https:\/\/regmik.ua\/de\/wp-json\/wp\/v2\/comments?post=14484"}],"version-history":[{"count":0,"href":"https:\/\/regmik.ua\/de\/wp-json\/wp\/v2\/product\/14484\/revisions"}],"wp:featuredmedia":[{"embeddable":true,"href":"https:\/\/regmik.ua\/de\/wp-json\/wp\/v2\/media\/14566"}],"wp:attachment":[{"href":"https:\/\/regmik.ua\/de\/wp-json\/wp\/v2\/media?parent=14484"}],"wp:term":[{"taxonomy":"product_brand","embeddable":true,"href":"https:\/\/regmik.ua\/de\/wp-json\/wp\/v2\/product_brand?post=14484"},{"taxonomy":"product_cat","embeddable":true,"href":"https:\/\/regmik.ua\/de\/wp-json\/wp\/v2\/product_cat?post=14484"},{"taxonomy":"product_tag","embeddable":true,"href":"https:\/\/regmik.ua\/de\/wp-json\/wp\/v2\/product_tag?post=14484"}],"curies":[{"name":"wp","href":"https:\/\/api.w.org\/{rel}","templated":true}]}}