{"id":14410,"date":"2016-10-17T11:09:21","date_gmt":"2016-10-17T08:09:21","guid":{"rendered":"http:\/\/test.regmik.com.ua\/?post_type=product&#038;p=14410"},"modified":"2020-08-20T07:25:06","modified_gmt":"2020-08-20T05:25:06","slug":"shkaf-aptechka-metallicheskaja","status":"publish","type":"product","link":"https:\/\/regmik.ua\/de\/product\/shkaf-aptechka-metallicheskaja\/","title":{"rendered":"Wand-Erste-Hilfe-Schrank aus Metall"},"content":{"rendered":"<p>Das Schlie\u00dffach wurde gem\u00e4\u00df den aktuellen Standards und Anforderungen entworfen.<br \/>\nDas medizinische Erste-Hilfe-Set besteht aus Blech und ist mit einer haltbaren Polymerpulverfarbe \u00fcberzogen, die dem Produkt ein \u00e4sthetisches Aussehen verleiht, gegen geringf\u00fcgige Besch\u00e4digungen best\u00e4ndig und vor Korrosion gesch\u00fctzt ist. Entwickelt f\u00fcr die Lagerung von Erste-Hilfe-Medikamenten in den R\u00e4umlichkeiten verschiedener Institutionen und Organisationen. Unauff\u00e4lliges Design, einfache Bedienung, einfache Installation, schlie\u00dfende T\u00fcr - all dies macht unser Erste-Hilfe-Set aus Metall zur besten Wahl f\u00fcr Sie! Gesamtabmessungen: 340x265x100. Es ist auch m\u00f6glich, ein Produkt aus Metall nach Ihren W\u00fcnschen und Gr\u00f6\u00dfen herzustellen.<\/p>\n<ul>\n<li>Metallk\u00f6rper;<\/li>\n<li>Best\u00e4ndige Pulverbeschichtung;<\/li>\n<li>Wandinstallation oder Einbau in M\u00f6bel;<\/li>\n<li>An der R\u00fcckwand befinden sich Befestigungsl\u00f6cher.<\/li>\n<\/ul>","protected":false},"excerpt":{"rendered":"<p>Ein medizinisches Set dient zur Aufbewahrung von Erste-Hilfe-Medikamenten in den R\u00e4umlichkeiten verschiedener Institutionen und Organisationen.<br \/>\nDas Erste-Hilfe-Set ist mit Pulverlack lackiert, wodurch das Produkt ein attraktives Erscheinungsbild erh\u00e4lt, das sich gut in jedes Interieur einf\u00fcgt.<\/p>","protected":false},"featured_media":14565,"comment_status":"open","ping_status":"closed","template":"","meta":[],"product_brand":[],"product_cat":[570],"product_tag":[3211],"class_list":{"0":"post-14410","1":"product","2":"type-product","3":"status-publish","4":"has-post-thumbnail","6":"product_cat-boxes-metallic-exterior","7":"product_tag-shkaf-aptechka","10":"instock","11":"shipping-taxable","12":"product-type-simple"},"yoast_head":"<title>\u0428\u043a\u0430\u0444-\u0430\u043f\u0442\u0435\u0447\u043a\u0430 \u043c\u0435\u0442\u0430\u043b\u043b\u0438\u0447\u0435\u0441\u043a\u0430\u044f \u043d\u0430\u0441\u0442\u0435\u043d\u043d\u0430\u044f &#8211; \u0420\u0415\u0413\u041c\u0406\u041a, \u041d\u0412\u0424, \u041f\u041f<\/title>\n<meta name=\"description\" content=\"\u041c\u0435\u0434\u0438\u0446\u0438\u043d\u0441\u043a\u0430\u044f \u0430\u043f\u0442\u0435\u0447\u043a\u0430 \u043f\u0440\u0435\u0434\u043d\u0430\u0437\u043d\u0430\u0447\u0435\u043d\u0430 \u0434\u043b\u044f \u0445\u0440\u0430\u043d\u0435\u043d\u0438\u044f \u043c\u0435\u0434\u0438\u043a\u0430\u043c\u0435\u043d\u0442\u043e\u0432 \u043f\u0435\u0440\u0432\u043e\u0439 \u043f\u043e\u043c\u043e\u0449\u0438 \u0432 \u043f\u043e\u043c\u0435\u0449\u0435\u043d\u0438\u044f\u0445 \u0440\u0430\u0437\u043b\u0438\u0447\u043d\u044b\u0445 \u0443\u0447\u0440\u0435\u0436\u0434\u0435\u043d\u0438\u0439 \u0438 \u043e\u0440\u0433\u0430\u043d\u0438\u0437\u0430\u0446\u0438\u0439. \u0410\u043f\u0442\u0435\u0447\u043a\u0430 \u043e\u043a\u0440\u0430\u0448\u0435\u043d\u0430 \u043f\u043e\u0440\u043e\u0448\u043a\u043e\u0432\u043e\u0439 \u043a\u0440\u0430\u0441\u043a\u043e\u0439, \u0447\u0442\u043e \u043f\u0440\u0438\u0434\u0430\u0435\u0442 \u0438\u0437\u0434\u0435\u043b\u0438\u044e \u043f\u0440\u0438\u0432\u043b\u0435\u043a\u0430\u0442\u0435\u043b\u044c\u043d\u044b\u0439 \u0432\u043d\u0435\u0448\u043d\u0438\u0439 \u0432\u0438\u0434, \u043a\u043e\u0442\u043e\u0440\u044b\u0439 \u0445\u043e\u0440\u043e\u0448\u043e \u0432\u043f\u0438\u0441\u044b\u0432\u0430\u0435\u0442\u0441\u044f \u0432 \u043b\u044e\u0431\u043e\u0439 \u0438\u043d\u0442\u0435\u0440\u044c\u0435\u0440.\" \/>\n<meta name=\"robots\" content=\"index, follow, max-snippet:-1, max-image-preview:large, max-video-preview:-1\" \/>\n<link rel=\"canonical\" href=\"https:\/\/regmik.ua\/de\/it\/prodotto\/shkaf-aptechka-metallicheskaja\/\" \/>\n<script type=\"application\/ld+json\" class=\"yoast-schema-graph\">{\"@context\":\"https:\\\/\\\/schema.org\",\"@graph\":[{\"@type\":\"WebPage\",\"@id\":\"https:\\\/\\\/regmik.ua\\\/it\\\/prodotto\\\/shkaf-aptechka-metallicheskaja\\\/\",\"url\":\"https:\\\/\\\/regmik.ua\\\/it\\\/prodotto\\\/shkaf-aptechka-metallicheskaja\\\/\",\"name\":\"\u0428\u043a\u0430\u0444-\u0430\u043f\u0442\u0435\u0447\u043a\u0430 \u043c\u0435\u0442\u0430\u043b\u043b\u0438\u0447\u0435\u0441\u043a\u0430\u044f \u043d\u0430\u0441\u0442\u0435\u043d\u043d\u0430\u044f &#8211; \u0420\u0415\u0413\u041c\u0406\u041a, \u041d\u0412\u0424, \u041f\u041f\",\"isPartOf\":{\"@id\":\"https:\\\/\\\/regmik.ua\\\/uk\\\/#website\"},\"primaryImageOfPage\":{\"@id\":\"https:\\\/\\\/regmik.ua\\\/it\\\/prodotto\\\/shkaf-aptechka-metallicheskaja\\\/#primaryimage\"},\"image\":{\"@id\":\"https:\\\/\\\/regmik.ua\\\/it\\\/prodotto\\\/shkaf-aptechka-metallicheskaja\\\/#primaryimage\"},\"thumbnailUrl\":\"https:\\\/\\\/regmik.ua\\\/wp-content\\\/uploads\\\/2015\\\/08\\\/APTECHKA-1.png\",\"datePublished\":\"2016-10-17T08:09:21+00:00\",\"dateModified\":\"2020-08-20T05:25:06+00:00\",\"description\":\"\u041c\u0435\u0434\u0438\u0446\u0438\u043d\u0441\u043a\u0430\u044f \u0430\u043f\u0442\u0435\u0447\u043a\u0430 \u043f\u0440\u0435\u0434\u043d\u0430\u0437\u043d\u0430\u0447\u0435\u043d\u0430 \u0434\u043b\u044f \u0445\u0440\u0430\u043d\u0435\u043d\u0438\u044f \u043c\u0435\u0434\u0438\u043a\u0430\u043c\u0435\u043d\u0442\u043e\u0432 \u043f\u0435\u0440\u0432\u043e\u0439 \u043f\u043e\u043c\u043e\u0449\u0438 \u0432 \u043f\u043e\u043c\u0435\u0449\u0435\u043d\u0438\u044f\u0445 \u0440\u0430\u0437\u043b\u0438\u0447\u043d\u044b\u0445 \u0443\u0447\u0440\u0435\u0436\u0434\u0435\u043d\u0438\u0439 \u0438 \u043e\u0440\u0433\u0430\u043d\u0438\u0437\u0430\u0446\u0438\u0439. \u0410\u043f\u0442\u0435\u0447\u043a\u0430 \u043e\u043a\u0440\u0430\u0448\u0435\u043d\u0430 \u043f\u043e\u0440\u043e\u0448\u043a\u043e\u0432\u043e\u0439 \u043a\u0440\u0430\u0441\u043a\u043e\u0439, \u0447\u0442\u043e \u043f\u0440\u0438\u0434\u0430\u0435\u0442 \u0438\u0437\u0434\u0435\u043b\u0438\u044e \u043f\u0440\u0438\u0432\u043b\u0435\u043a\u0430\u0442\u0435\u043b\u044c\u043d\u044b\u0439 \u0432\u043d\u0435\u0448\u043d\u0438\u0439 \u0432\u0438\u0434, \u043a\u043e\u0442\u043e\u0440\u044b\u0439 \u0445\u043e\u0440\u043e\u0448\u043e \u0432\u043f\u0438\u0441\u044b\u0432\u0430\u0435\u0442\u0441\u044f \u0432 \u043b\u044e\u0431\u043e\u0439 \u0438\u043d\u0442\u0435\u0440\u044c\u0435\u0440.\",\"breadcrumb\":{\"@id\":\"https:\\\/\\\/regmik.ua\\\/it\\\/prodotto\\\/shkaf-aptechka-metallicheskaja\\\/#breadcrumb\"},\"inLanguage\":\"de\",\"potentialAction\":[{\"@type\":\"ReadAction\",\"target\":[\"https:\\\/\\\/regmik.ua\\\/it\\\/prodotto\\\/shkaf-aptechka-metallicheskaja\\\/\"]}]},{\"@type\":\"ImageObject\",\"inLanguage\":\"de\",\"@id\":\"https:\\\/\\\/regmik.ua\\\/it\\\/prodotto\\\/shkaf-aptechka-metallicheskaja\\\/#primaryimage\",\"url\":\"https:\\\/\\\/regmik.ua\\\/wp-content\\\/uploads\\\/2015\\\/08\\\/APTECHKA-1.png\",\"contentUrl\":\"https:\\\/\\\/regmik.ua\\\/wp-content\\\/uploads\\\/2015\\\/08\\\/APTECHKA-1.png\",\"width\":800,\"height\":1024,\"caption\":\"\u0428\u043a\u0430\u0444-\u0430\u043f\u0442\u0435\u0447\u043a\u0430 \u043c\u0435\u0442\u0430\u043b\u0438\u0447\u0435\u0441\u043a\u0430\u044f \u0431\u0435\u043b\u0430\u044f\"},{\"@type\":\"BreadcrumbList\",\"@id\":\"https:\\\/\\\/regmik.ua\\\/it\\\/prodotto\\\/shkaf-aptechka-metallicheskaja\\\/#breadcrumb\",\"itemListElement\":[{\"@type\":\"ListItem\",\"position\":1,\"name\":\"\u0413\u043b\u0430\u0432\u043d\u0430\u044f \u0441\u0442\u0440\u0430\u043d\u0438\u0446\u0430\",\"item\":\"https:\\\/\\\/regmik.ua\\\/\"},{\"@type\":\"ListItem\",\"position\":2,\"name\":\"\u041f\u0440\u043e\u0434\u0443\u043a\u0446\u0438\u044f\",\"item\":\"https:\\\/\\\/regmik.ua\\\/uk\\\/products\\\/\"},{\"@type\":\"ListItem\",\"position\":3,\"name\":\"\u0428\u043a\u0430\u0444-\u0430\u043f\u0442\u0435\u0447\u043a\u0430 \u043c\u0435\u0442\u0430\u043b\u043b\u0438\u0447\u0435\u0441\u043a\u0430\u044f \u043d\u0430\u0441\u0442\u0435\u043d\u043d\u0430\u044f\"}]},{\"@type\":\"WebSite\",\"@id\":\"https:\\\/\\\/regmik.ua\\\/uk\\\/#website\",\"url\":\"https:\\\/\\\/regmik.ua\\\/uk\\\/\",\"name\":\"REGMIK\",\"description\":\"\u0418\u0437\u043c\u0435\u0440\u0438\u0442\u0435\u043b\u044c\u043d\u044b\u0435 \u043f\u0440\u0438\u0431\u043e\u0440\u044b \u0438 \u0434\u0430\u0442\u0447\u0438\u043a\u0438 \u0442\u0435\u043c\u043f\u0435\u0440\u0430\u0442\u0443\u0440\u044b\",\"publisher\":{\"@id\":\"https:\\\/\\\/regmik.ua\\\/uk\\\/#organization\"},\"alternateName\":\"REGMIK\",\"potentialAction\":[{\"@type\":\"SearchAction\",\"target\":{\"@type\":\"EntryPoint\",\"urlTemplate\":\"https:\\\/\\\/regmik.ua\\\/uk\\\/?s={search_term_string}\"},\"query-input\":{\"@type\":\"PropertyValueSpecification\",\"valueRequired\":true,\"valueName\":\"search_term_string\"}}],\"inLanguage\":\"de\"},{\"@type\":\"Organization\",\"@id\":\"https:\\\/\\\/regmik.ua\\\/uk\\\/#organization\",\"name\":\"REGMIK\",\"alternateName\":\"\u0420\u0415\u0413\u041c\u0418\u041a\",\"url\":\"https:\\\/\\\/regmik.ua\\\/uk\\\/\",\"logo\":{\"@type\":\"ImageObject\",\"inLanguage\":\"de\",\"@id\":\"https:\\\/\\\/regmik.ua\\\/uk\\\/#\\\/schema\\\/logo\\\/image\\\/\",\"url\":\"https:\\\/\\\/regmik.ua\\\/wp-content\\\/uploads\\\/2020\\\/03\\\/regmik_logo.png\",\"contentUrl\":\"https:\\\/\\\/regmik.ua\\\/wp-content\\\/uploads\\\/2020\\\/03\\\/regmik_logo.png\",\"width\":194,\"height\":45,\"caption\":\"REGMIK\"},\"image\":{\"@id\":\"https:\\\/\\\/regmik.ua\\\/uk\\\/#\\\/schema\\\/logo\\\/image\\\/\"},\"sameAs\":[\"https:\\\/\\\/www.facebook.com\\\/regmik.npf\",\"https:\\\/\\\/x.com\\\/regmiknpf\",\"https:\\\/\\\/www.youtube.com\\\/channel\\\/UC_SrY98SKAmR3Kt95GcVKcw\"]}]}<\/script>","yoast_head_json":{"title":"Wandmedikamentenschrank aus Metall - REGMlK, NVF, PP","description":"Ein medizinisches Set dient zur Aufbewahrung von Erste-Hilfe-Medikamenten in den R\u00e4umlichkeiten verschiedener Institutionen und Organisationen. Das Erste-Hilfe-Set ist mit Pulverlack lackiert, wodurch das Produkt ein attraktives Erscheinungsbild erh\u00e4lt, das sich gut in jedes Interieur einf\u00fcgt.","robots":{"index":"index","follow":"follow","max-snippet":"max-snippet:-1","max-image-preview":"max-image-preview:large","max-video-preview":"max-video-preview:-1"},"canonical":"https:\/\/regmik.ua\/de\/it\/prodotto\/shkaf-aptechka-metallicheskaja\/","schema":{"@context":"https:\/\/schema.org","@graph":[{"@type":"WebPage","@id":"https:\/\/regmik.ua\/it\/prodotto\/shkaf-aptechka-metallicheskaja\/","url":"https:\/\/regmik.ua\/it\/prodotto\/shkaf-aptechka-metallicheskaja\/","name":"Wandmedikamentenschrank aus Metall - REGMlK, NVF, PP","isPartOf":{"@id":"https:\/\/regmik.ua\/uk\/#website"},"primaryImageOfPage":{"@id":"https:\/\/regmik.ua\/it\/prodotto\/shkaf-aptechka-metallicheskaja\/#primaryimage"},"image":{"@id":"https:\/\/regmik.ua\/it\/prodotto\/shkaf-aptechka-metallicheskaja\/#primaryimage"},"thumbnailUrl":"https:\/\/regmik.ua\/wp-content\/uploads\/2015\/08\/APTECHKA-1.png","datePublished":"2016-10-17T08:09:21+00:00","dateModified":"2020-08-20T05:25:06+00:00","description":"Ein medizinisches Set dient zur Aufbewahrung von Erste-Hilfe-Medikamenten in den R\u00e4umlichkeiten verschiedener Institutionen und Organisationen. Das Erste-Hilfe-Set ist mit Pulverlack lackiert, wodurch das Produkt ein attraktives Erscheinungsbild erh\u00e4lt, das sich gut in jedes Interieur einf\u00fcgt.","breadcrumb":{"@id":"https:\/\/regmik.ua\/it\/prodotto\/shkaf-aptechka-metallicheskaja\/#breadcrumb"},"inLanguage":"de","potentialAction":[{"@type":"ReadAction","target":["https:\/\/regmik.ua\/it\/prodotto\/shkaf-aptechka-metallicheskaja\/"]}]},{"@type":"ImageObject","inLanguage":"de","@id":"https:\/\/regmik.ua\/it\/prodotto\/shkaf-aptechka-metallicheskaja\/#primaryimage","url":"https:\/\/regmik.ua\/wp-content\/uploads\/2015\/08\/APTECHKA-1.png","contentUrl":"https:\/\/regmik.ua\/wp-content\/uploads\/2015\/08\/APTECHKA-1.png","width":800,"height":1024,"caption":"\u0428\u043a\u0430\u0444-\u0430\u043f\u0442\u0435\u0447\u043a\u0430 \u043c\u0435\u0442\u0430\u043b\u0438\u0447\u0435\u0441\u043a\u0430\u044f \u0431\u0435\u043b\u0430\u044f"},{"@type":"BreadcrumbList","@id":"https:\/\/regmik.ua\/it\/prodotto\/shkaf-aptechka-metallicheskaja\/#breadcrumb","itemListElement":[{"@type":"ListItem","position":1,"name":"\u0413\u043b\u0430\u0432\u043d\u0430\u044f \u0441\u0442\u0440\u0430\u043d\u0438\u0446\u0430","item":"https:\/\/regmik.ua\/"},{"@type":"ListItem","position":2,"name":"\u041f\u0440\u043e\u0434\u0443\u043a\u0446\u0438\u044f","item":"https:\/\/regmik.ua\/uk\/products\/"},{"@type":"ListItem","position":3,"name":"\u0428\u043a\u0430\u0444-\u0430\u043f\u0442\u0435\u0447\u043a\u0430 \u043c\u0435\u0442\u0430\u043b\u043b\u0438\u0447\u0435\u0441\u043a\u0430\u044f \u043d\u0430\u0441\u0442\u0435\u043d\u043d\u0430\u044f"}]},{"@type":"WebSite","@id":"https:\/\/regmik.ua\/uk\/#website","url":"https:\/\/regmik.ua\/uk\/","name":"REGMIK","description":"Messger\u00e4te und Temperatursensoren","publisher":{"@id":"https:\/\/regmik.ua\/uk\/#organization"},"alternateName":"REGMIK","potentialAction":[{"@type":"SearchAction","target":{"@type":"EntryPoint","urlTemplate":"https:\/\/regmik.ua\/uk\/?s={search_term_string}"},"query-input":{"@type":"PropertyValueSpecification","valueRequired":true,"valueName":"search_term_string"}}],"inLanguage":"de"},{"@type":"Organization","@id":"https:\/\/regmik.ua\/uk\/#organization","name":"REGMIK","alternateName":"\u0420\u0415\u0413\u041c\u0418\u041a","url":"https:\/\/regmik.ua\/uk\/","logo":{"@type":"ImageObject","inLanguage":"de","@id":"https:\/\/regmik.ua\/uk\/#\/schema\/logo\/image\/","url":"https:\/\/regmik.ua\/wp-content\/uploads\/2020\/03\/regmik_logo.png","contentUrl":"https:\/\/regmik.ua\/wp-content\/uploads\/2020\/03\/regmik_logo.png","width":194,"height":45,"caption":"REGMIK"},"image":{"@id":"https:\/\/regmik.ua\/uk\/#\/schema\/logo\/image\/"},"sameAs":["https:\/\/www.facebook.com\/regmik.npf","https:\/\/x.com\/regmiknpf","https:\/\/www.youtube.com\/channel\/UC_SrY98SKAmR3Kt95GcVKcw"]}]}},"_links":{"self":[{"href":"https:\/\/regmik.ua\/de\/wp-json\/wp\/v2\/product\/14410","targetHints":{"allow":["GET"]}}],"collection":[{"href":"https:\/\/regmik.ua\/de\/wp-json\/wp\/v2\/product"}],"about":[{"href":"https:\/\/regmik.ua\/de\/wp-json\/wp\/v2\/types\/product"}],"replies":[{"embeddable":true,"href":"https:\/\/regmik.ua\/de\/wp-json\/wp\/v2\/comments?post=14410"}],"version-history":[{"count":0,"href":"https:\/\/regmik.ua\/de\/wp-json\/wp\/v2\/product\/14410\/revisions"}],"wp:featuredmedia":[{"embeddable":true,"href":"https:\/\/regmik.ua\/de\/wp-json\/wp\/v2\/media\/14565"}],"wp:attachment":[{"href":"https:\/\/regmik.ua\/de\/wp-json\/wp\/v2\/media?parent=14410"}],"wp:term":[{"taxonomy":"product_brand","embeddable":true,"href":"https:\/\/regmik.ua\/de\/wp-json\/wp\/v2\/product_brand?post=14410"},{"taxonomy":"product_cat","embeddable":true,"href":"https:\/\/regmik.ua\/de\/wp-json\/wp\/v2\/product_cat?post=14410"},{"taxonomy":"product_tag","embeddable":true,"href":"https:\/\/regmik.ua\/de\/wp-json\/wp\/v2\/product_tag?post=14410"}],"curies":[{"name":"wp","href":"https:\/\/api.w.org\/{rel}","templated":true}]}}