{"id":14165,"date":"2016-10-13T16:42:53","date_gmt":"2016-10-13T14:42:53","guid":{"rendered":"http:\/\/test.regmik.com.ua\/index.php\/product\/gilzyi-modifikatsiya-gpp-003\/"},"modified":"2023-11-21T19:58:26","modified_gmt":"2023-11-21T17:58:26","slug":"immersion_sleeve_gz","status":"publish","type":"product","link":"https:\/\/regmik.ua\/de\/product\/immersion_sleeve_gz\/","title":{"rendered":"Schutzh\u00fcllen GZ-001, GZ-002, GZ-003, GZ-004, GZ-101, GZ-102, GZ-103, GZ-104"},"content":{"rendered":"<div data-elementor-type=\"wp-post\" data-elementor-id=\"14165\" class=\"elementor elementor-14165\">\n\t\t\t\t\t\t<section class=\"elementor-section elementor-top-section elementor-element elementor-element-1489caef elementor-section-boxed elementor-section-height-default elementor-section-height-default\" data-id=\"1489caef\" data-element_type=\"section\" data-e-type=\"section\">\n\t\t\t\t\t\t<div class=\"elementor-container elementor-column-gap-default\">\n\t\t\t\t\t<div class=\"elementor-column elementor-col-100 elementor-top-column elementor-element elementor-element-20bf78e9\" data-id=\"20bf78e9\" data-element_type=\"column\" data-e-type=\"column\">\n\t\t\t<div class=\"elementor-widget-wrap elementor-element-populated\">\n\t\t\t\t\t\t<div class=\"elementor-element elementor-element-4ff8ebb3 elementor-widget elementor-widget-text-editor\" data-id=\"4ff8ebb3\" data-element_type=\"widget\" data-e-type=\"widget\" data-widget_type=\"text-editor.default\">\n\t\t\t\t\t\t\t\t\t<p>Schutzh\u00fcllen (Montage, thermometrisch, <a href=\"https:\/\/en.wikipedia.org\/wiki\/Thermowell\">Schutzrohr<\/a>) GZ-001, GZ-002, GZ-003, GZ-004, GZ-101, GZ-102, GZ-103, GZ-104 (im Folgenden als Schutzh\u00fclsen GZ bezeichnet) sind f\u00fcr den Einbau von Widerstandsthermometern, thermoelektrisch, bestimmt Konverter (<a style=\"font-family: var(--tb-text-primary-font);\" href=\"https:\/\/ru.wikipedia.org\/wiki\/%D0%A2%D0%B5%D1%80%D0%BC%D0%BE%D0%BF%D0%B0%D1%80%D0%B0\">Thermoelemente<\/a><span style=\"font-family: var(--tb-text-primary-font);\">), Glasthermometer, Bimetallsensoren, Manometer. Schutzh\u00fclsen \u0413\u0417 sch\u00fctzen montierte Ger\u00e4te vor mechanischen und chemischen Einwirkungen der Arbeitsumgebung und erh\u00f6hten dynamischen Belastungen.<\/span><\/p>\n<p>Durch den Einbau von Temperatursensoren mit Schutzh\u00fclsen GZ kann die Lebensdauer dieser Sensoren deutlich verl\u00e4ngert werden. Thermometrische Muffen GZ k\u00f6nnen in Druckbeh\u00e4lter, Dampfkessel, Rohrleitungen, Tanks und andere Gegenst\u00e4nde eingebaut werden. Die H\u00fclsen werden montiert mit <strong>eingef\u00e4delt<\/strong> (<span style=\"font-family: var(--tb-text-primary-font);\">GZ-001, GZ-002, GZ-003, GZ-004<\/span><span style=\"font-family: var(--tb-text-primary-font);\">) oder <strong>geschwei\u00dft<\/strong> <strong>Verbindungen<\/strong> (<\/span><span style=\"font-family: var(--tb-text-primary-font);\">GZ-101, GZ-102, GZ-103, GZ-104<\/span><span style=\"font-family: var(--tb-text-primary-font);\">).<\/span><\/p>\n<p>Um die thermische Tr\u00e4gheit zu reduzieren, k\u00f6nnen die H\u00fclsen mit einem \u00dcbergang zu einem kleineren Durchmesser im Einbaubereich des Arbeitsbereichs des Temperatursensors oder eines anderen in der H\u00fclse montierten Ger\u00e4tes gefertigt werden.<span style=\"font-family: var(--tb-text-primary-font);\"><br><\/span><\/p>\n<div title=\"Seite 2\">\n<div>\n<div>\n<div>\n<p>Thermometrische H\u00fclsen werden mit Befestigungsgewinden hergestellt: metrisch gem\u00e4\u00df GOST 24705, zylindrisches Rohr gem\u00e4\u00df GOST 6357 und konisches Zoll gem\u00e4\u00df GOST 6111. Das Befestigungsgewinde kann auf Wunsch des Kunden nach anderen Normen hergestellt werden.<\/p>\n<\/div>\n<\/div>\n<\/div>\n<\/div>\n<p>Schutzh\u00fcllen GZ k\u00f6nnen in Verbindung mit Temperatursensoren Typ 002, 003 und verwendet werden&nbsp;<a href=\"https:\/\/regmik.ua\/?product_cat=sensors&amp;s=101&amp;post_type=product\">101<\/a>.<\/p>\n<div title=\"Seite 2\">\n<div>\n<div>\n<div>\n<p>Schutzh\u00fclsen GZ werden aus Stahl 12X18H10T nach GOST 5632 hergestellt. Auf Kundenwunsch ist es m\u00f6glich, thermometrische H\u00fclsen aus anderen St\u00e4hlen herzustellen.<\/p>\n<\/div>\n<\/div>\n<div>\n<div>\n<p><strong>AISI 321 12\u042518\u041d10\u0422 08\u042518\u041d10\u0422&nbsp;<\/strong>Hitzebest\u00e4ndiger, korrosions- und hitzebest\u00e4ndiger Stahl der austenitischen Klasse. Besitzt hohe Festigkeit und Haltbarkeit. Es wird bei Temperaturen bis zu 600 \u00b0 C und in sehr aggressiven Umgebungen bis zu 350 \u00b0 C verwendet.<br><strong>AISI 304 08\u042518\u041d10&nbsp;<\/strong>Hitzebest\u00e4ndiger, korrosionsbest\u00e4ndiger austenitischer Stahl. Es wird bei Temperaturen bis zu 400 \u00b0 C in Medien mittlerer Aktivit\u00e4t eingesetzt.<br><strong>AISI 316L 03\u042517\u041d14\u041c3&nbsp;<\/strong>Korrosionsbest\u00e4ndiger austenitischer Stahl. Es wird bei Temperaturen bis zu 450 \u00b0 C in den meisten aggressiven Umgebungen verwendet.<br><strong>AISI 316Ti 10\u042517\u041d13\u041c2\u0422&nbsp;<\/strong>Korrosionsbest\u00e4ndiger austenitischer Stahl. Es wird bei Temperaturen bis zu 600 \u00b0 C in sehr aggressiven Umgebungen eingesetzt.<br><strong>AISI 430 12X17&nbsp;<\/strong>Hitzebest\u00e4ndiger, korrosionsbest\u00e4ndiger ferritischer Stahl. Es wird bei Temperaturen bis zu 400 \u00b0 C in leicht aggressiven Umgebungen eingesetzt.<br><strong>12X1MF&nbsp;<\/strong>Hitzebest\u00e4ndig, best\u00e4ndig gegen l\u00e4ngere Einwirkung hoher Temperaturen, Perlitstahl. Es wird bei Temperaturen bis zu 600 \u00b0 C eingesetzt.<\/p>\n<\/div>\n<\/div>\n<p>Montageh\u00fclsen GZ d\u00fcrfen mit Durchflussmengen und Dr\u00fccken betrieben werden, die die in den Tabellen f\u00fcr spezifische Modifikationen der H\u00fclsen angegebenen Werte nicht \u00fcberschreiten. Der maximale Durchfluss und der Nenndruck des einwirkenden Mediums werden aus der Bedingung der Gew\u00e4hrleistung der statischen Festigkeit der Muffe bestimmt.<\/p>\n<\/div>\n<\/div>\n<div title=\"Seite 2\">\n<div>\n<div>\n<div>\n<p>Thermometrische H\u00fclsen \u0413\u0417 aller Modifikationen sind versiegelt. Sie unterliegen Abnahmetests mit Pr\u00fcfdruck \u0420\u0440 und m\u00fcssen beim Betriebsdruck \u0420\u0440 gem\u00e4\u00df GOST 3634-79 betrieben werden.<\/p>\n<\/div>\n<\/div>\n<\/div>\n<\/div>\n<p>Bezeichnung Schutzschl\u00e4uche GZ nach TUU 26.5-32195027-008:2016:<\/p>\n<p><strong>REGMIK GPP-GZ- {Modifikation} .D.D1.d.d1.L.M1.S.M2.{Stahl_ grade}<\/strong>,<\/p>\n<p>wobei D, D1 - Au\u00dfendurchmesser des Befestigungsteils, mm<br>d, d1 - Innendurchmesser des Montageteils, mm<br>L, L1 - L\u00e4nge des Montageteils, mm<br>M1 - Art des Au\u00dfengewindes oder Durchmesser des geschwei\u00dften Teils<br>M2 - Art des Innengewindes<br>a1 - L\u00e4nge des Au\u00dfengewinde- oder Schwei\u00dfteils, mm<br>a2 - L\u00e4nge des Innengewindeteils, mm<br>S - Hex.<\/p>\t\t\t\t\t\t\t\t<\/div>\n\t\t\t\t\t<\/div>\n\t\t<\/div>\n\t\t\t\t\t<\/div>\n\t\t<\/section>\n\t\t\t\t<\/div>","protected":false},"excerpt":{"rendered":"<p>Schutzh\u00fclsen (Einbau, Thermometrie, Tauchh\u00fclse) GZ sind f\u00fcr die Montage von Widerstandsthermometern, Thermoelementen, Glasthermometern, Bimetallsensoren, Manometern bestimmt.<\/p>","protected":false},"featured_media":13987,"comment_status":"open","ping_status":"closed","template":"","meta":[],"product_brand":[],"product_cat":[467,38],"product_tag":[472,89,471],"class_list":{"0":"post-14165","1":"product","2":"type-product","3":"status-publish","4":"has-post-thumbnail","6":"product_cat-protective-fittings","7":"product_cat-sensors","8":"product_tag-gilza","9":"product_tag-datchik","10":"product_tag-zashhitnaya-armatura","13":"instock","14":"shipping-taxable","15":"purchasable","16":"product-type-simple"},"yoast_head":"<title>\u0413\u0438\u043b\u044c\u0437\u044b \u0437\u0430\u0449\u0438\u0442\u043d\u044b\u0435 \u0413\u0417 &#8211; \u0420\u0415\u0413\u041c\u0406\u041a, \u041d\u0412\u0424, \u041f\u041f (\u0418\u0437\u0433\u043e\u0442\u043e\u0432\u043b\u0435\u043d\u043e \u0432 \u0423\u043a\u0440\u0430\u0438\u043d\u0435)<\/title>\n<meta name=\"description\" content=\"\u0413\u0438\u043b\u044c\u0437\u044b \u0437\u0430\u0449\u0438\u0442\u043d\u044b\u0435 \u0413\u0417 \u043f\u0440\u0435\u0434\u043d\u0430\u0437\u043d\u0430\u0447\u0435\u043d\u044b \u0434\u043b\u044f \u043c\u043e\u043d\u0442\u0430\u0436\u0430\u00a0\u0434\u0430\u0442\u0447\u0438\u043a\u043e\u0432 \u0442\u0435\u043c\u043f\u0435\u0440\u0430\u0442\u0443\u0440\u044b \u0442\u0435\u0440\u043c\u043e\u043c\u0435\u0442\u0440\u043e\u0432 \u0441\u0442\u0435\u043a\u043b\u044f\u043d\u043d\u044b\u0445, \u0431\u0438\u043c\u0435\u0442\u0430\u043b\u043b\u0438\u0447\u0435\u0441\u043a\u0438\u0445 \u0438 \u043c\u0430\u043d\u043e\u043c\u0435\u0442\u0440\u0438\u0447\u0435\u0441\u043a\u0438\u0445.\" \/>\n<meta name=\"robots\" content=\"index, follow, max-snippet:-1, max-image-preview:large, max-video-preview:-1\" \/>\n<link rel=\"canonical\" href=\"https:\/\/regmik.ua\/de\/product\/immersion_sleeve_gz\/\" \/>\n<script type=\"application\/ld+json\" class=\"yoast-schema-graph\">{\"@context\":\"https:\\\/\\\/schema.org\",\"@graph\":[{\"@type\":\"WebPage\",\"@id\":\"https:\\\/\\\/regmik.ua\\\/product\\\/immersion_sleeve_gz\\\/\",\"url\":\"https:\\\/\\\/regmik.ua\\\/product\\\/immersion_sleeve_gz\\\/\",\"name\":\"\u0413\u0438\u043b\u044c\u0437\u044b \u0437\u0430\u0449\u0438\u0442\u043d\u044b\u0435 \u0413\u0417 &#8211; \u0420\u0415\u0413\u041c\u0406\u041a, \u041d\u0412\u0424, \u041f\u041f (\u0418\u0437\u0433\u043e\u0442\u043e\u0432\u043b\u0435\u043d\u043e \u0432 \u0423\u043a\u0440\u0430\u0438\u043d\u0435)\",\"isPartOf\":{\"@id\":\"https:\\\/\\\/regmik.ua\\\/uk\\\/#website\"},\"primaryImageOfPage\":{\"@id\":\"https:\\\/\\\/regmik.ua\\\/product\\\/immersion_sleeve_gz\\\/#primaryimage\"},\"image\":{\"@id\":\"https:\\\/\\\/regmik.ua\\\/product\\\/immersion_sleeve_gz\\\/#primaryimage\"},\"thumbnailUrl\":\"https:\\\/\\\/regmik.ua\\\/wp-content\\\/uploads\\\/2015\\\/08\\\/GZ002.png\",\"datePublished\":\"2016-10-13T14:42:53+00:00\",\"dateModified\":\"2023-11-21T17:58:26+00:00\",\"description\":\"\u0413\u0438\u043b\u044c\u0437\u044b \u0437\u0430\u0449\u0438\u0442\u043d\u044b\u0435 \u0413\u0417 \u043f\u0440\u0435\u0434\u043d\u0430\u0437\u043d\u0430\u0447\u0435\u043d\u044b \u0434\u043b\u044f \u043c\u043e\u043d\u0442\u0430\u0436\u0430\u00a0\u0434\u0430\u0442\u0447\u0438\u043a\u043e\u0432 \u0442\u0435\u043c\u043f\u0435\u0440\u0430\u0442\u0443\u0440\u044b \u0442\u0435\u0440\u043c\u043e\u043c\u0435\u0442\u0440\u043e\u0432 \u0441\u0442\u0435\u043a\u043b\u044f\u043d\u043d\u044b\u0445, \u0431\u0438\u043c\u0435\u0442\u0430\u043b\u043b\u0438\u0447\u0435\u0441\u043a\u0438\u0445 \u0438 \u043c\u0430\u043d\u043e\u043c\u0435\u0442\u0440\u0438\u0447\u0435\u0441\u043a\u0438\u0445.\",\"breadcrumb\":{\"@id\":\"https:\\\/\\\/regmik.ua\\\/product\\\/immersion_sleeve_gz\\\/#breadcrumb\"},\"inLanguage\":\"de\",\"potentialAction\":[{\"@type\":\"ReadAction\",\"target\":[\"https:\\\/\\\/regmik.ua\\\/product\\\/immersion_sleeve_gz\\\/\"]}]},{\"@type\":\"ImageObject\",\"inLanguage\":\"de\",\"@id\":\"https:\\\/\\\/regmik.ua\\\/product\\\/immersion_sleeve_gz\\\/#primaryimage\",\"url\":\"https:\\\/\\\/regmik.ua\\\/wp-content\\\/uploads\\\/2015\\\/08\\\/GZ002.png\",\"contentUrl\":\"https:\\\/\\\/regmik.ua\\\/wp-content\\\/uploads\\\/2015\\\/08\\\/GZ002.png\",\"width\":800,\"height\":1024,\"caption\":\"\u0413\u0438\u043b\u044c\u0437\u044b \u0437\u0430\u0449\u0438\u0442\u043d\u044b\u0435 \u0413\u0417-002\"},{\"@type\":\"BreadcrumbList\",\"@id\":\"https:\\\/\\\/regmik.ua\\\/product\\\/immersion_sleeve_gz\\\/#breadcrumb\",\"itemListElement\":[{\"@type\":\"ListItem\",\"position\":1,\"name\":\"\u0413\u043b\u0430\u0432\u043d\u0430\u044f \u0441\u0442\u0440\u0430\u043d\u0438\u0446\u0430\",\"item\":\"https:\\\/\\\/regmik.ua\\\/\"},{\"@type\":\"ListItem\",\"position\":2,\"name\":\"\u041f\u0440\u043e\u0434\u0443\u043a\u0446\u0438\u044f\",\"item\":\"https:\\\/\\\/regmik.ua\\\/uk\\\/products\\\/\"},{\"@type\":\"ListItem\",\"position\":3,\"name\":\"\u0413\u0438\u043b\u044c\u0437\u044b \u0437\u0430\u0449\u0438\u0442\u043d\u044b\u0435 \u0413\u0417-001, \u0413\u0417-002, \u0413\u0417-003, \u0413\u0417-004, \u0413\u0417-101, \u0413\u0417-102, \u0413\u0417-103, \u0413\u0417-104\"}]},{\"@type\":\"WebSite\",\"@id\":\"https:\\\/\\\/regmik.ua\\\/uk\\\/#website\",\"url\":\"https:\\\/\\\/regmik.ua\\\/uk\\\/\",\"name\":\"REGMIK\",\"description\":\"\u0418\u0437\u043c\u0435\u0440\u0438\u0442\u0435\u043b\u044c\u043d\u044b\u0435 \u043f\u0440\u0438\u0431\u043e\u0440\u044b \u0438 \u0434\u0430\u0442\u0447\u0438\u043a\u0438 \u0442\u0435\u043c\u043f\u0435\u0440\u0430\u0442\u0443\u0440\u044b\",\"publisher\":{\"@id\":\"https:\\\/\\\/regmik.ua\\\/uk\\\/#organization\"},\"alternateName\":\"REGMIK\",\"potentialAction\":[{\"@type\":\"SearchAction\",\"target\":{\"@type\":\"EntryPoint\",\"urlTemplate\":\"https:\\\/\\\/regmik.ua\\\/uk\\\/?s={search_term_string}\"},\"query-input\":{\"@type\":\"PropertyValueSpecification\",\"valueRequired\":true,\"valueName\":\"search_term_string\"}}],\"inLanguage\":\"de\"},{\"@type\":\"Organization\",\"@id\":\"https:\\\/\\\/regmik.ua\\\/uk\\\/#organization\",\"name\":\"REGMIK\",\"alternateName\":\"\u0420\u0415\u0413\u041c\u0418\u041a\",\"url\":\"https:\\\/\\\/regmik.ua\\\/uk\\\/\",\"logo\":{\"@type\":\"ImageObject\",\"inLanguage\":\"de\",\"@id\":\"https:\\\/\\\/regmik.ua\\\/uk\\\/#\\\/schema\\\/logo\\\/image\\\/\",\"url\":\"https:\\\/\\\/regmik.ua\\\/wp-content\\\/uploads\\\/2020\\\/03\\\/regmik_logo.png\",\"contentUrl\":\"https:\\\/\\\/regmik.ua\\\/wp-content\\\/uploads\\\/2020\\\/03\\\/regmik_logo.png\",\"width\":194,\"height\":45,\"caption\":\"REGMIK\"},\"image\":{\"@id\":\"https:\\\/\\\/regmik.ua\\\/uk\\\/#\\\/schema\\\/logo\\\/image\\\/\"},\"sameAs\":[\"https:\\\/\\\/www.facebook.com\\\/regmik.npf\",\"https:\\\/\\\/x.com\\\/regmiknpf\",\"https:\\\/\\\/www.youtube.com\\\/channel\\\/UC_SrY98SKAmR3Kt95GcVKcw\"]}]}<\/script>","yoast_head_json":{"title":"Schutzh\u00fcllen GZ - REGMlK, NVF, PP (Hergestellt in der Ukraine)","description":"Schutzh\u00fclsen GZ sind f\u00fcr die Montage von Temperatursensoren von Glas-, Bimetall- und manometrischen Thermometern bestimmt.","robots":{"index":"index","follow":"follow","max-snippet":"max-snippet:-1","max-image-preview":"max-image-preview:large","max-video-preview":"max-video-preview:-1"},"canonical":"https:\/\/regmik.ua\/de\/product\/immersion_sleeve_gz\/","schema":{"@context":"https:\/\/schema.org","@graph":[{"@type":"WebPage","@id":"https:\/\/regmik.ua\/product\/immersion_sleeve_gz\/","url":"https:\/\/regmik.ua\/product\/immersion_sleeve_gz\/","name":"Schutzh\u00fcllen GZ - REGMlK, NVF, PP (Hergestellt in der Ukraine)","isPartOf":{"@id":"https:\/\/regmik.ua\/uk\/#website"},"primaryImageOfPage":{"@id":"https:\/\/regmik.ua\/product\/immersion_sleeve_gz\/#primaryimage"},"image":{"@id":"https:\/\/regmik.ua\/product\/immersion_sleeve_gz\/#primaryimage"},"thumbnailUrl":"https:\/\/regmik.ua\/wp-content\/uploads\/2015\/08\/GZ002.png","datePublished":"2016-10-13T14:42:53+00:00","dateModified":"2023-11-21T17:58:26+00:00","description":"Schutzh\u00fclsen GZ sind f\u00fcr die Montage von Temperatursensoren von Glas-, Bimetall- und manometrischen Thermometern bestimmt.","breadcrumb":{"@id":"https:\/\/regmik.ua\/product\/immersion_sleeve_gz\/#breadcrumb"},"inLanguage":"de","potentialAction":[{"@type":"ReadAction","target":["https:\/\/regmik.ua\/product\/immersion_sleeve_gz\/"]}]},{"@type":"ImageObject","inLanguage":"de","@id":"https:\/\/regmik.ua\/product\/immersion_sleeve_gz\/#primaryimage","url":"https:\/\/regmik.ua\/wp-content\/uploads\/2015\/08\/GZ002.png","contentUrl":"https:\/\/regmik.ua\/wp-content\/uploads\/2015\/08\/GZ002.png","width":800,"height":1024,"caption":"\u0413\u0438\u043b\u044c\u0437\u044b \u0437\u0430\u0449\u0438\u0442\u043d\u044b\u0435 \u0413\u0417-002"},{"@type":"BreadcrumbList","@id":"https:\/\/regmik.ua\/product\/immersion_sleeve_gz\/#breadcrumb","itemListElement":[{"@type":"ListItem","position":1,"name":"\u0413\u043b\u0430\u0432\u043d\u0430\u044f \u0441\u0442\u0440\u0430\u043d\u0438\u0446\u0430","item":"https:\/\/regmik.ua\/"},{"@type":"ListItem","position":2,"name":"\u041f\u0440\u043e\u0434\u0443\u043a\u0446\u0438\u044f","item":"https:\/\/regmik.ua\/uk\/products\/"},{"@type":"ListItem","position":3,"name":"\u0413\u0438\u043b\u044c\u0437\u044b \u0437\u0430\u0449\u0438\u0442\u043d\u044b\u0435 \u0413\u0417-001, \u0413\u0417-002, \u0413\u0417-003, \u0413\u0417-004, \u0413\u0417-101, \u0413\u0417-102, \u0413\u0417-103, \u0413\u0417-104"}]},{"@type":"WebSite","@id":"https:\/\/regmik.ua\/uk\/#website","url":"https:\/\/regmik.ua\/uk\/","name":"REGMIK","description":"Messger\u00e4te und Temperatursensoren","publisher":{"@id":"https:\/\/regmik.ua\/uk\/#organization"},"alternateName":"REGMIK","potentialAction":[{"@type":"SearchAction","target":{"@type":"EntryPoint","urlTemplate":"https:\/\/regmik.ua\/uk\/?s={search_term_string}"},"query-input":{"@type":"PropertyValueSpecification","valueRequired":true,"valueName":"search_term_string"}}],"inLanguage":"de"},{"@type":"Organization","@id":"https:\/\/regmik.ua\/uk\/#organization","name":"REGMIK","alternateName":"\u0420\u0415\u0413\u041c\u0418\u041a","url":"https:\/\/regmik.ua\/uk\/","logo":{"@type":"ImageObject","inLanguage":"de","@id":"https:\/\/regmik.ua\/uk\/#\/schema\/logo\/image\/","url":"https:\/\/regmik.ua\/wp-content\/uploads\/2020\/03\/regmik_logo.png","contentUrl":"https:\/\/regmik.ua\/wp-content\/uploads\/2020\/03\/regmik_logo.png","width":194,"height":45,"caption":"REGMIK"},"image":{"@id":"https:\/\/regmik.ua\/uk\/#\/schema\/logo\/image\/"},"sameAs":["https:\/\/www.facebook.com\/regmik.npf","https:\/\/x.com\/regmiknpf","https:\/\/www.youtube.com\/channel\/UC_SrY98SKAmR3Kt95GcVKcw"]}]}},"_links":{"self":[{"href":"https:\/\/regmik.ua\/de\/wp-json\/wp\/v2\/product\/14165","targetHints":{"allow":["GET"]}}],"collection":[{"href":"https:\/\/regmik.ua\/de\/wp-json\/wp\/v2\/product"}],"about":[{"href":"https:\/\/regmik.ua\/de\/wp-json\/wp\/v2\/types\/product"}],"replies":[{"embeddable":true,"href":"https:\/\/regmik.ua\/de\/wp-json\/wp\/v2\/comments?post=14165"}],"version-history":[{"count":0,"href":"https:\/\/regmik.ua\/de\/wp-json\/wp\/v2\/product\/14165\/revisions"}],"wp:featuredmedia":[{"embeddable":true,"href":"https:\/\/regmik.ua\/de\/wp-json\/wp\/v2\/media\/13987"}],"wp:attachment":[{"href":"https:\/\/regmik.ua\/de\/wp-json\/wp\/v2\/media?parent=14165"}],"wp:term":[{"taxonomy":"product_brand","embeddable":true,"href":"https:\/\/regmik.ua\/de\/wp-json\/wp\/v2\/product_brand?post=14165"},{"taxonomy":"product_cat","embeddable":true,"href":"https:\/\/regmik.ua\/de\/wp-json\/wp\/v2\/product_cat?post=14165"},{"taxonomy":"product_tag","embeddable":true,"href":"https:\/\/regmik.ua\/de\/wp-json\/wp\/v2\/product_tag?post=14165"}],"curies":[{"name":"wp","href":"https:\/\/api.w.org\/{rel}","templated":true}]}}