{"id":14000,"date":"2016-10-12T08:33:17","date_gmt":"2016-10-12T05:33:17","guid":{"rendered":"http:\/\/test.regmik.com.ua\/index.php\/product\/bobyishki-modifikatsiya-001\/"},"modified":"2022-05-31T06:32:59","modified_gmt":"2022-05-31T03:32:59","slug":"bayonet-adapter","status":"publish","type":"product","link":"https:\/\/regmik.ua\/de\/product\/bayonet-adapter\/","title":{"rendered":"Befestigungslaschen B-001, B-002, B-003, B-004, B-005"},"content":{"rendered":"<p>Befestigungslaschen B-001, B-002, B-003, B-004, B-005 sind f\u00fcr den Einbau von Widerstandsthermometern (<a href=\"https:\/\/regmik.ua\/product-category\/sensors\/temperature-sensors\/\">TS<\/a>), thermoelektrische Wandler (<a href=\"https:\/\/regmik.ua\/product-category\/sensors\/temperature-sensors\/\">PT<\/a>) und <a href=\"https:\/\/regmik.ua\/?product_cat=&amp;s=%D0%B3%D0%B8%D0%BB%D1%8C%D0%B7%D1%8B&amp;post_type=product\">Schutzh\u00fcllen<\/a>... Die Montage der Bosse B-001, B-002, B-003 erfolgt \u00fcber eine Schwei\u00dfverbindung und B-004, B-005 - \u00fcber eine Gewindeverbindung.<\/p>\n<p class=\"base title\">Befestigungslaschen B-004, B-005 sind Bestandteil des Bajonettverschlusses (<a href=\"https:\/\/en.wikipedia.org\/wiki\/Bayonet_mount\">Bajonettverschluss,<\/a> Bajonettadapter, Bajonettverschluss).<\/p>\n<p>Die Vorspr\u00fcnge werden mit Befestigungsgewinden hergestellt: metrisch nach GOST 24705, zylindrisches Rohr nach GOST 6357 und konisch Zoll nach GOST 6111. Das Befestigungsgewinde kann auf Kundenwunsch nach anderen Normen gefertigt werden.<\/p>\n<p>Befestigungssockel B-xxx sind aus Stahl 12X18H10T nach GOST 5632 oder Stahl St3. Auf Kundenwunsch ist es m\u00f6glich, thermometrische H\u00fclsen aus anderen St\u00e4hlen herzustellen.<\/p>\n<p><strong>AISI 321 12\u042518\u041d10\u0422 08\u042518\u041d10\u0422\u00a0<\/strong>Hitzebest\u00e4ndiger, korrosions- und hitzebest\u00e4ndiger Stahl der austenitischen Klasse. Besitzt hohe Festigkeit und Haltbarkeit. Es wird bei Temperaturen bis zu 600 \u00b0 C und in sehr aggressiven Umgebungen bis zu 350 \u00b0 C verwendet.<br \/>\n<strong>AISI 304 08\u042518\u041d10\u00a0<\/strong>Hitzebest\u00e4ndiger, korrosionsbest\u00e4ndiger austenitischer Stahl. Es wird bei Temperaturen bis zu 400 \u00b0 C in Medien mittlerer Aktivit\u00e4t eingesetzt.<br \/>\n<strong>AISI 316L 03\u042517\u041d14\u041c3\u00a0<\/strong>Korrosionsbest\u00e4ndiger austenitischer Stahl. Es wird bei Temperaturen bis zu 450 \u00b0 C in den meisten aggressiven Umgebungen verwendet.<br \/>\n<strong>AISI 316Ti 10\u042517\u041d13\u041c2\u0422\u00a0<\/strong>Korrosionsbest\u00e4ndiger austenitischer Stahl. Es wird bei Temperaturen bis zu 600 \u00b0 C in sehr aggressiven Umgebungen eingesetzt.<br \/>\n<strong>AISI 430 12X17\u00a0<\/strong>Hitzebest\u00e4ndiger, korrosionsbest\u00e4ndiger ferritischer Stahl. Es wird bei Temperaturen bis zu 400 \u00b0 C in leicht aggressiven Umgebungen eingesetzt.<br \/>\n<strong>12X1MF\u00a0<\/strong>Hitzebest\u00e4ndig, best\u00e4ndig gegen l\u00e4ngere Einwirkung hoher Temperaturen, Perlitstahl. Es wird bei Temperaturen bis zu 600 \u00b0 C eingesetzt.<\/p>\n<p>B-xxx-Muffen sollten bei Betriebsdr\u00fccken und -temperaturen betrieben werden, die die von den einschl\u00e4gigen Regeln und Vorschriften der staatlichen Aufsicht f\u00fcr diese Materialien und Betriebsbedingungen festgelegten Grenzen nicht \u00fcberschreiten sollten.<\/p>\n<p>Die Installation von B-xxx-Buchsen in der Anlage erfolgt gem\u00e4\u00df den Anweisungen f\u00fcr das Ger\u00e4t, auf dem die Installation erfolgt. Dichtungen f\u00fcr den Einbau <a href=\"https:\/\/regmik.ua\/product-category\/sensors\/temperature-sensors\/\">TS<\/a> nicht im Paket enthalten.<\/p>\n<p>Konventionelle Bezeichnung Bobshek B-001 (vollst\u00e4ndiger Name BPP-B-001) gem\u00e4\u00df TU U26.5-32195027-008: 2016:<\/p>\n<div class=\"page\" title=\"Seite 7\">\n<div class=\"layoutArea\">\n<div class=\"column\">\n<p><strong>Montagedome REGMIK BPP-B-001.DdLM<\/strong><\/p>\n<\/div>\n<\/div>\n<\/div>\n<p>L - L\u00e4nge des Montageteils der Nabe, mm<br \/>\nD - Au\u00dfendurchmesser der Nabe, mm<br \/>\nd - Innendurchmesser der Nabe, mm<br \/>\nM - Nabengewindetyp<br \/>\na - Nabengewindetiefe<\/p>","protected":false},"excerpt":{"rendered":"<p>Montagedome B-001, B-002, B-003, B-004, B-005 sind f\u00fcr den Einbau von Widerstandsthermometern, thermoelektrischen Wandlern und Schutzh\u00fclsen vorgesehen.<\/p>","protected":false},"featured_media":13972,"comment_status":"open","ping_status":"closed","template":"","meta":[],"product_brand":[],"product_cat":[467,38],"product_tag":[468,89,471],"class_list":{"0":"post-14000","1":"product","2":"type-product","3":"status-publish","4":"has-post-thumbnail","6":"product_cat-protective-fittings","7":"product_cat-sensors","8":"product_tag-bobyshka","9":"product_tag-datchik","10":"product_tag-zashhitnaya-armatura","13":"instock","14":"shipping-taxable","15":"purchasable","16":"product-type-simple"},"yoast_head":"<title>\u0411\u043e\u0431\u044b\u0448\u043a\u0438 \u043c\u043e\u043d\u0442\u0430\u0436\u043d\u044b\u0435 \u0411-001, \u0411-002, \u0411-003, \u0411-004, \u0411-005 &#8211; \u0420\u0415\u0413\u041c\u0406\u041a, \u041d\u0412\u0424, \u041f\u041f<\/title>\n<meta name=\"description\" content=\"\u0411\u043e\u0431\u044b\u0448\u043a\u0438 \u043c\u043e\u043d\u0442\u0430\u0436\u043d\u044b\u0435 \u043f\u0440\u0435\u0434\u043d\u0430\u0437\u043d\u0430\u0447\u0435\u043d\u044b \u0434\u043b\u044f \u0443\u0441\u0442\u0430\u043d\u043e\u0432\u043a\u0438 \u0442\u0435\u0440\u043c\u043e\u043c\u0435\u0442\u0440\u043e\u0432 \u0441\u043e\u043f\u0440\u043e\u0442\u0438\u0432\u043b\u0435\u043d\u0438\u044f , \u043f\u0440\u0435\u043e\u0431\u0440\u0430\u0437\u043e\u0432\u0430\u0442\u0435\u043b\u0435\u0439 \u0442\u0435\u0440\u043c\u043e\u044d\u043b\u0435\u043a\u0442\u0440\u0438\u0447\u0435\u0441\u043a\u0438\u0445 \u0438 \u0433\u0438\u043b\u044c\u0437 \u0437\u0430\u0449\u0438\u0442\u043d\u044b\u0445\" \/>\n<meta name=\"robots\" content=\"index, follow, max-snippet:-1, max-image-preview:large, max-video-preview:-1\" \/>\n<link rel=\"canonical\" href=\"https:\/\/regmik.ua\/de\/product\/bayonet-adapter\/\" \/>\n<script type=\"application\/ld+json\" class=\"yoast-schema-graph\">{\"@context\":\"https:\\\/\\\/schema.org\",\"@graph\":[{\"@type\":\"WebPage\",\"@id\":\"https:\\\/\\\/regmik.ua\\\/product\\\/bayonet-adapter\\\/\",\"url\":\"https:\\\/\\\/regmik.ua\\\/product\\\/bayonet-adapter\\\/\",\"name\":\"\u0411\u043e\u0431\u044b\u0448\u043a\u0438 \u043c\u043e\u043d\u0442\u0430\u0436\u043d\u044b\u0435 \u0411-001, \u0411-002, \u0411-003, \u0411-004, \u0411-005 &#8211; \u0420\u0415\u0413\u041c\u0406\u041a, \u041d\u0412\u0424, \u041f\u041f\",\"isPartOf\":{\"@id\":\"https:\\\/\\\/regmik.ua\\\/uk\\\/#website\"},\"primaryImageOfPage\":{\"@id\":\"https:\\\/\\\/regmik.ua\\\/product\\\/bayonet-adapter\\\/#primaryimage\"},\"image\":{\"@id\":\"https:\\\/\\\/regmik.ua\\\/product\\\/bayonet-adapter\\\/#primaryimage\"},\"thumbnailUrl\":\"https:\\\/\\\/regmik.ua\\\/wp-content\\\/uploads\\\/2015\\\/08\\\/B001.png\",\"datePublished\":\"2016-10-12T05:33:17+00:00\",\"dateModified\":\"2022-05-31T03:32:59+00:00\",\"description\":\"\u0411\u043e\u0431\u044b\u0448\u043a\u0438 \u043c\u043e\u043d\u0442\u0430\u0436\u043d\u044b\u0435 \u043f\u0440\u0435\u0434\u043d\u0430\u0437\u043d\u0430\u0447\u0435\u043d\u044b \u0434\u043b\u044f \u0443\u0441\u0442\u0430\u043d\u043e\u0432\u043a\u0438 \u0442\u0435\u0440\u043c\u043e\u043c\u0435\u0442\u0440\u043e\u0432 \u0441\u043e\u043f\u0440\u043e\u0442\u0438\u0432\u043b\u0435\u043d\u0438\u044f , \u043f\u0440\u0435\u043e\u0431\u0440\u0430\u0437\u043e\u0432\u0430\u0442\u0435\u043b\u0435\u0439 \u0442\u0435\u0440\u043c\u043e\u044d\u043b\u0435\u043a\u0442\u0440\u0438\u0447\u0435\u0441\u043a\u0438\u0445 \u0438 \u0433\u0438\u043b\u044c\u0437 \u0437\u0430\u0449\u0438\u0442\u043d\u044b\u0445\",\"breadcrumb\":{\"@id\":\"https:\\\/\\\/regmik.ua\\\/product\\\/bayonet-adapter\\\/#breadcrumb\"},\"inLanguage\":\"de\",\"potentialAction\":[{\"@type\":\"ReadAction\",\"target\":[\"https:\\\/\\\/regmik.ua\\\/product\\\/bayonet-adapter\\\/\"]}]},{\"@type\":\"ImageObject\",\"inLanguage\":\"de\",\"@id\":\"https:\\\/\\\/regmik.ua\\\/product\\\/bayonet-adapter\\\/#primaryimage\",\"url\":\"https:\\\/\\\/regmik.ua\\\/wp-content\\\/uploads\\\/2015\\\/08\\\/B001.png\",\"contentUrl\":\"https:\\\/\\\/regmik.ua\\\/wp-content\\\/uploads\\\/2015\\\/08\\\/B001.png\",\"width\":800,\"height\":1024,\"caption\":\"\u0411\u043e\u0431\u044b\u0448\u043a\u0438 \u043c\u043e\u043d\u0442\u0430\u0436\u043d\u044b\u0435 \u0411-001\"},{\"@type\":\"BreadcrumbList\",\"@id\":\"https:\\\/\\\/regmik.ua\\\/product\\\/bayonet-adapter\\\/#breadcrumb\",\"itemListElement\":[{\"@type\":\"ListItem\",\"position\":1,\"name\":\"\u0413\u043b\u0430\u0432\u043d\u0430\u044f \u0441\u0442\u0440\u0430\u043d\u0438\u0446\u0430\",\"item\":\"https:\\\/\\\/regmik.ua\\\/\"},{\"@type\":\"ListItem\",\"position\":2,\"name\":\"\u041f\u0440\u043e\u0434\u0443\u043a\u0446\u0438\u044f\",\"item\":\"https:\\\/\\\/regmik.ua\\\/uk\\\/products\\\/\"},{\"@type\":\"ListItem\",\"position\":3,\"name\":\"\u0411\u043e\u0431\u044b\u0448\u043a\u0438 \u043c\u043e\u043d\u0442\u0430\u0436\u043d\u044b\u0435 \u0411-001, \u0411-002, \u0411-003, \u0411-004, \u0411-005\"}]},{\"@type\":\"WebSite\",\"@id\":\"https:\\\/\\\/regmik.ua\\\/uk\\\/#website\",\"url\":\"https:\\\/\\\/regmik.ua\\\/uk\\\/\",\"name\":\"REGMIK\",\"description\":\"\u0418\u0437\u043c\u0435\u0440\u0438\u0442\u0435\u043b\u044c\u043d\u044b\u0435 \u043f\u0440\u0438\u0431\u043e\u0440\u044b \u0438 \u0434\u0430\u0442\u0447\u0438\u043a\u0438 \u0442\u0435\u043c\u043f\u0435\u0440\u0430\u0442\u0443\u0440\u044b\",\"publisher\":{\"@id\":\"https:\\\/\\\/regmik.ua\\\/uk\\\/#organization\"},\"alternateName\":\"REGMIK\",\"potentialAction\":[{\"@type\":\"SearchAction\",\"target\":{\"@type\":\"EntryPoint\",\"urlTemplate\":\"https:\\\/\\\/regmik.ua\\\/uk\\\/?s={search_term_string}\"},\"query-input\":{\"@type\":\"PropertyValueSpecification\",\"valueRequired\":true,\"valueName\":\"search_term_string\"}}],\"inLanguage\":\"de\"},{\"@type\":\"Organization\",\"@id\":\"https:\\\/\\\/regmik.ua\\\/uk\\\/#organization\",\"name\":\"REGMIK\",\"alternateName\":\"\u0420\u0415\u0413\u041c\u0418\u041a\",\"url\":\"https:\\\/\\\/regmik.ua\\\/uk\\\/\",\"logo\":{\"@type\":\"ImageObject\",\"inLanguage\":\"de\",\"@id\":\"https:\\\/\\\/regmik.ua\\\/uk\\\/#\\\/schema\\\/logo\\\/image\\\/\",\"url\":\"https:\\\/\\\/regmik.ua\\\/wp-content\\\/uploads\\\/2020\\\/03\\\/regmik_logo.png\",\"contentUrl\":\"https:\\\/\\\/regmik.ua\\\/wp-content\\\/uploads\\\/2020\\\/03\\\/regmik_logo.png\",\"width\":194,\"height\":45,\"caption\":\"REGMIK\"},\"image\":{\"@id\":\"https:\\\/\\\/regmik.ua\\\/uk\\\/#\\\/schema\\\/logo\\\/image\\\/\"},\"sameAs\":[\"https:\\\/\\\/www.facebook.com\\\/regmik.npf\",\"https:\\\/\\\/x.com\\\/regmiknpf\",\"https:\\\/\\\/www.youtube.com\\\/channel\\\/UC_SrY98SKAmR3Kt95GcVKcw\"]}]}<\/script>","yoast_head_json":{"title":"Befestigungsdome B-001, B-002, B-003, B-004, B-005 - REGMlK, NVF, PP","description":"Befestigungslaschen sind f\u00fcr den Einbau von Widerstandsthermometern, thermoelektrischen Wandlern und Schutzh\u00fclsen vorgesehen","robots":{"index":"index","follow":"follow","max-snippet":"max-snippet:-1","max-image-preview":"max-image-preview:large","max-video-preview":"max-video-preview:-1"},"canonical":"https:\/\/regmik.ua\/de\/product\/bayonet-adapter\/","schema":{"@context":"https:\/\/schema.org","@graph":[{"@type":"WebPage","@id":"https:\/\/regmik.ua\/product\/bayonet-adapter\/","url":"https:\/\/regmik.ua\/product\/bayonet-adapter\/","name":"Befestigungsdome B-001, B-002, B-003, B-004, B-005 - REGMlK, NVF, PP","isPartOf":{"@id":"https:\/\/regmik.ua\/uk\/#website"},"primaryImageOfPage":{"@id":"https:\/\/regmik.ua\/product\/bayonet-adapter\/#primaryimage"},"image":{"@id":"https:\/\/regmik.ua\/product\/bayonet-adapter\/#primaryimage"},"thumbnailUrl":"https:\/\/regmik.ua\/wp-content\/uploads\/2015\/08\/B001.png","datePublished":"2016-10-12T05:33:17+00:00","dateModified":"2022-05-31T03:32:59+00:00","description":"Befestigungslaschen sind f\u00fcr den Einbau von Widerstandsthermometern, thermoelektrischen Wandlern und Schutzh\u00fclsen vorgesehen","breadcrumb":{"@id":"https:\/\/regmik.ua\/product\/bayonet-adapter\/#breadcrumb"},"inLanguage":"de","potentialAction":[{"@type":"ReadAction","target":["https:\/\/regmik.ua\/product\/bayonet-adapter\/"]}]},{"@type":"ImageObject","inLanguage":"de","@id":"https:\/\/regmik.ua\/product\/bayonet-adapter\/#primaryimage","url":"https:\/\/regmik.ua\/wp-content\/uploads\/2015\/08\/B001.png","contentUrl":"https:\/\/regmik.ua\/wp-content\/uploads\/2015\/08\/B001.png","width":800,"height":1024,"caption":"\u0411\u043e\u0431\u044b\u0448\u043a\u0438 \u043c\u043e\u043d\u0442\u0430\u0436\u043d\u044b\u0435 \u0411-001"},{"@type":"BreadcrumbList","@id":"https:\/\/regmik.ua\/product\/bayonet-adapter\/#breadcrumb","itemListElement":[{"@type":"ListItem","position":1,"name":"\u0413\u043b\u0430\u0432\u043d\u0430\u044f \u0441\u0442\u0440\u0430\u043d\u0438\u0446\u0430","item":"https:\/\/regmik.ua\/"},{"@type":"ListItem","position":2,"name":"\u041f\u0440\u043e\u0434\u0443\u043a\u0446\u0438\u044f","item":"https:\/\/regmik.ua\/uk\/products\/"},{"@type":"ListItem","position":3,"name":"\u0411\u043e\u0431\u044b\u0448\u043a\u0438 \u043c\u043e\u043d\u0442\u0430\u0436\u043d\u044b\u0435 \u0411-001, \u0411-002, \u0411-003, \u0411-004, \u0411-005"}]},{"@type":"WebSite","@id":"https:\/\/regmik.ua\/uk\/#website","url":"https:\/\/regmik.ua\/uk\/","name":"REGMIK","description":"Messger\u00e4te und Temperatursensoren","publisher":{"@id":"https:\/\/regmik.ua\/uk\/#organization"},"alternateName":"REGMIK","potentialAction":[{"@type":"SearchAction","target":{"@type":"EntryPoint","urlTemplate":"https:\/\/regmik.ua\/uk\/?s={search_term_string}"},"query-input":{"@type":"PropertyValueSpecification","valueRequired":true,"valueName":"search_term_string"}}],"inLanguage":"de"},{"@type":"Organization","@id":"https:\/\/regmik.ua\/uk\/#organization","name":"REGMIK","alternateName":"\u0420\u0415\u0413\u041c\u0418\u041a","url":"https:\/\/regmik.ua\/uk\/","logo":{"@type":"ImageObject","inLanguage":"de","@id":"https:\/\/regmik.ua\/uk\/#\/schema\/logo\/image\/","url":"https:\/\/regmik.ua\/wp-content\/uploads\/2020\/03\/regmik_logo.png","contentUrl":"https:\/\/regmik.ua\/wp-content\/uploads\/2020\/03\/regmik_logo.png","width":194,"height":45,"caption":"REGMIK"},"image":{"@id":"https:\/\/regmik.ua\/uk\/#\/schema\/logo\/image\/"},"sameAs":["https:\/\/www.facebook.com\/regmik.npf","https:\/\/x.com\/regmiknpf","https:\/\/www.youtube.com\/channel\/UC_SrY98SKAmR3Kt95GcVKcw"]}]}},"_links":{"self":[{"href":"https:\/\/regmik.ua\/de\/wp-json\/wp\/v2\/product\/14000","targetHints":{"allow":["GET"]}}],"collection":[{"href":"https:\/\/regmik.ua\/de\/wp-json\/wp\/v2\/product"}],"about":[{"href":"https:\/\/regmik.ua\/de\/wp-json\/wp\/v2\/types\/product"}],"replies":[{"embeddable":true,"href":"https:\/\/regmik.ua\/de\/wp-json\/wp\/v2\/comments?post=14000"}],"version-history":[{"count":0,"href":"https:\/\/regmik.ua\/de\/wp-json\/wp\/v2\/product\/14000\/revisions"}],"wp:featuredmedia":[{"embeddable":true,"href":"https:\/\/regmik.ua\/de\/wp-json\/wp\/v2\/media\/13972"}],"wp:attachment":[{"href":"https:\/\/regmik.ua\/de\/wp-json\/wp\/v2\/media?parent=14000"}],"wp:term":[{"taxonomy":"product_brand","embeddable":true,"href":"https:\/\/regmik.ua\/de\/wp-json\/wp\/v2\/product_brand?post=14000"},{"taxonomy":"product_cat","embeddable":true,"href":"https:\/\/regmik.ua\/de\/wp-json\/wp\/v2\/product_cat?post=14000"},{"taxonomy":"product_tag","embeddable":true,"href":"https:\/\/regmik.ua\/de\/wp-json\/wp\/v2\/product_tag?post=14000"}],"curies":[{"name":"wp","href":"https:\/\/api.w.org\/{rel}","templated":true}]}}