{"id":13513,"date":"2016-10-07T08:18:06","date_gmt":"2016-10-07T06:18:06","guid":{"rendered":"http:\/\/test.regmik.com.ua\/index.php\/product\/datchiki-temperaturyi-modifikatsiya-011\/"},"modified":"2020-10-07T13:53:29","modified_gmt":"2020-10-07T10:53:29","slug":"datchiki-temperatury-011","status":"publish","type":"product","link":"https:\/\/regmik.ua\/de\/product\/datchiki-temperatury-011\/","title":{"rendered":"Temperatursensoren 011"},"content":{"rendered":"<p><a href=\"http:\/\/regmik.ua\/product-category\/sensors\/temperature-sensors\/\">Temperatursensoren<\/a> 011 Gruppe 1 dient zur Messung der Umgebungstemperatur, fl\u00fcssiger, gasf\u00f6rmiger und frei flie\u00dfender chemisch nicht aggressiver Medien sowie der Oberfl\u00e4che von Feststoffen in verschiedenen Branchen.<\/p>\n<p>Die Temperatur ist der am h\u00e4ufigsten gemessene Parameter, und \u00dcberhitzung ist einer der negativsten Faktoren beim Betrieb von Ger\u00e4ten. Daher gibt es eine Vielzahl von M\u00f6glichkeiten und Orten f\u00fcr die Verwendung von Temperatursensoren.<\/p>\n<p>Das Funktionsprinzip von Widerstandsthermoelementen basiert auf einer \u00c4nderung des elektrischen Widerstands von Leitern und Halbleitern in Abh\u00e4ngigkeit von der Temperatur. Das Material, aus dem ein solcher Sensor hergestellt ist, sollte einen hohen Temperaturwiderstandskoeffizienten, m\u00f6glicherweise eine lineare Abh\u00e4ngigkeit des Widerstands von der Temperatur, eine gute Reproduzierbarkeit der Eigenschaften und eine Inertheit gegen\u00fcber Umwelteinfl\u00fcssen aufweisen. Platin erf\u00fcllt gr\u00f6\u00dftenteils alle oben genannten Eigenschaften; etwas weniger Kupfer.<\/p>\n<p><a href=\"https:\/\/ru.wikipedia.org\/wiki\/%D0%A2%D0%B5%D1%80%D0%BC%D0%BE%D0%BF%D0%B0%D1%80%D0%B0\">Thermoelement<\/a>\u00a0Sind ausschlie\u00dflich Differenztemperatursensoren. Sie erzeugen ein elektrisches Signal proportional zur Temperaturdifferenz zwischen zwei verschiedenen Punkten. Daher wird die Verbindungsstelle (Verbindungsstelle), mit der wir die erforderliche Temperatur messen, als &quot;hei\u00dfe&quot; Verbindungsstelle bezeichnet, w\u00e4hrend die andere Verbindungsstelle (aus der wir nicht entkommen k\u00f6nnen) als &quot;kalte&quot; Verbindungsstelle bezeichnet wird.<\/p>\n<h3>Klassifizierung der Temperatursensoren 011 REGMIK nach Art des (empfindlichen) Messelements<\/h3>\n<ul>\n<li>Widerstandsthermoelemente (Thermometer) - TSM, TSP;<\/li>\n<li>thermoelektrische Thermoelemente (Thermoelemente) - \u0422\u0425\u0410, \u0422\u0425\u041a, \u0422\u0416\u041a;<\/li>\n<li>Halbleiterwandler - TP.<\/li>\n<\/ul>\n<h3>Technische Hauptmerkmale von Temperatursensoren 011:<\/h3>\n<ul>\n<li>CHE-Anschlussplan - zwei-, drei-, vieradrig;<\/li>\n<li>\n<ul>\n<li>\u00a0Widerstandsthermoelemente (TC) (50 M, 100 M, 50 P, 100 P, Pt 100, Pt 500, Pt 1000, Pt 2000, Pt 10000);<\/li>\n<li>thermoelektrische Wandler (TP) (Thermoelemente TXA (K), TXK (L));<\/li>\n<li>Halbleiter (DS18B20), je nach SE-Typ sind sie unterteilt in:<\/li>\n<\/ul>\n<\/li>\n<li>Material der Schutzarmaturen - Edelstahl 12X18H10T;<\/li>\n<li>Schutzart gegen Staub und Wasser - IP54;<\/li>\n<li>das Design von W\u00e4rmekonvertern (Temperatursensoren) - nicht trennbar;<\/li>\n<li>\u00a0Isolationswiderstand - nicht weniger als 100 Megaohm;<\/li>\n<li>Toleranzklassen - A, B, C (f\u00fcr Fahrzeug), 1, 2 (f\u00fcr TP).<\/li>\n<\/ul>","protected":false},"excerpt":{"rendered":"<p>Temperatursensoren 011 der Gruppe 1 dienen zur Messung der Temperatur der Umgebung, fl\u00fcssiger, gasf\u00f6rmiger und k\u00f6rniger chemisch nicht aggressiver Medien sowie der Oberfl\u00e4che von Feststoffen in verschiedenen Industrien. Die Temperatur ist der am h\u00e4ufigsten gemessene Parameter und \u00dcberhitzung ist einer der negativsten Faktoren beim Betrieb von Ger\u00e4ten. Daher gibt es eine Vielzahl von M\u00f6glichkeiten und Einsatzorten f\u00fcr Temperatursensoren. \u2026 <a href=\"https:\/\/regmik.ua\/de\/product\/datchiki-temperatury-011\/\" class=\"more-link\">Weiterlesen <span class=\"screen-reader-text\">Temperatursensoren 011<\/span><\/a><\/p>","protected":false},"featured_media":12503,"comment_status":"open","ping_status":"closed","template":"","meta":[],"product_brand":[],"product_cat":[38,129],"product_tag":[3198,3075],"class_list":{"0":"post-13513","1":"product","2":"type-product","3":"status-publish","4":"has-post-thumbnail","6":"product_cat-sensors","7":"product_cat-submersible","8":"product_tag-3198","9":"product_tag-datchik-temperatury","10":"pa_accuracy-class-417","11":"pa_accuracy-class-418","12":"pa_accuracy-class-abb3","13":"pa_diameter-mounting-part-d-m-387","14":"pa_diameter-mounting-part-d-m-385","15":"pa_diameter-mounting-part-d-m-386","16":"pa_length-of-installed-part-l-381","17":"pa_length-of-installed-part-l-372","18":"pa_length-of-installed-part-l-382","19":"pa_length-of-installed-part-l-383","20":"pa_length-of-installed-part-l-428","21":"pa_length-of-installed-part-l-374","22":"pa_length-of-installed-part-l-384","23":"pa_length-of-installed-part-l-375","24":"pa_length-of-installed-part-l-376","25":"pa_length-of-installed-part-l-377","26":"pa_length-of-installed-part-l-378","27":"pa_length-of-installed-part-l-371","28":"pa_length-of-installed-part-l-379","29":"pa_length-of-installed-part-l-380","30":"pa_thermal-inertia-15-45","31":"pa_type-of-nsh-tsm-50m100m","32":"pa_type-of-nsh-tsp-50p100p","33":"pa_type-of-nsh-tsp-pt100-pt500-pt1000","34":"pa_type-of-nsh-thktha","35":"pa_working-range-of-temperatur-40-100","36":"pa_working-range-of-temperatur-40-180","37":"pa_working-range-of-temperatur-40-500","38":"pa_working-range-of-temperatur-40-600","39":"pa_working-range-of-temperatur-40-800","42":"instock","43":"shipping-taxable","44":"purchasable","45":"product-type-variable"},"yoast_head":"<title>\u0414\u0430\u0442\u0447\u0438\u043a\u0438 \u0442\u0435\u043c\u043f\u0435\u0440\u0430\u0442\u0443\u0440\u044b 011<\/title>\n<meta name=\"description\" content=\"\u0414\u0430\u0442\u0447\u0438\u043a\u0438 \u0442\u0435\u043c\u043f\u0435\u0440\u0430\u0442\u0443\u0440\u044b 011 \u0433\u0440\u0443\u043f\u043f\u044b 1 \u043f\u0440\u0435\u0434\u043d\u0430\u0437\u043d\u0430\u0447\u0435\u043d\u044b \u0434\u043b\u044f \u0438\u0437\u043c\u0435\u0440\u0435\u043d\u0438\u044f \u0442\u0435\u043c\u043f\u0435\u0440\u0430\u0442\u0443\u0440\u044b \u043e\u043a\u0440\u0443\u0436\u0430\u044e\u0449\u0435\u0439 \u0441\u0440\u0435\u0434\u044b, \u0436\u0438\u0434\u043a\u0438\u0445, \u0433\u0430\u0437\u043e\u043e\u0431\u0440\u0430\u0437\u043d\u044b\u0445 \u0438 \u0441\u044b\u043f\u0443\u0447\u0438\u0445 \u0445\u0438\u043c\u0438\u0447\u0435\u0441\u043a\u0438 \u043d\u0435\u0430\u0433\u0440\u0435\u0441\u0441\u0438\u0432\u043d\u044b\u0445 \u0441\u0440\u0435\u0434, \u0430\" \/>\n<meta name=\"robots\" content=\"index, follow, max-snippet:-1, max-image-preview:large, max-video-preview:-1\" \/>\n<link rel=\"canonical\" href=\"https:\/\/regmik.ua\/de\/product\/datchiki-temperatury-011\/\" \/>\n<script type=\"application\/ld+json\" class=\"yoast-schema-graph\">{\"@context\":\"https:\\\/\\\/schema.org\",\"@graph\":[{\"@type\":\"WebPage\",\"@id\":\"https:\\\/\\\/regmik.ua\\\/en\\\/product\\\/datchiki-temperatury-011\\\/\",\"url\":\"https:\\\/\\\/regmik.ua\\\/en\\\/product\\\/datchiki-temperatury-011\\\/\",\"name\":\"\u0414\u0430\u0442\u0447\u0438\u043a\u0438 \u0442\u0435\u043c\u043f\u0435\u0440\u0430\u0442\u0443\u0440\u044b 011\",\"isPartOf\":{\"@id\":\"https:\\\/\\\/regmik.ua\\\/uk\\\/#website\"},\"primaryImageOfPage\":{\"@id\":\"https:\\\/\\\/regmik.ua\\\/en\\\/product\\\/datchiki-temperatury-011\\\/#primaryimage\"},\"image\":{\"@id\":\"https:\\\/\\\/regmik.ua\\\/en\\\/product\\\/datchiki-temperatury-011\\\/#primaryimage\"},\"thumbnailUrl\":\"https:\\\/\\\/regmik.ua\\\/wp-content\\\/uploads\\\/2015\\\/08\\\/Txx011.gif\",\"datePublished\":\"2016-10-07T06:18:06+00:00\",\"dateModified\":\"2020-10-07T10:53:29+00:00\",\"description\":\"\u0414\u0430\u0442\u0447\u0438\u043a\u0438 \u0442\u0435\u043c\u043f\u0435\u0440\u0430\u0442\u0443\u0440\u044b 011 \u0433\u0440\u0443\u043f\u043f\u044b 1 \u043f\u0440\u0435\u0434\u043d\u0430\u0437\u043d\u0430\u0447\u0435\u043d\u044b \u0434\u043b\u044f \u0438\u0437\u043c\u0435\u0440\u0435\u043d\u0438\u044f \u0442\u0435\u043c\u043f\u0435\u0440\u0430\u0442\u0443\u0440\u044b \u043e\u043a\u0440\u0443\u0436\u0430\u044e\u0449\u0435\u0439 \u0441\u0440\u0435\u0434\u044b, \u0436\u0438\u0434\u043a\u0438\u0445, \u0433\u0430\u0437\u043e\u043e\u0431\u0440\u0430\u0437\u043d\u044b\u0445 \u0438 \u0441\u044b\u043f\u0443\u0447\u0438\u0445 \u0445\u0438\u043c\u0438\u0447\u0435\u0441\u043a\u0438 \u043d\u0435\u0430\u0433\u0440\u0435\u0441\u0441\u0438\u0432\u043d\u044b\u0445 \u0441\u0440\u0435\u0434, \u0430\",\"breadcrumb\":{\"@id\":\"https:\\\/\\\/regmik.ua\\\/en\\\/product\\\/datchiki-temperatury-011\\\/#breadcrumb\"},\"inLanguage\":\"de\",\"potentialAction\":[{\"@type\":\"ReadAction\",\"target\":[\"https:\\\/\\\/regmik.ua\\\/en\\\/product\\\/datchiki-temperatury-011\\\/\"]}]},{\"@type\":\"ImageObject\",\"inLanguage\":\"de\",\"@id\":\"https:\\\/\\\/regmik.ua\\\/en\\\/product\\\/datchiki-temperatury-011\\\/#primaryimage\",\"url\":\"https:\\\/\\\/regmik.ua\\\/wp-content\\\/uploads\\\/2015\\\/08\\\/Txx011.gif\",\"contentUrl\":\"https:\\\/\\\/regmik.ua\\\/wp-content\\\/uploads\\\/2015\\\/08\\\/Txx011.gif\",\"width\":800,\"height\":1024,\"caption\":\"\u0414\u0430\u0442\u0447\u0438\u043a \u0442\u0435\u043c\u043f\u0435\u0440\u0430\u0442\u0443\u0440\u044b 011\"},{\"@type\":\"BreadcrumbList\",\"@id\":\"https:\\\/\\\/regmik.ua\\\/en\\\/product\\\/datchiki-temperatury-011\\\/#breadcrumb\",\"itemListElement\":[{\"@type\":\"ListItem\",\"position\":1,\"name\":\"\u0413\u043b\u0430\u0432\u043d\u0430\u044f \u0441\u0442\u0440\u0430\u043d\u0438\u0446\u0430\",\"item\":\"https:\\\/\\\/regmik.ua\\\/\"},{\"@type\":\"ListItem\",\"position\":2,\"name\":\"\u041f\u0440\u043e\u0434\u0443\u043a\u0446\u0438\u044f\",\"item\":\"https:\\\/\\\/regmik.ua\\\/uk\\\/products\\\/\"},{\"@type\":\"ListItem\",\"position\":3,\"name\":\"\u0414\u0430\u0442\u0447\u0438\u043a\u0438 \u0442\u0435\u043c\u043f\u0435\u0440\u0430\u0442\u0443\u0440\u044b 011\"}]},{\"@type\":\"WebSite\",\"@id\":\"https:\\\/\\\/regmik.ua\\\/uk\\\/#website\",\"url\":\"https:\\\/\\\/regmik.ua\\\/uk\\\/\",\"name\":\"REGMIK\",\"description\":\"\u0418\u0437\u043c\u0435\u0440\u0438\u0442\u0435\u043b\u044c\u043d\u044b\u0435 \u043f\u0440\u0438\u0431\u043e\u0440\u044b \u0438 \u0434\u0430\u0442\u0447\u0438\u043a\u0438 \u0442\u0435\u043c\u043f\u0435\u0440\u0430\u0442\u0443\u0440\u044b\",\"publisher\":{\"@id\":\"https:\\\/\\\/regmik.ua\\\/uk\\\/#organization\"},\"alternateName\":\"REGMIK\",\"potentialAction\":[{\"@type\":\"SearchAction\",\"target\":{\"@type\":\"EntryPoint\",\"urlTemplate\":\"https:\\\/\\\/regmik.ua\\\/uk\\\/?s={search_term_string}\"},\"query-input\":{\"@type\":\"PropertyValueSpecification\",\"valueRequired\":true,\"valueName\":\"search_term_string\"}}],\"inLanguage\":\"de\"},{\"@type\":\"Organization\",\"@id\":\"https:\\\/\\\/regmik.ua\\\/uk\\\/#organization\",\"name\":\"REGMIK\",\"alternateName\":\"\u0420\u0415\u0413\u041c\u0418\u041a\",\"url\":\"https:\\\/\\\/regmik.ua\\\/uk\\\/\",\"logo\":{\"@type\":\"ImageObject\",\"inLanguage\":\"de\",\"@id\":\"https:\\\/\\\/regmik.ua\\\/uk\\\/#\\\/schema\\\/logo\\\/image\\\/\",\"url\":\"https:\\\/\\\/regmik.ua\\\/wp-content\\\/uploads\\\/2020\\\/03\\\/regmik_logo.png\",\"contentUrl\":\"https:\\\/\\\/regmik.ua\\\/wp-content\\\/uploads\\\/2020\\\/03\\\/regmik_logo.png\",\"width\":194,\"height\":45,\"caption\":\"REGMIK\"},\"image\":{\"@id\":\"https:\\\/\\\/regmik.ua\\\/uk\\\/#\\\/schema\\\/logo\\\/image\\\/\"},\"sameAs\":[\"https:\\\/\\\/www.facebook.com\\\/regmik.npf\",\"https:\\\/\\\/x.com\\\/regmiknpf\",\"https:\\\/\\\/www.youtube.com\\\/channel\\\/UC_SrY98SKAmR3Kt95GcVKcw\"]}]}<\/script>","yoast_head_json":{"title":"Temperatursensoren 011","description":"Die Temperatursensoren 011, Gruppe 1, dienen zur Messung der Umgebungstemperatur von fl\u00fcssigen, gasf\u00f6rmigen und chemisch nicht aggressiven Massenmedien","robots":{"index":"index","follow":"follow","max-snippet":"max-snippet:-1","max-image-preview":"max-image-preview:large","max-video-preview":"max-video-preview:-1"},"canonical":"https:\/\/regmik.ua\/de\/product\/datchiki-temperatury-011\/","schema":{"@context":"https:\/\/schema.org","@graph":[{"@type":"WebPage","@id":"https:\/\/regmik.ua\/en\/product\/datchiki-temperatury-011\/","url":"https:\/\/regmik.ua\/en\/product\/datchiki-temperatury-011\/","name":"Temperatursensoren 011","isPartOf":{"@id":"https:\/\/regmik.ua\/uk\/#website"},"primaryImageOfPage":{"@id":"https:\/\/regmik.ua\/en\/product\/datchiki-temperatury-011\/#primaryimage"},"image":{"@id":"https:\/\/regmik.ua\/en\/product\/datchiki-temperatury-011\/#primaryimage"},"thumbnailUrl":"https:\/\/regmik.ua\/wp-content\/uploads\/2015\/08\/Txx011.gif","datePublished":"2016-10-07T06:18:06+00:00","dateModified":"2020-10-07T10:53:29+00:00","description":"Die Temperatursensoren 011, Gruppe 1, dienen zur Messung der Umgebungstemperatur von fl\u00fcssigen, gasf\u00f6rmigen und chemisch nicht aggressiven Massenmedien","breadcrumb":{"@id":"https:\/\/regmik.ua\/en\/product\/datchiki-temperatury-011\/#breadcrumb"},"inLanguage":"de","potentialAction":[{"@type":"ReadAction","target":["https:\/\/regmik.ua\/en\/product\/datchiki-temperatury-011\/"]}]},{"@type":"ImageObject","inLanguage":"de","@id":"https:\/\/regmik.ua\/en\/product\/datchiki-temperatury-011\/#primaryimage","url":"https:\/\/regmik.ua\/wp-content\/uploads\/2015\/08\/Txx011.gif","contentUrl":"https:\/\/regmik.ua\/wp-content\/uploads\/2015\/08\/Txx011.gif","width":800,"height":1024,"caption":"\u0414\u0430\u0442\u0447\u0438\u043a \u0442\u0435\u043c\u043f\u0435\u0440\u0430\u0442\u0443\u0440\u044b 011"},{"@type":"BreadcrumbList","@id":"https:\/\/regmik.ua\/en\/product\/datchiki-temperatury-011\/#breadcrumb","itemListElement":[{"@type":"ListItem","position":1,"name":"\u0413\u043b\u0430\u0432\u043d\u0430\u044f \u0441\u0442\u0440\u0430\u043d\u0438\u0446\u0430","item":"https:\/\/regmik.ua\/"},{"@type":"ListItem","position":2,"name":"\u041f\u0440\u043e\u0434\u0443\u043a\u0446\u0438\u044f","item":"https:\/\/regmik.ua\/uk\/products\/"},{"@type":"ListItem","position":3,"name":"\u0414\u0430\u0442\u0447\u0438\u043a\u0438 \u0442\u0435\u043c\u043f\u0435\u0440\u0430\u0442\u0443\u0440\u044b 011"}]},{"@type":"WebSite","@id":"https:\/\/regmik.ua\/uk\/#website","url":"https:\/\/regmik.ua\/uk\/","name":"REGMIK","description":"Messger\u00e4te und Temperatursensoren","publisher":{"@id":"https:\/\/regmik.ua\/uk\/#organization"},"alternateName":"REGMIK","potentialAction":[{"@type":"SearchAction","target":{"@type":"EntryPoint","urlTemplate":"https:\/\/regmik.ua\/uk\/?s={search_term_string}"},"query-input":{"@type":"PropertyValueSpecification","valueRequired":true,"valueName":"search_term_string"}}],"inLanguage":"de"},{"@type":"Organization","@id":"https:\/\/regmik.ua\/uk\/#organization","name":"REGMIK","alternateName":"\u0420\u0415\u0413\u041c\u0418\u041a","url":"https:\/\/regmik.ua\/uk\/","logo":{"@type":"ImageObject","inLanguage":"de","@id":"https:\/\/regmik.ua\/uk\/#\/schema\/logo\/image\/","url":"https:\/\/regmik.ua\/wp-content\/uploads\/2020\/03\/regmik_logo.png","contentUrl":"https:\/\/regmik.ua\/wp-content\/uploads\/2020\/03\/regmik_logo.png","width":194,"height":45,"caption":"REGMIK"},"image":{"@id":"https:\/\/regmik.ua\/uk\/#\/schema\/logo\/image\/"},"sameAs":["https:\/\/www.facebook.com\/regmik.npf","https:\/\/x.com\/regmiknpf","https:\/\/www.youtube.com\/channel\/UC_SrY98SKAmR3Kt95GcVKcw"]}]}},"_links":{"self":[{"href":"https:\/\/regmik.ua\/de\/wp-json\/wp\/v2\/product\/13513","targetHints":{"allow":["GET"]}}],"collection":[{"href":"https:\/\/regmik.ua\/de\/wp-json\/wp\/v2\/product"}],"about":[{"href":"https:\/\/regmik.ua\/de\/wp-json\/wp\/v2\/types\/product"}],"replies":[{"embeddable":true,"href":"https:\/\/regmik.ua\/de\/wp-json\/wp\/v2\/comments?post=13513"}],"version-history":[{"count":0,"href":"https:\/\/regmik.ua\/de\/wp-json\/wp\/v2\/product\/13513\/revisions"}],"wp:featuredmedia":[{"embeddable":true,"href":"https:\/\/regmik.ua\/de\/wp-json\/wp\/v2\/media\/12503"}],"wp:attachment":[{"href":"https:\/\/regmik.ua\/de\/wp-json\/wp\/v2\/media?parent=13513"}],"wp:term":[{"taxonomy":"product_brand","embeddable":true,"href":"https:\/\/regmik.ua\/de\/wp-json\/wp\/v2\/product_brand?post=13513"},{"taxonomy":"product_cat","embeddable":true,"href":"https:\/\/regmik.ua\/de\/wp-json\/wp\/v2\/product_cat?post=13513"},{"taxonomy":"product_tag","embeddable":true,"href":"https:\/\/regmik.ua\/de\/wp-json\/wp\/v2\/product_tag?post=13513"}],"curies":[{"name":"wp","href":"https:\/\/api.w.org\/{rel}","templated":true}]}}