{"id":13410,"date":"2016-10-06T18:13:02","date_gmt":"2016-10-06T16:13:02","guid":{"rendered":"http:\/\/test.regmik.com.ua\/index.php\/product\/datchiki-temperaturyi-modifikatsiya-108\/"},"modified":"2024-05-30T15:47:34","modified_gmt":"2024-05-30T13:47:34","slug":"datchiki-temperatury-108","status":"publish","type":"product","link":"https:\/\/regmik.ua\/de\/product\/datchiki-temperatury-108\/","title":{"rendered":"Temperatursensoren TXA-108, TXK-108, TZHK-108, TSM-108, TSP-108"},"content":{"rendered":"<p><a href=\"http:\/\/regmik.ua\/product-category\/sensors\/temperature-sensors\/\">Temperatursensoren<\/a> \u0422\u0425\u0410-108, \u0422\u0425\u041a-108, \u0422\u0416\u041a-108, \u0422\u0421\u041c-108, \u0422\u0421\u041f-108 Gruppe 1 dienen zur Messung der Temperatur der Umgebung, fl\u00fcssiger, gasf\u00f6rmiger und chemisch nicht aggressiver Massenmedien sowie der Oberfl\u00e4che von Feststoffen in verschiedenen Branchen.<\/p>\n<p>Die Temperatur ist der am h\u00e4ufigsten gemessene Parameter, und \u00dcberhitzung ist einer der negativsten Faktoren beim Betrieb von Ger\u00e4ten. Daher gibt es eine Vielzahl von M\u00f6glichkeiten und Orten f\u00fcr die Verwendung von Temperatursensoren.<\/p>\n<p>Das Funktionsprinzip von Widerstandsthermoelementen basiert auf einer \u00c4nderung des elektrischen Widerstands von Leitern und Halbleitern in Abh\u00e4ngigkeit von der Temperatur. Das Material, aus dem ein solcher Sensor hergestellt ist, sollte einen hohen Temperaturwiderstandskoeffizienten, m\u00f6glicherweise eine lineare Abh\u00e4ngigkeit des Widerstands von der Temperatur, eine gute Reproduzierbarkeit der Eigenschaften und eine Inertheit gegen\u00fcber Umwelteinfl\u00fcssen aufweisen. Platin erf\u00fcllt gr\u00f6\u00dftenteils alle oben genannten Eigenschaften; etwas weniger Kupfer.<\/p>\n<p><a href=\"https:\/\/ru.wikipedia.org\/wiki\/%D0%A2%D0%B5%D1%80%D0%BC%D0%BE%D0%BF%D0%B0%D1%80%D0%B0\">Thermoelement<\/a>\u00a0Sind ausschlie\u00dflich Differenztemperatursensoren. Sie erzeugen ein elektrisches Signal proportional zur Temperaturdifferenz zwischen zwei verschiedenen Punkten. Daher wird die Verbindungsstelle (Verbindungsstelle), mit der wir die erforderliche Temperatur messen, als &quot;hei\u00dfe&quot; Verbindungsstelle bezeichnet, w\u00e4hrend die andere Verbindungsstelle (aus der wir nicht entkommen k\u00f6nnen) als &quot;kalte&quot; Verbindungsstelle bezeichnet wird.<\/p>\n<h3>Klassifizierung der Temperatursensoren des Modells 108 nach Art des Messelements (F\u00fchlers)<\/h3>\n<ul>\n<li>Widerstandsthermoelemente (Thermometer):<br \/>\n- \u0422\u0421\u041c-108 Widerstandsthermoelemente (\u0422\u0421\u041c-Sensor);<br \/>\n- Widerstandsthermoelemente TSP-108 (TSP-Sensor)<\/li>\n<li>thermoelektrische Thermoelemente (Thermoelemente):<br \/>\n- Thermoelemente TXA-108;<br \/>\n- Thermoelemente \u0422\u0425\u041a-108;<br \/>\n- Thermoelemente TZhK-108<\/li>\n<li>Halbleiterwandler - TP-108.<\/li>\n<\/ul>\n<h3>Technische Hauptmerkmale der Temperatursensoren \u0422\u0425\u0410-108, \u0422\u0425\u041a-108, \u0422\u0416\u041a-108, \u0422S\u041c-108, \u0422\u0421\u041f-108:<\/h3>\n<ul>\n<li>Toleranzklassen - A, B, C (f\u00fcr Widerstandsthermometer TSM-108, TSP-108), 1, 2 (f\u00fcr Thermoelemente TXA-108, TXK-108, TJK-108);<\/li>\n<li>Der Anschlussplan der SE ist zwei-, drei-, vierleiterig;<\/li>\n<li>nach Art der SE sind unterteilt in\n<ul>\n<li>Widerstandsthermoelemente - TSM-108 50M, TSM-108 100M, TSP-108 50P, TSP-108 100P, TSP-108 Pt100, TSP-108 Pt500, TSP-108 Pt1000, TSP-108 Pt2000, TSP-108 Pt10000,<\/li>\n<li>thermoelektrische Wandler - Thermoelemente \u0422\u0425\u0410-108 (\u041a), \u0422\u0425\u041a-108 (L), \u0422\u0416\u041a-108 (J),<\/li>\n<li>Halbleiter - TP-108 (DS18B20);<\/li>\n<\/ul>\n<\/li>\n<li>Schutzverst\u00e4rkungsmaterial - Stahl 12X18H10T;<\/li>\n<li>Schutz vor Staub und Wasser - IP54;<\/li>\n<li>W\u00e4rmekonverter Design - nicht trennbar;<\/li>\n<li>Isolationswiderstand - nicht weniger als 100 Megaohm.<\/li>\n<\/ul>","protected":false},"excerpt":{"rendered":"<p><a href=\"http:\/\/regmik.ua\/product-category\/sensors\/temperature-sensors\/\">Temperatursensoren<\/a> \u0422\u0425\u0410-108, \u0422\u0425\u041a-108, \u0422\u0425\u041a-108, \u0422\u0416\u041a-108, \u0422\u0421\u041c-108, \u0422\u0421\u041f-108 sind f\u00fcr die Messung der Temperatur der Umgebung, der fl\u00fcssigen, gasf\u00f6rmigen und sch\u00fcttf\u00e4higen, chemisch nicht aggressiven Medien sowie der Oberfl\u00e4che von Festk\u00f6rpern in verschiedenen Branchen bestimmt.<\/p>","protected":false},"featured_media":12513,"comment_status":"open","ping_status":"closed","template":"","meta":[],"product_brand":[],"product_cat":[38,130],"product_tag":[3199,3075],"class_list":{"0":"post-13410","1":"product","2":"type-product","3":"status-publish","4":"has-post-thumbnail","6":"product_cat-sensors","7":"product_cat-submersible-with-cable","8":"product_tag-3199","9":"product_tag-datchik-temperatury","10":"pa_accuracy-class-417","11":"pa_accuracy-class-418","12":"pa_accuracy-class-abb3","13":"pa_diameter-mounting-part-d-m-436","14":"pa_diameter-mounting-part-d-m-437","15":"pa_diameter-mounting-part-d-m-388","16":"pa_diameter-mounting-part-d-m-389","17":"pa_diameter-mounting-part-d-m-385","18":"pa_length-of-installed-part-l-372","19":"pa_length-of-installed-part-l-428","20":"pa_length-of-installed-part-l-429","21":"pa_length-of-installed-part-l-374","22":"pa_length-of-installed-part-l-375","23":"pa_length-of-installed-part-l-376","24":"pa_length-of-installed-part-l-430","25":"pa_length-of-installed-part-l-377","26":"pa_length-of-installed-part-l-378","27":"pa_length-of-installed-part-l-371","28":"pa_length-of-installed-part-l-431","29":"pa_thermal-inertia-15-45","30":"pa_type-of-nsh-tsm-50m100m","31":"pa_type-of-nsh-tsp-50p100p","32":"pa_type-of-nsh-tsp-pt100-pt500-pt1000","33":"pa_type-of-nsh-thktha","34":"pa_working-range-of-temperatur-40-100","35":"pa_working-range-of-temperatur-40-180","36":"pa_working-range-of-temperatur-40-270","37":"pa_working-range-of-temperatur-40-400","40":"instock","41":"shipping-taxable","42":"purchasable","43":"product-type-variable"},"yoast_head":"<title>\u0414\u0430\u0442\u0447\u0438\u043a\u0438 \u0442\u0435\u043c\u043f\u0435\u0440\u0430\u0442\u0443\u0440\u044b \u0422\u0425\u0410-108, \u0422\u0425\u041a-108, \u0422\u0416\u041a-108, \u0422\u0421\u041c-108, \u0422\u0421\u041f-108<\/title>\n<meta name=\"description\" content=\"\u0414\u0430\u0442\u0447\u0438\u043a\u0438 \u0442\u0435\u043c\u043f\u0435\u0440\u0430\u0442\u0443\u0440\u044b \u0422\u0425\u0410-108, \u0422\u0425\u041a-108, \u0422\u0416\u041a-108, \u0422\u0421\u041c-108 50\u041c | 100\u041c, \u0422\u0421\u041f-108 50\u041f | Pt100 \u043f\u0440\u0435\u0434\u043d\u0430\u0437\u043d\u0430\u0447\u0435\u043d\u044b \u0434\u043b\u044f \u0438\u0437\u043c\u0435\u0440\u0435\u043d\u0438\u044f \u0442\u0435\u043c\u043f\u0435\u0440\u0430\u0442\u0443\u0440\u044b\" \/>\n<meta name=\"robots\" content=\"index, follow, max-snippet:-1, max-image-preview:large, max-video-preview:-1\" \/>\n<link rel=\"canonical\" href=\"https:\/\/regmik.ua\/de\/product\/datchiki-temperatury-108\/\" \/>\n<script type=\"application\/ld+json\" class=\"yoast-schema-graph\">{\"@context\":\"https:\\\/\\\/schema.org\",\"@graph\":[{\"@type\":\"WebPage\",\"@id\":\"https:\\\/\\\/regmik.ua\\\/product\\\/datchiki-temperatury-108\\\/\",\"url\":\"https:\\\/\\\/regmik.ua\\\/product\\\/datchiki-temperatury-108\\\/\",\"name\":\"\u0414\u0430\u0442\u0447\u0438\u043a\u0438 \u0442\u0435\u043c\u043f\u0435\u0440\u0430\u0442\u0443\u0440\u044b \u0422\u0425\u0410-108, \u0422\u0425\u041a-108, \u0422\u0416\u041a-108, \u0422\u0421\u041c-108, \u0422\u0421\u041f-108\",\"isPartOf\":{\"@id\":\"https:\\\/\\\/regmik.ua\\\/uk\\\/#website\"},\"primaryImageOfPage\":{\"@id\":\"https:\\\/\\\/regmik.ua\\\/product\\\/datchiki-temperatury-108\\\/#primaryimage\"},\"image\":{\"@id\":\"https:\\\/\\\/regmik.ua\\\/product\\\/datchiki-temperatury-108\\\/#primaryimage\"},\"thumbnailUrl\":\"https:\\\/\\\/regmik.ua\\\/wp-content\\\/uploads\\\/2015\\\/08\\\/Txx108.gif\",\"datePublished\":\"2016-10-06T16:13:02+00:00\",\"dateModified\":\"2024-05-30T13:47:34+00:00\",\"description\":\"\u0414\u0430\u0442\u0447\u0438\u043a\u0438 \u0442\u0435\u043c\u043f\u0435\u0440\u0430\u0442\u0443\u0440\u044b \u0422\u0425\u0410-108, \u0422\u0425\u041a-108, \u0422\u0416\u041a-108, \u0422\u0421\u041c-108 50\u041c | 100\u041c, \u0422\u0421\u041f-108 50\u041f | Pt100 \u043f\u0440\u0435\u0434\u043d\u0430\u0437\u043d\u0430\u0447\u0435\u043d\u044b \u0434\u043b\u044f \u0438\u0437\u043c\u0435\u0440\u0435\u043d\u0438\u044f \u0442\u0435\u043c\u043f\u0435\u0440\u0430\u0442\u0443\u0440\u044b\",\"breadcrumb\":{\"@id\":\"https:\\\/\\\/regmik.ua\\\/product\\\/datchiki-temperatury-108\\\/#breadcrumb\"},\"inLanguage\":\"de\",\"potentialAction\":[{\"@type\":\"ReadAction\",\"target\":[\"https:\\\/\\\/regmik.ua\\\/product\\\/datchiki-temperatury-108\\\/\"]}]},{\"@type\":\"ImageObject\",\"inLanguage\":\"de\",\"@id\":\"https:\\\/\\\/regmik.ua\\\/product\\\/datchiki-temperatury-108\\\/#primaryimage\",\"url\":\"https:\\\/\\\/regmik.ua\\\/wp-content\\\/uploads\\\/2015\\\/08\\\/Txx108.gif\",\"contentUrl\":\"https:\\\/\\\/regmik.ua\\\/wp-content\\\/uploads\\\/2015\\\/08\\\/Txx108.gif\",\"width\":800,\"height\":1024,\"caption\":\"\u0414\u0430\u0442\u0447\u0438\u043a \u0442\u0435\u043c\u043f\u0435\u0440\u0430\u0442\u0443\u0440\u044b (\u041c\u043e\u0434\u0438\u0444\u0438\u043a\u0430\u0446\u0438\u044f 108)\"},{\"@type\":\"BreadcrumbList\",\"@id\":\"https:\\\/\\\/regmik.ua\\\/product\\\/datchiki-temperatury-108\\\/#breadcrumb\",\"itemListElement\":[{\"@type\":\"ListItem\",\"position\":1,\"name\":\"\u0413\u043b\u0430\u0432\u043d\u0430\u044f \u0441\u0442\u0440\u0430\u043d\u0438\u0446\u0430\",\"item\":\"https:\\\/\\\/regmik.ua\\\/\"},{\"@type\":\"ListItem\",\"position\":2,\"name\":\"\u041f\u0440\u043e\u0434\u0443\u043a\u0446\u0438\u044f\",\"item\":\"https:\\\/\\\/regmik.ua\\\/uk\\\/products\\\/\"},{\"@type\":\"ListItem\",\"position\":3,\"name\":\"\u0414\u0430\u0442\u0447\u0438\u043a\u0438 \u0442\u0435\u043c\u043f\u0435\u0440\u0430\u0442\u0443\u0440\u044b \u0422\u0425\u0410-108, \u0422\u0425\u041a-108, \u0422\u0416\u041a-108, \u0422\u0421\u041c-108, \u0422\u0421\u041f-108\"}]},{\"@type\":\"WebSite\",\"@id\":\"https:\\\/\\\/regmik.ua\\\/uk\\\/#website\",\"url\":\"https:\\\/\\\/regmik.ua\\\/uk\\\/\",\"name\":\"REGMIK\",\"description\":\"\u0418\u0437\u043c\u0435\u0440\u0438\u0442\u0435\u043b\u044c\u043d\u044b\u0435 \u043f\u0440\u0438\u0431\u043e\u0440\u044b \u0438 \u0434\u0430\u0442\u0447\u0438\u043a\u0438 \u0442\u0435\u043c\u043f\u0435\u0440\u0430\u0442\u0443\u0440\u044b\",\"publisher\":{\"@id\":\"https:\\\/\\\/regmik.ua\\\/uk\\\/#organization\"},\"alternateName\":\"REGMIK\",\"potentialAction\":[{\"@type\":\"SearchAction\",\"target\":{\"@type\":\"EntryPoint\",\"urlTemplate\":\"https:\\\/\\\/regmik.ua\\\/uk\\\/?s={search_term_string}\"},\"query-input\":{\"@type\":\"PropertyValueSpecification\",\"valueRequired\":true,\"valueName\":\"search_term_string\"}}],\"inLanguage\":\"de\"},{\"@type\":\"Organization\",\"@id\":\"https:\\\/\\\/regmik.ua\\\/uk\\\/#organization\",\"name\":\"REGMIK\",\"alternateName\":\"\u0420\u0415\u0413\u041c\u0418\u041a\",\"url\":\"https:\\\/\\\/regmik.ua\\\/uk\\\/\",\"logo\":{\"@type\":\"ImageObject\",\"inLanguage\":\"de\",\"@id\":\"https:\\\/\\\/regmik.ua\\\/uk\\\/#\\\/schema\\\/logo\\\/image\\\/\",\"url\":\"https:\\\/\\\/regmik.ua\\\/wp-content\\\/uploads\\\/2020\\\/03\\\/regmik_logo.png\",\"contentUrl\":\"https:\\\/\\\/regmik.ua\\\/wp-content\\\/uploads\\\/2020\\\/03\\\/regmik_logo.png\",\"width\":194,\"height\":45,\"caption\":\"REGMIK\"},\"image\":{\"@id\":\"https:\\\/\\\/regmik.ua\\\/uk\\\/#\\\/schema\\\/logo\\\/image\\\/\"},\"sameAs\":[\"https:\\\/\\\/www.facebook.com\\\/regmik.npf\",\"https:\\\/\\\/x.com\\\/regmiknpf\",\"https:\\\/\\\/www.youtube.com\\\/channel\\\/UC_SrY98SKAmR3Kt95GcVKcw\"]}]}<\/script>","yoast_head_json":{"title":"Temperatursensoren TXA-108, TXK-108, TZHK-108, TSM-108, TSP-108","description":"Temperatursensoren \u0422\u0425\u0410-108, \u0422\u0425\u041a-108, \u0422\u0416\u041a-108, TSM-108 50M | 100 M, TSP-108 50P | Pt100 sind f\u00fcr die Temperaturmessung ausgelegt","robots":{"index":"index","follow":"follow","max-snippet":"max-snippet:-1","max-image-preview":"max-image-preview:large","max-video-preview":"max-video-preview:-1"},"canonical":"https:\/\/regmik.ua\/de\/product\/datchiki-temperatury-108\/","schema":{"@context":"https:\/\/schema.org","@graph":[{"@type":"WebPage","@id":"https:\/\/regmik.ua\/product\/datchiki-temperatury-108\/","url":"https:\/\/regmik.ua\/product\/datchiki-temperatury-108\/","name":"Temperatursensoren TXA-108, TXK-108, TZHK-108, TSM-108, TSP-108","isPartOf":{"@id":"https:\/\/regmik.ua\/uk\/#website"},"primaryImageOfPage":{"@id":"https:\/\/regmik.ua\/product\/datchiki-temperatury-108\/#primaryimage"},"image":{"@id":"https:\/\/regmik.ua\/product\/datchiki-temperatury-108\/#primaryimage"},"thumbnailUrl":"https:\/\/regmik.ua\/wp-content\/uploads\/2015\/08\/Txx108.gif","datePublished":"2016-10-06T16:13:02+00:00","dateModified":"2024-05-30T13:47:34+00:00","description":"Temperatursensoren \u0422\u0425\u0410-108, \u0422\u0425\u041a-108, \u0422\u0416\u041a-108, TSM-108 50M | 100 M, TSP-108 50P | Pt100 sind f\u00fcr die Temperaturmessung ausgelegt","breadcrumb":{"@id":"https:\/\/regmik.ua\/product\/datchiki-temperatury-108\/#breadcrumb"},"inLanguage":"de","potentialAction":[{"@type":"ReadAction","target":["https:\/\/regmik.ua\/product\/datchiki-temperatury-108\/"]}]},{"@type":"ImageObject","inLanguage":"de","@id":"https:\/\/regmik.ua\/product\/datchiki-temperatury-108\/#primaryimage","url":"https:\/\/regmik.ua\/wp-content\/uploads\/2015\/08\/Txx108.gif","contentUrl":"https:\/\/regmik.ua\/wp-content\/uploads\/2015\/08\/Txx108.gif","width":800,"height":1024,"caption":"\u0414\u0430\u0442\u0447\u0438\u043a \u0442\u0435\u043c\u043f\u0435\u0440\u0430\u0442\u0443\u0440\u044b (\u041c\u043e\u0434\u0438\u0444\u0438\u043a\u0430\u0446\u0438\u044f 108)"},{"@type":"BreadcrumbList","@id":"https:\/\/regmik.ua\/product\/datchiki-temperatury-108\/#breadcrumb","itemListElement":[{"@type":"ListItem","position":1,"name":"\u0413\u043b\u0430\u0432\u043d\u0430\u044f \u0441\u0442\u0440\u0430\u043d\u0438\u0446\u0430","item":"https:\/\/regmik.ua\/"},{"@type":"ListItem","position":2,"name":"\u041f\u0440\u043e\u0434\u0443\u043a\u0446\u0438\u044f","item":"https:\/\/regmik.ua\/uk\/products\/"},{"@type":"ListItem","position":3,"name":"\u0414\u0430\u0442\u0447\u0438\u043a\u0438 \u0442\u0435\u043c\u043f\u0435\u0440\u0430\u0442\u0443\u0440\u044b \u0422\u0425\u0410-108, \u0422\u0425\u041a-108, \u0422\u0416\u041a-108, \u0422\u0421\u041c-108, \u0422\u0421\u041f-108"}]},{"@type":"WebSite","@id":"https:\/\/regmik.ua\/uk\/#website","url":"https:\/\/regmik.ua\/uk\/","name":"REGMIK","description":"Messger\u00e4te und Temperatursensoren","publisher":{"@id":"https:\/\/regmik.ua\/uk\/#organization"},"alternateName":"REGMIK","potentialAction":[{"@type":"SearchAction","target":{"@type":"EntryPoint","urlTemplate":"https:\/\/regmik.ua\/uk\/?s={search_term_string}"},"query-input":{"@type":"PropertyValueSpecification","valueRequired":true,"valueName":"search_term_string"}}],"inLanguage":"de"},{"@type":"Organization","@id":"https:\/\/regmik.ua\/uk\/#organization","name":"REGMIK","alternateName":"\u0420\u0415\u0413\u041c\u0418\u041a","url":"https:\/\/regmik.ua\/uk\/","logo":{"@type":"ImageObject","inLanguage":"de","@id":"https:\/\/regmik.ua\/uk\/#\/schema\/logo\/image\/","url":"https:\/\/regmik.ua\/wp-content\/uploads\/2020\/03\/regmik_logo.png","contentUrl":"https:\/\/regmik.ua\/wp-content\/uploads\/2020\/03\/regmik_logo.png","width":194,"height":45,"caption":"REGMIK"},"image":{"@id":"https:\/\/regmik.ua\/uk\/#\/schema\/logo\/image\/"},"sameAs":["https:\/\/www.facebook.com\/regmik.npf","https:\/\/x.com\/regmiknpf","https:\/\/www.youtube.com\/channel\/UC_SrY98SKAmR3Kt95GcVKcw"]}]}},"_links":{"self":[{"href":"https:\/\/regmik.ua\/de\/wp-json\/wp\/v2\/product\/13410","targetHints":{"allow":["GET"]}}],"collection":[{"href":"https:\/\/regmik.ua\/de\/wp-json\/wp\/v2\/product"}],"about":[{"href":"https:\/\/regmik.ua\/de\/wp-json\/wp\/v2\/types\/product"}],"replies":[{"embeddable":true,"href":"https:\/\/regmik.ua\/de\/wp-json\/wp\/v2\/comments?post=13410"}],"version-history":[{"count":0,"href":"https:\/\/regmik.ua\/de\/wp-json\/wp\/v2\/product\/13410\/revisions"}],"wp:featuredmedia":[{"embeddable":true,"href":"https:\/\/regmik.ua\/de\/wp-json\/wp\/v2\/media\/12513"}],"wp:attachment":[{"href":"https:\/\/regmik.ua\/de\/wp-json\/wp\/v2\/media?parent=13410"}],"wp:term":[{"taxonomy":"product_brand","embeddable":true,"href":"https:\/\/regmik.ua\/de\/wp-json\/wp\/v2\/product_brand?post=13410"},{"taxonomy":"product_cat","embeddable":true,"href":"https:\/\/regmik.ua\/de\/wp-json\/wp\/v2\/product_cat?post=13410"},{"taxonomy":"product_tag","embeddable":true,"href":"https:\/\/regmik.ua\/de\/wp-json\/wp\/v2\/product_tag?post=13410"}],"curies":[{"name":"wp","href":"https:\/\/api.w.org\/{rel}","templated":true}]}}