{"id":12699,"date":"2016-10-06T13:43:26","date_gmt":"2016-10-06T11:43:26","guid":{"rendered":"http:\/\/test.regmik.com.ua\/index.php\/product\/datchik-temperaturyi-modifikatsiya-003\/"},"modified":"2023-05-05T14:48:00","modified_gmt":"2023-05-05T11:48:00","slug":"datchik-temperaturyi-modifikatsiya-003","status":"publish","type":"product","link":"https:\/\/regmik.ua\/de\/product\/datchik-temperaturyi-modifikatsiya-003\/","title":{"rendered":"Temperatursensor \u0422\u0421\u041c-003, \u0422\u0421\u041f-003, \u0422\u0425\u0410-003, \u0422\u0425\u041a-003, \u0422\u0416\u041a-003"},"content":{"rendered":"<p><!DOCTYPE html PUBLIC \"-\/\/W3C\/\/DTD HTML 4.0 Transitional\/\/EN\" \"http:\/\/www.w3.org\/TR\/REC-html40\/loose.dtd\"><br \/>\n<html><body><a href=\"http:\/\/regmik.ua\/product-category\/sensors\/temperature-sensors\/\">Temperatursensoren<\/a> \u0422\u0421\u041c-003, \u0422\u0421\u041f-003, \u0422\u0425\u0410-003, \u0422\u0425\u041a-003, \u0422\u0416\u041a-003 Gruppe 0 dienen zur Messung der Umgebungstemperatur, fl\u00fcssiger, gasf\u00f6rmiger und loser chemisch nicht aggressiver Medien sowie der Oberfl\u00e4che von Feststoffen in verschiedenen Industrien .<\/p>\n<p>Die Temperatur ist der am h\u00e4ufigsten gemessene Parameter, und \u00dcberhitzung ist einer der negativsten Faktoren beim Betrieb von Ger\u00e4ten. Daher gibt es eine Vielzahl von M\u00f6glichkeiten und Orten, um Temperatursensoren zu verwenden.<\/p>\n<p>Das Funktionsprinzip von Widerstandsthermoelementen basiert auf einer \u00c4nderung des elektrischen Widerstands von Leitern und Halbleitern in Abh\u00e4ngigkeit von der Temperatur. Das Material, aus dem ein solcher Sensor hergestellt ist, sollte einen hohen Temperaturwiderstandskoeffizienten, m\u00f6glicherweise eine lineare Abh\u00e4ngigkeit des Widerstands von der Temperatur, eine gute Reproduzierbarkeit der Eigenschaften und eine Inertheit gegen\u00fcber Umwelteinfl\u00fcssen aufweisen. Platin erf\u00fcllt gr\u00f6\u00dftenteils alle oben genannten Eigenschaften; etwas weniger Kupfer.<\/p>\n<p><a href=\"https:\/\/ru.wikipedia.org\/wiki\/%D0%A2%D0%B5%D1%80%D0%BC%D0%BE%D0%BF%D0%B0%D1%80%D0%B0\">Thermoelement<\/a>\u00a0Sind ausschlie\u00dflich Differenztemperatursensoren. Sie erzeugen ein elektrisches Signal proportional zur Temperaturdifferenz zwischen zwei verschiedenen Punkten. Daher wird die Verbindungsstelle (Verbindungsstelle), mit der wir die erforderliche Temperatur messen, als &quot;hei\u00dfe&quot; Verbindungsstelle bezeichnet, w\u00e4hrend die andere Verbindungsstelle (aus der wir nicht entkommen k\u00f6nnen) als &quot;kalte&quot; Verbindungsstelle bezeichnet wird.<\/p>\n<ol>\n<li>Klassifizierung der Temperatursensoren 003 REGMIK nach Art des (empfindlichen) Messelements<\/li>\n<\/ol>\n<ul>\n<li>Widerstandsthermoelemente (Thermometer) - TSM, TSP;<\/li>\n<li>thermoelektrische Thermoelemente (Thermoelemente) - THA, THK, TJK;<\/li>\n<li>Halbleiterwandler - TP.<\/li>\n<\/ul>\n<h3>Technische Hauptmerkmale der Temperatursensoren \u0422\u0421\u041c-003, \u0422\u0421\u041f-003, \u0422\u0425\u0410-003, \u0422\u0425\u041a-003, \u0422\u0416\u041a-003:<\/h3>\n<ul>\n<li>SE-Anschlussplan \u2013 Zwei-, Drei-, Vierleiter;<\/li>\n<li>nach Art der SE sind unterteilt in:\n<ul>\n<li>Widerstandsthermoelemente (TC) (50 M, 100 M, 50 P, 100 P, Pt 100, Pt 500, Pt 1000, Pt 2000, Pt 10000);<\/li>\n<li>thermoelektrische Wandler (TP) (Thermoelemente TXA (K), TXK (L));<\/li>\n<li>Halbleiter (DS18B20);<\/li>\n<\/ul>\n<\/li>\n<li>Material der Schutzarmaturen - Edelstahl 12X18H10T;<\/li>\n<li>Schutzart gegen Staub und Wasser - IP54;<\/li>\n<li>Design von W\u00e4rmekonvertern (Temperatursensoren) - nicht trennbar;<\/li>\n<li>\u00a0Isolationswiderstand - nicht weniger als 100 Megaohm;<\/li>\n<li>Toleranzklassen - A, B, C (f\u00fcr Fahrzeug), 1, 2 (f\u00fcr TP).<\/li>\n<\/ul>\n<p><\/body><\/html><\/p>","protected":false},"excerpt":{"rendered":"<p><a href=\"http:\/\/regmik.ua\/product-category\/sensors\/temperature-sensors\/\">Temperatursensoren<\/a> \u0422\u0421\u041c-003, \u0422\u0421\u041f-003, \u0422\u0425\u0410-003, \u0422\u0425\u041a-003, \u0422\u0416\u041a-003 Gruppe 0 dienen zur Messung der Umgebungstemperatur, fl\u00fcssiger, gasf\u00f6rmiger und loser chemisch nicht aggressiver Medien sowie der Oberfl\u00e4che von Feststoffen in verschiedenen Industrien .<\/p>","protected":false},"featured_media":12501,"comment_status":"open","ping_status":"closed","template":"","meta":[],"product_brand":[],"product_cat":[38,129],"product_tag":[3208,89],"class_list":{"0":"post-12699","1":"product","2":"type-product","3":"status-publish","4":"has-post-thumbnail","6":"product_cat-sensors","7":"product_cat-submersible","8":"product_tag-3208","9":"product_tag-datchik","10":"pa_accuracy-class-417","11":"pa_accuracy-class-418","12":"pa_accuracy-class-abb3","13":"pa_diameter-mounting-part-d-m-387","14":"pa_diameter-mounting-part-d-m-388","15":"pa_diameter-mounting-part-d-m-389","16":"pa_diameter-mounting-part-d-m-385","17":"pa_diameter-mounting-part-d-m-433","18":"pa_diameter-mounting-part-d-m-386","19":"pa_diameter-mounting-part-d-m-434","20":"pa_length-of-installed-part-l-381","21":"pa_length-of-installed-part-l-372","22":"pa_length-of-installed-part-l-382","23":"pa_length-of-installed-part-l-383","24":"pa_length-of-installed-part-l-428","25":"pa_length-of-installed-part-l-374","26":"pa_length-of-installed-part-l-384","27":"pa_length-of-installed-part-l-375","28":"pa_length-of-installed-part-l-376","29":"pa_length-of-installed-part-l-377","30":"pa_length-of-installed-part-l-378","31":"pa_length-of-installed-part-l-371","32":"pa_length-of-installed-part-l-379","33":"pa_length-of-installed-part-l-380","34":"pa_thermal-inertia-15-45","35":"pa_thread-type-m20x15","36":"pa_type-of-nsh-tsm-50m100m","37":"pa_type-of-nsh-tsp-50p100p","38":"pa_type-of-nsh-tsp-pt100-pt500-pt1000","39":"pa_type-of-nsh-thktha","40":"pa_working-range-of-temperatur-40-100","41":"pa_working-range-of-temperatur-40-180","42":"pa_working-range-of-temperatur-40-500","43":"pa_working-range-of-temperatur-40-600","44":"pa_working-range-of-temperatur-40-800","47":"instock","48":"shipping-taxable","49":"purchasable","50":"product-type-simple"},"yoast_head":"<title>\u0414\u0430\u0442\u0447\u0438\u043a \u0442\u0435\u043c\u043f\u0435\u0440\u0430\u0442\u0443\u0440\u044b \u0422\u0421\u041c-003 \u0422\u0421\u041f-003 \u0422\u0425\u0410-003 \u0422\u0425\u041a-003 \u0422\u0416\u041a-003<\/title>\n<meta name=\"description\" content=\"\u0414\u0430\u0442\u0447\u0438\u043a\u0438 \u0442\u0435\u043c\u043f\u0435\u0440\u0430\u0442\u0443\u0440\u044b \u0422\u0421\u041c-003, \u0422\u0421\u041f-003, \u0422\u0425\u0410-003, \u0422\u0425\u041a-003, \u0422\u0416\u041a-003 \u0434\u043b\u044f \u0438\u0437\u043c\u0435\u0440\u0435\u043d\u0438\u044f \u0442\u0435\u043c\u043f\u0435\u0440\u0430\u0442\u0443\u0440\u044b \u043e\u043a\u0440\u0443\u0436\u0430\u044e\u0449\u0435\u0439 \u0441\u0440\u0435\u0434\u044b, \u0436\u0438\u0434\u043a\u0438\u0445, \u0433\u0430\u0437\u043e\u043e\u0431\u0440\u0430\u0437\u043d\u044b\u0445 \u0438 \u0441\u044b\u043f\u0443\u0447\u0438\u0445 \u0441\u0440\u0435\u0434\" \/>\n<meta name=\"robots\" content=\"index, follow, max-snippet:-1, max-image-preview:large, max-video-preview:-1\" \/>\n<link rel=\"canonical\" href=\"https:\/\/regmik.ua\/de\/product\/datchik-temperaturyi-modifikatsiya-003\/\" \/>\n<script type=\"application\/ld+json\" class=\"yoast-schema-graph\">{\"@context\":\"https:\\\/\\\/schema.org\",\"@graph\":[{\"@type\":\"WebPage\",\"@id\":\"https:\\\/\\\/regmik.ua\\\/product\\\/datchik-temperaturyi-modifikatsiya-003\\\/\",\"url\":\"https:\\\/\\\/regmik.ua\\\/product\\\/datchik-temperaturyi-modifikatsiya-003\\\/\",\"name\":\"\u0414\u0430\u0442\u0447\u0438\u043a \u0442\u0435\u043c\u043f\u0435\u0440\u0430\u0442\u0443\u0440\u044b \u0422\u0421\u041c-003 \u0422\u0421\u041f-003 \u0422\u0425\u0410-003 \u0422\u0425\u041a-003 \u0422\u0416\u041a-003\",\"isPartOf\":{\"@id\":\"https:\\\/\\\/regmik.ua\\\/uk\\\/#website\"},\"primaryImageOfPage\":{\"@id\":\"https:\\\/\\\/regmik.ua\\\/product\\\/datchik-temperaturyi-modifikatsiya-003\\\/#primaryimage\"},\"image\":{\"@id\":\"https:\\\/\\\/regmik.ua\\\/product\\\/datchik-temperaturyi-modifikatsiya-003\\\/#primaryimage\"},\"thumbnailUrl\":\"https:\\\/\\\/regmik.ua\\\/wp-content\\\/uploads\\\/2015\\\/08\\\/Txx003.gif\",\"datePublished\":\"2016-10-06T11:43:26+00:00\",\"dateModified\":\"2023-05-05T11:48:00+00:00\",\"description\":\"\u0414\u0430\u0442\u0447\u0438\u043a\u0438 \u0442\u0435\u043c\u043f\u0435\u0440\u0430\u0442\u0443\u0440\u044b \u0422\u0421\u041c-003, \u0422\u0421\u041f-003, \u0422\u0425\u0410-003, \u0422\u0425\u041a-003, \u0422\u0416\u041a-003 \u0434\u043b\u044f \u0438\u0437\u043c\u0435\u0440\u0435\u043d\u0438\u044f \u0442\u0435\u043c\u043f\u0435\u0440\u0430\u0442\u0443\u0440\u044b \u043e\u043a\u0440\u0443\u0436\u0430\u044e\u0449\u0435\u0439 \u0441\u0440\u0435\u0434\u044b, \u0436\u0438\u0434\u043a\u0438\u0445, \u0433\u0430\u0437\u043e\u043e\u0431\u0440\u0430\u0437\u043d\u044b\u0445 \u0438 \u0441\u044b\u043f\u0443\u0447\u0438\u0445 \u0441\u0440\u0435\u0434\",\"breadcrumb\":{\"@id\":\"https:\\\/\\\/regmik.ua\\\/product\\\/datchik-temperaturyi-modifikatsiya-003\\\/#breadcrumb\"},\"inLanguage\":\"de\",\"potentialAction\":[{\"@type\":\"ReadAction\",\"target\":[\"https:\\\/\\\/regmik.ua\\\/product\\\/datchik-temperaturyi-modifikatsiya-003\\\/\"]}]},{\"@type\":\"ImageObject\",\"inLanguage\":\"de\",\"@id\":\"https:\\\/\\\/regmik.ua\\\/product\\\/datchik-temperaturyi-modifikatsiya-003\\\/#primaryimage\",\"url\":\"https:\\\/\\\/regmik.ua\\\/wp-content\\\/uploads\\\/2015\\\/08\\\/Txx003.gif\",\"contentUrl\":\"https:\\\/\\\/regmik.ua\\\/wp-content\\\/uploads\\\/2015\\\/08\\\/Txx003.gif\",\"width\":800,\"height\":1024,\"caption\":\"\u0414\u0430\u0442\u0447\u0438\u043a \u0442\u0435\u043c\u043f\u0435\u0440\u0430\u0442\u0443\u0440\u044b (\u041c\u043e\u0434\u0438\u0444\u0438\u043a\u0430\u0446\u0438\u044f 003)\"},{\"@type\":\"BreadcrumbList\",\"@id\":\"https:\\\/\\\/regmik.ua\\\/product\\\/datchik-temperaturyi-modifikatsiya-003\\\/#breadcrumb\",\"itemListElement\":[{\"@type\":\"ListItem\",\"position\":1,\"name\":\"\u0413\u043b\u0430\u0432\u043d\u0430\u044f \u0441\u0442\u0440\u0430\u043d\u0438\u0446\u0430\",\"item\":\"https:\\\/\\\/regmik.ua\\\/\"},{\"@type\":\"ListItem\",\"position\":2,\"name\":\"\u041f\u0440\u043e\u0434\u0443\u043a\u0446\u0438\u044f\",\"item\":\"https:\\\/\\\/regmik.ua\\\/uk\\\/products\\\/\"},{\"@type\":\"ListItem\",\"position\":3,\"name\":\"\u0414\u0430\u0442\u0447\u0438\u043a \u0442\u0435\u043c\u043f\u0435\u0440\u0430\u0442\u0443\u0440\u044b \u0422\u0421\u041c-003, \u0422\u0421\u041f-003, \u0422\u0425\u0410-003, \u0422\u0425\u041a-003, \u0422\u0416\u041a-003\"}]},{\"@type\":\"WebSite\",\"@id\":\"https:\\\/\\\/regmik.ua\\\/uk\\\/#website\",\"url\":\"https:\\\/\\\/regmik.ua\\\/uk\\\/\",\"name\":\"REGMIK\",\"description\":\"\u0418\u0437\u043c\u0435\u0440\u0438\u0442\u0435\u043b\u044c\u043d\u044b\u0435 \u043f\u0440\u0438\u0431\u043e\u0440\u044b \u0438 \u0434\u0430\u0442\u0447\u0438\u043a\u0438 \u0442\u0435\u043c\u043f\u0435\u0440\u0430\u0442\u0443\u0440\u044b\",\"publisher\":{\"@id\":\"https:\\\/\\\/regmik.ua\\\/uk\\\/#organization\"},\"alternateName\":\"REGMIK\",\"potentialAction\":[{\"@type\":\"SearchAction\",\"target\":{\"@type\":\"EntryPoint\",\"urlTemplate\":\"https:\\\/\\\/regmik.ua\\\/uk\\\/?s={search_term_string}\"},\"query-input\":{\"@type\":\"PropertyValueSpecification\",\"valueRequired\":true,\"valueName\":\"search_term_string\"}}],\"inLanguage\":\"de\"},{\"@type\":\"Organization\",\"@id\":\"https:\\\/\\\/regmik.ua\\\/uk\\\/#organization\",\"name\":\"REGMIK\",\"alternateName\":\"\u0420\u0415\u0413\u041c\u0418\u041a\",\"url\":\"https:\\\/\\\/regmik.ua\\\/uk\\\/\",\"logo\":{\"@type\":\"ImageObject\",\"inLanguage\":\"de\",\"@id\":\"https:\\\/\\\/regmik.ua\\\/uk\\\/#\\\/schema\\\/logo\\\/image\\\/\",\"url\":\"https:\\\/\\\/regmik.ua\\\/wp-content\\\/uploads\\\/2020\\\/03\\\/regmik_logo.png\",\"contentUrl\":\"https:\\\/\\\/regmik.ua\\\/wp-content\\\/uploads\\\/2020\\\/03\\\/regmik_logo.png\",\"width\":194,\"height\":45,\"caption\":\"REGMIK\"},\"image\":{\"@id\":\"https:\\\/\\\/regmik.ua\\\/uk\\\/#\\\/schema\\\/logo\\\/image\\\/\"},\"sameAs\":[\"https:\\\/\\\/www.facebook.com\\\/regmik.npf\",\"https:\\\/\\\/x.com\\\/regmiknpf\",\"https:\\\/\\\/www.youtube.com\\\/channel\\\/UC_SrY98SKAmR3Kt95GcVKcw\"]}]}<\/script>","yoast_head_json":{"title":"Temperatursensor \u0422\u0421\u041c-003 \u0422\u0421\u041f-003 \u0422\u0425\u0410-003 \u0422\u0425\u041a-003 \u0422\u0416\u041a-003","description":"Temperatursensoren \u0422\u0421\u041c-003, \u0422\u0421\u041f-003, \u0422\u0425\u0410-003, \u0422\u0425\u041a-003, \u0422\u0416\u041a-003 zur Messung von Umgebungstemperatur, fl\u00fcssigen, gasf\u00f6rmigen und k\u00f6rnigen Medien","robots":{"index":"index","follow":"follow","max-snippet":"max-snippet:-1","max-image-preview":"max-image-preview:large","max-video-preview":"max-video-preview:-1"},"canonical":"https:\/\/regmik.ua\/de\/product\/datchik-temperaturyi-modifikatsiya-003\/","schema":{"@context":"https:\/\/schema.org","@graph":[{"@type":"WebPage","@id":"https:\/\/regmik.ua\/product\/datchik-temperaturyi-modifikatsiya-003\/","url":"https:\/\/regmik.ua\/product\/datchik-temperaturyi-modifikatsiya-003\/","name":"Temperatursensor \u0422\u0421\u041c-003 \u0422\u0421\u041f-003 \u0422\u0425\u0410-003 \u0422\u0425\u041a-003 \u0422\u0416\u041a-003","isPartOf":{"@id":"https:\/\/regmik.ua\/uk\/#website"},"primaryImageOfPage":{"@id":"https:\/\/regmik.ua\/product\/datchik-temperaturyi-modifikatsiya-003\/#primaryimage"},"image":{"@id":"https:\/\/regmik.ua\/product\/datchik-temperaturyi-modifikatsiya-003\/#primaryimage"},"thumbnailUrl":"https:\/\/regmik.ua\/wp-content\/uploads\/2015\/08\/Txx003.gif","datePublished":"2016-10-06T11:43:26+00:00","dateModified":"2023-05-05T11:48:00+00:00","description":"Temperatursensoren \u0422\u0421\u041c-003, \u0422\u0421\u041f-003, \u0422\u0425\u0410-003, \u0422\u0425\u041a-003, \u0422\u0416\u041a-003 zur Messung von Umgebungstemperatur, fl\u00fcssigen, gasf\u00f6rmigen und k\u00f6rnigen Medien","breadcrumb":{"@id":"https:\/\/regmik.ua\/product\/datchik-temperaturyi-modifikatsiya-003\/#breadcrumb"},"inLanguage":"de","potentialAction":[{"@type":"ReadAction","target":["https:\/\/regmik.ua\/product\/datchik-temperaturyi-modifikatsiya-003\/"]}]},{"@type":"ImageObject","inLanguage":"de","@id":"https:\/\/regmik.ua\/product\/datchik-temperaturyi-modifikatsiya-003\/#primaryimage","url":"https:\/\/regmik.ua\/wp-content\/uploads\/2015\/08\/Txx003.gif","contentUrl":"https:\/\/regmik.ua\/wp-content\/uploads\/2015\/08\/Txx003.gif","width":800,"height":1024,"caption":"\u0414\u0430\u0442\u0447\u0438\u043a \u0442\u0435\u043c\u043f\u0435\u0440\u0430\u0442\u0443\u0440\u044b (\u041c\u043e\u0434\u0438\u0444\u0438\u043a\u0430\u0446\u0438\u044f 003)"},{"@type":"BreadcrumbList","@id":"https:\/\/regmik.ua\/product\/datchik-temperaturyi-modifikatsiya-003\/#breadcrumb","itemListElement":[{"@type":"ListItem","position":1,"name":"\u0413\u043b\u0430\u0432\u043d\u0430\u044f \u0441\u0442\u0440\u0430\u043d\u0438\u0446\u0430","item":"https:\/\/regmik.ua\/"},{"@type":"ListItem","position":2,"name":"\u041f\u0440\u043e\u0434\u0443\u043a\u0446\u0438\u044f","item":"https:\/\/regmik.ua\/uk\/products\/"},{"@type":"ListItem","position":3,"name":"\u0414\u0430\u0442\u0447\u0438\u043a \u0442\u0435\u043c\u043f\u0435\u0440\u0430\u0442\u0443\u0440\u044b \u0422\u0421\u041c-003, \u0422\u0421\u041f-003, \u0422\u0425\u0410-003, \u0422\u0425\u041a-003, \u0422\u0416\u041a-003"}]},{"@type":"WebSite","@id":"https:\/\/regmik.ua\/uk\/#website","url":"https:\/\/regmik.ua\/uk\/","name":"REGMIK","description":"Messger\u00e4te und Temperatursensoren","publisher":{"@id":"https:\/\/regmik.ua\/uk\/#organization"},"alternateName":"REGMIK","potentialAction":[{"@type":"SearchAction","target":{"@type":"EntryPoint","urlTemplate":"https:\/\/regmik.ua\/uk\/?s={search_term_string}"},"query-input":{"@type":"PropertyValueSpecification","valueRequired":true,"valueName":"search_term_string"}}],"inLanguage":"de"},{"@type":"Organization","@id":"https:\/\/regmik.ua\/uk\/#organization","name":"REGMIK","alternateName":"\u0420\u0415\u0413\u041c\u0418\u041a","url":"https:\/\/regmik.ua\/uk\/","logo":{"@type":"ImageObject","inLanguage":"de","@id":"https:\/\/regmik.ua\/uk\/#\/schema\/logo\/image\/","url":"https:\/\/regmik.ua\/wp-content\/uploads\/2020\/03\/regmik_logo.png","contentUrl":"https:\/\/regmik.ua\/wp-content\/uploads\/2020\/03\/regmik_logo.png","width":194,"height":45,"caption":"REGMIK"},"image":{"@id":"https:\/\/regmik.ua\/uk\/#\/schema\/logo\/image\/"},"sameAs":["https:\/\/www.facebook.com\/regmik.npf","https:\/\/x.com\/regmiknpf","https:\/\/www.youtube.com\/channel\/UC_SrY98SKAmR3Kt95GcVKcw"]}]}},"_links":{"self":[{"href":"https:\/\/regmik.ua\/de\/wp-json\/wp\/v2\/product\/12699","targetHints":{"allow":["GET"]}}],"collection":[{"href":"https:\/\/regmik.ua\/de\/wp-json\/wp\/v2\/product"}],"about":[{"href":"https:\/\/regmik.ua\/de\/wp-json\/wp\/v2\/types\/product"}],"replies":[{"embeddable":true,"href":"https:\/\/regmik.ua\/de\/wp-json\/wp\/v2\/comments?post=12699"}],"version-history":[{"count":0,"href":"https:\/\/regmik.ua\/de\/wp-json\/wp\/v2\/product\/12699\/revisions"}],"wp:featuredmedia":[{"embeddable":true,"href":"https:\/\/regmik.ua\/de\/wp-json\/wp\/v2\/media\/12501"}],"wp:attachment":[{"href":"https:\/\/regmik.ua\/de\/wp-json\/wp\/v2\/media?parent=12699"}],"wp:term":[{"taxonomy":"product_brand","embeddable":true,"href":"https:\/\/regmik.ua\/de\/wp-json\/wp\/v2\/product_brand?post=12699"},{"taxonomy":"product_cat","embeddable":true,"href":"https:\/\/regmik.ua\/de\/wp-json\/wp\/v2\/product_cat?post=12699"},{"taxonomy":"product_tag","embeddable":true,"href":"https:\/\/regmik.ua\/de\/wp-json\/wp\/v2\/product_tag?post=12699"}],"curies":[{"name":"wp","href":"https:\/\/api.w.org\/{rel}","templated":true}]}}