{"id":12338,"date":"2016-09-28T15:09:32","date_gmt":"2016-09-28T13:09:32","guid":{"rendered":"http:\/\/test.regmik.com.ua\/index.php\/product\/izmeritel-vosmikanalnyiy-nastennyiy-i8\/"},"modified":"2026-02-16T13:15:49","modified_gmt":"2026-02-16T11:15:49","slug":"izmeritel-vosmikanalnyiy-nastennyiy-i8","status":"publish","type":"product","link":"https:\/\/regmik.ua\/de\/product\/izmeritel-vosmikanalnyiy-nastennyiy-i8\/","title":{"rendered":"Achtkanalmeter I8"},"content":{"rendered":"<p>Das Achtkanal-Messger\u00e4t I8-N (an der Wand montiert) dient zur Messung und Steuerung von 1 bis 8 physikalischen Gr\u00f6\u00dfen und zur Anzeige der Messwerte auf den eingebauten acht Digitalanzeigen.<br \/>\nI8 verf\u00fcgt \u00fcber acht unabh\u00e4ngige Messkan\u00e4le und die M\u00f6glichkeit, acht Werte gleichzeitig anzuzeigen.<br \/>\nNur in Version IP24 hergestellt: Stromversorgung aus einer Konstantspannungsquelle = 12..24V.<br \/>\nI8 dient zur gleichzeitigen Steuerung von Temperatur, Druck, Luftfeuchtigkeit, Durchflussrate oder anderen physikalischen Gr\u00f6\u00dfen in mehreren Zonen (bis zu 8) sowie eines Alarmausgangs, der den Ausgang eines der \u00fcberwachten Parameter \u00fcber die angegebenen Grenzen hinaus signalisiert.<br \/>\nI8 wird als Alarmger\u00e4t in \u00d6fen, Trockenkammern in der Lebensmittel-, Metallurgie- und anderen Industriezweigen eingesetzt.<\/p>\n<h3>Allgemeine Funktionen und Betriebsarten<\/h3>\n<ul>\n<li>Messung der Temperatur (oder anderer physikalischer Gr\u00f6\u00dfen) von Objekten unter Verwendung von Widerstandsthermoelementen (Temperatursensoren) \u041c (50\u041c, 100\u041c) und \u0422\u0421\u041f (50\u041f, 100\u041f, Pt100, Pt500, Pt1000), Thermoelementen (\u0422\u0425\u041a, \u0422\u0425\u0410, \u0422\u0416\u041a usw.), Sensoren mit einheitlichem Ausgangssignal von Strom \u0410\u0422 (0..5 mA, 0..20 mA, 4..20 mA) und Spannung \u0410\u041d (0..1 V, 0..5 V, 0..10 V);<\/li>\n<li>Abfrage von Ger\u00e4ten im Netzwerk \u00fcber die RS-485-Schnittstelle mithilfe des ModBus-Protokolls (das Ger\u00e4t fungiert als Master);<\/li>\n<li>Bildung des &quot;Not&quot; -Signals (mit der M\u00f6glichkeit, ein Steuersignal an die Ausgangsstufe zu senden), wenn die gemessene physikalische Gr\u00f6\u00dfe au\u00dferhalb des angegebenen Alarmbereichs liegt oder wenn die Eingangssensoren offen oder kurzgeschlossen sind;<\/li>\n<li>Funktion zum Berechnen und Anzeigen der Quadratwurzel des gemessenen Wertes (zum Beispiel zum Messen der momentanen Durchflussrate von den Sensoren \u0410\u041d und \u0410\u0422);<\/li>\n<li>Skalierung der Messskala;<\/li>\n<li>Lichtanzeige der Betriebsarten;<\/li>\n<li>Programm\u00e4nderung von Parametern der Transformationseigenschaften (Steigung, Versatz);<\/li>\n<li>digitale Filterung von Messungen (Filtertiefe - bis zu 10 Messperioden);<\/li>\n<li>\u00c4nderung der Anzeigezeit der Messwerte;<\/li>\n<li>digitale Kalibrierung von Eingangskan\u00e4len;<\/li>\n<li>Passwortschutz von Parametern;<\/li>\n<li>RS-485 ModBus RTU-Schnittstelle zum Aufzeichnen von Messwerten auf einem PC oder zum Arbeiten mit einer SPS.<\/li>\n<\/ul>\n<p>&nbsp;<\/p>","protected":false},"excerpt":{"rendered":"<p>Das achtkanalige Wandmessger\u00e4t I8-N verf\u00fcgt \u00fcber acht Anzeigen zur gleichzeitigen Anzeige und Steuerung von acht Eingangsparametern. Es wird mit isoliertem RS-485 hergestellt und \u00fcber ein 12..24V DC-Netzwerk mit Strom versorgt.<\/p>","protected":false},"featured_media":12341,"comment_status":"open","ping_status":"closed","template":"","meta":[],"product_brand":[],"product_cat":[40,54],"product_tag":[89,88,360,91,45],"class_list":{"0":"post-12338","1":"product","2":"type-product","3":"status-publish","4":"has-post-thumbnail","6":"product_cat-meters","7":"product_cat-housing-wall","8":"product_tag-datchik","9":"product_tag-izmeritel","10":"product_tag-nastennyj","11":"product_tag-obekt","12":"product_tag-temperatura","13":"pa_number-of-indicators-359","14":"pa_number-of-inputs-247","15":"pa_number-of-outputs-249","16":"pa_outputs1-r","17":"pa_power-supply-ip24","18":"pa_rs485-rs485i","19":"pa_rs485-no","20":"pa_types-of-inputs-rs485-en","21":"pa_types-of-inputs-uvtsptanat","24":"instock","25":"shipping-taxable","26":"purchasable","27":"product-type-variable"},"yoast_head":"<title>\u0418\u0437\u043c\u0435\u0440\u0438\u0442\u0435\u043b\u044c \u0432\u043e\u0441\u044c\u043c\u0438\u043a\u0430\u043d\u0430\u043b\u044c\u043d\u044b\u0439 \u04188 &#8211; \u0420\u0415\u0413\u041c\u0406\u041a, \u041d\u0412\u0424, \u041f\u041f<\/title>\n<meta name=\"description\" content=\"\u0418\u0437\u043c\u0435\u0440\u0438\u0442\u0435\u043b\u044c \u0432\u043e\u0441\u044c\u043c\u0438\u043a\u0430\u043d\u0430\u043b\u044c\u043d\u044b\u0439 \u043d\u0430\u0441\u0442\u0435\u043d\u043d\u044b\u0439 \u04188-\u041d \u0438\u043c\u0435\u0435\u0442 \u0432\u043e\u0441\u0435\u043c\u044c \u0438\u043d\u0434\u0438\u043a\u0430\u0442\u043e\u0440\u043e\u0432 \u0434\u043b\u044f \u043e\u0434\u043d\u043e\u0432\u0440\u0435\u043c\u0435\u043d\u043d\u043e\u0433\u043e \u043e\u0442\u043e\u0431\u0440\u0430\u0436\u0435\u043d\u0438\u044f \u0438 \u043a\u043e\u043d\u0442\u0440\u043e\u043b\u044f \u0432\u043e\u0441\u044c\u043c\u0438 \u0432\u0445\u043e\u0434\u043d\u044b\u0445 \u043f\u0430\u0440\u0430\u043c\u0435\u0442\u0440\u043e\u0432\" \/>\n<meta name=\"robots\" content=\"index, follow, max-snippet:-1, max-image-preview:large, max-video-preview:-1\" \/>\n<link rel=\"canonical\" href=\"https:\/\/regmik.ua\/de\/product\/izmeritel-vosmikanalnyiy-nastennyiy-i8\/\" \/>\n<script type=\"application\/ld+json\" class=\"yoast-schema-graph\">{\"@context\":\"https:\\\/\\\/schema.org\",\"@graph\":[{\"@type\":\"WebPage\",\"@id\":\"https:\\\/\\\/regmik.ua\\\/product\\\/izmeritel-vosmikanalnyiy-nastennyiy-i8\\\/\",\"url\":\"https:\\\/\\\/regmik.ua\\\/product\\\/izmeritel-vosmikanalnyiy-nastennyiy-i8\\\/\",\"name\":\"\u0418\u0437\u043c\u0435\u0440\u0438\u0442\u0435\u043b\u044c \u0432\u043e\u0441\u044c\u043c\u0438\u043a\u0430\u043d\u0430\u043b\u044c\u043d\u044b\u0439 \u04188 &#8211; \u0420\u0415\u0413\u041c\u0406\u041a, \u041d\u0412\u0424, \u041f\u041f\",\"isPartOf\":{\"@id\":\"https:\\\/\\\/regmik.ua\\\/uk\\\/#website\"},\"primaryImageOfPage\":{\"@id\":\"https:\\\/\\\/regmik.ua\\\/product\\\/izmeritel-vosmikanalnyiy-nastennyiy-i8\\\/#primaryimage\"},\"image\":{\"@id\":\"https:\\\/\\\/regmik.ua\\\/product\\\/izmeritel-vosmikanalnyiy-nastennyiy-i8\\\/#primaryimage\"},\"thumbnailUrl\":\"https:\\\/\\\/regmik.ua\\\/wp-content\\\/uploads\\\/2016\\\/09\\\/I8_N_front1.png\",\"datePublished\":\"2016-09-28T13:09:32+00:00\",\"dateModified\":\"2026-02-16T11:15:49+00:00\",\"description\":\"\u0418\u0437\u043c\u0435\u0440\u0438\u0442\u0435\u043b\u044c \u0432\u043e\u0441\u044c\u043c\u0438\u043a\u0430\u043d\u0430\u043b\u044c\u043d\u044b\u0439 \u043d\u0430\u0441\u0442\u0435\u043d\u043d\u044b\u0439 \u04188-\u041d \u0438\u043c\u0435\u0435\u0442 \u0432\u043e\u0441\u0435\u043c\u044c \u0438\u043d\u0434\u0438\u043a\u0430\u0442\u043e\u0440\u043e\u0432 \u0434\u043b\u044f \u043e\u0434\u043d\u043e\u0432\u0440\u0435\u043c\u0435\u043d\u043d\u043e\u0433\u043e \u043e\u0442\u043e\u0431\u0440\u0430\u0436\u0435\u043d\u0438\u044f \u0438 \u043a\u043e\u043d\u0442\u0440\u043e\u043b\u044f \u0432\u043e\u0441\u044c\u043c\u0438 \u0432\u0445\u043e\u0434\u043d\u044b\u0445 \u043f\u0430\u0440\u0430\u043c\u0435\u0442\u0440\u043e\u0432\",\"breadcrumb\":{\"@id\":\"https:\\\/\\\/regmik.ua\\\/product\\\/izmeritel-vosmikanalnyiy-nastennyiy-i8\\\/#breadcrumb\"},\"inLanguage\":\"de\",\"potentialAction\":[{\"@type\":\"ReadAction\",\"target\":[\"https:\\\/\\\/regmik.ua\\\/product\\\/izmeritel-vosmikanalnyiy-nastennyiy-i8\\\/\"]}]},{\"@type\":\"ImageObject\",\"inLanguage\":\"de\",\"@id\":\"https:\\\/\\\/regmik.ua\\\/product\\\/izmeritel-vosmikanalnyiy-nastennyiy-i8\\\/#primaryimage\",\"url\":\"https:\\\/\\\/regmik.ua\\\/wp-content\\\/uploads\\\/2016\\\/09\\\/I8_N_front1.png\",\"contentUrl\":\"https:\\\/\\\/regmik.ua\\\/wp-content\\\/uploads\\\/2016\\\/09\\\/I8_N_front1.png\",\"width\":800,\"height\":1024,\"caption\":\"\u0418\u0437\u043c\u0435\u0440\u0438\u0442\u0435\u043b\u044c \u0432\u043e\u0441\u044c\u043c\u0438\u043a\u0430\u043d\u0430\u043b\u044c\u043d\u044b\u0439 \u043d\u0430\u0441\u0442\u0435\u043d\u043d\u044b\u0439 (\u04188-\u041d)\"},{\"@type\":\"BreadcrumbList\",\"@id\":\"https:\\\/\\\/regmik.ua\\\/product\\\/izmeritel-vosmikanalnyiy-nastennyiy-i8\\\/#breadcrumb\",\"itemListElement\":[{\"@type\":\"ListItem\",\"position\":1,\"name\":\"\u0413\u043b\u0430\u0432\u043d\u0430\u044f \u0441\u0442\u0440\u0430\u043d\u0438\u0446\u0430\",\"item\":\"https:\\\/\\\/regmik.ua\\\/\"},{\"@type\":\"ListItem\",\"position\":2,\"name\":\"\u041f\u0440\u043e\u0434\u0443\u043a\u0446\u0438\u044f\",\"item\":\"https:\\\/\\\/regmik.ua\\\/uk\\\/products\\\/\"},{\"@type\":\"ListItem\",\"position\":3,\"name\":\"\u0418\u0437\u043c\u0435\u0440\u0438\u0442\u0435\u043b\u044c \u0432\u043e\u0441\u044c\u043c\u0438\u043a\u0430\u043d\u0430\u043b\u044c\u043d\u044b\u0439 \u04188\"}]},{\"@type\":\"WebSite\",\"@id\":\"https:\\\/\\\/regmik.ua\\\/uk\\\/#website\",\"url\":\"https:\\\/\\\/regmik.ua\\\/uk\\\/\",\"name\":\"REGMIK\",\"description\":\"\u0418\u0437\u043c\u0435\u0440\u0438\u0442\u0435\u043b\u044c\u043d\u044b\u0435 \u043f\u0440\u0438\u0431\u043e\u0440\u044b \u0438 \u0434\u0430\u0442\u0447\u0438\u043a\u0438 \u0442\u0435\u043c\u043f\u0435\u0440\u0430\u0442\u0443\u0440\u044b\",\"publisher\":{\"@id\":\"https:\\\/\\\/regmik.ua\\\/uk\\\/#organization\"},\"alternateName\":\"REGMIK\",\"potentialAction\":[{\"@type\":\"SearchAction\",\"target\":{\"@type\":\"EntryPoint\",\"urlTemplate\":\"https:\\\/\\\/regmik.ua\\\/uk\\\/?s={search_term_string}\"},\"query-input\":{\"@type\":\"PropertyValueSpecification\",\"valueRequired\":true,\"valueName\":\"search_term_string\"}}],\"inLanguage\":\"de\"},{\"@type\":\"Organization\",\"@id\":\"https:\\\/\\\/regmik.ua\\\/uk\\\/#organization\",\"name\":\"REGMIK\",\"alternateName\":\"\u0420\u0415\u0413\u041c\u0418\u041a\",\"url\":\"https:\\\/\\\/regmik.ua\\\/uk\\\/\",\"logo\":{\"@type\":\"ImageObject\",\"inLanguage\":\"de\",\"@id\":\"https:\\\/\\\/regmik.ua\\\/uk\\\/#\\\/schema\\\/logo\\\/image\\\/\",\"url\":\"https:\\\/\\\/regmik.ua\\\/wp-content\\\/uploads\\\/2020\\\/03\\\/regmik_logo.png\",\"contentUrl\":\"https:\\\/\\\/regmik.ua\\\/wp-content\\\/uploads\\\/2020\\\/03\\\/regmik_logo.png\",\"width\":194,\"height\":45,\"caption\":\"REGMIK\"},\"image\":{\"@id\":\"https:\\\/\\\/regmik.ua\\\/uk\\\/#\\\/schema\\\/logo\\\/image\\\/\"},\"sameAs\":[\"https:\\\/\\\/www.facebook.com\\\/regmik.npf\",\"https:\\\/\\\/x.com\\\/regmiknpf\",\"https:\\\/\\\/www.youtube.com\\\/channel\\\/UC_SrY98SKAmR3Kt95GcVKcw\"]}]}<\/script>","yoast_head_json":{"title":"Acht-Kanal-Z\u00e4hler I8 - REGMlK, NVF, PP","description":"Das achtkanalige Wandmessger\u00e4t I8-N verf\u00fcgt \u00fcber acht Anzeigen zur gleichzeitigen Anzeige und Steuerung von acht Eingangsparametern","robots":{"index":"index","follow":"follow","max-snippet":"max-snippet:-1","max-image-preview":"max-image-preview:large","max-video-preview":"max-video-preview:-1"},"canonical":"https:\/\/regmik.ua\/de\/product\/izmeritel-vosmikanalnyiy-nastennyiy-i8\/","schema":{"@context":"https:\/\/schema.org","@graph":[{"@type":"WebPage","@id":"https:\/\/regmik.ua\/product\/izmeritel-vosmikanalnyiy-nastennyiy-i8\/","url":"https:\/\/regmik.ua\/product\/izmeritel-vosmikanalnyiy-nastennyiy-i8\/","name":"Acht-Kanal-Z\u00e4hler I8 - REGMlK, NVF, PP","isPartOf":{"@id":"https:\/\/regmik.ua\/uk\/#website"},"primaryImageOfPage":{"@id":"https:\/\/regmik.ua\/product\/izmeritel-vosmikanalnyiy-nastennyiy-i8\/#primaryimage"},"image":{"@id":"https:\/\/regmik.ua\/product\/izmeritel-vosmikanalnyiy-nastennyiy-i8\/#primaryimage"},"thumbnailUrl":"https:\/\/regmik.ua\/wp-content\/uploads\/2016\/09\/I8_N_front1.png","datePublished":"2016-09-28T13:09:32+00:00","dateModified":"2026-02-16T11:15:49+00:00","description":"Das achtkanalige Wandmessger\u00e4t I8-N verf\u00fcgt \u00fcber acht Anzeigen zur gleichzeitigen Anzeige und Steuerung von acht Eingangsparametern","breadcrumb":{"@id":"https:\/\/regmik.ua\/product\/izmeritel-vosmikanalnyiy-nastennyiy-i8\/#breadcrumb"},"inLanguage":"de","potentialAction":[{"@type":"ReadAction","target":["https:\/\/regmik.ua\/product\/izmeritel-vosmikanalnyiy-nastennyiy-i8\/"]}]},{"@type":"ImageObject","inLanguage":"de","@id":"https:\/\/regmik.ua\/product\/izmeritel-vosmikanalnyiy-nastennyiy-i8\/#primaryimage","url":"https:\/\/regmik.ua\/wp-content\/uploads\/2016\/09\/I8_N_front1.png","contentUrl":"https:\/\/regmik.ua\/wp-content\/uploads\/2016\/09\/I8_N_front1.png","width":800,"height":1024,"caption":"\u0418\u0437\u043c\u0435\u0440\u0438\u0442\u0435\u043b\u044c \u0432\u043e\u0441\u044c\u043c\u0438\u043a\u0430\u043d\u0430\u043b\u044c\u043d\u044b\u0439 \u043d\u0430\u0441\u0442\u0435\u043d\u043d\u044b\u0439 (\u04188-\u041d)"},{"@type":"BreadcrumbList","@id":"https:\/\/regmik.ua\/product\/izmeritel-vosmikanalnyiy-nastennyiy-i8\/#breadcrumb","itemListElement":[{"@type":"ListItem","position":1,"name":"\u0413\u043b\u0430\u0432\u043d\u0430\u044f \u0441\u0442\u0440\u0430\u043d\u0438\u0446\u0430","item":"https:\/\/regmik.ua\/"},{"@type":"ListItem","position":2,"name":"\u041f\u0440\u043e\u0434\u0443\u043a\u0446\u0438\u044f","item":"https:\/\/regmik.ua\/uk\/products\/"},{"@type":"ListItem","position":3,"name":"\u0418\u0437\u043c\u0435\u0440\u0438\u0442\u0435\u043b\u044c \u0432\u043e\u0441\u044c\u043c\u0438\u043a\u0430\u043d\u0430\u043b\u044c\u043d\u044b\u0439 \u04188"}]},{"@type":"WebSite","@id":"https:\/\/regmik.ua\/uk\/#website","url":"https:\/\/regmik.ua\/uk\/","name":"REGMIK","description":"Messger\u00e4te und Temperatursensoren","publisher":{"@id":"https:\/\/regmik.ua\/uk\/#organization"},"alternateName":"REGMIK","potentialAction":[{"@type":"SearchAction","target":{"@type":"EntryPoint","urlTemplate":"https:\/\/regmik.ua\/uk\/?s={search_term_string}"},"query-input":{"@type":"PropertyValueSpecification","valueRequired":true,"valueName":"search_term_string"}}],"inLanguage":"de"},{"@type":"Organization","@id":"https:\/\/regmik.ua\/uk\/#organization","name":"REGMIK","alternateName":"\u0420\u0415\u0413\u041c\u0418\u041a","url":"https:\/\/regmik.ua\/uk\/","logo":{"@type":"ImageObject","inLanguage":"de","@id":"https:\/\/regmik.ua\/uk\/#\/schema\/logo\/image\/","url":"https:\/\/regmik.ua\/wp-content\/uploads\/2020\/03\/regmik_logo.png","contentUrl":"https:\/\/regmik.ua\/wp-content\/uploads\/2020\/03\/regmik_logo.png","width":194,"height":45,"caption":"REGMIK"},"image":{"@id":"https:\/\/regmik.ua\/uk\/#\/schema\/logo\/image\/"},"sameAs":["https:\/\/www.facebook.com\/regmik.npf","https:\/\/x.com\/regmiknpf","https:\/\/www.youtube.com\/channel\/UC_SrY98SKAmR3Kt95GcVKcw"]}]}},"_links":{"self":[{"href":"https:\/\/regmik.ua\/de\/wp-json\/wp\/v2\/product\/12338","targetHints":{"allow":["GET"]}}],"collection":[{"href":"https:\/\/regmik.ua\/de\/wp-json\/wp\/v2\/product"}],"about":[{"href":"https:\/\/regmik.ua\/de\/wp-json\/wp\/v2\/types\/product"}],"replies":[{"embeddable":true,"href":"https:\/\/regmik.ua\/de\/wp-json\/wp\/v2\/comments?post=12338"}],"version-history":[{"count":1,"href":"https:\/\/regmik.ua\/de\/wp-json\/wp\/v2\/product\/12338\/revisions"}],"predecessor-version":[{"id":29592,"href":"https:\/\/regmik.ua\/de\/wp-json\/wp\/v2\/product\/12338\/revisions\/29592"}],"wp:featuredmedia":[{"embeddable":true,"href":"https:\/\/regmik.ua\/de\/wp-json\/wp\/v2\/media\/12341"}],"wp:attachment":[{"href":"https:\/\/regmik.ua\/de\/wp-json\/wp\/v2\/media?parent=12338"}],"wp:term":[{"taxonomy":"product_brand","embeddable":true,"href":"https:\/\/regmik.ua\/de\/wp-json\/wp\/v2\/product_brand?post=12338"},{"taxonomy":"product_cat","embeddable":true,"href":"https:\/\/regmik.ua\/de\/wp-json\/wp\/v2\/product_cat?post=12338"},{"taxonomy":"product_tag","embeddable":true,"href":"https:\/\/regmik.ua\/de\/wp-json\/wp\/v2\/product_tag?post=12338"}],"curies":[{"name":"wp","href":"https:\/\/api.w.org\/{rel}","templated":true}]}}