{"id":12217,"date":"2016-09-27T10:32:27","date_gmt":"2016-09-27T08:32:27","guid":{"rendered":"http:\/\/test.regmik.com.ua\/index.php\/product\/regulyator-urovnya-trehkanalnyiy-ru3\/"},"modified":"2026-02-25T08:55:34","modified_gmt":"2026-02-25T06:55:34","slug":"regulyator-urovnya-trehkanalnyiy-ru3","status":"publish","type":"product","link":"https:\/\/regmik.ua\/de\/product\/regulyator-urovnya-trehkanalnyiy-ru3\/","title":{"rendered":"Dreikanaliger Pegelregler RU3"},"content":{"rendered":"<p>Das Dreikanal-F\u00fcllstandsregler-Signalger\u00e4t (RU3) dient zur Automatisierung technologischer Prozesse im Zusammenhang mit der \u00dcberwachung und Regulierung des Fl\u00fcssigkeits- und Sch\u00fcttgutstands und schafft Systeme zur automatischen Aufrechterhaltung des Fl\u00fcssigkeitsstands in Tanks, Lagertanks usw. RU3 kann mit Fl\u00fcssigkeiten unterschiedlicher elektrischer Leitf\u00e4higkeit arbeiten: destilliert, Leitungswasser, verschmutztes Wasser, Milch und Lebensmittelprodukte (schwach sauer, alkalisch usw.).<\/p>\n<h3>Sensortypen<\/h3>\n<ul>\n<li>konduktometrische Sensoren;<\/li>\n<li>Trockener Kontakt;<\/li>\n<li>offener Sammler.<\/li>\n<\/ul>\n<h3>Hauptfunktionen von RU3<\/h3>\n<ul>\n<li>automatisches Bef\u00fcllen des Reservoirs mit Hysterese bis zum eingestellten Niveau;<\/li>\n<li>automatische Entleerung des Tanks auf ein vorbestimmtes Niveau;<\/li>\n<li>Steuerung eines externen Stellantriebs (Pumpe);<\/li>\n<li>Lichtanzeige des Zustands des Ausgabeger\u00e4ts;<\/li>\n<li>\u00c4ndern der Parameter des Ger\u00e4ts (Empfindlichkeit).<\/li>\n<\/ul>\n<p>Das Signal zur Steuerung der Niveauregulierung wird in einem Geh\u00e4use zur Montage auf einer DIN-Schiene und in zwei Leistungsmodifikationen hergestellt: aus einem Wechselspannungsnetz mit einem Nennwert von 110 ... 240 V oder aus einer Konstantspannungsquelle mit einem Nennwert von 12..24 V.<\/p>","protected":false},"excerpt":{"rendered":"<p>Das dreikanalige Signalisierungsger\u00e4t zur Steuerung des RU3-F\u00fcllstands wird f\u00fcr Systeme mit automatischem Bef\u00fcllen oder Entleeren des Tanks gem\u00e4\u00df dem Hysteresegesetz mit einem zus\u00e4tzlichen dritten Eingang verwendet (kann als Alarmstufe verwendet werden). Das Ger\u00e4t verf\u00fcgt \u00fcber vier Betriebsarten und kann mit solchen Sensortypen arbeiten: konduktometrisch, trockener Kontakt und offener Kollektor.<\/p>","protected":false},"featured_media":11193,"comment_status":"open","ping_status":"closed","template":"","meta":[],"product_brand":[],"product_cat":[37,39,56],"product_tag":[345,344,347,348,43,346,343],"class_list":{"0":"post-12217","1":"product","2":"type-product","3":"status-publish","4":"has-post-thumbnail","6":"product_cat-devices","7":"product_cat-regulators","8":"product_cat-level-controls","9":"product_tag-du","10":"product_tag-konduktometricheskij-datchik","11":"product_tag-napolnenie","12":"product_tag-osushenie","13":"product_tag-regulyator","14":"product_tag-ru","15":"product_tag-uroven","16":"pa_du-296","17":"pa_number-of-inputs-245","18":"pa_number-of-outputs-250","19":"pa_outputs1-k","20":"pa_outputs1-ok","21":"pa_outputs1-os","22":"pa_outputs1-r","23":"pa_outputs1-s","24":"pa_power-supply-ip24","25":"pa_power-supply-ipi","26":"pa_sk1-277","29":"instock","30":"shipping-taxable","31":"purchasable","32":"product-type-variable","33":"has-default-attributes"},"yoast_head":"<title>\u0420\u0435\u0433\u0443\u043b\u044f\u0442\u043e\u0440 \u0443\u0440\u043e\u0432\u043d\u044f \u0442\u0440\u0435\u0445\u043a\u0430\u043d\u0430\u043b\u044c\u043d\u044b\u0439 \u0420\u04233 &#8211; \u0420\u0415\u0413\u041c\u0406\u041a, \u041d\u0412\u0424, \u041f\u041f<\/title>\n<meta name=\"description\" content=\"\u0420\u0435\u0433\u0443\u043b\u044f\u0442\u043e\u0440-\u0441\u0438\u0433\u043d\u0430\u043b\u0438\u0437\u0430\u0442\u043e\u0440 \u0443\u0440\u043e\u0432\u043d\u044f \u0442\u0440\u0435\u0445\u043a\u0430\u043d\u0430\u043b\u044c\u043d\u044b\u0439 \u0420\u04233 \u043f\u0440\u0438\u043c\u0435\u043d\u044f\u0435\u0442\u0441\u044f \u0434\u043b\u044f \u0438\u0441\u043f\u043e\u043b\u044c\u0437\u0443\u0435\u0442\u0441\u044f \u0434\u043b\u044f \u0441\u0438\u0441\u0442\u0435\u043c \u0441 \u0430\u0432\u0442\u043e\u043c\u0430\u0442\u0438\u0447\u0435\u0441\u043a\u0438\u043c \u0437\u0430\u043f\u043e\u043b\u043d\u0435\u043d\u0438\u0435\u043c \u0438\u043b\u0438 \u043e\u0441\u0443\u0448\u0435\u043d\u0438\u0435\u043c \u0440\u0435\u0437\u0435\u0440\u0432\u0443\u0430\u0440\u0430 \u043f\u043e \u0433\u0438\u0441\u0442\u0435\u0440\u0435\u0437\u0438\u0441\u043d\u043e\u043c\u0443 \u0437\u0430\u043a\u043e\u043d\u0443 \u0441 \u0434\u043e\u043f\u043e\u043b\u043d\u0438\u0442\u0435\u043b\u044c\u043d\u044b\u043c \u0442\u0440\u0435\u0442\u044c\u0438\u043c \u0432\u0445\u043e\u0434\u043e\u043c (\u043c\u043e\u0436\u043d\u043e \u0438\u0441\u043f\u043e\u043b\u044c\u0437\u043e\u0432\u0430\u0442\u044c \u043a\u0430\u043a \u0430\u0432\u0430\u0440\u0438\u0439\u043d\u044b\u0439 \u0443\u0440\u043e\u0432\u0435\u043d\u044c). \u041f\u0440\u0438\u0431\u043e\u0440 \u0438\u043c\u0435\u0435\u0442 \u0447\u0435\u0442\u044b\u0440\u0435 \u0440\u0435\u0436\u0438\u043c\u0430 \u0440\u0430\u0431\u043e\u0442\u044b \u0438 \u043c\u043e\u0436\u0435\u0442 \u0440\u0430\u0431\u043e\u0442\u0430\u0442\u044c \u0441 \u0442\u0430\u043a\u0438\u043c\u0438 \u0442\u0438\u043f\u0430\u043c\u0438 \u0434\u0430\u0442\u0447\u0438\u043a\u043e\u0432: \u043a\u043e\u043d\u0434\u0443\u043a\u0442\u043e\u043c\u0435\u0442\u0440\u0438\u0447\u0435\u0441\u043a\u0438\u0435, &quot;\u0441\u0443\u0445\u043e\u0439&quot; \u043a\u043e\u043d\u0442\u0430\u043a\u0442 \u0438 \u043e\u0442\u043a\u0440\u044b\u0442\u044b\u0439 \u043a\u043e\u043b\u043b\u0435\u043a\u0442\u043e\u0440.\" \/>\n<meta name=\"robots\" content=\"index, follow, max-snippet:-1, max-image-preview:large, max-video-preview:-1\" \/>\n<link rel=\"canonical\" href=\"https:\/\/regmik.ua\/de\/product\/regulyator-urovnya-trehkanalnyiy-ru3\/\" \/>\n<script type=\"application\/ld+json\" class=\"yoast-schema-graph\">{\"@context\":\"https:\\\/\\\/schema.org\",\"@graph\":[{\"@type\":\"WebPage\",\"@id\":\"https:\\\/\\\/regmik.ua\\\/product\\\/regulyator-urovnya-trehkanalnyiy-ru3\\\/\",\"url\":\"https:\\\/\\\/regmik.ua\\\/product\\\/regulyator-urovnya-trehkanalnyiy-ru3\\\/\",\"name\":\"\u0420\u0435\u0433\u0443\u043b\u044f\u0442\u043e\u0440 \u0443\u0440\u043e\u0432\u043d\u044f \u0442\u0440\u0435\u0445\u043a\u0430\u043d\u0430\u043b\u044c\u043d\u044b\u0439 \u0420\u04233 &#8211; \u0420\u0415\u0413\u041c\u0406\u041a, \u041d\u0412\u0424, \u041f\u041f\",\"isPartOf\":{\"@id\":\"https:\\\/\\\/regmik.ua\\\/uk\\\/#website\"},\"primaryImageOfPage\":{\"@id\":\"https:\\\/\\\/regmik.ua\\\/product\\\/regulyator-urovnya-trehkanalnyiy-ru3\\\/#primaryimage\"},\"image\":{\"@id\":\"https:\\\/\\\/regmik.ua\\\/product\\\/regulyator-urovnya-trehkanalnyiy-ru3\\\/#primaryimage\"},\"thumbnailUrl\":\"https:\\\/\\\/regmik.ua\\\/wp-content\\\/uploads\\\/2015\\\/08\\\/ru3_front.png\",\"datePublished\":\"2016-09-27T08:32:27+00:00\",\"dateModified\":\"2026-02-25T06:55:34+00:00\",\"description\":\"\u0420\u0435\u0433\u0443\u043b\u044f\u0442\u043e\u0440-\u0441\u0438\u0433\u043d\u0430\u043b\u0438\u0437\u0430\u0442\u043e\u0440 \u0443\u0440\u043e\u0432\u043d\u044f \u0442\u0440\u0435\u0445\u043a\u0430\u043d\u0430\u043b\u044c\u043d\u044b\u0439 \u0420\u04233 \u043f\u0440\u0438\u043c\u0435\u043d\u044f\u0435\u0442\u0441\u044f \u0434\u043b\u044f \u0438\u0441\u043f\u043e\u043b\u044c\u0437\u0443\u0435\u0442\u0441\u044f \u0434\u043b\u044f \u0441\u0438\u0441\u0442\u0435\u043c \u0441 \u0430\u0432\u0442\u043e\u043c\u0430\u0442\u0438\u0447\u0435\u0441\u043a\u0438\u043c \u0437\u0430\u043f\u043e\u043b\u043d\u0435\u043d\u0438\u0435\u043c \u0438\u043b\u0438 \u043e\u0441\u0443\u0448\u0435\u043d\u0438\u0435\u043c \u0440\u0435\u0437\u0435\u0440\u0432\u0443\u0430\u0440\u0430 \u043f\u043e \u0433\u0438\u0441\u0442\u0435\u0440\u0435\u0437\u0438\u0441\u043d\u043e\u043c\u0443 \u0437\u0430\u043a\u043e\u043d\u0443 \u0441 \u0434\u043e\u043f\u043e\u043b\u043d\u0438\u0442\u0435\u043b\u044c\u043d\u044b\u043c \u0442\u0440\u0435\u0442\u044c\u0438\u043c \u0432\u0445\u043e\u0434\u043e\u043c (\u043c\u043e\u0436\u043d\u043e \u0438\u0441\u043f\u043e\u043b\u044c\u0437\u043e\u0432\u0430\u0442\u044c \u043a\u0430\u043a \u0430\u0432\u0430\u0440\u0438\u0439\u043d\u044b\u0439 \u0443\u0440\u043e\u0432\u0435\u043d\u044c). \u041f\u0440\u0438\u0431\u043e\u0440 \u0438\u043c\u0435\u0435\u0442 \u0447\u0435\u0442\u044b\u0440\u0435 \u0440\u0435\u0436\u0438\u043c\u0430 \u0440\u0430\u0431\u043e\u0442\u044b \u0438 \u043c\u043e\u0436\u0435\u0442 \u0440\u0430\u0431\u043e\u0442\u0430\u0442\u044c \u0441 \u0442\u0430\u043a\u0438\u043c\u0438 \u0442\u0438\u043f\u0430\u043c\u0438 \u0434\u0430\u0442\u0447\u0438\u043a\u043e\u0432: \u043a\u043e\u043d\u0434\u0443\u043a\u0442\u043e\u043c\u0435\u0442\u0440\u0438\u0447\u0435\u0441\u043a\u0438\u0435, \\\"\u0441\u0443\u0445\u043e\u0439\\\" \u043a\u043e\u043d\u0442\u0430\u043a\u0442 \u0438 \u043e\u0442\u043a\u0440\u044b\u0442\u044b\u0439 \u043a\u043e\u043b\u043b\u0435\u043a\u0442\u043e\u0440.\",\"breadcrumb\":{\"@id\":\"https:\\\/\\\/regmik.ua\\\/product\\\/regulyator-urovnya-trehkanalnyiy-ru3\\\/#breadcrumb\"},\"inLanguage\":\"de\",\"potentialAction\":[{\"@type\":\"ReadAction\",\"target\":[\"https:\\\/\\\/regmik.ua\\\/product\\\/regulyator-urovnya-trehkanalnyiy-ru3\\\/\"]}]},{\"@type\":\"ImageObject\",\"inLanguage\":\"de\",\"@id\":\"https:\\\/\\\/regmik.ua\\\/product\\\/regulyator-urovnya-trehkanalnyiy-ru3\\\/#primaryimage\",\"url\":\"https:\\\/\\\/regmik.ua\\\/wp-content\\\/uploads\\\/2015\\\/08\\\/ru3_front.png\",\"contentUrl\":\"https:\\\/\\\/regmik.ua\\\/wp-content\\\/uploads\\\/2015\\\/08\\\/ru3_front.png\",\"width\":800,\"height\":1024,\"caption\":\"\u0420\u0435\u0433\u0443\u043b\u044f\u0442\u043e\u0440 \u0443\u0440\u043e\u0432\u043d\u044f \u0442\u0440\u0435\u0445\u043a\u0430\u043d\u0430\u043b\u044c\u043d\u044b\u0439 (\u0420\u04233)\"},{\"@type\":\"BreadcrumbList\",\"@id\":\"https:\\\/\\\/regmik.ua\\\/product\\\/regulyator-urovnya-trehkanalnyiy-ru3\\\/#breadcrumb\",\"itemListElement\":[{\"@type\":\"ListItem\",\"position\":1,\"name\":\"\u0413\u043b\u0430\u0432\u043d\u0430\u044f \u0441\u0442\u0440\u0430\u043d\u0438\u0446\u0430\",\"item\":\"https:\\\/\\\/regmik.ua\\\/\"},{\"@type\":\"ListItem\",\"position\":2,\"name\":\"\u041f\u0440\u043e\u0434\u0443\u043a\u0446\u0438\u044f\",\"item\":\"https:\\\/\\\/regmik.ua\\\/uk\\\/products\\\/\"},{\"@type\":\"ListItem\",\"position\":3,\"name\":\"\u0420\u0435\u0433\u0443\u043b\u044f\u0442\u043e\u0440 \u0443\u0440\u043e\u0432\u043d\u044f \u0442\u0440\u0435\u0445\u043a\u0430\u043d\u0430\u043b\u044c\u043d\u044b\u0439 \u0420\u04233\"}]},{\"@type\":\"WebSite\",\"@id\":\"https:\\\/\\\/regmik.ua\\\/uk\\\/#website\",\"url\":\"https:\\\/\\\/regmik.ua\\\/uk\\\/\",\"name\":\"REGMIK\",\"description\":\"\u0418\u0437\u043c\u0435\u0440\u0438\u0442\u0435\u043b\u044c\u043d\u044b\u0435 \u043f\u0440\u0438\u0431\u043e\u0440\u044b \u0438 \u0434\u0430\u0442\u0447\u0438\u043a\u0438 \u0442\u0435\u043c\u043f\u0435\u0440\u0430\u0442\u0443\u0440\u044b\",\"publisher\":{\"@id\":\"https:\\\/\\\/regmik.ua\\\/uk\\\/#organization\"},\"alternateName\":\"REGMIK\",\"potentialAction\":[{\"@type\":\"SearchAction\",\"target\":{\"@type\":\"EntryPoint\",\"urlTemplate\":\"https:\\\/\\\/regmik.ua\\\/uk\\\/?s={search_term_string}\"},\"query-input\":{\"@type\":\"PropertyValueSpecification\",\"valueRequired\":true,\"valueName\":\"search_term_string\"}}],\"inLanguage\":\"de\"},{\"@type\":\"Organization\",\"@id\":\"https:\\\/\\\/regmik.ua\\\/uk\\\/#organization\",\"name\":\"REGMIK\",\"alternateName\":\"\u0420\u0415\u0413\u041c\u0418\u041a\",\"url\":\"https:\\\/\\\/regmik.ua\\\/uk\\\/\",\"logo\":{\"@type\":\"ImageObject\",\"inLanguage\":\"de\",\"@id\":\"https:\\\/\\\/regmik.ua\\\/uk\\\/#\\\/schema\\\/logo\\\/image\\\/\",\"url\":\"https:\\\/\\\/regmik.ua\\\/wp-content\\\/uploads\\\/2020\\\/03\\\/regmik_logo.png\",\"contentUrl\":\"https:\\\/\\\/regmik.ua\\\/wp-content\\\/uploads\\\/2020\\\/03\\\/regmik_logo.png\",\"width\":194,\"height\":45,\"caption\":\"REGMIK\"},\"image\":{\"@id\":\"https:\\\/\\\/regmik.ua\\\/uk\\\/#\\\/schema\\\/logo\\\/image\\\/\"},\"sameAs\":[\"https:\\\/\\\/www.facebook.com\\\/regmik.npf\",\"https:\\\/\\\/x.com\\\/regmiknpf\",\"https:\\\/\\\/www.youtube.com\\\/channel\\\/UC_SrY98SKAmR3Kt95GcVKcw\"]}]}<\/script>","yoast_head_json":{"title":"Dreikanal-Pegelregler RU3 \u2013 REGMIK, NVF, PP","description":"Das dreikanalige Signalisierungsger\u00e4t zur Steuerung des RU3-F\u00fcllstands wird f\u00fcr Systeme mit automatischem Bef\u00fcllen oder Entleeren des Tanks gem\u00e4\u00df dem Hysteresegesetz mit einem zus\u00e4tzlichen dritten Eingang verwendet (kann als Alarmstufe verwendet werden). Das Ger\u00e4t verf\u00fcgt \u00fcber vier Betriebsarten und kann mit den folgenden Sensortypen arbeiten: konduktometrisch, trockener Kontakt und offener Kollektor.","robots":{"index":"index","follow":"follow","max-snippet":"max-snippet:-1","max-image-preview":"max-image-preview:large","max-video-preview":"max-video-preview:-1"},"canonical":"https:\/\/regmik.ua\/de\/product\/regulyator-urovnya-trehkanalnyiy-ru3\/","schema":{"@context":"https:\/\/schema.org","@graph":[{"@type":"WebPage","@id":"https:\/\/regmik.ua\/product\/regulyator-urovnya-trehkanalnyiy-ru3\/","url":"https:\/\/regmik.ua\/product\/regulyator-urovnya-trehkanalnyiy-ru3\/","name":"Dreikanal-Pegelregler RU3 \u2013 REGMIK, NVF, PP","isPartOf":{"@id":"https:\/\/regmik.ua\/uk\/#website"},"primaryImageOfPage":{"@id":"https:\/\/regmik.ua\/product\/regulyator-urovnya-trehkanalnyiy-ru3\/#primaryimage"},"image":{"@id":"https:\/\/regmik.ua\/product\/regulyator-urovnya-trehkanalnyiy-ru3\/#primaryimage"},"thumbnailUrl":"https:\/\/regmik.ua\/wp-content\/uploads\/2015\/08\/ru3_front.png","datePublished":"2016-09-27T08:32:27+00:00","dateModified":"2026-02-25T06:55:34+00:00","description":"Das dreikanalige Signalisierungsger\u00e4t zur Steuerung des RU3-F\u00fcllstands wird f\u00fcr Systeme mit automatischem Bef\u00fcllen oder Entleeren des Tanks gem\u00e4\u00df dem Hysteresegesetz mit einem zus\u00e4tzlichen dritten Eingang verwendet (kann als Alarmstufe verwendet werden). Das Ger\u00e4t verf\u00fcgt \u00fcber vier Betriebsarten und kann mit den folgenden Sensortypen arbeiten: konduktometrisch, trockener Kontakt und offener Kollektor.","breadcrumb":{"@id":"https:\/\/regmik.ua\/product\/regulyator-urovnya-trehkanalnyiy-ru3\/#breadcrumb"},"inLanguage":"de","potentialAction":[{"@type":"ReadAction","target":["https:\/\/regmik.ua\/product\/regulyator-urovnya-trehkanalnyiy-ru3\/"]}]},{"@type":"ImageObject","inLanguage":"de","@id":"https:\/\/regmik.ua\/product\/regulyator-urovnya-trehkanalnyiy-ru3\/#primaryimage","url":"https:\/\/regmik.ua\/wp-content\/uploads\/2015\/08\/ru3_front.png","contentUrl":"https:\/\/regmik.ua\/wp-content\/uploads\/2015\/08\/ru3_front.png","width":800,"height":1024,"caption":"\u0420\u0435\u0433\u0443\u043b\u044f\u0442\u043e\u0440 \u0443\u0440\u043e\u0432\u043d\u044f \u0442\u0440\u0435\u0445\u043a\u0430\u043d\u0430\u043b\u044c\u043d\u044b\u0439 (\u0420\u04233)"},{"@type":"BreadcrumbList","@id":"https:\/\/regmik.ua\/product\/regulyator-urovnya-trehkanalnyiy-ru3\/#breadcrumb","itemListElement":[{"@type":"ListItem","position":1,"name":"\u0413\u043b\u0430\u0432\u043d\u0430\u044f \u0441\u0442\u0440\u0430\u043d\u0438\u0446\u0430","item":"https:\/\/regmik.ua\/"},{"@type":"ListItem","position":2,"name":"\u041f\u0440\u043e\u0434\u0443\u043a\u0446\u0438\u044f","item":"https:\/\/regmik.ua\/uk\/products\/"},{"@type":"ListItem","position":3,"name":"\u0420\u0435\u0433\u0443\u043b\u044f\u0442\u043e\u0440 \u0443\u0440\u043e\u0432\u043d\u044f \u0442\u0440\u0435\u0445\u043a\u0430\u043d\u0430\u043b\u044c\u043d\u044b\u0439 \u0420\u04233"}]},{"@type":"WebSite","@id":"https:\/\/regmik.ua\/uk\/#website","url":"https:\/\/regmik.ua\/uk\/","name":"REGMIK","description":"Messger\u00e4te und Temperatursensoren","publisher":{"@id":"https:\/\/regmik.ua\/uk\/#organization"},"alternateName":"REGMIK","potentialAction":[{"@type":"SearchAction","target":{"@type":"EntryPoint","urlTemplate":"https:\/\/regmik.ua\/uk\/?s={search_term_string}"},"query-input":{"@type":"PropertyValueSpecification","valueRequired":true,"valueName":"search_term_string"}}],"inLanguage":"de"},{"@type":"Organization","@id":"https:\/\/regmik.ua\/uk\/#organization","name":"REGMIK","alternateName":"\u0420\u0415\u0413\u041c\u0418\u041a","url":"https:\/\/regmik.ua\/uk\/","logo":{"@type":"ImageObject","inLanguage":"de","@id":"https:\/\/regmik.ua\/uk\/#\/schema\/logo\/image\/","url":"https:\/\/regmik.ua\/wp-content\/uploads\/2020\/03\/regmik_logo.png","contentUrl":"https:\/\/regmik.ua\/wp-content\/uploads\/2020\/03\/regmik_logo.png","width":194,"height":45,"caption":"REGMIK"},"image":{"@id":"https:\/\/regmik.ua\/uk\/#\/schema\/logo\/image\/"},"sameAs":["https:\/\/www.facebook.com\/regmik.npf","https:\/\/x.com\/regmiknpf","https:\/\/www.youtube.com\/channel\/UC_SrY98SKAmR3Kt95GcVKcw"]}]}},"_links":{"self":[{"href":"https:\/\/regmik.ua\/de\/wp-json\/wp\/v2\/product\/12217","targetHints":{"allow":["GET"]}}],"collection":[{"href":"https:\/\/regmik.ua\/de\/wp-json\/wp\/v2\/product"}],"about":[{"href":"https:\/\/regmik.ua\/de\/wp-json\/wp\/v2\/types\/product"}],"replies":[{"embeddable":true,"href":"https:\/\/regmik.ua\/de\/wp-json\/wp\/v2\/comments?post=12217"}],"version-history":[{"count":1,"href":"https:\/\/regmik.ua\/de\/wp-json\/wp\/v2\/product\/12217\/revisions"}],"predecessor-version":[{"id":29596,"href":"https:\/\/regmik.ua\/de\/wp-json\/wp\/v2\/product\/12217\/revisions\/29596"}],"wp:featuredmedia":[{"embeddable":true,"href":"https:\/\/regmik.ua\/de\/wp-json\/wp\/v2\/media\/11193"}],"wp:attachment":[{"href":"https:\/\/regmik.ua\/de\/wp-json\/wp\/v2\/media?parent=12217"}],"wp:term":[{"taxonomy":"product_brand","embeddable":true,"href":"https:\/\/regmik.ua\/de\/wp-json\/wp\/v2\/product_brand?post=12217"},{"taxonomy":"product_cat","embeddable":true,"href":"https:\/\/regmik.ua\/de\/wp-json\/wp\/v2\/product_cat?post=12217"},{"taxonomy":"product_tag","embeddable":true,"href":"https:\/\/regmik.ua\/de\/wp-json\/wp\/v2\/product_tag?post=12217"}],"curies":[{"name":"wp","href":"https:\/\/api.w.org\/{rel}","templated":true}]}}