{"id":11900,"date":"2016-09-19T08:53:23","date_gmt":"2016-09-19T05:53:23","guid":{"rendered":"http:\/\/test.regmik.com.ua\/index.php\/product\/blok-rasshirenija-diskretnyh-vyhodov-desjatikanalnij-br10\/"},"modified":"2023-08-18T08:27:59","modified_gmt":"2023-08-18T05:27:59","slug":"blok-rasshirenija-diskretnyh-vyhodov-desjatikanalnij-br10","status":"publish","type":"product","link":"https:\/\/regmik.ua\/de\/product\/blok-rasshirenija-diskretnyh-vyhodov-desjatikanalnij-br10\/","title":{"rendered":"Zehnkanalige Erweiterungseinheit mit diskretem Ausgang BR10"},"content":{"rendered":"<h3>Beschreibung<\/h3>\n<p>Der BR10-Ausgangserweiterer dient zum Ein- und Ausschalten von Signalstromkreisen, zum Schalten von Signalen, zum Ein- und Ausschalten von Hochstromkreisen, zum Steuern von Warnsystemen, zum Aktivieren von Alarmsystemen usw.<\/p>\n<p>Empfohlen f\u00fcr die gemeinsame Arbeit mit Reglern, Zeitrelais (RD8, RP8, PB8) und anderen Master-Ger\u00e4ten, die das Standard-ModBus-Austauschprotokoll im RS-485-Netzwerk unterst\u00fctzen.<\/p>\n<p>Grundfunktionen und Betriebsarten des Ausgangserweiterers:<\/p>\n<ul>\n<li>Erweiterungseinheiten sind unabh\u00e4ngige Ger\u00e4te mit einer RS-485-Kommunikationsschnittstelle mit ModBus RTU-Protokoll, mit der sie in Verbindung mit von unserem Unternehmen hergestellten Ger\u00e4ten, Ger\u00e4ten anderer Hersteller sowie direkt unter der Kontrolle eines PCs verwendet werden k\u00f6nnen.<\/li>\n<li>Die Anzahl der Ein- \/ Ausg\u00e4nge kann durch Verwendung mehrerer Erweiterungseinheiten erh\u00f6ht werden, die an ein Steuerger\u00e4t angeschlossen sind. Dieser Ansatz bietet die Erweiterung der Funktionalit\u00e4t der Z\u00e4hler \/ Regler, hohe Zuverl\u00e4ssigkeit und Austauschbarkeit;<\/li>\n<li>das Ger\u00e4t ist ein Slave-Ger\u00e4t, d.h. Der normale Betrieb des Ger\u00e4ts ist nur m\u00f6glich, wenn es an ein Master-Ger\u00e4t (Personal Computer oder Mikroprozessor-Steuerungssystem) angeschlossen ist. Das Kommunikationsprotokoll des Ger\u00e4ts und des Masters ist das Modbus RTU-Protokoll im RS-485-Netzwerk.<\/li>\n<\/ul>\n<p>Der Benutzer kann den BR mithilfe des Master-Ger\u00e4ts programmgesteuert neu konfigurieren, n\u00e4mlich:<\/p>\n<ul>\n<li>Ger\u00e4tenummer im Netzwerk;<\/li>\n<li>Datenaustauschkurs;<\/li>\n<li>Anzahl der Datenbits;<\/li>\n<li>Art der Parit\u00e4t;<\/li>\n<li>Anzahl der Stoppbits;<\/li>\n<li>Anfangszustand der diskreten Ausg\u00e4nge;<\/li>\n<li>Status der Analogausg\u00e4nge;<\/li>\n<li>Lichtanzeige der Betriebsarten;<\/li>\n<li>einfache Montage auf einer DIN-Schiene.<\/li>\n<\/ul>","protected":false},"excerpt":{"rendered":"<p>Die zehnkanalige Ausgangserweiterungseinheit BR10 dient zum Ein- und Ausschalten von Signalstromkreisen, zum Schalten von Signalen, zum Ein- und Ausschalten von Hochstromkreisen, zum Steuern von Warnsystemen, zum Aktivieren von Alarmsystemen usw.<\/p>","protected":false},"featured_media":11334,"comment_status":"open","ping_status":"closed","template":"","meta":[],"product_brand":[],"product_cat":[65,37],"product_tag":[],"class_list":{"0":"post-11900","1":"product","2":"type-product","3":"status-publish","4":"has-post-thumbnail","6":"product_cat-blocks-expansion","7":"product_cat-devices","8":"pa_number-of-inputs-324","9":"pa_number-of-outputs-325","10":"pa_number-of-outputs-253","11":"pa_number-of-outputs-326","12":"pa_outputs1-2c1r6ok1an2","13":"pa_outputs1-3r6ok1an2","14":"pa_outputs1-6k4c","15":"pa_outputs1-6r2an2","16":"pa_outputs1-7c2ok1an2","17":"pa_outputs1-8r2an2","18":"pa_outputs1-8r2at3","19":"pa_outputs1-9r1an2","20":"pa_outputs1-9r1k","21":"pa_outputs1-9r1ok","22":"pa_outputs1-9c1an2","23":"pa_outputs1-9c1ok","24":"pa_outputs1-an1","25":"pa_outputs1-an2","26":"pa_outputs1-an3","27":"pa_outputs1-at1","28":"pa_outputs1-at2","29":"pa_outputs1-at3","30":"pa_outputs1-k","31":"pa_outputs1-ok","32":"pa_outputs1-os","33":"pa_outputs1-r","34":"pa_outputs1-s","35":"pa_power-supply-ip24","36":"pa_power-supply-ipi","37":"pa_rs485-rs485","38":"pa_rs485-rs485i","39":"pa_sk1-276","40":"pa_sk1-277","41":"pa_sk1-no","44":"instock","45":"shipping-taxable","46":"purchasable","47":"product-type-variable","48":"has-default-attributes"},"yoast_head":"<title>\u0411\u043b\u043e\u043a \u0440\u0430\u0441\u0448\u0438\u0440\u0435\u043d\u0438\u044f \u0434\u0438\u0441\u043a\u0440\u0435\u0442\u043d\u044b\u0445 \u0432\u044b\u0445\u043e\u0434\u043e\u0432 \u0434\u0435\u0441\u044f\u0442\u0438\u043a\u0430\u043d\u0430\u043b\u044c\u043d\u044b\u0439 \u0411\u042010<\/title>\n<meta name=\"description\" content=\"\u0411\u043b\u043e\u043a \u0440\u0430\u0441\u0448\u0438\u0440\u0435\u043d\u0438\u044f \u0432\u044b\u0445\u043e\u0434\u043e\u0432 \u0434\u0435\u0441\u044f\u0442\u0438\u043a\u0430\u043d\u0430\u043b\u044c\u043d\u044b\u0439 \u0411\u042010 \u043f\u0440\u0435\u0434\u043d\u0430\u0437\u043d\u0430\u0447\u0435\u043d \u0434\u043b\u044f \u0432\u043a\u043b\u044e\u0447\u0435\u043d\u0438\u044f\/\u0432\u044b\u043a\u043b\u044e\u0447\u0435\u043d\u0438\u044f \u0441\u0438\u0433\u043d\u0430\u043b\u044c\u043d\u044b\u0445 \u0446\u0435\u043f\u0435\u0439, \u043a\u043e\u043c\u043c\u0443\u0442\u0430\u0446\u0438\u0438 \u0441\u0438\u0433\u043d\u0430\u043b\u043e\u0432, \u0432\u043a\u043b\u044e\u0447\u0435\u043d\u0438\u044f\/\u0432\u044b\u043a\u043b\u044e\u0447\u0435\u043d\u0438\u044f \u0441\u0438\u043b\u044c\u043d\u043e\u0442\u043e\u0447\u043d\u044b\u0445 \u0446\u0435\u043f\u0435\u0439, \u0443\u043f\u0440\u0430\u0432\u043b\u0435\u043d\u0438\u044f \u0441\u0438\u0441\u0442\u0435\u043c\u0430\u043c\u0438 \u043e\u043f\u043e\u0432\u0435\u0449\u0435\u043d\u0438\u044f, \u0430\u043a\u0442\u0438\u0432\u0438\u0437\u0430\u0446\u0438\u0438 \u0441\u0438\u0441\u0442\u0435\u043c \u0430\u0432\u0430\u0440\u0438\u0439\u043d\u043e\u0439 \u0441\u0438\u0433\u043d\u0430\u043b\u0438\u0437\u0430\u0446\u0438\u0438 \u0438 \u0442.\u0434.\" \/>\n<meta name=\"robots\" content=\"index, follow, max-snippet:-1, max-image-preview:large, max-video-preview:-1\" \/>\n<link rel=\"canonical\" href=\"https:\/\/regmik.ua\/de\/product\/blok-rasshirenija-diskretnyh-vyhodov-desjatikanalnij-br10\/\" \/>\n<script type=\"application\/ld+json\" class=\"yoast-schema-graph\">{\"@context\":\"https:\\\/\\\/schema.org\",\"@graph\":[{\"@type\":\"WebPage\",\"@id\":\"https:\\\/\\\/regmik.ua\\\/product\\\/blok-rasshirenija-diskretnyh-vyhodov-desjatikanalnij-br10\\\/\",\"url\":\"https:\\\/\\\/regmik.ua\\\/product\\\/blok-rasshirenija-diskretnyh-vyhodov-desjatikanalnij-br10\\\/\",\"name\":\"\u0411\u043b\u043e\u043a \u0440\u0430\u0441\u0448\u0438\u0440\u0435\u043d\u0438\u044f \u0434\u0438\u0441\u043a\u0440\u0435\u0442\u043d\u044b\u0445 \u0432\u044b\u0445\u043e\u0434\u043e\u0432 \u0434\u0435\u0441\u044f\u0442\u0438\u043a\u0430\u043d\u0430\u043b\u044c\u043d\u044b\u0439 \u0411\u042010\",\"isPartOf\":{\"@id\":\"https:\\\/\\\/regmik.ua\\\/uk\\\/#website\"},\"primaryImageOfPage\":{\"@id\":\"https:\\\/\\\/regmik.ua\\\/product\\\/blok-rasshirenija-diskretnyh-vyhodov-desjatikanalnij-br10\\\/#primaryimage\"},\"image\":{\"@id\":\"https:\\\/\\\/regmik.ua\\\/product\\\/blok-rasshirenija-diskretnyh-vyhodov-desjatikanalnij-br10\\\/#primaryimage\"},\"thumbnailUrl\":\"https:\\\/\\\/regmik.ua\\\/wp-content\\\/uploads\\\/2015\\\/08\\\/br10_front.png\",\"datePublished\":\"2016-09-19T05:53:23+00:00\",\"dateModified\":\"2023-08-18T05:27:59+00:00\",\"description\":\"\u0411\u043b\u043e\u043a \u0440\u0430\u0441\u0448\u0438\u0440\u0435\u043d\u0438\u044f \u0432\u044b\u0445\u043e\u0434\u043e\u0432 \u0434\u0435\u0441\u044f\u0442\u0438\u043a\u0430\u043d\u0430\u043b\u044c\u043d\u044b\u0439 \u0411\u042010 \u043f\u0440\u0435\u0434\u043d\u0430\u0437\u043d\u0430\u0447\u0435\u043d \u0434\u043b\u044f \u0432\u043a\u043b\u044e\u0447\u0435\u043d\u0438\u044f\\\/\u0432\u044b\u043a\u043b\u044e\u0447\u0435\u043d\u0438\u044f \u0441\u0438\u0433\u043d\u0430\u043b\u044c\u043d\u044b\u0445 \u0446\u0435\u043f\u0435\u0439, \u043a\u043e\u043c\u043c\u0443\u0442\u0430\u0446\u0438\u0438 \u0441\u0438\u0433\u043d\u0430\u043b\u043e\u0432, \u0432\u043a\u043b\u044e\u0447\u0435\u043d\u0438\u044f\\\/\u0432\u044b\u043a\u043b\u044e\u0447\u0435\u043d\u0438\u044f \u0441\u0438\u043b\u044c\u043d\u043e\u0442\u043e\u0447\u043d\u044b\u0445 \u0446\u0435\u043f\u0435\u0439, \u0443\u043f\u0440\u0430\u0432\u043b\u0435\u043d\u0438\u044f \u0441\u0438\u0441\u0442\u0435\u043c\u0430\u043c\u0438 \u043e\u043f\u043e\u0432\u0435\u0449\u0435\u043d\u0438\u044f, \u0430\u043a\u0442\u0438\u0432\u0438\u0437\u0430\u0446\u0438\u0438 \u0441\u0438\u0441\u0442\u0435\u043c \u0430\u0432\u0430\u0440\u0438\u0439\u043d\u043e\u0439 \u0441\u0438\u0433\u043d\u0430\u043b\u0438\u0437\u0430\u0446\u0438\u0438 \u0438 \u0442.\u0434.\",\"breadcrumb\":{\"@id\":\"https:\\\/\\\/regmik.ua\\\/product\\\/blok-rasshirenija-diskretnyh-vyhodov-desjatikanalnij-br10\\\/#breadcrumb\"},\"inLanguage\":\"de\",\"potentialAction\":[{\"@type\":\"ReadAction\",\"target\":[\"https:\\\/\\\/regmik.ua\\\/product\\\/blok-rasshirenija-diskretnyh-vyhodov-desjatikanalnij-br10\\\/\"]}]},{\"@type\":\"ImageObject\",\"inLanguage\":\"de\",\"@id\":\"https:\\\/\\\/regmik.ua\\\/product\\\/blok-rasshirenija-diskretnyh-vyhodov-desjatikanalnij-br10\\\/#primaryimage\",\"url\":\"https:\\\/\\\/regmik.ua\\\/wp-content\\\/uploads\\\/2015\\\/08\\\/br10_front.png\",\"contentUrl\":\"https:\\\/\\\/regmik.ua\\\/wp-content\\\/uploads\\\/2015\\\/08\\\/br10_front.png\",\"width\":800,\"height\":1024,\"caption\":\"\u0411\u041b\u041e\u041a \u0420\u0410\u0421\u0428\u0418\u0420\u0415\u041d\u0418\u042f \u0414\u0418\u0421\u041a\u0420\u0415\u0422\u041d\u042b\u0425 \u0412\u042b\u0425\u041e\u0414\u041e\u0412 \u0414\u0415\u0421\u042f\u0422\u0418\u041a\u0410\u041d\u0410\u041b\u042c\u041d\u0418\u0419 (\u0411\u042010)\"},{\"@type\":\"BreadcrumbList\",\"@id\":\"https:\\\/\\\/regmik.ua\\\/product\\\/blok-rasshirenija-diskretnyh-vyhodov-desjatikanalnij-br10\\\/#breadcrumb\",\"itemListElement\":[{\"@type\":\"ListItem\",\"position\":1,\"name\":\"\u0413\u043b\u0430\u0432\u043d\u0430\u044f \u0441\u0442\u0440\u0430\u043d\u0438\u0446\u0430\",\"item\":\"https:\\\/\\\/regmik.ua\\\/\"},{\"@type\":\"ListItem\",\"position\":2,\"name\":\"\u041f\u0440\u043e\u0434\u0443\u043a\u0446\u0438\u044f\",\"item\":\"https:\\\/\\\/regmik.ua\\\/uk\\\/products\\\/\"},{\"@type\":\"ListItem\",\"position\":3,\"name\":\"\u0411\u043b\u043e\u043a \u0440\u0430\u0441\u0448\u0438\u0440\u0435\u043d\u0438\u044f \u0434\u0438\u0441\u043a\u0440\u0435\u0442\u043d\u044b\u0445 \u0432\u044b\u0445\u043e\u0434\u043e\u0432 \u0434\u0435\u0441\u044f\u0442\u0438\u043a\u0430\u043d\u0430\u043b\u044c\u043d\u044b\u0439 \u0411\u042010\"}]},{\"@type\":\"WebSite\",\"@id\":\"https:\\\/\\\/regmik.ua\\\/uk\\\/#website\",\"url\":\"https:\\\/\\\/regmik.ua\\\/uk\\\/\",\"name\":\"REGMIK\",\"description\":\"\u0418\u0437\u043c\u0435\u0440\u0438\u0442\u0435\u043b\u044c\u043d\u044b\u0435 \u043f\u0440\u0438\u0431\u043e\u0440\u044b \u0438 \u0434\u0430\u0442\u0447\u0438\u043a\u0438 \u0442\u0435\u043c\u043f\u0435\u0440\u0430\u0442\u0443\u0440\u044b\",\"publisher\":{\"@id\":\"https:\\\/\\\/regmik.ua\\\/uk\\\/#organization\"},\"alternateName\":\"REGMIK\",\"potentialAction\":[{\"@type\":\"SearchAction\",\"target\":{\"@type\":\"EntryPoint\",\"urlTemplate\":\"https:\\\/\\\/regmik.ua\\\/uk\\\/?s={search_term_string}\"},\"query-input\":{\"@type\":\"PropertyValueSpecification\",\"valueRequired\":true,\"valueName\":\"search_term_string\"}}],\"inLanguage\":\"de\"},{\"@type\":\"Organization\",\"@id\":\"https:\\\/\\\/regmik.ua\\\/uk\\\/#organization\",\"name\":\"REGMIK\",\"alternateName\":\"\u0420\u0415\u0413\u041c\u0418\u041a\",\"url\":\"https:\\\/\\\/regmik.ua\\\/uk\\\/\",\"logo\":{\"@type\":\"ImageObject\",\"inLanguage\":\"de\",\"@id\":\"https:\\\/\\\/regmik.ua\\\/uk\\\/#\\\/schema\\\/logo\\\/image\\\/\",\"url\":\"https:\\\/\\\/regmik.ua\\\/wp-content\\\/uploads\\\/2020\\\/03\\\/regmik_logo.png\",\"contentUrl\":\"https:\\\/\\\/regmik.ua\\\/wp-content\\\/uploads\\\/2020\\\/03\\\/regmik_logo.png\",\"width\":194,\"height\":45,\"caption\":\"REGMIK\"},\"image\":{\"@id\":\"https:\\\/\\\/regmik.ua\\\/uk\\\/#\\\/schema\\\/logo\\\/image\\\/\"},\"sameAs\":[\"https:\\\/\\\/www.facebook.com\\\/regmik.npf\",\"https:\\\/\\\/x.com\\\/regmiknpf\",\"https:\\\/\\\/www.youtube.com\\\/channel\\\/UC_SrY98SKAmR3Kt95GcVKcw\"]}]}<\/script>","yoast_head_json":{"title":"Zehnkanalige Erweiterungseinheit mit diskretem Ausgang BR10","description":"Die zehnkanalige Ausgangserweiterungseinheit BR10 dient zum Ein- und Ausschalten von Signalstromkreisen, zum Schalten von Signalen, zum Ein- und Ausschalten von Hochstromkreisen, zum Steuern von Warnsystemen, zum Aktivieren von Alarmsystemen usw.","robots":{"index":"index","follow":"follow","max-snippet":"max-snippet:-1","max-image-preview":"max-image-preview:large","max-video-preview":"max-video-preview:-1"},"canonical":"https:\/\/regmik.ua\/de\/product\/blok-rasshirenija-diskretnyh-vyhodov-desjatikanalnij-br10\/","schema":{"@context":"https:\/\/schema.org","@graph":[{"@type":"WebPage","@id":"https:\/\/regmik.ua\/product\/blok-rasshirenija-diskretnyh-vyhodov-desjatikanalnij-br10\/","url":"https:\/\/regmik.ua\/product\/blok-rasshirenija-diskretnyh-vyhodov-desjatikanalnij-br10\/","name":"Zehnkanalige Erweiterungseinheit mit diskretem Ausgang BR10","isPartOf":{"@id":"https:\/\/regmik.ua\/uk\/#website"},"primaryImageOfPage":{"@id":"https:\/\/regmik.ua\/product\/blok-rasshirenija-diskretnyh-vyhodov-desjatikanalnij-br10\/#primaryimage"},"image":{"@id":"https:\/\/regmik.ua\/product\/blok-rasshirenija-diskretnyh-vyhodov-desjatikanalnij-br10\/#primaryimage"},"thumbnailUrl":"https:\/\/regmik.ua\/wp-content\/uploads\/2015\/08\/br10_front.png","datePublished":"2016-09-19T05:53:23+00:00","dateModified":"2023-08-18T05:27:59+00:00","description":"Die zehnkanalige Ausgangserweiterungseinheit BR10 dient zum Ein- und Ausschalten von Signalstromkreisen, zum Schalten von Signalen, zum Ein- und Ausschalten von Hochstromkreisen, zum Steuern von Warnsystemen, zum Aktivieren von Alarmsystemen usw.","breadcrumb":{"@id":"https:\/\/regmik.ua\/product\/blok-rasshirenija-diskretnyh-vyhodov-desjatikanalnij-br10\/#breadcrumb"},"inLanguage":"de","potentialAction":[{"@type":"ReadAction","target":["https:\/\/regmik.ua\/product\/blok-rasshirenija-diskretnyh-vyhodov-desjatikanalnij-br10\/"]}]},{"@type":"ImageObject","inLanguage":"de","@id":"https:\/\/regmik.ua\/product\/blok-rasshirenija-diskretnyh-vyhodov-desjatikanalnij-br10\/#primaryimage","url":"https:\/\/regmik.ua\/wp-content\/uploads\/2015\/08\/br10_front.png","contentUrl":"https:\/\/regmik.ua\/wp-content\/uploads\/2015\/08\/br10_front.png","width":800,"height":1024,"caption":"\u0411\u041b\u041e\u041a \u0420\u0410\u0421\u0428\u0418\u0420\u0415\u041d\u0418\u042f \u0414\u0418\u0421\u041a\u0420\u0415\u0422\u041d\u042b\u0425 \u0412\u042b\u0425\u041e\u0414\u041e\u0412 \u0414\u0415\u0421\u042f\u0422\u0418\u041a\u0410\u041d\u0410\u041b\u042c\u041d\u0418\u0419 (\u0411\u042010)"},{"@type":"BreadcrumbList","@id":"https:\/\/regmik.ua\/product\/blok-rasshirenija-diskretnyh-vyhodov-desjatikanalnij-br10\/#breadcrumb","itemListElement":[{"@type":"ListItem","position":1,"name":"\u0413\u043b\u0430\u0432\u043d\u0430\u044f \u0441\u0442\u0440\u0430\u043d\u0438\u0446\u0430","item":"https:\/\/regmik.ua\/"},{"@type":"ListItem","position":2,"name":"\u041f\u0440\u043e\u0434\u0443\u043a\u0446\u0438\u044f","item":"https:\/\/regmik.ua\/uk\/products\/"},{"@type":"ListItem","position":3,"name":"\u0411\u043b\u043e\u043a \u0440\u0430\u0441\u0448\u0438\u0440\u0435\u043d\u0438\u044f \u0434\u0438\u0441\u043a\u0440\u0435\u0442\u043d\u044b\u0445 \u0432\u044b\u0445\u043e\u0434\u043e\u0432 \u0434\u0435\u0441\u044f\u0442\u0438\u043a\u0430\u043d\u0430\u043b\u044c\u043d\u044b\u0439 \u0411\u042010"}]},{"@type":"WebSite","@id":"https:\/\/regmik.ua\/uk\/#website","url":"https:\/\/regmik.ua\/uk\/","name":"REGMIK","description":"Messger\u00e4te und Temperatursensoren","publisher":{"@id":"https:\/\/regmik.ua\/uk\/#organization"},"alternateName":"REGMIK","potentialAction":[{"@type":"SearchAction","target":{"@type":"EntryPoint","urlTemplate":"https:\/\/regmik.ua\/uk\/?s={search_term_string}"},"query-input":{"@type":"PropertyValueSpecification","valueRequired":true,"valueName":"search_term_string"}}],"inLanguage":"de"},{"@type":"Organization","@id":"https:\/\/regmik.ua\/uk\/#organization","name":"REGMIK","alternateName":"\u0420\u0415\u0413\u041c\u0418\u041a","url":"https:\/\/regmik.ua\/uk\/","logo":{"@type":"ImageObject","inLanguage":"de","@id":"https:\/\/regmik.ua\/uk\/#\/schema\/logo\/image\/","url":"https:\/\/regmik.ua\/wp-content\/uploads\/2020\/03\/regmik_logo.png","contentUrl":"https:\/\/regmik.ua\/wp-content\/uploads\/2020\/03\/regmik_logo.png","width":194,"height":45,"caption":"REGMIK"},"image":{"@id":"https:\/\/regmik.ua\/uk\/#\/schema\/logo\/image\/"},"sameAs":["https:\/\/www.facebook.com\/regmik.npf","https:\/\/x.com\/regmiknpf","https:\/\/www.youtube.com\/channel\/UC_SrY98SKAmR3Kt95GcVKcw"]}]}},"_links":{"self":[{"href":"https:\/\/regmik.ua\/de\/wp-json\/wp\/v2\/product\/11900","targetHints":{"allow":["GET"]}}],"collection":[{"href":"https:\/\/regmik.ua\/de\/wp-json\/wp\/v2\/product"}],"about":[{"href":"https:\/\/regmik.ua\/de\/wp-json\/wp\/v2\/types\/product"}],"replies":[{"embeddable":true,"href":"https:\/\/regmik.ua\/de\/wp-json\/wp\/v2\/comments?post=11900"}],"version-history":[{"count":0,"href":"https:\/\/regmik.ua\/de\/wp-json\/wp\/v2\/product\/11900\/revisions"}],"wp:featuredmedia":[{"embeddable":true,"href":"https:\/\/regmik.ua\/de\/wp-json\/wp\/v2\/media\/11334"}],"wp:attachment":[{"href":"https:\/\/regmik.ua\/de\/wp-json\/wp\/v2\/media?parent=11900"}],"wp:term":[{"taxonomy":"product_brand","embeddable":true,"href":"https:\/\/regmik.ua\/de\/wp-json\/wp\/v2\/product_brand?post=11900"},{"taxonomy":"product_cat","embeddable":true,"href":"https:\/\/regmik.ua\/de\/wp-json\/wp\/v2\/product_cat?post=11900"},{"taxonomy":"product_tag","embeddable":true,"href":"https:\/\/regmik.ua\/de\/wp-json\/wp\/v2\/product_tag?post=11900"}],"curies":[{"name":"wp","href":"https:\/\/api.w.org\/{rel}","templated":true}]}}