{"id":11877,"date":"2016-09-16T14:29:18","date_gmt":"2016-09-16T11:29:18","guid":{"rendered":"http:\/\/test.regmik.com.ua\/?post_type=product&#038;p=11877"},"modified":"2024-03-15T13:02:03","modified_gmt":"2024-03-15T11:02:03","slug":"blok-rasshirenija-diskretnyh-vyhodov-vosmikanalnyj-br8","status":"publish","type":"product","link":"https:\/\/regmik.ua\/de\/product\/blok-rasshirenija-diskretnyh-vyhodov-vosmikanalnyj-br8\/","title":{"rendered":"Achtkanalige Erweiterungseinheit mit diskretem Ausgang BR8"},"content":{"rendered":"<p>Die achtkanalige diskrete Ausgangserweiterungseinheit BR8 ist f\u00fcr das Ein-\/Ausschalten von Signalkreisen, das Schalten von Signalen, das Ein-\/Ausschalten von Hochstromkreisen, die Steuerung von Warnsystemen, die Aktivierung von Alarmsystemen usw. konzipiert.<\/p>\n<p>Empfohlen f\u00fcr die gemeinsame Arbeit mit Reglern, Zeitrelais (RD8, RP8, PB8) und anderen Master-Ger\u00e4ten, die das Standard-ModBus-Austauschprotokoll im RS-485-Netzwerk unterst\u00fctzen.<\/p>\n<p>Grundfunktionen und Betriebsarten des Ausgangserweiterers:<\/p>\n<ul>\n<li>Erweiterungseinheiten sind unabh\u00e4ngige Ger\u00e4te mit einer RS-485-Kommunikationsschnittstelle mit ModBus RTU-Protokoll, mit der sie in Verbindung mit von unserem Unternehmen hergestellten Ger\u00e4ten, Ger\u00e4ten anderer Hersteller sowie direkt unter der Kontrolle eines PCs verwendet werden k\u00f6nnen.<\/li>\n<li>Die Anzahl der Ein- \/ Ausg\u00e4nge kann durch Verwendung mehrerer Erweiterungseinheiten erh\u00f6ht werden, die an ein Steuerger\u00e4t angeschlossen sind. Dieser Ansatz bietet die Erweiterung der Funktionalit\u00e4t der Z\u00e4hler \/ Regler, hohe Zuverl\u00e4ssigkeit und Austauschbarkeit;<\/li>\n<li>das Ger\u00e4t ist ein Slave-Ger\u00e4t, d.h. Der normale Betrieb des Ger\u00e4ts ist nur m\u00f6glich, wenn es an ein Master-Ger\u00e4t (Personal Computer oder Mikroprozessor-Steuerungssystem) angeschlossen ist. Das Kommunikationsprotokoll des Ger\u00e4ts und des Masters ist das Modbus RTU-Protokoll im RS-485-Netzwerk.<\/li>\n<\/ul>\n<p>Der Benutzer kann die Achtkanal-Digitalausgangserweiterungseinheit BR8 mithilfe eines Master-Ger\u00e4ts programmgesteuert neu konfigurieren, und zwar:<\/p>\n<ul>\n<li>Ger\u00e4tenummer im Netzwerk;<\/li>\n<li>Datenaustauschkurs;<\/li>\n<li>Anzahl der Datenbits;<\/li>\n<li>Art der Parit\u00e4t;<\/li>\n<li>Anzahl der Stoppbits;<\/li>\n<li>Anfangszustand der diskreten Ausg\u00e4nge;<\/li>\n<li>Status der Analogausg\u00e4nge;<\/li>\n<li>Lichtanzeige der Betriebsarten;<\/li>\n<li>einfache Montage auf einer DIN-Schiene.<\/li>\n<\/ul>","protected":false},"excerpt":{"rendered":"<p>Die achtkanalige diskrete Ausgangserweiterungseinheit BR8 ist f\u00fcr das Ein-\/Ausschalten von Signalkreisen, das Schalten von Signalen, das Ein-\/Ausschalten von Hochstromkreisen, die Steuerung von Warnsystemen, die Aktivierung von Alarmsystemen usw. konzipiert.<\/p>","protected":false},"featured_media":11879,"comment_status":"open","ping_status":"closed","template":"","meta":[],"product_brand":[],"product_cat":[65,37],"product_tag":[3138],"class_list":{"0":"post-11877","1":"product","2":"type-product","3":"status-publish","4":"has-post-thumbnail","6":"product_cat-blocks-expansion","7":"product_cat-devices","8":"product_tag-br8","9":"pa_number-of-inputs-247","10":"pa_number-of-outputs-253","11":"pa_outputs1-1r7c","12":"pa_outputs1-4r4k","13":"pa_outputs1-6r2an2","14":"pa_outputs1-7k1an3","15":"pa_outputs1-k","16":"pa_outputs1-ok","17":"pa_outputs1-os","18":"pa_outputs1-r","19":"pa_outputs1-s","20":"pa_power-supply-ip24","21":"pa_power-supply-ipi","22":"pa_rs485-rs485","23":"pa_rs485-rs485i","26":"instock","27":"shipping-taxable","28":"purchasable","29":"product-type-variable","30":"has-default-attributes"},"yoast_head":"<title>\u0411\u043b\u043e\u043a \u0440\u0430\u0441\u0448\u0438\u0440\u0435\u043d\u0438\u044f \u0434\u0438\u0441\u043a\u0440\u0435\u0442\u043d\u044b\u0445 \u0432\u044b\u0445\u043e\u0434\u043e\u0432 \u0432\u043e\u0441\u044c\u043c\u0438\u043a\u0430\u043d\u0430\u043b\u044c\u043d\u044b\u0439 (\u0411\u04208)<\/title>\n<meta name=\"description\" content=\"\u0411\u043b\u043e\u043a \u0440\u0430\u0441\u0448\u0438\u0440\u0435\u043d\u0438\u044f \u0434\u0438\u0441\u043a\u0440\u0435\u0442\u043d\u044b\u0445 \u0432\u044b\u0445\u043e\u0434\u043e\u0432 \u0432\u043e\u0441\u044c\u043c\u0438\u043a\u0430\u043d\u0430\u043b\u044c\u043d\u044b\u0439 \u0411\u04208 \u043f\u0440\u0435\u0434\u043d\u0430\u0437\u043d\u0430\u0447\u0435\u043d \u0434\u043b\u044f \u0432\u043a\u043b\u044e\u0447\u0435\u043d\u0438\u044f\/\u0432\u044b\u043a\u043b\u044e\u0447\u0435\u043d\u0438\u044f \u0441\u0438\u0433\u043d\u0430\u043b\u044c\u043d\u044b\u0445 \u0446\u0435\u043f\u0435\u0439, \u043a\u043e\u043c\u043c\u0443\u0442\u0430\u0446\u0438\u0438 \u0441\u0438\u0433\u043d\u0430\u043b\u043e\u0432 \u0438 \u0442.\u0434.\" \/>\n<meta name=\"robots\" content=\"index, follow, max-snippet:-1, max-image-preview:large, max-video-preview:-1\" \/>\n<link rel=\"canonical\" href=\"https:\/\/regmik.ua\/de\/product\/blok-rasshirenija-diskretnyh-vyhodov-vosmikanalnyj-br8\/\" \/>\n<script type=\"application\/ld+json\" class=\"yoast-schema-graph\">{\"@context\":\"https:\\\/\\\/schema.org\",\"@graph\":[{\"@type\":\"WebPage\",\"@id\":\"https:\\\/\\\/regmik.ua\\\/product\\\/blok-rasshirenija-diskretnyh-vyhodov-vosmikanalnyj-br8\\\/\",\"url\":\"https:\\\/\\\/regmik.ua\\\/product\\\/blok-rasshirenija-diskretnyh-vyhodov-vosmikanalnyj-br8\\\/\",\"name\":\"\u0411\u043b\u043e\u043a \u0440\u0430\u0441\u0448\u0438\u0440\u0435\u043d\u0438\u044f \u0434\u0438\u0441\u043a\u0440\u0435\u0442\u043d\u044b\u0445 \u0432\u044b\u0445\u043e\u0434\u043e\u0432 \u0432\u043e\u0441\u044c\u043c\u0438\u043a\u0430\u043d\u0430\u043b\u044c\u043d\u044b\u0439 (\u0411\u04208)\",\"isPartOf\":{\"@id\":\"https:\\\/\\\/regmik.ua\\\/uk\\\/#website\"},\"primaryImageOfPage\":{\"@id\":\"https:\\\/\\\/regmik.ua\\\/product\\\/blok-rasshirenija-diskretnyh-vyhodov-vosmikanalnyj-br8\\\/#primaryimage\"},\"image\":{\"@id\":\"https:\\\/\\\/regmik.ua\\\/product\\\/blok-rasshirenija-diskretnyh-vyhodov-vosmikanalnyj-br8\\\/#primaryimage\"},\"thumbnailUrl\":\"https:\\\/\\\/regmik.ua\\\/wp-content\\\/uploads\\\/2016\\\/09\\\/BR8_front.png\",\"datePublished\":\"2016-09-16T11:29:18+00:00\",\"dateModified\":\"2024-03-15T11:02:03+00:00\",\"description\":\"\u0411\u043b\u043e\u043a \u0440\u0430\u0441\u0448\u0438\u0440\u0435\u043d\u0438\u044f \u0434\u0438\u0441\u043a\u0440\u0435\u0442\u043d\u044b\u0445 \u0432\u044b\u0445\u043e\u0434\u043e\u0432 \u0432\u043e\u0441\u044c\u043c\u0438\u043a\u0430\u043d\u0430\u043b\u044c\u043d\u044b\u0439 \u0411\u04208 \u043f\u0440\u0435\u0434\u043d\u0430\u0437\u043d\u0430\u0447\u0435\u043d \u0434\u043b\u044f \u0432\u043a\u043b\u044e\u0447\u0435\u043d\u0438\u044f\\\/\u0432\u044b\u043a\u043b\u044e\u0447\u0435\u043d\u0438\u044f \u0441\u0438\u0433\u043d\u0430\u043b\u044c\u043d\u044b\u0445 \u0446\u0435\u043f\u0435\u0439, \u043a\u043e\u043c\u043c\u0443\u0442\u0430\u0446\u0438\u0438 \u0441\u0438\u0433\u043d\u0430\u043b\u043e\u0432 \u0438 \u0442.\u0434.\",\"breadcrumb\":{\"@id\":\"https:\\\/\\\/regmik.ua\\\/product\\\/blok-rasshirenija-diskretnyh-vyhodov-vosmikanalnyj-br8\\\/#breadcrumb\"},\"inLanguage\":\"de\",\"potentialAction\":[{\"@type\":\"ReadAction\",\"target\":[\"https:\\\/\\\/regmik.ua\\\/product\\\/blok-rasshirenija-diskretnyh-vyhodov-vosmikanalnyj-br8\\\/\"]}]},{\"@type\":\"ImageObject\",\"inLanguage\":\"de\",\"@id\":\"https:\\\/\\\/regmik.ua\\\/product\\\/blok-rasshirenija-diskretnyh-vyhodov-vosmikanalnyj-br8\\\/#primaryimage\",\"url\":\"https:\\\/\\\/regmik.ua\\\/wp-content\\\/uploads\\\/2016\\\/09\\\/BR8_front.png\",\"contentUrl\":\"https:\\\/\\\/regmik.ua\\\/wp-content\\\/uploads\\\/2016\\\/09\\\/BR8_front.png\",\"width\":800,\"height\":1024,\"caption\":\"\u0411\u043b\u043e\u043a \u0440\u0430\u0441\u0448\u0438\u0440\u0435\u043d\u0438\u044f \u0434\u0438\u0441\u043a\u0440\u0435\u0442\u043d\u044b\u0445 \u0432\u044b\u0445\u043e\u0434\u043e\u0432 \u0432\u043e\u0441\u044c\u043c\u0438\u043a\u0430\u043d\u0430\u043b\u044c\u043d\u044b\u0439 (\u0411\u04208)\"},{\"@type\":\"BreadcrumbList\",\"@id\":\"https:\\\/\\\/regmik.ua\\\/product\\\/blok-rasshirenija-diskretnyh-vyhodov-vosmikanalnyj-br8\\\/#breadcrumb\",\"itemListElement\":[{\"@type\":\"ListItem\",\"position\":1,\"name\":\"\u0413\u043b\u0430\u0432\u043d\u0430\u044f \u0441\u0442\u0440\u0430\u043d\u0438\u0446\u0430\",\"item\":\"https:\\\/\\\/regmik.ua\\\/\"},{\"@type\":\"ListItem\",\"position\":2,\"name\":\"\u041f\u0440\u043e\u0434\u0443\u043a\u0446\u0438\u044f\",\"item\":\"https:\\\/\\\/regmik.ua\\\/uk\\\/products\\\/\"},{\"@type\":\"ListItem\",\"position\":3,\"name\":\"\u0411\u043b\u043e\u043a \u0440\u0430\u0441\u0448\u0438\u0440\u0435\u043d\u0438\u044f \u0434\u0438\u0441\u043a\u0440\u0435\u0442\u043d\u044b\u0445 \u0432\u044b\u0445\u043e\u0434\u043e\u0432 \u0432\u043e\u0441\u044c\u043c\u0438\u043a\u0430\u043d\u0430\u043b\u044c\u043d\u044b\u0439 \u0411\u04208\"}]},{\"@type\":\"WebSite\",\"@id\":\"https:\\\/\\\/regmik.ua\\\/uk\\\/#website\",\"url\":\"https:\\\/\\\/regmik.ua\\\/uk\\\/\",\"name\":\"REGMIK\",\"description\":\"\u0418\u0437\u043c\u0435\u0440\u0438\u0442\u0435\u043b\u044c\u043d\u044b\u0435 \u043f\u0440\u0438\u0431\u043e\u0440\u044b \u0438 \u0434\u0430\u0442\u0447\u0438\u043a\u0438 \u0442\u0435\u043c\u043f\u0435\u0440\u0430\u0442\u0443\u0440\u044b\",\"publisher\":{\"@id\":\"https:\\\/\\\/regmik.ua\\\/uk\\\/#organization\"},\"alternateName\":\"REGMIK\",\"potentialAction\":[{\"@type\":\"SearchAction\",\"target\":{\"@type\":\"EntryPoint\",\"urlTemplate\":\"https:\\\/\\\/regmik.ua\\\/uk\\\/?s={search_term_string}\"},\"query-input\":{\"@type\":\"PropertyValueSpecification\",\"valueRequired\":true,\"valueName\":\"search_term_string\"}}],\"inLanguage\":\"de\"},{\"@type\":\"Organization\",\"@id\":\"https:\\\/\\\/regmik.ua\\\/uk\\\/#organization\",\"name\":\"REGMIK\",\"alternateName\":\"\u0420\u0415\u0413\u041c\u0418\u041a\",\"url\":\"https:\\\/\\\/regmik.ua\\\/uk\\\/\",\"logo\":{\"@type\":\"ImageObject\",\"inLanguage\":\"de\",\"@id\":\"https:\\\/\\\/regmik.ua\\\/uk\\\/#\\\/schema\\\/logo\\\/image\\\/\",\"url\":\"https:\\\/\\\/regmik.ua\\\/wp-content\\\/uploads\\\/2020\\\/03\\\/regmik_logo.png\",\"contentUrl\":\"https:\\\/\\\/regmik.ua\\\/wp-content\\\/uploads\\\/2020\\\/03\\\/regmik_logo.png\",\"width\":194,\"height\":45,\"caption\":\"REGMIK\"},\"image\":{\"@id\":\"https:\\\/\\\/regmik.ua\\\/uk\\\/#\\\/schema\\\/logo\\\/image\\\/\"},\"sameAs\":[\"https:\\\/\\\/www.facebook.com\\\/regmik.npf\",\"https:\\\/\\\/x.com\\\/regmiknpf\",\"https:\\\/\\\/www.youtube.com\\\/channel\\\/UC_SrY98SKAmR3Kt95GcVKcw\"]}]}<\/script>","yoast_head_json":{"title":"Erweiterungsblock f\u00fcr digitale Ausg\u00e4nge achtkanalig (BR8)","description":"Die achtkanalige digitale Ausgangserweiterungseinheit BR8 ist zum Ein-\/Ausschalten von Signalkreisen, Schaltsignalen usw. konzipiert.","robots":{"index":"index","follow":"follow","max-snippet":"max-snippet:-1","max-image-preview":"max-image-preview:large","max-video-preview":"max-video-preview:-1"},"canonical":"https:\/\/regmik.ua\/de\/product\/blok-rasshirenija-diskretnyh-vyhodov-vosmikanalnyj-br8\/","schema":{"@context":"https:\/\/schema.org","@graph":[{"@type":"WebPage","@id":"https:\/\/regmik.ua\/product\/blok-rasshirenija-diskretnyh-vyhodov-vosmikanalnyj-br8\/","url":"https:\/\/regmik.ua\/product\/blok-rasshirenija-diskretnyh-vyhodov-vosmikanalnyj-br8\/","name":"Erweiterungsblock f\u00fcr digitale Ausg\u00e4nge achtkanalig (BR8)","isPartOf":{"@id":"https:\/\/regmik.ua\/uk\/#website"},"primaryImageOfPage":{"@id":"https:\/\/regmik.ua\/product\/blok-rasshirenija-diskretnyh-vyhodov-vosmikanalnyj-br8\/#primaryimage"},"image":{"@id":"https:\/\/regmik.ua\/product\/blok-rasshirenija-diskretnyh-vyhodov-vosmikanalnyj-br8\/#primaryimage"},"thumbnailUrl":"https:\/\/regmik.ua\/wp-content\/uploads\/2016\/09\/BR8_front.png","datePublished":"2016-09-16T11:29:18+00:00","dateModified":"2024-03-15T11:02:03+00:00","description":"Die achtkanalige digitale Ausgangserweiterungseinheit BR8 ist zum Ein-\/Ausschalten von Signalkreisen, Schaltsignalen usw. konzipiert.","breadcrumb":{"@id":"https:\/\/regmik.ua\/product\/blok-rasshirenija-diskretnyh-vyhodov-vosmikanalnyj-br8\/#breadcrumb"},"inLanguage":"de","potentialAction":[{"@type":"ReadAction","target":["https:\/\/regmik.ua\/product\/blok-rasshirenija-diskretnyh-vyhodov-vosmikanalnyj-br8\/"]}]},{"@type":"ImageObject","inLanguage":"de","@id":"https:\/\/regmik.ua\/product\/blok-rasshirenija-diskretnyh-vyhodov-vosmikanalnyj-br8\/#primaryimage","url":"https:\/\/regmik.ua\/wp-content\/uploads\/2016\/09\/BR8_front.png","contentUrl":"https:\/\/regmik.ua\/wp-content\/uploads\/2016\/09\/BR8_front.png","width":800,"height":1024,"caption":"\u0411\u043b\u043e\u043a \u0440\u0430\u0441\u0448\u0438\u0440\u0435\u043d\u0438\u044f \u0434\u0438\u0441\u043a\u0440\u0435\u0442\u043d\u044b\u0445 \u0432\u044b\u0445\u043e\u0434\u043e\u0432 \u0432\u043e\u0441\u044c\u043c\u0438\u043a\u0430\u043d\u0430\u043b\u044c\u043d\u044b\u0439 (\u0411\u04208)"},{"@type":"BreadcrumbList","@id":"https:\/\/regmik.ua\/product\/blok-rasshirenija-diskretnyh-vyhodov-vosmikanalnyj-br8\/#breadcrumb","itemListElement":[{"@type":"ListItem","position":1,"name":"\u0413\u043b\u0430\u0432\u043d\u0430\u044f \u0441\u0442\u0440\u0430\u043d\u0438\u0446\u0430","item":"https:\/\/regmik.ua\/"},{"@type":"ListItem","position":2,"name":"\u041f\u0440\u043e\u0434\u0443\u043a\u0446\u0438\u044f","item":"https:\/\/regmik.ua\/uk\/products\/"},{"@type":"ListItem","position":3,"name":"\u0411\u043b\u043e\u043a \u0440\u0430\u0441\u0448\u0438\u0440\u0435\u043d\u0438\u044f \u0434\u0438\u0441\u043a\u0440\u0435\u0442\u043d\u044b\u0445 \u0432\u044b\u0445\u043e\u0434\u043e\u0432 \u0432\u043e\u0441\u044c\u043c\u0438\u043a\u0430\u043d\u0430\u043b\u044c\u043d\u044b\u0439 \u0411\u04208"}]},{"@type":"WebSite","@id":"https:\/\/regmik.ua\/uk\/#website","url":"https:\/\/regmik.ua\/uk\/","name":"REGMIK","description":"Messger\u00e4te und Temperatursensoren","publisher":{"@id":"https:\/\/regmik.ua\/uk\/#organization"},"alternateName":"REGMIK","potentialAction":[{"@type":"SearchAction","target":{"@type":"EntryPoint","urlTemplate":"https:\/\/regmik.ua\/uk\/?s={search_term_string}"},"query-input":{"@type":"PropertyValueSpecification","valueRequired":true,"valueName":"search_term_string"}}],"inLanguage":"de"},{"@type":"Organization","@id":"https:\/\/regmik.ua\/uk\/#organization","name":"REGMIK","alternateName":"\u0420\u0415\u0413\u041c\u0418\u041a","url":"https:\/\/regmik.ua\/uk\/","logo":{"@type":"ImageObject","inLanguage":"de","@id":"https:\/\/regmik.ua\/uk\/#\/schema\/logo\/image\/","url":"https:\/\/regmik.ua\/wp-content\/uploads\/2020\/03\/regmik_logo.png","contentUrl":"https:\/\/regmik.ua\/wp-content\/uploads\/2020\/03\/regmik_logo.png","width":194,"height":45,"caption":"REGMIK"},"image":{"@id":"https:\/\/regmik.ua\/uk\/#\/schema\/logo\/image\/"},"sameAs":["https:\/\/www.facebook.com\/regmik.npf","https:\/\/x.com\/regmiknpf","https:\/\/www.youtube.com\/channel\/UC_SrY98SKAmR3Kt95GcVKcw"]}]}},"_links":{"self":[{"href":"https:\/\/regmik.ua\/de\/wp-json\/wp\/v2\/product\/11877","targetHints":{"allow":["GET"]}}],"collection":[{"href":"https:\/\/regmik.ua\/de\/wp-json\/wp\/v2\/product"}],"about":[{"href":"https:\/\/regmik.ua\/de\/wp-json\/wp\/v2\/types\/product"}],"replies":[{"embeddable":true,"href":"https:\/\/regmik.ua\/de\/wp-json\/wp\/v2\/comments?post=11877"}],"version-history":[{"count":0,"href":"https:\/\/regmik.ua\/de\/wp-json\/wp\/v2\/product\/11877\/revisions"}],"wp:featuredmedia":[{"embeddable":true,"href":"https:\/\/regmik.ua\/de\/wp-json\/wp\/v2\/media\/11879"}],"wp:attachment":[{"href":"https:\/\/regmik.ua\/de\/wp-json\/wp\/v2\/media?parent=11877"}],"wp:term":[{"taxonomy":"product_brand","embeddable":true,"href":"https:\/\/regmik.ua\/de\/wp-json\/wp\/v2\/product_brand?post=11877"},{"taxonomy":"product_cat","embeddable":true,"href":"https:\/\/regmik.ua\/de\/wp-json\/wp\/v2\/product_cat?post=11877"},{"taxonomy":"product_tag","embeddable":true,"href":"https:\/\/regmik.ua\/de\/wp-json\/wp\/v2\/product_tag?post=11877"}],"curies":[{"name":"wp","href":"https:\/\/api.w.org\/{rel}","templated":true}]}}