{"id":11849,"date":"2016-09-15T13:43:51","date_gmt":"2016-09-15T11:43:51","guid":{"rendered":"http:\/\/test.regmik.com.ua\/index.php\/product\/rele-vremeni-odnokanalnoe-mnogofunktsionalnoe-rv1f-u\/"},"modified":"2023-10-04T12:54:56","modified_gmt":"2023-10-04T09:54:56","slug":"rele-vremeni-odnokanalnoe-mnogofunktsionalnoe-rv1f-u","status":"publish","type":"product","link":"https:\/\/regmik.ua\/de\/product\/rele-vremeni-odnokanalnoe-mnogofunktsionalnoe-rv1f-u\/","title":{"rendered":"Einkanaliges Zeitrelais RV1F-U"},"content":{"rendered":"<p>Das einkanalige Multifunktions-RV1F-U mit Zeitrelais dient zur \u00dcberwachung und Steuerung verschiedener Prozesse, bei denen eine automatische Z\u00e4hlung der Zeitintervalle erforderlich ist. Das Ger\u00e4t kann in verschiedenen Branchen, in der Landwirtschaft und im kommunalen Dienst sowie im Alltag eingesetzt werden.<\/p>\n<h3>Hauptmerkmale und Funktionen<\/h3>\n<ul>\n<li>automatische Z\u00e4hlung der Zeitintervalle nach der Versorgungsspannung;<\/li>\n<li>8 Betriebsarten;<\/li>\n<li>Steuerung eines externen Aktuators durch ein Sensorsignal (durch den ersten Eingang);<\/li>\n<li>Lichtanzeige des Zustands des Ausgabeger\u00e4ts und der Betriebsart;<\/li>\n<li>2 unabh\u00e4ngige Relaisausg\u00e4nge;<\/li>\n<li>\u00c4nderung von Zeitparametern und Betriebsarten.<\/li>\n<\/ul>\n<p>W\u00e4hrend des Betriebs des Ger\u00e4ts blinken die Anzeigen des Countdowns T1 und T2, wenn das Zeitintervall herunterz\u00e4hlt. Die Statusanzeige des Relais zeigt die Aktivierung von P1 an - in gr\u00fcn, P2 in rot. Wenn Sie die Zeit f\u00fcr den genauen Knopfdruck im gew\u00fcnschten Bereich einstellen, blinkt die Netzwerkanzeige so oft, wie es der Bereichsnummer entspricht. Es ist zu beachten, dass die Zeiteinheiten auf der Waage Sekunden sind. Das erste Potentiometer stellt den Zeitwert ein, das zweite den Multiplikator und damit die voreingestellte Zeit.<\/p>","protected":false},"excerpt":{"rendered":"<p>Das einkanalige Multifunktions-RV1F-U mit Zeitrelais dient zur \u00dcberwachung und Steuerung verschiedener Prozesse, bei denen eine automatische Zeitsteuerung erforderlich ist. Das Zeitrelais verf\u00fcgt \u00fcber 8 Betriebsarten.<\/p>","protected":false},"featured_media":11386,"comment_status":"open","ping_status":"closed","template":"","meta":[],"product_brand":[],"product_cat":[208,37,62],"product_tag":[46,207,44],"class_list":{"0":"post-11849","1":"product","2":"type-product","3":"status-publish","4":"has-post-thumbnail","6":"product_cat-din","7":"product_cat-devices","8":"product_cat-timers-and-time-switches","9":"product_tag-vremya","10":"product_tag-rele","11":"product_tag-upravlenie","12":"pa_number-of-inputs-243","13":"pa_number-of-outputs-250","14":"pa_outputs1-k","15":"pa_outputs1-ok","16":"pa_outputs1-os","17":"pa_outputs1-r","18":"pa_outputs1-s","19":"pa_power-supply-ip24","20":"pa_power-supply-ipi","21":"pa_sk1-278","24":"instock","25":"shipping-taxable","26":"purchasable","27":"product-type-variable","28":"has-default-attributes"},"yoast_head":"<title>\u0420\u0435\u043b\u0435 \u0432\u0440\u0435\u043c\u0435\u043d\u0438 \u043e\u0434\u043d\u043e\u043a\u0430\u043d\u0430\u043b\u044c\u043d\u043e\u0435 \u0420\u04121\u0424-\u0423 &#8211; \u0420\u0415\u0413\u041c\u0406\u041a, \u041d\u0412\u0424, \u041f\u041f<\/title>\n<meta name=\"description\" content=\"\u0420\u0435\u043b\u0435 \u0432\u0440\u0435\u043c\u0435\u043d\u0438 \u043e\u0434\u043d\u043e\u043a\u0430\u043d\u0430\u043b\u044c\u043d\u043e\u0435 \u0420\u04121\u0424-\u0423 \u043f\u0440\u0435\u0434\u043d\u0430\u0437\u043d\u0430\u0447\u0435\u043d\u043e \u0434\u043b\u044f \u043a\u043e\u043d\u0442\u0440\u043e\u043b\u044f \u0438 \u0443\u043f\u0440\u0430\u0432\u043b\u0435\u043d\u0438\u044f \u0440\u0430\u0437\u043b\u0438\u0447\u043d\u044b\u043c\u0438 \u043f\u0440\u043e\u0446\u0435\u0441\u0441\u0430\u043c\u0438, \u0433\u0434\u0435 \u0442\u0440\u0435\u0431\u0443\u0435\u0442\u0441\u044f \u0430\u0432\u0442\u043e\u043c\u0430\u0442\u0438\u0447\u0435\u0441\u043a\u0438\u0439 \u043e\u0442\u0441\u0447\u0435\u0442 \u0432\u0440\u0435\u043c\u0435\u043d\u043d\u044b\u0445 \u0438\u043d\u0442\u0435\u0440\u0432\u0430\u043b\u043e\u0432\" \/>\n<meta name=\"robots\" content=\"index, follow, max-snippet:-1, max-image-preview:large, max-video-preview:-1\" \/>\n<link rel=\"canonical\" href=\"https:\/\/regmik.ua\/de\/product\/rele-vremeni-odnokanalnoe-mnogofunktsionalnoe-rv1f-u\/\" \/>\n<script type=\"application\/ld+json\" class=\"yoast-schema-graph\">{\"@context\":\"https:\\\/\\\/schema.org\",\"@graph\":[{\"@type\":\"WebPage\",\"@id\":\"https:\\\/\\\/regmik.ua\\\/product\\\/rele-vremeni-odnokanalnoe-mnogofunktsionalnoe-rv1f-u\\\/\",\"url\":\"https:\\\/\\\/regmik.ua\\\/product\\\/rele-vremeni-odnokanalnoe-mnogofunktsionalnoe-rv1f-u\\\/\",\"name\":\"\u0420\u0435\u043b\u0435 \u0432\u0440\u0435\u043c\u0435\u043d\u0438 \u043e\u0434\u043d\u043e\u043a\u0430\u043d\u0430\u043b\u044c\u043d\u043e\u0435 \u0420\u04121\u0424-\u0423 &#8211; \u0420\u0415\u0413\u041c\u0406\u041a, \u041d\u0412\u0424, \u041f\u041f\",\"isPartOf\":{\"@id\":\"https:\\\/\\\/regmik.ua\\\/uk\\\/#website\"},\"primaryImageOfPage\":{\"@id\":\"https:\\\/\\\/regmik.ua\\\/product\\\/rele-vremeni-odnokanalnoe-mnogofunktsionalnoe-rv1f-u\\\/#primaryimage\"},\"image\":{\"@id\":\"https:\\\/\\\/regmik.ua\\\/product\\\/rele-vremeni-odnokanalnoe-mnogofunktsionalnoe-rv1f-u\\\/#primaryimage\"},\"thumbnailUrl\":\"https:\\\/\\\/regmik.ua\\\/wp-content\\\/uploads\\\/2015\\\/08\\\/rv1f-u_front.png\",\"datePublished\":\"2016-09-15T11:43:51+00:00\",\"dateModified\":\"2023-10-04T09:54:56+00:00\",\"description\":\"\u0420\u0435\u043b\u0435 \u0432\u0440\u0435\u043c\u0435\u043d\u0438 \u043e\u0434\u043d\u043e\u043a\u0430\u043d\u0430\u043b\u044c\u043d\u043e\u0435 \u0420\u04121\u0424-\u0423 \u043f\u0440\u0435\u0434\u043d\u0430\u0437\u043d\u0430\u0447\u0435\u043d\u043e \u0434\u043b\u044f \u043a\u043e\u043d\u0442\u0440\u043e\u043b\u044f \u0438 \u0443\u043f\u0440\u0430\u0432\u043b\u0435\u043d\u0438\u044f \u0440\u0430\u0437\u043b\u0438\u0447\u043d\u044b\u043c\u0438 \u043f\u0440\u043e\u0446\u0435\u0441\u0441\u0430\u043c\u0438, \u0433\u0434\u0435 \u0442\u0440\u0435\u0431\u0443\u0435\u0442\u0441\u044f \u0430\u0432\u0442\u043e\u043c\u0430\u0442\u0438\u0447\u0435\u0441\u043a\u0438\u0439 \u043e\u0442\u0441\u0447\u0435\u0442 \u0432\u0440\u0435\u043c\u0435\u043d\u043d\u044b\u0445 \u0438\u043d\u0442\u0435\u0440\u0432\u0430\u043b\u043e\u0432\",\"breadcrumb\":{\"@id\":\"https:\\\/\\\/regmik.ua\\\/product\\\/rele-vremeni-odnokanalnoe-mnogofunktsionalnoe-rv1f-u\\\/#breadcrumb\"},\"inLanguage\":\"de\",\"potentialAction\":[{\"@type\":\"ReadAction\",\"target\":[\"https:\\\/\\\/regmik.ua\\\/product\\\/rele-vremeni-odnokanalnoe-mnogofunktsionalnoe-rv1f-u\\\/\"]}]},{\"@type\":\"ImageObject\",\"inLanguage\":\"de\",\"@id\":\"https:\\\/\\\/regmik.ua\\\/product\\\/rele-vremeni-odnokanalnoe-mnogofunktsionalnoe-rv1f-u\\\/#primaryimage\",\"url\":\"https:\\\/\\\/regmik.ua\\\/wp-content\\\/uploads\\\/2015\\\/08\\\/rv1f-u_front.png\",\"contentUrl\":\"https:\\\/\\\/regmik.ua\\\/wp-content\\\/uploads\\\/2015\\\/08\\\/rv1f-u_front.png\",\"width\":800,\"height\":1024,\"caption\":\"\u0420\u0435\u043b\u0435 \u0432\u0440\u0435\u043c\u0435\u043d\u0438 \u043e\u0434\u043d\u043e\u043a\u0430\u043d\u0430\u043b\u044c\u043d\u043e\u0435 \u0420\u04121\u0424-\u0423\"},{\"@type\":\"BreadcrumbList\",\"@id\":\"https:\\\/\\\/regmik.ua\\\/product\\\/rele-vremeni-odnokanalnoe-mnogofunktsionalnoe-rv1f-u\\\/#breadcrumb\",\"itemListElement\":[{\"@type\":\"ListItem\",\"position\":1,\"name\":\"\u0413\u043b\u0430\u0432\u043d\u0430\u044f \u0441\u0442\u0440\u0430\u043d\u0438\u0446\u0430\",\"item\":\"https:\\\/\\\/regmik.ua\\\/\"},{\"@type\":\"ListItem\",\"position\":2,\"name\":\"\u041f\u0440\u043e\u0434\u0443\u043a\u0446\u0438\u044f\",\"item\":\"https:\\\/\\\/regmik.ua\\\/uk\\\/products\\\/\"},{\"@type\":\"ListItem\",\"position\":3,\"name\":\"\u0420\u0435\u043b\u0435 \u0432\u0440\u0435\u043c\u0435\u043d\u0438 \u043e\u0434\u043d\u043e\u043a\u0430\u043d\u0430\u043b\u044c\u043d\u043e\u0435 \u0420\u04121\u0424-\u0423\"}]},{\"@type\":\"WebSite\",\"@id\":\"https:\\\/\\\/regmik.ua\\\/uk\\\/#website\",\"url\":\"https:\\\/\\\/regmik.ua\\\/uk\\\/\",\"name\":\"REGMIK\",\"description\":\"\u0418\u0437\u043c\u0435\u0440\u0438\u0442\u0435\u043b\u044c\u043d\u044b\u0435 \u043f\u0440\u0438\u0431\u043e\u0440\u044b \u0438 \u0434\u0430\u0442\u0447\u0438\u043a\u0438 \u0442\u0435\u043c\u043f\u0435\u0440\u0430\u0442\u0443\u0440\u044b\",\"publisher\":{\"@id\":\"https:\\\/\\\/regmik.ua\\\/uk\\\/#organization\"},\"alternateName\":\"REGMIK\",\"potentialAction\":[{\"@type\":\"SearchAction\",\"target\":{\"@type\":\"EntryPoint\",\"urlTemplate\":\"https:\\\/\\\/regmik.ua\\\/uk\\\/?s={search_term_string}\"},\"query-input\":{\"@type\":\"PropertyValueSpecification\",\"valueRequired\":true,\"valueName\":\"search_term_string\"}}],\"inLanguage\":\"de\"},{\"@type\":\"Organization\",\"@id\":\"https:\\\/\\\/regmik.ua\\\/uk\\\/#organization\",\"name\":\"REGMIK\",\"alternateName\":\"\u0420\u0415\u0413\u041c\u0418\u041a\",\"url\":\"https:\\\/\\\/regmik.ua\\\/uk\\\/\",\"logo\":{\"@type\":\"ImageObject\",\"inLanguage\":\"de\",\"@id\":\"https:\\\/\\\/regmik.ua\\\/uk\\\/#\\\/schema\\\/logo\\\/image\\\/\",\"url\":\"https:\\\/\\\/regmik.ua\\\/wp-content\\\/uploads\\\/2020\\\/03\\\/regmik_logo.png\",\"contentUrl\":\"https:\\\/\\\/regmik.ua\\\/wp-content\\\/uploads\\\/2020\\\/03\\\/regmik_logo.png\",\"width\":194,\"height\":45,\"caption\":\"REGMIK\"},\"image\":{\"@id\":\"https:\\\/\\\/regmik.ua\\\/uk\\\/#\\\/schema\\\/logo\\\/image\\\/\"},\"sameAs\":[\"https:\\\/\\\/www.facebook.com\\\/regmik.npf\",\"https:\\\/\\\/x.com\\\/regmiknpf\",\"https:\\\/\\\/www.youtube.com\\\/channel\\\/UC_SrY98SKAmR3Kt95GcVKcw\"]}]}<\/script>","yoast_head_json":{"title":"Einkanaliges Zeitrelais RV1F-U - REGMlK, NVF, PP","description":"Das einkanalige Zeitrelais RV1F-U dient zur \u00dcberwachung und Steuerung verschiedener Prozesse, bei denen eine automatische Z\u00e4hlung von Zeitintervallen erforderlich ist","robots":{"index":"index","follow":"follow","max-snippet":"max-snippet:-1","max-image-preview":"max-image-preview:large","max-video-preview":"max-video-preview:-1"},"canonical":"https:\/\/regmik.ua\/de\/product\/rele-vremeni-odnokanalnoe-mnogofunktsionalnoe-rv1f-u\/","schema":{"@context":"https:\/\/schema.org","@graph":[{"@type":"WebPage","@id":"https:\/\/regmik.ua\/product\/rele-vremeni-odnokanalnoe-mnogofunktsionalnoe-rv1f-u\/","url":"https:\/\/regmik.ua\/product\/rele-vremeni-odnokanalnoe-mnogofunktsionalnoe-rv1f-u\/","name":"Einkanaliges Zeitrelais RV1F-U - REGMlK, NVF, PP","isPartOf":{"@id":"https:\/\/regmik.ua\/uk\/#website"},"primaryImageOfPage":{"@id":"https:\/\/regmik.ua\/product\/rele-vremeni-odnokanalnoe-mnogofunktsionalnoe-rv1f-u\/#primaryimage"},"image":{"@id":"https:\/\/regmik.ua\/product\/rele-vremeni-odnokanalnoe-mnogofunktsionalnoe-rv1f-u\/#primaryimage"},"thumbnailUrl":"https:\/\/regmik.ua\/wp-content\/uploads\/2015\/08\/rv1f-u_front.png","datePublished":"2016-09-15T11:43:51+00:00","dateModified":"2023-10-04T09:54:56+00:00","description":"Das einkanalige Zeitrelais RV1F-U dient zur \u00dcberwachung und Steuerung verschiedener Prozesse, bei denen eine automatische Z\u00e4hlung von Zeitintervallen erforderlich ist","breadcrumb":{"@id":"https:\/\/regmik.ua\/product\/rele-vremeni-odnokanalnoe-mnogofunktsionalnoe-rv1f-u\/#breadcrumb"},"inLanguage":"de","potentialAction":[{"@type":"ReadAction","target":["https:\/\/regmik.ua\/product\/rele-vremeni-odnokanalnoe-mnogofunktsionalnoe-rv1f-u\/"]}]},{"@type":"ImageObject","inLanguage":"de","@id":"https:\/\/regmik.ua\/product\/rele-vremeni-odnokanalnoe-mnogofunktsionalnoe-rv1f-u\/#primaryimage","url":"https:\/\/regmik.ua\/wp-content\/uploads\/2015\/08\/rv1f-u_front.png","contentUrl":"https:\/\/regmik.ua\/wp-content\/uploads\/2015\/08\/rv1f-u_front.png","width":800,"height":1024,"caption":"\u0420\u0435\u043b\u0435 \u0432\u0440\u0435\u043c\u0435\u043d\u0438 \u043e\u0434\u043d\u043e\u043a\u0430\u043d\u0430\u043b\u044c\u043d\u043e\u0435 \u0420\u04121\u0424-\u0423"},{"@type":"BreadcrumbList","@id":"https:\/\/regmik.ua\/product\/rele-vremeni-odnokanalnoe-mnogofunktsionalnoe-rv1f-u\/#breadcrumb","itemListElement":[{"@type":"ListItem","position":1,"name":"\u0413\u043b\u0430\u0432\u043d\u0430\u044f \u0441\u0442\u0440\u0430\u043d\u0438\u0446\u0430","item":"https:\/\/regmik.ua\/"},{"@type":"ListItem","position":2,"name":"\u041f\u0440\u043e\u0434\u0443\u043a\u0446\u0438\u044f","item":"https:\/\/regmik.ua\/uk\/products\/"},{"@type":"ListItem","position":3,"name":"\u0420\u0435\u043b\u0435 \u0432\u0440\u0435\u043c\u0435\u043d\u0438 \u043e\u0434\u043d\u043e\u043a\u0430\u043d\u0430\u043b\u044c\u043d\u043e\u0435 \u0420\u04121\u0424-\u0423"}]},{"@type":"WebSite","@id":"https:\/\/regmik.ua\/uk\/#website","url":"https:\/\/regmik.ua\/uk\/","name":"REGMIK","description":"Messger\u00e4te und Temperatursensoren","publisher":{"@id":"https:\/\/regmik.ua\/uk\/#organization"},"alternateName":"REGMIK","potentialAction":[{"@type":"SearchAction","target":{"@type":"EntryPoint","urlTemplate":"https:\/\/regmik.ua\/uk\/?s={search_term_string}"},"query-input":{"@type":"PropertyValueSpecification","valueRequired":true,"valueName":"search_term_string"}}],"inLanguage":"de"},{"@type":"Organization","@id":"https:\/\/regmik.ua\/uk\/#organization","name":"REGMIK","alternateName":"\u0420\u0415\u0413\u041c\u0418\u041a","url":"https:\/\/regmik.ua\/uk\/","logo":{"@type":"ImageObject","inLanguage":"de","@id":"https:\/\/regmik.ua\/uk\/#\/schema\/logo\/image\/","url":"https:\/\/regmik.ua\/wp-content\/uploads\/2020\/03\/regmik_logo.png","contentUrl":"https:\/\/regmik.ua\/wp-content\/uploads\/2020\/03\/regmik_logo.png","width":194,"height":45,"caption":"REGMIK"},"image":{"@id":"https:\/\/regmik.ua\/uk\/#\/schema\/logo\/image\/"},"sameAs":["https:\/\/www.facebook.com\/regmik.npf","https:\/\/x.com\/regmiknpf","https:\/\/www.youtube.com\/channel\/UC_SrY98SKAmR3Kt95GcVKcw"]}]}},"_links":{"self":[{"href":"https:\/\/regmik.ua\/de\/wp-json\/wp\/v2\/product\/11849","targetHints":{"allow":["GET"]}}],"collection":[{"href":"https:\/\/regmik.ua\/de\/wp-json\/wp\/v2\/product"}],"about":[{"href":"https:\/\/regmik.ua\/de\/wp-json\/wp\/v2\/types\/product"}],"replies":[{"embeddable":true,"href":"https:\/\/regmik.ua\/de\/wp-json\/wp\/v2\/comments?post=11849"}],"version-history":[{"count":0,"href":"https:\/\/regmik.ua\/de\/wp-json\/wp\/v2\/product\/11849\/revisions"}],"wp:featuredmedia":[{"embeddable":true,"href":"https:\/\/regmik.ua\/de\/wp-json\/wp\/v2\/media\/11386"}],"wp:attachment":[{"href":"https:\/\/regmik.ua\/de\/wp-json\/wp\/v2\/media?parent=11849"}],"wp:term":[{"taxonomy":"product_brand","embeddable":true,"href":"https:\/\/regmik.ua\/de\/wp-json\/wp\/v2\/product_brand?post=11849"},{"taxonomy":"product_cat","embeddable":true,"href":"https:\/\/regmik.ua\/de\/wp-json\/wp\/v2\/product_cat?post=11849"},{"taxonomy":"product_tag","embeddable":true,"href":"https:\/\/regmik.ua\/de\/wp-json\/wp\/v2\/product_tag?post=11849"}],"curies":[{"name":"wp","href":"https:\/\/api.w.org\/{rel}","templated":true}]}}