{"id":11838,"date":"2016-09-15T11:36:05","date_gmt":"2016-09-15T09:36:05","guid":{"rendered":"http:\/\/test.regmik.com.ua\/index.php\/product\/rele-vremeni-vosmikanalnoe-rv8-d6\/"},"modified":"2025-07-14T10:59:25","modified_gmt":"2025-07-14T08:59:25","slug":"rele-vremeni-vosmikanalnoe-rv8-d6","status":"publish","type":"product","link":"https:\/\/regmik.ua\/de\/product\/rele-vremeni-vosmikanalnoe-rv8-d6\/","title":{"rendered":"Zeitrelais achtkanalig RV8-D6"},"content":{"rendered":"<div data-elementor-type=\"wp-post\" data-elementor-id=\"11838\" class=\"elementor elementor-11838\">\n\t\t\t\t\t\t<section class=\"elementor-section elementor-top-section elementor-element elementor-element-360f301a elementor-section-boxed elementor-section-height-default elementor-section-height-default\" data-id=\"360f301a\" data-element_type=\"section\" data-e-type=\"section\">\n\t\t\t\t\t\t<div class=\"elementor-container elementor-column-gap-default\">\n\t\t\t\t\t<div class=\"elementor-column elementor-col-100 elementor-top-column elementor-element elementor-element-201e9325\" data-id=\"201e9325\" data-element_type=\"column\" data-e-type=\"column\">\n\t\t\t<div class=\"elementor-widget-wrap elementor-element-populated\">\n\t\t\t\t\t\t<div class=\"elementor-element elementor-element-f177c40 elementor-widget elementor-widget-text-editor\" data-id=\"f177c40\" data-element_type=\"widget\" data-e-type=\"widget\" data-widget_type=\"text-editor.default\">\n\t\t\t\t\t\t\t\t\t<p>Das achtkanalige Zeitrelais RV8-D6 dient zum Z\u00e4hlen von Zeitintervallen und zum automatischen Ein- und Ausschalten von 1 bis 8 ausf\u00fchrenden Ger\u00e4ten bei einer bestimmten Frequenz.<br>Mit ihnen k\u00f6nnen Sie Ger\u00e4te in bestimmten Intervallen starten und stoppen und verschiedene Zeitprozesse steuern.<br>Das Ger\u00e4t wird in einem DIN-Schienengeh\u00e4use und in zwei Leistungsmodifikationen hergestellt: aus einem Wechselspannungsnetz mit einem Nennwert von 110..240 V und aus einer Konstantspannungsquelle mit einem Nennwert von 12..24 V.<\/p>\n<h3>Mit dem Ger\u00e4t k\u00f6nnen Sie folgende Funktionen realisieren<\/h3>\n<ul>\n<li>automatischer Countdown von Zeitintervallen einer bestimmten Dauer;<\/li>\n<li>Schalten externer Stromkreise (von 1 bis 8);<\/li>\n<li>Anzeige der Timerzeit auf der LED-Digitalanzeige;<\/li>\n<li>Leuchtanzeige der Betriebsarten;<\/li>\n<li>Steuern des Betriebs des Ger\u00e4ts durch Anwenden externer Steueraktionen (\u201ePause\u201c- und \u201eReset\u201c-Tasten);<\/li>\n<li>die F\u00e4higkeit, die Parameter des Ger\u00e4ts zu \u00e4ndern;<\/li>\n<li>RS-485-Schnittstelle mit ModBus-RTU-Protokollunterst\u00fctzung (optional).<\/li>\n<\/ul>\t\t\t\t\t\t\t\t<\/div>\n\t\t\t\t\t<\/div>\n\t\t<\/div>\n\t\t\t\t\t<\/div>\n\t\t<\/section>\n\t\t\t\t<\/div>","protected":false},"excerpt":{"rendered":"<p>Das achtkanalige Zeitrelais RV8-D6 dient zum Z\u00e4hlen von Zeitintervallen und zum automatischen Umschalten von 1 auf 8 Aktoren mit einer bestimmten Frequenz. Hat zwei Steuertasten: &quot;Stop&quot; und &quot;Pause&quot;.<\/p>","protected":false},"featured_media":11981,"comment_status":"open","ping_status":"closed","template":"","meta":[],"product_brand":[],"product_cat":[208,37,62],"product_tag":[46,207,44],"class_list":{"0":"post-11838","1":"product","2":"type-product","3":"status-publish","4":"has-post-thumbnail","6":"product_cat-din","7":"product_cat-devices","8":"product_cat-timers-and-time-switches","9":"product_tag-vremya","10":"product_tag-rele","11":"product_tag-upravlenie","12":"pa_number-of-inputs-243","13":"pa_number-of-outputs-253","14":"pa_outputs1-k","15":"pa_outputs1-ok","16":"pa_outputs1-os","17":"pa_outputs1-r","18":"pa_outputs1-s","19":"pa_power-supply-ip24","20":"pa_power-supply-ipi","21":"pa_rs485-rs485","22":"pa_rs485-rs485i","23":"pa_rs485-no","24":"pa_sk1-277","27":"instock","28":"shipping-taxable","29":"purchasable","30":"product-type-variable","31":"has-default-attributes"},"yoast_head":"<title>\u0420\u0435\u043b\u0435 \u0432\u0440\u0435\u043c\u0435\u043d\u0438 \u0432\u043e\u0441\u044c\u043c\u0438\u043a\u0430\u043d\u0430\u043b\u044c\u043d\u043e\u0435 \u0420\u04128-\u04146 &#8211; \u0420\u0415\u0413\u041c\u0406\u041a, \u041d\u0412\u0424, \u041f\u041f<\/title>\n<meta name=\"description\" content=\"\u0420\u0435\u043b\u0435 \u0432\u0440\u0435\u043c\u0435\u043d\u0438 \u0432\u043e\u0441\u044c\u043c\u0438\u043a\u0430\u043d\u0430\u043b\u044c\u043d\u043e\u0435 \u0420\u04128-\u04146 \u043f\u0440\u0435\u0434\u043d\u0430\u0437\u043d\u0430\u0447\u0435\u043d\u043e \u0434\u043b\u044f \u043e\u0442\u0441\u0447\u0435\u0442\u0430 \u0432\u0440\u0435\u043c\u0435\u043d\u043d\u044b\u0445 \u0438\u043d\u0442\u0435\u0440\u0432\u0430\u043b\u043e\u0432 \u0438 \u0430\u0432\u0442\u043e\u043c\u0430\u0442\u0438\u0447\u0435\u0441\u043a\u043e\u0439 \u043a\u043e\u043c\u043c\u0443\u0442\u0430\u0446\u0438\u0438 \u0434\u043e 8 \u0438\u0441\u043f\u043e\u043b\u043d\u0438\u0442\u0435\u043b\u044c\u043d\u044b\u0445 \u0443\u0441\u0442\u0440\u043e\u0439\u0441\u0442\u0432\" \/>\n<meta name=\"robots\" content=\"index, follow, max-snippet:-1, max-image-preview:large, max-video-preview:-1\" \/>\n<link rel=\"canonical\" href=\"https:\/\/regmik.ua\/de\/product\/rele-vremeni-vosmikanalnoe-rv8-d6\/\" \/>\n<script type=\"application\/ld+json\" class=\"yoast-schema-graph\">{\"@context\":\"https:\\\/\\\/schema.org\",\"@graph\":[{\"@type\":\"WebPage\",\"@id\":\"https:\\\/\\\/regmik.ua\\\/product\\\/rele-vremeni-vosmikanalnoe-rv8-d6\\\/\",\"url\":\"https:\\\/\\\/regmik.ua\\\/product\\\/rele-vremeni-vosmikanalnoe-rv8-d6\\\/\",\"name\":\"\u0420\u0435\u043b\u0435 \u0432\u0440\u0435\u043c\u0435\u043d\u0438 \u0432\u043e\u0441\u044c\u043c\u0438\u043a\u0430\u043d\u0430\u043b\u044c\u043d\u043e\u0435 \u0420\u04128-\u04146 &#8211; \u0420\u0415\u0413\u041c\u0406\u041a, \u041d\u0412\u0424, \u041f\u041f\",\"isPartOf\":{\"@id\":\"https:\\\/\\\/regmik.ua\\\/uk\\\/#website\"},\"primaryImageOfPage\":{\"@id\":\"https:\\\/\\\/regmik.ua\\\/product\\\/rele-vremeni-vosmikanalnoe-rv8-d6\\\/#primaryimage\"},\"image\":{\"@id\":\"https:\\\/\\\/regmik.ua\\\/product\\\/rele-vremeni-vosmikanalnoe-rv8-d6\\\/#primaryimage\"},\"thumbnailUrl\":\"https:\\\/\\\/regmik.ua\\\/wp-content\\\/uploads\\\/2015\\\/08\\\/RV8_front1.png\",\"datePublished\":\"2016-09-15T09:36:05+00:00\",\"dateModified\":\"2025-07-14T08:59:25+00:00\",\"description\":\"\u0420\u0435\u043b\u0435 \u0432\u0440\u0435\u043c\u0435\u043d\u0438 \u0432\u043e\u0441\u044c\u043c\u0438\u043a\u0430\u043d\u0430\u043b\u044c\u043d\u043e\u0435 \u0420\u04128-\u04146 \u043f\u0440\u0435\u0434\u043d\u0430\u0437\u043d\u0430\u0447\u0435\u043d\u043e \u0434\u043b\u044f \u043e\u0442\u0441\u0447\u0435\u0442\u0430 \u0432\u0440\u0435\u043c\u0435\u043d\u043d\u044b\u0445 \u0438\u043d\u0442\u0435\u0440\u0432\u0430\u043b\u043e\u0432 \u0438 \u0430\u0432\u0442\u043e\u043c\u0430\u0442\u0438\u0447\u0435\u0441\u043a\u043e\u0439 \u043a\u043e\u043c\u043c\u0443\u0442\u0430\u0446\u0438\u0438 \u0434\u043e 8 \u0438\u0441\u043f\u043e\u043b\u043d\u0438\u0442\u0435\u043b\u044c\u043d\u044b\u0445 \u0443\u0441\u0442\u0440\u043e\u0439\u0441\u0442\u0432\",\"breadcrumb\":{\"@id\":\"https:\\\/\\\/regmik.ua\\\/product\\\/rele-vremeni-vosmikanalnoe-rv8-d6\\\/#breadcrumb\"},\"inLanguage\":\"de\",\"potentialAction\":[{\"@type\":\"ReadAction\",\"target\":[\"https:\\\/\\\/regmik.ua\\\/product\\\/rele-vremeni-vosmikanalnoe-rv8-d6\\\/\"]}]},{\"@type\":\"ImageObject\",\"inLanguage\":\"de\",\"@id\":\"https:\\\/\\\/regmik.ua\\\/product\\\/rele-vremeni-vosmikanalnoe-rv8-d6\\\/#primaryimage\",\"url\":\"https:\\\/\\\/regmik.ua\\\/wp-content\\\/uploads\\\/2015\\\/08\\\/RV8_front1.png\",\"contentUrl\":\"https:\\\/\\\/regmik.ua\\\/wp-content\\\/uploads\\\/2015\\\/08\\\/RV8_front1.png\",\"width\":800,\"height\":1024},{\"@type\":\"BreadcrumbList\",\"@id\":\"https:\\\/\\\/regmik.ua\\\/product\\\/rele-vremeni-vosmikanalnoe-rv8-d6\\\/#breadcrumb\",\"itemListElement\":[{\"@type\":\"ListItem\",\"position\":1,\"name\":\"\u0413\u043b\u0430\u0432\u043d\u0430\u044f \u0441\u0442\u0440\u0430\u043d\u0438\u0446\u0430\",\"item\":\"https:\\\/\\\/regmik.ua\\\/\"},{\"@type\":\"ListItem\",\"position\":2,\"name\":\"\u041f\u0440\u043e\u0434\u0443\u043a\u0446\u0438\u044f\",\"item\":\"https:\\\/\\\/regmik.ua\\\/uk\\\/products\\\/\"},{\"@type\":\"ListItem\",\"position\":3,\"name\":\"\u0420\u0435\u043b\u0435 \u0432\u0440\u0435\u043c\u0435\u043d\u0438 \u0432\u043e\u0441\u044c\u043c\u0438\u043a\u0430\u043d\u0430\u043b\u044c\u043d\u043e\u0435 \u0420\u04128-\u04146\"}]},{\"@type\":\"WebSite\",\"@id\":\"https:\\\/\\\/regmik.ua\\\/uk\\\/#website\",\"url\":\"https:\\\/\\\/regmik.ua\\\/uk\\\/\",\"name\":\"REGMIK\",\"description\":\"\u0418\u0437\u043c\u0435\u0440\u0438\u0442\u0435\u043b\u044c\u043d\u044b\u0435 \u043f\u0440\u0438\u0431\u043e\u0440\u044b \u0438 \u0434\u0430\u0442\u0447\u0438\u043a\u0438 \u0442\u0435\u043c\u043f\u0435\u0440\u0430\u0442\u0443\u0440\u044b\",\"publisher\":{\"@id\":\"https:\\\/\\\/regmik.ua\\\/uk\\\/#organization\"},\"alternateName\":\"REGMIK\",\"potentialAction\":[{\"@type\":\"SearchAction\",\"target\":{\"@type\":\"EntryPoint\",\"urlTemplate\":\"https:\\\/\\\/regmik.ua\\\/uk\\\/?s={search_term_string}\"},\"query-input\":{\"@type\":\"PropertyValueSpecification\",\"valueRequired\":true,\"valueName\":\"search_term_string\"}}],\"inLanguage\":\"de\"},{\"@type\":\"Organization\",\"@id\":\"https:\\\/\\\/regmik.ua\\\/uk\\\/#organization\",\"name\":\"REGMIK\",\"alternateName\":\"\u0420\u0415\u0413\u041c\u0418\u041a\",\"url\":\"https:\\\/\\\/regmik.ua\\\/uk\\\/\",\"logo\":{\"@type\":\"ImageObject\",\"inLanguage\":\"de\",\"@id\":\"https:\\\/\\\/regmik.ua\\\/uk\\\/#\\\/schema\\\/logo\\\/image\\\/\",\"url\":\"https:\\\/\\\/regmik.ua\\\/wp-content\\\/uploads\\\/2020\\\/03\\\/regmik_logo.png\",\"contentUrl\":\"https:\\\/\\\/regmik.ua\\\/wp-content\\\/uploads\\\/2020\\\/03\\\/regmik_logo.png\",\"width\":194,\"height\":45,\"caption\":\"REGMIK\"},\"image\":{\"@id\":\"https:\\\/\\\/regmik.ua\\\/uk\\\/#\\\/schema\\\/logo\\\/image\\\/\"},\"sameAs\":[\"https:\\\/\\\/www.facebook.com\\\/regmik.npf\",\"https:\\\/\\\/x.com\\\/regmiknpf\",\"https:\\\/\\\/www.youtube.com\\\/channel\\\/UC_SrY98SKAmR3Kt95GcVKcw\"]}]}<\/script>","yoast_head_json":{"title":"Achtkanaliges Zeitrelais RV8-D6 - REGMlK, NVF, PP","description":"Das achtkanalige Zeitrelais RV8-D6 dient zum Z\u00e4hlen von Zeitintervallen und zum automatischen Schalten von bis zu 8 Aktoren","robots":{"index":"index","follow":"follow","max-snippet":"max-snippet:-1","max-image-preview":"max-image-preview:large","max-video-preview":"max-video-preview:-1"},"canonical":"https:\/\/regmik.ua\/de\/product\/rele-vremeni-vosmikanalnoe-rv8-d6\/","schema":{"@context":"https:\/\/schema.org","@graph":[{"@type":"WebPage","@id":"https:\/\/regmik.ua\/product\/rele-vremeni-vosmikanalnoe-rv8-d6\/","url":"https:\/\/regmik.ua\/product\/rele-vremeni-vosmikanalnoe-rv8-d6\/","name":"Achtkanaliges Zeitrelais RV8-D6 - REGMlK, NVF, PP","isPartOf":{"@id":"https:\/\/regmik.ua\/uk\/#website"},"primaryImageOfPage":{"@id":"https:\/\/regmik.ua\/product\/rele-vremeni-vosmikanalnoe-rv8-d6\/#primaryimage"},"image":{"@id":"https:\/\/regmik.ua\/product\/rele-vremeni-vosmikanalnoe-rv8-d6\/#primaryimage"},"thumbnailUrl":"https:\/\/regmik.ua\/wp-content\/uploads\/2015\/08\/RV8_front1.png","datePublished":"2016-09-15T09:36:05+00:00","dateModified":"2025-07-14T08:59:25+00:00","description":"Das achtkanalige Zeitrelais RV8-D6 dient zum Z\u00e4hlen von Zeitintervallen und zum automatischen Schalten von bis zu 8 Aktoren","breadcrumb":{"@id":"https:\/\/regmik.ua\/product\/rele-vremeni-vosmikanalnoe-rv8-d6\/#breadcrumb"},"inLanguage":"de","potentialAction":[{"@type":"ReadAction","target":["https:\/\/regmik.ua\/product\/rele-vremeni-vosmikanalnoe-rv8-d6\/"]}]},{"@type":"ImageObject","inLanguage":"de","@id":"https:\/\/regmik.ua\/product\/rele-vremeni-vosmikanalnoe-rv8-d6\/#primaryimage","url":"https:\/\/regmik.ua\/wp-content\/uploads\/2015\/08\/RV8_front1.png","contentUrl":"https:\/\/regmik.ua\/wp-content\/uploads\/2015\/08\/RV8_front1.png","width":800,"height":1024},{"@type":"BreadcrumbList","@id":"https:\/\/regmik.ua\/product\/rele-vremeni-vosmikanalnoe-rv8-d6\/#breadcrumb","itemListElement":[{"@type":"ListItem","position":1,"name":"\u0413\u043b\u0430\u0432\u043d\u0430\u044f \u0441\u0442\u0440\u0430\u043d\u0438\u0446\u0430","item":"https:\/\/regmik.ua\/"},{"@type":"ListItem","position":2,"name":"\u041f\u0440\u043e\u0434\u0443\u043a\u0446\u0438\u044f","item":"https:\/\/regmik.ua\/uk\/products\/"},{"@type":"ListItem","position":3,"name":"\u0420\u0435\u043b\u0435 \u0432\u0440\u0435\u043c\u0435\u043d\u0438 \u0432\u043e\u0441\u044c\u043c\u0438\u043a\u0430\u043d\u0430\u043b\u044c\u043d\u043e\u0435 \u0420\u04128-\u04146"}]},{"@type":"WebSite","@id":"https:\/\/regmik.ua\/uk\/#website","url":"https:\/\/regmik.ua\/uk\/","name":"REGMIK","description":"Messger\u00e4te und Temperatursensoren","publisher":{"@id":"https:\/\/regmik.ua\/uk\/#organization"},"alternateName":"REGMIK","potentialAction":[{"@type":"SearchAction","target":{"@type":"EntryPoint","urlTemplate":"https:\/\/regmik.ua\/uk\/?s={search_term_string}"},"query-input":{"@type":"PropertyValueSpecification","valueRequired":true,"valueName":"search_term_string"}}],"inLanguage":"de"},{"@type":"Organization","@id":"https:\/\/regmik.ua\/uk\/#organization","name":"REGMIK","alternateName":"\u0420\u0415\u0413\u041c\u0418\u041a","url":"https:\/\/regmik.ua\/uk\/","logo":{"@type":"ImageObject","inLanguage":"de","@id":"https:\/\/regmik.ua\/uk\/#\/schema\/logo\/image\/","url":"https:\/\/regmik.ua\/wp-content\/uploads\/2020\/03\/regmik_logo.png","contentUrl":"https:\/\/regmik.ua\/wp-content\/uploads\/2020\/03\/regmik_logo.png","width":194,"height":45,"caption":"REGMIK"},"image":{"@id":"https:\/\/regmik.ua\/uk\/#\/schema\/logo\/image\/"},"sameAs":["https:\/\/www.facebook.com\/regmik.npf","https:\/\/x.com\/regmiknpf","https:\/\/www.youtube.com\/channel\/UC_SrY98SKAmR3Kt95GcVKcw"]}]}},"_links":{"self":[{"href":"https:\/\/regmik.ua\/de\/wp-json\/wp\/v2\/product\/11838","targetHints":{"allow":["GET"]}}],"collection":[{"href":"https:\/\/regmik.ua\/de\/wp-json\/wp\/v2\/product"}],"about":[{"href":"https:\/\/regmik.ua\/de\/wp-json\/wp\/v2\/types\/product"}],"replies":[{"embeddable":true,"href":"https:\/\/regmik.ua\/de\/wp-json\/wp\/v2\/comments?post=11838"}],"version-history":[{"count":0,"href":"https:\/\/regmik.ua\/de\/wp-json\/wp\/v2\/product\/11838\/revisions"}],"wp:featuredmedia":[{"embeddable":true,"href":"https:\/\/regmik.ua\/de\/wp-json\/wp\/v2\/media\/11981"}],"wp:attachment":[{"href":"https:\/\/regmik.ua\/de\/wp-json\/wp\/v2\/media?parent=11838"}],"wp:term":[{"taxonomy":"product_brand","embeddable":true,"href":"https:\/\/regmik.ua\/de\/wp-json\/wp\/v2\/product_brand?post=11838"},{"taxonomy":"product_cat","embeddable":true,"href":"https:\/\/regmik.ua\/de\/wp-json\/wp\/v2\/product_cat?post=11838"},{"taxonomy":"product_tag","embeddable":true,"href":"https:\/\/regmik.ua\/de\/wp-json\/wp\/v2\/product_tag?post=11838"}],"curies":[{"name":"wp","href":"https:\/\/api.w.org\/{rel}","templated":true}]}}