{"id":11810,"date":"2016-09-15T10:50:03","date_gmt":"2016-09-15T07:50:03","guid":{"rendered":"http:\/\/test.regmik.com.ua\/index.php\/product\/rele-vremeni-dvuhkanalnoe-schitovoe-rv2\/"},"modified":"2024-03-27T07:29:01","modified_gmt":"2024-03-27T05:29:01","slug":"rele-vremeni-dvuhkanalnoe-schitovoe-rv2","status":"publish","type":"product","link":"https:\/\/regmik.ua\/de\/product\/rele-vremeni-dvuhkanalnoe-schitovoe-rv2\/","title":{"rendered":"Zweikanaliges Zeitrelais RV2"},"content":{"rendered":"<p>Das Zweikanal-Zeitrelais PB2 dient zum Z\u00e4hlen von Zeitintervallen und zum automatischen Ein- und Ausschalten von Executive-Ger\u00e4ten mit einer bestimmten Frequenz auf zwei Kan\u00e4len.<br \/>\nMit ihnen k\u00f6nnen Sie Ger\u00e4te in bestimmten Intervallen starten und stoppen und verschiedene Zeitprozesse steuern.<br \/>\nDas Ger\u00e4t wird in einer Schalttafel und in zwei Leistungsmodifikationen hergestellt: aus einem Wechselspannungsnetz mit einem Nennwert von 110 ... 240 V und aus einer Konstantspannungsquelle mit einem Nennwert von 12..24 V.<\/p>\n<h3>Mit dem Ger\u00e4t k\u00f6nnen Sie die folgenden Funktionen ausf\u00fchren<\/h3>\n<ul>\n<li>automatische Z\u00e4hlung von Zeitintervallen einer bestimmten Dauer auf zwei Kan\u00e4len;<\/li>\n<li>Kommutierung externer Stromkreise;<\/li>\n<li>Anzeigen der Timerzeit auf der digitalen LED-Anzeige;<\/li>\n<li>Lichtanzeige der Betriebsarten;<\/li>\n<li>Steuerung des Ger\u00e4tebetriebs durch separate Anwendung externer Steueraktionen (Tasten \u201ePause\u201c und \u201eReset\u201c) f\u00fcr jeden Kanal;<\/li>\n<li>die F\u00e4higkeit, die Parameter des Ger\u00e4ts zu \u00e4ndern;<\/li>\n<li>Schnittstelle RS-485-Protokoll (ModBus RTU) (optional).<\/li>\n<\/ul>","protected":false},"excerpt":{"rendered":"<p>Das zweikanalige Zeitrelais PB2 dient zum Z\u00e4hlen von Zeitintervallen und zum automatischen Ein- oder Ausschalten von Aktoren mit einer vorgegebenen Frequenz.<\/p>","protected":false},"featured_media":11983,"comment_status":"open","ping_status":"closed","template":"","meta":[],"product_brand":[],"product_cat":[37,62,206],"product_tag":[46,207,44],"class_list":{"0":"post-11810","1":"product","2":"type-product","3":"status-publish","4":"has-post-thumbnail","6":"product_cat-devices","7":"product_cat-timers-and-time-switches","8":"product_cat-shield-body-timers-and-time-switches","9":"product_tag-vremya","10":"product_tag-rele","11":"product_tag-upravlenie","12":"pa_number-of-indicators-73","13":"pa_number-of-indicators-74","14":"pa_number-of-inputs-244","15":"pa_number-of-outputs-250","16":"pa_outputs1-ok","17":"pa_outputs1-os","18":"pa_outputs1-r","19":"pa_power-supply-ip24","20":"pa_power-supply-ipi","21":"pa_rs485-yes","22":"pa_rs485-no","23":"pa_sk1-279","26":"instock","27":"shipping-taxable","28":"purchasable","29":"product-type-variable","30":"has-default-attributes"},"yoast_head":"<title>\u0420\u0435\u043b\u0435 \u0432\u0440\u0435\u043c\u0435\u043d\u0438 \u0434\u0432\u0443\u0445\u043a\u0430\u043d\u0430\u043b\u044c\u043d\u043e\u0435 \u0420\u04122 &#8211; \u0420\u0415\u0413\u041c\u0406\u041a, \u041d\u0412\u0424, \u041f\u041f<\/title>\n<meta name=\"description\" content=\"\u0420\u0435\u043b\u0435 \u0432\u0440\u0435\u043c\u0435\u043d\u0438 \u0434\u0432\u0443\u0445\u043a\u0430\u043d\u0430\u043b\u044c\u043d\u043e\u0435 \u0420\u04122 \u043f\u0440\u0435\u0434\u043d\u0430\u0437\u043d\u0430\u0447\u0435\u043d\u043e \u0434\u043b\u044f \u043e\u0442\u0441\u0447\u0435\u0442\u0430 \u0432\u0440\u0435\u043c\u0435\u043d\u043d\u044b\u0445 \u0438\u043d\u0442\u0435\u0440\u0432\u0430\u043b\u043e\u0432 \u0438 \u0430\u0432\u0442\u043e\u043c\u0430\u0442\u0438\u0447\u0435\u0441\u043a\u043e\u0433\u043e \u0432\u043a\u043b\u044e\u0447\u0435\u043d\u0438\u044f \u0438\u043b\u0438 \u043e\u0442\u043a\u043b\u044e\u0447\u0435\u043d\u0438\u044f \u0438\u0441\u043f\u043e\u043b\u043d\u0438\u0442\u0435\u043b\u044c\u043d\u044b\u0445 \u0443\u0441\u0442\u0440\u043e\u0439\u0441\u0442\u0432\" \/>\n<meta name=\"robots\" content=\"index, follow, max-snippet:-1, max-image-preview:large, max-video-preview:-1\" \/>\n<link rel=\"canonical\" href=\"https:\/\/regmik.ua\/de\/product\/rele-vremeni-dvuhkanalnoe-schitovoe-rv2\/\" \/>\n<script type=\"application\/ld+json\" class=\"yoast-schema-graph\">{\"@context\":\"https:\\\/\\\/schema.org\",\"@graph\":[{\"@type\":\"WebPage\",\"@id\":\"https:\\\/\\\/regmik.ua\\\/product\\\/rele-vremeni-dvuhkanalnoe-schitovoe-rv2\\\/\",\"url\":\"https:\\\/\\\/regmik.ua\\\/product\\\/rele-vremeni-dvuhkanalnoe-schitovoe-rv2\\\/\",\"name\":\"\u0420\u0435\u043b\u0435 \u0432\u0440\u0435\u043c\u0435\u043d\u0438 \u0434\u0432\u0443\u0445\u043a\u0430\u043d\u0430\u043b\u044c\u043d\u043e\u0435 \u0420\u04122 &#8211; \u0420\u0415\u0413\u041c\u0406\u041a, \u041d\u0412\u0424, \u041f\u041f\",\"isPartOf\":{\"@id\":\"https:\\\/\\\/regmik.ua\\\/uk\\\/#website\"},\"primaryImageOfPage\":{\"@id\":\"https:\\\/\\\/regmik.ua\\\/product\\\/rele-vremeni-dvuhkanalnoe-schitovoe-rv2\\\/#primaryimage\"},\"image\":{\"@id\":\"https:\\\/\\\/regmik.ua\\\/product\\\/rele-vremeni-dvuhkanalnoe-schitovoe-rv2\\\/#primaryimage\"},\"thumbnailUrl\":\"https:\\\/\\\/regmik.ua\\\/wp-content\\\/uploads\\\/2015\\\/08\\\/SI_1side.png\",\"datePublished\":\"2016-09-15T07:50:03+00:00\",\"dateModified\":\"2024-03-27T05:29:01+00:00\",\"description\":\"\u0420\u0435\u043b\u0435 \u0432\u0440\u0435\u043c\u0435\u043d\u0438 \u0434\u0432\u0443\u0445\u043a\u0430\u043d\u0430\u043b\u044c\u043d\u043e\u0435 \u0420\u04122 \u043f\u0440\u0435\u0434\u043d\u0430\u0437\u043d\u0430\u0447\u0435\u043d\u043e \u0434\u043b\u044f \u043e\u0442\u0441\u0447\u0435\u0442\u0430 \u0432\u0440\u0435\u043c\u0435\u043d\u043d\u044b\u0445 \u0438\u043d\u0442\u0435\u0440\u0432\u0430\u043b\u043e\u0432 \u0438 \u0430\u0432\u0442\u043e\u043c\u0430\u0442\u0438\u0447\u0435\u0441\u043a\u043e\u0433\u043e \u0432\u043a\u043b\u044e\u0447\u0435\u043d\u0438\u044f \u0438\u043b\u0438 \u043e\u0442\u043a\u043b\u044e\u0447\u0435\u043d\u0438\u044f \u0438\u0441\u043f\u043e\u043b\u043d\u0438\u0442\u0435\u043b\u044c\u043d\u044b\u0445 \u0443\u0441\u0442\u0440\u043e\u0439\u0441\u0442\u0432\",\"breadcrumb\":{\"@id\":\"https:\\\/\\\/regmik.ua\\\/product\\\/rele-vremeni-dvuhkanalnoe-schitovoe-rv2\\\/#breadcrumb\"},\"inLanguage\":\"de\",\"potentialAction\":[{\"@type\":\"ReadAction\",\"target\":[\"https:\\\/\\\/regmik.ua\\\/product\\\/rele-vremeni-dvuhkanalnoe-schitovoe-rv2\\\/\"]}]},{\"@type\":\"ImageObject\",\"inLanguage\":\"de\",\"@id\":\"https:\\\/\\\/regmik.ua\\\/product\\\/rele-vremeni-dvuhkanalnoe-schitovoe-rv2\\\/#primaryimage\",\"url\":\"https:\\\/\\\/regmik.ua\\\/wp-content\\\/uploads\\\/2015\\\/08\\\/SI_1side.png\",\"contentUrl\":\"https:\\\/\\\/regmik.ua\\\/wp-content\\\/uploads\\\/2015\\\/08\\\/SI_1side.png\",\"width\":800,\"height\":1024,\"caption\":\"\u0420\u0435\u0433\u0443\u043b\u044f\u0442\u043e\u0440 \u0434\u0432\u0443\u0445\u043f\u043e\u0437\u0438\u0446\u0438\u043e\u043d\u043d\u044b\u0439 \u0434\u0432\u0443\u0445\u043a\u0430\u043d\u0430\u043b\u044c\u043d\u044b\u0439 (\u0420\u04142)\u0441 \u043e\u0434\u043d\u0438\u043c \u0438\u043d\u0434\u0438\u043a\u0430\u0442\u043e\u0440\u043e\u043c\"},{\"@type\":\"BreadcrumbList\",\"@id\":\"https:\\\/\\\/regmik.ua\\\/product\\\/rele-vremeni-dvuhkanalnoe-schitovoe-rv2\\\/#breadcrumb\",\"itemListElement\":[{\"@type\":\"ListItem\",\"position\":1,\"name\":\"\u0413\u043b\u0430\u0432\u043d\u0430\u044f \u0441\u0442\u0440\u0430\u043d\u0438\u0446\u0430\",\"item\":\"https:\\\/\\\/regmik.ua\\\/\"},{\"@type\":\"ListItem\",\"position\":2,\"name\":\"\u041f\u0440\u043e\u0434\u0443\u043a\u0446\u0438\u044f\",\"item\":\"https:\\\/\\\/regmik.ua\\\/uk\\\/products\\\/\"},{\"@type\":\"ListItem\",\"position\":3,\"name\":\"\u0420\u0435\u043b\u0435 \u0432\u0440\u0435\u043c\u0435\u043d\u0438 \u0434\u0432\u0443\u0445\u043a\u0430\u043d\u0430\u043b\u044c\u043d\u043e\u0435 \u0420\u04122\"}]},{\"@type\":\"WebSite\",\"@id\":\"https:\\\/\\\/regmik.ua\\\/uk\\\/#website\",\"url\":\"https:\\\/\\\/regmik.ua\\\/uk\\\/\",\"name\":\"REGMIK\",\"description\":\"\u0418\u0437\u043c\u0435\u0440\u0438\u0442\u0435\u043b\u044c\u043d\u044b\u0435 \u043f\u0440\u0438\u0431\u043e\u0440\u044b \u0438 \u0434\u0430\u0442\u0447\u0438\u043a\u0438 \u0442\u0435\u043c\u043f\u0435\u0440\u0430\u0442\u0443\u0440\u044b\",\"publisher\":{\"@id\":\"https:\\\/\\\/regmik.ua\\\/uk\\\/#organization\"},\"alternateName\":\"REGMIK\",\"potentialAction\":[{\"@type\":\"SearchAction\",\"target\":{\"@type\":\"EntryPoint\",\"urlTemplate\":\"https:\\\/\\\/regmik.ua\\\/uk\\\/?s={search_term_string}\"},\"query-input\":{\"@type\":\"PropertyValueSpecification\",\"valueRequired\":true,\"valueName\":\"search_term_string\"}}],\"inLanguage\":\"de\"},{\"@type\":\"Organization\",\"@id\":\"https:\\\/\\\/regmik.ua\\\/uk\\\/#organization\",\"name\":\"REGMIK\",\"alternateName\":\"\u0420\u0415\u0413\u041c\u0418\u041a\",\"url\":\"https:\\\/\\\/regmik.ua\\\/uk\\\/\",\"logo\":{\"@type\":\"ImageObject\",\"inLanguage\":\"de\",\"@id\":\"https:\\\/\\\/regmik.ua\\\/uk\\\/#\\\/schema\\\/logo\\\/image\\\/\",\"url\":\"https:\\\/\\\/regmik.ua\\\/wp-content\\\/uploads\\\/2020\\\/03\\\/regmik_logo.png\",\"contentUrl\":\"https:\\\/\\\/regmik.ua\\\/wp-content\\\/uploads\\\/2020\\\/03\\\/regmik_logo.png\",\"width\":194,\"height\":45,\"caption\":\"REGMIK\"},\"image\":{\"@id\":\"https:\\\/\\\/regmik.ua\\\/uk\\\/#\\\/schema\\\/logo\\\/image\\\/\"},\"sameAs\":[\"https:\\\/\\\/www.facebook.com\\\/regmik.npf\",\"https:\\\/\\\/x.com\\\/regmiknpf\",\"https:\\\/\\\/www.youtube.com\\\/channel\\\/UC_SrY98SKAmR3Kt95GcVKcw\"]}]}<\/script>","yoast_head_json":{"title":"Zweikanaliges Zeitrelais RV2 - REGMlK, NVF, PP","description":"Das zweikanalige Zeitrelais PB2 dient zum Z\u00e4hlen von Zeitintervallen und zum automatischen Ein- und Ausschalten von Aktoren","robots":{"index":"index","follow":"follow","max-snippet":"max-snippet:-1","max-image-preview":"max-image-preview:large","max-video-preview":"max-video-preview:-1"},"canonical":"https:\/\/regmik.ua\/de\/product\/rele-vremeni-dvuhkanalnoe-schitovoe-rv2\/","schema":{"@context":"https:\/\/schema.org","@graph":[{"@type":"WebPage","@id":"https:\/\/regmik.ua\/product\/rele-vremeni-dvuhkanalnoe-schitovoe-rv2\/","url":"https:\/\/regmik.ua\/product\/rele-vremeni-dvuhkanalnoe-schitovoe-rv2\/","name":"Zweikanaliges Zeitrelais RV2 - REGMlK, NVF, PP","isPartOf":{"@id":"https:\/\/regmik.ua\/uk\/#website"},"primaryImageOfPage":{"@id":"https:\/\/regmik.ua\/product\/rele-vremeni-dvuhkanalnoe-schitovoe-rv2\/#primaryimage"},"image":{"@id":"https:\/\/regmik.ua\/product\/rele-vremeni-dvuhkanalnoe-schitovoe-rv2\/#primaryimage"},"thumbnailUrl":"https:\/\/regmik.ua\/wp-content\/uploads\/2015\/08\/SI_1side.png","datePublished":"2016-09-15T07:50:03+00:00","dateModified":"2024-03-27T05:29:01+00:00","description":"Das zweikanalige Zeitrelais PB2 dient zum Z\u00e4hlen von Zeitintervallen und zum automatischen Ein- und Ausschalten von Aktoren","breadcrumb":{"@id":"https:\/\/regmik.ua\/product\/rele-vremeni-dvuhkanalnoe-schitovoe-rv2\/#breadcrumb"},"inLanguage":"de","potentialAction":[{"@type":"ReadAction","target":["https:\/\/regmik.ua\/product\/rele-vremeni-dvuhkanalnoe-schitovoe-rv2\/"]}]},{"@type":"ImageObject","inLanguage":"de","@id":"https:\/\/regmik.ua\/product\/rele-vremeni-dvuhkanalnoe-schitovoe-rv2\/#primaryimage","url":"https:\/\/regmik.ua\/wp-content\/uploads\/2015\/08\/SI_1side.png","contentUrl":"https:\/\/regmik.ua\/wp-content\/uploads\/2015\/08\/SI_1side.png","width":800,"height":1024,"caption":"\u0420\u0435\u0433\u0443\u043b\u044f\u0442\u043e\u0440 \u0434\u0432\u0443\u0445\u043f\u043e\u0437\u0438\u0446\u0438\u043e\u043d\u043d\u044b\u0439 \u0434\u0432\u0443\u0445\u043a\u0430\u043d\u0430\u043b\u044c\u043d\u044b\u0439 (\u0420\u04142)\u0441 \u043e\u0434\u043d\u0438\u043c \u0438\u043d\u0434\u0438\u043a\u0430\u0442\u043e\u0440\u043e\u043c"},{"@type":"BreadcrumbList","@id":"https:\/\/regmik.ua\/product\/rele-vremeni-dvuhkanalnoe-schitovoe-rv2\/#breadcrumb","itemListElement":[{"@type":"ListItem","position":1,"name":"\u0413\u043b\u0430\u0432\u043d\u0430\u044f \u0441\u0442\u0440\u0430\u043d\u0438\u0446\u0430","item":"https:\/\/regmik.ua\/"},{"@type":"ListItem","position":2,"name":"\u041f\u0440\u043e\u0434\u0443\u043a\u0446\u0438\u044f","item":"https:\/\/regmik.ua\/uk\/products\/"},{"@type":"ListItem","position":3,"name":"\u0420\u0435\u043b\u0435 \u0432\u0440\u0435\u043c\u0435\u043d\u0438 \u0434\u0432\u0443\u0445\u043a\u0430\u043d\u0430\u043b\u044c\u043d\u043e\u0435 \u0420\u04122"}]},{"@type":"WebSite","@id":"https:\/\/regmik.ua\/uk\/#website","url":"https:\/\/regmik.ua\/uk\/","name":"REGMIK","description":"Messger\u00e4te und Temperatursensoren","publisher":{"@id":"https:\/\/regmik.ua\/uk\/#organization"},"alternateName":"REGMIK","potentialAction":[{"@type":"SearchAction","target":{"@type":"EntryPoint","urlTemplate":"https:\/\/regmik.ua\/uk\/?s={search_term_string}"},"query-input":{"@type":"PropertyValueSpecification","valueRequired":true,"valueName":"search_term_string"}}],"inLanguage":"de"},{"@type":"Organization","@id":"https:\/\/regmik.ua\/uk\/#organization","name":"REGMIK","alternateName":"\u0420\u0415\u0413\u041c\u0418\u041a","url":"https:\/\/regmik.ua\/uk\/","logo":{"@type":"ImageObject","inLanguage":"de","@id":"https:\/\/regmik.ua\/uk\/#\/schema\/logo\/image\/","url":"https:\/\/regmik.ua\/wp-content\/uploads\/2020\/03\/regmik_logo.png","contentUrl":"https:\/\/regmik.ua\/wp-content\/uploads\/2020\/03\/regmik_logo.png","width":194,"height":45,"caption":"REGMIK"},"image":{"@id":"https:\/\/regmik.ua\/uk\/#\/schema\/logo\/image\/"},"sameAs":["https:\/\/www.facebook.com\/regmik.npf","https:\/\/x.com\/regmiknpf","https:\/\/www.youtube.com\/channel\/UC_SrY98SKAmR3Kt95GcVKcw"]}]}},"_links":{"self":[{"href":"https:\/\/regmik.ua\/de\/wp-json\/wp\/v2\/product\/11810","targetHints":{"allow":["GET"]}}],"collection":[{"href":"https:\/\/regmik.ua\/de\/wp-json\/wp\/v2\/product"}],"about":[{"href":"https:\/\/regmik.ua\/de\/wp-json\/wp\/v2\/types\/product"}],"replies":[{"embeddable":true,"href":"https:\/\/regmik.ua\/de\/wp-json\/wp\/v2\/comments?post=11810"}],"version-history":[{"count":0,"href":"https:\/\/regmik.ua\/de\/wp-json\/wp\/v2\/product\/11810\/revisions"}],"wp:featuredmedia":[{"embeddable":true,"href":"https:\/\/regmik.ua\/de\/wp-json\/wp\/v2\/media\/11983"}],"wp:attachment":[{"href":"https:\/\/regmik.ua\/de\/wp-json\/wp\/v2\/media?parent=11810"}],"wp:term":[{"taxonomy":"product_brand","embeddable":true,"href":"https:\/\/regmik.ua\/de\/wp-json\/wp\/v2\/product_brand?post=11810"},{"taxonomy":"product_cat","embeddable":true,"href":"https:\/\/regmik.ua\/de\/wp-json\/wp\/v2\/product_cat?post=11810"},{"taxonomy":"product_tag","embeddable":true,"href":"https:\/\/regmik.ua\/de\/wp-json\/wp\/v2\/product_tag?post=11810"}],"curies":[{"name":"wp","href":"https:\/\/api.w.org\/{rel}","templated":true}]}}