{"id":11701,"date":"2016-09-08T10:18:55","date_gmt":"2016-09-08T07:18:55","guid":{"rendered":"http:\/\/test.regmik.com.ua\/index.php\/product\/si2sch\/"},"modified":"2023-11-08T19:43:03","modified_gmt":"2023-11-08T17:43:03","slug":"schetchik-impulsov-dvuhkanalnyj-si2-sch","status":"publish","type":"product","link":"https:\/\/regmik.ua\/de\/product\/schetchik-impulsov-dvuhkanalnyj-si2-sch\/","title":{"rendered":"Zweikanaliger Impulsz\u00e4hler SI2"},"content":{"rendered":"<p>Der Zweikanal-SI2-Impulsz\u00e4hler dient zum Z\u00e4hlen der Anzahl der Impulse, die \u00fcber zwei Kan\u00e4le am Eingang des Ger\u00e4ts ankommen. Sie k\u00f6nnen verwendet werden, um die Menge der produzierten Produkte (in beliebigen Einheiten - L\u00e4nge, Gewicht, Teile usw.) zu bestimmen, Bewegung, Brotbackzeit usw. zu messen. Mit dem eingebauten Timer k\u00f6nnen Sie das Ger\u00e4t als Betriebszeitz\u00e4hler f\u00fcr Ger\u00e4te verwenden. <a href=\"https:\/\/regmik.ua\/product\/elektromagnitnyj-vytratomir-ers-50\/\">Durchflussmesser<\/a>.<br \/>\nDie Z\u00e4hler werden in zwei Leistungsmodifikationen hergestellt: aus einem Wechselspannungsnetz mit einem Nennwert von 110..240 V oder aus einer Konstantspannungsquelle mit einem Nennwert von 12..24 V.<\/p>\n<p>Der Impulsz\u00e4hler SI2 ist bestimmt f\u00fcr:<\/p>\n<ul>\n<li>Z\u00e4hlen der Anzahl von Impulsen, die von Messsensoren zu den Z\u00e4hleing\u00e4ngen (oder einem Z\u00e4hleingang) des Impulsz\u00e4hlers kommen, und Neuberechnung dieser Impulse in die erforderlichen physikalischen Ma\u00dfeinheiten durch Multiplizieren mit einem bestimmten Faktor (z. B. in Metern, Litern, St\u00fccken, Kilogramm usw.);<\/li>\n<li>Berechnung der Gesamtleistung pro Schicht, Tag, Woche, Monat usw.;<\/li>\n<li>Steuerung von Aktuatoren mit einem oder mehreren diskreten Ausg\u00e4ngen (meistens wird ein Relais oder Optokoppler als diskreter Ausgang in Impulsz\u00e4hlern verwendet).<\/li>\n<\/ul>\n<p>Als Sensor wird ein induktiver Sensor (N\u00e4herungssensor) oder ein Encoder verwendet.<\/p>\n<p>Der N\u00e4herungssensor ist ein Positionsschalter, der ohne mechanischen Kontakt mit dem beweglichen Teil (Maschine) arbeitet. Der Positionsschalter ist ein automatischer Schalter f\u00fcr Steuerkreise, dessen Steuermechanismus aktiviert wird, wenn der bewegliche Teil der Maschine eine bestimmte Position erreicht.<\/p>\n<h3>Die Hauptfunktionen von SI2:<\/h3>\n<ul>\n<li>automatische Z\u00e4hlung der Anzahl der am Z\u00e4hleingang empfangenen Impulse (\u00fcber zwei Kan\u00e4le);<\/li>\n<li>Steuerung externer Exekutivger\u00e4te bei Erreichen einer bestimmten Anzahl von Impulsen;<\/li>\n<li>Vorw\u00e4rts- und R\u00fcckw\u00e4rtsz\u00e4hlung von Impulsen;<\/li>\n<li>Berechnung der Betriebszeit des Ger\u00e4ts (Zeitz\u00e4hler);<\/li>\n<li>Messung der Anzahl der Impulse pro Zeiteinheit (Drehzahlmesser, Durchflussmesser);<\/li>\n<li>automatische Speicherung der Z\u00e4hlergebnisse beim Ausschalten;<\/li>\n<li>Teilen und Multiplizieren der gez\u00e4hlten Anzahl von Impulsen durch die vom Benutzer programmgesteuert eingegebenen Koeffizienten;<\/li>\n<li>Beseitigung des Einflusses des Kontaktsprungs des Eingangssensors auf die Ergebnisse der Z\u00e4hlimpulse;<\/li>\n<li>Anzeigen der Ergebnisse der Z\u00e4hlung der Anzahl der Impulse auf der eingebauten LED-Digitalanzeige (4 oder 5 Stellen);<\/li>\n<li>die F\u00e4higkeit, mit verschiedenen Arten von Encodern, optischen Sensoren mit npn- oder pnp-Ausgang zu arbeiten;<\/li>\n<li>Passwortschutz von Parametern;<\/li>\n<li>schneller Zugriff auf h\u00e4ufig ge\u00e4nderte Parameter;<\/li>\n<li>Schnittstelle <a href=\"https:\/\/ru.wikipedia.org\/wiki\/RS-485\">RS-485<\/a> (Optional).<\/li>\n<\/ul>\n<p>&nbsp;<\/p>","protected":false},"excerpt":{"rendered":"<p>Der Impulsz\u00e4hler Zweikanal-Acht-Bit-SI 2-8 zusammen mit verschiedenen Sensoren dient zur \u00dcberwachung und Steuerung verschiedener technologischer Produktionsprozesse, bei denen eine automatische Z\u00e4hlung der Menge in zwei Kan\u00e4len erforderlich ist.<\/p>","protected":false},"featured_media":11990,"comment_status":"open","ping_status":"closed","template":"","meta":[],"product_brand":[],"product_cat":[37,61,177],"product_tag":[3442,751,749,44],"class_list":{"0":"post-11701","1":"product","2":"type-product","3":"status-publish","4":"has-post-thumbnail","6":"product_cat-devices","7":"product_cat-pulse-counters","8":"product_cat-shield-body-pulse-counters","9":"product_tag-3442","10":"product_tag-rashodomer","11":"product_tag-schetchik-impulsov","12":"product_tag-upravlenie","13":"pa_number-of-indicators-73","14":"pa_number-of-indicators-74","15":"pa_number-of-inputs-244","16":"pa_number-of-outputs-250","17":"pa_outputs1-ok","18":"pa_outputs1-os","19":"pa_outputs1-r","20":"pa_power-supply-ip24","21":"pa_power-supply-ipi","22":"pa_rs485-yes","23":"pa_sk1-277","26":"instock","27":"shipping-taxable","28":"purchasable","29":"product-type-variable","30":"has-default-attributes"},"yoast_head":"<title>\u0421\u0447\u0435\u0442\u0447\u0438\u043a \u0438\u043c\u043f\u0443\u043b\u044c\u0441\u043e\u0432 \u0434\u0432\u0443\u0445\u043a\u0430\u043d\u0430\u043b\u044c\u043d\u044b\u0439 \u0421\u04182 &#8211; \u0420\u0415\u0413\u041c\u0406\u041a, \u041d\u0412\u0424, \u041f\u041f<\/title>\n<meta name=\"description\" content=\"\u0421\u0447\u0435\u0442\u0447\u0438\u043a \u0438\u043c\u043f\u0443\u043b\u044c\u0441\u043e\u0432 \u0434\u0432\u0443\u0445\u043a\u0430\u043d\u0430\u043b\u044c\u043d\u044b\u0439 \u0421\u04182 \u043f\u0440\u0435\u0434\u043d\u0430\u0437\u043d\u0430\u0447\u0435\u043d \u0434\u043b\u044f \u043f\u043e\u0434\u0441\u0447\u0435\u0442\u0430 \u043a\u043e\u043b\u0438\u0447\u0435\u0441\u0442\u0432\u0430 \u0438\u043c\u043f\u0443\u043b\u044c\u0441\u043e\u0432 \u043f\u043e\u0441\u0442\u0443\u043f\u0430\u044e\u0449\u0438\u0445 \u043d\u0430 \u0432\u0445\u043e\u0434 \u043f\u0440\u0438\u0431\u043e\u0440\u0430 \u043f\u043e \u0434\u0432\u0443\u043c \u043a\u0430\u043d\u0430\u043b\u0430\u043c.\" \/>\n<meta name=\"robots\" content=\"index, follow, max-snippet:-1, max-image-preview:large, max-video-preview:-1\" \/>\n<link rel=\"canonical\" href=\"https:\/\/regmik.ua\/de\/product\/schetchik-impulsov-dvuhkanalnyj-si2-sch\/\" \/>\n<script type=\"application\/ld+json\" class=\"yoast-schema-graph\">{\"@context\":\"https:\\\/\\\/schema.org\",\"@graph\":[{\"@type\":\"WebPage\",\"@id\":\"https:\\\/\\\/regmik.ua\\\/product\\\/schetchik-impulsov-dvuhkanalnyj-si2-sch\\\/\",\"url\":\"https:\\\/\\\/regmik.ua\\\/product\\\/schetchik-impulsov-dvuhkanalnyj-si2-sch\\\/\",\"name\":\"\u0421\u0447\u0435\u0442\u0447\u0438\u043a \u0438\u043c\u043f\u0443\u043b\u044c\u0441\u043e\u0432 \u0434\u0432\u0443\u0445\u043a\u0430\u043d\u0430\u043b\u044c\u043d\u044b\u0439 \u0421\u04182 &#8211; \u0420\u0415\u0413\u041c\u0406\u041a, \u041d\u0412\u0424, \u041f\u041f\",\"isPartOf\":{\"@id\":\"https:\\\/\\\/regmik.ua\\\/uk\\\/#website\"},\"primaryImageOfPage\":{\"@id\":\"https:\\\/\\\/regmik.ua\\\/product\\\/schetchik-impulsov-dvuhkanalnyj-si2-sch\\\/#primaryimage\"},\"image\":{\"@id\":\"https:\\\/\\\/regmik.ua\\\/product\\\/schetchik-impulsov-dvuhkanalnyj-si2-sch\\\/#primaryimage\"},\"thumbnailUrl\":\"https:\\\/\\\/regmik.ua\\\/wp-content\\\/uploads\\\/2015\\\/08\\\/SI_front1.png\",\"datePublished\":\"2016-09-08T07:18:55+00:00\",\"dateModified\":\"2023-11-08T17:43:03+00:00\",\"description\":\"\u0421\u0447\u0435\u0442\u0447\u0438\u043a \u0438\u043c\u043f\u0443\u043b\u044c\u0441\u043e\u0432 \u0434\u0432\u0443\u0445\u043a\u0430\u043d\u0430\u043b\u044c\u043d\u044b\u0439 \u0421\u04182 \u043f\u0440\u0435\u0434\u043d\u0430\u0437\u043d\u0430\u0447\u0435\u043d \u0434\u043b\u044f \u043f\u043e\u0434\u0441\u0447\u0435\u0442\u0430 \u043a\u043e\u043b\u0438\u0447\u0435\u0441\u0442\u0432\u0430 \u0438\u043c\u043f\u0443\u043b\u044c\u0441\u043e\u0432 \u043f\u043e\u0441\u0442\u0443\u043f\u0430\u044e\u0449\u0438\u0445 \u043d\u0430 \u0432\u0445\u043e\u0434 \u043f\u0440\u0438\u0431\u043e\u0440\u0430 \u043f\u043e \u0434\u0432\u0443\u043c \u043a\u0430\u043d\u0430\u043b\u0430\u043c.\",\"breadcrumb\":{\"@id\":\"https:\\\/\\\/regmik.ua\\\/product\\\/schetchik-impulsov-dvuhkanalnyj-si2-sch\\\/#breadcrumb\"},\"inLanguage\":\"de\",\"potentialAction\":[{\"@type\":\"ReadAction\",\"target\":[\"https:\\\/\\\/regmik.ua\\\/product\\\/schetchik-impulsov-dvuhkanalnyj-si2-sch\\\/\"]}]},{\"@type\":\"ImageObject\",\"inLanguage\":\"de\",\"@id\":\"https:\\\/\\\/regmik.ua\\\/product\\\/schetchik-impulsov-dvuhkanalnyj-si2-sch\\\/#primaryimage\",\"url\":\"https:\\\/\\\/regmik.ua\\\/wp-content\\\/uploads\\\/2015\\\/08\\\/SI_front1.png\",\"contentUrl\":\"https:\\\/\\\/regmik.ua\\\/wp-content\\\/uploads\\\/2015\\\/08\\\/SI_front1.png\",\"width\":800,\"height\":1024,\"caption\":\"\u0421\u0447\u0435\u0442\u0447\u0438\u043a \u0438\u043c\u043f\u0443\u043b\u044c\u0441\u043e\u0432 \u0434\u0432\u0443\u0445\u043a\u0430\u043d\u0430\u043b\u044c\u043d\u044b\u0439 \u0449\u0438\u0442\u043e\u0432\u043e\u0439 (\u0421\u04182) \u0441 \u043e\u0434\u043d\u0438\u043c \u0438\u043d\u0434\u0438\u043a\u0430\u0442\u043e\u0440\u043e\u043c\"},{\"@type\":\"BreadcrumbList\",\"@id\":\"https:\\\/\\\/regmik.ua\\\/product\\\/schetchik-impulsov-dvuhkanalnyj-si2-sch\\\/#breadcrumb\",\"itemListElement\":[{\"@type\":\"ListItem\",\"position\":1,\"name\":\"\u0413\u043b\u0430\u0432\u043d\u0430\u044f \u0441\u0442\u0440\u0430\u043d\u0438\u0446\u0430\",\"item\":\"https:\\\/\\\/regmik.ua\\\/\"},{\"@type\":\"ListItem\",\"position\":2,\"name\":\"\u041f\u0440\u043e\u0434\u0443\u043a\u0446\u0438\u044f\",\"item\":\"https:\\\/\\\/regmik.ua\\\/uk\\\/products\\\/\"},{\"@type\":\"ListItem\",\"position\":3,\"name\":\"\u0421\u0447\u0435\u0442\u0447\u0438\u043a \u0438\u043c\u043f\u0443\u043b\u044c\u0441\u043e\u0432 \u0434\u0432\u0443\u0445\u043a\u0430\u043d\u0430\u043b\u044c\u043d\u044b\u0439 \u0421\u04182\"}]},{\"@type\":\"WebSite\",\"@id\":\"https:\\\/\\\/regmik.ua\\\/uk\\\/#website\",\"url\":\"https:\\\/\\\/regmik.ua\\\/uk\\\/\",\"name\":\"REGMIK\",\"description\":\"\u0418\u0437\u043c\u0435\u0440\u0438\u0442\u0435\u043b\u044c\u043d\u044b\u0435 \u043f\u0440\u0438\u0431\u043e\u0440\u044b \u0438 \u0434\u0430\u0442\u0447\u0438\u043a\u0438 \u0442\u0435\u043c\u043f\u0435\u0440\u0430\u0442\u0443\u0440\u044b\",\"publisher\":{\"@id\":\"https:\\\/\\\/regmik.ua\\\/uk\\\/#organization\"},\"alternateName\":\"REGMIK\",\"potentialAction\":[{\"@type\":\"SearchAction\",\"target\":{\"@type\":\"EntryPoint\",\"urlTemplate\":\"https:\\\/\\\/regmik.ua\\\/uk\\\/?s={search_term_string}\"},\"query-input\":{\"@type\":\"PropertyValueSpecification\",\"valueRequired\":true,\"valueName\":\"search_term_string\"}}],\"inLanguage\":\"de\"},{\"@type\":\"Organization\",\"@id\":\"https:\\\/\\\/regmik.ua\\\/uk\\\/#organization\",\"name\":\"REGMIK\",\"alternateName\":\"\u0420\u0415\u0413\u041c\u0418\u041a\",\"url\":\"https:\\\/\\\/regmik.ua\\\/uk\\\/\",\"logo\":{\"@type\":\"ImageObject\",\"inLanguage\":\"de\",\"@id\":\"https:\\\/\\\/regmik.ua\\\/uk\\\/#\\\/schema\\\/logo\\\/image\\\/\",\"url\":\"https:\\\/\\\/regmik.ua\\\/wp-content\\\/uploads\\\/2020\\\/03\\\/regmik_logo.png\",\"contentUrl\":\"https:\\\/\\\/regmik.ua\\\/wp-content\\\/uploads\\\/2020\\\/03\\\/regmik_logo.png\",\"width\":194,\"height\":45,\"caption\":\"REGMIK\"},\"image\":{\"@id\":\"https:\\\/\\\/regmik.ua\\\/uk\\\/#\\\/schema\\\/logo\\\/image\\\/\"},\"sameAs\":[\"https:\\\/\\\/www.facebook.com\\\/regmik.npf\",\"https:\\\/\\\/x.com\\\/regmiknpf\",\"https:\\\/\\\/www.youtube.com\\\/channel\\\/UC_SrY98SKAmR3Kt95GcVKcw\"]}]}<\/script>","yoast_head_json":{"title":"Impulsz\u00e4hler zweikanalig SI2 - REGMlK, NVF, PP","description":"Der Zweikanal-SI2-Impulsz\u00e4hler dient zum Z\u00e4hlen der Anzahl der Impulse, die \u00fcber zwei Kan\u00e4le am Eingang des Ger\u00e4ts ankommen.","robots":{"index":"index","follow":"follow","max-snippet":"max-snippet:-1","max-image-preview":"max-image-preview:large","max-video-preview":"max-video-preview:-1"},"canonical":"https:\/\/regmik.ua\/de\/product\/schetchik-impulsov-dvuhkanalnyj-si2-sch\/","schema":{"@context":"https:\/\/schema.org","@graph":[{"@type":"WebPage","@id":"https:\/\/regmik.ua\/product\/schetchik-impulsov-dvuhkanalnyj-si2-sch\/","url":"https:\/\/regmik.ua\/product\/schetchik-impulsov-dvuhkanalnyj-si2-sch\/","name":"Impulsz\u00e4hler zweikanalig SI2 - REGMlK, NVF, PP","isPartOf":{"@id":"https:\/\/regmik.ua\/uk\/#website"},"primaryImageOfPage":{"@id":"https:\/\/regmik.ua\/product\/schetchik-impulsov-dvuhkanalnyj-si2-sch\/#primaryimage"},"image":{"@id":"https:\/\/regmik.ua\/product\/schetchik-impulsov-dvuhkanalnyj-si2-sch\/#primaryimage"},"thumbnailUrl":"https:\/\/regmik.ua\/wp-content\/uploads\/2015\/08\/SI_front1.png","datePublished":"2016-09-08T07:18:55+00:00","dateModified":"2023-11-08T17:43:03+00:00","description":"Der Zweikanal-SI2-Impulsz\u00e4hler dient zum Z\u00e4hlen der Anzahl der Impulse, die \u00fcber zwei Kan\u00e4le am Eingang des Ger\u00e4ts ankommen.","breadcrumb":{"@id":"https:\/\/regmik.ua\/product\/schetchik-impulsov-dvuhkanalnyj-si2-sch\/#breadcrumb"},"inLanguage":"de","potentialAction":[{"@type":"ReadAction","target":["https:\/\/regmik.ua\/product\/schetchik-impulsov-dvuhkanalnyj-si2-sch\/"]}]},{"@type":"ImageObject","inLanguage":"de","@id":"https:\/\/regmik.ua\/product\/schetchik-impulsov-dvuhkanalnyj-si2-sch\/#primaryimage","url":"https:\/\/regmik.ua\/wp-content\/uploads\/2015\/08\/SI_front1.png","contentUrl":"https:\/\/regmik.ua\/wp-content\/uploads\/2015\/08\/SI_front1.png","width":800,"height":1024,"caption":"\u0421\u0447\u0435\u0442\u0447\u0438\u043a \u0438\u043c\u043f\u0443\u043b\u044c\u0441\u043e\u0432 \u0434\u0432\u0443\u0445\u043a\u0430\u043d\u0430\u043b\u044c\u043d\u044b\u0439 \u0449\u0438\u0442\u043e\u0432\u043e\u0439 (\u0421\u04182) \u0441 \u043e\u0434\u043d\u0438\u043c \u0438\u043d\u0434\u0438\u043a\u0430\u0442\u043e\u0440\u043e\u043c"},{"@type":"BreadcrumbList","@id":"https:\/\/regmik.ua\/product\/schetchik-impulsov-dvuhkanalnyj-si2-sch\/#breadcrumb","itemListElement":[{"@type":"ListItem","position":1,"name":"\u0413\u043b\u0430\u0432\u043d\u0430\u044f \u0441\u0442\u0440\u0430\u043d\u0438\u0446\u0430","item":"https:\/\/regmik.ua\/"},{"@type":"ListItem","position":2,"name":"\u041f\u0440\u043e\u0434\u0443\u043a\u0446\u0438\u044f","item":"https:\/\/regmik.ua\/uk\/products\/"},{"@type":"ListItem","position":3,"name":"\u0421\u0447\u0435\u0442\u0447\u0438\u043a \u0438\u043c\u043f\u0443\u043b\u044c\u0441\u043e\u0432 \u0434\u0432\u0443\u0445\u043a\u0430\u043d\u0430\u043b\u044c\u043d\u044b\u0439 \u0421\u04182"}]},{"@type":"WebSite","@id":"https:\/\/regmik.ua\/uk\/#website","url":"https:\/\/regmik.ua\/uk\/","name":"REGMIK","description":"Messger\u00e4te und Temperatursensoren","publisher":{"@id":"https:\/\/regmik.ua\/uk\/#organization"},"alternateName":"REGMIK","potentialAction":[{"@type":"SearchAction","target":{"@type":"EntryPoint","urlTemplate":"https:\/\/regmik.ua\/uk\/?s={search_term_string}"},"query-input":{"@type":"PropertyValueSpecification","valueRequired":true,"valueName":"search_term_string"}}],"inLanguage":"de"},{"@type":"Organization","@id":"https:\/\/regmik.ua\/uk\/#organization","name":"REGMIK","alternateName":"\u0420\u0415\u0413\u041c\u0418\u041a","url":"https:\/\/regmik.ua\/uk\/","logo":{"@type":"ImageObject","inLanguage":"de","@id":"https:\/\/regmik.ua\/uk\/#\/schema\/logo\/image\/","url":"https:\/\/regmik.ua\/wp-content\/uploads\/2020\/03\/regmik_logo.png","contentUrl":"https:\/\/regmik.ua\/wp-content\/uploads\/2020\/03\/regmik_logo.png","width":194,"height":45,"caption":"REGMIK"},"image":{"@id":"https:\/\/regmik.ua\/uk\/#\/schema\/logo\/image\/"},"sameAs":["https:\/\/www.facebook.com\/regmik.npf","https:\/\/x.com\/regmiknpf","https:\/\/www.youtube.com\/channel\/UC_SrY98SKAmR3Kt95GcVKcw"]}]}},"_links":{"self":[{"href":"https:\/\/regmik.ua\/de\/wp-json\/wp\/v2\/product\/11701","targetHints":{"allow":["GET"]}}],"collection":[{"href":"https:\/\/regmik.ua\/de\/wp-json\/wp\/v2\/product"}],"about":[{"href":"https:\/\/regmik.ua\/de\/wp-json\/wp\/v2\/types\/product"}],"replies":[{"embeddable":true,"href":"https:\/\/regmik.ua\/de\/wp-json\/wp\/v2\/comments?post=11701"}],"version-history":[{"count":0,"href":"https:\/\/regmik.ua\/de\/wp-json\/wp\/v2\/product\/11701\/revisions"}],"wp:featuredmedia":[{"embeddable":true,"href":"https:\/\/regmik.ua\/de\/wp-json\/wp\/v2\/media\/11990"}],"wp:attachment":[{"href":"https:\/\/regmik.ua\/de\/wp-json\/wp\/v2\/media?parent=11701"}],"wp:term":[{"taxonomy":"product_brand","embeddable":true,"href":"https:\/\/regmik.ua\/de\/wp-json\/wp\/v2\/product_brand?post=11701"},{"taxonomy":"product_cat","embeddable":true,"href":"https:\/\/regmik.ua\/de\/wp-json\/wp\/v2\/product_cat?post=11701"},{"taxonomy":"product_tag","embeddable":true,"href":"https:\/\/regmik.ua\/de\/wp-json\/wp\/v2\/product_tag?post=11701"}],"curies":[{"name":"wp","href":"https:\/\/api.w.org\/{rel}","templated":true}]}}