{"id":11349,"date":"2016-08-30T14:02:26","date_gmt":"2016-08-30T11:02:26","guid":{"rendered":"http:\/\/test.regmik.com.ua\/index.php\/product\/impulsnyj-blok-pitanija-bp2-50-24v\/"},"modified":"2025-01-09T17:29:46","modified_gmt":"2025-01-09T15:29:46","slug":"impulsnyj-blok-pitanija-bp2-50-24v","status":"publish","type":"product","link":"https:\/\/regmik.ua\/de\/product\/impulsnyj-blok-pitanija-bp2-50-24v\/","title":{"rendered":"Schaltnetzteil BP2-50 24V"},"content":{"rendered":"<p>Ger\u00e4teumfang:<br \/>\n\u2022 Sicherheitsalarme, Video\u00fcberwachung, Gegensprechanlagen, Alarmtafeln;<br \/>\n\u2022 Stromversorgung f\u00fcr verantwortungsbewusste industrielle Verbraucher;<br \/>\n\u2022 Stromversorgung von Normalisierungswandlern und Signalumwandlungseinheiten;<br \/>\n\u2022 zur Stromversorgung von Sensoren mit einem einheitlichen Ausgangsstromsignal usw.<\/p>\n<h3 id=\"desc\" class=\"attr\">Eigenschaften<\/h3>\n<p>Technische Hauptmerkmale des Netzteils<\/p>\n<table class=\"reg-product-table\" border=\"1\" cellspacing=\"0\" cellpadding=\"0\" align=\"center\">\n<tbody>\n<tr bgcolor=\"#DDDDDD\">\n<th width=\"322\"><center><span class=\"body_left_page\"><strong>Beschreibung der Eigenschaften<\/strong><\/span><\/center><\/th>\n<th width=\"144\"><center><span class=\"body_left_page\"><strong>Wert<\/strong><\/span><\/center><\/th>\n<\/tr>\n<tr>\n<td><span class=\"body_left_page\">Eingangsspannung, V.<\/span><\/td>\n<td><center><span class=\"body_left_page\">110. .265 AC<\/span><\/center><\/td>\n<\/tr>\n<tr>\n<td><span class=\"body_left_page\">Eingangswechselspannung, Hz<\/span><\/td>\n<td><center><span class=\"body_left_page\">50 (\u00b1 10)<\/span><\/center><\/td>\n<\/tr>\n<tr>\n<td><span class=\"body_left_page\">Maximale Ausgangsleistung, W.<\/span><\/td>\n<td><center><span class=\"body_left_page\">50<\/span><\/center><\/td>\n<\/tr>\n<tr>\n<td><span class=\"body_left_page\">Nennausgangsspannung, V.<\/span><\/td>\n<td><center><span class=\"body_left_page\">24<\/span><\/center><\/td>\n<\/tr>\n<tr>\n<td><span class=\"body_left_page\">Maximaler Laststrom, A.<\/span><\/td>\n<td><center><span class=\"body_left_page\">2,5<\/span><\/center><\/td>\n<\/tr>\n<tr>\n<td><span class=\"body_left_page\">Betriebstemperaturbereich, \u0421 <\/span><\/td>\n<td><center>von 0 bis +55<\/center><\/td>\n<\/tr>\n<tr>\n<td><span class=\"body_left_page\">Maximale Amplitude der Ausgangsspannungswelligkeit, mV<\/span><\/td>\n<td><center><span class=\"body_left_page\">bis zu 100<\/span><\/center><\/td>\n<\/tr>\n<tr>\n<td><span class=\"body_left_page\">Gewicht, kg nicht mehr <\/span><\/td>\n<td><center><span class=\"body_left_page\">0,4<\/span><\/center><\/td>\n<\/tr>\n<tr>\n<td><span class=\"body_left_page\">Geh\u00e4use <\/span><\/td>\n<td><center><span class=\"body_left_page\">Z-100<\/span><\/center><\/td>\n<\/tr>\n<tr>\n<td><span class=\"body_left_page\">Geh\u00e4useschutz <\/span><\/td>\n<td><center><span class=\"body_left_page\">IP20<\/span><\/center><\/td>\n<\/tr>\n<\/tbody>\n<\/table>\n<p>Die Netzteile sind in Geh\u00e4usen zur Montage auf einer DIN-Schiene (35 mm breit) erh\u00e4ltlich.<\/p>\n<h4>Beschreibung des Ger\u00e4tebetriebs<\/h4>\n<p>Das Netzteil ist \u00fcber die Eingangskontakte mit dem ~ 220V-Netzteil verbunden. Das Leuchten der LED bestimmt das Vorhandensein einer Versorgungsspannung am Ausgang des Ger\u00e4ts. Die Last ist mit den Ausgangskontakten verbunden.<\/p>\n<p>&nbsp;<\/p>","protected":false},"excerpt":{"rendered":"<p><strong><span style=\"color: #ff0000;\">AUSF\u00dcHRUNG AUS DER PRODUKTION !!!<\/span><\/strong><\/p>\n<p>Schaltnetzteile (Netzteile) BP2 dienen zur Versorgung verschiedener elektronischer Ger\u00e4te mit einer stabilisierten Gleichspannung. Die Netzteile verf\u00fcgen \u00fcber einen Eingangsleitungsfilter und eine galvanische Trennung zwischen Eingang und Ausgang.<\/p>\n<p><strong><span style=\"color: #ff0000;\">Dieser Artikel ist ausverkauft und kann nicht bestellt werden.<\/span><\/strong><\/p>","protected":false},"featured_media":29084,"comment_status":"open","ping_status":"closed","template":"","meta":[],"product_brand":[],"product_cat":[58],"product_tag":[113,125,126,111],"class_list":{"0":"post-11349","1":"product","2":"type-product","3":"status-publish","4":"has-post-thumbnail","6":"product_cat-power-supply","7":"product_tag-220v","8":"product_tag-24v","9":"product_tag-50vt","10":"product_tag-blok-pitaniya","11":"pa_capacity-365","12":"pa_power-supply-ipi","15":"instock","16":"shipping-taxable","17":"product-type-simple"},"yoast_head":"<title>\u0418\u043c\u043f\u0443\u043b\u044c\u0441\u043d\u044b\u0439 \u0431\u043b\u043e\u043a \u043f\u0438\u0442\u0430\u043d\u0438\u044f \u0411\u041f2-50 24\u0412 &#8211; \u0420\u0415\u0413\u041c\u0406\u041a, \u041d\u0412\u0424, \u041f\u041f<\/title>\n<meta name=\"description\" content=\"\u0421\u041d\u042f\u0422 \u0421 \u041f\u0420\u041e\u0418\u0417\u0412\u041e\u0414\u0421\u0422\u0412\u0410!!!  \u0418\u043c\u043f\u0443\u043b\u044c\u0441\u043d\u044b\u0435 \u0438\u0441\u0442\u043e\u0447\u043d\u0438\u043a\u0438 \u043f\u0438\u0442\u0430\u043d\u0438\u044f (\u0431\u043b\u043e\u043a\u0438 \u043f\u0438\u0442\u0430\u043d\u0438\u044f) \u0411\u041f2 \u043f\u0440\u0435\u0434\u043d\u0430\u0437\u043d\u0430\u0447\u0435\u043d\u044b \u0434\u043b\u044f \u043f\u0438\u0442\u0430\u043d\u0438\u044f \u0441\u0442\u0430\u0431\u0438\u043b\u0438\u0437\u0438\u0440\u043e\u0432\u0430\u043d\u043d\u044b\u043c \u043d\u0430\u043f\u0440\u044f\u0436\u0435\u043d\u0438\u0435\u043c \u043f\u043e\u0441\u0442\u043e\u044f\u043d\u043d\u043e\u0433\u043e \u0442\u043e\u043a\u0430 \u0440\u0430\u0437\u043b\u0438\u0447\u043d\u044b\u0445 \u0440\u0430\u0434\u0438\u043e\u044d\u043b\u0435\u043a\u0442\u0440\u043e\u043d\u043d\u044b\u0445 \u0443\u0441\u0442\u0440\u043e\u0439\u0441\u0442\u0432. \u0418\u0441\u0442\u043e\u0447\u043d\u0438\u043a\u0438 \u043f\u0438\u0442\u0430\u043d\u0438\u044f \u0438\u043c\u0435\u044e\u0442 \u0432\u0445\u043e\u0434\u043d\u043e\u0439 \u0441\u0435\u0442\u0435\u0432\u043e\u0439 \u0444\u0438\u043b\u044c\u0442\u0440, \u0433\u0430\u043b\u044c\u0432\u0430\u043d\u0438\u0447\u0435\u0441\u043a\u0443\u044e \u0440\u0430\u0437\u0432\u044f\u0437\u043a\u0443 \u043c\u0435\u0436\u0434\u0443 \u0432\u0445\u043e\u0434\u043e\u043c \u0438 \u0432\u044b\u0445\u043e\u0434\u043e\u043c.  \u042d\u0442\u043e\u0433\u043e \u0442\u043e\u0432\u0430\u0440\u0430 \u043d\u0435\u0442 \u0432 \u043d\u0430\u043b\u0438\u0447\u0438\u0438, \u0437\u0430\u043a\u0430\u0437 \u043d\u0435\u0434\u043e\u0441\u0442\u0443\u043f\u0435\u043d.\" \/>\n<meta name=\"robots\" content=\"index, follow, max-snippet:-1, max-image-preview:large, max-video-preview:-1\" \/>\n<link rel=\"canonical\" href=\"https:\/\/regmik.ua\/de\/product\/impulsnyj-blok-pitanija-bp2-50-24v\/\" \/>\n<script type=\"application\/ld+json\" class=\"yoast-schema-graph\">{\"@context\":\"https:\\\/\\\/schema.org\",\"@graph\":[{\"@type\":\"WebPage\",\"@id\":\"https:\\\/\\\/regmik.ua\\\/product\\\/impulsnyj-blok-pitanija-bp2-50-24v\\\/\",\"url\":\"https:\\\/\\\/regmik.ua\\\/product\\\/impulsnyj-blok-pitanija-bp2-50-24v\\\/\",\"name\":\"\u0418\u043c\u043f\u0443\u043b\u044c\u0441\u043d\u044b\u0439 \u0431\u043b\u043e\u043a \u043f\u0438\u0442\u0430\u043d\u0438\u044f \u0411\u041f2-50 24\u0412 &#8211; \u0420\u0415\u0413\u041c\u0406\u041a, \u041d\u0412\u0424, \u041f\u041f\",\"isPartOf\":{\"@id\":\"https:\\\/\\\/regmik.ua\\\/uk\\\/#website\"},\"primaryImageOfPage\":{\"@id\":\"https:\\\/\\\/regmik.ua\\\/product\\\/impulsnyj-blok-pitanija-bp2-50-24v\\\/#primaryimage\"},\"image\":{\"@id\":\"https:\\\/\\\/regmik.ua\\\/product\\\/impulsnyj-blok-pitanija-bp2-50-24v\\\/#primaryimage\"},\"thumbnailUrl\":\"https:\\\/\\\/regmik.ua\\\/wp-content\\\/uploads\\\/20376b20-2285-4698-b5f4-328bdf9ba474.jpg\",\"datePublished\":\"2016-08-30T11:02:26+00:00\",\"dateModified\":\"2025-01-09T15:29:46+00:00\",\"description\":\"\u0421\u041d\u042f\u0422 \u0421 \u041f\u0420\u041e\u0418\u0417\u0412\u041e\u0414\u0421\u0422\u0412\u0410!!! \u0418\u043c\u043f\u0443\u043b\u044c\u0441\u043d\u044b\u0435 \u0438\u0441\u0442\u043e\u0447\u043d\u0438\u043a\u0438 \u043f\u0438\u0442\u0430\u043d\u0438\u044f (\u0431\u043b\u043e\u043a\u0438 \u043f\u0438\u0442\u0430\u043d\u0438\u044f) \u0411\u041f2 \u043f\u0440\u0435\u0434\u043d\u0430\u0437\u043d\u0430\u0447\u0435\u043d\u044b \u0434\u043b\u044f \u043f\u0438\u0442\u0430\u043d\u0438\u044f \u0441\u0442\u0430\u0431\u0438\u043b\u0438\u0437\u0438\u0440\u043e\u0432\u0430\u043d\u043d\u044b\u043c \u043d\u0430\u043f\u0440\u044f\u0436\u0435\u043d\u0438\u0435\u043c \u043f\u043e\u0441\u0442\u043e\u044f\u043d\u043d\u043e\u0433\u043e \u0442\u043e\u043a\u0430 \u0440\u0430\u0437\u043b\u0438\u0447\u043d\u044b\u0445 \u0440\u0430\u0434\u0438\u043e\u044d\u043b\u0435\u043a\u0442\u0440\u043e\u043d\u043d\u044b\u0445 \u0443\u0441\u0442\u0440\u043e\u0439\u0441\u0442\u0432. \u0418\u0441\u0442\u043e\u0447\u043d\u0438\u043a\u0438 \u043f\u0438\u0442\u0430\u043d\u0438\u044f \u0438\u043c\u0435\u044e\u0442 \u0432\u0445\u043e\u0434\u043d\u043e\u0439 \u0441\u0435\u0442\u0435\u0432\u043e\u0439 \u0444\u0438\u043b\u044c\u0442\u0440, \u0433\u0430\u043b\u044c\u0432\u0430\u043d\u0438\u0447\u0435\u0441\u043a\u0443\u044e \u0440\u0430\u0437\u0432\u044f\u0437\u043a\u0443 \u043c\u0435\u0436\u0434\u0443 \u0432\u0445\u043e\u0434\u043e\u043c \u0438 \u0432\u044b\u0445\u043e\u0434\u043e\u043c. \u042d\u0442\u043e\u0433\u043e \u0442\u043e\u0432\u0430\u0440\u0430 \u043d\u0435\u0442 \u0432 \u043d\u0430\u043b\u0438\u0447\u0438\u0438, \u0437\u0430\u043a\u0430\u0437 \u043d\u0435\u0434\u043e\u0441\u0442\u0443\u043f\u0435\u043d.\",\"breadcrumb\":{\"@id\":\"https:\\\/\\\/regmik.ua\\\/product\\\/impulsnyj-blok-pitanija-bp2-50-24v\\\/#breadcrumb\"},\"inLanguage\":\"de\",\"potentialAction\":[{\"@type\":\"ReadAction\",\"target\":[\"https:\\\/\\\/regmik.ua\\\/product\\\/impulsnyj-blok-pitanija-bp2-50-24v\\\/\"]}]},{\"@type\":\"ImageObject\",\"inLanguage\":\"de\",\"@id\":\"https:\\\/\\\/regmik.ua\\\/product\\\/impulsnyj-blok-pitanija-bp2-50-24v\\\/#primaryimage\",\"url\":\"https:\\\/\\\/regmik.ua\\\/wp-content\\\/uploads\\\/20376b20-2285-4698-b5f4-328bdf9ba474.jpg\",\"contentUrl\":\"https:\\\/\\\/regmik.ua\\\/wp-content\\\/uploads\\\/20376b20-2285-4698-b5f4-328bdf9ba474.jpg\",\"width\":1024,\"height\":1024},{\"@type\":\"BreadcrumbList\",\"@id\":\"https:\\\/\\\/regmik.ua\\\/product\\\/impulsnyj-blok-pitanija-bp2-50-24v\\\/#breadcrumb\",\"itemListElement\":[{\"@type\":\"ListItem\",\"position\":1,\"name\":\"\u0413\u043b\u0430\u0432\u043d\u0430\u044f \u0441\u0442\u0440\u0430\u043d\u0438\u0446\u0430\",\"item\":\"https:\\\/\\\/regmik.ua\\\/\"},{\"@type\":\"ListItem\",\"position\":2,\"name\":\"\u041f\u0440\u043e\u0434\u0443\u043a\u0446\u0438\u044f\",\"item\":\"https:\\\/\\\/regmik.ua\\\/uk\\\/products\\\/\"},{\"@type\":\"ListItem\",\"position\":3,\"name\":\"\u0418\u043c\u043f\u0443\u043b\u044c\u0441\u043d\u044b\u0439 \u0431\u043b\u043e\u043a \u043f\u0438\u0442\u0430\u043d\u0438\u044f \u0411\u041f2-50 24\u0412\"}]},{\"@type\":\"WebSite\",\"@id\":\"https:\\\/\\\/regmik.ua\\\/uk\\\/#website\",\"url\":\"https:\\\/\\\/regmik.ua\\\/uk\\\/\",\"name\":\"REGMIK\",\"description\":\"\u0418\u0437\u043c\u0435\u0440\u0438\u0442\u0435\u043b\u044c\u043d\u044b\u0435 \u043f\u0440\u0438\u0431\u043e\u0440\u044b \u0438 \u0434\u0430\u0442\u0447\u0438\u043a\u0438 \u0442\u0435\u043c\u043f\u0435\u0440\u0430\u0442\u0443\u0440\u044b\",\"publisher\":{\"@id\":\"https:\\\/\\\/regmik.ua\\\/uk\\\/#organization\"},\"alternateName\":\"REGMIK\",\"potentialAction\":[{\"@type\":\"SearchAction\",\"target\":{\"@type\":\"EntryPoint\",\"urlTemplate\":\"https:\\\/\\\/regmik.ua\\\/uk\\\/?s={search_term_string}\"},\"query-input\":{\"@type\":\"PropertyValueSpecification\",\"valueRequired\":true,\"valueName\":\"search_term_string\"}}],\"inLanguage\":\"de\"},{\"@type\":\"Organization\",\"@id\":\"https:\\\/\\\/regmik.ua\\\/uk\\\/#organization\",\"name\":\"REGMIK\",\"alternateName\":\"\u0420\u0415\u0413\u041c\u0418\u041a\",\"url\":\"https:\\\/\\\/regmik.ua\\\/uk\\\/\",\"logo\":{\"@type\":\"ImageObject\",\"inLanguage\":\"de\",\"@id\":\"https:\\\/\\\/regmik.ua\\\/uk\\\/#\\\/schema\\\/logo\\\/image\\\/\",\"url\":\"https:\\\/\\\/regmik.ua\\\/wp-content\\\/uploads\\\/2020\\\/03\\\/regmik_logo.png\",\"contentUrl\":\"https:\\\/\\\/regmik.ua\\\/wp-content\\\/uploads\\\/2020\\\/03\\\/regmik_logo.png\",\"width\":194,\"height\":45,\"caption\":\"REGMIK\"},\"image\":{\"@id\":\"https:\\\/\\\/regmik.ua\\\/uk\\\/#\\\/schema\\\/logo\\\/image\\\/\"},\"sameAs\":[\"https:\\\/\\\/www.facebook.com\\\/regmik.npf\",\"https:\\\/\\\/x.com\\\/regmiknpf\",\"https:\\\/\\\/www.youtube.com\\\/channel\\\/UC_SrY98SKAmR3Kt95GcVKcw\"]}]}<\/script>","yoast_head_json":{"title":"Impulsnetzteil BP2-50 24V \u2013 REGMIK, NVF, PP","description":"NICHT MEHR IN PRODUKTION!!! Schaltnetzteile (Netzteile) BP2 dienen zur Versorgung verschiedener radioelektronischer Ger\u00e4te mit stabilisierter Gleichspannung. Netzteile verf\u00fcgen \u00fcber einen Eingangsnetzwerkfilter und eine galvanische Trennung zwischen Eingang und Ausgang. Dieser Artikel ist ausverkauft und kann nicht bestellt werden.","robots":{"index":"index","follow":"follow","max-snippet":"max-snippet:-1","max-image-preview":"max-image-preview:large","max-video-preview":"max-video-preview:-1"},"canonical":"https:\/\/regmik.ua\/de\/product\/impulsnyj-blok-pitanija-bp2-50-24v\/","schema":{"@context":"https:\/\/schema.org","@graph":[{"@type":"WebPage","@id":"https:\/\/regmik.ua\/product\/impulsnyj-blok-pitanija-bp2-50-24v\/","url":"https:\/\/regmik.ua\/product\/impulsnyj-blok-pitanija-bp2-50-24v\/","name":"Impulsnetzteil BP2-50 24V \u2013 REGMIK, NVF, PP","isPartOf":{"@id":"https:\/\/regmik.ua\/uk\/#website"},"primaryImageOfPage":{"@id":"https:\/\/regmik.ua\/product\/impulsnyj-blok-pitanija-bp2-50-24v\/#primaryimage"},"image":{"@id":"https:\/\/regmik.ua\/product\/impulsnyj-blok-pitanija-bp2-50-24v\/#primaryimage"},"thumbnailUrl":"https:\/\/regmik.ua\/wp-content\/uploads\/20376b20-2285-4698-b5f4-328bdf9ba474.jpg","datePublished":"2016-08-30T11:02:26+00:00","dateModified":"2025-01-09T15:29:46+00:00","description":"NICHT MEHR IN PRODUKTION!!! Schaltnetzteile (Netzteile) BP2 dienen zur Versorgung verschiedener radioelektronischer Ger\u00e4te mit stabilisierter Gleichspannung. Netzteile verf\u00fcgen \u00fcber einen Eingangsnetzwerkfilter und eine galvanische Trennung zwischen Eingang und Ausgang. Dieser Artikel ist ausverkauft und kann nicht bestellt werden.","breadcrumb":{"@id":"https:\/\/regmik.ua\/product\/impulsnyj-blok-pitanija-bp2-50-24v\/#breadcrumb"},"inLanguage":"de","potentialAction":[{"@type":"ReadAction","target":["https:\/\/regmik.ua\/product\/impulsnyj-blok-pitanija-bp2-50-24v\/"]}]},{"@type":"ImageObject","inLanguage":"de","@id":"https:\/\/regmik.ua\/product\/impulsnyj-blok-pitanija-bp2-50-24v\/#primaryimage","url":"https:\/\/regmik.ua\/wp-content\/uploads\/20376b20-2285-4698-b5f4-328bdf9ba474.jpg","contentUrl":"https:\/\/regmik.ua\/wp-content\/uploads\/20376b20-2285-4698-b5f4-328bdf9ba474.jpg","width":1024,"height":1024},{"@type":"BreadcrumbList","@id":"https:\/\/regmik.ua\/product\/impulsnyj-blok-pitanija-bp2-50-24v\/#breadcrumb","itemListElement":[{"@type":"ListItem","position":1,"name":"\u0413\u043b\u0430\u0432\u043d\u0430\u044f \u0441\u0442\u0440\u0430\u043d\u0438\u0446\u0430","item":"https:\/\/regmik.ua\/"},{"@type":"ListItem","position":2,"name":"\u041f\u0440\u043e\u0434\u0443\u043a\u0446\u0438\u044f","item":"https:\/\/regmik.ua\/uk\/products\/"},{"@type":"ListItem","position":3,"name":"\u0418\u043c\u043f\u0443\u043b\u044c\u0441\u043d\u044b\u0439 \u0431\u043b\u043e\u043a \u043f\u0438\u0442\u0430\u043d\u0438\u044f \u0411\u041f2-50 24\u0412"}]},{"@type":"WebSite","@id":"https:\/\/regmik.ua\/uk\/#website","url":"https:\/\/regmik.ua\/uk\/","name":"REGMIK","description":"Messger\u00e4te und Temperatursensoren","publisher":{"@id":"https:\/\/regmik.ua\/uk\/#organization"},"alternateName":"REGMIK","potentialAction":[{"@type":"SearchAction","target":{"@type":"EntryPoint","urlTemplate":"https:\/\/regmik.ua\/uk\/?s={search_term_string}"},"query-input":{"@type":"PropertyValueSpecification","valueRequired":true,"valueName":"search_term_string"}}],"inLanguage":"de"},{"@type":"Organization","@id":"https:\/\/regmik.ua\/uk\/#organization","name":"REGMIK","alternateName":"\u0420\u0415\u0413\u041c\u0418\u041a","url":"https:\/\/regmik.ua\/uk\/","logo":{"@type":"ImageObject","inLanguage":"de","@id":"https:\/\/regmik.ua\/uk\/#\/schema\/logo\/image\/","url":"https:\/\/regmik.ua\/wp-content\/uploads\/2020\/03\/regmik_logo.png","contentUrl":"https:\/\/regmik.ua\/wp-content\/uploads\/2020\/03\/regmik_logo.png","width":194,"height":45,"caption":"REGMIK"},"image":{"@id":"https:\/\/regmik.ua\/uk\/#\/schema\/logo\/image\/"},"sameAs":["https:\/\/www.facebook.com\/regmik.npf","https:\/\/x.com\/regmiknpf","https:\/\/www.youtube.com\/channel\/UC_SrY98SKAmR3Kt95GcVKcw"]}]}},"_links":{"self":[{"href":"https:\/\/regmik.ua\/de\/wp-json\/wp\/v2\/product\/11349","targetHints":{"allow":["GET"]}}],"collection":[{"href":"https:\/\/regmik.ua\/de\/wp-json\/wp\/v2\/product"}],"about":[{"href":"https:\/\/regmik.ua\/de\/wp-json\/wp\/v2\/types\/product"}],"replies":[{"embeddable":true,"href":"https:\/\/regmik.ua\/de\/wp-json\/wp\/v2\/comments?post=11349"}],"version-history":[{"count":0,"href":"https:\/\/regmik.ua\/de\/wp-json\/wp\/v2\/product\/11349\/revisions"}],"wp:featuredmedia":[{"embeddable":true,"href":"https:\/\/regmik.ua\/de\/wp-json\/wp\/v2\/media\/29084"}],"wp:attachment":[{"href":"https:\/\/regmik.ua\/de\/wp-json\/wp\/v2\/media?parent=11349"}],"wp:term":[{"taxonomy":"product_brand","embeddable":true,"href":"https:\/\/regmik.ua\/de\/wp-json\/wp\/v2\/product_brand?post=11349"},{"taxonomy":"product_cat","embeddable":true,"href":"https:\/\/regmik.ua\/de\/wp-json\/wp\/v2\/product_cat?post=11349"},{"taxonomy":"product_tag","embeddable":true,"href":"https:\/\/regmik.ua\/de\/wp-json\/wp\/v2\/product_tag?post=11349"}],"curies":[{"name":"wp","href":"https:\/\/api.w.org\/{rel}","templated":true}]}}