{"id":11286,"date":"2016-08-30T10:34:08","date_gmt":"2016-08-30T08:34:08","guid":{"rendered":"http:\/\/test.regmik.com.ua\/index.php\/product\/rd1\/"},"modified":"2026-03-19T11:36:38","modified_gmt":"2026-03-19T09:36:38","slug":"reguljator-dvuhpozicionnyj-odnokanalnyj-rd1-sch","status":"publish","type":"product","link":"https:\/\/regmik.ua\/de\/product\/reguljator-dvuhpozicionnyj-odnokanalnyj-rd1-sch\/","title":{"rendered":"Einkanaliger Temperaturregler RD1"},"content":{"rendered":"<h1>Einkanaliger Temperaturregler RD1<\/h1>\n<p>Der RD1-Temperaturmesser \/ -Regler regelt die physikalische Eingangsgr\u00f6\u00dfe ein und aus, steuert automatisch den Zustand des Eingangssensors, ob der gemessene Eingangswert au\u00dferhalb des angegebenen Messbereichs liegt, die Richtigkeit der Parametereingabe und die Kalibrierung des Ger\u00e4ts. Entsprechend den Ergebnissen der Steuerung wird das Signal &quot;Fehler&quot; erzeugt.<br \/>\nDer Regler kann in zwei Leistungsmodifikationen ausgef\u00fchrt werden: Wechselstromnetz 90..240 V (IPI) oder Gleichspannungsquelle = 12..24 V (IP24). Es ist auch m\u00f6glich, Modelle mit zwei Anzeigen f\u00fcr die gleichzeitige Anzeige der Strom-, Sollwert- und Buchstabeninformationen herzustellen.<\/p>\n<h3>Geplanter Termin<\/h3>\n<p><a href=\"https:\/\/uk.wikipedia.org\/wiki\/Regulator\">Regler<\/a>\u00a0Die Zweikanal-Einkanaltemperatur RD1 dient zur Messung, Anzeige und Regelung der Temperatur verschiedener Medien in K\u00fchlger\u00e4ten, Trockenkammern, Industrie- \/ Haushalts\u00f6fen und anderen technologischen Ger\u00e4ten sowie zur Messung und Regelung anderer physikalischer Gr\u00f6\u00dfen (F\u00fcllstand, Durchflussrate, Druck, Luftfeuchtigkeit) etc.) mit Sensoren mit einem einheitlichen analogen Signal.<\/p>\n<h3>Funktionen und Betriebsarten des Temperaturreglers RD1<\/h3>\n<ul>\n<li>Messung der Temperatur (oder anderer physikalischer Gr\u00f6\u00dfen) von Objekten unter Verwendung von Widerstandsthermoelementen (<a href=\"\/sensor-selection\/\">Temperatursensoren)<\/a> \u0422\u0421\u041c (50\u041c, 100\u041c) und \u0422\u0421\u041f (50\u041f, 100\u041f, Pt100, Pt500, Pt1000), Thermoelemente (\u0422\u0425\u041a, \u0422\u0425\u0410, \u0422\u0416\u041a usw.), Sensoren mit einem einheitlichen Stromausgangssignal \u0410\u0422 (0..5 mA, 0..20 mA, 4..20 mA) und Spannung \u0410\u041d (0..1 V, 0..5 V, 0..10 V);<\/li>\n<li>Regelung des Eingabewertes nach dem Zwei-Positionen-Gesetz;<\/li>\n<li>Anzeige des Messwertes auf der eingebauten LED-Anzeige (digitale Temperaturanzeige);<\/li>\n<li>Skalierung der Messskala (f\u00fcr Sensoren \u0410\u041d und \u0410\u0422);<\/li>\n<li>Lichtanzeige der Betriebsarten (Sensorausfall, Programmierung);<\/li>\n<li>Programm\u00e4nderung von Parametern der Transformationseigenschaften (Steigung, Versatz);<\/li>\n<li>digitale Filterung von Messungen (Filtertiefe - bis zu 10 Messperioden);<\/li>\n<li>\u00c4ndern der Anzeigeperiode des gemessenen Wertes;<\/li>\n<li>digitale Kalibrierung des Eingangskanals;<\/li>\n<li>Programmierung \u00fcber Tasten an der Vorderseite des Ger\u00e4ts;<\/li>\n<li>Passwortschutz von Parametern;<\/li>\n<li>Speichern von Einstellungen beim Ausschalten;<\/li>\n<li>eingebaute Stromversorgung = 24V, 100mA f\u00fcr aktive Sensoren in Modifikationen mit \u0410\u041d und \/ oder \u0410\u0422;<\/li>\n<li>RS-485 ModBus RTU-Schnittstelle.<\/li>\n<\/ul>\n<p>Der RD1-Temperaturregler verf\u00fcgt \u00fcber eine erweiterte Version - ein universelles Ger\u00e4t <a href=\"\/product\/universalnyj-dvuhkanalnyj-pribor-rp2-u\/\">RP2-U<\/a>... RP2-U wird sowohl f\u00fcr die Schalttafelmontage als auch f\u00fcr die Installation auf einer DIN-Schiene hergestellt. Die neue Modifikation ersetzt die Funktionalit\u00e4t des Einkanal-Temperaturreglers RD1 mit zwei Positionen vollst\u00e4ndig und verf\u00fcgt \u00fcber eine Reihe zus\u00e4tzlicher Funktionen.<\/p>","protected":false},"excerpt":{"rendered":"<p>Der einkanalige Temperaturregler RD1 misst, regelt und regelt die Temperatur oder andere physikalische Gr\u00f6\u00dfen mithilfe von Standardsensoren. Als Sensor k\u00f6nnen Widerstandsthermoelemente, thermoelektrische Wandler und Sensoren mit einem einheitlichen Strom- oder Spannungsausgangssignal verwendet werden.<\/p>","protected":false},"featured_media":11388,"comment_status":"open","ping_status":"closed","template":"","meta":[],"product_brand":[],"product_cat":[39,50,122],"product_tag":[119,120,89,105,88,116,91,118,48,43,45,117,109,110,115],"class_list":{"0":"post-11286","1":"product","2":"type-product","3":"status-publish","4":"has-post-thumbnail","6":"product_cat-regulators","7":"product_cat-discrete-control","8":"product_cat-sh","9":"product_tag-an","10":"product_tag-at","11":"product_tag-datchik","12":"product_tag-dvuhpozitsionnyj","13":"product_tag-izmeritel","14":"product_tag-nagrevatel","15":"product_tag-obekt","16":"product_tag-pt","17":"product_tag-rd","18":"product_tag-regulyator","19":"product_tag-temperatura","20":"product_tag-ts","21":"product_tag-tsm","22":"product_tag-tsp","23":"product_tag-holodilnik","24":"pa_number-of-indicators-73","25":"pa_number-of-indicators-74","26":"pa_number-of-inputs-243","27":"pa_number-of-outputs-249","28":"pa_outputs1-ok","29":"pa_outputs1-os","30":"pa_outputs1-r","31":"pa_power-supply-ip24","32":"pa_power-supply-ipi","33":"pa_rs485-yes","34":"pa_types-of-inputs-an0-1v-0-10v-0-5v","35":"pa_types-of-inputs-at0-5ma-0-20ma-4-20ma","36":"pa_types-of-inputs-ts50m-100m-50p-100p-pt100-500-1000","37":"pa_types-of-inputs-ptthk-tha-tgk-tpp-tpr-tvr","38":"pa_types-of-inputs-uvtsptanat","41":"instock","42":"shipping-taxable","43":"purchasable","44":"product-type-variable","45":"has-default-attributes"},"yoast_head":"<title>\u0420\u0435\u0433\u0443\u043b\u044f\u0442\u043e\u0440 \u0442\u0435\u043c\u043f\u0435\u0440\u0430\u0442\u0443\u0440\u044b \u043e\u0434\u043d\u043e\u043a\u0430\u043d\u0430\u043b\u044c\u043d\u044b\u0439 \u0420\u04141 \u2014 REGMIK<\/title>\n<meta name=\"description\" content=\"\u0420\u0435\u0433\u0443\u043b\u044f\u0442\u043e\u0440 \u0434\u0432\u0443\u0445\u043f\u043e\u0437\u0438\u0446\u0438\u043e\u043d\u043d\u044b\u0439 \u043e\u0434\u043d\u043e\u043a\u0430\u043d\u0430\u043b\u044c\u043d\u044b\u0439 \u0420\u04141 \u043f\u0440\u0435\u0434\u043d\u0430\u0437\u043d\u0430\u0447\u0435\u043d \u0434\u043b\u044f \u0438\u0437\u043c\u0435\u0440\u0435\u043d\u0438\u044f, \u0438\u043d\u0434\u0438\u043a\u0430\u0446\u0438\u0438 \u0438 \u0440\u0435\u0433\u0443\u043b\u0438\u0440\u043e\u0432\u0430\u043d\u0438\u044f \u0442\u0435\u043c\u043f\u0435\u0440\u0430\u0442\u0443\u0440\u044b \u0440\u0430\u0437\u043b\u0438\u0447\u043d\u044b\u0445 \u0441\u0440\u0435\u0434\" \/>\n<meta name=\"robots\" content=\"index, follow, max-snippet:-1, max-image-preview:large, max-video-preview:-1\" \/>\n<link rel=\"canonical\" href=\"https:\/\/regmik.ua\/de\/product\/reguljator-dvuhpozicionnyj-odnokanalnyj-rd1-sch\/\" \/>\n<script type=\"application\/ld+json\" class=\"yoast-schema-graph\">{\"@context\":\"https:\\\/\\\/schema.org\",\"@graph\":[{\"@type\":\"WebPage\",\"@id\":\"https:\\\/\\\/regmik.ua\\\/product\\\/reguljator-dvuhpozicionnyj-odnokanalnyj-rd1-sch\\\/\",\"url\":\"https:\\\/\\\/regmik.ua\\\/product\\\/reguljator-dvuhpozicionnyj-odnokanalnyj-rd1-sch\\\/\",\"name\":\"\u0420\u0435\u0433\u0443\u043b\u044f\u0442\u043e\u0440 \u0442\u0435\u043c\u043f\u0435\u0440\u0430\u0442\u0443\u0440\u044b \u043e\u0434\u043d\u043e\u043a\u0430\u043d\u0430\u043b\u044c\u043d\u044b\u0439 \u0420\u04141 \u2014 REGMIK\",\"isPartOf\":{\"@id\":\"https:\\\/\\\/regmik.ua\\\/uk\\\/#website\"},\"primaryImageOfPage\":{\"@id\":\"https:\\\/\\\/regmik.ua\\\/product\\\/reguljator-dvuhpozicionnyj-odnokanalnyj-rd1-sch\\\/#primaryimage\"},\"image\":{\"@id\":\"https:\\\/\\\/regmik.ua\\\/product\\\/reguljator-dvuhpozicionnyj-odnokanalnyj-rd1-sch\\\/#primaryimage\"},\"thumbnailUrl\":\"https:\\\/\\\/regmik.ua\\\/wp-content\\\/uploads\\\/2015\\\/08\\\/rd1-ts_front.png\",\"datePublished\":\"2016-08-30T08:34:08+00:00\",\"dateModified\":\"2026-03-19T09:36:38+00:00\",\"description\":\"\u0420\u0435\u0433\u0443\u043b\u044f\u0442\u043e\u0440 \u0434\u0432\u0443\u0445\u043f\u043e\u0437\u0438\u0446\u0438\u043e\u043d\u043d\u044b\u0439 \u043e\u0434\u043d\u043e\u043a\u0430\u043d\u0430\u043b\u044c\u043d\u044b\u0439 \u0420\u04141 \u043f\u0440\u0435\u0434\u043d\u0430\u0437\u043d\u0430\u0447\u0435\u043d \u0434\u043b\u044f \u0438\u0437\u043c\u0435\u0440\u0435\u043d\u0438\u044f, \u0438\u043d\u0434\u0438\u043a\u0430\u0446\u0438\u0438 \u0438 \u0440\u0435\u0433\u0443\u043b\u0438\u0440\u043e\u0432\u0430\u043d\u0438\u044f \u0442\u0435\u043c\u043f\u0435\u0440\u0430\u0442\u0443\u0440\u044b \u0440\u0430\u0437\u043b\u0438\u0447\u043d\u044b\u0445 \u0441\u0440\u0435\u0434\",\"breadcrumb\":{\"@id\":\"https:\\\/\\\/regmik.ua\\\/product\\\/reguljator-dvuhpozicionnyj-odnokanalnyj-rd1-sch\\\/#breadcrumb\"},\"inLanguage\":\"de\",\"potentialAction\":[{\"@type\":\"ReadAction\",\"target\":[\"https:\\\/\\\/regmik.ua\\\/product\\\/reguljator-dvuhpozicionnyj-odnokanalnyj-rd1-sch\\\/\"]}]},{\"@type\":\"ImageObject\",\"inLanguage\":\"de\",\"@id\":\"https:\\\/\\\/regmik.ua\\\/product\\\/reguljator-dvuhpozicionnyj-odnokanalnyj-rd1-sch\\\/#primaryimage\",\"url\":\"https:\\\/\\\/regmik.ua\\\/wp-content\\\/uploads\\\/2015\\\/08\\\/rd1-ts_front.png\",\"contentUrl\":\"https:\\\/\\\/regmik.ua\\\/wp-content\\\/uploads\\\/2015\\\/08\\\/rd1-ts_front.png\",\"width\":800,\"height\":1024,\"caption\":\"\u0420\u0435\u0433\u0443\u043b\u044f\u0442\u043e\u0440 \u0434\u0432\u0443\u0445\u043f\u043e\u0437\u0438\u0446\u0438\u043e\u043d\u043d\u044b\u0439 \u043e\u0434\u043d\u043e\u043a\u0430\u043d\u0430\u043b\u044c\u043d\u044b\u0439 (\u0420\u04141)\u0441 \u043e\u0434\u043d\u0438\u043c \u0438\u043d\u0434\u0438\u043a\u0430\u0442\u043e\u0440\u043e\u043c\"},{\"@type\":\"BreadcrumbList\",\"@id\":\"https:\\\/\\\/regmik.ua\\\/product\\\/reguljator-dvuhpozicionnyj-odnokanalnyj-rd1-sch\\\/#breadcrumb\",\"itemListElement\":[{\"@type\":\"ListItem\",\"position\":1,\"name\":\"\u0413\u043b\u0430\u0432\u043d\u0430\u044f \u0441\u0442\u0440\u0430\u043d\u0438\u0446\u0430\",\"item\":\"https:\\\/\\\/regmik.ua\\\/\"},{\"@type\":\"ListItem\",\"position\":2,\"name\":\"\u041f\u0440\u043e\u0434\u0443\u043a\u0446\u0438\u044f\",\"item\":\"https:\\\/\\\/regmik.ua\\\/uk\\\/products\\\/\"},{\"@type\":\"ListItem\",\"position\":3,\"name\":\"\u0420\u0435\u0433\u0443\u043b\u044f\u0442\u043e\u0440 \u0442\u0435\u043c\u043f\u0435\u0440\u0430\u0442\u0443\u0440\u044b \u043e\u0434\u043d\u043e\u043a\u0430\u043d\u0430\u043b\u044c\u043d\u044b\u0439 \u0420\u04141\"}]},{\"@type\":\"WebSite\",\"@id\":\"https:\\\/\\\/regmik.ua\\\/uk\\\/#website\",\"url\":\"https:\\\/\\\/regmik.ua\\\/uk\\\/\",\"name\":\"REGMIK\",\"description\":\"\u0418\u0437\u043c\u0435\u0440\u0438\u0442\u0435\u043b\u044c\u043d\u044b\u0435 \u043f\u0440\u0438\u0431\u043e\u0440\u044b \u0438 \u0434\u0430\u0442\u0447\u0438\u043a\u0438 \u0442\u0435\u043c\u043f\u0435\u0440\u0430\u0442\u0443\u0440\u044b\",\"publisher\":{\"@id\":\"https:\\\/\\\/regmik.ua\\\/uk\\\/#organization\"},\"alternateName\":\"REGMIK\",\"potentialAction\":[{\"@type\":\"SearchAction\",\"target\":{\"@type\":\"EntryPoint\",\"urlTemplate\":\"https:\\\/\\\/regmik.ua\\\/uk\\\/?s={search_term_string}\"},\"query-input\":{\"@type\":\"PropertyValueSpecification\",\"valueRequired\":true,\"valueName\":\"search_term_string\"}}],\"inLanguage\":\"de\"},{\"@type\":\"Organization\",\"@id\":\"https:\\\/\\\/regmik.ua\\\/uk\\\/#organization\",\"name\":\"REGMIK\",\"alternateName\":\"\u0420\u0415\u0413\u041c\u0418\u041a\",\"url\":\"https:\\\/\\\/regmik.ua\\\/uk\\\/\",\"logo\":{\"@type\":\"ImageObject\",\"inLanguage\":\"de\",\"@id\":\"https:\\\/\\\/regmik.ua\\\/uk\\\/#\\\/schema\\\/logo\\\/image\\\/\",\"url\":\"https:\\\/\\\/regmik.ua\\\/wp-content\\\/uploads\\\/2020\\\/03\\\/regmik_logo.png\",\"contentUrl\":\"https:\\\/\\\/regmik.ua\\\/wp-content\\\/uploads\\\/2020\\\/03\\\/regmik_logo.png\",\"width\":194,\"height\":45,\"caption\":\"REGMIK\"},\"image\":{\"@id\":\"https:\\\/\\\/regmik.ua\\\/uk\\\/#\\\/schema\\\/logo\\\/image\\\/\"},\"sameAs\":[\"https:\\\/\\\/www.facebook.com\\\/regmik.npf\",\"https:\\\/\\\/x.com\\\/regmiknpf\",\"https:\\\/\\\/www.youtube.com\\\/channel\\\/UC_SrY98SKAmR3Kt95GcVKcw\"]}]}<\/script>","yoast_head_json":{"title":"Einkanaliger Temperaturregler RD1 - REGMIK","description":"Der Einkanalregler RD1 mit zwei Positionen dient zum Messen, Anzeigen und Steuern der Temperatur verschiedener Medien","robots":{"index":"index","follow":"follow","max-snippet":"max-snippet:-1","max-image-preview":"max-image-preview:large","max-video-preview":"max-video-preview:-1"},"canonical":"https:\/\/regmik.ua\/de\/product\/reguljator-dvuhpozicionnyj-odnokanalnyj-rd1-sch\/","schema":{"@context":"https:\/\/schema.org","@graph":[{"@type":"WebPage","@id":"https:\/\/regmik.ua\/product\/reguljator-dvuhpozicionnyj-odnokanalnyj-rd1-sch\/","url":"https:\/\/regmik.ua\/product\/reguljator-dvuhpozicionnyj-odnokanalnyj-rd1-sch\/","name":"Einkanaliger Temperaturregler RD1 - REGMIK","isPartOf":{"@id":"https:\/\/regmik.ua\/uk\/#website"},"primaryImageOfPage":{"@id":"https:\/\/regmik.ua\/product\/reguljator-dvuhpozicionnyj-odnokanalnyj-rd1-sch\/#primaryimage"},"image":{"@id":"https:\/\/regmik.ua\/product\/reguljator-dvuhpozicionnyj-odnokanalnyj-rd1-sch\/#primaryimage"},"thumbnailUrl":"https:\/\/regmik.ua\/wp-content\/uploads\/2015\/08\/rd1-ts_front.png","datePublished":"2016-08-30T08:34:08+00:00","dateModified":"2026-03-19T09:36:38+00:00","description":"Der Einkanalregler RD1 mit zwei Positionen dient zum Messen, Anzeigen und Steuern der Temperatur verschiedener Medien","breadcrumb":{"@id":"https:\/\/regmik.ua\/product\/reguljator-dvuhpozicionnyj-odnokanalnyj-rd1-sch\/#breadcrumb"},"inLanguage":"de","potentialAction":[{"@type":"ReadAction","target":["https:\/\/regmik.ua\/product\/reguljator-dvuhpozicionnyj-odnokanalnyj-rd1-sch\/"]}]},{"@type":"ImageObject","inLanguage":"de","@id":"https:\/\/regmik.ua\/product\/reguljator-dvuhpozicionnyj-odnokanalnyj-rd1-sch\/#primaryimage","url":"https:\/\/regmik.ua\/wp-content\/uploads\/2015\/08\/rd1-ts_front.png","contentUrl":"https:\/\/regmik.ua\/wp-content\/uploads\/2015\/08\/rd1-ts_front.png","width":800,"height":1024,"caption":"\u0420\u0435\u0433\u0443\u043b\u044f\u0442\u043e\u0440 \u0434\u0432\u0443\u0445\u043f\u043e\u0437\u0438\u0446\u0438\u043e\u043d\u043d\u044b\u0439 \u043e\u0434\u043d\u043e\u043a\u0430\u043d\u0430\u043b\u044c\u043d\u044b\u0439 (\u0420\u04141)\u0441 \u043e\u0434\u043d\u0438\u043c \u0438\u043d\u0434\u0438\u043a\u0430\u0442\u043e\u0440\u043e\u043c"},{"@type":"BreadcrumbList","@id":"https:\/\/regmik.ua\/product\/reguljator-dvuhpozicionnyj-odnokanalnyj-rd1-sch\/#breadcrumb","itemListElement":[{"@type":"ListItem","position":1,"name":"\u0413\u043b\u0430\u0432\u043d\u0430\u044f \u0441\u0442\u0440\u0430\u043d\u0438\u0446\u0430","item":"https:\/\/regmik.ua\/"},{"@type":"ListItem","position":2,"name":"\u041f\u0440\u043e\u0434\u0443\u043a\u0446\u0438\u044f","item":"https:\/\/regmik.ua\/uk\/products\/"},{"@type":"ListItem","position":3,"name":"\u0420\u0435\u0433\u0443\u043b\u044f\u0442\u043e\u0440 \u0442\u0435\u043c\u043f\u0435\u0440\u0430\u0442\u0443\u0440\u044b \u043e\u0434\u043d\u043e\u043a\u0430\u043d\u0430\u043b\u044c\u043d\u044b\u0439 \u0420\u04141"}]},{"@type":"WebSite","@id":"https:\/\/regmik.ua\/uk\/#website","url":"https:\/\/regmik.ua\/uk\/","name":"REGMIK","description":"Messger\u00e4te und Temperatursensoren","publisher":{"@id":"https:\/\/regmik.ua\/uk\/#organization"},"alternateName":"REGMIK","potentialAction":[{"@type":"SearchAction","target":{"@type":"EntryPoint","urlTemplate":"https:\/\/regmik.ua\/uk\/?s={search_term_string}"},"query-input":{"@type":"PropertyValueSpecification","valueRequired":true,"valueName":"search_term_string"}}],"inLanguage":"de"},{"@type":"Organization","@id":"https:\/\/regmik.ua\/uk\/#organization","name":"REGMIK","alternateName":"\u0420\u0415\u0413\u041c\u0418\u041a","url":"https:\/\/regmik.ua\/uk\/","logo":{"@type":"ImageObject","inLanguage":"de","@id":"https:\/\/regmik.ua\/uk\/#\/schema\/logo\/image\/","url":"https:\/\/regmik.ua\/wp-content\/uploads\/2020\/03\/regmik_logo.png","contentUrl":"https:\/\/regmik.ua\/wp-content\/uploads\/2020\/03\/regmik_logo.png","width":194,"height":45,"caption":"REGMIK"},"image":{"@id":"https:\/\/regmik.ua\/uk\/#\/schema\/logo\/image\/"},"sameAs":["https:\/\/www.facebook.com\/regmik.npf","https:\/\/x.com\/regmiknpf","https:\/\/www.youtube.com\/channel\/UC_SrY98SKAmR3Kt95GcVKcw"]}]}},"_links":{"self":[{"href":"https:\/\/regmik.ua\/de\/wp-json\/wp\/v2\/product\/11286","targetHints":{"allow":["GET"]}}],"collection":[{"href":"https:\/\/regmik.ua\/de\/wp-json\/wp\/v2\/product"}],"about":[{"href":"https:\/\/regmik.ua\/de\/wp-json\/wp\/v2\/types\/product"}],"replies":[{"embeddable":true,"href":"https:\/\/regmik.ua\/de\/wp-json\/wp\/v2\/comments?post=11286"}],"version-history":[{"count":1,"href":"https:\/\/regmik.ua\/de\/wp-json\/wp\/v2\/product\/11286\/revisions"}],"predecessor-version":[{"id":29631,"href":"https:\/\/regmik.ua\/de\/wp-json\/wp\/v2\/product\/11286\/revisions\/29631"}],"wp:featuredmedia":[{"embeddable":true,"href":"https:\/\/regmik.ua\/de\/wp-json\/wp\/v2\/media\/11388"}],"wp:attachment":[{"href":"https:\/\/regmik.ua\/de\/wp-json\/wp\/v2\/media?parent=11286"}],"wp:term":[{"taxonomy":"product_brand","embeddable":true,"href":"https:\/\/regmik.ua\/de\/wp-json\/wp\/v2\/product_brand?post=11286"},{"taxonomy":"product_cat","embeddable":true,"href":"https:\/\/regmik.ua\/de\/wp-json\/wp\/v2\/product_cat?post=11286"},{"taxonomy":"product_tag","embeddable":true,"href":"https:\/\/regmik.ua\/de\/wp-json\/wp\/v2\/product_tag?post=11286"}],"curies":[{"name":"wp","href":"https:\/\/api.w.org\/{rel}","templated":true}]}}