{"id":11225,"date":"2016-08-30T08:25:57","date_gmt":"2016-08-30T06:25:57","guid":{"rendered":"http:\/\/test.regmik.com.ua\/index.php\/product\/i4-1dvt\/"},"modified":"2024-04-24T06:36:44","modified_gmt":"2024-04-24T04:36:44","slug":"i4-2dvt","status":"publish","type":"product","link":"https:\/\/regmik.ua\/de\/product\/i4-2dvt\/","title":{"rendered":"Zweikanaliges Feuchtigkeits- und Temperaturmessger\u00e4t I4-2DVT"},"content":{"rendered":"<p>Das Zweikanal-Feuchte- und Temperaturmessger\u00e4t I4-2DVT empf\u00e4ngt und konvertiert Signale von zwei digitalen Feuchte- und Temperatursensoren und zeigt die erhaltenen Werte auf den eingebauten Digitalanzeigen an.<br \/>\nMit I4-2 k\u00f6nnen Klimaregelungssysteme \u00fcber die RS-485-Schnittstelle zusammen mit SPSen verschiedener Hersteller sowie Datenerfassungssysteme auf PC erstellt werden.<\/p>\n<h2>Allgemeine Funktionen und Betriebsarten des I4-2DVT:<\/h2>\n<ul>\n<li>Zusammenarbeit mit zwei kombinierten Feuchtesensoren mit Digitalausgang Typ DVT-001z, -002z, -101z, -302z, -303z;<\/li>\n<li>die F\u00e4higkeit, mit Feuchtigkeits- und Temperatursensoren SHT1x, SHT2x, DHT11, DHT22 zu arbeiten;<\/li>\n<li>Angabe des Wertes von Luftfeuchtigkeit, Temperatur und Taupunkt;<\/li>\n<li>digitale Einstellungen des Temperatur- und Feuchtigkeitsmessers;<\/li>\n<li>die F\u00e4higkeit, im Temperaturmesser, Feuchtigkeitsmesser, Temperatur- und Feuchtigkeitsmesser zu arbeiten;<\/li>\n<li>Lichtanzeige der Betriebsarten;<\/li>\n<li>Programm\u00e4nderung von Parametern der Transformationseigenschaften (Steigung, Versatz);<\/li>\n<li>digitale Filterung der Messungen (Filtertiefe - bis zu 10 Perioden von Temperatur- und Feuchtigkeitsmessungen);<\/li>\n<li>Alarmsignalisierung (mit Signalausgabe an ein externes Stellglied), wenn ein gemessener Parameter die festgelegten Grenzwerte \u00fcberschreitet;<\/li>\n<li>\u00c4ndern der Anzeigeperiode des gemessenen Wertes;<\/li>\n<li>Passwortschutz der Parameter;<\/li>\n<li>RS-485 Modbus RTU Schnittstelle.<\/li>\n<\/ul>","protected":false},"excerpt":{"rendered":"<p>Das Zweikanal-Feuchtigkeits- und Temperaturmessger\u00e4t I4-2DVT dient zur Messung, Kontrolle und Anzeige von Luftfeuchtigkeit und Temperatur von zwei digitalen Sensoren \u0414\u0412\u0422\u0446 und verf\u00fcgt \u00fcber einen Alarmausgang.<\/p>","protected":false},"featured_media":12175,"comment_status":"open","ping_status":"closed","template":"","meta":[],"product_brand":[],"product_cat":[40,52],"product_tag":[94,89,96,88,99,91,95,45],"class_list":{"0":"post-11225","1":"product","2":"type-product","3":"status-publish","4":"has-post-thumbnail","6":"product_cat-meters","7":"product_cat-shield-housing","8":"product_tag-avariya","9":"product_tag-datchik","10":"product_tag-i4","11":"product_tag-izmeritel","12":"product_tag-izmeritel-vlazhnosti-i-temperatury","13":"product_tag-obekt","14":"product_tag-signalizatsiya","15":"product_tag-temperatura","16":"pa_number-of-inputs-244","17":"pa_number-of-outputs-249","18":"pa_outputs1-ok","19":"pa_outputs1-os","20":"pa_outputs1-r","21":"pa_power-supply-ip24","22":"pa_power-supply-ipi","23":"pa_rs485-yes","24":"pa_types-of-inputs-dvt","27":"instock","28":"shipping-taxable","29":"purchasable","30":"product-type-variable","31":"has-default-attributes"},"yoast_head":"<title>\u0418\u0437\u043c\u0435\u0440\u0438\u0442\u0435\u043b\u044c \u0432\u043b\u0430\u0436\u043d\u043e\u0441\u0442\u0438 \u0438 \u0442\u0435\u043c\u043f\u0435\u0440\u0430\u0442\u0443\u0440\u044b \u0434\u0432\u0443\u0445\u043a\u0430\u043d\u0430\u043b\u044c\u043d\u044b\u0439 \u04184-2\u0414\u0412\u0422 &#8211; \u0420\u0415\u0413\u041c\u0406\u041a, \u041d\u0412\u0424, \u041f\u041f (\u0418\u0437\u0433\u043e\u0442\u043e\u0432\u043b\u0435\u043d\u043e \u0432 \u0423\u043a\u0440\u0430\u0438\u043d\u0435)<\/title>\n<meta name=\"description\" content=\"\u0418\u0437\u043c\u0435\u0440\u0438\u0442\u0435\u043b\u044c \u0432\u043b\u0430\u0436\u043d\u043e\u0441\u0442\u0438 \u0438 \u0442\u0435\u043c\u043f\u0435\u0440\u0430\u0442\u0443\u0440\u044b \u0434\u0432\u0443\u0445\u043a\u0430\u043d\u0430\u043b\u044c\u043d\u044b\u0439 \u04184-2\u0414\u0412\u0422 \u043f\u0440\u0435\u0434\u043d\u0430\u0437\u043d\u0430\u0447\u0435\u043d \u0434\u043b\u044f \u0438\u0437\u043c\u0435\u0440\u0435\u043d\u0438\u044f \u0438 \u043e\u0442\u043e\u0431\u0440\u0430\u0436\u0435\u043d\u0438\u044f \u0432\u043b\u0430\u0436\u043d\u043e\u0441\u0442\u0438 \u0438 \u0442\u0435\u043c\u043f\u0435\u0440\u0430\u0442\u0443\u0440\u044b \u043e\u0442 \u0434\u0432\u0443\u0445 \u0446\u0438\u0444\u0440\u043e\u0432\u044b\u0445 \u0434\u0430\u0442\u0447\u0438\u043a\u043e\u0432 \u0414\u0412\u0422\" \/>\n<meta name=\"robots\" content=\"index, follow, max-snippet:-1, max-image-preview:large, max-video-preview:-1\" \/>\n<link rel=\"canonical\" href=\"https:\/\/regmik.ua\/de\/product\/i4-2dvt\/\" \/>\n<script type=\"application\/ld+json\" class=\"yoast-schema-graph\">{\"@context\":\"https:\\\/\\\/schema.org\",\"@graph\":[{\"@type\":\"WebPage\",\"@id\":\"https:\\\/\\\/regmik.ua\\\/product\\\/i4-2dvt\\\/\",\"url\":\"https:\\\/\\\/regmik.ua\\\/product\\\/i4-2dvt\\\/\",\"name\":\"\u0418\u0437\u043c\u0435\u0440\u0438\u0442\u0435\u043b\u044c \u0432\u043b\u0430\u0436\u043d\u043e\u0441\u0442\u0438 \u0438 \u0442\u0435\u043c\u043f\u0435\u0440\u0430\u0442\u0443\u0440\u044b \u0434\u0432\u0443\u0445\u043a\u0430\u043d\u0430\u043b\u044c\u043d\u044b\u0439 \u04184-2\u0414\u0412\u0422 &#8211; \u0420\u0415\u0413\u041c\u0406\u041a, \u041d\u0412\u0424, \u041f\u041f (\u0418\u0437\u0433\u043e\u0442\u043e\u0432\u043b\u0435\u043d\u043e \u0432 \u0423\u043a\u0440\u0430\u0438\u043d\u0435)\",\"isPartOf\":{\"@id\":\"https:\\\/\\\/regmik.ua\\\/uk\\\/#website\"},\"primaryImageOfPage\":{\"@id\":\"https:\\\/\\\/regmik.ua\\\/product\\\/i4-2dvt\\\/#primaryimage\"},\"image\":{\"@id\":\"https:\\\/\\\/regmik.ua\\\/product\\\/i4-2dvt\\\/#primaryimage\"},\"thumbnailUrl\":\"https:\\\/\\\/regmik.ua\\\/wp-content\\\/uploads\\\/2015\\\/08\\\/RD4_4TC_front.png\",\"datePublished\":\"2016-08-30T06:25:57+00:00\",\"dateModified\":\"2024-04-24T04:36:44+00:00\",\"description\":\"\u0418\u0437\u043c\u0435\u0440\u0438\u0442\u0435\u043b\u044c \u0432\u043b\u0430\u0436\u043d\u043e\u0441\u0442\u0438 \u0438 \u0442\u0435\u043c\u043f\u0435\u0440\u0430\u0442\u0443\u0440\u044b \u0434\u0432\u0443\u0445\u043a\u0430\u043d\u0430\u043b\u044c\u043d\u044b\u0439 \u04184-2\u0414\u0412\u0422 \u043f\u0440\u0435\u0434\u043d\u0430\u0437\u043d\u0430\u0447\u0435\u043d \u0434\u043b\u044f \u0438\u0437\u043c\u0435\u0440\u0435\u043d\u0438\u044f \u0438 \u043e\u0442\u043e\u0431\u0440\u0430\u0436\u0435\u043d\u0438\u044f \u0432\u043b\u0430\u0436\u043d\u043e\u0441\u0442\u0438 \u0438 \u0442\u0435\u043c\u043f\u0435\u0440\u0430\u0442\u0443\u0440\u044b \u043e\u0442 \u0434\u0432\u0443\u0445 \u0446\u0438\u0444\u0440\u043e\u0432\u044b\u0445 \u0434\u0430\u0442\u0447\u0438\u043a\u043e\u0432 \u0414\u0412\u0422\",\"breadcrumb\":{\"@id\":\"https:\\\/\\\/regmik.ua\\\/product\\\/i4-2dvt\\\/#breadcrumb\"},\"inLanguage\":\"de\",\"potentialAction\":[{\"@type\":\"ReadAction\",\"target\":[\"https:\\\/\\\/regmik.ua\\\/product\\\/i4-2dvt\\\/\"]}]},{\"@type\":\"ImageObject\",\"inLanguage\":\"de\",\"@id\":\"https:\\\/\\\/regmik.ua\\\/product\\\/i4-2dvt\\\/#primaryimage\",\"url\":\"https:\\\/\\\/regmik.ua\\\/wp-content\\\/uploads\\\/2015\\\/08\\\/RD4_4TC_front.png\",\"contentUrl\":\"https:\\\/\\\/regmik.ua\\\/wp-content\\\/uploads\\\/2015\\\/08\\\/RD4_4TC_front.png\",\"width\":800,\"height\":1024,\"caption\":\"\u0418\u0437\u043c\u0435\u0440\u0438\u0442\u0435\u043b\u044c \u0432\u043b\u0430\u0436\u043d\u043e\u0441\u0442\u0438 \u0438 \u0442\u0435\u043c\u043f\u0435\u0440\u0430\u0442\u0443\u0440\u044b \u0447\u0435\u0442\u044b\u0440\u0435\u0445\u043a\u0430\u043d\u0430\u043b\u044c\u043d\u044b\u0439 (\u04184 2\u0414\u0412\u0422)\"},{\"@type\":\"BreadcrumbList\",\"@id\":\"https:\\\/\\\/regmik.ua\\\/product\\\/i4-2dvt\\\/#breadcrumb\",\"itemListElement\":[{\"@type\":\"ListItem\",\"position\":1,\"name\":\"\u0413\u043b\u0430\u0432\u043d\u0430\u044f \u0441\u0442\u0440\u0430\u043d\u0438\u0446\u0430\",\"item\":\"https:\\\/\\\/regmik.ua\\\/\"},{\"@type\":\"ListItem\",\"position\":2,\"name\":\"\u041f\u0440\u043e\u0434\u0443\u043a\u0446\u0438\u044f\",\"item\":\"https:\\\/\\\/regmik.ua\\\/uk\\\/products\\\/\"},{\"@type\":\"ListItem\",\"position\":3,\"name\":\"\u0418\u0437\u043c\u0435\u0440\u0438\u0442\u0435\u043b\u044c \u0432\u043b\u0430\u0436\u043d\u043e\u0441\u0442\u0438 \u0438 \u0442\u0435\u043c\u043f\u0435\u0440\u0430\u0442\u0443\u0440\u044b \u0434\u0432\u0443\u0445\u043a\u0430\u043d\u0430\u043b\u044c\u043d\u044b\u0439 \u04184-2\u0414\u0412\u0422\"}]},{\"@type\":\"WebSite\",\"@id\":\"https:\\\/\\\/regmik.ua\\\/uk\\\/#website\",\"url\":\"https:\\\/\\\/regmik.ua\\\/uk\\\/\",\"name\":\"REGMIK\",\"description\":\"\u0418\u0437\u043c\u0435\u0440\u0438\u0442\u0435\u043b\u044c\u043d\u044b\u0435 \u043f\u0440\u0438\u0431\u043e\u0440\u044b \u0438 \u0434\u0430\u0442\u0447\u0438\u043a\u0438 \u0442\u0435\u043c\u043f\u0435\u0440\u0430\u0442\u0443\u0440\u044b\",\"publisher\":{\"@id\":\"https:\\\/\\\/regmik.ua\\\/uk\\\/#organization\"},\"alternateName\":\"REGMIK\",\"potentialAction\":[{\"@type\":\"SearchAction\",\"target\":{\"@type\":\"EntryPoint\",\"urlTemplate\":\"https:\\\/\\\/regmik.ua\\\/uk\\\/?s={search_term_string}\"},\"query-input\":{\"@type\":\"PropertyValueSpecification\",\"valueRequired\":true,\"valueName\":\"search_term_string\"}}],\"inLanguage\":\"de\"},{\"@type\":\"Organization\",\"@id\":\"https:\\\/\\\/regmik.ua\\\/uk\\\/#organization\",\"name\":\"REGMIK\",\"alternateName\":\"\u0420\u0415\u0413\u041c\u0418\u041a\",\"url\":\"https:\\\/\\\/regmik.ua\\\/uk\\\/\",\"logo\":{\"@type\":\"ImageObject\",\"inLanguage\":\"de\",\"@id\":\"https:\\\/\\\/regmik.ua\\\/uk\\\/#\\\/schema\\\/logo\\\/image\\\/\",\"url\":\"https:\\\/\\\/regmik.ua\\\/wp-content\\\/uploads\\\/2020\\\/03\\\/regmik_logo.png\",\"contentUrl\":\"https:\\\/\\\/regmik.ua\\\/wp-content\\\/uploads\\\/2020\\\/03\\\/regmik_logo.png\",\"width\":194,\"height\":45,\"caption\":\"REGMIK\"},\"image\":{\"@id\":\"https:\\\/\\\/regmik.ua\\\/uk\\\/#\\\/schema\\\/logo\\\/image\\\/\"},\"sameAs\":[\"https:\\\/\\\/www.facebook.com\\\/regmik.npf\",\"https:\\\/\\\/x.com\\\/regmiknpf\",\"https:\\\/\\\/www.youtube.com\\\/channel\\\/UC_SrY98SKAmR3Kt95GcVKcw\"]}]}<\/script>","yoast_head_json":{"title":"Zweikanal-Feuchtigkeits- und Temperaturmessger\u00e4t I4-2DVT \u2013 REGMIK, NVF, PP (Hergestellt in der Ukraine)","description":"Das Zweikanal-Feuchte- und Temperaturmessger\u00e4t I4-2DVT dient zur Messung und Anzeige von Feuchte und Temperatur mit zwei digitalen Sensoren DVT","robots":{"index":"index","follow":"follow","max-snippet":"max-snippet:-1","max-image-preview":"max-image-preview:large","max-video-preview":"max-video-preview:-1"},"canonical":"https:\/\/regmik.ua\/de\/product\/i4-2dvt\/","schema":{"@context":"https:\/\/schema.org","@graph":[{"@type":"WebPage","@id":"https:\/\/regmik.ua\/product\/i4-2dvt\/","url":"https:\/\/regmik.ua\/product\/i4-2dvt\/","name":"Zweikanal-Feuchtigkeits- und Temperaturmessger\u00e4t I4-2DVT \u2013 REGMIK, NVF, PP (Hergestellt in der Ukraine)","isPartOf":{"@id":"https:\/\/regmik.ua\/uk\/#website"},"primaryImageOfPage":{"@id":"https:\/\/regmik.ua\/product\/i4-2dvt\/#primaryimage"},"image":{"@id":"https:\/\/regmik.ua\/product\/i4-2dvt\/#primaryimage"},"thumbnailUrl":"https:\/\/regmik.ua\/wp-content\/uploads\/2015\/08\/RD4_4TC_front.png","datePublished":"2016-08-30T06:25:57+00:00","dateModified":"2024-04-24T04:36:44+00:00","description":"Das Zweikanal-Feuchte- und Temperaturmessger\u00e4t I4-2DVT dient zur Messung und Anzeige von Feuchte und Temperatur mit zwei digitalen Sensoren DVT","breadcrumb":{"@id":"https:\/\/regmik.ua\/product\/i4-2dvt\/#breadcrumb"},"inLanguage":"de","potentialAction":[{"@type":"ReadAction","target":["https:\/\/regmik.ua\/product\/i4-2dvt\/"]}]},{"@type":"ImageObject","inLanguage":"de","@id":"https:\/\/regmik.ua\/product\/i4-2dvt\/#primaryimage","url":"https:\/\/regmik.ua\/wp-content\/uploads\/2015\/08\/RD4_4TC_front.png","contentUrl":"https:\/\/regmik.ua\/wp-content\/uploads\/2015\/08\/RD4_4TC_front.png","width":800,"height":1024,"caption":"\u0418\u0437\u043c\u0435\u0440\u0438\u0442\u0435\u043b\u044c \u0432\u043b\u0430\u0436\u043d\u043e\u0441\u0442\u0438 \u0438 \u0442\u0435\u043c\u043f\u0435\u0440\u0430\u0442\u0443\u0440\u044b \u0447\u0435\u0442\u044b\u0440\u0435\u0445\u043a\u0430\u043d\u0430\u043b\u044c\u043d\u044b\u0439 (\u04184 2\u0414\u0412\u0422)"},{"@type":"BreadcrumbList","@id":"https:\/\/regmik.ua\/product\/i4-2dvt\/#breadcrumb","itemListElement":[{"@type":"ListItem","position":1,"name":"\u0413\u043b\u0430\u0432\u043d\u0430\u044f \u0441\u0442\u0440\u0430\u043d\u0438\u0446\u0430","item":"https:\/\/regmik.ua\/"},{"@type":"ListItem","position":2,"name":"\u041f\u0440\u043e\u0434\u0443\u043a\u0446\u0438\u044f","item":"https:\/\/regmik.ua\/uk\/products\/"},{"@type":"ListItem","position":3,"name":"\u0418\u0437\u043c\u0435\u0440\u0438\u0442\u0435\u043b\u044c \u0432\u043b\u0430\u0436\u043d\u043e\u0441\u0442\u0438 \u0438 \u0442\u0435\u043c\u043f\u0435\u0440\u0430\u0442\u0443\u0440\u044b \u0434\u0432\u0443\u0445\u043a\u0430\u043d\u0430\u043b\u044c\u043d\u044b\u0439 \u04184-2\u0414\u0412\u0422"}]},{"@type":"WebSite","@id":"https:\/\/regmik.ua\/uk\/#website","url":"https:\/\/regmik.ua\/uk\/","name":"REGMIK","description":"Messger\u00e4te und Temperatursensoren","publisher":{"@id":"https:\/\/regmik.ua\/uk\/#organization"},"alternateName":"REGMIK","potentialAction":[{"@type":"SearchAction","target":{"@type":"EntryPoint","urlTemplate":"https:\/\/regmik.ua\/uk\/?s={search_term_string}"},"query-input":{"@type":"PropertyValueSpecification","valueRequired":true,"valueName":"search_term_string"}}],"inLanguage":"de"},{"@type":"Organization","@id":"https:\/\/regmik.ua\/uk\/#organization","name":"REGMIK","alternateName":"\u0420\u0415\u0413\u041c\u0418\u041a","url":"https:\/\/regmik.ua\/uk\/","logo":{"@type":"ImageObject","inLanguage":"de","@id":"https:\/\/regmik.ua\/uk\/#\/schema\/logo\/image\/","url":"https:\/\/regmik.ua\/wp-content\/uploads\/2020\/03\/regmik_logo.png","contentUrl":"https:\/\/regmik.ua\/wp-content\/uploads\/2020\/03\/regmik_logo.png","width":194,"height":45,"caption":"REGMIK"},"image":{"@id":"https:\/\/regmik.ua\/uk\/#\/schema\/logo\/image\/"},"sameAs":["https:\/\/www.facebook.com\/regmik.npf","https:\/\/x.com\/regmiknpf","https:\/\/www.youtube.com\/channel\/UC_SrY98SKAmR3Kt95GcVKcw"]}]}},"_links":{"self":[{"href":"https:\/\/regmik.ua\/de\/wp-json\/wp\/v2\/product\/11225","targetHints":{"allow":["GET"]}}],"collection":[{"href":"https:\/\/regmik.ua\/de\/wp-json\/wp\/v2\/product"}],"about":[{"href":"https:\/\/regmik.ua\/de\/wp-json\/wp\/v2\/types\/product"}],"replies":[{"embeddable":true,"href":"https:\/\/regmik.ua\/de\/wp-json\/wp\/v2\/comments?post=11225"}],"version-history":[{"count":0,"href":"https:\/\/regmik.ua\/de\/wp-json\/wp\/v2\/product\/11225\/revisions"}],"wp:featuredmedia":[{"embeddable":true,"href":"https:\/\/regmik.ua\/de\/wp-json\/wp\/v2\/media\/12175"}],"wp:attachment":[{"href":"https:\/\/regmik.ua\/de\/wp-json\/wp\/v2\/media?parent=11225"}],"wp:term":[{"taxonomy":"product_brand","embeddable":true,"href":"https:\/\/regmik.ua\/de\/wp-json\/wp\/v2\/product_brand?post=11225"},{"taxonomy":"product_cat","embeddable":true,"href":"https:\/\/regmik.ua\/de\/wp-json\/wp\/v2\/product_cat?post=11225"},{"taxonomy":"product_tag","embeddable":true,"href":"https:\/\/regmik.ua\/de\/wp-json\/wp\/v2\/product_tag?post=11225"}],"curies":[{"name":"wp","href":"https:\/\/api.w.org\/{rel}","templated":true}]}}