{"id":11159,"date":"2016-08-29T16:48:02","date_gmt":"2016-08-29T13:48:02","guid":{"rendered":"http:\/\/test.regmik.com.ua\/index.php\/product\/i4\/"},"modified":"2024-06-12T18:45:46","modified_gmt":"2024-06-12T16:45:46","slug":"i4","status":"publish","type":"product","link":"https:\/\/regmik.ua\/de\/product\/i4\/","title":{"rendered":"Vierkanalmeter I4"},"content":{"rendered":"<p>Das Vierkanalmessger\u00e4t I4 dient zur Messung und Steuerung von 1 bis 4 physikalischen Gr\u00f6\u00dfen und zur Anzeige der Messwerte auf der eingebauten Digitalanzeige.<br \/>\nI4 hat vier unabh\u00e4ngige Messkan\u00e4le, Alarmausgang (Optosimistor (OS), Opto-Schalter (OK) oder Relais (P)), RS-485-Schnittstelle mit ModBus RTU-Protokoll. Der Z\u00e4hler hat zwei Versionen in Bezug auf die Versorgungsspannung: Wechselspannung 90..240V (IPI) oder Gleichspannungsquelle 12..24V (IP24).<\/p>\n<h2>Geplanter Termin<\/h2>\n<p>I4 dient zur gleichzeitigen Steuerung von Temperatur, Druck, Luftfeuchtigkeit, Durchflussrate oder anderen physikalischen Gr\u00f6\u00dfen in mehreren Zonen (bis zu 4) und zur Alarmsignalisierung eines der \u00fcberwachten Parameter, die \u00fcber die angegebenen Grenzwerte hinausgehen (ein Notausgang).<br \/>\nI4 wird als Alarmger\u00e4t in \u00d6fen, Trockenkammern in der Lebensmittel-, Metallurgie- und anderen Industriezweigen eingesetzt.<\/p>\n<h2>Allgemeine Funktionen und Betriebsarten<\/h2>\n<ul>\n<li>Messung der Temperatur (oder anderer physikalischer Gr\u00f6\u00dfen) von Objekten unter Verwendung von Widerstandsthermoelementen (Temperatursensoren) \u041c (50\u041c, 100\u041c) und \u0422\u0421\u041f (50\u041f, 100\u041f, Pt100, Pt500, Pt1000), Thermoelementen (\u0422\u0425\u041a, \u0422\u0425\u0410, \u0422\u0416\u041a usw.), Sensoren mit einheitlichem Ausgangssignal von Strom \u0410\u0422 (0..5 mA, 0..20 mA, 4..20 mA) und Spannung \u0410\u041d (0..1 V, 0..5 V, 0..10 V);<\/li>\n<\/ul>\n<ul>\n<li>Bildung des &quot;Not&quot; -Signals (mit der M\u00f6glichkeit, ein Steuersignal an die Ausgangsstufe auszugeben), wenn die gemessene physikalische Gr\u00f6\u00dfe au\u00dferhalb des angegebenen Alarmbereichs liegt oder wenn der Eingangssensor offen oder kurzgeschlossen ist;<\/li>\n<\/ul>\n<ul>\n<li>Funktion zum Berechnen und Anzeigen der Quadratwurzel des gemessenen Wertes (zum Beispiel zum Messen der momentanen Durchflussrate von den Sensoren \u0410\u041d und \u0410\u0422);<\/li>\n<\/ul>\n<ul>\n<li>Skalierung der Messskala;<\/li>\n<\/ul>\n<ul>\n<li>Lichtanzeige der Betriebsarten;<\/li>\n<\/ul>\n<ul>\n<li>Programm\u00e4nderung von Parametern der Transformationseigenschaften (Steigung, Versatz);<\/li>\n<\/ul>\n<ul>\n<li>digitale Filterung von Messungen (Filtertiefe - bis zu 10 Messperioden);<\/li>\n<\/ul>\n<ul>\n<li>\u00c4nderung der Anzeigezeit der Messwerte;<\/li>\n<\/ul>\n<ul>\n<li>digitale Kalibrierung von Eingangskan\u00e4len;<\/li>\n<\/ul>\n<ul>\n<li>Passwortschutz von Parametern;<\/li>\n<\/ul>\n<ul>\n<li>eingebaute Konstantspannungsquelle (24V, 100mA) zur Versorgung aktiver Sensoren oder zum Anschluss eines Alarmrelais;<\/li>\n<\/ul>\n<ul>\n<li>RS-485 ModBus RTU-Schnittstelle zum Aufzeichnen von Messwerten auf einem PC oder zum Arbeiten mit einer SPS.<\/li>\n<\/ul>\n<p>&nbsp;<\/p>","protected":false},"excerpt":{"rendered":"<p>Das I4-Messger\u00e4t \/ die Anzeige misst die physikalische Eingangsgr\u00f6\u00dfe \u00fcber vier Kan\u00e4le mit den Standardsensoren \u0422\u0421, \u041f\u0422, \u0410\u041d und \u0410\u0422 und verf\u00fcgt \u00fcber einen Alarmausgang.<\/p>","protected":false},"featured_media":12130,"comment_status":"open","ping_status":"closed","template":"","meta":[],"product_brand":[],"product_cat":[40,52],"product_tag":[94,89,96,88,91,95,45],"class_list":{"0":"post-11159","1":"product","2":"type-product","3":"status-publish","4":"has-post-thumbnail","6":"product_cat-meters","7":"product_cat-shield-housing","8":"product_tag-avariya","9":"product_tag-datchik","10":"product_tag-i4","11":"product_tag-izmeritel","12":"product_tag-obekt","13":"product_tag-signalizatsiya","14":"product_tag-temperatura","15":"pa_number-of-inputs-246","16":"pa_number-of-outputs-249","17":"pa_outputs1-ok","18":"pa_outputs1-os","19":"pa_outputs1-r","20":"pa_power-supply-ip24","21":"pa_power-supply-ipi","22":"pa_rs485-yes","23":"pa_types-of-inputs-at0-5ma-0-20ma-4-20ma","24":"pa_types-of-inputs-uvtsptanat","27":"instock","28":"shipping-taxable","29":"purchasable","30":"product-type-variable","31":"has-default-attributes"},"yoast_head":"<title>\u0418\u0437\u043c\u0435\u0440\u0438\u0442\u0435\u043b\u044c \u0447\u0435\u0442\u044b\u0440\u0435\u0445\u043a\u0430\u043d\u0430\u043b\u044c\u043d\u044b\u0439 \u04184 &#8211; \u0420\u0415\u0413\u041c\u0406\u041a, \u041d\u0412\u0424, \u041f\u041f<\/title>\n<meta name=\"description\" content=\"\u0418\u0437\u043c\u0435\u0440\u0438\u0442\u0435\u043b\u044c \u0447\u0435\u0442\u044b\u0440\u0435\u0445\u043a\u0430\u043d\u0430\u043b\u044c\u043d\u044b\u0439 \u04184 \u043f\u0440\u0435\u0434\u043d\u0430\u0437\u043d\u0430\u0447\u0435\u043d \u0434\u043b\u044f \u0438\u0437\u043c\u0435\u0440\u0435\u043d\u0438\u044f \u0438 \u043a\u043e\u043d\u0442\u0440\u043e\u043b\u044f \u0434\u043e 4-\u0445 \u0444\u0438\u0437\u0438\u0447\u0435\u0441\u043a\u0438\u0445 \u0432\u0435\u043b\u0438\u0447\u0438\u043d \u0438 \u043e\u0442\u043e\u0431\u0440\u0430\u0436\u0435\u043d\u0438\u044f \u0438\u0437\u043c\u0435\u0440\u0435\u043d\u043d\u044b\u0445 \u0437\u043d\u0430\u0447\u0435\u043d\u0438\u0439 \u043d\u0430 \u0446\u0438\u0444\u0440\u043e\u0432\u043e\u043c \u0438\u043d\u0434\u0438\u043a\u0430\u0442\u043e\u0440\u0435\" \/>\n<meta name=\"robots\" content=\"index, follow, max-snippet:-1, max-image-preview:large, max-video-preview:-1\" \/>\n<link rel=\"canonical\" href=\"https:\/\/regmik.ua\/de\/product\/i4\/\" \/>\n<script type=\"application\/ld+json\" class=\"yoast-schema-graph\">{\"@context\":\"https:\\\/\\\/schema.org\",\"@graph\":[{\"@type\":\"WebPage\",\"@id\":\"https:\\\/\\\/regmik.ua\\\/product\\\/i4\\\/\",\"url\":\"https:\\\/\\\/regmik.ua\\\/product\\\/i4\\\/\",\"name\":\"\u0418\u0437\u043c\u0435\u0440\u0438\u0442\u0435\u043b\u044c \u0447\u0435\u0442\u044b\u0440\u0435\u0445\u043a\u0430\u043d\u0430\u043b\u044c\u043d\u044b\u0439 \u04184 &#8211; \u0420\u0415\u0413\u041c\u0406\u041a, \u041d\u0412\u0424, \u041f\u041f\",\"isPartOf\":{\"@id\":\"https:\\\/\\\/regmik.ua\\\/uk\\\/#website\"},\"primaryImageOfPage\":{\"@id\":\"https:\\\/\\\/regmik.ua\\\/product\\\/i4\\\/#primaryimage\"},\"image\":{\"@id\":\"https:\\\/\\\/regmik.ua\\\/product\\\/i4\\\/#primaryimage\"},\"thumbnailUrl\":\"https:\\\/\\\/regmik.ua\\\/wp-content\\\/uploads\\\/2015\\\/08\\\/RD2_1ts_side.png\",\"datePublished\":\"2016-08-29T13:48:02+00:00\",\"dateModified\":\"2024-06-12T16:45:46+00:00\",\"description\":\"\u0418\u0437\u043c\u0435\u0440\u0438\u0442\u0435\u043b\u044c \u0447\u0435\u0442\u044b\u0440\u0435\u0445\u043a\u0430\u043d\u0430\u043b\u044c\u043d\u044b\u0439 \u04184 \u043f\u0440\u0435\u0434\u043d\u0430\u0437\u043d\u0430\u0447\u0435\u043d \u0434\u043b\u044f \u0438\u0437\u043c\u0435\u0440\u0435\u043d\u0438\u044f \u0438 \u043a\u043e\u043d\u0442\u0440\u043e\u043b\u044f \u0434\u043e 4-\u0445 \u0444\u0438\u0437\u0438\u0447\u0435\u0441\u043a\u0438\u0445 \u0432\u0435\u043b\u0438\u0447\u0438\u043d \u0438 \u043e\u0442\u043e\u0431\u0440\u0430\u0436\u0435\u043d\u0438\u044f \u0438\u0437\u043c\u0435\u0440\u0435\u043d\u043d\u044b\u0445 \u0437\u043d\u0430\u0447\u0435\u043d\u0438\u0439 \u043d\u0430 \u0446\u0438\u0444\u0440\u043e\u0432\u043e\u043c \u0438\u043d\u0434\u0438\u043a\u0430\u0442\u043e\u0440\u0435\",\"breadcrumb\":{\"@id\":\"https:\\\/\\\/regmik.ua\\\/product\\\/i4\\\/#breadcrumb\"},\"inLanguage\":\"de\",\"potentialAction\":[{\"@type\":\"ReadAction\",\"target\":[\"https:\\\/\\\/regmik.ua\\\/product\\\/i4\\\/\"]}]},{\"@type\":\"ImageObject\",\"inLanguage\":\"de\",\"@id\":\"https:\\\/\\\/regmik.ua\\\/product\\\/i4\\\/#primaryimage\",\"url\":\"https:\\\/\\\/regmik.ua\\\/wp-content\\\/uploads\\\/2015\\\/08\\\/RD2_1ts_side.png\",\"contentUrl\":\"https:\\\/\\\/regmik.ua\\\/wp-content\\\/uploads\\\/2015\\\/08\\\/RD2_1ts_side.png\",\"width\":800,\"height\":1024,\"caption\":\"\u0418\u0437\u043c\u0435\u0440\u0438\u0442\u0435\u043b\u044c \u0447\u0435\u0442\u044b\u0440\u0435\u0445\u043a\u0430\u043d\u0430\u043b\u044c\u043d\u044b\u0439 \u0449\u0438\u0442\u043e\u0432\u043e\u0439 (\u04184)\"},{\"@type\":\"BreadcrumbList\",\"@id\":\"https:\\\/\\\/regmik.ua\\\/product\\\/i4\\\/#breadcrumb\",\"itemListElement\":[{\"@type\":\"ListItem\",\"position\":1,\"name\":\"\u0413\u043b\u0430\u0432\u043d\u0430\u044f \u0441\u0442\u0440\u0430\u043d\u0438\u0446\u0430\",\"item\":\"https:\\\/\\\/regmik.ua\\\/\"},{\"@type\":\"ListItem\",\"position\":2,\"name\":\"\u041f\u0440\u043e\u0434\u0443\u043a\u0446\u0438\u044f\",\"item\":\"https:\\\/\\\/regmik.ua\\\/uk\\\/products\\\/\"},{\"@type\":\"ListItem\",\"position\":3,\"name\":\"\u0418\u0437\u043c\u0435\u0440\u0438\u0442\u0435\u043b\u044c \u0447\u0435\u0442\u044b\u0440\u0435\u0445\u043a\u0430\u043d\u0430\u043b\u044c\u043d\u044b\u0439 \u04184\"}]},{\"@type\":\"WebSite\",\"@id\":\"https:\\\/\\\/regmik.ua\\\/uk\\\/#website\",\"url\":\"https:\\\/\\\/regmik.ua\\\/uk\\\/\",\"name\":\"REGMIK\",\"description\":\"\u0418\u0437\u043c\u0435\u0440\u0438\u0442\u0435\u043b\u044c\u043d\u044b\u0435 \u043f\u0440\u0438\u0431\u043e\u0440\u044b \u0438 \u0434\u0430\u0442\u0447\u0438\u043a\u0438 \u0442\u0435\u043c\u043f\u0435\u0440\u0430\u0442\u0443\u0440\u044b\",\"publisher\":{\"@id\":\"https:\\\/\\\/regmik.ua\\\/uk\\\/#organization\"},\"alternateName\":\"REGMIK\",\"potentialAction\":[{\"@type\":\"SearchAction\",\"target\":{\"@type\":\"EntryPoint\",\"urlTemplate\":\"https:\\\/\\\/regmik.ua\\\/uk\\\/?s={search_term_string}\"},\"query-input\":{\"@type\":\"PropertyValueSpecification\",\"valueRequired\":true,\"valueName\":\"search_term_string\"}}],\"inLanguage\":\"de\"},{\"@type\":\"Organization\",\"@id\":\"https:\\\/\\\/regmik.ua\\\/uk\\\/#organization\",\"name\":\"REGMIK\",\"alternateName\":\"\u0420\u0415\u0413\u041c\u0418\u041a\",\"url\":\"https:\\\/\\\/regmik.ua\\\/uk\\\/\",\"logo\":{\"@type\":\"ImageObject\",\"inLanguage\":\"de\",\"@id\":\"https:\\\/\\\/regmik.ua\\\/uk\\\/#\\\/schema\\\/logo\\\/image\\\/\",\"url\":\"https:\\\/\\\/regmik.ua\\\/wp-content\\\/uploads\\\/2020\\\/03\\\/regmik_logo.png\",\"contentUrl\":\"https:\\\/\\\/regmik.ua\\\/wp-content\\\/uploads\\\/2020\\\/03\\\/regmik_logo.png\",\"width\":194,\"height\":45,\"caption\":\"REGMIK\"},\"image\":{\"@id\":\"https:\\\/\\\/regmik.ua\\\/uk\\\/#\\\/schema\\\/logo\\\/image\\\/\"},\"sameAs\":[\"https:\\\/\\\/www.facebook.com\\\/regmik.npf\",\"https:\\\/\\\/x.com\\\/regmiknpf\",\"https:\\\/\\\/www.youtube.com\\\/channel\\\/UC_SrY98SKAmR3Kt95GcVKcw\"]}]}<\/script>","yoast_head_json":{"title":"Vierkanal-Meter I4 \u2013 REGMIK, NVF, PP","description":"Das Vierkanalmessger\u00e4t I4 dient zur Messung und Steuerung von 1 bis 4 physikalischen Gr\u00f6\u00dfen und zur Anzeige der Messwerte auf der eingebauten Digitalanzeige.","robots":{"index":"index","follow":"follow","max-snippet":"max-snippet:-1","max-image-preview":"max-image-preview:large","max-video-preview":"max-video-preview:-1"},"canonical":"https:\/\/regmik.ua\/de\/product\/i4\/","schema":{"@context":"https:\/\/schema.org","@graph":[{"@type":"WebPage","@id":"https:\/\/regmik.ua\/product\/i4\/","url":"https:\/\/regmik.ua\/product\/i4\/","name":"Vierkanal-Meter I4 \u2013 REGMIK, NVF, PP","isPartOf":{"@id":"https:\/\/regmik.ua\/uk\/#website"},"primaryImageOfPage":{"@id":"https:\/\/regmik.ua\/product\/i4\/#primaryimage"},"image":{"@id":"https:\/\/regmik.ua\/product\/i4\/#primaryimage"},"thumbnailUrl":"https:\/\/regmik.ua\/wp-content\/uploads\/2015\/08\/RD2_1ts_side.png","datePublished":"2016-08-29T13:48:02+00:00","dateModified":"2024-06-12T16:45:46+00:00","description":"Das Vierkanalmessger\u00e4t I4 dient zur Messung und Steuerung von 1 bis 4 physikalischen Gr\u00f6\u00dfen und zur Anzeige der Messwerte auf der eingebauten Digitalanzeige.","breadcrumb":{"@id":"https:\/\/regmik.ua\/product\/i4\/#breadcrumb"},"inLanguage":"de","potentialAction":[{"@type":"ReadAction","target":["https:\/\/regmik.ua\/product\/i4\/"]}]},{"@type":"ImageObject","inLanguage":"de","@id":"https:\/\/regmik.ua\/product\/i4\/#primaryimage","url":"https:\/\/regmik.ua\/wp-content\/uploads\/2015\/08\/RD2_1ts_side.png","contentUrl":"https:\/\/regmik.ua\/wp-content\/uploads\/2015\/08\/RD2_1ts_side.png","width":800,"height":1024,"caption":"\u0418\u0437\u043c\u0435\u0440\u0438\u0442\u0435\u043b\u044c \u0447\u0435\u0442\u044b\u0440\u0435\u0445\u043a\u0430\u043d\u0430\u043b\u044c\u043d\u044b\u0439 \u0449\u0438\u0442\u043e\u0432\u043e\u0439 (\u04184)"},{"@type":"BreadcrumbList","@id":"https:\/\/regmik.ua\/product\/i4\/#breadcrumb","itemListElement":[{"@type":"ListItem","position":1,"name":"\u0413\u043b\u0430\u0432\u043d\u0430\u044f \u0441\u0442\u0440\u0430\u043d\u0438\u0446\u0430","item":"https:\/\/regmik.ua\/"},{"@type":"ListItem","position":2,"name":"\u041f\u0440\u043e\u0434\u0443\u043a\u0446\u0438\u044f","item":"https:\/\/regmik.ua\/uk\/products\/"},{"@type":"ListItem","position":3,"name":"\u0418\u0437\u043c\u0435\u0440\u0438\u0442\u0435\u043b\u044c \u0447\u0435\u0442\u044b\u0440\u0435\u0445\u043a\u0430\u043d\u0430\u043b\u044c\u043d\u044b\u0439 \u04184"}]},{"@type":"WebSite","@id":"https:\/\/regmik.ua\/uk\/#website","url":"https:\/\/regmik.ua\/uk\/","name":"REGMIK","description":"Messger\u00e4te und Temperatursensoren","publisher":{"@id":"https:\/\/regmik.ua\/uk\/#organization"},"alternateName":"REGMIK","potentialAction":[{"@type":"SearchAction","target":{"@type":"EntryPoint","urlTemplate":"https:\/\/regmik.ua\/uk\/?s={search_term_string}"},"query-input":{"@type":"PropertyValueSpecification","valueRequired":true,"valueName":"search_term_string"}}],"inLanguage":"de"},{"@type":"Organization","@id":"https:\/\/regmik.ua\/uk\/#organization","name":"REGMIK","alternateName":"\u0420\u0415\u0413\u041c\u0418\u041a","url":"https:\/\/regmik.ua\/uk\/","logo":{"@type":"ImageObject","inLanguage":"de","@id":"https:\/\/regmik.ua\/uk\/#\/schema\/logo\/image\/","url":"https:\/\/regmik.ua\/wp-content\/uploads\/2020\/03\/regmik_logo.png","contentUrl":"https:\/\/regmik.ua\/wp-content\/uploads\/2020\/03\/regmik_logo.png","width":194,"height":45,"caption":"REGMIK"},"image":{"@id":"https:\/\/regmik.ua\/uk\/#\/schema\/logo\/image\/"},"sameAs":["https:\/\/www.facebook.com\/regmik.npf","https:\/\/x.com\/regmiknpf","https:\/\/www.youtube.com\/channel\/UC_SrY98SKAmR3Kt95GcVKcw"]}]}},"_links":{"self":[{"href":"https:\/\/regmik.ua\/de\/wp-json\/wp\/v2\/product\/11159","targetHints":{"allow":["GET"]}}],"collection":[{"href":"https:\/\/regmik.ua\/de\/wp-json\/wp\/v2\/product"}],"about":[{"href":"https:\/\/regmik.ua\/de\/wp-json\/wp\/v2\/types\/product"}],"replies":[{"embeddable":true,"href":"https:\/\/regmik.ua\/de\/wp-json\/wp\/v2\/comments?post=11159"}],"version-history":[{"count":0,"href":"https:\/\/regmik.ua\/de\/wp-json\/wp\/v2\/product\/11159\/revisions"}],"wp:featuredmedia":[{"embeddable":true,"href":"https:\/\/regmik.ua\/de\/wp-json\/wp\/v2\/media\/12130"}],"wp:attachment":[{"href":"https:\/\/regmik.ua\/de\/wp-json\/wp\/v2\/media?parent=11159"}],"wp:term":[{"taxonomy":"product_brand","embeddable":true,"href":"https:\/\/regmik.ua\/de\/wp-json\/wp\/v2\/product_brand?post=11159"},{"taxonomy":"product_cat","embeddable":true,"href":"https:\/\/regmik.ua\/de\/wp-json\/wp\/v2\/product_cat?post=11159"},{"taxonomy":"product_tag","embeddable":true,"href":"https:\/\/regmik.ua\/de\/wp-json\/wp\/v2\/product_tag?post=11159"}],"curies":[{"name":"wp","href":"https:\/\/api.w.org\/{rel}","templated":true}]}}