{"id":11105,"date":"2016-08-29T15:41:32","date_gmt":"2016-08-29T12:41:32","guid":{"rendered":"http:\/\/test.regmik.com.ua\/index.php\/product\/%d0%b82-01\/"},"modified":"2024-04-16T18:39:40","modified_gmt":"2024-04-16T16:39:40","slug":"i2-01","status":"publish","type":"product","link":"https:\/\/regmik.ua\/de\/product\/i2-01\/","title":{"rendered":"Zweikanalz\u00e4hler I2-01"},"content":{"rendered":"<p>Das Zweikanalmessger\u00e4t I2-01 verf\u00fcgt \u00fcber einen Alarmausgang und empf\u00e4ngt und wandelt ein oder zwei analoge Eingangssignale in physikalische Werte (Temperatur, Luftfeuchtigkeit, Druck, F\u00fcllstand usw.) um und zeigt die erhaltenen Werte auf der eingebauten Digitalanzeige an.<br \/>\nDas Messger\u00e4t verf\u00fcgt \u00fcber zwei unabh\u00e4ngige Messkan\u00e4le und die M\u00f6glichkeit der Ausf\u00fchrung in zwei Modifikationen f\u00fcr die Stromversorgung: Wechselspannungsnetz 90..240 V (IPI) oder Gleichspannungsquelle = 12..24 V (IP24).<br \/>\nEs ist auch m\u00f6glich, ein Ger\u00e4t mit zwei Anzeigen zur gleichzeitigen Anzeige von Messwerten in zwei Kan\u00e4len herzustellen.<\/p>\n<p>&nbsp;<\/p>\n<p><center><strong>Zweck:<\/strong><\/center><center><\/center><center><\/center>Das Zweikanalmessger\u00e4t I2 dient zur Messung und Anzeige der Temperatur verschiedener Umgebungen in Trockenkammern, K\u00fchlger\u00e4ten, Industrie- \/ Haushalts\u00f6fen und anderen technologischen Ger\u00e4ten, zur Messung der Luftfeuchtigkeit nach der psychrometrischen Methode beim Trocknen von Holz sowie zur Messung anderer physikalischer Gr\u00f6\u00dfen (F\u00fcllstand, Durchfluss, Druck, Luftfeuchtigkeit) etc.) mit Sensoren mit einem einheitlichen analogen Signal.<\/p>\n<p>&nbsp;<\/p>\n<p><center><strong>Allgemeine Funktionen und Betriebsarten:<\/strong><\/center><\/p>\n<ul>\n<li>Messung der Temperatur (oder anderer physikalischer Gr\u00f6\u00dfen) von Objekten unter Verwendung von Widerstandsthermoelementen (Temperatursensoren) \u041c (50\u041c, 100\u041c) und \u0422\u0421\u041f (50\u041f, 100\u041f, Pt100, Pt500, Pt1000), Thermoelementen (\u0422\u0425\u041a, \u0422\u0425\u0410, \u0422\u0416\u041a usw.), Sensoren mit einheitlichem Ausgangssignal von Strom \u0410\u0422 (0..5 mA, 0..20 mA, 4..20 mA) und Spannung \u0410\u041d (0..1 V, 0..5 V, 0..10 V);<\/li>\n<\/ul>\n<ul>\n<li>Anzeige der Messwerte auf der eingebauten LED-Anzeige (digitale Zweikanaltemperaturanzeige);<\/li>\n<\/ul>\n<ul>\n<li>Berechnungen und Anzeige von zwei Messwerten (Summe, Differenz, Durchschnitt, Minimum, Maximum) auf dem zweiten Kanal der mathematischen Funktion;<\/li>\n<\/ul>\n<ul>\n<li>Berechnungen und Anzeige des zweiten Feuchtigkeitskanals nach der psychrometrischen Methode (T1-trocken, T2-nass);<\/li>\n<\/ul>\n<ul>\n<li>Funktion zum Berechnen und Anzeigen der Quadratwurzel des gemessenen Wertes (zum Beispiel zum Messen der momentanen Durchflussrate von den Sensoren \u0410\u041d und \u0410\u0422);<\/li>\n<\/ul>\n<ul>\n<li>Skalierung der Messskala (f\u00fcr Sensoren \u0410\u041d und \u0410\u0422);<\/li>\n<\/ul>\n<ul>\n<li>Lichtanzeige der Betriebsarten (Sensorausfall, Programmierung);<\/li>\n<\/ul>\n<ul>\n<li>Programm\u00e4nderung von Parametern der Transformationseigenschaften (Steigung, Versatz);<\/li>\n<\/ul>\n<ul>\n<li>digitale Filterung von Messungen (Filtertiefe - bis zu 10 Messperioden);<\/li>\n<\/ul>\n<ul>\n<li>digitale Kalibrierung von Eingangskan\u00e4len;<\/li>\n<\/ul>\n<ul>\n<li>\u00c4ndern der Anzeigeperiode des gemessenen Wertes;<\/li>\n<\/ul>\n<ul>\n<li>Programmierung \u00fcber Tasten an der Vorderseite des Ger\u00e4ts;<\/li>\n<\/ul>\n<ul>\n<li>Passwortschutz von Parametern;<\/li>\n<\/ul>\n<ul>\n<li>Speichern von Einstellungen beim Ausschalten;<\/li>\n<\/ul>\n<ul>\n<li>eingebaute Stromversorgung = 24V, 100mA f\u00fcr aktive Sensoren in Modifikationen mit \u0410\u041d und \/ oder \u0410\u0422;<\/li>\n<\/ul>\n<ul>\n<li>RS-485 Modbus RTU-Schnittstelle (optional).<\/li>\n<\/ul>","protected":false},"excerpt":{"rendered":"<p><strong><span style=\"color: #ff0000;\">AUSF\u00dcHRUNG AUS DER PRODUKTION !!!<\/span><\/strong><\/p>\n<p><strong><span style=\"color: #008000;\">Ersatz - <a href=\"https:\/\/regmik.ua\/product\/universalnyiy-dvuhkanalnyiy-regulyator-s-taymerom-sch3\/\">RP2-U<\/a><\/span><\/strong><\/p>\n<p>Zweikanalmesser \/ Anzeige mit Alarmausgang. Standardsensoren \u0422\u0421, \u041f\u0422, \u0410\u041d, \u0410\u0422 k\u00f6nnen als Eingangssensoren verwendet werden.<\/p>","protected":false},"featured_media":11976,"comment_status":"open","ping_status":"closed","template":"","meta":[],"product_brand":[],"product_cat":[40,52],"product_tag":[94,89,93,88,91,95,45],"class_list":{"0":"post-11105","1":"product","2":"type-product","3":"status-publish","4":"has-post-thumbnail","6":"product_cat-meters","7":"product_cat-shield-housing","8":"product_tag-avariya","9":"product_tag-datchik","10":"product_tag-i2-01","11":"product_tag-izmeritel","12":"product_tag-obekt","13":"product_tag-signalizatsiya","14":"product_tag-temperatura","15":"pa_number-of-indicators-73","16":"pa_number-of-indicators-74","17":"pa_number-of-inputs-244","18":"pa_number-of-outputs-249","19":"pa_outputs1-ok","20":"pa_outputs1-os","21":"pa_outputs1-r","22":"pa_power-supply-ip24","23":"pa_power-supply-ipi","24":"pa_rs485-yes","25":"pa_rs485-no","26":"pa_types-of-inputs-an0-1v-0-10v-0-5v","27":"pa_types-of-inputs-at0-5ma-0-20ma-4-20ma","28":"pa_types-of-inputs-ts50m-100m-50p-100p-pt100-500-1000","29":"pa_types-of-inputs-ptthk-tha-tgk-tpp-tpr-tvr","30":"pa_types-of-inputs-uvtsptanat","33":"onbackorder","34":"shipping-taxable","35":"product-type-variable","36":"has-default-attributes"},"yoast_head":"<title>\u0418\u0437\u043c\u0435\u0440\u0438\u0442\u0435\u043b\u044c \u0434\u0432\u0443\u0445\u043a\u0430\u043d\u0430\u043b\u044c\u043d\u044b\u0439 \u04182-01 &#8211; \u0420\u0415\u0413\u041c\u0406\u041a, \u041d\u0412\u0424, \u041f\u041f<\/title>\n<meta name=\"description\" content=\"\u0421\u041d\u042f\u0422 \u0421 \u041f\u0420\u041e\u0418\u0417\u0412\u041e\u0414\u0421\u0422\u0412\u0410!!!  \u0417\u0430\u043c\u0435\u043d\u0430 \u2014 \u0420\u041f2-\u0423  \u0418\u0437\u043c\u0435\u0440\u0438\u0442\u0435\u043b\u044c\/\u0438\u043d\u0434\u0438\u043a\u0430\u0442\u043e\u0440 \u0434\u0432\u0443\u0445\u043a\u0430\u043d\u0430\u043b\u044c\u043d\u044b\u0439 \u0441 \u0432\u044b\u0445\u043e\u0434\u043e\u043c \u0430\u0432\u0430\u0440\u0438\u0439\u043d\u043e\u0439 \u0441\u0438\u0433\u043d\u0430\u043b\u0438\u0437\u0430\u0446\u0438\u0438. \u0412 \u043a\u0430\u0447\u0435\u0441\u0442\u0432\u0435 \u0432\u0445\u043e\u0434\u043d\u044b\u0445 \u0434\u0430\u0442\u0447\u0438\u043a\u043e\u0432 \u043c\u043e\u0433\u0443\u0442 \u0431\u044b\u0442\u044c \u0438\u0441\u043f\u043e\u043b\u044c\u0437\u043e\u0432\u0430\u043d\u044b \u0441\u0442\u0430\u043d\u0434\u0430\u0440\u0442\u043d\u044b\u0435 \u0434\u0430\u0442\u0447\u0438\u043a\u0438 \u0422\u0421, \u041f\u0422, \u0410\u041d, \u0410\u0422.\" \/>\n<meta name=\"robots\" content=\"index, follow, max-snippet:-1, max-image-preview:large, max-video-preview:-1\" \/>\n<link rel=\"canonical\" href=\"https:\/\/regmik.ua\/de\/product\/i2-01\/\" \/>\n<script type=\"application\/ld+json\" class=\"yoast-schema-graph\">{\"@context\":\"https:\\\/\\\/schema.org\",\"@graph\":[{\"@type\":\"WebPage\",\"@id\":\"https:\\\/\\\/regmik.ua\\\/product\\\/i2-01\\\/\",\"url\":\"https:\\\/\\\/regmik.ua\\\/product\\\/i2-01\\\/\",\"name\":\"\u0418\u0437\u043c\u0435\u0440\u0438\u0442\u0435\u043b\u044c \u0434\u0432\u0443\u0445\u043a\u0430\u043d\u0430\u043b\u044c\u043d\u044b\u0439 \u04182-01 &#8211; \u0420\u0415\u0413\u041c\u0406\u041a, \u041d\u0412\u0424, \u041f\u041f\",\"isPartOf\":{\"@id\":\"https:\\\/\\\/regmik.ua\\\/uk\\\/#website\"},\"primaryImageOfPage\":{\"@id\":\"https:\\\/\\\/regmik.ua\\\/product\\\/i2-01\\\/#primaryimage\"},\"image\":{\"@id\":\"https:\\\/\\\/regmik.ua\\\/product\\\/i2-01\\\/#primaryimage\"},\"thumbnailUrl\":\"https:\\\/\\\/regmik.ua\\\/wp-content\\\/uploads\\\/2015\\\/08\\\/RV_4_front6.png\",\"datePublished\":\"2016-08-29T12:41:32+00:00\",\"dateModified\":\"2024-04-16T16:39:40+00:00\",\"description\":\"\u0421\u041d\u042f\u0422 \u0421 \u041f\u0420\u041e\u0418\u0417\u0412\u041e\u0414\u0421\u0422\u0412\u0410!!! \u0417\u0430\u043c\u0435\u043d\u0430 \u2014 \u0420\u041f2-\u0423 \u0418\u0437\u043c\u0435\u0440\u0438\u0442\u0435\u043b\u044c\\\/\u0438\u043d\u0434\u0438\u043a\u0430\u0442\u043e\u0440 \u0434\u0432\u0443\u0445\u043a\u0430\u043d\u0430\u043b\u044c\u043d\u044b\u0439 \u0441 \u0432\u044b\u0445\u043e\u0434\u043e\u043c \u0430\u0432\u0430\u0440\u0438\u0439\u043d\u043e\u0439 \u0441\u0438\u0433\u043d\u0430\u043b\u0438\u0437\u0430\u0446\u0438\u0438. \u0412 \u043a\u0430\u0447\u0435\u0441\u0442\u0432\u0435 \u0432\u0445\u043e\u0434\u043d\u044b\u0445 \u0434\u0430\u0442\u0447\u0438\u043a\u043e\u0432 \u043c\u043e\u0433\u0443\u0442 \u0431\u044b\u0442\u044c \u0438\u0441\u043f\u043e\u043b\u044c\u0437\u043e\u0432\u0430\u043d\u044b \u0441\u0442\u0430\u043d\u0434\u0430\u0440\u0442\u043d\u044b\u0435 \u0434\u0430\u0442\u0447\u0438\u043a\u0438 \u0422\u0421, \u041f\u0422, \u0410\u041d, \u0410\u0422.\",\"breadcrumb\":{\"@id\":\"https:\\\/\\\/regmik.ua\\\/product\\\/i2-01\\\/#breadcrumb\"},\"inLanguage\":\"de\",\"potentialAction\":[{\"@type\":\"ReadAction\",\"target\":[\"https:\\\/\\\/regmik.ua\\\/product\\\/i2-01\\\/\"]}]},{\"@type\":\"ImageObject\",\"inLanguage\":\"de\",\"@id\":\"https:\\\/\\\/regmik.ua\\\/product\\\/i2-01\\\/#primaryimage\",\"url\":\"https:\\\/\\\/regmik.ua\\\/wp-content\\\/uploads\\\/2015\\\/08\\\/RV_4_front6.png\",\"contentUrl\":\"https:\\\/\\\/regmik.ua\\\/wp-content\\\/uploads\\\/2015\\\/08\\\/RV_4_front6.png\",\"width\":800,\"height\":1024,\"caption\":\"\u0418\u0437\u043c\u0435\u0440\u0438\u0442\u0435\u043b\u044c \u0434\u0432\u0443\u0445\u043a\u0430\u043d\u0430\u043b\u044c\u043d\u044b\u0439 \u0441 \u0432\u044b\u0445\u043e\u0434\u043e\u043c \u0430\u0432\u0430\u0440\u0438\u0439\u043d\u043e\u0439 \u0441\u0438\u0433\u043d\u0430\u043b\u0438\u0437\u0430\u0446\u0438\u0438 (\u04182-01) \u0441 \u043e\u0434\u043d\u0438\u043c \u0438\u043d\u0434\u0438\u043a\u0430\u0442\u043e\u0440\u043e\u043c\"},{\"@type\":\"BreadcrumbList\",\"@id\":\"https:\\\/\\\/regmik.ua\\\/product\\\/i2-01\\\/#breadcrumb\",\"itemListElement\":[{\"@type\":\"ListItem\",\"position\":1,\"name\":\"\u0413\u043b\u0430\u0432\u043d\u0430\u044f \u0441\u0442\u0440\u0430\u043d\u0438\u0446\u0430\",\"item\":\"https:\\\/\\\/regmik.ua\\\/\"},{\"@type\":\"ListItem\",\"position\":2,\"name\":\"\u041f\u0440\u043e\u0434\u0443\u043a\u0446\u0438\u044f\",\"item\":\"https:\\\/\\\/regmik.ua\\\/uk\\\/products\\\/\"},{\"@type\":\"ListItem\",\"position\":3,\"name\":\"\u0418\u0437\u043c\u0435\u0440\u0438\u0442\u0435\u043b\u044c \u0434\u0432\u0443\u0445\u043a\u0430\u043d\u0430\u043b\u044c\u043d\u044b\u0439 \u04182-01\"}]},{\"@type\":\"WebSite\",\"@id\":\"https:\\\/\\\/regmik.ua\\\/uk\\\/#website\",\"url\":\"https:\\\/\\\/regmik.ua\\\/uk\\\/\",\"name\":\"REGMIK\",\"description\":\"\u0418\u0437\u043c\u0435\u0440\u0438\u0442\u0435\u043b\u044c\u043d\u044b\u0435 \u043f\u0440\u0438\u0431\u043e\u0440\u044b \u0438 \u0434\u0430\u0442\u0447\u0438\u043a\u0438 \u0442\u0435\u043c\u043f\u0435\u0440\u0430\u0442\u0443\u0440\u044b\",\"publisher\":{\"@id\":\"https:\\\/\\\/regmik.ua\\\/uk\\\/#organization\"},\"alternateName\":\"REGMIK\",\"potentialAction\":[{\"@type\":\"SearchAction\",\"target\":{\"@type\":\"EntryPoint\",\"urlTemplate\":\"https:\\\/\\\/regmik.ua\\\/uk\\\/?s={search_term_string}\"},\"query-input\":{\"@type\":\"PropertyValueSpecification\",\"valueRequired\":true,\"valueName\":\"search_term_string\"}}],\"inLanguage\":\"de\"},{\"@type\":\"Organization\",\"@id\":\"https:\\\/\\\/regmik.ua\\\/uk\\\/#organization\",\"name\":\"REGMIK\",\"alternateName\":\"\u0420\u0415\u0413\u041c\u0418\u041a\",\"url\":\"https:\\\/\\\/regmik.ua\\\/uk\\\/\",\"logo\":{\"@type\":\"ImageObject\",\"inLanguage\":\"de\",\"@id\":\"https:\\\/\\\/regmik.ua\\\/uk\\\/#\\\/schema\\\/logo\\\/image\\\/\",\"url\":\"https:\\\/\\\/regmik.ua\\\/wp-content\\\/uploads\\\/2020\\\/03\\\/regmik_logo.png\",\"contentUrl\":\"https:\\\/\\\/regmik.ua\\\/wp-content\\\/uploads\\\/2020\\\/03\\\/regmik_logo.png\",\"width\":194,\"height\":45,\"caption\":\"REGMIK\"},\"image\":{\"@id\":\"https:\\\/\\\/regmik.ua\\\/uk\\\/#\\\/schema\\\/logo\\\/image\\\/\"},\"sameAs\":[\"https:\\\/\\\/www.facebook.com\\\/regmik.npf\",\"https:\\\/\\\/x.com\\\/regmiknpf\",\"https:\\\/\\\/www.youtube.com\\\/channel\\\/UC_SrY98SKAmR3Kt95GcVKcw\"]}]}<\/script>","yoast_head_json":{"title":"Z\u00e4hler zweikanalig I2-01 - REGMlK, NVF, PP","description":"NICHT MEHR IN PRODUKTION!!! Ersatz \u2013 RP2-U Zweikanaliges Messger\u00e4t\/Anzeigeger\u00e4t mit Alarmausgang. Als Eingangssensoren k\u00f6nnen Standardsensoren TS, PT, AN, AT verwendet werden.","robots":{"index":"index","follow":"follow","max-snippet":"max-snippet:-1","max-image-preview":"max-image-preview:large","max-video-preview":"max-video-preview:-1"},"canonical":"https:\/\/regmik.ua\/de\/product\/i2-01\/","schema":{"@context":"https:\/\/schema.org","@graph":[{"@type":"WebPage","@id":"https:\/\/regmik.ua\/product\/i2-01\/","url":"https:\/\/regmik.ua\/product\/i2-01\/","name":"Z\u00e4hler zweikanalig I2-01 - REGMlK, NVF, PP","isPartOf":{"@id":"https:\/\/regmik.ua\/uk\/#website"},"primaryImageOfPage":{"@id":"https:\/\/regmik.ua\/product\/i2-01\/#primaryimage"},"image":{"@id":"https:\/\/regmik.ua\/product\/i2-01\/#primaryimage"},"thumbnailUrl":"https:\/\/regmik.ua\/wp-content\/uploads\/2015\/08\/RV_4_front6.png","datePublished":"2016-08-29T12:41:32+00:00","dateModified":"2024-04-16T16:39:40+00:00","description":"NICHT MEHR IN PRODUKTION!!! Ersatz \u2013 RP2-U Zweikanaliges Messger\u00e4t\/Anzeigeger\u00e4t mit Alarmausgang. Als Eingangssensoren k\u00f6nnen Standardsensoren TS, PT, AN, AT verwendet werden.","breadcrumb":{"@id":"https:\/\/regmik.ua\/product\/i2-01\/#breadcrumb"},"inLanguage":"de","potentialAction":[{"@type":"ReadAction","target":["https:\/\/regmik.ua\/product\/i2-01\/"]}]},{"@type":"ImageObject","inLanguage":"de","@id":"https:\/\/regmik.ua\/product\/i2-01\/#primaryimage","url":"https:\/\/regmik.ua\/wp-content\/uploads\/2015\/08\/RV_4_front6.png","contentUrl":"https:\/\/regmik.ua\/wp-content\/uploads\/2015\/08\/RV_4_front6.png","width":800,"height":1024,"caption":"\u0418\u0437\u043c\u0435\u0440\u0438\u0442\u0435\u043b\u044c \u0434\u0432\u0443\u0445\u043a\u0430\u043d\u0430\u043b\u044c\u043d\u044b\u0439 \u0441 \u0432\u044b\u0445\u043e\u0434\u043e\u043c \u0430\u0432\u0430\u0440\u0438\u0439\u043d\u043e\u0439 \u0441\u0438\u0433\u043d\u0430\u043b\u0438\u0437\u0430\u0446\u0438\u0438 (\u04182-01) \u0441 \u043e\u0434\u043d\u0438\u043c \u0438\u043d\u0434\u0438\u043a\u0430\u0442\u043e\u0440\u043e\u043c"},{"@type":"BreadcrumbList","@id":"https:\/\/regmik.ua\/product\/i2-01\/#breadcrumb","itemListElement":[{"@type":"ListItem","position":1,"name":"\u0413\u043b\u0430\u0432\u043d\u0430\u044f \u0441\u0442\u0440\u0430\u043d\u0438\u0446\u0430","item":"https:\/\/regmik.ua\/"},{"@type":"ListItem","position":2,"name":"\u041f\u0440\u043e\u0434\u0443\u043a\u0446\u0438\u044f","item":"https:\/\/regmik.ua\/uk\/products\/"},{"@type":"ListItem","position":3,"name":"\u0418\u0437\u043c\u0435\u0440\u0438\u0442\u0435\u043b\u044c \u0434\u0432\u0443\u0445\u043a\u0430\u043d\u0430\u043b\u044c\u043d\u044b\u0439 \u04182-01"}]},{"@type":"WebSite","@id":"https:\/\/regmik.ua\/uk\/#website","url":"https:\/\/regmik.ua\/uk\/","name":"REGMIK","description":"Messger\u00e4te und Temperatursensoren","publisher":{"@id":"https:\/\/regmik.ua\/uk\/#organization"},"alternateName":"REGMIK","potentialAction":[{"@type":"SearchAction","target":{"@type":"EntryPoint","urlTemplate":"https:\/\/regmik.ua\/uk\/?s={search_term_string}"},"query-input":{"@type":"PropertyValueSpecification","valueRequired":true,"valueName":"search_term_string"}}],"inLanguage":"de"},{"@type":"Organization","@id":"https:\/\/regmik.ua\/uk\/#organization","name":"REGMIK","alternateName":"\u0420\u0415\u0413\u041c\u0418\u041a","url":"https:\/\/regmik.ua\/uk\/","logo":{"@type":"ImageObject","inLanguage":"de","@id":"https:\/\/regmik.ua\/uk\/#\/schema\/logo\/image\/","url":"https:\/\/regmik.ua\/wp-content\/uploads\/2020\/03\/regmik_logo.png","contentUrl":"https:\/\/regmik.ua\/wp-content\/uploads\/2020\/03\/regmik_logo.png","width":194,"height":45,"caption":"REGMIK"},"image":{"@id":"https:\/\/regmik.ua\/uk\/#\/schema\/logo\/image\/"},"sameAs":["https:\/\/www.facebook.com\/regmik.npf","https:\/\/x.com\/regmiknpf","https:\/\/www.youtube.com\/channel\/UC_SrY98SKAmR3Kt95GcVKcw"]}]}},"_links":{"self":[{"href":"https:\/\/regmik.ua\/de\/wp-json\/wp\/v2\/product\/11105","targetHints":{"allow":["GET"]}}],"collection":[{"href":"https:\/\/regmik.ua\/de\/wp-json\/wp\/v2\/product"}],"about":[{"href":"https:\/\/regmik.ua\/de\/wp-json\/wp\/v2\/types\/product"}],"replies":[{"embeddable":true,"href":"https:\/\/regmik.ua\/de\/wp-json\/wp\/v2\/comments?post=11105"}],"version-history":[{"count":0,"href":"https:\/\/regmik.ua\/de\/wp-json\/wp\/v2\/product\/11105\/revisions"}],"wp:featuredmedia":[{"embeddable":true,"href":"https:\/\/regmik.ua\/de\/wp-json\/wp\/v2\/media\/11976"}],"wp:attachment":[{"href":"https:\/\/regmik.ua\/de\/wp-json\/wp\/v2\/media?parent=11105"}],"wp:term":[{"taxonomy":"product_brand","embeddable":true,"href":"https:\/\/regmik.ua\/de\/wp-json\/wp\/v2\/product_brand?post=11105"},{"taxonomy":"product_cat","embeddable":true,"href":"https:\/\/regmik.ua\/de\/wp-json\/wp\/v2\/product_cat?post=11105"},{"taxonomy":"product_tag","embeddable":true,"href":"https:\/\/regmik.ua\/de\/wp-json\/wp\/v2\/product_tag?post=11105"}],"curies":[{"name":"wp","href":"https:\/\/api.w.org\/{rel}","templated":true}]}}