{"id":29577,"date":"2026-02-14T16:12:59","date_gmt":"2026-02-14T14:12:59","guid":{"rendered":"https:\/\/regmik.ua\/?post_type=product&#038;p=29577"},"modified":"2026-02-14T16:26:38","modified_gmt":"2026-02-14T14:26:38","slug":"ssd-cloud","status":"publish","type":"product","link":"https:\/\/regmik.ua\/cs\/product\/ssd-cloud\/","title":{"rendered":"Syst\u00e9m pro sb\u011br cloudov\u00fdch dat SSD REGMIK Web Console"},"content":{"rendered":"<p class=\"text-size-chat leading-relaxed extension:leading-normal my-2\">Software\u00a0<strong>\u00abWebov\u00e1 konzole SSD REGMIK\u00bb<\/strong>\u00a0Syst\u00e9m je navr\u017een pro cloudov\u00fd sb\u011br, ukl\u00e1d\u00e1n\u00ed, anal\u00fdzu a vizualizaci procesn\u00edch dat v re\u00e1ln\u00e9m \u010dase. Syst\u00e9m podporuje p\u0159ipojen\u00ed za\u0159\u00edzen\u00ed a zdroj\u016f dat p\u0159es Modbus\/TCP, OPC UA, MQTT, soubory\/logy a interakci s edge agenty na m\u00edst\u011b. Data jsou ulo\u017eena v PostgreSQL s podporou archivace, z\u00e1lohov\u00e1n\u00ed a reten\u010dn\u00edch politik.<br \/>\nData jsou vizualizov\u00e1na jako grafy, dashboardy, tabulky a diagramy procesn\u00edch tok\u016f. Podporov\u00e1na jsou ozn\u00e1men\u00ed (Telegram, e-mail, webhook, SMS, zvuk, browser_sound), protokolov\u00e1n\u00ed ud\u00e1lost\u00ed, p\u0159\u00edstup na z\u00e1klad\u011b rol\u00ed, audit zm\u011bn a vzd\u00e1len\u00e1 spr\u00e1va.<\/p>\n<p class=\"text-size-chat leading-relaxed extension:leading-normal my-2\"><strong>\u00da\u010del softwaru SSD REGMIK Web Console:<\/strong><\/p>\n<ul class=\"text-size-chat leading-relaxed extension:leading-normal mt-0 mb-4 list-disc pl-4\">\n<li class=\"text-size-chat leading-relaxed extension:leading-normal mb-1.5\">Sb\u011br dat z p\u0159\u00edstroj\u016f, senzor\u016f a extern\u00edch zdroj\u016f;<\/li>\n<li class=\"text-size-chat leading-relaxed extension:leading-normal mb-1.5\">Registrace, vizualizace a zpracov\u00e1n\u00ed sign\u00e1l\u016f v re\u00e1ln\u00e9m \u010dase;<\/li>\n<li class=\"text-size-chat leading-relaxed extension:leading-normal mb-1.5\">Anal\u00fdza dat a \u0159\u00edzen\u00ed procesn\u00edch parametr\u016f;<\/li>\n<li class=\"text-size-chat leading-relaxed extension:leading-normal mb-1.5\">Upozor\u0148ov\u00e1n\u00ed u\u017eivatel\u016f na poruchy a nouzov\u00e9 situace;<\/li>\n<li class=\"text-size-chat leading-relaxed extension:leading-normal mb-1.5\">Ukl\u00e1d\u00e1n\u00ed, archivace, import a export dat;<\/li>\n<li class=\"text-size-chat leading-relaxed extension:leading-normal mb-1.5\">Centralizovan\u00e1 spr\u00e1va objekt\u016f a konfigurace p\u0159es webov\u00e9 rozhran\u00ed.<\/li>\n<\/ul>\n<p class=\"text-size-chat leading-relaxed extension:leading-normal my-2\"><strong>Hlavn\u00ed vlastnosti softwaru SSD REGMIK Web Console:<\/strong><\/p>\n<ul class=\"text-size-chat leading-relaxed extension:leading-normal mt-0 mb-4 list-disc pl-4\">\n<li class=\"text-size-chat leading-relaxed extension:leading-normal mb-1.5\">demo re\u017eim;<\/li>\n<li class=\"text-size-chat leading-relaxed extension:leading-normal mb-1.5\">zobrazov\u00e1n\u00ed dat v grafech, monitorech a tabulk\u00e1ch;<\/li>\n<li class=\"text-size-chat leading-relaxed extension:leading-normal mb-1.5\">podpora mnemotechnick\u00fdch diagram\u016f: vizualizace, stavov\u00e1 pravidla, animace, \u0161ablony sc\u00e9n;<\/li>\n<li class=\"text-size-chat leading-relaxed extension:leading-normal mb-1.5\">stromov\u00e1 struktura s\u00edt\u011b (S\u00ed\u0165 \u2013 Dom\u00e9na \u2013 Za\u0159\u00edzen\u00ed \u2013 Kan\u00e1l);<\/li>\n<li class=\"text-size-chat leading-relaxed extension:leading-normal mb-1.5\">vzd\u00e1len\u00e1 konfigurace a ovl\u00e1d\u00e1n\u00ed za\u0159\u00edzen\u00ed;<\/li>\n<li class=\"text-size-chat leading-relaxed extension:leading-normal mb-1.5\">monitorov\u00e1n\u00ed nouzov\u00fdch situac\u00ed a chyb kan\u00e1l\u016f\/za\u0159\u00edzen\u00ed;<\/li>\n<li class=\"text-size-chat leading-relaxed extension:leading-normal mb-1.5\">zvukov\u00fd alarm (v\u010detn\u011b zvuku v prohl\u00ed\u017ee\u010di oper\u00e1tora);<\/li>\n<li class=\"text-size-chat leading-relaxed extension:leading-normal mb-1.5\">ozn\u00e1men\u00ed prost\u0159ednictv\u00edm e-mailu, Telegramu, webhooku, SMS a dal\u0161\u00edch kan\u00e1l\u016f;<\/li>\n<li class=\"text-size-chat leading-relaxed extension:leading-normal mb-1.5\">lokalizace chybov\u00fdch k\u00f3d\u016f a protokolu ud\u00e1lost\u00ed;<\/li>\n<li class=\"text-size-chat leading-relaxed extension:leading-normal mb-1.5\">generov\u00e1n\u00ed report\u016f a export dat (CSV, PNG\/SVG\/PDF atd.);<\/li>\n<li class=\"text-size-chat leading-relaxed extension:leading-normal mb-1.5\">import\/export konfigurace a z\u00e1lo\u017en\u00edch kopi\u00ed s verzov\u00e1n\u00edm;<\/li>\n<li class=\"text-size-chat leading-relaxed extension:leading-normal mb-1.5\">podpora p\u0159\u00edstupu a rol\u00ed v\u00edce u\u017eivatel\u016f (Administr\u00e1tor\/Technik\/Oper\u00e1tor\/Prohl\u00ed\u017ee\u010d);<\/li>\n<li class=\"text-size-chat leading-relaxed extension:leading-normal mb-1.5\">audit zm\u011bn konfigurace a u\u017eivatelsk\u00fdch akc\u00ed;<\/li>\n<li class=\"text-size-chat leading-relaxed extension:leading-normal mb-1.5\">Integrace a roz\u0161\u00ed\u0159en\u00ed OPC UA\/MQTT prost\u0159ednictv\u00edm Edge agent\u016f;<\/li>\n<li class=\"text-size-chat leading-relaxed extension:leading-normal mb-1.5\">pr\u00e1ce s historick\u00fdmi daty, rozsahy trend\u016f a p\u0159evzorkov\u00e1n\u00edm;<\/li>\n<li class=\"text-size-chat leading-relaxed extension:leading-normal mb-1.5\">p\u0159izp\u016fsoben\u00ed zobrazen\u00ed rozhran\u00ed (t\u00e9mata, jazyky, re\u017eimy prezentace);<\/li>\n<li class=\"text-size-chat leading-relaxed extension:leading-normal mb-1.5\">Provoz v cloudov\u00e9 architektu\u0159e s p\u0159ipojen\u00edm vzd\u00e1len\u00fdch objekt\u016f.<\/li>\n<\/ul>\n<p class=\"text-size-chat leading-relaxed extension:leading-normal my-2\">Spole\u010dnost neust\u00e1le vyv\u00edj\u00ed syst\u00e9m a roz\u0161i\u0159uje jeho funkcionalitu. Uv\u00edt\u00e1me va\u0161i zp\u011btnou vazbu a n\u00e1vrhy na vylep\u0161en\u00ed.\u00a0<strong>Webov\u00e1 konzole SSD REGMIK<\/strong>.<\/p>\n<p>Demo verzi produktu si m\u016f\u017eete prohl\u00e9dnout zde <a href=\"https:\/\/ssd.regmik.ua\">odkaz<\/a>\u2026<\/p>","protected":false},"excerpt":{"rendered":"<p>Software <strong>\u00abWebov\u00e1 konzole SSD REGMIK\u00bb<\/strong>\u00a0navr\u017eeno pro cloudov\u00fd sb\u011br, ukl\u00e1d\u00e1n\u00ed, anal\u00fdzu a vizualizaci procesn\u00edch dat v re\u00e1ln\u00e9m \u010dase.<\/p>","protected":false},"featured_media":29588,"comment_status":"open","ping_status":"closed","template":"","meta":[],"product_brand":[],"product_cat":[581,811],"product_tag":[3219,600,3221,3218,592],"class_list":{"0":"post-29577","1":"product","2":"type-product","3":"status-publish","4":"has-post-thumbnail","6":"product_cat-software","7":"product_cat-tovary","8":"product_tag-modbus-rtu","9":"product_tag-rs-485","10":"product_tag-mnemoshema","11":"product_tag-software","12":"product_tag-sistema-sbora-dannyh","13":"pa_max-quantity-582","14":"pa_max-quantity-3437","15":"pa_max-quantity-586","16":"pa_max-quantity-583","17":"pa_max-quantity-3438","18":"pa_max-quantity-587","19":"pa_max-quantity-584","20":"pa_max-quantity-588","21":"pa_max-quantity-585","24":"instock","25":"featured","26":"shipping-taxable","27":"product-type-simple"},"yoast_head":"<title>\u041f\u0440\u043e\u0433\u0440\u0430\u043c\u043c\u043d\u043e\u0435 \u043e\u0431\u0435\u0441\u043f\u0435\u0447\u0435\u043d\u0438\u0435 \u0421\u0438\u0441\u0442\u0435\u043c\u0430 \u0441\u0431\u043e\u0440\u0430 \u0434\u0430\u043d\u043d\u044b\u0445 &#8211; \u0420\u0415\u0413\u041c\u0406\u041a, \u041d\u0412\u0424, \u041f\u041f<\/title>\n<meta name=\"description\" content=\"\u041f\u0440\u043e\u0433\u0440\u0430\u043c\u043c\u043d\u043e\u0435 \u043e\u0431\u0435\u0441\u043f\u0435\u0447\u0435\u043d\u0438\u0435 &quot;\u0421\u0438\u0441\u0442\u0435\u043c\u0430 \u0441\u0431\u043e\u0440\u0430 \u0434\u0430\u043d\u043d\u044b\u0445 REGMIK&quot;. \u043e\u0441\u0443\u0449\u0435\u0441\u0442\u0432\u043b\u044f\u0435\u0442\u00a0\u0441\u0431\u043e\u0440 \u0438\u043d\u0444\u043e\u0440\u043c\u0430\u0446\u0438\u0438 \u043e\u0442\u00a0\u043f\u0440\u0438\u0431\u043e\u0440\u043e\u0432 \u0438 \u0434\u0430\u0442\u0447\u0438\u043a\u043e\u0432 \u0432 \u0440\u0435\u0436\u0438\u043c\u0435 \u0440\u0435\u0430\u043b\u044c\u043d\u043e\u0433\u043e \u0432\u0440\u0435\u043c\u0435\u043d\u0438.\" \/>\n<meta name=\"robots\" content=\"index, follow, max-snippet:-1, max-image-preview:large, max-video-preview:-1\" \/>\n<link rel=\"canonical\" href=\"https:\/\/regmik.ua\/cs\/produkt\/ssd-cloud\/\" \/>\n<script type=\"application\/ld+json\" class=\"yoast-schema-graph\">{\"@context\":\"https:\\\/\\\/schema.org\",\"@graph\":[{\"@type\":\"WebPage\",\"@id\":\"https:\\\/\\\/regmik.ua\\\/product\\\/ssd-cloud\\\/\",\"url\":\"https:\\\/\\\/regmik.ua\\\/product\\\/ssd-cloud\\\/\",\"name\":\"\u041f\u0440\u043e\u0433\u0440\u0430\u043c\u043c\u043d\u043e\u0435 \u043e\u0431\u0435\u0441\u043f\u0435\u0447\u0435\u043d\u0438\u0435 \u0421\u0438\u0441\u0442\u0435\u043c\u0430 \u0441\u0431\u043e\u0440\u0430 \u0434\u0430\u043d\u043d\u044b\u0445 &#8211; \u0420\u0415\u0413\u041c\u0406\u041a, \u041d\u0412\u0424, \u041f\u041f\",\"isPartOf\":{\"@id\":\"https:\\\/\\\/regmik.ua\\\/uk\\\/#website\"},\"primaryImageOfPage\":{\"@id\":\"https:\\\/\\\/regmik.ua\\\/product\\\/ssd-cloud\\\/#primaryimage\"},\"image\":{\"@id\":\"https:\\\/\\\/regmik.ua\\\/product\\\/ssd-cloud\\\/#primaryimage\"},\"thumbnailUrl\":\"https:\\\/\\\/regmik.ua\\\/wp-content\\\/uploads\\\/SSD-cloud-scaled.png\",\"datePublished\":\"2026-02-14T14:12:59+00:00\",\"dateModified\":\"2026-02-14T14:26:38+00:00\",\"description\":\"\u041f\u0440\u043e\u0433\u0440\u0430\u043c\u043c\u043d\u043e\u0435 \u043e\u0431\u0435\u0441\u043f\u0435\u0447\u0435\u043d\u0438\u0435 \\\"\u0421\u0438\u0441\u0442\u0435\u043c\u0430 \u0441\u0431\u043e\u0440\u0430 \u0434\u0430\u043d\u043d\u044b\u0445 REGMIK\\\". \u043e\u0441\u0443\u0449\u0435\u0441\u0442\u0432\u043b\u044f\u0435\u0442\u00a0\u0441\u0431\u043e\u0440 \u0438\u043d\u0444\u043e\u0440\u043c\u0430\u0446\u0438\u0438 \u043e\u0442\u00a0\u043f\u0440\u0438\u0431\u043e\u0440\u043e\u0432 \u0438 \u0434\u0430\u0442\u0447\u0438\u043a\u043e\u0432 \u0432 \u0440\u0435\u0436\u0438\u043c\u0435 \u0440\u0435\u0430\u043b\u044c\u043d\u043e\u0433\u043e \u0432\u0440\u0435\u043c\u0435\u043d\u0438.\",\"breadcrumb\":{\"@id\":\"https:\\\/\\\/regmik.ua\\\/product\\\/ssd-cloud\\\/#breadcrumb\"},\"inLanguage\":\"cs\",\"potentialAction\":[{\"@type\":\"ReadAction\",\"target\":[\"https:\\\/\\\/regmik.ua\\\/product\\\/ssd-cloud\\\/\"]}]},{\"@type\":\"ImageObject\",\"inLanguage\":\"cs\",\"@id\":\"https:\\\/\\\/regmik.ua\\\/product\\\/ssd-cloud\\\/#primaryimage\",\"url\":\"https:\\\/\\\/regmik.ua\\\/wp-content\\\/uploads\\\/SSD-cloud-scaled.png\",\"contentUrl\":\"https:\\\/\\\/regmik.ua\\\/wp-content\\\/uploads\\\/SSD-cloud-scaled.png\",\"width\":2560,\"height\":1204},{\"@type\":\"BreadcrumbList\",\"@id\":\"https:\\\/\\\/regmik.ua\\\/product\\\/ssd-cloud\\\/#breadcrumb\",\"itemListElement\":[{\"@type\":\"ListItem\",\"position\":1,\"name\":\"\u0413\u043b\u0430\u0432\u043d\u0430\u044f \u0441\u0442\u0440\u0430\u043d\u0438\u0446\u0430\",\"item\":\"https:\\\/\\\/regmik.ua\\\/\"},{\"@type\":\"ListItem\",\"position\":2,\"name\":\"\u041f\u0440\u043e\u0434\u0443\u043a\u0446\u0438\u044f\",\"item\":\"https:\\\/\\\/regmik.ua\\\/uk\\\/products\\\/\"},{\"@type\":\"ListItem\",\"position\":3,\"name\":\"\u041e\u0431\u043b\u0430\u0447\u043d\u0430\u044f \u0441\u0438\u0441\u0442\u0435\u043c\u0430 \u0441\u0431\u043e\u0440\u0430 \u0434\u0430\u043d\u043d\u044b\u0445 SSD REGMIK Web Console\"}]},{\"@type\":\"WebSite\",\"@id\":\"https:\\\/\\\/regmik.ua\\\/uk\\\/#website\",\"url\":\"https:\\\/\\\/regmik.ua\\\/uk\\\/\",\"name\":\"REGMIK\",\"description\":\"\u0418\u0437\u043c\u0435\u0440\u0438\u0442\u0435\u043b\u044c\u043d\u044b\u0435 \u043f\u0440\u0438\u0431\u043e\u0440\u044b \u0438 \u0434\u0430\u0442\u0447\u0438\u043a\u0438 \u0442\u0435\u043c\u043f\u0435\u0440\u0430\u0442\u0443\u0440\u044b\",\"publisher\":{\"@id\":\"https:\\\/\\\/regmik.ua\\\/uk\\\/#organization\"},\"alternateName\":\"REGMIK\",\"potentialAction\":[{\"@type\":\"SearchAction\",\"target\":{\"@type\":\"EntryPoint\",\"urlTemplate\":\"https:\\\/\\\/regmik.ua\\\/uk\\\/?s={search_term_string}\"},\"query-input\":{\"@type\":\"PropertyValueSpecification\",\"valueRequired\":true,\"valueName\":\"search_term_string\"}}],\"inLanguage\":\"cs\"},{\"@type\":\"Organization\",\"@id\":\"https:\\\/\\\/regmik.ua\\\/uk\\\/#organization\",\"name\":\"REGMIK\",\"alternateName\":\"\u0420\u0415\u0413\u041c\u0418\u041a\",\"url\":\"https:\\\/\\\/regmik.ua\\\/uk\\\/\",\"logo\":{\"@type\":\"ImageObject\",\"inLanguage\":\"cs\",\"@id\":\"https:\\\/\\\/regmik.ua\\\/uk\\\/#\\\/schema\\\/logo\\\/image\\\/\",\"url\":\"https:\\\/\\\/regmik.ua\\\/wp-content\\\/uploads\\\/2020\\\/03\\\/regmik_logo.png\",\"contentUrl\":\"https:\\\/\\\/regmik.ua\\\/wp-content\\\/uploads\\\/2020\\\/03\\\/regmik_logo.png\",\"width\":194,\"height\":45,\"caption\":\"REGMIK\"},\"image\":{\"@id\":\"https:\\\/\\\/regmik.ua\\\/uk\\\/#\\\/schema\\\/logo\\\/image\\\/\"},\"sameAs\":[\"https:\\\/\\\/www.facebook.com\\\/regmik.npf\",\"https:\\\/\\\/x.com\\\/regmiknpf\",\"https:\\\/\\\/www.youtube.com\\\/channel\\\/UC_SrY98SKAmR3Kt95GcVKcw\"]}]}<\/script>","yoast_head_json":{"title":"Softwarov\u00fd syst\u00e9m sb\u011bru dat \u2013 REGMIK, NVF, PP","description":"Software syst\u00e9mu pro sb\u011br dat REGMIK. shroma\u017e\u010fuje informace ze za\u0159\u00edzen\u00ed a senzor\u016f v re\u00e1ln\u00e9m \u010dase.","robots":{"index":"index","follow":"follow","max-snippet":"max-snippet:-1","max-image-preview":"max-image-preview:large","max-video-preview":"max-video-preview:-1"},"canonical":"https:\/\/regmik.ua\/cs\/produkt\/ssd-cloud\/","schema":{"@context":"https:\/\/schema.org","@graph":[{"@type":"WebPage","@id":"https:\/\/regmik.ua\/product\/ssd-cloud\/","url":"https:\/\/regmik.ua\/product\/ssd-cloud\/","name":"Softwarov\u00fd syst\u00e9m sb\u011bru dat \u2013 REGMIK, NVF, PP","isPartOf":{"@id":"https:\/\/regmik.ua\/uk\/#website"},"primaryImageOfPage":{"@id":"https:\/\/regmik.ua\/product\/ssd-cloud\/#primaryimage"},"image":{"@id":"https:\/\/regmik.ua\/product\/ssd-cloud\/#primaryimage"},"thumbnailUrl":"https:\/\/regmik.ua\/wp-content\/uploads\/SSD-cloud-scaled.png","datePublished":"2026-02-14T14:12:59+00:00","dateModified":"2026-02-14T14:26:38+00:00","description":"Software syst\u00e9mu pro sb\u011br dat REGMIK. shroma\u017e\u010fuje informace ze za\u0159\u00edzen\u00ed a senzor\u016f v re\u00e1ln\u00e9m \u010dase.","breadcrumb":{"@id":"https:\/\/regmik.ua\/product\/ssd-cloud\/#breadcrumb"},"inLanguage":"cs","potentialAction":[{"@type":"ReadAction","target":["https:\/\/regmik.ua\/product\/ssd-cloud\/"]}]},{"@type":"ImageObject","inLanguage":"cs","@id":"https:\/\/regmik.ua\/product\/ssd-cloud\/#primaryimage","url":"https:\/\/regmik.ua\/wp-content\/uploads\/SSD-cloud-scaled.png","contentUrl":"https:\/\/regmik.ua\/wp-content\/uploads\/SSD-cloud-scaled.png","width":2560,"height":1204},{"@type":"BreadcrumbList","@id":"https:\/\/regmik.ua\/product\/ssd-cloud\/#breadcrumb","itemListElement":[{"@type":"ListItem","position":1,"name":"\u0413\u043b\u0430\u0432\u043d\u0430\u044f \u0441\u0442\u0440\u0430\u043d\u0438\u0446\u0430","item":"https:\/\/regmik.ua\/"},{"@type":"ListItem","position":2,"name":"\u041f\u0440\u043e\u0434\u0443\u043a\u0446\u0438\u044f","item":"https:\/\/regmik.ua\/uk\/products\/"},{"@type":"ListItem","position":3,"name":"\u041e\u0431\u043b\u0430\u0447\u043d\u0430\u044f \u0441\u0438\u0441\u0442\u0435\u043c\u0430 \u0441\u0431\u043e\u0440\u0430 \u0434\u0430\u043d\u043d\u044b\u0445 SSD REGMIK Web Console"}]},{"@type":"WebSite","@id":"https:\/\/regmik.ua\/uk\/#website","url":"https:\/\/regmik.ua\/uk\/","name":"REGMIK","description":"M\u011b\u0159ic\u00ed p\u0159\u00edstroje a sn\u00edma\u010de teploty","publisher":{"@id":"https:\/\/regmik.ua\/uk\/#organization"},"alternateName":"REGMIK","potentialAction":[{"@type":"SearchAction","target":{"@type":"EntryPoint","urlTemplate":"https:\/\/regmik.ua\/uk\/?s={search_term_string}"},"query-input":{"@type":"PropertyValueSpecification","valueRequired":true,"valueName":"search_term_string"}}],"inLanguage":"cs"},{"@type":"Organization","@id":"https:\/\/regmik.ua\/uk\/#organization","name":"REGMIK","alternateName":"\u0420\u0415\u0413\u041c\u0418\u041a","url":"https:\/\/regmik.ua\/uk\/","logo":{"@type":"ImageObject","inLanguage":"cs","@id":"https:\/\/regmik.ua\/uk\/#\/schema\/logo\/image\/","url":"https:\/\/regmik.ua\/wp-content\/uploads\/2020\/03\/regmik_logo.png","contentUrl":"https:\/\/regmik.ua\/wp-content\/uploads\/2020\/03\/regmik_logo.png","width":194,"height":45,"caption":"REGMIK"},"image":{"@id":"https:\/\/regmik.ua\/uk\/#\/schema\/logo\/image\/"},"sameAs":["https:\/\/www.facebook.com\/regmik.npf","https:\/\/x.com\/regmiknpf","https:\/\/www.youtube.com\/channel\/UC_SrY98SKAmR3Kt95GcVKcw"]}]}},"_links":{"self":[{"href":"https:\/\/regmik.ua\/cs\/wp-json\/wp\/v2\/product\/29577","targetHints":{"allow":["GET"]}}],"collection":[{"href":"https:\/\/regmik.ua\/cs\/wp-json\/wp\/v2\/product"}],"about":[{"href":"https:\/\/regmik.ua\/cs\/wp-json\/wp\/v2\/types\/product"}],"replies":[{"embeddable":true,"href":"https:\/\/regmik.ua\/cs\/wp-json\/wp\/v2\/comments?post=29577"}],"version-history":[{"count":3,"href":"https:\/\/regmik.ua\/cs\/wp-json\/wp\/v2\/product\/29577\/revisions"}],"predecessor-version":[{"id":29590,"href":"https:\/\/regmik.ua\/cs\/wp-json\/wp\/v2\/product\/29577\/revisions\/29590"}],"wp:featuredmedia":[{"embeddable":true,"href":"https:\/\/regmik.ua\/cs\/wp-json\/wp\/v2\/media\/29588"}],"wp:attachment":[{"href":"https:\/\/regmik.ua\/cs\/wp-json\/wp\/v2\/media?parent=29577"}],"wp:term":[{"taxonomy":"product_brand","embeddable":true,"href":"https:\/\/regmik.ua\/cs\/wp-json\/wp\/v2\/product_brand?post=29577"},{"taxonomy":"product_cat","embeddable":true,"href":"https:\/\/regmik.ua\/cs\/wp-json\/wp\/v2\/product_cat?post=29577"},{"taxonomy":"product_tag","embeddable":true,"href":"https:\/\/regmik.ua\/cs\/wp-json\/wp\/v2\/product_tag?post=29577"}],"curies":[{"name":"wp","href":"https:\/\/api.w.org\/{rel}","templated":true}]}}