{"id":26121,"date":"2022-02-06T09:01:28","date_gmt":"2022-02-06T06:01:28","guid":{"rendered":"https:\/\/regmik.ua\/?post_type=product&#038;p=26121"},"modified":"2025-04-10T12:04:24","modified_gmt":"2025-04-10T10:04:24","slug":"dvt-304-lora","status":"publish","type":"product","link":"https:\/\/regmik.ua\/cs\/product\/dvt-304-lora\/","title":{"rendered":"Bezdr\u00e1tov\u00fd sn\u00edma\u010d teploty a vlhkosti DVTts-304-LoRa"},"content":{"rendered":"<p>Bezdr\u00e1tov\u00fd sn\u00edma\u010d teploty a vlhkosti DVTts-304-LoRa je ur\u010den k m\u011b\u0159en\u00ed vlhkosti a teploty vzduchu. Senzory DVTts-304-LoRa p\u0159en\u00e1\u0161ej\u00ed informace prost\u0159ednictv\u00edm protokolu LoRa do <a href=\"\/product\/besprovodnoj-preobrazovatel-interfejsov-lora\/\">bezdr\u00e1tov\u00fd p\u0159evodn\u00edk rozhran\u00ed LoRa.<\/a><\/p>\n<p>Oblast pou\u017eit\u00ed sn\u00edma\u010d\u016f vlhkosti vzduchu je velmi \u0161irok\u00e1 a zahrnuje:<\/p>\n<ul>\n<li>Udr\u017eov\u00e1n\u00ed mikroklimatu ve stanoven\u00fdch mez\u00edch ve v\u00fdrob\u011b vybaven\u00e9 elektronick\u00fdmi za\u0159\u00edzen\u00edmi citliv\u00fdmi na vlhkost;<\/li>\n<li>Kontrola nad ukazateli vlhkosti v kancel\u00e1\u0159sk\u00fdch prostor\u00e1ch, v ka\u017edodenn\u00edm \u017eivot\u011b;<\/li>\n<li>V oblasti bydlen\u00ed a komun\u00e1ln\u00edch slu\u017eeb - v koteln\u00e1ch a \u00fapravn\u00e1ch vody zabra\u0148uj\u00ed tvorb\u011b kondenz\u00e1tu;<\/li>\n<li>Periodick\u00e1 kontrola pom\u00e1h\u00e1 p\u0159edch\u00e1zet vzniku pl\u00edsn\u00ed, pl\u00edsn\u00ed na st\u011bn\u00e1ch budovy nebo ve skladu;<\/li>\n<li>\u0158\u00edzen\u00ed technologick\u00fdch proces\u016f;<\/li>\n<li>Monitorov\u00e1n\u00ed parametr\u016f prost\u0159ed\u00ed atd.<\/li>\n<\/ul>\n<p>Modula\u010dn\u00ed metoda <a href=\"https:\/\/ru.wikipedia.org\/wiki\/LoRa\">LoRa<\/a> (Long Range) poskytuje v\u00fdrazn\u011b v\u011bt\u0161\u00ed komunika\u010dn\u00ed dosah ne\u017e jin\u00e9 konkuren\u010dn\u00ed metody.<\/p>\n<p>Tak\u00e9 odolnost v\u016f\u010di vn\u011bj\u0161\u00edm ru\u0161en\u00edm a hluku, co\u017e umo\u017e\u0148uje pou\u017eit\u00ed t\u00e9to metody v r\u016fzn\u00fdch pr\u016fmyslov\u00fdch odv\u011btv\u00edch.<\/p>\n<p>Sn\u00edma\u010de vlhkosti a teploty DVTts-304-LoRa neumo\u017e\u0148uj\u00ed kondenzaci vlhkosti.<\/p>\n<h3><strong>m\u011b\u0159ic\u00ed prvek\u00a0<\/strong><strong>pro m\u011b\u0159en\u00ed vlhkosti <\/strong><strong>senzory DVTts-304-LoRa<\/strong><\/h3>\n<p>M\u011b\u0159ic\u00ed prvky HIH4xxx (v\u00fdrobce <i lang=\"en\">Honeywell International, Inc., USA<\/i>) nebo SHTxxx (<em>Sensirion, \u0160v\u00fdcarsko<\/em>).<\/p>\n<p>Vrstven\u00e1 konstrukce <strong>sn\u00edmac\u00ed prvek HIH4xxx<\/strong> poskytuje vynikaj\u00edc\u00ed odolnost v\u016f\u010di v\u011bt\u0161in\u011b aplika\u010dn\u00edch rizik, jako je mokro, prach, \u0161p\u00edna, oleje a b\u011b\u017en\u00e9 chemick\u00e9 l\u00e1tky v \u017eivotn\u00edm prost\u0159ed\u00ed. Hlavn\u00ed charakteristiky sn\u00edma\u010d\u016f zalo\u017een\u00fdch na prvc\u00edch \u0159ady HIH4xxx:<\/p>\n<ul>\n<li>Tvarovan\u00e9 t\u011blo vyroben\u00e9 z termosetov\u00e9ho plastu;<\/li>\n<li>T\u00e9m\u011b\u0159 line\u00e1rn\u00ed v\u00fdstupn\u00ed nap\u011bt\u00ed versus relativn\u00ed vlhkost;<\/li>\n<li>Zam\u011bniteln\u00e9 s laserov\u00fdm ulo\u017een\u00edm;<\/li>\n<li>Design s n\u00edzkou spot\u0159ebou;<\/li>\n<li>Zv\u00fd\u0161en\u00e1 p\u0159esnost;<\/li>\n<li>Rychl\u00e1 doba odezvy;<\/li>\n<li>Stabiln\u00ed v\u00fdkon s n\u00edzk\u00fdm posunem;<\/li>\n<li>Chemick\u00e1 odolnost.<\/li>\n<\/ul>\n<div class=\"page\" title=\"Strana 1\">\n<div class=\"layoutArea\">\n<div class=\"column\">\n<div class=\"page\" title=\"Strana 1\">\n<div class=\"layoutArea\">\n<div class=\"column\">\n<p>Sn\u00edma\u010de vlhkosti a teploty DVTts-304-LoRa zalo\u017een\u00e9 na <strong>prvky \u0159ady SHTxxx<\/strong> maj\u00ed n\u00e1sleduj\u00edc\u00ed charakteristick\u00e9 vlastnosti:<\/p>\n<ul>\n<li>Vysok\u00e1 spolehlivost a dlouhodob\u00e1 stabilita;<\/li>\n<li>Pr\u016fmyslov\u011b osv\u011bd\u010den\u00e1 technologie s v\u00edce ne\u017e 10 lety zku\u0161enost\u00ed;<\/li>\n<li>Ur\u010deno pro hromadnou v\u00fdrobu;<\/li>\n<li>Optimalizov\u00e1no pro nejni\u017e\u0161\u00ed n\u00e1klady;<\/li>\n<li>N\u00edzk\u00e1 \u00farove\u0148 \u0161umu sign\u00e1lu.<\/li>\n<\/ul>\n<\/div>\n<\/div>\n<\/div>\n<\/div>\n<\/div>\n<\/div>\n<p>P\u0159evodn\u00edk pracuje stabiln\u011b v doporu\u010den\u00e9m rozsahu m\u011b\u0159en\u00ed vlhkosti a teploty. Dlouhodob\u00e9 vystaven\u00ed podm\u00ednk\u00e1m mimo norm\u00e1ln\u00ed rozmez\u00ed, zejm\u00e9na vlhkosti&gt; 80%, m\u016f\u017ee do\u010dasn\u011b zv\u00fd\u0161it nejistotu m\u011b\u0159en\u00ed. Po n\u00e1vratu do norm\u00e1ln\u00edho rozsahu se pomalu vr\u00e1t\u00ed do tov\u00e1rn\u00edho nastaven\u00ed.<\/p>\n<p>P\u0159i pou\u017e\u00edv\u00e1n\u00ed p\u0159evodn\u00edku ve vlhk\u00e9m prost\u0159ed\u00ed (&gt; 98%) a v bl\u00edzkosti rosn\u00e9ho bodu je t\u0159eba v\u011bnovat zvl\u00e1\u0161tn\u00ed pozornost pokud je vlhk\u00fd, m\u016f\u017ee doj\u00edt k neopraviteln\u00e9mu po\u0161kozen\u00ed sn\u00edmac\u00edho prvku.<\/p>\n<p>Sn\u00edma\u010de DVTts-304-LoRa se doporu\u010duje instalovat ochrann\u00fdm krytem citliv\u00e9ho prvku dol\u016f, co\u017e minimalizuje po\u0161kozen\u00ed sn\u00edma\u010de p\u0159i vysok\u00e9 vlhkosti a v bl\u00edzkosti rosn\u00e9ho bodu. Sn\u00edma\u010d je namontov\u00e1n tak, aby kolem n\u011bj voln\u011b cirkuloval vzduch. P\u0159i v\u00fdb\u011bru m\u00edsta na st\u011bn\u011b je nutn\u00e9 se vyvarovat pr\u016fvanu, p\u0159\u00edm\u00e9mu slune\u010dn\u00edmu z\u00e1\u0159en\u00ed a dal\u0161\u00edm zdroj\u016fm tepla na n\u00ed. Instalace se prov\u00e1d\u00ed p\u0159\u00edmo na st\u011bnu.<\/p>\n<h3>Metrologick\u00e9 charakteristiky digit\u00e1ln\u00edch sn\u00edma\u010d\u016f DVTts-304-LoRa<\/h3>\n<table class=\"reg-product-table\">\n<tbody>\n<tr>\n<th colspan=\"2\" rowspan=\"2\">N\u00e1zev indik\u00e1toru<\/th>\n<th colspan=\"2\">Metrologick\u00fd typ<br \/>\ncharakteristiky<\/th>\n<\/tr>\n<tr>\n<th>1<\/th>\n<th>2<\/th>\n<\/tr>\n<tr>\n<th colspan=\"4\">teplotn\u00ed senzor<\/th>\n<\/tr>\n<tr>\n<td colspan=\"2\">Typ sn\u00edmac\u00edho prvku<\/td>\n<td colspan=\"2\">tenk\u00fd film, keramika<\/td>\n<\/tr>\n<tr>\n<td rowspan=\"2\"><\/td>\n<td>pracovn\u00ed<\/td>\n<td>od +5 do +60<\/td>\n<td>od +5 do +60<\/td>\n<\/tr>\n<tr>\n<td>prodlou\u017eena<\/td>\n<td>od -40 do +100<\/td>\n<td>od -40 do +100<\/td>\n<\/tr>\n<tr>\n<td rowspan=\"2\">Z\u00e1kladn\u00ed chyba pro d\u00edl\u010d\u00ed rozsah, \u00b0C, ne v\u00edce<\/td>\n<td>pracovn\u00edk<\/td>\n<td>\u00b1 0,5<\/td>\n<td>\u00b1 0,4<\/td>\n<\/tr>\n<tr>\n<td>roz\u0161\u00ed\u0159en\u00fd<\/td>\n<td>\u00b1 1,8<\/td>\n<td>\u00b1 1,5<\/td>\n<\/tr>\n<tr>\n<th colspan=\"4\">Senzor relativn\u00ed vlhkosti<\/th>\n<\/tr>\n<tr>\n<td colspan=\"2\">Typ sn\u00edmac\u00edho prvku<\/td>\n<td colspan=\"2\">polovodi\u010d<\/td>\n<\/tr>\n<tr>\n<td rowspan=\"2\">Rozsah, %<\/td>\n<td>pracovn\u00ed<\/td>\n<td>od 20 do 80<\/td>\n<td>od 20 do 80<\/td>\n<\/tr>\n<tr>\n<td>prodlou\u017eena<\/td>\n<td>od 0 do 100<\/td>\n<td>od 0 do 100<\/td>\n<\/tr>\n<tr>\n<td rowspan=\"2\">Z\u00e1kladn\u00ed chyba pro podrozsah, %, nic v\u00edc<\/td>\n<td>pracovn\u00edk<\/td>\n<td>5<\/td>\n<td>3<\/td>\n<\/tr>\n<tr>\n<td>roz\u0161\u00ed\u0159en\u00fd<\/td>\n<td>7<\/td>\n<td>5<\/td>\n<\/tr>\n<\/tbody>\n<\/table>\n<h3><strong>Rozsah senzor\u016f teploty a vlhkosti DVTts-304-LoRa:<\/strong><\/h3>\n<ul>\n<li>Geograficky distribuovan\u00e9 a lok\u00e1ln\u00ed kontroln\u00ed syst\u00e9my;<\/li>\n<li>Vzd\u00e1len\u00fd sb\u011br dat, dohledov\u00e1 kontrola, \u0159\u00edzen\u00ed v\u00fdroby;<\/li>\n<li>\u0158e\u0161en\u00ed automatiza\u010dn\u00edch \u00fakol\u016f souvisej\u00edc\u00edch s p\u0159enosem dat;<\/li>\n<li>Integrace v\u00edce\u00farov\u0148ov\u00fdch informa\u010dn\u00edch syst\u00e9m\u016f;<\/li>\n<li>Komunika\u010dn\u00ed rozhran\u00ed s m\u011b\u0159ic\u00edmi za\u0159\u00edzen\u00edmi, termin\u00e1ly.<\/li>\n<\/ul>\n<h3>Hlavn\u00ed charakteristiky sn\u00edma\u010de teploty a vlhkosti DVTts-304-LoRa:<\/h3>\n<ul>\n<li>frekven\u010dn\u00ed rozsah p\u0159enosu sign\u00e1lu 866-870 MHz;<\/li>\n<li>po\u010det konverzn\u00edch kan\u00e1l\u016f - 1;<\/li>\n<li>maxim\u00e1ln\u00ed dosah p\u0159enosu dat a\u017e 3000 m (p\u0159\u00edm\u00e1 viditelnost s ant\u00e9nou 5dBi), a\u017e 400 m (s p\u0159ek\u00e1\u017ekami);<\/li>\n<li>stupe\u0148 kryt\u00ed t\u011bla - IP40;<\/li>\n<li>nap\u00e1jen\u00ed - dv\u011b baterie nebo akumul\u00e1tor 1,5V typ AA;<\/li>\n<li>\u017eivotnost baterie - a\u017e 3 roky (z\u00e1vis\u00ed na dob\u011b dotazov\u00e1n\u00ed senzoru);<\/li>\n<li>ochrana p\u0159en\u00e1\u0161en\u00fdch datov\u00fdch dat;<\/li>\n<li>pr\u016fmyslov\u00e9 a dom\u00e1c\u00ed pou\u017eit\u00ed.<\/li>\n<\/ul>\n<p>V\u00fdhody p\u0159evad\u011b\u010d\u016f LoRa:<\/p>\n<ul>\n<li>rozsah a pokryt\u00ed;<\/li>\n<li>n\u00edzk\u00e1 spot\u0159eba energie;<\/li>\n<li>levn\u00e9 vybaven\u00ed.<\/li>\n<\/ul>\n<p>Bezdr\u00e1tov\u00e9 \u010didlo teploty a vlhkosti DVTts-304-LoRa je vyrobeno v pouzd\u0159e z ABS plastu a je ur\u010deno na ze\u010f<br \/>\nmontuje.<\/p>","protected":false},"excerpt":{"rendered":"<p>Bezdr\u00e1tov\u00e9 \u010didlo teploty a vlhkosti DVTts-304-LoRa je ur\u010deno pro m\u011b\u0159en\u00ed vlhkosti a teploty vzduchu s n\u00e1sledn\u00fdm p\u0159enosem nam\u011b\u0159en\u00fdch dat na vzd\u00e1lenost a\u017e 3000 m (p\u0159\u00edm\u00e1 viditelnost s 5dBi ant\u00e9nou) a a\u017e 400 m (s p\u0159ek\u00e1\u017eky) do <a href=\"\/product\/besprovodnoj-preobrazovatel-interfejsov-lora\/\">bezdr\u00e1tov\u00fd p\u0159evodn\u00edk rozhran\u00ed LoRa<\/a>.<\/p>","protected":false},"featured_media":26124,"comment_status":"open","ping_status":"closed","template":"","meta":[],"product_brand":[],"product_cat":[3412,492],"product_tag":[3377,563,3411],"class_list":{"0":"post-26121","1":"product","2":"type-product","3":"status-publish","4":"has-post-thumbnail","6":"product_cat-wireless-temperature-sensor","7":"product_cat-humidity-sensors","8":"product_tag-lora","9":"product_tag-besprovodnoj","10":"product_tag-3411","13":"instock","14":"featured","15":"shipping-taxable","16":"purchasable","17":"product-type-simple"},"yoast_head":"<title>\u0411\u0435\u0441\u043f\u0440\u043e\u0432\u043e\u0434\u043d\u043e\u0439 \u0434\u0430\u0442\u0447\u0438\u043a \u0442\u0435\u043c\u043f\u0435\u0440\u0430\u0442\u0443\u0440\u044b \u0438 \u0432\u043b\u0430\u0436\u043d\u043e\u0441\u0442\u0438 \u0414\u0412\u0422\u0446-304-LoRa<\/title>\n<meta name=\"description\" content=\"\u0411\u0435\u0441\u043f\u0440\u043e\u0432\u043e\u0434\u043d\u043e\u0439 \u0434\u0430\u0442\u0447\u0438\u043a \u0442\u0435\u043c\u043f\u0435\u0440\u0430\u0442\u0443\u0440\u044b \u0438 \u0432\u043b\u0430\u0436\u043d\u043e\u0441\u0442\u0438 \u0414\u0412\u0422\u0446-304-LoRa \u0441 \u043f\u0435\u0440\u0435\u0434\u0430\u0447\u0435\u0439 \u0434\u0430\u043d\u043d\u044b\u0445 \u043f\u043e \u0440\u0430\u0434\u0438\u043e\u043a\u0430\u043d\u0430\u043b\u0443 \u043f\u043e \u043f\u0440\u043e\u0442\u043e\u043a\u043e\u043b\u0443 LoRa\" \/>\n<meta name=\"robots\" content=\"index, follow, max-snippet:-1, max-image-preview:large, max-video-preview:-1\" \/>\n<link rel=\"canonical\" href=\"https:\/\/regmik.ua\/cs\/produkt\/dvt-304-lora\/\" \/>\n<script type=\"application\/ld+json\" class=\"yoast-schema-graph\">{\"@context\":\"https:\\\/\\\/schema.org\",\"@graph\":[{\"@type\":\"WebPage\",\"@id\":\"https:\\\/\\\/regmik.ua\\\/product\\\/dvt-304-lora\\\/\",\"url\":\"https:\\\/\\\/regmik.ua\\\/product\\\/dvt-304-lora\\\/\",\"name\":\"\u0411\u0435\u0441\u043f\u0440\u043e\u0432\u043e\u0434\u043d\u043e\u0439 \u0434\u0430\u0442\u0447\u0438\u043a \u0442\u0435\u043c\u043f\u0435\u0440\u0430\u0442\u0443\u0440\u044b \u0438 \u0432\u043b\u0430\u0436\u043d\u043e\u0441\u0442\u0438 \u0414\u0412\u0422\u0446-304-LoRa\",\"isPartOf\":{\"@id\":\"https:\\\/\\\/regmik.ua\\\/uk\\\/#website\"},\"primaryImageOfPage\":{\"@id\":\"https:\\\/\\\/regmik.ua\\\/product\\\/dvt-304-lora\\\/#primaryimage\"},\"image\":{\"@id\":\"https:\\\/\\\/regmik.ua\\\/product\\\/dvt-304-lora\\\/#primaryimage\"},\"thumbnailUrl\":\"https:\\\/\\\/regmik.ua\\\/wp-content\\\/uploads\\\/2022\\\/02\\\/DVT-304-LoRa-03-e1705583843246.jpg\",\"datePublished\":\"2022-02-06T06:01:28+00:00\",\"dateModified\":\"2025-04-10T10:04:24+00:00\",\"description\":\"\u0411\u0435\u0441\u043f\u0440\u043e\u0432\u043e\u0434\u043d\u043e\u0439 \u0434\u0430\u0442\u0447\u0438\u043a \u0442\u0435\u043c\u043f\u0435\u0440\u0430\u0442\u0443\u0440\u044b \u0438 \u0432\u043b\u0430\u0436\u043d\u043e\u0441\u0442\u0438 \u0414\u0412\u0422\u0446-304-LoRa \u0441 \u043f\u0435\u0440\u0435\u0434\u0430\u0447\u0435\u0439 \u0434\u0430\u043d\u043d\u044b\u0445 \u043f\u043e \u0440\u0430\u0434\u0438\u043e\u043a\u0430\u043d\u0430\u043b\u0443 \u043f\u043e \u043f\u0440\u043e\u0442\u043e\u043a\u043e\u043b\u0443 LoRa\",\"breadcrumb\":{\"@id\":\"https:\\\/\\\/regmik.ua\\\/product\\\/dvt-304-lora\\\/#breadcrumb\"},\"inLanguage\":\"cs\",\"potentialAction\":[{\"@type\":\"ReadAction\",\"target\":[\"https:\\\/\\\/regmik.ua\\\/product\\\/dvt-304-lora\\\/\"]}]},{\"@type\":\"ImageObject\",\"inLanguage\":\"cs\",\"@id\":\"https:\\\/\\\/regmik.ua\\\/product\\\/dvt-304-lora\\\/#primaryimage\",\"url\":\"https:\\\/\\\/regmik.ua\\\/wp-content\\\/uploads\\\/2022\\\/02\\\/DVT-304-LoRa-03-e1705583843246.jpg\",\"contentUrl\":\"https:\\\/\\\/regmik.ua\\\/wp-content\\\/uploads\\\/2022\\\/02\\\/DVT-304-LoRa-03-e1705583843246.jpg\",\"width\":390,\"height\":384,\"caption\":\"\u0411\u0435\u0441\u043f\u0440\u043e\u0432\u043e\u0434\u043d\u043e\u0439 \u0434\u0430\u0442\u0447\u0438\u043a \u0442\u0435\u043c\u043f\u0435\u0440\u0430\u0442\u0443\u0440\u044b \u0438 \u0432\u043b\u0430\u0436\u043d\u043e\u0441\u0442\u0438 \u0414\u0412\u0422\u0446-304-LoRa\"},{\"@type\":\"BreadcrumbList\",\"@id\":\"https:\\\/\\\/regmik.ua\\\/product\\\/dvt-304-lora\\\/#breadcrumb\",\"itemListElement\":[{\"@type\":\"ListItem\",\"position\":1,\"name\":\"\u0413\u043b\u0430\u0432\u043d\u0430\u044f \u0441\u0442\u0440\u0430\u043d\u0438\u0446\u0430\",\"item\":\"https:\\\/\\\/regmik.ua\\\/\"},{\"@type\":\"ListItem\",\"position\":2,\"name\":\"\u041f\u0440\u043e\u0434\u0443\u043a\u0446\u0438\u044f\",\"item\":\"https:\\\/\\\/regmik.ua\\\/uk\\\/products\\\/\"},{\"@type\":\"ListItem\",\"position\":3,\"name\":\"\u0411\u0435\u0441\u043f\u0440\u043e\u0432\u043e\u0434\u043d\u043e\u0439 \u0434\u0430\u0442\u0447\u0438\u043a \u0442\u0435\u043c\u043f\u0435\u0440\u0430\u0442\u0443\u0440\u044b \u0438 \u0432\u043b\u0430\u0436\u043d\u043e\u0441\u0442\u0438 \u0414\u0412\u0422\u0446-304-LoRa\"}]},{\"@type\":\"WebSite\",\"@id\":\"https:\\\/\\\/regmik.ua\\\/uk\\\/#website\",\"url\":\"https:\\\/\\\/regmik.ua\\\/uk\\\/\",\"name\":\"REGMIK\",\"description\":\"\u0418\u0437\u043c\u0435\u0440\u0438\u0442\u0435\u043b\u044c\u043d\u044b\u0435 \u043f\u0440\u0438\u0431\u043e\u0440\u044b \u0438 \u0434\u0430\u0442\u0447\u0438\u043a\u0438 \u0442\u0435\u043c\u043f\u0435\u0440\u0430\u0442\u0443\u0440\u044b\",\"publisher\":{\"@id\":\"https:\\\/\\\/regmik.ua\\\/uk\\\/#organization\"},\"alternateName\":\"REGMIK\",\"potentialAction\":[{\"@type\":\"SearchAction\",\"target\":{\"@type\":\"EntryPoint\",\"urlTemplate\":\"https:\\\/\\\/regmik.ua\\\/uk\\\/?s={search_term_string}\"},\"query-input\":{\"@type\":\"PropertyValueSpecification\",\"valueRequired\":true,\"valueName\":\"search_term_string\"}}],\"inLanguage\":\"cs\"},{\"@type\":\"Organization\",\"@id\":\"https:\\\/\\\/regmik.ua\\\/uk\\\/#organization\",\"name\":\"REGMIK\",\"alternateName\":\"\u0420\u0415\u0413\u041c\u0418\u041a\",\"url\":\"https:\\\/\\\/regmik.ua\\\/uk\\\/\",\"logo\":{\"@type\":\"ImageObject\",\"inLanguage\":\"cs\",\"@id\":\"https:\\\/\\\/regmik.ua\\\/uk\\\/#\\\/schema\\\/logo\\\/image\\\/\",\"url\":\"https:\\\/\\\/regmik.ua\\\/wp-content\\\/uploads\\\/2020\\\/03\\\/regmik_logo.png\",\"contentUrl\":\"https:\\\/\\\/regmik.ua\\\/wp-content\\\/uploads\\\/2020\\\/03\\\/regmik_logo.png\",\"width\":194,\"height\":45,\"caption\":\"REGMIK\"},\"image\":{\"@id\":\"https:\\\/\\\/regmik.ua\\\/uk\\\/#\\\/schema\\\/logo\\\/image\\\/\"},\"sameAs\":[\"https:\\\/\\\/www.facebook.com\\\/regmik.npf\",\"https:\\\/\\\/x.com\\\/regmiknpf\",\"https:\\\/\\\/www.youtube.com\\\/channel\\\/UC_SrY98SKAmR3Kt95GcVKcw\"]}]}<\/script>","yoast_head_json":{"title":"Bezdr\u00e1tov\u00fd sn\u00edma\u010d teploty a vlhkosti DVTts-304-LoRa","description":"Bezdr\u00e1tov\u00fd sn\u00edma\u010d teploty a vlhkosti DVTts-304-LoRa s p\u0159enosem dat p\u0159es r\u00e1diov\u00fd kan\u00e1l pomoc\u00ed protokolu LoRa","robots":{"index":"index","follow":"follow","max-snippet":"max-snippet:-1","max-image-preview":"max-image-preview:large","max-video-preview":"max-video-preview:-1"},"canonical":"https:\/\/regmik.ua\/cs\/produkt\/dvt-304-lora\/","schema":{"@context":"https:\/\/schema.org","@graph":[{"@type":"WebPage","@id":"https:\/\/regmik.ua\/product\/dvt-304-lora\/","url":"https:\/\/regmik.ua\/product\/dvt-304-lora\/","name":"Bezdr\u00e1tov\u00fd sn\u00edma\u010d teploty a vlhkosti DVTts-304-LoRa","isPartOf":{"@id":"https:\/\/regmik.ua\/uk\/#website"},"primaryImageOfPage":{"@id":"https:\/\/regmik.ua\/product\/dvt-304-lora\/#primaryimage"},"image":{"@id":"https:\/\/regmik.ua\/product\/dvt-304-lora\/#primaryimage"},"thumbnailUrl":"https:\/\/regmik.ua\/wp-content\/uploads\/2022\/02\/DVT-304-LoRa-03-e1705583843246.jpg","datePublished":"2022-02-06T06:01:28+00:00","dateModified":"2025-04-10T10:04:24+00:00","description":"Bezdr\u00e1tov\u00fd sn\u00edma\u010d teploty a vlhkosti DVTts-304-LoRa s p\u0159enosem dat p\u0159es r\u00e1diov\u00fd kan\u00e1l pomoc\u00ed protokolu LoRa","breadcrumb":{"@id":"https:\/\/regmik.ua\/product\/dvt-304-lora\/#breadcrumb"},"inLanguage":"cs","potentialAction":[{"@type":"ReadAction","target":["https:\/\/regmik.ua\/product\/dvt-304-lora\/"]}]},{"@type":"ImageObject","inLanguage":"cs","@id":"https:\/\/regmik.ua\/product\/dvt-304-lora\/#primaryimage","url":"https:\/\/regmik.ua\/wp-content\/uploads\/2022\/02\/DVT-304-LoRa-03-e1705583843246.jpg","contentUrl":"https:\/\/regmik.ua\/wp-content\/uploads\/2022\/02\/DVT-304-LoRa-03-e1705583843246.jpg","width":390,"height":384,"caption":"\u0411\u0435\u0441\u043f\u0440\u043e\u0432\u043e\u0434\u043d\u043e\u0439 \u0434\u0430\u0442\u0447\u0438\u043a \u0442\u0435\u043c\u043f\u0435\u0440\u0430\u0442\u0443\u0440\u044b \u0438 \u0432\u043b\u0430\u0436\u043d\u043e\u0441\u0442\u0438 \u0414\u0412\u0422\u0446-304-LoRa"},{"@type":"BreadcrumbList","@id":"https:\/\/regmik.ua\/product\/dvt-304-lora\/#breadcrumb","itemListElement":[{"@type":"ListItem","position":1,"name":"\u0413\u043b\u0430\u0432\u043d\u0430\u044f \u0441\u0442\u0440\u0430\u043d\u0438\u0446\u0430","item":"https:\/\/regmik.ua\/"},{"@type":"ListItem","position":2,"name":"\u041f\u0440\u043e\u0434\u0443\u043a\u0446\u0438\u044f","item":"https:\/\/regmik.ua\/uk\/products\/"},{"@type":"ListItem","position":3,"name":"\u0411\u0435\u0441\u043f\u0440\u043e\u0432\u043e\u0434\u043d\u043e\u0439 \u0434\u0430\u0442\u0447\u0438\u043a \u0442\u0435\u043c\u043f\u0435\u0440\u0430\u0442\u0443\u0440\u044b \u0438 \u0432\u043b\u0430\u0436\u043d\u043e\u0441\u0442\u0438 \u0414\u0412\u0422\u0446-304-LoRa"}]},{"@type":"WebSite","@id":"https:\/\/regmik.ua\/uk\/#website","url":"https:\/\/regmik.ua\/uk\/","name":"REGMIK","description":"M\u011b\u0159ic\u00ed p\u0159\u00edstroje a sn\u00edma\u010de teploty","publisher":{"@id":"https:\/\/regmik.ua\/uk\/#organization"},"alternateName":"REGMIK","potentialAction":[{"@type":"SearchAction","target":{"@type":"EntryPoint","urlTemplate":"https:\/\/regmik.ua\/uk\/?s={search_term_string}"},"query-input":{"@type":"PropertyValueSpecification","valueRequired":true,"valueName":"search_term_string"}}],"inLanguage":"cs"},{"@type":"Organization","@id":"https:\/\/regmik.ua\/uk\/#organization","name":"REGMIK","alternateName":"\u0420\u0415\u0413\u041c\u0418\u041a","url":"https:\/\/regmik.ua\/uk\/","logo":{"@type":"ImageObject","inLanguage":"cs","@id":"https:\/\/regmik.ua\/uk\/#\/schema\/logo\/image\/","url":"https:\/\/regmik.ua\/wp-content\/uploads\/2020\/03\/regmik_logo.png","contentUrl":"https:\/\/regmik.ua\/wp-content\/uploads\/2020\/03\/regmik_logo.png","width":194,"height":45,"caption":"REGMIK"},"image":{"@id":"https:\/\/regmik.ua\/uk\/#\/schema\/logo\/image\/"},"sameAs":["https:\/\/www.facebook.com\/regmik.npf","https:\/\/x.com\/regmiknpf","https:\/\/www.youtube.com\/channel\/UC_SrY98SKAmR3Kt95GcVKcw"]}]}},"_links":{"self":[{"href":"https:\/\/regmik.ua\/cs\/wp-json\/wp\/v2\/product\/26121","targetHints":{"allow":["GET"]}}],"collection":[{"href":"https:\/\/regmik.ua\/cs\/wp-json\/wp\/v2\/product"}],"about":[{"href":"https:\/\/regmik.ua\/cs\/wp-json\/wp\/v2\/types\/product"}],"replies":[{"embeddable":true,"href":"https:\/\/regmik.ua\/cs\/wp-json\/wp\/v2\/comments?post=26121"}],"version-history":[{"count":0,"href":"https:\/\/regmik.ua\/cs\/wp-json\/wp\/v2\/product\/26121\/revisions"}],"wp:featuredmedia":[{"embeddable":true,"href":"https:\/\/regmik.ua\/cs\/wp-json\/wp\/v2\/media\/26124"}],"wp:attachment":[{"href":"https:\/\/regmik.ua\/cs\/wp-json\/wp\/v2\/media?parent=26121"}],"wp:term":[{"taxonomy":"product_brand","embeddable":true,"href":"https:\/\/regmik.ua\/cs\/wp-json\/wp\/v2\/product_brand?post=26121"},{"taxonomy":"product_cat","embeddable":true,"href":"https:\/\/regmik.ua\/cs\/wp-json\/wp\/v2\/product_cat?post=26121"},{"taxonomy":"product_tag","embeddable":true,"href":"https:\/\/regmik.ua\/cs\/wp-json\/wp\/v2\/product_tag?post=26121"}],"curies":[{"name":"wp","href":"https:\/\/api.w.org\/{rel}","templated":true}]}}