{"id":23087,"date":"2020-09-17T14:26:20","date_gmt":"2020-09-17T11:26:20","guid":{"rendered":"https:\/\/regmik.ua\/?post_type=product&#038;p=23087"},"modified":"2024-12-19T11:22:41","modified_gmt":"2024-12-19T09:22:41","slug":"rd2-dvt","status":"publish","type":"product","link":"https:\/\/regmik.ua\/cs\/product\/rd2-dvt\/","title":{"rendered":"Regul\u00e1tor vlhkosti a teploty RD2-DVTts"},"content":{"rendered":"<p>&nbsp;<\/p>\n<p>Dvoupolohov\u00fd regul\u00e1tor vlhkosti a teploty RD2-DVTts je navr\u017een pro p\u0159\u00edjem a p\u0159evod sign\u00e1lu p\u0159ich\u00e1zej\u00edc\u00edho z <a href=\"https:\/\/regmik.ua\/product\/datchik-vlazhnosti-i-temperatury-s-zashhitnym-chehlom-modifikatsiya-303\/\">digit\u00e1ln\u00ed senzor<\/a> v hodnot\u011b teploty a d\u016fle\u017eitosti, jako\u017e i pro zobrazen\u00ed nam\u011b\u0159en\u00fdch hodnot na vestav\u011bn\u00fdch digit\u00e1ln\u00edch indik\u00e1torech se sou\u010dasnou regulac\u00ed teploty a vlhkosti objektu.<br \/>\nRegul\u00e1tor automaticky \u0159\u00edd\u00ed stav senzoru a spr\u00e1vnost vstupu parametr\u016f. Podle v\u00fdsledk\u016f kontroly je generov\u00e1n sign\u00e1l \u201eChyba\u201c.<\/p>\n<p>Vlhkostn\u00ed a teplotn\u00ed senzory jsou ur\u010deny k p\u0159evodu hodnoty relativn\u00ed vlhkosti prost\u0159ed\u00ed plynu a jeho teploty (s v\u00fdjimkou agresivn\u00edch plyn\u016f) na standardn\u00ed elektrick\u00e9 sign\u00e1ly:<\/p>\n<ul>\n<li class=\"a\">analogov\u00e9 nap\u011bt\u00ed (nam\u011b\u0159en\u00e1 hodnota nap\u011bt\u00ed na \u010didle vlhkosti);<\/li>\n<li class=\"a\"><a href=\"https:\/\/uk.wikipedia.org\/wiki\/I%C2%B2C\">\u04212\u0421<\/a>\u00a0- digit\u00e1ln\u00ed senzory;<\/li>\n<li class=\"a\">nap\u011bt\u00ed 0-10V - pro digit\u00e1ln\u00ed a analogov\u00e9 sn\u00edma\u010de;<\/li>\n<li class=\"a\">proud 4-20mA - pro digit\u00e1ln\u00ed a analogov\u00e9 sn\u00edma\u010de;<\/li>\n<li class=\"a\">odpor (hodnota teploty z teplotn\u00edho senzoru Pt100, Pt500 nebo Pt1000) - pro analogov\u00e9 senzory;<\/li>\n<li class=\"a\"><a href=\"https:\/\/uk.wikipedia.org\/wiki\/RS-485\">RS-485<\/a>\u00a0(Protokol ModBus RTU) - pro digit\u00e1ln\u00ed senzory.<\/li>\n<\/ul>\n<p>Regul\u00e1tor RD2-DVTts lze pou\u017e\u00edt k \u0159\u00edzen\u00ed implementace r\u016fzn\u00fdch technologick\u00fdch proces\u016f v pr\u016fmyslu, zem\u011bd\u011blstv\u00ed a ve\u0159ejn\u00fdch slu\u017eb\u00e1ch.<\/p>\n<p><strong>Dvoupolohov\u00fd regul\u00e1tor vlhkosti a teploty RD2-DVTts umo\u017e\u0148uje n\u00e1sleduj\u00edc\u00ed funkce:<\/strong><br \/>\n- m\u011b\u0159en\u00ed teploty, relativn\u00ed vlhkosti a rosn\u00e9ho bodu objektu pomoc\u00ed digit\u00e1ln\u00edho senzoru;<br \/>\n- zobrazen\u00ed na vestav\u011bn\u00fdch LED digit\u00e1ln\u00edch indik\u00e1torech aktu\u00e1ln\u00edch hodnot teploty a relativn\u00ed vlhkosti;<br \/>\n- regulace teploty a (nebo) vlhkosti objektu podle dvoupolohov\u00e9ho z\u00e1kona;<br \/>\n- regulace teploty nebo vlhkosti objektu podle t\u0159\u00edpolohov\u00e9ho z\u00e1kona;<br \/>\n- sv\u011bteln\u00e1 indikace provozn\u00edho re\u017eimu za\u0159\u00edzen\u00ed;<\/p>\n<p>- v\u00fdm\u011bna dat s osobn\u00edm po\u010d\u00edta\u010dem prost\u0159ednictv\u00edm rozhran\u00ed\u00a0<a href=\"https:\/\/ru.wikipedia.org\/wiki\/RS-485\">RS-485<\/a>;<br \/>\n- vytvo\u0159en\u00ed sign\u00e1lu \u201eChyba\u201c;<br \/>\n- programov\u00e1 zm\u011bna parametr\u016f transforma\u010dn\u00edch charakteristik.<\/p>\n<p>Funk\u010dn\u00ed parametry m\u011b\u0159en\u00ed a regulace jsou nastaveny servisn\u00edm person\u00e1lem a jsou ulo\u017eeny p\u0159i vypnut\u00ed nap\u00e1jen\u00ed v energeticky nez\u00e1visl\u00e9 pam\u011bti p\u0159\u00edstroje.<\/p>\n<h4>Modifikace v\u00fdroby RD2-DVTts:<\/h4>\n<p>- verze deskov\u00e9 desky;<\/p>\n<p>- nap\u00e1jeno st\u0159\u00eddav\u00fdm nap\u011bt\u00edm 220 V.<\/p>","protected":false},"excerpt":{"rendered":"<p>Za\u0159\u00edzen\u00ed lze pou\u017e\u00edt k \u0159\u00edzen\u00ed implementace r\u016fzn\u00fdch technologick\u00fdch proces\u016f v pr\u016fmyslu, zem\u011bd\u011blstv\u00ed a komun\u00e1ln\u00edch slu\u017eb\u00e1ch.<\/p>","protected":false},"featured_media":23088,"comment_status":"open","ping_status":"closed","template":"","meta":[],"product_brand":[],"product_cat":[39,561],"product_tag":[3357,43],"class_list":{"0":"post-23087","1":"product","2":"type-product","3":"status-publish","4":"has-post-thumbnail","6":"product_cat-regulators","7":"product_cat-sh-housing-analog-control","8":"product_tag-rd2-dvtts","9":"product_tag-regulyator","12":"instock","13":"shipping-taxable","14":"purchasable","15":"product-type-simple"},"yoast_head":"<title>\u0420\u0435\u0433\u0443\u043b\u044f\u0442\u043e\u0440 \u0432\u043b\u0430\u0436\u043d\u043e\u0441\u0442\u0438 \u0438 \u0442\u0435\u043c\u043f\u0435\u0440\u0430\u0442\u0443\u0440\u044b \u0420\u04142-\u0414\u0412\u0422\u0446 &#8211; \u0420\u0415\u0413\u041c\u0406\u041a, \u041d\u0412\u0424, \u041f\u041f<\/title>\n<meta name=\"description\" content=\"\u0420\u0435\u0433\u0443\u043b\u044f\u0442\u043e\u0440 \u0432\u043b\u0430\u0436\u043d\u043e\u0441\u0442\u0438 \u0438 \u0442\u0435\u043c\u043f\u0435\u0440\u0430\u0442\u0443\u0440\u044b \u0420\u04142-\u0414\u0412\u0422\u0446 \u043f\u0440\u0435\u0434\u043d\u0430\u0437\u043d\u0430\u0447\u0435\u043d \u0434\u043b\u044f \u043f\u0440\u0438\u0435\u043c\u0430 \u0438 \u043f\u0440\u0435\u043e\u0431\u0440\u0430\u0437\u043e\u0432\u0430\u043d\u0438\u044f \u0441\u0438\u0433\u043d\u0430\u043b\u0430 \u0432 \u0437\u043d\u0430\u0447\u0435\u043d\u0438\u0435 \u0442\u0435\u043c\u043f\u0435\u0440\u0430\u0442\u0443\u0440\u044b \u0438 \u0432\u0430\u0436\u043d\u043e\u0441\u0442\u0438\" \/>\n<meta name=\"robots\" content=\"index, follow, max-snippet:-1, max-image-preview:large, max-video-preview:-1\" \/>\n<link rel=\"canonical\" href=\"https:\/\/regmik.ua\/cs\/produkt\/rd2-dvt\/\" \/>\n<script type=\"application\/ld+json\" class=\"yoast-schema-graph\">{\"@context\":\"https:\\\/\\\/schema.org\",\"@graph\":[{\"@type\":\"WebPage\",\"@id\":\"https:\\\/\\\/regmik.ua\\\/product\\\/rd2-dvt\\\/\",\"url\":\"https:\\\/\\\/regmik.ua\\\/product\\\/rd2-dvt\\\/\",\"name\":\"\u0420\u0435\u0433\u0443\u043b\u044f\u0442\u043e\u0440 \u0432\u043b\u0430\u0436\u043d\u043e\u0441\u0442\u0438 \u0438 \u0442\u0435\u043c\u043f\u0435\u0440\u0430\u0442\u0443\u0440\u044b \u0420\u04142-\u0414\u0412\u0422\u0446 &#8211; \u0420\u0415\u0413\u041c\u0406\u041a, \u041d\u0412\u0424, \u041f\u041f\",\"isPartOf\":{\"@id\":\"https:\\\/\\\/regmik.ua\\\/uk\\\/#website\"},\"primaryImageOfPage\":{\"@id\":\"https:\\\/\\\/regmik.ua\\\/product\\\/rd2-dvt\\\/#primaryimage\"},\"image\":{\"@id\":\"https:\\\/\\\/regmik.ua\\\/product\\\/rd2-dvt\\\/#primaryimage\"},\"thumbnailUrl\":\"https:\\\/\\\/regmik.ua\\\/wp-content\\\/uploads\\\/2020\\\/09\\\/rd2-dvtts.png\",\"datePublished\":\"2020-09-17T11:26:20+00:00\",\"dateModified\":\"2024-12-19T09:22:41+00:00\",\"description\":\"\u0420\u0435\u0433\u0443\u043b\u044f\u0442\u043e\u0440 \u0432\u043b\u0430\u0436\u043d\u043e\u0441\u0442\u0438 \u0438 \u0442\u0435\u043c\u043f\u0435\u0440\u0430\u0442\u0443\u0440\u044b \u0420\u04142-\u0414\u0412\u0422\u0446 \u043f\u0440\u0435\u0434\u043d\u0430\u0437\u043d\u0430\u0447\u0435\u043d \u0434\u043b\u044f \u043f\u0440\u0438\u0435\u043c\u0430 \u0438 \u043f\u0440\u0435\u043e\u0431\u0440\u0430\u0437\u043e\u0432\u0430\u043d\u0438\u044f \u0441\u0438\u0433\u043d\u0430\u043b\u0430 \u0432 \u0437\u043d\u0430\u0447\u0435\u043d\u0438\u0435 \u0442\u0435\u043c\u043f\u0435\u0440\u0430\u0442\u0443\u0440\u044b \u0438 \u0432\u0430\u0436\u043d\u043e\u0441\u0442\u0438\",\"breadcrumb\":{\"@id\":\"https:\\\/\\\/regmik.ua\\\/product\\\/rd2-dvt\\\/#breadcrumb\"},\"inLanguage\":\"cs\",\"potentialAction\":[{\"@type\":\"ReadAction\",\"target\":[\"https:\\\/\\\/regmik.ua\\\/product\\\/rd2-dvt\\\/\"]}]},{\"@type\":\"ImageObject\",\"inLanguage\":\"cs\",\"@id\":\"https:\\\/\\\/regmik.ua\\\/product\\\/rd2-dvt\\\/#primaryimage\",\"url\":\"https:\\\/\\\/regmik.ua\\\/wp-content\\\/uploads\\\/2020\\\/09\\\/rd2-dvtts.png\",\"contentUrl\":\"https:\\\/\\\/regmik.ua\\\/wp-content\\\/uploads\\\/2020\\\/09\\\/rd2-dvtts.png\",\"width\":600,\"height\":768,\"caption\":\"\u0420\u0435\u0433\u0443\u043b\u044f\u0442\u043e\u0440 \u0434\u0432\u0443\u0445\u043f\u043e\u0437\u0438\u0446\u0438\u043e\u043d\u043d\u044b\u0439 \u0432\u043b\u0430\u0436\u043d\u043e\u0441\u0442\u0438 \u0438 \u0442\u0435\u043c\u043f\u0435\u0440\u0430\u0442\u0443\u0440\u044b \u0420\u04142-\u0414\u0412\u0422\u0446\"},{\"@type\":\"BreadcrumbList\",\"@id\":\"https:\\\/\\\/regmik.ua\\\/product\\\/rd2-dvt\\\/#breadcrumb\",\"itemListElement\":[{\"@type\":\"ListItem\",\"position\":1,\"name\":\"\u0413\u043b\u0430\u0432\u043d\u0430\u044f \u0441\u0442\u0440\u0430\u043d\u0438\u0446\u0430\",\"item\":\"https:\\\/\\\/regmik.ua\\\/\"},{\"@type\":\"ListItem\",\"position\":2,\"name\":\"\u041f\u0440\u043e\u0434\u0443\u043a\u0446\u0438\u044f\",\"item\":\"https:\\\/\\\/regmik.ua\\\/uk\\\/products\\\/\"},{\"@type\":\"ListItem\",\"position\":3,\"name\":\"\u0420\u0435\u0433\u0443\u043b\u044f\u0442\u043e\u0440 \u0432\u043b\u0430\u0436\u043d\u043e\u0441\u0442\u0438 \u0438 \u0442\u0435\u043c\u043f\u0435\u0440\u0430\u0442\u0443\u0440\u044b \u0420\u04142-\u0414\u0412\u0422\u0446\"}]},{\"@type\":\"WebSite\",\"@id\":\"https:\\\/\\\/regmik.ua\\\/uk\\\/#website\",\"url\":\"https:\\\/\\\/regmik.ua\\\/uk\\\/\",\"name\":\"REGMIK\",\"description\":\"\u0418\u0437\u043c\u0435\u0440\u0438\u0442\u0435\u043b\u044c\u043d\u044b\u0435 \u043f\u0440\u0438\u0431\u043e\u0440\u044b \u0438 \u0434\u0430\u0442\u0447\u0438\u043a\u0438 \u0442\u0435\u043c\u043f\u0435\u0440\u0430\u0442\u0443\u0440\u044b\",\"publisher\":{\"@id\":\"https:\\\/\\\/regmik.ua\\\/uk\\\/#organization\"},\"alternateName\":\"REGMIK\",\"potentialAction\":[{\"@type\":\"SearchAction\",\"target\":{\"@type\":\"EntryPoint\",\"urlTemplate\":\"https:\\\/\\\/regmik.ua\\\/uk\\\/?s={search_term_string}\"},\"query-input\":{\"@type\":\"PropertyValueSpecification\",\"valueRequired\":true,\"valueName\":\"search_term_string\"}}],\"inLanguage\":\"cs\"},{\"@type\":\"Organization\",\"@id\":\"https:\\\/\\\/regmik.ua\\\/uk\\\/#organization\",\"name\":\"REGMIK\",\"alternateName\":\"\u0420\u0415\u0413\u041c\u0418\u041a\",\"url\":\"https:\\\/\\\/regmik.ua\\\/uk\\\/\",\"logo\":{\"@type\":\"ImageObject\",\"inLanguage\":\"cs\",\"@id\":\"https:\\\/\\\/regmik.ua\\\/uk\\\/#\\\/schema\\\/logo\\\/image\\\/\",\"url\":\"https:\\\/\\\/regmik.ua\\\/wp-content\\\/uploads\\\/2020\\\/03\\\/regmik_logo.png\",\"contentUrl\":\"https:\\\/\\\/regmik.ua\\\/wp-content\\\/uploads\\\/2020\\\/03\\\/regmik_logo.png\",\"width\":194,\"height\":45,\"caption\":\"REGMIK\"},\"image\":{\"@id\":\"https:\\\/\\\/regmik.ua\\\/uk\\\/#\\\/schema\\\/logo\\\/image\\\/\"},\"sameAs\":[\"https:\\\/\\\/www.facebook.com\\\/regmik.npf\",\"https:\\\/\\\/x.com\\\/regmiknpf\",\"https:\\\/\\\/www.youtube.com\\\/channel\\\/UC_SrY98SKAmR3Kt95GcVKcw\"]}]}<\/script>","yoast_head_json":{"title":"Regul\u00e1tor teploty a vlhkosti RD2-DVTc \u2013 REGMIK, NVF, PP","description":"Regul\u00e1tor vlhkosti a teploty RD2-DVTts je navr\u017een pro p\u0159\u00edjem a p\u0159evod sign\u00e1lu na hodnotu teploty a d\u016fle\u017eitosti","robots":{"index":"index","follow":"follow","max-snippet":"max-snippet:-1","max-image-preview":"max-image-preview:large","max-video-preview":"max-video-preview:-1"},"canonical":"https:\/\/regmik.ua\/cs\/produkt\/rd2-dvt\/","schema":{"@context":"https:\/\/schema.org","@graph":[{"@type":"WebPage","@id":"https:\/\/regmik.ua\/product\/rd2-dvt\/","url":"https:\/\/regmik.ua\/product\/rd2-dvt\/","name":"Regul\u00e1tor teploty a vlhkosti RD2-DVTc \u2013 REGMIK, NVF, PP","isPartOf":{"@id":"https:\/\/regmik.ua\/uk\/#website"},"primaryImageOfPage":{"@id":"https:\/\/regmik.ua\/product\/rd2-dvt\/#primaryimage"},"image":{"@id":"https:\/\/regmik.ua\/product\/rd2-dvt\/#primaryimage"},"thumbnailUrl":"https:\/\/regmik.ua\/wp-content\/uploads\/2020\/09\/rd2-dvtts.png","datePublished":"2020-09-17T11:26:20+00:00","dateModified":"2024-12-19T09:22:41+00:00","description":"Regul\u00e1tor vlhkosti a teploty RD2-DVTts je navr\u017een pro p\u0159\u00edjem a p\u0159evod sign\u00e1lu na hodnotu teploty a d\u016fle\u017eitosti","breadcrumb":{"@id":"https:\/\/regmik.ua\/product\/rd2-dvt\/#breadcrumb"},"inLanguage":"cs","potentialAction":[{"@type":"ReadAction","target":["https:\/\/regmik.ua\/product\/rd2-dvt\/"]}]},{"@type":"ImageObject","inLanguage":"cs","@id":"https:\/\/regmik.ua\/product\/rd2-dvt\/#primaryimage","url":"https:\/\/regmik.ua\/wp-content\/uploads\/2020\/09\/rd2-dvtts.png","contentUrl":"https:\/\/regmik.ua\/wp-content\/uploads\/2020\/09\/rd2-dvtts.png","width":600,"height":768,"caption":"\u0420\u0435\u0433\u0443\u043b\u044f\u0442\u043e\u0440 \u0434\u0432\u0443\u0445\u043f\u043e\u0437\u0438\u0446\u0438\u043e\u043d\u043d\u044b\u0439 \u0432\u043b\u0430\u0436\u043d\u043e\u0441\u0442\u0438 \u0438 \u0442\u0435\u043c\u043f\u0435\u0440\u0430\u0442\u0443\u0440\u044b \u0420\u04142-\u0414\u0412\u0422\u0446"},{"@type":"BreadcrumbList","@id":"https:\/\/regmik.ua\/product\/rd2-dvt\/#breadcrumb","itemListElement":[{"@type":"ListItem","position":1,"name":"\u0413\u043b\u0430\u0432\u043d\u0430\u044f \u0441\u0442\u0440\u0430\u043d\u0438\u0446\u0430","item":"https:\/\/regmik.ua\/"},{"@type":"ListItem","position":2,"name":"\u041f\u0440\u043e\u0434\u0443\u043a\u0446\u0438\u044f","item":"https:\/\/regmik.ua\/uk\/products\/"},{"@type":"ListItem","position":3,"name":"\u0420\u0435\u0433\u0443\u043b\u044f\u0442\u043e\u0440 \u0432\u043b\u0430\u0436\u043d\u043e\u0441\u0442\u0438 \u0438 \u0442\u0435\u043c\u043f\u0435\u0440\u0430\u0442\u0443\u0440\u044b \u0420\u04142-\u0414\u0412\u0422\u0446"}]},{"@type":"WebSite","@id":"https:\/\/regmik.ua\/uk\/#website","url":"https:\/\/regmik.ua\/uk\/","name":"REGMIK","description":"M\u011b\u0159ic\u00ed p\u0159\u00edstroje a sn\u00edma\u010de teploty","publisher":{"@id":"https:\/\/regmik.ua\/uk\/#organization"},"alternateName":"REGMIK","potentialAction":[{"@type":"SearchAction","target":{"@type":"EntryPoint","urlTemplate":"https:\/\/regmik.ua\/uk\/?s={search_term_string}"},"query-input":{"@type":"PropertyValueSpecification","valueRequired":true,"valueName":"search_term_string"}}],"inLanguage":"cs"},{"@type":"Organization","@id":"https:\/\/regmik.ua\/uk\/#organization","name":"REGMIK","alternateName":"\u0420\u0415\u0413\u041c\u0418\u041a","url":"https:\/\/regmik.ua\/uk\/","logo":{"@type":"ImageObject","inLanguage":"cs","@id":"https:\/\/regmik.ua\/uk\/#\/schema\/logo\/image\/","url":"https:\/\/regmik.ua\/wp-content\/uploads\/2020\/03\/regmik_logo.png","contentUrl":"https:\/\/regmik.ua\/wp-content\/uploads\/2020\/03\/regmik_logo.png","width":194,"height":45,"caption":"REGMIK"},"image":{"@id":"https:\/\/regmik.ua\/uk\/#\/schema\/logo\/image\/"},"sameAs":["https:\/\/www.facebook.com\/regmik.npf","https:\/\/x.com\/regmiknpf","https:\/\/www.youtube.com\/channel\/UC_SrY98SKAmR3Kt95GcVKcw"]}]}},"_links":{"self":[{"href":"https:\/\/regmik.ua\/cs\/wp-json\/wp\/v2\/product\/23087","targetHints":{"allow":["GET"]}}],"collection":[{"href":"https:\/\/regmik.ua\/cs\/wp-json\/wp\/v2\/product"}],"about":[{"href":"https:\/\/regmik.ua\/cs\/wp-json\/wp\/v2\/types\/product"}],"replies":[{"embeddable":true,"href":"https:\/\/regmik.ua\/cs\/wp-json\/wp\/v2\/comments?post=23087"}],"version-history":[{"count":0,"href":"https:\/\/regmik.ua\/cs\/wp-json\/wp\/v2\/product\/23087\/revisions"}],"wp:featuredmedia":[{"embeddable":true,"href":"https:\/\/regmik.ua\/cs\/wp-json\/wp\/v2\/media\/23088"}],"wp:attachment":[{"href":"https:\/\/regmik.ua\/cs\/wp-json\/wp\/v2\/media?parent=23087"}],"wp:term":[{"taxonomy":"product_brand","embeddable":true,"href":"https:\/\/regmik.ua\/cs\/wp-json\/wp\/v2\/product_brand?post=23087"},{"taxonomy":"product_cat","embeddable":true,"href":"https:\/\/regmik.ua\/cs\/wp-json\/wp\/v2\/product_cat?post=23087"},{"taxonomy":"product_tag","embeddable":true,"href":"https:\/\/regmik.ua\/cs\/wp-json\/wp\/v2\/product_tag?post=23087"}],"curies":[{"name":"wp","href":"https:\/\/api.w.org\/{rel}","templated":true}]}}