{"id":20739,"date":"2020-06-23T12:23:11","date_gmt":"2020-06-23T10:23:11","guid":{"rendered":"https:\/\/regmik.com.ua\/?post_type=product&#038;p=20739"},"modified":"2025-06-12T08:23:30","modified_gmt":"2025-06-12T06:23:30","slug":"datchik-vlazhnosti-i-temperatury-s-zashhitnym-chehlom-modifikatsiya-303","status":"publish","type":"product","link":"https:\/\/regmik.ua\/cs\/product\/datchik-vlazhnosti-i-temperatury-s-zashhitnym-chehlom-modifikatsiya-303\/","title":{"rendered":"\u010cidlo vlhkosti a teploty DVT-303, DVTts-303"},"content":{"rendered":"<p>Podnik REGMIK vyr\u00e1b\u00ed sn\u00edma\u010de vlhkosti a teploty s digit\u00e1ln\u00edmi (DVTts-303) a analogov\u00fdmi (DVT-303) citliv\u00fdmi prvky. U sn\u00edma\u010d\u016f DVT-303 se prvek HIH4xxx pou\u017e\u00edv\u00e1 jako citliv\u00fd prvek pro m\u011b\u0159en\u00ed vlhkosti, u sn\u00edma\u010d\u016f DVTts-303 prvek SHTxx. K m\u011b\u0159en\u00ed teploty se pou\u017e\u00edvaj\u00ed teplotn\u00ed senzory n\u011bmeck\u00e9 firmy Heraeus.<\/p>\n<p>Senzor vlhkosti DVTts-303 se pou\u017e\u00edv\u00e1 v syst\u00e9mech automatizovan\u00e9 regulace a \u0159\u00edzen\u00ed technologick\u00fdch proces\u016f v pr\u016fmyslu. Tak\u00e9 v \u0159\u00eddic\u00edch syst\u00e9mech a monitorov\u00e1n\u00ed mikroklimatu m\u00edstnosti, v su\u0161\u00e1rn\u00e1ch. Ochrann\u00fd kryt sn\u00edma\u010de je vyroben z p\u011bnov\u00fdch \u010d\u00e1stic nerezov\u00e9 oceli s jemnou p\u00f3rovitost\u00ed, kter\u00e1 neoxiduje.<\/p>\n<p>D\u00edky tomu je sn\u00edmac\u00ed prvek chr\u00e1n\u011bn p\u0159ed mal\u00fdmi prachov\u00fdmi \u010d\u00e1sticemi a proti st\u0159\u00edkaj\u00edc\u00ed vod\u011b padaj\u00edc\u00ed jak\u00fdmkoli sm\u011brem. Pokud na ochrann\u00e9m krytu ulp\u00edvaj\u00ed prysky\u0159ice, piliny, ne\u010distoty atd., Lze ochrann\u00fd kryt opatrn\u011b odstranit a um\u00fdt v rozpou\u0161t\u011bdle. Ale p\u0159ed instalac\u00ed zp\u011bt ji nezapome\u0148te vysu\u0161it.<\/p>\n<p>Vlhkostn\u00ed a teplotn\u00ed senzory jsou ur\u010deny k p\u0159evodu hodnoty relativn\u00ed vlhkosti prost\u0159ed\u00ed plynu a jeho teploty (s v\u00fdjimkou agresivn\u00edch plyn\u016f) na standardn\u00ed elektrick\u00e9 sign\u00e1ly:<\/p>\n<ul>\n<li class=\"a\">analogov\u00e9 nap\u011bt\u00ed (nam\u011b\u0159en\u00e1 hodnota nap\u011bt\u00ed na \u010didle vlhkosti);<\/li>\n<li class=\"a\"><a href=\"https:\/\/uk.wikipedia.org\/wiki\/I%C2%B2C\">\u04212\u0421<\/a>\u00a0- digit\u00e1ln\u00ed senzory;<\/li>\n<li class=\"a\">nap\u011bt\u00ed 0-10V - pro digit\u00e1ln\u00ed a analogov\u00e9 sn\u00edma\u010de;<\/li>\n<li class=\"a\">proud 4-20mA - pro digit\u00e1ln\u00ed a analogov\u00e9 sn\u00edma\u010de;<\/li>\n<li class=\"a\">odpor (hodnota teploty z teplotn\u00edho senzoru Pt100, Pt500 nebo Pt1000) - pro analogov\u00e9 senzory;<\/li>\n<li class=\"a\"><a href=\"https:\/\/uk.wikipedia.org\/wiki\/RS-485\">RS-485<\/a>\u00a0(Protokol ModBus RTU) - pro digit\u00e1ln\u00ed senzory.<\/li>\n<\/ul>\n<p>Oblast pou\u017eit\u00ed sn\u00edma\u010d\u016f vlhkosti vzduchu je velmi \u0161irok\u00e1 a zahrnuje:<\/p>\n<ul>\n<li>Udr\u017eov\u00e1n\u00ed mikroklimatu ve stanoven\u00fdch mez\u00edch ve v\u00fdrob\u011b vybaven\u00e9 elektronick\u00fdmi za\u0159\u00edzen\u00edmi citliv\u00fdmi na vlhkost;<\/li>\n<li>Kontrola nad ukazateli vlhkosti v kancel\u00e1\u0159sk\u00fdch prostor\u00e1ch, v ka\u017edodenn\u00edm \u017eivot\u011b;<\/li>\n<li>V oblasti bydlen\u00ed a komun\u00e1ln\u00edch slu\u017eeb - v koteln\u00e1ch a \u00fapravn\u00e1ch vody zabra\u0148uj\u00ed tvorb\u011b kondenz\u00e1tu;<\/li>\n<li>Periodick\u00e1 kontrola pom\u00e1h\u00e1 p\u0159edch\u00e1zet vzniku pl\u00edsn\u00ed, pl\u00edsn\u00ed na st\u011bn\u00e1ch budovy nebo ve skladu;<\/li>\n<li>\u0158\u00edzen\u00ed technologick\u00fdch proces\u016f;<\/li>\n<li>Monitorov\u00e1n\u00ed parametr\u016f prost\u0159ed\u00ed atd.<\/li>\n<\/ul>\n<p>Materi\u00e1l ochrann\u00e9ho kov\u00e1n\u00ed senzor\u016f je nerezov\u00e1 ocel 12X18H10T. Senzory vlhkosti a teploty DVT-303, DVTts-303 zabra\u0148uj\u00ed kondenzaci vlhkosti.<\/p>\n<p>V\u00edcevrstv\u00e1 konstrukce sn\u00edmac\u00edho prvku HIH4xxx poskytuje vynikaj\u00edc\u00ed odolnost v\u016f\u010di v\u011bt\u0161in\u011b aplika\u010dn\u00edch rizik, jako je vlhkost, prach, \u0161p\u00edna, olej a b\u011b\u017en\u00e9 chemik\u00e1lie v \u017eivotn\u00edm prost\u0159ed\u00ed. Hlavn\u00ed charakteristiky senzor\u016f zalo\u017een\u00fdch na prvc\u00edch \u0159ady HIH4xxx:<\/p>\n<ul>\n<li>Tvarovan\u00e9 t\u011blo vyroben\u00e9 z termosetov\u00e9ho plastu;<\/li>\n<li>T\u00e9m\u011b\u0159 line\u00e1rn\u00ed v\u00fdstupn\u00ed nap\u011bt\u00ed versus relativn\u00ed vlhkost;<\/li>\n<li>Zam\u011bniteln\u00e9 s laserov\u00fdm ulo\u017een\u00edm;<\/li>\n<li>Design s n\u00edzkou spot\u0159ebou;<\/li>\n<li>Zv\u00fd\u0161en\u00e1 p\u0159esnost;<\/li>\n<li>Rychl\u00e1 doba odezvy;<\/li>\n<li>Stabiln\u00ed v\u00fdkon s n\u00edzk\u00fdm posunem;<\/li>\n<li>Chemick\u00e1 odolnost.<\/li>\n<\/ul>\n<div class=\"page\" title=\"Strana 1\">\n<div class=\"layoutArea\">\n<div class=\"column\">\n<div class=\"page\" title=\"Strana 1\">\n<div class=\"layoutArea\">\n<div class=\"column\">\n<p>Senzory vlhkosti a teploty DVT-303, DVTts-303 zalo\u017een\u00e9 na prvc\u00edch \u0159ady SHTxxx maj\u00ed n\u00e1sleduj\u00edc\u00ed charakteristick\u00e9 vlastnosti:<\/p>\n<ul>\n<li>Vysok\u00e1 spolehlivost a dlouhodob\u00e1 stabilita;<\/li>\n<li>Pr\u016fmyslov\u011b osv\u011bd\u010den\u00e1 technologie s v\u00edce ne\u017e 10 lety zku\u0161enost\u00ed;<\/li>\n<li>Ur\u010deno pro hromadnou v\u00fdrobu;<\/li>\n<li>Optimalizov\u00e1no pro nejni\u017e\u0161\u00ed n\u00e1klady;<\/li>\n<li>N\u00edzk\u00e1 \u00farove\u0148 \u0161umu sign\u00e1lu.<\/li>\n<\/ul>\n<\/div>\n<\/div>\n<\/div>\n<\/div>\n<\/div>\n<\/div>\n<p>P\u0159evodn\u00edk pracuje stabiln\u011b v doporu\u010den\u00e9m rozsahu m\u011b\u0159en\u00ed vlhkosti a teploty. Dlouhodob\u00e9 vystaven\u00ed podm\u00ednk\u00e1m mimo norm\u00e1ln\u00ed rozmez\u00ed, zejm\u00e9na vlhkosti&gt; 80%, m\u016f\u017ee do\u010dasn\u011b zv\u00fd\u0161it nejistotu m\u011b\u0159en\u00ed. Po n\u00e1vratu do norm\u00e1ln\u00edho rozsahu se pomalu vr\u00e1t\u00ed do tov\u00e1rn\u00edho nastaven\u00ed.<\/p>\n<p>P\u0159i pou\u017e\u00edv\u00e1n\u00ed p\u0159evodn\u00edku ve vlhk\u00e9m prost\u0159ed\u00ed (&gt; 98%) a v bl\u00edzkosti rosn\u00e9ho bodu je t\u0159eba v\u011bnovat zvl\u00e1\u0161tn\u00ed pozornost pokud je vlhk\u00fd, m\u016f\u017ee doj\u00edt k neopraviteln\u00e9mu po\u0161kozen\u00ed sn\u00edmac\u00edho prvku.<\/p>\n<p>K dispozici jsou tak\u00e9 dal\u0161\u00ed \u00fapravy \u010didel vlhkosti, se kter\u00fdmi se m\u016f\u017eete sezn\u00e1mit\u00a0<a href=\"https:\/\/regmik.ua\/product-category\/sensors\/humidity-sensors\/?filter_tip-che=sht&amp;query_type_tip-che=or\">odkaz ...<\/a><\/p>","protected":false},"excerpt":{"rendered":"<p>REGMIK DVTts-303 - \u010didlo teploty a vlhkosti je ur\u010deno k m\u011b\u0159en\u00ed teploty vzduchu od -40 do +85 0\u0421 a relativn\u00ed vlhkosti od 0 do 95 % Stupe\u0148 ochrany \u010didla p\u0159i instalaci s ochrann\u00fdm krytem citliv\u00e9ho prvku sm\u011brem dol\u016f je IP64 .<\/p>","protected":false},"featured_media":20756,"comment_status":"open","ping_status":"closed","template":"","meta":[],"product_brand":[],"product_cat":[492],"product_tag":[89,553,3080],"class_list":{"0":"post-20739","1":"product","2":"type-product","3":"status-publish","4":"has-post-thumbnail","6":"product_cat-humidity-sensors","7":"product_tag-datchik","8":"product_tag-datchik-vlazhnosti","9":"product_tag-datchik-vlazhnosti-i-temperatury","10":"pa_tip-che-hih","11":"pa_tip-che-sht","12":"pa_unif-signal-resistance-voltage","13":"pa_unif-signal-resistance-current","14":"pa_unif-signal-dvt-sht-i2c","15":"pa_unif-signal-dvt-sht-rs485","16":"pa_unif-signal-resistance-rs485","17":"pa_unif-signal-dvt-ts-ts-soprotivlenie-soprotivlenie","18":"pa_unif-signal-tc-hih-resistance-analog-voltage","19":"pa_unif-signal-dvt-ts-hih-soprotivlenie-tok-4-20ma","20":"pa_unif-signal-dvt-ts-hih-napryazhenie-0-10v-napryazhenie-0-10v","21":"pa_unif-signal-dvt-sht-napryazhenie-0-10v-napryazhenie-0-10v","22":"pa_unif-signal-dvt-ts-hih-tok-4-20ma-tok-4-20ma","23":"pa_unif-signal-dvt-sht-tok-4-20ma-tok-4-20ma","24":"pa_vid-metrologicheskoy-620","25":"pa_vid-metrologicheskoy-621","28":"instock","29":"shipping-taxable","30":"purchasable","31":"product-type-variable"},"yoast_head":"<title>\u0414\u0430\u0442\u0447\u0438\u043a \u0432\u043b\u0430\u0436\u043d\u043e\u0441\u0442\u0438 \u0438 \u0442\u0435\u043c\u043f\u0435\u0440\u0430\u0442\u0443\u0440\u044b \u0414\u0412\u0422-303 \u0414\u0412\u0422\u0446-303<\/title>\n<meta name=\"description\" content=\"\u0420\u0415\u0413\u041c\u0418\u041a \u0414\u0412\u0422\u0446-303 - \u0434\u0430\u0442\u0447\u0438\u043a \u0442\u0435\u043c\u043f\u0435\u0440\u0430\u0442\u0443\u0440\u044b \u0438 \u0432\u043b\u0430\u0436\u043d\u043e\u0441\u0442\u0438 \u043f\u0440\u0435\u0434\u043d\u0430\u0437\u043d\u0430\u0447\u0435\u043d \u0434\u043b\u044f \u0438\u0437\u043c\u0435\u0440\u0435\u043d\u0438\u044f \u0442\u0435\u043c\u043f\u0435\u0440\u0430\u0442\u0443\u0440\u044b \u0432\u043e\u0437\u0434\u0443\u0445\u0430 \u043e\u0442 -40 \u0434\u043e +85 0\u0421 \u0438 \u043e\u0442\u043d\u043e\u0441\u0438\u0442\u0435\u043b\u044c\u043d\u043e\u0439 \u0432\u043b\u0430\u0436\u043d\u043e\u0441\u0442\u0438 \u043e\u0442 0 \u0434\u043e 95 % \u0421\u0442\u0435\u043f\u0435\u043d\u044c \u0437\u0430\u0449\u0438\u0442\u044b \u0434\u0430\u0442\u0447\u0438\u043a\u0430 \u043f\u0440\u0438 \u0443\u0441\u0442\u0430\u043d\u043e\u0432\u043a\u0435 \u0437\u0430\u0449\u0438\u0442\u043d\u044b\u043c \u0447\u0435\u0445\u043b\u043e\u043c \u0447\u0443\u0432\u0441\u0442\u0432\u0438\u0442\u0435\u043b\u044c\u043d\u043e\u0433\u043e \u044d\u043b\u0435\u043c\u0435\u043d\u0442\u0430 \u0432\u043d\u0438\u0437 - IP64.\" \/>\n<meta name=\"robots\" content=\"index, follow, max-snippet:-1, max-image-preview:large, max-video-preview:-1\" \/>\n<link rel=\"canonical\" href=\"https:\/\/regmik.ua\/cs\/produkt\/datchik-vlazhnosti-i-temperatury-s-zashhitnym-chehlom-modifikatsiya-303\/\" \/>\n<script type=\"application\/ld+json\" class=\"yoast-schema-graph\">{\"@context\":\"https:\\\/\\\/schema.org\",\"@graph\":[{\"@type\":\"WebPage\",\"@id\":\"https:\\\/\\\/regmik.ua\\\/product\\\/datchik-vlazhnosti-i-temperatury-s-zashhitnym-chehlom-modifikatsiya-303\\\/\",\"url\":\"https:\\\/\\\/regmik.ua\\\/product\\\/datchik-vlazhnosti-i-temperatury-s-zashhitnym-chehlom-modifikatsiya-303\\\/\",\"name\":\"\u0414\u0430\u0442\u0447\u0438\u043a \u0432\u043b\u0430\u0436\u043d\u043e\u0441\u0442\u0438 \u0438 \u0442\u0435\u043c\u043f\u0435\u0440\u0430\u0442\u0443\u0440\u044b \u0414\u0412\u0422-303 \u0414\u0412\u0422\u0446-303\",\"isPartOf\":{\"@id\":\"https:\\\/\\\/regmik.ua\\\/uk\\\/#website\"},\"primaryImageOfPage\":{\"@id\":\"https:\\\/\\\/regmik.ua\\\/product\\\/datchik-vlazhnosti-i-temperatury-s-zashhitnym-chehlom-modifikatsiya-303\\\/#primaryimage\"},\"image\":{\"@id\":\"https:\\\/\\\/regmik.ua\\\/product\\\/datchik-vlazhnosti-i-temperatury-s-zashhitnym-chehlom-modifikatsiya-303\\\/#primaryimage\"},\"thumbnailUrl\":\"https:\\\/\\\/regmik.ua\\\/wp-content\\\/uploads\\\/2020\\\/06\\\/dvt303.png\",\"datePublished\":\"2020-06-23T10:23:11+00:00\",\"dateModified\":\"2025-06-12T06:23:30+00:00\",\"description\":\"\u0420\u0415\u0413\u041c\u0418\u041a \u0414\u0412\u0422\u0446-303 - \u0434\u0430\u0442\u0447\u0438\u043a \u0442\u0435\u043c\u043f\u0435\u0440\u0430\u0442\u0443\u0440\u044b \u0438 \u0432\u043b\u0430\u0436\u043d\u043e\u0441\u0442\u0438 \u043f\u0440\u0435\u0434\u043d\u0430\u0437\u043d\u0430\u0447\u0435\u043d \u0434\u043b\u044f \u0438\u0437\u043c\u0435\u0440\u0435\u043d\u0438\u044f \u0442\u0435\u043c\u043f\u0435\u0440\u0430\u0442\u0443\u0440\u044b \u0432\u043e\u0437\u0434\u0443\u0445\u0430 \u043e\u0442 -40 \u0434\u043e +85 0\u0421 \u0438 \u043e\u0442\u043d\u043e\u0441\u0438\u0442\u0435\u043b\u044c\u043d\u043e\u0439 \u0432\u043b\u0430\u0436\u043d\u043e\u0441\u0442\u0438 \u043e\u0442 0 \u0434\u043e 95 % \u0421\u0442\u0435\u043f\u0435\u043d\u044c \u0437\u0430\u0449\u0438\u0442\u044b \u0434\u0430\u0442\u0447\u0438\u043a\u0430 \u043f\u0440\u0438 \u0443\u0441\u0442\u0430\u043d\u043e\u0432\u043a\u0435 \u0437\u0430\u0449\u0438\u0442\u043d\u044b\u043c \u0447\u0435\u0445\u043b\u043e\u043c \u0447\u0443\u0432\u0441\u0442\u0432\u0438\u0442\u0435\u043b\u044c\u043d\u043e\u0433\u043e \u044d\u043b\u0435\u043c\u0435\u043d\u0442\u0430 \u0432\u043d\u0438\u0437 - IP64.\",\"breadcrumb\":{\"@id\":\"https:\\\/\\\/regmik.ua\\\/product\\\/datchik-vlazhnosti-i-temperatury-s-zashhitnym-chehlom-modifikatsiya-303\\\/#breadcrumb\"},\"inLanguage\":\"cs\",\"potentialAction\":[{\"@type\":\"ReadAction\",\"target\":[\"https:\\\/\\\/regmik.ua\\\/product\\\/datchik-vlazhnosti-i-temperatury-s-zashhitnym-chehlom-modifikatsiya-303\\\/\"]}]},{\"@type\":\"ImageObject\",\"inLanguage\":\"cs\",\"@id\":\"https:\\\/\\\/regmik.ua\\\/product\\\/datchik-vlazhnosti-i-temperatury-s-zashhitnym-chehlom-modifikatsiya-303\\\/#primaryimage\",\"url\":\"https:\\\/\\\/regmik.ua\\\/wp-content\\\/uploads\\\/2020\\\/06\\\/dvt303.png\",\"contentUrl\":\"https:\\\/\\\/regmik.ua\\\/wp-content\\\/uploads\\\/2020\\\/06\\\/dvt303.png\",\"width\":800,\"height\":1024},{\"@type\":\"BreadcrumbList\",\"@id\":\"https:\\\/\\\/regmik.ua\\\/product\\\/datchik-vlazhnosti-i-temperatury-s-zashhitnym-chehlom-modifikatsiya-303\\\/#breadcrumb\",\"itemListElement\":[{\"@type\":\"ListItem\",\"position\":1,\"name\":\"\u0413\u043b\u0430\u0432\u043d\u0430\u044f \u0441\u0442\u0440\u0430\u043d\u0438\u0446\u0430\",\"item\":\"https:\\\/\\\/regmik.ua\\\/\"},{\"@type\":\"ListItem\",\"position\":2,\"name\":\"\u041f\u0440\u043e\u0434\u0443\u043a\u0446\u0438\u044f\",\"item\":\"https:\\\/\\\/regmik.ua\\\/uk\\\/products\\\/\"},{\"@type\":\"ListItem\",\"position\":3,\"name\":\"\u0414\u0430\u0442\u0447\u0438\u043a \u0432\u043b\u0430\u0436\u043d\u043e\u0441\u0442\u0438 \u0438 \u0442\u0435\u043c\u043f\u0435\u0440\u0430\u0442\u0443\u0440\u044b \u0414\u0412\u0422-303, \u0414\u0412\u0422\u0446-303\"}]},{\"@type\":\"WebSite\",\"@id\":\"https:\\\/\\\/regmik.ua\\\/uk\\\/#website\",\"url\":\"https:\\\/\\\/regmik.ua\\\/uk\\\/\",\"name\":\"REGMIK\",\"description\":\"\u0418\u0437\u043c\u0435\u0440\u0438\u0442\u0435\u043b\u044c\u043d\u044b\u0435 \u043f\u0440\u0438\u0431\u043e\u0440\u044b \u0438 \u0434\u0430\u0442\u0447\u0438\u043a\u0438 \u0442\u0435\u043c\u043f\u0435\u0440\u0430\u0442\u0443\u0440\u044b\",\"publisher\":{\"@id\":\"https:\\\/\\\/regmik.ua\\\/uk\\\/#organization\"},\"alternateName\":\"REGMIK\",\"potentialAction\":[{\"@type\":\"SearchAction\",\"target\":{\"@type\":\"EntryPoint\",\"urlTemplate\":\"https:\\\/\\\/regmik.ua\\\/uk\\\/?s={search_term_string}\"},\"query-input\":{\"@type\":\"PropertyValueSpecification\",\"valueRequired\":true,\"valueName\":\"search_term_string\"}}],\"inLanguage\":\"cs\"},{\"@type\":\"Organization\",\"@id\":\"https:\\\/\\\/regmik.ua\\\/uk\\\/#organization\",\"name\":\"REGMIK\",\"alternateName\":\"\u0420\u0415\u0413\u041c\u0418\u041a\",\"url\":\"https:\\\/\\\/regmik.ua\\\/uk\\\/\",\"logo\":{\"@type\":\"ImageObject\",\"inLanguage\":\"cs\",\"@id\":\"https:\\\/\\\/regmik.ua\\\/uk\\\/#\\\/schema\\\/logo\\\/image\\\/\",\"url\":\"https:\\\/\\\/regmik.ua\\\/wp-content\\\/uploads\\\/2020\\\/03\\\/regmik_logo.png\",\"contentUrl\":\"https:\\\/\\\/regmik.ua\\\/wp-content\\\/uploads\\\/2020\\\/03\\\/regmik_logo.png\",\"width\":194,\"height\":45,\"caption\":\"REGMIK\"},\"image\":{\"@id\":\"https:\\\/\\\/regmik.ua\\\/uk\\\/#\\\/schema\\\/logo\\\/image\\\/\"},\"sameAs\":[\"https:\\\/\\\/www.facebook.com\\\/regmik.npf\",\"https:\\\/\\\/x.com\\\/regmiknpf\",\"https:\\\/\\\/www.youtube.com\\\/channel\\\/UC_SrY98SKAmR3Kt95GcVKcw\"]}]}<\/script>","yoast_head_json":{"title":"Sn\u00edma\u010d vlhkosti a teploty DVT-303 DVTts-303","description":"REGMIK DVTts-303 - \u010didlo teploty a vlhkosti je ur\u010deno k m\u011b\u0159en\u00ed teploty vzduchu od -40 do +85 0\u0421 a relativn\u00ed vlhkosti od 0 do 95 % Stupe\u0148 ochrany \u010didla p\u0159i instalaci s ochrann\u00fdm krytem citliv\u00e9ho prvku sm\u011brem dol\u016f je IP64 .","robots":{"index":"index","follow":"follow","max-snippet":"max-snippet:-1","max-image-preview":"max-image-preview:large","max-video-preview":"max-video-preview:-1"},"canonical":"https:\/\/regmik.ua\/cs\/produkt\/datchik-vlazhnosti-i-temperatury-s-zashhitnym-chehlom-modifikatsiya-303\/","schema":{"@context":"https:\/\/schema.org","@graph":[{"@type":"WebPage","@id":"https:\/\/regmik.ua\/product\/datchik-vlazhnosti-i-temperatury-s-zashhitnym-chehlom-modifikatsiya-303\/","url":"https:\/\/regmik.ua\/product\/datchik-vlazhnosti-i-temperatury-s-zashhitnym-chehlom-modifikatsiya-303\/","name":"Sn\u00edma\u010d vlhkosti a teploty DVT-303 DVTts-303","isPartOf":{"@id":"https:\/\/regmik.ua\/uk\/#website"},"primaryImageOfPage":{"@id":"https:\/\/regmik.ua\/product\/datchik-vlazhnosti-i-temperatury-s-zashhitnym-chehlom-modifikatsiya-303\/#primaryimage"},"image":{"@id":"https:\/\/regmik.ua\/product\/datchik-vlazhnosti-i-temperatury-s-zashhitnym-chehlom-modifikatsiya-303\/#primaryimage"},"thumbnailUrl":"https:\/\/regmik.ua\/wp-content\/uploads\/2020\/06\/dvt303.png","datePublished":"2020-06-23T10:23:11+00:00","dateModified":"2025-06-12T06:23:30+00:00","description":"REGMIK DVTts-303 - \u010didlo teploty a vlhkosti je ur\u010deno k m\u011b\u0159en\u00ed teploty vzduchu od -40 do +85 0\u0421 a relativn\u00ed vlhkosti od 0 do 95 % Stupe\u0148 ochrany \u010didla p\u0159i instalaci s ochrann\u00fdm krytem citliv\u00e9ho prvku sm\u011brem dol\u016f je IP64 .","breadcrumb":{"@id":"https:\/\/regmik.ua\/product\/datchik-vlazhnosti-i-temperatury-s-zashhitnym-chehlom-modifikatsiya-303\/#breadcrumb"},"inLanguage":"cs","potentialAction":[{"@type":"ReadAction","target":["https:\/\/regmik.ua\/product\/datchik-vlazhnosti-i-temperatury-s-zashhitnym-chehlom-modifikatsiya-303\/"]}]},{"@type":"ImageObject","inLanguage":"cs","@id":"https:\/\/regmik.ua\/product\/datchik-vlazhnosti-i-temperatury-s-zashhitnym-chehlom-modifikatsiya-303\/#primaryimage","url":"https:\/\/regmik.ua\/wp-content\/uploads\/2020\/06\/dvt303.png","contentUrl":"https:\/\/regmik.ua\/wp-content\/uploads\/2020\/06\/dvt303.png","width":800,"height":1024},{"@type":"BreadcrumbList","@id":"https:\/\/regmik.ua\/product\/datchik-vlazhnosti-i-temperatury-s-zashhitnym-chehlom-modifikatsiya-303\/#breadcrumb","itemListElement":[{"@type":"ListItem","position":1,"name":"\u0413\u043b\u0430\u0432\u043d\u0430\u044f \u0441\u0442\u0440\u0430\u043d\u0438\u0446\u0430","item":"https:\/\/regmik.ua\/"},{"@type":"ListItem","position":2,"name":"\u041f\u0440\u043e\u0434\u0443\u043a\u0446\u0438\u044f","item":"https:\/\/regmik.ua\/uk\/products\/"},{"@type":"ListItem","position":3,"name":"\u0414\u0430\u0442\u0447\u0438\u043a \u0432\u043b\u0430\u0436\u043d\u043e\u0441\u0442\u0438 \u0438 \u0442\u0435\u043c\u043f\u0435\u0440\u0430\u0442\u0443\u0440\u044b \u0414\u0412\u0422-303, \u0414\u0412\u0422\u0446-303"}]},{"@type":"WebSite","@id":"https:\/\/regmik.ua\/uk\/#website","url":"https:\/\/regmik.ua\/uk\/","name":"REGMIK","description":"M\u011b\u0159ic\u00ed p\u0159\u00edstroje a sn\u00edma\u010de teploty","publisher":{"@id":"https:\/\/regmik.ua\/uk\/#organization"},"alternateName":"REGMIK","potentialAction":[{"@type":"SearchAction","target":{"@type":"EntryPoint","urlTemplate":"https:\/\/regmik.ua\/uk\/?s={search_term_string}"},"query-input":{"@type":"PropertyValueSpecification","valueRequired":true,"valueName":"search_term_string"}}],"inLanguage":"cs"},{"@type":"Organization","@id":"https:\/\/regmik.ua\/uk\/#organization","name":"REGMIK","alternateName":"\u0420\u0415\u0413\u041c\u0418\u041a","url":"https:\/\/regmik.ua\/uk\/","logo":{"@type":"ImageObject","inLanguage":"cs","@id":"https:\/\/regmik.ua\/uk\/#\/schema\/logo\/image\/","url":"https:\/\/regmik.ua\/wp-content\/uploads\/2020\/03\/regmik_logo.png","contentUrl":"https:\/\/regmik.ua\/wp-content\/uploads\/2020\/03\/regmik_logo.png","width":194,"height":45,"caption":"REGMIK"},"image":{"@id":"https:\/\/regmik.ua\/uk\/#\/schema\/logo\/image\/"},"sameAs":["https:\/\/www.facebook.com\/regmik.npf","https:\/\/x.com\/regmiknpf","https:\/\/www.youtube.com\/channel\/UC_SrY98SKAmR3Kt95GcVKcw"]}]}},"_links":{"self":[{"href":"https:\/\/regmik.ua\/cs\/wp-json\/wp\/v2\/product\/20739","targetHints":{"allow":["GET"]}}],"collection":[{"href":"https:\/\/regmik.ua\/cs\/wp-json\/wp\/v2\/product"}],"about":[{"href":"https:\/\/regmik.ua\/cs\/wp-json\/wp\/v2\/types\/product"}],"replies":[{"embeddable":true,"href":"https:\/\/regmik.ua\/cs\/wp-json\/wp\/v2\/comments?post=20739"}],"version-history":[{"count":0,"href":"https:\/\/regmik.ua\/cs\/wp-json\/wp\/v2\/product\/20739\/revisions"}],"wp:featuredmedia":[{"embeddable":true,"href":"https:\/\/regmik.ua\/cs\/wp-json\/wp\/v2\/media\/20756"}],"wp:attachment":[{"href":"https:\/\/regmik.ua\/cs\/wp-json\/wp\/v2\/media?parent=20739"}],"wp:term":[{"taxonomy":"product_brand","embeddable":true,"href":"https:\/\/regmik.ua\/cs\/wp-json\/wp\/v2\/product_brand?post=20739"},{"taxonomy":"product_cat","embeddable":true,"href":"https:\/\/regmik.ua\/cs\/wp-json\/wp\/v2\/product_cat?post=20739"},{"taxonomy":"product_tag","embeddable":true,"href":"https:\/\/regmik.ua\/cs\/wp-json\/wp\/v2\/product_tag?post=20739"}],"curies":[{"name":"wp","href":"https:\/\/api.w.org\/{rel}","templated":true}]}}