{"id":20726,"date":"2020-06-02T10:27:06","date_gmt":"2020-06-02T08:27:06","guid":{"rendered":"https:\/\/regmik.com.ua\/?post_type=product&#038;p=20726"},"modified":"2023-11-23T15:54:51","modified_gmt":"2023-11-23T13:54:51","slug":"konduktometricheskij-datchik-urovnya-modifikatsiya-du-004","status":"publish","type":"product","link":"https:\/\/regmik.ua\/cs\/product\/konduktometricheskij-datchik-urovnya-modifikatsiya-du-004\/","title":{"rendered":"DU-004 konduktometrick\u00fd sn\u00edma\u010d hladiny"},"content":{"rendered":"<div data-elementor-type=\"wp-post\" data-elementor-id=\"20726\" class=\"elementor elementor-20726\">\n\t\t\t\t\t\t<section class=\"elementor-section elementor-top-section elementor-element elementor-element-3fceef5f elementor-section-boxed elementor-section-height-default elementor-section-height-default\" data-id=\"3fceef5f\" data-element_type=\"section\" data-e-type=\"section\">\n\t\t\t\t\t\t<div class=\"elementor-container elementor-column-gap-default\">\n\t\t\t\t\t<div class=\"elementor-column elementor-col-100 elementor-top-column elementor-element elementor-element-4e9bfa00\" data-id=\"4e9bfa00\" data-element_type=\"column\" data-e-type=\"column\">\n\t\t\t<div class=\"elementor-widget-wrap elementor-element-populated\">\n\t\t\t\t\t\t<div class=\"elementor-element elementor-element-1dbe5725 elementor-widget elementor-widget-text-editor\" data-id=\"1dbe5725\" data-element_type=\"widget\" data-e-type=\"widget\" data-widget_type=\"text-editor.default\">\n\t\t\t\t\t\t\t\t\t<p style=\"caret-color: #000000; color: #000000;\"><strong>Konduktometrick\u00e9 hladinov\u00e9 sn\u00edma\u010de DU-004\u00a0<\/strong> ur\u010den\u00e9 k signalizaci hladin elektricky vodiv\u00fdch kapalin (voda, ml\u00e9ko, potravin\u00e1\u0159sk\u00e9 v\u00fdrobky - m\u00edrn\u011b kysel\u00e9, z\u00e1sadit\u00e9 atd.).<\/p><p style=\"caret-color: #000000; color: #000000;\">Konduktometrick\u00fd sn\u00edma\u010d hladiny DU-004 se ve sv\u00e9 nejjednodu\u0161\u0161\u00ed podob\u011b skl\u00e1d\u00e1 z nerezov\u00fdch elektrod, z nich\u017e jedna slou\u017e\u00ed jako spole\u010dn\u00e1 v \u0159\u00eddic\u00edm obvodu a je instalov\u00e1na v n\u00e1dr\u017ei tak, \u017ee jej\u00ed pracovn\u00ed \u010d\u00e1st je neust\u00e1le v kontaktu s kapalina, zejm\u00e9na vodiv\u00e9 t\u011bleso, se m\u016f\u017ee st\u00e1t b\u011b\u017en\u00fdmi elektrodov\u00fdmi n\u00e1dobami na kapalinu. Ostatn\u00ed elektrody budou sign\u00e1ln\u00ed a jsou um\u00edst\u011bny na ur\u010dit\u00fdch \u00farovn\u00edch, kter\u00e9 je t\u0159eba ovl\u00e1dat.<\/p><p style=\"caret-color: #000000; color: #000000;\">Jednoelektrodov\u00e9 sn\u00edma\u010de hladiny jsou vhodn\u00e9 pro pou\u017eit\u00ed v uzav\u0159en\u00fdch nebo otev\u0159en\u00fdch kovov\u00fdch n\u00e1dob\u00e1ch.<\/p><p style=\"caret-color: #000000; color: #000000;\">Konduktometrick\u00fd sn\u00edma\u010d hladiny DU-004 se vyr\u00e1b\u00ed s mont\u00e1\u017en\u00edmi z\u00e1vity: metrick\u00fd podle GOST 24705, trubkov\u00fd v\u00e1lcov\u00fd podle GOST 6357 a k\u00f3nick\u00fd palcov\u00fd podle GOST 6111. Mont\u00e1\u017en\u00ed z\u00e1vity lze na p\u0159\u00e1n\u00ed z\u00e1kazn\u00edka vyrobit podle jin\u00fdch norem.<\/p><p style=\"caret-color: #000000; color: #000000;\">Pro mont\u00e1\u017e na m\u00edst\u011b maj\u00ed sn\u00edma\u010de hladiny standardn\u00ed z\u00e1vity M20x1,5, M16x1,5 nebo G1\/2.<br \/>Je mo\u017en\u00e1 horizont\u00e1ln\u00ed i vertik\u00e1ln\u00ed instalace konduktometrick\u00e9ho sn\u00edma\u010de hladiny s konektorem DU-004.<br \/>Pro prodlou\u017een\u00ed pracovn\u00ed \u010d\u00e1sti elektrod sn\u00edma\u010de hladiny u\u017eivatelem je na konci elektrody upraven z\u00e1vit.<\/p><p style=\"caret-color: #000000; color: #000000;\">Konduktometrick\u00e9 sn\u00edma\u010de hladiny jsou vyrobeny z oceli 12X18N10T podle GOST 5632. Na p\u0159\u00e1n\u00ed z\u00e1kazn\u00edka je mo\u017en\u00e9 vyrobit pouzdra teplom\u011bru z jin\u00fdch ocel\u00ed.<\/p><p style=\"caret-color: #000000; color: #000000;\"><strong>AISI 321 (12X18H10T, 08X18H10T)\u00a0<\/strong>\u017d\u00e1ruvzdorn\u00e1, korozivzdorn\u00e1 a \u017e\u00e1ruvzdorn\u00e1 ocel austenitick\u00e9 t\u0159\u00eddy. M\u00e1 vysokou pevnost a odolnost. Pou\u017e\u00edv\u00e1 se p\u0159i teplot\u00e1ch do 600 \u00b0 \u0421 a ve vysoce agresivn\u00edm prost\u0159ed\u00ed do 350 \u00b0 \u0421.<br \/><strong>AISI 304 (08X18H10)\u00a0<\/strong>\u017d\u00e1ruvzdorn\u00e1, korozivzdorn\u00e1 austenitick\u00e1 ocel. Pou\u017e\u00edv\u00e1 se p\u0159i teplot\u00e1ch do 400 \u00b0 C v prost\u0159ed\u00edch st\u0159edn\u00ed aktivity.<br \/><strong>AISI 316L (03H17H14M3)\u00a0<\/strong>Korozivzdorn\u00e1 austenitick\u00e1 ocel. Pou\u017e\u00edv\u00e1 se p\u0159i teplot\u00e1ch do 450 \u00b0 C ve v\u011bt\u0161in\u011b agresivn\u00edch prost\u0159ed\u00ed.<br \/><strong>AISI 316Ti (10X17H13M2T)\u00a0<\/strong>Korozivzdorn\u00e1 austenitick\u00e1 ocel. Pou\u017e\u00edv\u00e1 se p\u0159i teplot\u00e1ch do 600 \u00b0 C ve vysoce agresivn\u00edm prost\u0159ed\u00ed.<br \/><strong>AISI 430 (12X17)\u00a0<\/strong>\u017d\u00e1ruvzdorn\u00e1, korozivzdorn\u00e1 feritick\u00e1 ocel. Pou\u017e\u00edv\u00e1 se p\u0159i teplot\u00e1ch do 400 \u00b0 C v m\u00edrn\u011b agresivn\u00edm prost\u0159ed\u00ed.<br \/><strong>12X1MF\u00a0<\/strong>\u017d\u00e1ruvzdorn\u00fd, odoln\u00fd v\u016f\u010di dlouhodob\u00e9mu p\u016fsoben\u00ed vysok\u00fdch teplot, perlitov\u00e1 ocel. Pou\u017e\u00edv\u00e1 se p\u0159i teplot\u00e1ch do 600 \u00b0 C.<\/p><p style=\"caret-color: #000000; color: #000000;\">Konduktometrick\u00e9 sn\u00edma\u010de hladiny Du-004 se vyr\u00e1b\u011bj\u00ed s teplotou regulovan\u00e9ho m\u00e9dia do 200 \u00b0 C a pracovn\u00edm tlakem m\u00e9dia do 1,4 MPa.<br \/>Specifick\u00e1 elektrick\u00e1 vodivost m\u00e9dia mus\u00ed b\u00fdt alespo\u0148 0,015 S \/ m.<\/p><table style=\"text-align: start; caret-color: #000000; color: #000000; height: 154px;\" width=\"527\"><tbody><tr><th>Popis charakteristik<\/th><th>Hodnota hodnota<\/th><\/tr><tr><td>Pracovn\u00ed teplota, \u00b0 C<\/td><td>0 ... 200<\/td><\/tr><tr><td>Pracovn\u00ed tlak, MPa<\/td><td>1,4<\/td><\/tr><tr><td>Pr\u016fm\u011br elektrody, mm<\/td><td>6<\/td><\/tr><tr><td>Spojovac\u00ed materi\u00e1l<\/td><td>nerezov\u00e1 ocel 12\u042518\u041d10\u0422<\/td><\/tr><\/tbody><\/table><p style=\"caret-color: #000000; color: #000000;\">\u00a0<\/p>\t\t\t\t\t\t\t\t<\/div>\n\t\t\t\t\t<\/div>\n\t\t<\/div>\n\t\t\t\t\t<\/div>\n\t\t<\/section>\n\t\t\t\t<\/div>","protected":false},"excerpt":{"rendered":"<p>DU konduktometrick\u00e9 sn\u00edma\u010de hladiny jsou navr\u017eeny pro spolupr\u00e1ci s regul\u00e1tory hladiny RU.<br \/>\nPro prodlou\u017een\u00ed pracovn\u00ed \u010d\u00e1sti elektrod sn\u00edma\u010de hladiny u\u017eivatelem je na konci elektrody upraven z\u00e1vit.<br \/>\nCena sn\u00edma\u010d\u016f hladiny s d\u00e9lkou elektrody &gt; 100 mm je z\u00e1kladn\u00ed cena sn\u00edma\u010de + 30 UAH. na ka\u017ed\u00fdch 100 mm.<\/p>","protected":false},"featured_media":20734,"comment_status":"open","ping_status":"closed","template":"elementor_theme","meta":[],"product_brand":[],"product_cat":[551],"product_tag":[3207,89,552,344],"class_list":{"0":"post-20726","1":"product","2":"type-product","3":"status-publish","4":"has-post-thumbnail","6":"product_cat-level-sensors","7":"product_tag-3207","8":"product_tag-datchik","9":"product_tag-datchik-urovnya","10":"product_tag-konduktometricheskij-datchik","13":"instock","14":"shipping-taxable","15":"purchasable","16":"product-type-simple"},"yoast_head":"<title>\u041a\u043e\u043d\u0434\u0443\u043a\u0442\u043e\u043c\u0435\u0442\u0440\u0438\u0447\u0435\u0441\u043a\u0438\u0439 \u0434\u0430\u0442\u0447\u0438\u043a \u0443\u0440\u043e\u0432\u043d\u044f \u0414\u0423-004 &#8211; \u0420\u0415\u0413\u041c\u0406\u041a, \u041d\u0412\u0424, \u041f\u041f<\/title>\n<meta name=\"description\" content=\"\u0414\u0430\u0442\u0447\u0438\u043a\u0438 \u0443\u0440\u043e\u0432\u043d\u044f \u043a\u043e\u043d\u0434\u0443\u043a\u0442\u043e\u043c\u0435\u0442\u0440\u0438\u0447\u0435\u0441\u043a\u0438\u0435 \u0414\u0423-004\u00a0 \u043f\u0440\u0435\u0434\u043d\u0430\u0437\u043d\u0430\u0447\u0435\u043d\u044b \u0434\u043b\u044f \u0441\u0438\u0433\u043d\u0430\u043b\u0438\u0437\u0430\u0446\u0438\u0438 \u0443\u0440\u043e\u0432\u043d\u0435\u0439 \u044d\u043b\u0435\u043a\u0442\u0440\u043e\u043f\u0440\u043e\u0432\u043e\u0434\u043d\u044b\u0445 \u0436\u0438\u0434\u043a\u043e\u0441\u0442\u0435\u0439 (\u0432\u043e\u0434\u0430, \u043c\u043e\u043b\u043e\u043a\u043e, \u043f\u0438\u0449\u0435\u0432\u044b\u0435 \u043f\u0440\u043e\u0434\u0443\u043a\u0442\u044b).\" \/>\n<meta name=\"robots\" content=\"index, follow, max-snippet:-1, max-image-preview:large, max-video-preview:-1\" \/>\n<link rel=\"canonical\" href=\"https:\/\/regmik.ua\/cs\/produkt\/konduktometricheskij-datchik-urovnya-modifikatsiya-du-004\/\" \/>\n<script type=\"application\/ld+json\" class=\"yoast-schema-graph\">{\"@context\":\"https:\\\/\\\/schema.org\",\"@graph\":[{\"@type\":\"WebPage\",\"@id\":\"https:\\\/\\\/regmik.ua\\\/product\\\/konduktometricheskij-datchik-urovnya-modifikatsiya-du-004\\\/\",\"url\":\"https:\\\/\\\/regmik.ua\\\/product\\\/konduktometricheskij-datchik-urovnya-modifikatsiya-du-004\\\/\",\"name\":\"\u041a\u043e\u043d\u0434\u0443\u043a\u0442\u043e\u043c\u0435\u0442\u0440\u0438\u0447\u0435\u0441\u043a\u0438\u0439 \u0434\u0430\u0442\u0447\u0438\u043a \u0443\u0440\u043e\u0432\u043d\u044f \u0414\u0423-004 &#8211; \u0420\u0415\u0413\u041c\u0406\u041a, \u041d\u0412\u0424, \u041f\u041f\",\"isPartOf\":{\"@id\":\"https:\\\/\\\/regmik.ua\\\/uk\\\/#website\"},\"primaryImageOfPage\":{\"@id\":\"https:\\\/\\\/regmik.ua\\\/product\\\/konduktometricheskij-datchik-urovnya-modifikatsiya-du-004\\\/#primaryimage\"},\"image\":{\"@id\":\"https:\\\/\\\/regmik.ua\\\/product\\\/konduktometricheskij-datchik-urovnya-modifikatsiya-du-004\\\/#primaryimage\"},\"thumbnailUrl\":\"https:\\\/\\\/regmik.ua\\\/wp-content\\\/uploads\\\/2020\\\/06\\\/DU-004-.png\",\"datePublished\":\"2020-06-02T08:27:06+00:00\",\"dateModified\":\"2023-11-23T13:54:51+00:00\",\"description\":\"\u0414\u0430\u0442\u0447\u0438\u043a\u0438 \u0443\u0440\u043e\u0432\u043d\u044f \u043a\u043e\u043d\u0434\u0443\u043a\u0442\u043e\u043c\u0435\u0442\u0440\u0438\u0447\u0435\u0441\u043a\u0438\u0435 \u0414\u0423-004\u00a0 \u043f\u0440\u0435\u0434\u043d\u0430\u0437\u043d\u0430\u0447\u0435\u043d\u044b \u0434\u043b\u044f \u0441\u0438\u0433\u043d\u0430\u043b\u0438\u0437\u0430\u0446\u0438\u0438 \u0443\u0440\u043e\u0432\u043d\u0435\u0439 \u044d\u043b\u0435\u043a\u0442\u0440\u043e\u043f\u0440\u043e\u0432\u043e\u0434\u043d\u044b\u0445 \u0436\u0438\u0434\u043a\u043e\u0441\u0442\u0435\u0439 (\u0432\u043e\u0434\u0430, \u043c\u043e\u043b\u043e\u043a\u043e, \u043f\u0438\u0449\u0435\u0432\u044b\u0435 \u043f\u0440\u043e\u0434\u0443\u043a\u0442\u044b).\",\"breadcrumb\":{\"@id\":\"https:\\\/\\\/regmik.ua\\\/product\\\/konduktometricheskij-datchik-urovnya-modifikatsiya-du-004\\\/#breadcrumb\"},\"inLanguage\":\"cs\",\"potentialAction\":[{\"@type\":\"ReadAction\",\"target\":[\"https:\\\/\\\/regmik.ua\\\/product\\\/konduktometricheskij-datchik-urovnya-modifikatsiya-du-004\\\/\"]}]},{\"@type\":\"ImageObject\",\"inLanguage\":\"cs\",\"@id\":\"https:\\\/\\\/regmik.ua\\\/product\\\/konduktometricheskij-datchik-urovnya-modifikatsiya-du-004\\\/#primaryimage\",\"url\":\"https:\\\/\\\/regmik.ua\\\/wp-content\\\/uploads\\\/2020\\\/06\\\/DU-004-.png\",\"contentUrl\":\"https:\\\/\\\/regmik.ua\\\/wp-content\\\/uploads\\\/2020\\\/06\\\/DU-004-.png\",\"width\":800,\"height\":1024,\"caption\":\"\u041a\u043e\u043d\u0434\u0443\u043a\u0442\u043e\u043c\u0435\u0442\u0440\u0438\u0447\u0435\u0441\u043a\u0438\u0439 \u0434\u0430\u0442\u0447\u0438\u043a \u0443\u0440\u043e\u0432\u043d\u044f \u0414\u0423-004\"},{\"@type\":\"BreadcrumbList\",\"@id\":\"https:\\\/\\\/regmik.ua\\\/product\\\/konduktometricheskij-datchik-urovnya-modifikatsiya-du-004\\\/#breadcrumb\",\"itemListElement\":[{\"@type\":\"ListItem\",\"position\":1,\"name\":\"\u0413\u043b\u0430\u0432\u043d\u0430\u044f \u0441\u0442\u0440\u0430\u043d\u0438\u0446\u0430\",\"item\":\"https:\\\/\\\/regmik.ua\\\/\"},{\"@type\":\"ListItem\",\"position\":2,\"name\":\"\u041f\u0440\u043e\u0434\u0443\u043a\u0446\u0438\u044f\",\"item\":\"https:\\\/\\\/regmik.ua\\\/uk\\\/products\\\/\"},{\"@type\":\"ListItem\",\"position\":3,\"name\":\"\u041a\u043e\u043d\u0434\u0443\u043a\u0442\u043e\u043c\u0435\u0442\u0440\u0438\u0447\u0435\u0441\u043a\u0438\u0439 \u0434\u0430\u0442\u0447\u0438\u043a \u0443\u0440\u043e\u0432\u043d\u044f \u0414\u0423-004\"}]},{\"@type\":\"WebSite\",\"@id\":\"https:\\\/\\\/regmik.ua\\\/uk\\\/#website\",\"url\":\"https:\\\/\\\/regmik.ua\\\/uk\\\/\",\"name\":\"REGMIK\",\"description\":\"\u0418\u0437\u043c\u0435\u0440\u0438\u0442\u0435\u043b\u044c\u043d\u044b\u0435 \u043f\u0440\u0438\u0431\u043e\u0440\u044b \u0438 \u0434\u0430\u0442\u0447\u0438\u043a\u0438 \u0442\u0435\u043c\u043f\u0435\u0440\u0430\u0442\u0443\u0440\u044b\",\"publisher\":{\"@id\":\"https:\\\/\\\/regmik.ua\\\/uk\\\/#organization\"},\"alternateName\":\"REGMIK\",\"potentialAction\":[{\"@type\":\"SearchAction\",\"target\":{\"@type\":\"EntryPoint\",\"urlTemplate\":\"https:\\\/\\\/regmik.ua\\\/uk\\\/?s={search_term_string}\"},\"query-input\":{\"@type\":\"PropertyValueSpecification\",\"valueRequired\":true,\"valueName\":\"search_term_string\"}}],\"inLanguage\":\"cs\"},{\"@type\":\"Organization\",\"@id\":\"https:\\\/\\\/regmik.ua\\\/uk\\\/#organization\",\"name\":\"REGMIK\",\"alternateName\":\"\u0420\u0415\u0413\u041c\u0418\u041a\",\"url\":\"https:\\\/\\\/regmik.ua\\\/uk\\\/\",\"logo\":{\"@type\":\"ImageObject\",\"inLanguage\":\"cs\",\"@id\":\"https:\\\/\\\/regmik.ua\\\/uk\\\/#\\\/schema\\\/logo\\\/image\\\/\",\"url\":\"https:\\\/\\\/regmik.ua\\\/wp-content\\\/uploads\\\/2020\\\/03\\\/regmik_logo.png\",\"contentUrl\":\"https:\\\/\\\/regmik.ua\\\/wp-content\\\/uploads\\\/2020\\\/03\\\/regmik_logo.png\",\"width\":194,\"height\":45,\"caption\":\"REGMIK\"},\"image\":{\"@id\":\"https:\\\/\\\/regmik.ua\\\/uk\\\/#\\\/schema\\\/logo\\\/image\\\/\"},\"sameAs\":[\"https:\\\/\\\/www.facebook.com\\\/regmik.npf\",\"https:\\\/\\\/x.com\\\/regmiknpf\",\"https:\\\/\\\/www.youtube.com\\\/channel\\\/UC_SrY98SKAmR3Kt95GcVKcw\"]}]}<\/script>","yoast_head_json":{"title":"Konduktometrick\u00fd hladinov\u00fd senzor DU-004 \u2013 REGMIK, NVF, PP","description":"Senzory \u00farovn\u011b vodivosti DU-004 jsou ur\u010deny pro signalizaci hladin elektricky vodiv\u00fdch kapalin (voda, ml\u00e9ko, j\u00eddlo).","robots":{"index":"index","follow":"follow","max-snippet":"max-snippet:-1","max-image-preview":"max-image-preview:large","max-video-preview":"max-video-preview:-1"},"canonical":"https:\/\/regmik.ua\/cs\/produkt\/konduktometricheskij-datchik-urovnya-modifikatsiya-du-004\/","schema":{"@context":"https:\/\/schema.org","@graph":[{"@type":"WebPage","@id":"https:\/\/regmik.ua\/product\/konduktometricheskij-datchik-urovnya-modifikatsiya-du-004\/","url":"https:\/\/regmik.ua\/product\/konduktometricheskij-datchik-urovnya-modifikatsiya-du-004\/","name":"Konduktometrick\u00fd hladinov\u00fd senzor DU-004 \u2013 REGMIK, NVF, PP","isPartOf":{"@id":"https:\/\/regmik.ua\/uk\/#website"},"primaryImageOfPage":{"@id":"https:\/\/regmik.ua\/product\/konduktometricheskij-datchik-urovnya-modifikatsiya-du-004\/#primaryimage"},"image":{"@id":"https:\/\/regmik.ua\/product\/konduktometricheskij-datchik-urovnya-modifikatsiya-du-004\/#primaryimage"},"thumbnailUrl":"https:\/\/regmik.ua\/wp-content\/uploads\/2020\/06\/DU-004-.png","datePublished":"2020-06-02T08:27:06+00:00","dateModified":"2023-11-23T13:54:51+00:00","description":"Senzory \u00farovn\u011b vodivosti DU-004 jsou ur\u010deny pro signalizaci hladin elektricky vodiv\u00fdch kapalin (voda, ml\u00e9ko, j\u00eddlo).","breadcrumb":{"@id":"https:\/\/regmik.ua\/product\/konduktometricheskij-datchik-urovnya-modifikatsiya-du-004\/#breadcrumb"},"inLanguage":"cs","potentialAction":[{"@type":"ReadAction","target":["https:\/\/regmik.ua\/product\/konduktometricheskij-datchik-urovnya-modifikatsiya-du-004\/"]}]},{"@type":"ImageObject","inLanguage":"cs","@id":"https:\/\/regmik.ua\/product\/konduktometricheskij-datchik-urovnya-modifikatsiya-du-004\/#primaryimage","url":"https:\/\/regmik.ua\/wp-content\/uploads\/2020\/06\/DU-004-.png","contentUrl":"https:\/\/regmik.ua\/wp-content\/uploads\/2020\/06\/DU-004-.png","width":800,"height":1024,"caption":"\u041a\u043e\u043d\u0434\u0443\u043a\u0442\u043e\u043c\u0435\u0442\u0440\u0438\u0447\u0435\u0441\u043a\u0438\u0439 \u0434\u0430\u0442\u0447\u0438\u043a \u0443\u0440\u043e\u0432\u043d\u044f \u0414\u0423-004"},{"@type":"BreadcrumbList","@id":"https:\/\/regmik.ua\/product\/konduktometricheskij-datchik-urovnya-modifikatsiya-du-004\/#breadcrumb","itemListElement":[{"@type":"ListItem","position":1,"name":"\u0413\u043b\u0430\u0432\u043d\u0430\u044f \u0441\u0442\u0440\u0430\u043d\u0438\u0446\u0430","item":"https:\/\/regmik.ua\/"},{"@type":"ListItem","position":2,"name":"\u041f\u0440\u043e\u0434\u0443\u043a\u0446\u0438\u044f","item":"https:\/\/regmik.ua\/uk\/products\/"},{"@type":"ListItem","position":3,"name":"\u041a\u043e\u043d\u0434\u0443\u043a\u0442\u043e\u043c\u0435\u0442\u0440\u0438\u0447\u0435\u0441\u043a\u0438\u0439 \u0434\u0430\u0442\u0447\u0438\u043a \u0443\u0440\u043e\u0432\u043d\u044f \u0414\u0423-004"}]},{"@type":"WebSite","@id":"https:\/\/regmik.ua\/uk\/#website","url":"https:\/\/regmik.ua\/uk\/","name":"REGMIK","description":"M\u011b\u0159ic\u00ed p\u0159\u00edstroje a sn\u00edma\u010de teploty","publisher":{"@id":"https:\/\/regmik.ua\/uk\/#organization"},"alternateName":"REGMIK","potentialAction":[{"@type":"SearchAction","target":{"@type":"EntryPoint","urlTemplate":"https:\/\/regmik.ua\/uk\/?s={search_term_string}"},"query-input":{"@type":"PropertyValueSpecification","valueRequired":true,"valueName":"search_term_string"}}],"inLanguage":"cs"},{"@type":"Organization","@id":"https:\/\/regmik.ua\/uk\/#organization","name":"REGMIK","alternateName":"\u0420\u0415\u0413\u041c\u0418\u041a","url":"https:\/\/regmik.ua\/uk\/","logo":{"@type":"ImageObject","inLanguage":"cs","@id":"https:\/\/regmik.ua\/uk\/#\/schema\/logo\/image\/","url":"https:\/\/regmik.ua\/wp-content\/uploads\/2020\/03\/regmik_logo.png","contentUrl":"https:\/\/regmik.ua\/wp-content\/uploads\/2020\/03\/regmik_logo.png","width":194,"height":45,"caption":"REGMIK"},"image":{"@id":"https:\/\/regmik.ua\/uk\/#\/schema\/logo\/image\/"},"sameAs":["https:\/\/www.facebook.com\/regmik.npf","https:\/\/x.com\/regmiknpf","https:\/\/www.youtube.com\/channel\/UC_SrY98SKAmR3Kt95GcVKcw"]}]}},"_links":{"self":[{"href":"https:\/\/regmik.ua\/cs\/wp-json\/wp\/v2\/product\/20726","targetHints":{"allow":["GET"]}}],"collection":[{"href":"https:\/\/regmik.ua\/cs\/wp-json\/wp\/v2\/product"}],"about":[{"href":"https:\/\/regmik.ua\/cs\/wp-json\/wp\/v2\/types\/product"}],"replies":[{"embeddable":true,"href":"https:\/\/regmik.ua\/cs\/wp-json\/wp\/v2\/comments?post=20726"}],"version-history":[{"count":0,"href":"https:\/\/regmik.ua\/cs\/wp-json\/wp\/v2\/product\/20726\/revisions"}],"wp:featuredmedia":[{"embeddable":true,"href":"https:\/\/regmik.ua\/cs\/wp-json\/wp\/v2\/media\/20734"}],"wp:attachment":[{"href":"https:\/\/regmik.ua\/cs\/wp-json\/wp\/v2\/media?parent=20726"}],"wp:term":[{"taxonomy":"product_brand","embeddable":true,"href":"https:\/\/regmik.ua\/cs\/wp-json\/wp\/v2\/product_brand?post=20726"},{"taxonomy":"product_cat","embeddable":true,"href":"https:\/\/regmik.ua\/cs\/wp-json\/wp\/v2\/product_cat?post=20726"},{"taxonomy":"product_tag","embeddable":true,"href":"https:\/\/regmik.ua\/cs\/wp-json\/wp\/v2\/product_tag?post=20726"}],"curies":[{"name":"wp","href":"https:\/\/api.w.org\/{rel}","templated":true}]}}