{"id":20652,"date":"2020-03-25T13:35:23","date_gmt":"2020-03-25T11:35:23","guid":{"rendered":"https:\/\/regmik.com.ua\/?post_type=product&#038;p=20652"},"modified":"2026-02-16T10:15:15","modified_gmt":"2026-02-16T08:15:15","slug":"regulyator-temperatury-rp2-06c","status":"publish","type":"product","link":"https:\/\/regmik.ua\/cs\/product\/regulyator-temperatury-rp2-06c\/","title":{"rendered":"Regul\u00e1tor teploty RP2-06C"},"content":{"rendered":"<p>Regul\u00e1tor teploty RP2-06C lze pou\u017e\u00edt k \u0159\u00edzen\u00ed v\u00fdkonu r\u016fzn\u00fdch technologick\u00fdch proces\u016f v pr\u016fmyslu, zem\u011bd\u011blstv\u00ed a ve\u0159ejn\u00fdch slu\u017eb\u00e1ch.<\/p>\n<p>Regul\u00e1tor teploty RP2-06C je ur\u010den pro p\u0159\u00edjem a p\u0159evod sign\u00e1l\u016f z <a href=\"https:\/\/regmik.ua\/product-category\/sensors\/temperature-sensors\/\">odporov\u00e9 termo\u010dl\u00e1nky<\/a> (TSM 50M), do hodnot teploty p\u0159\u00edm\u00e9 a vratn\u00e9 vody a jejich zobrazen\u00ed na vestav\u011bn\u00e9m digit\u00e1ln\u00edm ukazateli se sou\u010dasnou regulac\u00ed teploty objektu podle <a href=\"https:\/\/ru.wikipedia.org\/wiki\/%D0%9F%D0%98%D0%94-%D1%80%D0%B5%D0%B3%D1%83%D0%BB%D1%8F%D1%82%D0%BE%D1%80\">Z\u00e1kon PID.<\/a><\/p>\n<p lang=\"ru-RU\">Regul\u00e1tor teploty RP2-06C automaticky ovl\u00e1d\u00e1 stav senzor\u016f, zji\u0161t\u011bn\u00ed nam\u011b\u0159en\u00fdch hodnot ve specifikovan\u00e9m rozsahu m\u011b\u0159en\u00ed, spr\u00e1vnost zad\u00e1n\u00ed parametr\u016f a kalibraci za\u0159\u00edzen\u00ed. Podle v\u00fdsledk\u016f kontroly je generov\u00e1n sign\u00e1l \u201eChyba\u201c.<\/p>\n<p lang=\"ru-RU\">Tepeln\u00e9 p\u0159evodn\u00edky (teplotn\u00ed senzory TSM, TSP, THA, THK, TJK, teplom\u011bry, RTD, termo\u010dl\u00e1nky, Pt100, Pt500, Pt1000) jsou ur\u010deny k m\u011b\u0159en\u00ed teploty prost\u0159ed\u00ed, kapaln\u00fdch, plynn\u00fdch a sypk\u00fdch chemicky neagresivn\u00edch m\u00e9di\u00ed, jako\u017e i povrch\u016f pevn\u00fdch l\u00e1tek v r\u016fzn\u00fdch pr\u016fmyslov\u00fdch odv\u011btv\u00edch pr\u016fmysl.<\/p>\n<p lang=\"ru-RU\">Klasifikace teplotn\u00edch senzor\u016f REGMIK podle typu m\u011b\u0159ic\u00edho (sn\u00edmac\u00edho) prvku:<\/p>\n<ul>\n<li>odporov\u00e9 termo\u010dl\u00e1nky (teplom\u011bry) - TSM, TSP;<\/li>\n<li>termoelektrick\u00e9 termo\u010dl\u00e1nky (termo\u010dl\u00e1nky) - THA, THK, TJK;<\/li>\n<li>polovodi\u010dov\u00e9 p\u0159evodn\u00edky - TP.<\/li>\n<\/ul>\n<p lang=\"ru-RU\">Teplota je nejb\u011b\u017en\u011bj\u0161\u00edm m\u011b\u0159en\u00fdm parametrem a p\u0159eh\u0159\u00e1t\u00ed je jedn\u00edm z nejv\u00edce negativn\u00edch faktor\u016f p\u0159i provozu za\u0159\u00edzen\u00ed, proto existuje obrovsk\u00e9 mno\u017estv\u00ed zp\u016fsob\u016f a m\u00edst pou\u017eit\u00ed teplotn\u00edch \u010didel.<\/p>\n<h4>Regul\u00e1tor teploty RP2-06S umo\u017e\u0148uje prov\u00e1d\u011bt n\u00e1sleduj\u00edc\u00ed funkce:<\/h4>\n<ul>\n<li>m\u011b\u0159en\u00ed teploty objektu dv\u011bma kan\u00e1ly;<\/li>\n<li>zobrazen\u00ed na vestav\u011bn\u00e9m LED digit\u00e1ln\u00edm indik\u00e1toru aktu\u00e1ln\u00ed hodnoty teploty v jednom kan\u00e1lu;<\/li>\n<li>regulace teploty p\u0159\u00edm\u00e9 vody podle dvoupolohov\u00e9ho nebo PID z\u00e1kona;<\/li>\n<li>ovl\u00e1d\u00e1n\u00ed p\u0159\u00eddavn\u00fdch za\u0159\u00edzen\u00ed (zejm\u00e9na recirkula\u010dn\u00edho \u010derpadla);<\/li>\n<li>vytvo\u0159en\u00ed sign\u00e1lu \u201eAlarm\u201c p\u0159i p\u0159ekro\u010den\u00ed nastaven\u00e9 hodnoty teploty alarmu;<\/li>\n<li>tvorba sign\u00e1l\u016f \u201eNouzov\u00e1 1\u201c a \u201eNouzov\u00e1 2\u201c p\u0159i sepnut\u00e9m extern\u00edm ovl\u00e1dac\u00edm kontaktu;<\/li>\n<li>mo\u017enost slou\u010den\u00ed regul\u00e1tor\u016f do jedn\u00e9 s\u00edt\u011b pro kask\u00e1dovou regulaci;<\/li>\n<li>generov\u00e1n\u00ed sign\u00e1lu \u201eChyba\u201c;<\/li>\n<li>programov\u00e1 zm\u011bna parametr\u016f transforma\u010dn\u00edch charakteristik.<\/li>\n<\/ul>\n<h4>\u00dapravy v\u00fdroby regul\u00e1toru teploty RP2-06C:<\/h4>\n<p>- verze deskov\u00e9 desky;<\/p>\n<p>- nap\u00e1jen\u00ed ze st\u0159\u00eddav\u00e9ho nap\u011bt\u00ed 220 V;<\/p>\n<p>- typy vstupn\u00edch sign\u00e1l\u016f odporov\u00fdch tepeln\u00fdch m\u011bni\u010d\u016f (RT).<\/p>","protected":false},"excerpt":{"rendered":"<p>Za\u0159\u00edzen\u00ed je navr\u017eeno pro p\u0159\u00edjem a p\u0159evod sign\u00e1l\u016f z odporov\u00fdch termo\u010dl\u00e1nk\u016f na hodnoty teploty p\u0159\u00edm\u00e9 a vratn\u00e9 vody a jejich zobrazov\u00e1n\u00ed na vestav\u011bn\u00e9m digit\u00e1ln\u00edm indik\u00e1toru se sou\u010dasnou regulac\u00ed teploty objektu podle z\u00e1kona PID.<\/p>","protected":false},"featured_media":20653,"comment_status":"open","ping_status":"closed","template":"","meta":[],"product_brand":[],"product_cat":[37,39],"product_tag":[43,3235],"class_list":{"0":"post-20652","1":"product","2":"type-product","3":"status-publish","4":"has-post-thumbnail","6":"product_cat-devices","7":"product_cat-regulators","8":"product_tag-regulyator","9":"product_tag-rp2-06s","12":"instock","13":"shipping-taxable","14":"purchasable","15":"product-type-simple"},"yoast_head":"<title>\u0420\u0435\u0433\u0443\u043b\u044f\u0442\u043e\u0440 \u0442\u0435\u043c\u043f\u0435\u0440\u0430\u0442\u0443\u0440\u044b \u0420\u041f2-06C &#8211; \u0420\u0415\u0413\u041c\u0406\u041a, \u041d\u0412\u0424, \u041f\u041f (\u0418\u0437\u0433\u043e\u0442\u043e\u0432\u043b\u0435\u043d\u043e \u0412 \u0423\u043a\u0440\u0430\u0438\u043d\u0435)<\/title>\n<meta name=\"description\" content=\"\u0420\u0435\u0433\u0443\u043b\u044f\u0442\u043e\u0440\u044b \u0442\u0435\u043c\u043f\u0435\u0440\u0430\u0442\u0443\u0440\u044b \u0420\u041f2-06\u0421\u00a0\u043f\u0440\u0435\u0434\u043d\u0430\u0437\u043d\u0430\u0447\u0435\u043d \u0434\u043b\u044f \u043a\u043e\u043d\u0442\u0440\u043e\u043b\u044f \u0432\u044b\u043f\u043e\u043b\u043d\u0435\u043d\u0438\u044f \u0440\u0430\u0437\u043b\u0438\u0447\u043d\u044b\u0445 \u0442\u0435\u0445\u043d\u043e\u043b\u043e\u0433\u0438\u0447\u0435\u0441\u043a\u0438\u0445 \u043f\u0440\u043e\u0446\u0435\u0441\u0441\u043e\u0432 \u0432 \u043f\u0440\u043e\u043c\u044b\u0448\u043b\u0435\u043d\u043d\u043e\u0441\u0442\u0438.\" \/>\n<meta name=\"robots\" content=\"index, follow, max-snippet:-1, max-image-preview:large, max-video-preview:-1\" \/>\n<link rel=\"canonical\" href=\"https:\/\/regmik.ua\/cs\/produkt\/regulyator-temperatury-rp2-06c\/\" \/>\n<script type=\"application\/ld+json\" class=\"yoast-schema-graph\">{\"@context\":\"https:\\\/\\\/schema.org\",\"@graph\":[{\"@type\":\"WebPage\",\"@id\":\"https:\\\/\\\/regmik.ua\\\/product\\\/regulyator-temperatury-rp2-06c\\\/\",\"url\":\"https:\\\/\\\/regmik.ua\\\/product\\\/regulyator-temperatury-rp2-06c\\\/\",\"name\":\"\u0420\u0435\u0433\u0443\u043b\u044f\u0442\u043e\u0440 \u0442\u0435\u043c\u043f\u0435\u0440\u0430\u0442\u0443\u0440\u044b \u0420\u041f2-06C &#8211; \u0420\u0415\u0413\u041c\u0406\u041a, \u041d\u0412\u0424, \u041f\u041f (\u0418\u0437\u0433\u043e\u0442\u043e\u0432\u043b\u0435\u043d\u043e \u0412 \u0423\u043a\u0440\u0430\u0438\u043d\u0435)\",\"isPartOf\":{\"@id\":\"https:\\\/\\\/regmik.ua\\\/uk\\\/#website\"},\"primaryImageOfPage\":{\"@id\":\"https:\\\/\\\/regmik.ua\\\/product\\\/regulyator-temperatury-rp2-06c\\\/#primaryimage\"},\"image\":{\"@id\":\"https:\\\/\\\/regmik.ua\\\/product\\\/regulyator-temperatury-rp2-06c\\\/#primaryimage\"},\"thumbnailUrl\":\"https:\\\/\\\/regmik.ua\\\/wp-content\\\/uploads\\\/2020\\\/03\\\/Regulyator-temperaturi-RP2-06S.png\",\"datePublished\":\"2020-03-25T11:35:23+00:00\",\"dateModified\":\"2026-02-16T08:15:15+00:00\",\"description\":\"\u0420\u0435\u0433\u0443\u043b\u044f\u0442\u043e\u0440\u044b \u0442\u0435\u043c\u043f\u0435\u0440\u0430\u0442\u0443\u0440\u044b \u0420\u041f2-06\u0421\u00a0\u043f\u0440\u0435\u0434\u043d\u0430\u0437\u043d\u0430\u0447\u0435\u043d \u0434\u043b\u044f \u043a\u043e\u043d\u0442\u0440\u043e\u043b\u044f \u0432\u044b\u043f\u043e\u043b\u043d\u0435\u043d\u0438\u044f \u0440\u0430\u0437\u043b\u0438\u0447\u043d\u044b\u0445 \u0442\u0435\u0445\u043d\u043e\u043b\u043e\u0433\u0438\u0447\u0435\u0441\u043a\u0438\u0445 \u043f\u0440\u043e\u0446\u0435\u0441\u0441\u043e\u0432 \u0432 \u043f\u0440\u043e\u043c\u044b\u0448\u043b\u0435\u043d\u043d\u043e\u0441\u0442\u0438.\",\"breadcrumb\":{\"@id\":\"https:\\\/\\\/regmik.ua\\\/product\\\/regulyator-temperatury-rp2-06c\\\/#breadcrumb\"},\"inLanguage\":\"cs\",\"potentialAction\":[{\"@type\":\"ReadAction\",\"target\":[\"https:\\\/\\\/regmik.ua\\\/product\\\/regulyator-temperatury-rp2-06c\\\/\"]}]},{\"@type\":\"ImageObject\",\"inLanguage\":\"cs\",\"@id\":\"https:\\\/\\\/regmik.ua\\\/product\\\/regulyator-temperatury-rp2-06c\\\/#primaryimage\",\"url\":\"https:\\\/\\\/regmik.ua\\\/wp-content\\\/uploads\\\/2020\\\/03\\\/Regulyator-temperaturi-RP2-06S.png\",\"contentUrl\":\"https:\\\/\\\/regmik.ua\\\/wp-content\\\/uploads\\\/2020\\\/03\\\/Regulyator-temperaturi-RP2-06S.png\",\"width\":313,\"height\":400,\"caption\":\"\u0420\u0435\u0433\u0443\u043b\u044f\u0442\u043e\u0440 \u0442\u0435\u043c\u043f\u0435\u0440\u0430\u0442\u0443\u0440\u044b \u0420\u041f2-06C\"},{\"@type\":\"BreadcrumbList\",\"@id\":\"https:\\\/\\\/regmik.ua\\\/product\\\/regulyator-temperatury-rp2-06c\\\/#breadcrumb\",\"itemListElement\":[{\"@type\":\"ListItem\",\"position\":1,\"name\":\"\u0413\u043b\u0430\u0432\u043d\u0430\u044f \u0441\u0442\u0440\u0430\u043d\u0438\u0446\u0430\",\"item\":\"https:\\\/\\\/regmik.ua\\\/\"},{\"@type\":\"ListItem\",\"position\":2,\"name\":\"\u041f\u0440\u043e\u0434\u0443\u043a\u0446\u0438\u044f\",\"item\":\"https:\\\/\\\/regmik.ua\\\/uk\\\/products\\\/\"},{\"@type\":\"ListItem\",\"position\":3,\"name\":\"\u0420\u0435\u0433\u0443\u043b\u044f\u0442\u043e\u0440 \u0442\u0435\u043c\u043f\u0435\u0440\u0430\u0442\u0443\u0440\u044b \u0420\u041f2-06C\"}]},{\"@type\":\"WebSite\",\"@id\":\"https:\\\/\\\/regmik.ua\\\/uk\\\/#website\",\"url\":\"https:\\\/\\\/regmik.ua\\\/uk\\\/\",\"name\":\"REGMIK\",\"description\":\"\u0418\u0437\u043c\u0435\u0440\u0438\u0442\u0435\u043b\u044c\u043d\u044b\u0435 \u043f\u0440\u0438\u0431\u043e\u0440\u044b \u0438 \u0434\u0430\u0442\u0447\u0438\u043a\u0438 \u0442\u0435\u043c\u043f\u0435\u0440\u0430\u0442\u0443\u0440\u044b\",\"publisher\":{\"@id\":\"https:\\\/\\\/regmik.ua\\\/uk\\\/#organization\"},\"alternateName\":\"REGMIK\",\"potentialAction\":[{\"@type\":\"SearchAction\",\"target\":{\"@type\":\"EntryPoint\",\"urlTemplate\":\"https:\\\/\\\/regmik.ua\\\/uk\\\/?s={search_term_string}\"},\"query-input\":{\"@type\":\"PropertyValueSpecification\",\"valueRequired\":true,\"valueName\":\"search_term_string\"}}],\"inLanguage\":\"cs\"},{\"@type\":\"Organization\",\"@id\":\"https:\\\/\\\/regmik.ua\\\/uk\\\/#organization\",\"name\":\"REGMIK\",\"alternateName\":\"\u0420\u0415\u0413\u041c\u0418\u041a\",\"url\":\"https:\\\/\\\/regmik.ua\\\/uk\\\/\",\"logo\":{\"@type\":\"ImageObject\",\"inLanguage\":\"cs\",\"@id\":\"https:\\\/\\\/regmik.ua\\\/uk\\\/#\\\/schema\\\/logo\\\/image\\\/\",\"url\":\"https:\\\/\\\/regmik.ua\\\/wp-content\\\/uploads\\\/2020\\\/03\\\/regmik_logo.png\",\"contentUrl\":\"https:\\\/\\\/regmik.ua\\\/wp-content\\\/uploads\\\/2020\\\/03\\\/regmik_logo.png\",\"width\":194,\"height\":45,\"caption\":\"REGMIK\"},\"image\":{\"@id\":\"https:\\\/\\\/regmik.ua\\\/uk\\\/#\\\/schema\\\/logo\\\/image\\\/\"},\"sameAs\":[\"https:\\\/\\\/www.facebook.com\\\/regmik.npf\",\"https:\\\/\\\/x.com\\\/regmiknpf\",\"https:\\\/\\\/www.youtube.com\\\/channel\\\/UC_SrY98SKAmR3Kt95GcVKcw\"]}]}<\/script>","yoast_head_json":{"title":"Regul\u00e1tor teploty RP2-06C \u2013 REGMIK, NVF, PP (Vyrobeno na Ukrajin\u011b)","description":"Regul\u00e1tory teploty RP2-06S jsou ur\u010deny k \u0159\u00edzen\u00ed v\u00fdkonu r\u016fzn\u00fdch technologick\u00fdch proces\u016f v pr\u016fmyslu.","robots":{"index":"index","follow":"follow","max-snippet":"max-snippet:-1","max-image-preview":"max-image-preview:large","max-video-preview":"max-video-preview:-1"},"canonical":"https:\/\/regmik.ua\/cs\/produkt\/regulyator-temperatury-rp2-06c\/","schema":{"@context":"https:\/\/schema.org","@graph":[{"@type":"WebPage","@id":"https:\/\/regmik.ua\/product\/regulyator-temperatury-rp2-06c\/","url":"https:\/\/regmik.ua\/product\/regulyator-temperatury-rp2-06c\/","name":"Regul\u00e1tor teploty RP2-06C \u2013 REGMIK, NVF, PP (Vyrobeno na Ukrajin\u011b)","isPartOf":{"@id":"https:\/\/regmik.ua\/uk\/#website"},"primaryImageOfPage":{"@id":"https:\/\/regmik.ua\/product\/regulyator-temperatury-rp2-06c\/#primaryimage"},"image":{"@id":"https:\/\/regmik.ua\/product\/regulyator-temperatury-rp2-06c\/#primaryimage"},"thumbnailUrl":"https:\/\/regmik.ua\/wp-content\/uploads\/2020\/03\/Regulyator-temperaturi-RP2-06S.png","datePublished":"2020-03-25T11:35:23+00:00","dateModified":"2026-02-16T08:15:15+00:00","description":"Regul\u00e1tory teploty RP2-06S jsou ur\u010deny k \u0159\u00edzen\u00ed v\u00fdkonu r\u016fzn\u00fdch technologick\u00fdch proces\u016f v pr\u016fmyslu.","breadcrumb":{"@id":"https:\/\/regmik.ua\/product\/regulyator-temperatury-rp2-06c\/#breadcrumb"},"inLanguage":"cs","potentialAction":[{"@type":"ReadAction","target":["https:\/\/regmik.ua\/product\/regulyator-temperatury-rp2-06c\/"]}]},{"@type":"ImageObject","inLanguage":"cs","@id":"https:\/\/regmik.ua\/product\/regulyator-temperatury-rp2-06c\/#primaryimage","url":"https:\/\/regmik.ua\/wp-content\/uploads\/2020\/03\/Regulyator-temperaturi-RP2-06S.png","contentUrl":"https:\/\/regmik.ua\/wp-content\/uploads\/2020\/03\/Regulyator-temperaturi-RP2-06S.png","width":313,"height":400,"caption":"\u0420\u0435\u0433\u0443\u043b\u044f\u0442\u043e\u0440 \u0442\u0435\u043c\u043f\u0435\u0440\u0430\u0442\u0443\u0440\u044b \u0420\u041f2-06C"},{"@type":"BreadcrumbList","@id":"https:\/\/regmik.ua\/product\/regulyator-temperatury-rp2-06c\/#breadcrumb","itemListElement":[{"@type":"ListItem","position":1,"name":"\u0413\u043b\u0430\u0432\u043d\u0430\u044f \u0441\u0442\u0440\u0430\u043d\u0438\u0446\u0430","item":"https:\/\/regmik.ua\/"},{"@type":"ListItem","position":2,"name":"\u041f\u0440\u043e\u0434\u0443\u043a\u0446\u0438\u044f","item":"https:\/\/regmik.ua\/uk\/products\/"},{"@type":"ListItem","position":3,"name":"\u0420\u0435\u0433\u0443\u043b\u044f\u0442\u043e\u0440 \u0442\u0435\u043c\u043f\u0435\u0440\u0430\u0442\u0443\u0440\u044b \u0420\u041f2-06C"}]},{"@type":"WebSite","@id":"https:\/\/regmik.ua\/uk\/#website","url":"https:\/\/regmik.ua\/uk\/","name":"REGMIK","description":"M\u011b\u0159ic\u00ed p\u0159\u00edstroje a sn\u00edma\u010de teploty","publisher":{"@id":"https:\/\/regmik.ua\/uk\/#organization"},"alternateName":"REGMIK","potentialAction":[{"@type":"SearchAction","target":{"@type":"EntryPoint","urlTemplate":"https:\/\/regmik.ua\/uk\/?s={search_term_string}"},"query-input":{"@type":"PropertyValueSpecification","valueRequired":true,"valueName":"search_term_string"}}],"inLanguage":"cs"},{"@type":"Organization","@id":"https:\/\/regmik.ua\/uk\/#organization","name":"REGMIK","alternateName":"\u0420\u0415\u0413\u041c\u0418\u041a","url":"https:\/\/regmik.ua\/uk\/","logo":{"@type":"ImageObject","inLanguage":"cs","@id":"https:\/\/regmik.ua\/uk\/#\/schema\/logo\/image\/","url":"https:\/\/regmik.ua\/wp-content\/uploads\/2020\/03\/regmik_logo.png","contentUrl":"https:\/\/regmik.ua\/wp-content\/uploads\/2020\/03\/regmik_logo.png","width":194,"height":45,"caption":"REGMIK"},"image":{"@id":"https:\/\/regmik.ua\/uk\/#\/schema\/logo\/image\/"},"sameAs":["https:\/\/www.facebook.com\/regmik.npf","https:\/\/x.com\/regmiknpf","https:\/\/www.youtube.com\/channel\/UC_SrY98SKAmR3Kt95GcVKcw"]}]}},"_links":{"self":[{"href":"https:\/\/regmik.ua\/cs\/wp-json\/wp\/v2\/product\/20652","targetHints":{"allow":["GET"]}}],"collection":[{"href":"https:\/\/regmik.ua\/cs\/wp-json\/wp\/v2\/product"}],"about":[{"href":"https:\/\/regmik.ua\/cs\/wp-json\/wp\/v2\/types\/product"}],"replies":[{"embeddable":true,"href":"https:\/\/regmik.ua\/cs\/wp-json\/wp\/v2\/comments?post=20652"}],"version-history":[{"count":1,"href":"https:\/\/regmik.ua\/cs\/wp-json\/wp\/v2\/product\/20652\/revisions"}],"predecessor-version":[{"id":29591,"href":"https:\/\/regmik.ua\/cs\/wp-json\/wp\/v2\/product\/20652\/revisions\/29591"}],"wp:featuredmedia":[{"embeddable":true,"href":"https:\/\/regmik.ua\/cs\/wp-json\/wp\/v2\/media\/20653"}],"wp:attachment":[{"href":"https:\/\/regmik.ua\/cs\/wp-json\/wp\/v2\/media?parent=20652"}],"wp:term":[{"taxonomy":"product_brand","embeddable":true,"href":"https:\/\/regmik.ua\/cs\/wp-json\/wp\/v2\/product_brand?post=20652"},{"taxonomy":"product_cat","embeddable":true,"href":"https:\/\/regmik.ua\/cs\/wp-json\/wp\/v2\/product_cat?post=20652"},{"taxonomy":"product_tag","embeddable":true,"href":"https:\/\/regmik.ua\/cs\/wp-json\/wp\/v2\/product_tag?post=20652"}],"curies":[{"name":"wp","href":"https:\/\/api.w.org\/{rel}","templated":true}]}}