{"id":20650,"date":"2020-03-25T12:06:49","date_gmt":"2020-03-25T10:06:49","guid":{"rendered":"https:\/\/regmik.com.ua\/?post_type=product&#038;p=20650"},"modified":"2025-06-17T09:44:48","modified_gmt":"2025-06-17T07:44:48","slug":"regulyator-dvuhpozitsionnyj-dvuhkanalnyj-rd2-03","status":"publish","type":"product","link":"https:\/\/regmik.ua\/cs\/product\/regulyator-dvuhpozitsionnyj-dvuhkanalnyj-rd2-03\/","title":{"rendered":"Regul\u00e1tor olepova\u010dky hran RD2-03"},"content":{"rendered":"<h3>Jmenov\u00e1n\u00ed<\/h3>\n<p>Regul\u00e1tor olepovac\u00edho stroje RD2-03 je navr\u017een pro p\u0159\u00edjem a p\u0159evod sign\u00e1l\u016f z teplotn\u00edch \u010didel (odporov\u00e9 termo\u010dl\u00e1nky - TC) na hodnoty teploty a jejich zobrazen\u00ed na vestav\u011bn\u00e9m digit\u00e1ln\u00edm indik\u00e1toru se sou\u010dasnou regulac\u00ed teploty p\u0159edm\u011bt\u016f podle dvoupolohov\u00e9ho z\u00e1kona. Regul\u00e1tor teploty m\u00e1 dva vstupy pro p\u0159ipojen\u00ed teplotn\u00edch \u010didel a t\u0159i v\u00fdstupn\u00ed sp\u00ednac\u00ed za\u0159\u00edzen\u00ed. Regul\u00e1tor RD2-03 se pou\u017e\u00edv\u00e1 jako regul\u00e1tor pro \u0159\u00edzen\u00ed a automatizaci <a href=\"https:\/\/z-group.com.ua\/kromkooblicovochnyj-stanok-r-15-z-group-g84317\">olepova\u010dky hran<\/a> a dal\u0161\u00ed pr\u016fmyslov\u00e1 za\u0159\u00edzen\u00ed.<\/p>\n<p>Regul\u00e1tor RD2-03 automaticky \u0159\u00edd\u00ed stav sn\u00edma\u010de teploty na vstupu, p\u0159\u00edtomnost m\u011b\u0159en\u00e9 teploty ve specifikovan\u00e9m rozsahu m\u011b\u0159en\u00ed, spr\u00e1vnost vstupu parametr\u016f a kalibraci za\u0159\u00edzen\u00ed. Na z\u00e1klad\u011b v\u00fdsledk\u016f monitorov\u00e1n\u00ed jsou generov\u00e1ny \u0159\u00eddic\u00ed sign\u00e1ly a tak\u00e9 sign\u00e1l \u201eChyba\u201c, pokud dojde k poru\u0161e v provozu za\u0159\u00edzen\u00ed.<\/p>\n<p>Regul\u00e1tor m\u016f\u017ee ovl\u00e1dat dva nez\u00e1visl\u00e9 topn\u00e9 prvky olepova\u010de hran (h\u0159\u00eddel a miska), aby udr\u017eoval konstantn\u00ed teplotu tavn\u00e9ho lepidla na h\u0159\u00eddeli aplik\u00e1toru, co\u017e zaji\u0161\u0165uje lep\u0161\u00ed p\u0159ilnavost hrany k d\u0159evot\u0159\u00edskov\u00e9 desce.<\/p>\n<h3>Regul\u00e1tor RD2-03. Obecn\u00e9 funkce a provozn\u00ed re\u017eimy<\/h3>\n<ul>\n<li>m\u011b\u0159en\u00ed teploty r\u016fzn\u00fdch objekt\u016f ve dvou kan\u00e1lech pomoc\u00ed standardu <a href=\"https:\/\/regmik.ua\/product-category\/sensors\/\">odporov\u00e9 termo\u010dl\u00e1nky<\/a>;<\/li>\n<li>t\u0159\u00edda p\u0159esnosti p\u0159\u00edstroje - 0,5;<\/li>\n<li>p\u0159esnost nastaven\u00ed teploty - 0,1 \u00b0 C;<\/li>\n<li>rozli\u0161en\u00ed zobrazen\u00ed m\u011b\u0159en\u00e9 teploty - 0,1 \u00b0 C;<\/li>\n<li>zobrazen\u00ed na vestav\u011bn\u00e9m LED digit\u00e1ln\u00edm indik\u00e1toru aktu\u00e1ln\u00ed hodnoty teploty v jednom z kan\u00e1l\u016f;<\/li>\n<li>regulace teploty objekt\u016f podle dvoupolohov\u00e9ho z\u00e1kona ve dvou kan\u00e1lech;<\/li>\n<li>regulace teploty objektu podle t\u0159\u00edpolohov\u00e9ho z\u00e1kona v jednom kan\u00e1lu;<\/li>\n<li>ukon\u010den\u00ed kontroly v\u00fdkonn\u00fdch za\u0159\u00edzen\u00ed po \u010dase stanoven\u00e9m softwarem;<\/li>\n<li>\u00a0Regul\u00e1tor RD2-03 m\u016f\u017ee pracovat v re\u017eimu pulzn\u00edho regul\u00e1toru (se schopnost\u00ed nastavit dobu a dobu trv\u00e1n\u00ed impulz\u016f);<\/li>\n<li>p\u0159\u00eddavn\u00fd v\u00fdstup, kter\u00fd lze pou\u017e\u00edt pro alarm nebo sign\u00e1l povolen\u00ed pr\u00e1ce;<\/li>\n<li>diskr\u00e9tn\u00ed vstup pro p\u0159epnut\u00ed z provozn\u00edho re\u017eimu do pohotovostn\u00edho re\u017eimu (p\u0159epnut\u00ed regul\u00e1tor\u016f 1. a 2. kan\u00e1lu na nastavenou hodnotu 3. kan\u00e1lu);<\/li>\n<li>v\u00fdm\u011bna dat s osobn\u00edm po\u010d\u00edta\u010dem p\u0159es rozhran\u00ed RS-485 pomoc\u00ed standardn\u00edho protokolu Modbus RTU;<\/li>\n<li>generov\u00e1n\u00ed sign\u00e1lu \u201eChyba\u201c;<\/li>\n<li>programovan\u00e1 zm\u011bna parametr\u016f p\u0159evodn\u00ed charakteristiky regul\u00e1toru RD-03;<\/li>\n<li>maxim\u00e1ln\u00ed sp\u00ednan\u00fd zat\u011b\u017eovac\u00ed proud - 8A;<\/li>\n<li>nap\u00e1jec\u00ed nap\u011bt\u00ed regul\u00e1toru RD2-03 - 220VAC;<\/li>\n<li>z\u00e1ru\u010dn\u00ed doba provozu (z\u00e1ruka se nevztahuje na sp\u00ednac\u00ed za\u0159\u00edzen\u00ed) - 36 m\u011bs\u00edc\u016f.<\/li>\n<\/ul>\n<p>Regul\u00e1tor olepova\u010dky hran RD2-03 zaji\u0161\u0165uje vysokou p\u0159esnost udr\u017eov\u00e1n\u00ed teploty lepidla.<\/p>","protected":false},"excerpt":{"rendered":"<p>Regul\u00e1tor RD2-03 pro \u0159\u00edzen\u00ed a automatizaci olepova\u010dek hran m\u011b\u0159\u00ed, \u0159\u00edd\u00ed a reguluje teplotu nebo jin\u00e9 fyzik\u00e1ln\u00ed veli\u010diny pomoc\u00ed standardn\u00edch senzor\u016f ve dvou kan\u00e1lech.<\/p>","protected":false},"featured_media":20649,"comment_status":"open","ping_status":"closed","template":"","meta":[],"product_brand":[],"product_cat":[37,39,628],"product_tag":[80,43],"class_list":{"0":"post-20650","1":"product","2":"type-product","3":"status-publish","4":"has-post-thumbnail","6":"product_cat-devices","7":"product_cat-regulators","8":"product_cat-regulyatoryi-spetsialnogo-naznacheniya","9":"product_tag-rd2","10":"product_tag-regulyator","11":"pa_number-of-inputs-244","12":"pa_power-supply-ipi","15":"instock","16":"shipping-taxable","17":"purchasable","18":"product-type-simple"},"yoast_head":"<title>\u0420\u0435\u0433\u0443\u043b\u044f\u0442\u043e\u0440 \u043a\u0440\u043e\u043c\u043a\u043e\u043e\u0431\u043b\u0438\u0446\u043e\u0432\u043e\u0447\u043d\u043e\u0433\u043e \u0441\u0442\u0430\u043d\u043a\u0430 \u0420\u04142-03 &#8211; \u0420\u0415\u0413\u041c\u0418\u041a<\/title>\n<meta name=\"description\" content=\"\u0420\u0435\u0433\u0443\u043b\u044f\u0442\u043e\u0440 \u043a\u0440\u043e\u043c\u043a\u043e\u043e\u0431\u043b\u0438\u0446\u043e\u0432\u043e\u0447\u043d\u043e\u0433\u043e \u0441\u0442\u0430\u043d\u043a\u0430 \u0420\u04142-03 \u0438\u043c\u0435\u0435\u0442 \u0432\u0432\u0430 \u0432\u0445\u043e\u0434\u0430 \u0434\u043b\u044f \u043f\u043e\u0434\u043a\u043b\u044e\u0447\u0435\u043d\u0438\u044f \u0434\u0430\u0442\u0447\u0438\u043a\u043e\u0432 \u0438 \u0442\u0440\u0438 \u0432\u044b\u0445\u043e\u0434\u0430 \u0434\u043b\u044f \u043a\u043e\u043c\u043c\u0443\u0442\u0430\u0446\u0438\u0438 \u043d\u0430\u0433\u0440\u0443\u0437\u043a\u0438\" \/>\n<meta name=\"robots\" content=\"index, follow, max-snippet:-1, max-image-preview:large, max-video-preview:-1\" \/>\n<link rel=\"canonical\" href=\"https:\/\/regmik.ua\/cs\/produkt\/regulyator-dvuhpozitsionnyj-dvuhkanalnyj-rd2-03\/\" \/>\n<script type=\"application\/ld+json\" class=\"yoast-schema-graph\">{\"@context\":\"https:\\\/\\\/schema.org\",\"@graph\":[{\"@type\":\"WebPage\",\"@id\":\"https:\\\/\\\/regmik.ua\\\/product\\\/regulyator-dvuhpozitsionnyj-dvuhkanalnyj-rd2-03\\\/\",\"url\":\"https:\\\/\\\/regmik.ua\\\/product\\\/regulyator-dvuhpozitsionnyj-dvuhkanalnyj-rd2-03\\\/\",\"name\":\"\u0420\u0435\u0433\u0443\u043b\u044f\u0442\u043e\u0440 \u043a\u0440\u043e\u043c\u043a\u043e\u043e\u0431\u043b\u0438\u0446\u043e\u0432\u043e\u0447\u043d\u043e\u0433\u043e \u0441\u0442\u0430\u043d\u043a\u0430 \u0420\u04142-03 &#8211; \u0420\u0415\u0413\u041c\u0418\u041a\",\"isPartOf\":{\"@id\":\"https:\\\/\\\/regmik.ua\\\/uk\\\/#website\"},\"primaryImageOfPage\":{\"@id\":\"https:\\\/\\\/regmik.ua\\\/product\\\/regulyator-dvuhpozitsionnyj-dvuhkanalnyj-rd2-03\\\/#primaryimage\"},\"image\":{\"@id\":\"https:\\\/\\\/regmik.ua\\\/product\\\/regulyator-dvuhpozitsionnyj-dvuhkanalnyj-rd2-03\\\/#primaryimage\"},\"thumbnailUrl\":\"https:\\\/\\\/regmik.ua\\\/wp-content\\\/uploads\\\/2020\\\/03\\\/rd2-03dmin-ajax.png\",\"datePublished\":\"2020-03-25T10:06:49+00:00\",\"dateModified\":\"2025-06-17T07:44:48+00:00\",\"description\":\"\u0420\u0435\u0433\u0443\u043b\u044f\u0442\u043e\u0440 \u043a\u0440\u043e\u043c\u043a\u043e\u043e\u0431\u043b\u0438\u0446\u043e\u0432\u043e\u0447\u043d\u043e\u0433\u043e \u0441\u0442\u0430\u043d\u043a\u0430 \u0420\u04142-03 \u0438\u043c\u0435\u0435\u0442 \u0432\u0432\u0430 \u0432\u0445\u043e\u0434\u0430 \u0434\u043b\u044f \u043f\u043e\u0434\u043a\u043b\u044e\u0447\u0435\u043d\u0438\u044f \u0434\u0430\u0442\u0447\u0438\u043a\u043e\u0432 \u0438 \u0442\u0440\u0438 \u0432\u044b\u0445\u043e\u0434\u0430 \u0434\u043b\u044f \u043a\u043e\u043c\u043c\u0443\u0442\u0430\u0446\u0438\u0438 \u043d\u0430\u0433\u0440\u0443\u0437\u043a\u0438\",\"breadcrumb\":{\"@id\":\"https:\\\/\\\/regmik.ua\\\/product\\\/regulyator-dvuhpozitsionnyj-dvuhkanalnyj-rd2-03\\\/#breadcrumb\"},\"inLanguage\":\"cs\",\"potentialAction\":[{\"@type\":\"ReadAction\",\"target\":[\"https:\\\/\\\/regmik.ua\\\/product\\\/regulyator-dvuhpozitsionnyj-dvuhkanalnyj-rd2-03\\\/\"]}]},{\"@type\":\"ImageObject\",\"inLanguage\":\"cs\",\"@id\":\"https:\\\/\\\/regmik.ua\\\/product\\\/regulyator-dvuhpozitsionnyj-dvuhkanalnyj-rd2-03\\\/#primaryimage\",\"url\":\"https:\\\/\\\/regmik.ua\\\/wp-content\\\/uploads\\\/2020\\\/03\\\/rd2-03dmin-ajax.png\",\"contentUrl\":\"https:\\\/\\\/regmik.ua\\\/wp-content\\\/uploads\\\/2020\\\/03\\\/rd2-03dmin-ajax.png\",\"width\":313,\"height\":400,\"caption\":\"\u0420\u0435\u0433\u0443\u043b\u044f\u0442\u043e\u0440 \u0420\u04142-03\"},{\"@type\":\"BreadcrumbList\",\"@id\":\"https:\\\/\\\/regmik.ua\\\/product\\\/regulyator-dvuhpozitsionnyj-dvuhkanalnyj-rd2-03\\\/#breadcrumb\",\"itemListElement\":[{\"@type\":\"ListItem\",\"position\":1,\"name\":\"\u0413\u043b\u0430\u0432\u043d\u0430\u044f \u0441\u0442\u0440\u0430\u043d\u0438\u0446\u0430\",\"item\":\"https:\\\/\\\/regmik.ua\\\/\"},{\"@type\":\"ListItem\",\"position\":2,\"name\":\"\u041f\u0440\u043e\u0434\u0443\u043a\u0446\u0438\u044f\",\"item\":\"https:\\\/\\\/regmik.ua\\\/uk\\\/products\\\/\"},{\"@type\":\"ListItem\",\"position\":3,\"name\":\"\u0420\u0435\u0433\u0443\u043b\u044f\u0442\u043e\u0440 \u043a\u0440\u043e\u043c\u043a\u043e\u043e\u0431\u043b\u0438\u0446\u043e\u0432\u043e\u0447\u043d\u043e\u0433\u043e \u0441\u0442\u0430\u043d\u043a\u0430 \u0420\u04142-03\"}]},{\"@type\":\"WebSite\",\"@id\":\"https:\\\/\\\/regmik.ua\\\/uk\\\/#website\",\"url\":\"https:\\\/\\\/regmik.ua\\\/uk\\\/\",\"name\":\"REGMIK\",\"description\":\"\u0418\u0437\u043c\u0435\u0440\u0438\u0442\u0435\u043b\u044c\u043d\u044b\u0435 \u043f\u0440\u0438\u0431\u043e\u0440\u044b \u0438 \u0434\u0430\u0442\u0447\u0438\u043a\u0438 \u0442\u0435\u043c\u043f\u0435\u0440\u0430\u0442\u0443\u0440\u044b\",\"publisher\":{\"@id\":\"https:\\\/\\\/regmik.ua\\\/uk\\\/#organization\"},\"alternateName\":\"REGMIK\",\"potentialAction\":[{\"@type\":\"SearchAction\",\"target\":{\"@type\":\"EntryPoint\",\"urlTemplate\":\"https:\\\/\\\/regmik.ua\\\/uk\\\/?s={search_term_string}\"},\"query-input\":{\"@type\":\"PropertyValueSpecification\",\"valueRequired\":true,\"valueName\":\"search_term_string\"}}],\"inLanguage\":\"cs\"},{\"@type\":\"Organization\",\"@id\":\"https:\\\/\\\/regmik.ua\\\/uk\\\/#organization\",\"name\":\"REGMIK\",\"alternateName\":\"\u0420\u0415\u0413\u041c\u0418\u041a\",\"url\":\"https:\\\/\\\/regmik.ua\\\/uk\\\/\",\"logo\":{\"@type\":\"ImageObject\",\"inLanguage\":\"cs\",\"@id\":\"https:\\\/\\\/regmik.ua\\\/uk\\\/#\\\/schema\\\/logo\\\/image\\\/\",\"url\":\"https:\\\/\\\/regmik.ua\\\/wp-content\\\/uploads\\\/2020\\\/03\\\/regmik_logo.png\",\"contentUrl\":\"https:\\\/\\\/regmik.ua\\\/wp-content\\\/uploads\\\/2020\\\/03\\\/regmik_logo.png\",\"width\":194,\"height\":45,\"caption\":\"REGMIK\"},\"image\":{\"@id\":\"https:\\\/\\\/regmik.ua\\\/uk\\\/#\\\/schema\\\/logo\\\/image\\\/\"},\"sameAs\":[\"https:\\\/\\\/www.facebook.com\\\/regmik.npf\",\"https:\\\/\\\/x.com\\\/regmiknpf\",\"https:\\\/\\\/www.youtube.com\\\/channel\\\/UC_SrY98SKAmR3Kt95GcVKcw\"]}]}<\/script>","yoast_head_json":{"title":"Regul\u00e1tor olepova\u010dky hran RD2-03 \u2013 REGMIC","description":"Regul\u00e1tor olepova\u010dky hran RD2-03 m\u00e1 dva vstupy pro p\u0159ipojen\u00ed \u010didel a t\u0159i v\u00fdstupy pro sp\u00edn\u00e1n\u00ed z\u00e1t\u011b\u017ee","robots":{"index":"index","follow":"follow","max-snippet":"max-snippet:-1","max-image-preview":"max-image-preview:large","max-video-preview":"max-video-preview:-1"},"canonical":"https:\/\/regmik.ua\/cs\/produkt\/regulyator-dvuhpozitsionnyj-dvuhkanalnyj-rd2-03\/","schema":{"@context":"https:\/\/schema.org","@graph":[{"@type":"WebPage","@id":"https:\/\/regmik.ua\/product\/regulyator-dvuhpozitsionnyj-dvuhkanalnyj-rd2-03\/","url":"https:\/\/regmik.ua\/product\/regulyator-dvuhpozitsionnyj-dvuhkanalnyj-rd2-03\/","name":"Regul\u00e1tor olepova\u010dky hran RD2-03 \u2013 REGMIC","isPartOf":{"@id":"https:\/\/regmik.ua\/uk\/#website"},"primaryImageOfPage":{"@id":"https:\/\/regmik.ua\/product\/regulyator-dvuhpozitsionnyj-dvuhkanalnyj-rd2-03\/#primaryimage"},"image":{"@id":"https:\/\/regmik.ua\/product\/regulyator-dvuhpozitsionnyj-dvuhkanalnyj-rd2-03\/#primaryimage"},"thumbnailUrl":"https:\/\/regmik.ua\/wp-content\/uploads\/2020\/03\/rd2-03dmin-ajax.png","datePublished":"2020-03-25T10:06:49+00:00","dateModified":"2025-06-17T07:44:48+00:00","description":"Regul\u00e1tor olepova\u010dky hran RD2-03 m\u00e1 dva vstupy pro p\u0159ipojen\u00ed \u010didel a t\u0159i v\u00fdstupy pro sp\u00edn\u00e1n\u00ed z\u00e1t\u011b\u017ee","breadcrumb":{"@id":"https:\/\/regmik.ua\/product\/regulyator-dvuhpozitsionnyj-dvuhkanalnyj-rd2-03\/#breadcrumb"},"inLanguage":"cs","potentialAction":[{"@type":"ReadAction","target":["https:\/\/regmik.ua\/product\/regulyator-dvuhpozitsionnyj-dvuhkanalnyj-rd2-03\/"]}]},{"@type":"ImageObject","inLanguage":"cs","@id":"https:\/\/regmik.ua\/product\/regulyator-dvuhpozitsionnyj-dvuhkanalnyj-rd2-03\/#primaryimage","url":"https:\/\/regmik.ua\/wp-content\/uploads\/2020\/03\/rd2-03dmin-ajax.png","contentUrl":"https:\/\/regmik.ua\/wp-content\/uploads\/2020\/03\/rd2-03dmin-ajax.png","width":313,"height":400,"caption":"\u0420\u0435\u0433\u0443\u043b\u044f\u0442\u043e\u0440 \u0420\u04142-03"},{"@type":"BreadcrumbList","@id":"https:\/\/regmik.ua\/product\/regulyator-dvuhpozitsionnyj-dvuhkanalnyj-rd2-03\/#breadcrumb","itemListElement":[{"@type":"ListItem","position":1,"name":"\u0413\u043b\u0430\u0432\u043d\u0430\u044f \u0441\u0442\u0440\u0430\u043d\u0438\u0446\u0430","item":"https:\/\/regmik.ua\/"},{"@type":"ListItem","position":2,"name":"\u041f\u0440\u043e\u0434\u0443\u043a\u0446\u0438\u044f","item":"https:\/\/regmik.ua\/uk\/products\/"},{"@type":"ListItem","position":3,"name":"\u0420\u0435\u0433\u0443\u043b\u044f\u0442\u043e\u0440 \u043a\u0440\u043e\u043c\u043a\u043e\u043e\u0431\u043b\u0438\u0446\u043e\u0432\u043e\u0447\u043d\u043e\u0433\u043e \u0441\u0442\u0430\u043d\u043a\u0430 \u0420\u04142-03"}]},{"@type":"WebSite","@id":"https:\/\/regmik.ua\/uk\/#website","url":"https:\/\/regmik.ua\/uk\/","name":"REGMIK","description":"M\u011b\u0159ic\u00ed p\u0159\u00edstroje a sn\u00edma\u010de teploty","publisher":{"@id":"https:\/\/regmik.ua\/uk\/#organization"},"alternateName":"REGMIK","potentialAction":[{"@type":"SearchAction","target":{"@type":"EntryPoint","urlTemplate":"https:\/\/regmik.ua\/uk\/?s={search_term_string}"},"query-input":{"@type":"PropertyValueSpecification","valueRequired":true,"valueName":"search_term_string"}}],"inLanguage":"cs"},{"@type":"Organization","@id":"https:\/\/regmik.ua\/uk\/#organization","name":"REGMIK","alternateName":"\u0420\u0415\u0413\u041c\u0418\u041a","url":"https:\/\/regmik.ua\/uk\/","logo":{"@type":"ImageObject","inLanguage":"cs","@id":"https:\/\/regmik.ua\/uk\/#\/schema\/logo\/image\/","url":"https:\/\/regmik.ua\/wp-content\/uploads\/2020\/03\/regmik_logo.png","contentUrl":"https:\/\/regmik.ua\/wp-content\/uploads\/2020\/03\/regmik_logo.png","width":194,"height":45,"caption":"REGMIK"},"image":{"@id":"https:\/\/regmik.ua\/uk\/#\/schema\/logo\/image\/"},"sameAs":["https:\/\/www.facebook.com\/regmik.npf","https:\/\/x.com\/regmiknpf","https:\/\/www.youtube.com\/channel\/UC_SrY98SKAmR3Kt95GcVKcw"]}]}},"_links":{"self":[{"href":"https:\/\/regmik.ua\/cs\/wp-json\/wp\/v2\/product\/20650","targetHints":{"allow":["GET"]}}],"collection":[{"href":"https:\/\/regmik.ua\/cs\/wp-json\/wp\/v2\/product"}],"about":[{"href":"https:\/\/regmik.ua\/cs\/wp-json\/wp\/v2\/types\/product"}],"replies":[{"embeddable":true,"href":"https:\/\/regmik.ua\/cs\/wp-json\/wp\/v2\/comments?post=20650"}],"version-history":[{"count":0,"href":"https:\/\/regmik.ua\/cs\/wp-json\/wp\/v2\/product\/20650\/revisions"}],"wp:featuredmedia":[{"embeddable":true,"href":"https:\/\/regmik.ua\/cs\/wp-json\/wp\/v2\/media\/20649"}],"wp:attachment":[{"href":"https:\/\/regmik.ua\/cs\/wp-json\/wp\/v2\/media?parent=20650"}],"wp:term":[{"taxonomy":"product_brand","embeddable":true,"href":"https:\/\/regmik.ua\/cs\/wp-json\/wp\/v2\/product_brand?post=20650"},{"taxonomy":"product_cat","embeddable":true,"href":"https:\/\/regmik.ua\/cs\/wp-json\/wp\/v2\/product_cat?post=20650"},{"taxonomy":"product_tag","embeddable":true,"href":"https:\/\/regmik.ua\/cs\/wp-json\/wp\/v2\/product_tag?post=20650"}],"curies":[{"name":"wp","href":"https:\/\/api.w.org\/{rel}","templated":true}]}}