{"id":19866,"date":"2020-02-08T08:00:21","date_gmt":"2020-02-08T06:00:21","guid":{"rendered":"https:\/\/regmik.com.ua\/?post_type=product&#038;p=19866"},"modified":"2024-10-18T08:25:44","modified_gmt":"2024-10-18T06:25:44","slug":"ssd-v4","status":"publish","type":"product","link":"https:\/\/regmik.ua\/cs\/product\/ssd-v4\/","title":{"rendered":"Syst\u00e9m sb\u011bru dat REGMIK"},"content":{"rendered":"<p>Software \u201eREGMIK Data Acquisition System\u201c (REGMIK DSS) je navr\u017een pro sb\u011br, ukl\u00e1d\u00e1n\u00ed a vizualizaci dat v re\u00e1ln\u00e9m \u010dase. Data lze p\u0159en\u00e1\u0161et po s\u00edti <a href=\"https:\/\/uk.wikipedia.org\/wiki\/RS-485\">RS-485<\/a> (protokol <a href=\"https:\/\/uk.wikipedia.org\/wiki\/Modbus\">ModBus RTU<\/a>), Ethernet, FTP nebo je lze st\u00e1hnout p\u0159\u00edmo ze souboru nebo z\u00e1znamn\u00edku. Ukl\u00e1d\u00e1n\u00ed dat se prov\u00e1d\u00ed v datab\u00e1zi <a href=\"https:\/\/firebirdsql.org\">F\u00e9nix<\/a> 3.0. Data jsou vizualizov\u00e1na ve form\u011b graf\u016f \/ tabulek a lze je zobrazit na <a href=\"https:\/\/uk.wikipedia.org\/wiki\/%D0%9C%D0%BD%D0%B5%D0%BC%D0%BE%D1%81%D1%85%D0%B5%D0%BC%D0%B0\">mnemotechnick\u00fd diagram<\/a>\u00a0technologick\u00fd proces. Podporovan\u00e9 archivy, export a import dat, tvorba r\u016fzn\u00fdch zpr\u00e1v, nouzov\u00e1 upozorn\u011bn\u00ed, d\u00e1lkov\u00e9 ovl\u00e1d\u00e1n\u00ed za\u0159\u00edzen\u00ed.<\/p>\n<p><strong>\u00da\u010del softwaru Syst\u00e9m sb\u011bru dat:<\/strong><\/p>\n<ul>\n<li>Sb\u011br dat z r\u016fzn\u00fdch m\u011b\u0159ic\u00edch za\u0159\u00edzen\u00ed a za\u0159\u00edzen\u00ed;<\/li>\n<li>Registrace, vizualizace a zpracov\u00e1n\u00ed sign\u00e1l\u016f v re\u00e1ln\u00e9m \u010dase;<\/li>\n<li>Anal\u00fdza dat;<\/li>\n<li>Zas\u00edl\u00e1n\u00ed upozorn\u011bn\u00ed u\u017eivateli o poruch\u00e1ch a mimo\u0159\u00e1dn\u00fdch ud\u00e1lostech;<\/li>\n<li>Ukl\u00e1d\u00e1n\u00ed, import a export dat.<\/li>\n<\/ul>\n<h4>Hlavn\u00ed vlastnosti Softwarov\u00e9ho syst\u00e9mu pro sb\u011br dat REGMIK<\/h4>\n<ul>\n<li>testov\u00e1n\u00ed softwaru v demo re\u017eimu;<\/li>\n<li>zobrazov\u00e1n\u00ed dat na grafech a monitorech;<\/li>\n<li><strong>podpora mnemotechnick\u00fdch diagram\u016f<\/strong> - vizualizace a d\u00e1lkov\u00e9 ovl\u00e1d\u00e1n\u00ed technologick\u00e9ho procesu<strong>;<\/strong><\/li>\n<li>podpora stromov\u00e9 struktury s\u00edt\u011b (S\u00ed\u0165 - Dom\u00e9na - Za\u0159\u00edzen\u00ed);<\/li>\n<li>vzd\u00e1len\u00e1 konfigurace a ovl\u00e1d\u00e1n\u00ed za\u0159\u00edzen\u00ed;<\/li>\n<li>sledov\u00e1n\u00ed nouzov\u00fdch situac\u00ed za\u0159\u00edzen\u00ed a senzor\u016f;<\/li>\n<li>zvukov\u00e1 signalizace nouze v softwaru REGMIK SSD;<\/li>\n<li><strong>ozn\u00e1men\u00ed e-mailem a SMS<\/strong> o kritick\u00fdch situac\u00edch;<\/li>\n<li>lokalizace chybov\u00fdch k\u00f3d\u016f;<\/li>\n<li>vestav\u011bn\u00fd gener\u00e1tor zpr\u00e1v (ve form\u011b tabulek a graf\u016f);<\/li>\n<li>export a import dat pro jejich dal\u0161\u00ed zpracov\u00e1n\u00ed (PDF, Excel, ...);<\/li>\n<li>konfigurace za\u0159\u00edzen\u00ed a senzor\u016f p\u0159es RS-485 (protokol ModBus RTU) p\u0159\u00edmo ze softwaru \u201eREGMIK Data Acquisition System\u201c;<\/li>\n<li>p\u0159\u00edstup k dat\u016fm z n\u011bkolika pracovn\u00edch stanic (datab\u00e1ze je na serveru a data jsou p\u0159\u00edstupn\u00e1 z klientsk\u00e9ho po\u010d\u00edta\u010de);<\/li>\n<li>\u010dten\u00ed dat ze za\u0159\u00edzen\u00ed s funkc\u00ed z\u00e1znamn\u00edku;<\/li>\n<li>\u010dten\u00ed pam\u011b\u0165ov\u00e9 karty nov\u00e9 \u0159ady za\u0159\u00edzen\u00ed <a href=\"https:\/\/regmik.ua\/product\/universalnyj-dvuhkanalnyj-pribor-rp2-m\/\">RP2-M<\/a> v samostatn\u00e9m vl\u00e1knu;<\/li>\n<li>p\u0159id\u00e1n\u00ed za\u0159\u00edzen\u00ed a senzor\u016f od jin\u00fdch v\u00fdrobc\u016f do s\u00edt\u011b;<\/li>\n<li>nastaven\u00ed zobrazen\u00ed graf\u016f - barva \/ p\u00edsma \/ gradient \/ pozad\u00ed;<\/li>\n<li>archivace nam\u011b\u0159en\u00fdch dat v datab\u00e1zi Firebird 3.0;<\/li>\n<li>\u010di\u0161t\u011bn\u00ed datab\u00e1ze do po\u017eadovan\u00e9ho data;<\/li>\n<li><strong>pr\u00e1ce se z\u00e1lohami datab\u00e1ze<\/strong> (automatick\u00e9 vytv\u00e1\u0159en\u00ed archiv\u016f podle pl\u00e1nu i ru\u010dn\u011b).<\/li>\n<\/ul>\n<p>Spole\u010dnost neust\u00e1le pracuje na zdokonalov\u00e1n\u00ed a p\u0159id\u00e1v\u00e1n\u00ed softwarov\u00fdch funkc\u00ed. Budeme vd\u011b\u010dn\u00ed za va\u0161i zp\u011btnou vazbu a radu, jak vylep\u0161it \u201eREGMIK SSD\u201c.<\/p>","protected":false},"excerpt":{"rendered":"<p>Software REGMIK Data Acquisition System shroma\u017e\u010fuje informace ze za\u0159\u00edzen\u00ed a senzor\u016f pracuj\u00edc\u00edch p\u0159es rozhran\u00ed RS-485 (protokol ModBus RTU) v re\u00e1ln\u00e9m \u010dase.<\/p>","protected":false},"featured_media":28183,"comment_status":"open","ping_status":"closed","template":"","meta":[],"product_brand":[],"product_cat":[581,811],"product_tag":[3219,600,3221,3218,592],"class_list":{"0":"post-19866","1":"product","2":"type-product","3":"status-publish","4":"has-post-thumbnail","6":"product_cat-software","7":"product_cat-tovary","8":"product_tag-modbus-rtu","9":"product_tag-rs-485","10":"product_tag-mnemoshema","11":"product_tag-software","12":"product_tag-sistema-sbora-dannyh","13":"pa_max-quantity-582","14":"pa_max-quantity-3437","15":"pa_max-quantity-586","16":"pa_max-quantity-583","17":"pa_max-quantity-3438","18":"pa_max-quantity-587","19":"pa_max-quantity-584","20":"pa_max-quantity-588","21":"pa_max-quantity-585","24":"instock","25":"featured","26":"shipping-taxable","27":"purchasable","28":"product-type-variable","29":"has-default-attributes"},"yoast_head":"<title>\u041f\u0440\u043e\u0433\u0440\u0430\u043c\u043c\u043d\u043e\u0435 \u043e\u0431\u0435\u0441\u043f\u0435\u0447\u0435\u043d\u0438\u0435 \u0421\u0438\u0441\u0442\u0435\u043c\u0430 \u0441\u0431\u043e\u0440\u0430 \u0434\u0430\u043d\u043d\u044b\u0445 &#8211; \u0420\u0415\u0413\u041c\u0406\u041a, \u041d\u0412\u0424, \u041f\u041f<\/title>\n<meta name=\"description\" content=\"\u041f\u0440\u043e\u0433\u0440\u0430\u043c\u043c\u043d\u043e\u0435 \u043e\u0431\u0435\u0441\u043f\u0435\u0447\u0435\u043d\u0438\u0435 &quot;\u0421\u0438\u0441\u0442\u0435\u043c\u0430 \u0441\u0431\u043e\u0440\u0430 \u0434\u0430\u043d\u043d\u044b\u0445 REGMIK&quot;. \u043e\u0441\u0443\u0449\u0435\u0441\u0442\u0432\u043b\u044f\u0435\u0442\u00a0\u0441\u0431\u043e\u0440 \u0438\u043d\u0444\u043e\u0440\u043c\u0430\u0446\u0438\u0438 \u043e\u0442\u00a0\u043f\u0440\u0438\u0431\u043e\u0440\u043e\u0432 \u0438 \u0434\u0430\u0442\u0447\u0438\u043a\u043e\u0432 \u0432 \u0440\u0435\u0436\u0438\u043c\u0435 \u0440\u0435\u0430\u043b\u044c\u043d\u043e\u0433\u043e \u0432\u0440\u0435\u043c\u0435\u043d\u0438.\" \/>\n<meta name=\"robots\" content=\"index, follow, max-snippet:-1, max-image-preview:large, max-video-preview:-1\" \/>\n<link rel=\"canonical\" href=\"https:\/\/regmik.ua\/cs\/produkt\/ssd-v4\/\" \/>\n<script type=\"application\/ld+json\" class=\"yoast-schema-graph\">{\"@context\":\"https:\\\/\\\/schema.org\",\"@graph\":[{\"@type\":\"WebPage\",\"@id\":\"https:\\\/\\\/regmik.ua\\\/product\\\/ssd-v4\\\/\",\"url\":\"https:\\\/\\\/regmik.ua\\\/product\\\/ssd-v4\\\/\",\"name\":\"\u041f\u0440\u043e\u0433\u0440\u0430\u043c\u043c\u043d\u043e\u0435 \u043e\u0431\u0435\u0441\u043f\u0435\u0447\u0435\u043d\u0438\u0435 \u0421\u0438\u0441\u0442\u0435\u043c\u0430 \u0441\u0431\u043e\u0440\u0430 \u0434\u0430\u043d\u043d\u044b\u0445 &#8211; \u0420\u0415\u0413\u041c\u0406\u041a, \u041d\u0412\u0424, \u041f\u041f\",\"isPartOf\":{\"@id\":\"https:\\\/\\\/regmik.ua\\\/uk\\\/#website\"},\"primaryImageOfPage\":{\"@id\":\"https:\\\/\\\/regmik.ua\\\/product\\\/ssd-v4\\\/#primaryimage\"},\"image\":{\"@id\":\"https:\\\/\\\/regmik.ua\\\/product\\\/ssd-v4\\\/#primaryimage\"},\"thumbnailUrl\":\"https:\\\/\\\/regmik.ua\\\/wp-content\\\/uploads\\\/SSD_4_8.png\",\"datePublished\":\"2020-02-08T06:00:21+00:00\",\"dateModified\":\"2024-10-18T06:25:44+00:00\",\"description\":\"\u041f\u0440\u043e\u0433\u0440\u0430\u043c\u043c\u043d\u043e\u0435 \u043e\u0431\u0435\u0441\u043f\u0435\u0447\u0435\u043d\u0438\u0435 \\\"\u0421\u0438\u0441\u0442\u0435\u043c\u0430 \u0441\u0431\u043e\u0440\u0430 \u0434\u0430\u043d\u043d\u044b\u0445 REGMIK\\\". \u043e\u0441\u0443\u0449\u0435\u0441\u0442\u0432\u043b\u044f\u0435\u0442\u00a0\u0441\u0431\u043e\u0440 \u0438\u043d\u0444\u043e\u0440\u043c\u0430\u0446\u0438\u0438 \u043e\u0442\u00a0\u043f\u0440\u0438\u0431\u043e\u0440\u043e\u0432 \u0438 \u0434\u0430\u0442\u0447\u0438\u043a\u043e\u0432 \u0432 \u0440\u0435\u0436\u0438\u043c\u0435 \u0440\u0435\u0430\u043b\u044c\u043d\u043e\u0433\u043e \u0432\u0440\u0435\u043c\u0435\u043d\u0438.\",\"breadcrumb\":{\"@id\":\"https:\\\/\\\/regmik.ua\\\/product\\\/ssd-v4\\\/#breadcrumb\"},\"inLanguage\":\"cs\",\"potentialAction\":[{\"@type\":\"ReadAction\",\"target\":[\"https:\\\/\\\/regmik.ua\\\/product\\\/ssd-v4\\\/\"]}]},{\"@type\":\"ImageObject\",\"inLanguage\":\"cs\",\"@id\":\"https:\\\/\\\/regmik.ua\\\/product\\\/ssd-v4\\\/#primaryimage\",\"url\":\"https:\\\/\\\/regmik.ua\\\/wp-content\\\/uploads\\\/SSD_4_8.png\",\"contentUrl\":\"https:\\\/\\\/regmik.ua\\\/wp-content\\\/uploads\\\/SSD_4_8.png\",\"width\":613,\"height\":342,\"caption\":\"\u0421\u0438\u0441\u0442\u0435\u043c\u0430 \u0441\u0431\u043e\u0440\u0430 \u0434\u0430\u043d\u043d\u044b\u0445\"},{\"@type\":\"BreadcrumbList\",\"@id\":\"https:\\\/\\\/regmik.ua\\\/product\\\/ssd-v4\\\/#breadcrumb\",\"itemListElement\":[{\"@type\":\"ListItem\",\"position\":1,\"name\":\"\u0413\u043b\u0430\u0432\u043d\u0430\u044f \u0441\u0442\u0440\u0430\u043d\u0438\u0446\u0430\",\"item\":\"https:\\\/\\\/regmik.ua\\\/\"},{\"@type\":\"ListItem\",\"position\":2,\"name\":\"\u041f\u0440\u043e\u0434\u0443\u043a\u0446\u0438\u044f\",\"item\":\"https:\\\/\\\/regmik.ua\\\/uk\\\/products\\\/\"},{\"@type\":\"ListItem\",\"position\":3,\"name\":\"\u0421\u0438\u0441\u0442\u0435\u043c\u0430 \u0441\u0431\u043e\u0440\u0430 \u0434\u0430\u043d\u043d\u044b\u0445 REGMIK\"}]},{\"@type\":\"WebSite\",\"@id\":\"https:\\\/\\\/regmik.ua\\\/uk\\\/#website\",\"url\":\"https:\\\/\\\/regmik.ua\\\/uk\\\/\",\"name\":\"REGMIK\",\"description\":\"\u0418\u0437\u043c\u0435\u0440\u0438\u0442\u0435\u043b\u044c\u043d\u044b\u0435 \u043f\u0440\u0438\u0431\u043e\u0440\u044b \u0438 \u0434\u0430\u0442\u0447\u0438\u043a\u0438 \u0442\u0435\u043c\u043f\u0435\u0440\u0430\u0442\u0443\u0440\u044b\",\"publisher\":{\"@id\":\"https:\\\/\\\/regmik.ua\\\/uk\\\/#organization\"},\"alternateName\":\"REGMIK\",\"potentialAction\":[{\"@type\":\"SearchAction\",\"target\":{\"@type\":\"EntryPoint\",\"urlTemplate\":\"https:\\\/\\\/regmik.ua\\\/uk\\\/?s={search_term_string}\"},\"query-input\":{\"@type\":\"PropertyValueSpecification\",\"valueRequired\":true,\"valueName\":\"search_term_string\"}}],\"inLanguage\":\"cs\"},{\"@type\":\"Organization\",\"@id\":\"https:\\\/\\\/regmik.ua\\\/uk\\\/#organization\",\"name\":\"REGMIK\",\"alternateName\":\"\u0420\u0415\u0413\u041c\u0418\u041a\",\"url\":\"https:\\\/\\\/regmik.ua\\\/uk\\\/\",\"logo\":{\"@type\":\"ImageObject\",\"inLanguage\":\"cs\",\"@id\":\"https:\\\/\\\/regmik.ua\\\/uk\\\/#\\\/schema\\\/logo\\\/image\\\/\",\"url\":\"https:\\\/\\\/regmik.ua\\\/wp-content\\\/uploads\\\/2020\\\/03\\\/regmik_logo.png\",\"contentUrl\":\"https:\\\/\\\/regmik.ua\\\/wp-content\\\/uploads\\\/2020\\\/03\\\/regmik_logo.png\",\"width\":194,\"height\":45,\"caption\":\"REGMIK\"},\"image\":{\"@id\":\"https:\\\/\\\/regmik.ua\\\/uk\\\/#\\\/schema\\\/logo\\\/image\\\/\"},\"sameAs\":[\"https:\\\/\\\/www.facebook.com\\\/regmik.npf\",\"https:\\\/\\\/x.com\\\/regmiknpf\",\"https:\\\/\\\/www.youtube.com\\\/channel\\\/UC_SrY98SKAmR3Kt95GcVKcw\"]}]}<\/script>","yoast_head_json":{"title":"Softwarov\u00fd syst\u00e9m sb\u011bru dat \u2013 REGMIK, NVF, PP","description":"Software syst\u00e9mu pro sb\u011br dat REGMIK. shroma\u017e\u010fuje informace ze za\u0159\u00edzen\u00ed a senzor\u016f v re\u00e1ln\u00e9m \u010dase.","robots":{"index":"index","follow":"follow","max-snippet":"max-snippet:-1","max-image-preview":"max-image-preview:large","max-video-preview":"max-video-preview:-1"},"canonical":"https:\/\/regmik.ua\/cs\/produkt\/ssd-v4\/","schema":{"@context":"https:\/\/schema.org","@graph":[{"@type":"WebPage","@id":"https:\/\/regmik.ua\/product\/ssd-v4\/","url":"https:\/\/regmik.ua\/product\/ssd-v4\/","name":"Softwarov\u00fd syst\u00e9m sb\u011bru dat \u2013 REGMIK, NVF, PP","isPartOf":{"@id":"https:\/\/regmik.ua\/uk\/#website"},"primaryImageOfPage":{"@id":"https:\/\/regmik.ua\/product\/ssd-v4\/#primaryimage"},"image":{"@id":"https:\/\/regmik.ua\/product\/ssd-v4\/#primaryimage"},"thumbnailUrl":"https:\/\/regmik.ua\/wp-content\/uploads\/SSD_4_8.png","datePublished":"2020-02-08T06:00:21+00:00","dateModified":"2024-10-18T06:25:44+00:00","description":"Software syst\u00e9mu pro sb\u011br dat REGMIK. shroma\u017e\u010fuje informace ze za\u0159\u00edzen\u00ed a senzor\u016f v re\u00e1ln\u00e9m \u010dase.","breadcrumb":{"@id":"https:\/\/regmik.ua\/product\/ssd-v4\/#breadcrumb"},"inLanguage":"cs","potentialAction":[{"@type":"ReadAction","target":["https:\/\/regmik.ua\/product\/ssd-v4\/"]}]},{"@type":"ImageObject","inLanguage":"cs","@id":"https:\/\/regmik.ua\/product\/ssd-v4\/#primaryimage","url":"https:\/\/regmik.ua\/wp-content\/uploads\/SSD_4_8.png","contentUrl":"https:\/\/regmik.ua\/wp-content\/uploads\/SSD_4_8.png","width":613,"height":342,"caption":"\u0421\u0438\u0441\u0442\u0435\u043c\u0430 \u0441\u0431\u043e\u0440\u0430 \u0434\u0430\u043d\u043d\u044b\u0445"},{"@type":"BreadcrumbList","@id":"https:\/\/regmik.ua\/product\/ssd-v4\/#breadcrumb","itemListElement":[{"@type":"ListItem","position":1,"name":"\u0413\u043b\u0430\u0432\u043d\u0430\u044f \u0441\u0442\u0440\u0430\u043d\u0438\u0446\u0430","item":"https:\/\/regmik.ua\/"},{"@type":"ListItem","position":2,"name":"\u041f\u0440\u043e\u0434\u0443\u043a\u0446\u0438\u044f","item":"https:\/\/regmik.ua\/uk\/products\/"},{"@type":"ListItem","position":3,"name":"\u0421\u0438\u0441\u0442\u0435\u043c\u0430 \u0441\u0431\u043e\u0440\u0430 \u0434\u0430\u043d\u043d\u044b\u0445 REGMIK"}]},{"@type":"WebSite","@id":"https:\/\/regmik.ua\/uk\/#website","url":"https:\/\/regmik.ua\/uk\/","name":"REGMIK","description":"M\u011b\u0159ic\u00ed p\u0159\u00edstroje a sn\u00edma\u010de teploty","publisher":{"@id":"https:\/\/regmik.ua\/uk\/#organization"},"alternateName":"REGMIK","potentialAction":[{"@type":"SearchAction","target":{"@type":"EntryPoint","urlTemplate":"https:\/\/regmik.ua\/uk\/?s={search_term_string}"},"query-input":{"@type":"PropertyValueSpecification","valueRequired":true,"valueName":"search_term_string"}}],"inLanguage":"cs"},{"@type":"Organization","@id":"https:\/\/regmik.ua\/uk\/#organization","name":"REGMIK","alternateName":"\u0420\u0415\u0413\u041c\u0418\u041a","url":"https:\/\/regmik.ua\/uk\/","logo":{"@type":"ImageObject","inLanguage":"cs","@id":"https:\/\/regmik.ua\/uk\/#\/schema\/logo\/image\/","url":"https:\/\/regmik.ua\/wp-content\/uploads\/2020\/03\/regmik_logo.png","contentUrl":"https:\/\/regmik.ua\/wp-content\/uploads\/2020\/03\/regmik_logo.png","width":194,"height":45,"caption":"REGMIK"},"image":{"@id":"https:\/\/regmik.ua\/uk\/#\/schema\/logo\/image\/"},"sameAs":["https:\/\/www.facebook.com\/regmik.npf","https:\/\/x.com\/regmiknpf","https:\/\/www.youtube.com\/channel\/UC_SrY98SKAmR3Kt95GcVKcw"]}]}},"_links":{"self":[{"href":"https:\/\/regmik.ua\/cs\/wp-json\/wp\/v2\/product\/19866","targetHints":{"allow":["GET"]}}],"collection":[{"href":"https:\/\/regmik.ua\/cs\/wp-json\/wp\/v2\/product"}],"about":[{"href":"https:\/\/regmik.ua\/cs\/wp-json\/wp\/v2\/types\/product"}],"replies":[{"embeddable":true,"href":"https:\/\/regmik.ua\/cs\/wp-json\/wp\/v2\/comments?post=19866"}],"version-history":[{"count":0,"href":"https:\/\/regmik.ua\/cs\/wp-json\/wp\/v2\/product\/19866\/revisions"}],"wp:featuredmedia":[{"embeddable":true,"href":"https:\/\/regmik.ua\/cs\/wp-json\/wp\/v2\/media\/28183"}],"wp:attachment":[{"href":"https:\/\/regmik.ua\/cs\/wp-json\/wp\/v2\/media?parent=19866"}],"wp:term":[{"taxonomy":"product_brand","embeddable":true,"href":"https:\/\/regmik.ua\/cs\/wp-json\/wp\/v2\/product_brand?post=19866"},{"taxonomy":"product_cat","embeddable":true,"href":"https:\/\/regmik.ua\/cs\/wp-json\/wp\/v2\/product_cat?post=19866"},{"taxonomy":"product_tag","embeddable":true,"href":"https:\/\/regmik.ua\/cs\/wp-json\/wp\/v2\/product_tag?post=19866"}],"curies":[{"name":"wp","href":"https:\/\/api.w.org\/{rel}","templated":true}]}}