{"id":19764,"date":"2019-08-29T21:07:16","date_gmt":"2019-08-29T19:07:16","guid":{"rendered":"https:\/\/regmik.com.ua\/?post_type=product&#038;p=19764"},"modified":"2020-08-20T07:20:10","modified_gmt":"2020-08-20T05:20:10","slug":"promyshlennyj-internet-veshhej-kontroller-icetel","status":"publish","type":"product","link":"https:\/\/regmik.ua\/cs\/product\/promyshlennyj-internet-veshhej-kontroller-icetel\/","title":{"rendered":"Kontrol\u00e9r pr\u016fmyslov\u00e9ho internetu v\u011bc\u00ed Icetel"},"content":{"rendered":"<p>Specifikace:<br \/>\nN\u00e1zev: Pr\u016fmyslov\u00fd spr\u00e1vce internetu v\u011bc\u00ed Icetel 1;<br \/>\nV\u00fdrobce: <b>TOV &quot;SKV AVTOMATIZATION&quot;<\/b>;<br \/>\nPracovn\u00ed nap\u011bt\u00ed: DC 9-27V;<br \/>\nSpot\u0159eba proudu: max. 15 mA;<br \/>\nM\u011b\u0159ic\u00ed \/ diskr\u00e9tn\u00ed vstup: 4 senzory (teplota, vlhkost, such\u00fd kontakt nebo jin\u00e9 typy) - RS-485 (protokol ModBus RTU);<br \/>\nOutlet: 4 ks (such\u00fd kontakt nebo digit\u00e1ln\u00ed hodnota) \/ trval\u00fd proud max. 8 A;<br \/>\nP\u0159enosov\u00e1 rychlost: 1200, 2400, 4800, 9600, 38400, 57600, 19200 a 115200 b \/ s;<br \/>\nV\u00fdstupn\u00ed \/ sp\u00ednac\u00ed nap\u011bt\u00ed: max. 250 V AC \/ DC;<br \/>\nMechanick\u00e1 v\u00fddr\u017e: 3 x 107 sp\u00ednac\u00edch cykl\u016f;<br \/>\nElektrick\u00e1 v\u00fddr\u017e: 1 x 105 sp\u00ednac\u00edch cykl\u016f;<br \/>\nDisplej \/ datov\u00fd v\u00fdstup: pro 4 smartphony v z\u00e1kladn\u00ed verzi zdarma;<br \/>\nRozm\u011bry: (\u0160 x V x H) 70 x 39,3 x 150 mm;<br \/>\nHmotnost: 200 g;<br \/>\nRozsah provozn\u00edch teplot: -5 \u00b0 \u0421 a\u017e +55 \u00b0 \u0421;<br \/>\nRozsah skladovac\u00edch teplot: -20 \u00b0 C a\u017e + 70 \u00b0 C;<br \/>\nKryt\u00ed: \/ svorkovnice IP40 \/ IP20;<br \/>\nZ\u00e1ruka: 12 m\u011bs\u00edc\u016f;<\/p>\n<p>Regul\u00e1tor je odesl\u00e1n nakonfigurovan\u00fd s p\u0159ipojen\u00fdmi senzory.<br \/>\nZa t\u00edmto \u00fa\u010delem p\u0159ed odesl\u00e1n\u00edm po dohod\u011b s v\u00e1mi:<br \/>\n1. Kupujeme senzory za v\u00e1s.<br \/>\n2. Po\u0161lete ovlada\u010d a senzory p\u0159ipojen\u00e9 kr\u00e1tk\u00fdm testovac\u00edm kabelem.<br \/>\n3. Vzd\u00e1len\u011b (n\u011bkolika kroky po telefonu) pom\u00e1h\u00e1me s nastaven\u00edm mobiln\u00ed aplikace.<br \/>\n4. Po obdr\u017een\u00ed je t\u0159eba zapnout, zkontrolovat a vym\u011bnit vodi\u010d na m\u00edst\u011b instalace pro dal\u0161\u00ed pou\u017eit\u00ed v provozu.<\/p>","protected":false},"excerpt":{"rendered":"<p>Navr\u017eeno pro sb\u011br dat z jak\u00fdchkoli pr\u016fmyslov\u00fdch senzor\u016f s rozhran\u00edm RS-485 (4 senzory, nap\u0159\u00edklad teplota + vlhkost). Verze ovlada\u010de pro ovl\u00e1d\u00e1n\u00ed Icetel 2, m\u00e1 (4 rel\u00e9ov\u00e9 v\u00fdstupy). Verze ovlada\u010de pro ovl\u00e1d\u00e1n\u00ed Icetel 3 pro sb\u011br ode\u010dt\u016f m\u011b\u0159i\u010de s pulzn\u00edm v\u00fdstupem.<br \/>\nMaxim\u00e1ln\u00ed d\u00e9lka kabelu od senzoru k ovlada\u010di je 1 km. Pro zobrazen\u00ed dat a indik\u00e1tor\u016f \u010d\u00edta\u010d\u016f se pou\u017e\u00edv\u00e1 mobiln\u00ed aplikace, stejn\u011b jako pro ovl\u00e1d\u00e1n\u00ed na 4. smartphony sou\u010dasn\u011b, v z\u00e1kladn\u00ed verzi zdarma.<\/p>\n<p><a class=\"button\" href=\"https:\/\/skv.net.ua\/IndustrialAutomation%20\/#block482\" target=\"_blank\" rel=\"noopener noreferrer\"><img decoding=\"async\" class=\"size-full wp-image-19773\" style=\"margin-right: 10px;\" src=\"https:\/\/regmik.com.ua\/wp-content\/uploads\/2019\/08\/logo-min.gif\" width=\"20\" height=\"20\" \/>Objednat<\/a><\/p>","protected":false},"featured_media":19765,"comment_status":"open","ping_status":"closed","template":"","meta":[],"product_brand":[],"product_cat":[1207],"product_tag":[],"class_list":{"0":"post-19764","1":"product","2":"type-product","3":"status-publish","4":"has-post-thumbnail","6":"product_cat-aksessuary","9":"instock","10":"shipping-taxable","11":"product-type-simple"},"yoast_head":"<title>\u041f\u0440\u043e\u043c\u044b\u0448\u043b\u0435\u043d\u043d\u044b\u0439 \u0438\u043d\u0442\u0435\u0440\u043d\u0435\u0442 \u0432\u0435\u0449\u0435\u0439 \u043a\u043e\u043d\u0442\u0440\u043e\u043b\u043b\u0435\u0440 Icetel<\/title>\n<meta name=\"description\" content=\"\u041f\u0440\u0435\u0434\u043d\u0430\u0437\u043d\u0430\u0447\u0435\u043d \u0434\u043b\u044f \u0441\u0431\u043e\u0440\u0430 \u0434\u0430\u043d\u043d\u044b\u0445 \u0441 \u043b\u044e\u0431\u044b\u0445 \u043f\u0440\u043e\u043c\u044b\u0448\u043b\u0435\u043d\u043d\u044b\u0445 \u0434\u0430\u0442\u0447\u0438\u043a\u043e\u0432 \u0438\u043c\u0435\u044e\u0449\u0438\u0445 RS-485 \u0438\u043d\u0442\u0435\u0440\u0444\u0435\u0439\u0441 (4 \u0434\u0430\u0442\u0447\u0438\u043a\u0430, \u043a\u0430\u043a \u043f\u0440\u0438\u043c\u0435\u0440 \u0442\u0435\u043c\u043f\u0435\u0440\u0430\u0442\u0443\u0440\u0430+\u0432\u043b\u0430\u0436\u043d\u043e\u0441\u0442\u044c). \u0412\u0435\u0440\u0441\u0438\u044f \u043a\u043e\u043d\u0442\u0440\u043e\u043b\u043b\u0435\u0440\u0430 \u0434\u043b\u044f \u0443\u043f\u0440\u0430\u0432\u043b\u0435\u043d\u0438\u044f Icetel 2, \u0438\u043c\u0435\u0435\u0442 (4 \u0440\u0435\u043b\u0435\u0439\u043d\u044b\u0445 \u0432\u044b\u0445\u043e\u0434\u0430). \u0412\u0435\u0440\u0441\u0438\u044f \u043a\u043e\u043d\u0442\u0440\u043e\u043b\u043b\u0435\u0440\u0430 \u0434\u043b\u044f \u0443\u043f\u0440\u0430\u0432\u043b\u0435\u043d\u0438\u044f Icetel 3 \u0434\u043b\u044f \u0441\u0431\u043e\u0440\u0430 \u043f\u043e\u043a\u0430\u0437\u0430\u0442\u0435\u043b\u0435\u0439 \u0441\u0447\u0451\u0442\u0447\u0438\u043a\u043e\u0432 \u0443\u0447\u0451\u0442\u0430 \u0438\u043c\u0435\u044e\u0449\u0438\u0445 \u0438\u043c\u043f\u0443\u043b\u044c\u0441\u043d\u044b\u0439 \u0432\u044b\u0445\u043e\u0434. \u041c\u0430\u043a\u0441\u0438\u043c\u0430\u043b\u044c\u043d\u0430\u044f \u0434\u043b\u0438\u043d\u043d\u0430 \u043a\u0430\u0431\u0435\u043b\u044f \u043e\u0442 \u0434\u0430\u0442\u0447\u0438\u043a\u0430 \u0434\u043e \u043a\u043e\u043d\u0442\u0440\u043e\u043b\u043b\u0435\u0440\u0430 1 \u043a\u043c. \u0414\u043b\u044f \u043f\u0440\u043e\u0441\u043c\u043e\u0442\u0440\u0430 \u0434\u0430\u043d\u043d\u044b\u0445 \u0438 \u043f\u043e\u043a\u0430\u0437\u0430\u0442\u0435\u043b\u0435\u0439 \u0441\u0447\u0451\u0442\u0447\u0438\u043a\u043e\u0432, \u0438\u0441\u043f\u043e\u043b\u044c\u0437\u0443\u0435\u0442\u0441\u044f \u043c\u043e\u0431\u0438\u043b\u044c\u043d\u043e\u0435 \u043f\u0440\u0438\u043b\u043e\u0436\u0435\u043d\u0438\u0435 \u043a\u0430\u043a \u0438 \u0434\u043b\u044f \u0443\u043f\u0440\u0430\u0432\u043b\u0435\u043d\u0438\u044f \u043d\u0430 4-\u0445. \u0441\u043c\u0430\u0440\u0442\u0444\u043e\u043d\u0430\u0445 \u043e\u0434\u043d\u043e\u0432\u0440\u0435\u043c\u0435\u043d\u043d\u043e, \u0432 \u0431\u0430\u0437\u043e\u0432\u043e\u0439 \u0432\u0435\u0440\u0441\u0438\u0438 \u0431\u0435\u0441\u043f\u043b\u0430\u0442\u043d\u043e.  \u0417\u0430\u043a\u0430\u0437\u0430\u0442\u044c\" \/>\n<meta name=\"robots\" content=\"index, follow, max-snippet:-1, max-image-preview:large, max-video-preview:-1\" \/>\n<link rel=\"canonical\" href=\"https:\/\/regmik.ua\/cs\/produkt\/promyshlennyj-internet-veshhej-kontroller-icetel\/\" \/>\n<script type=\"application\/ld+json\" class=\"yoast-schema-graph\">{\"@context\":\"https:\\\/\\\/schema.org\",\"@graph\":[{\"@type\":\"WebPage\",\"@id\":\"https:\\\/\\\/regmik.ua\\\/product\\\/promyshlennyj-internet-veshhej-kontroller-icetel\\\/\",\"url\":\"https:\\\/\\\/regmik.ua\\\/product\\\/promyshlennyj-internet-veshhej-kontroller-icetel\\\/\",\"name\":\"\u041f\u0440\u043e\u043c\u044b\u0448\u043b\u0435\u043d\u043d\u044b\u0439 \u0438\u043d\u0442\u0435\u0440\u043d\u0435\u0442 \u0432\u0435\u0449\u0435\u0439 \u043a\u043e\u043d\u0442\u0440\u043e\u043b\u043b\u0435\u0440 Icetel\",\"isPartOf\":{\"@id\":\"https:\\\/\\\/regmik.ua\\\/uk\\\/#website\"},\"primaryImageOfPage\":{\"@id\":\"https:\\\/\\\/regmik.ua\\\/product\\\/promyshlennyj-internet-veshhej-kontroller-icetel\\\/#primaryimage\"},\"image\":{\"@id\":\"https:\\\/\\\/regmik.ua\\\/product\\\/promyshlennyj-internet-veshhej-kontroller-icetel\\\/#primaryimage\"},\"thumbnailUrl\":\"https:\\\/\\\/regmik.ua\\\/wp-content\\\/uploads\\\/2019\\\/08\\\/box_mpc_v1p.jpg\",\"datePublished\":\"2019-08-29T19:07:16+00:00\",\"dateModified\":\"2020-08-20T05:20:10+00:00\",\"description\":\"\u041f\u0440\u0435\u0434\u043d\u0430\u0437\u043d\u0430\u0447\u0435\u043d \u0434\u043b\u044f \u0441\u0431\u043e\u0440\u0430 \u0434\u0430\u043d\u043d\u044b\u0445 \u0441 \u043b\u044e\u0431\u044b\u0445 \u043f\u0440\u043e\u043c\u044b\u0448\u043b\u0435\u043d\u043d\u044b\u0445 \u0434\u0430\u0442\u0447\u0438\u043a\u043e\u0432 \u0438\u043c\u0435\u044e\u0449\u0438\u0445 RS-485 \u0438\u043d\u0442\u0435\u0440\u0444\u0435\u0439\u0441 (4 \u0434\u0430\u0442\u0447\u0438\u043a\u0430, \u043a\u0430\u043a \u043f\u0440\u0438\u043c\u0435\u0440 \u0442\u0435\u043c\u043f\u0435\u0440\u0430\u0442\u0443\u0440\u0430+\u0432\u043b\u0430\u0436\u043d\u043e\u0441\u0442\u044c). \u0412\u0435\u0440\u0441\u0438\u044f \u043a\u043e\u043d\u0442\u0440\u043e\u043b\u043b\u0435\u0440\u0430 \u0434\u043b\u044f \u0443\u043f\u0440\u0430\u0432\u043b\u0435\u043d\u0438\u044f Icetel 2, \u0438\u043c\u0435\u0435\u0442 (4 \u0440\u0435\u043b\u0435\u0439\u043d\u044b\u0445 \u0432\u044b\u0445\u043e\u0434\u0430). \u0412\u0435\u0440\u0441\u0438\u044f \u043a\u043e\u043d\u0442\u0440\u043e\u043b\u043b\u0435\u0440\u0430 \u0434\u043b\u044f \u0443\u043f\u0440\u0430\u0432\u043b\u0435\u043d\u0438\u044f Icetel 3 \u0434\u043b\u044f \u0441\u0431\u043e\u0440\u0430 \u043f\u043e\u043a\u0430\u0437\u0430\u0442\u0435\u043b\u0435\u0439 \u0441\u0447\u0451\u0442\u0447\u0438\u043a\u043e\u0432 \u0443\u0447\u0451\u0442\u0430 \u0438\u043c\u0435\u044e\u0449\u0438\u0445 \u0438\u043c\u043f\u0443\u043b\u044c\u0441\u043d\u044b\u0439 \u0432\u044b\u0445\u043e\u0434. \u041c\u0430\u043a\u0441\u0438\u043c\u0430\u043b\u044c\u043d\u0430\u044f \u0434\u043b\u0438\u043d\u043d\u0430 \u043a\u0430\u0431\u0435\u043b\u044f \u043e\u0442 \u0434\u0430\u0442\u0447\u0438\u043a\u0430 \u0434\u043e \u043a\u043e\u043d\u0442\u0440\u043e\u043b\u043b\u0435\u0440\u0430 1 \u043a\u043c. \u0414\u043b\u044f \u043f\u0440\u043e\u0441\u043c\u043e\u0442\u0440\u0430 \u0434\u0430\u043d\u043d\u044b\u0445 \u0438 \u043f\u043e\u043a\u0430\u0437\u0430\u0442\u0435\u043b\u0435\u0439 \u0441\u0447\u0451\u0442\u0447\u0438\u043a\u043e\u0432, \u0438\u0441\u043f\u043e\u043b\u044c\u0437\u0443\u0435\u0442\u0441\u044f \u043c\u043e\u0431\u0438\u043b\u044c\u043d\u043e\u0435 \u043f\u0440\u0438\u043b\u043e\u0436\u0435\u043d\u0438\u0435 \u043a\u0430\u043a \u0438 \u0434\u043b\u044f \u0443\u043f\u0440\u0430\u0432\u043b\u0435\u043d\u0438\u044f \u043d\u0430 4-\u0445. \u0441\u043c\u0430\u0440\u0442\u0444\u043e\u043d\u0430\u0445 \u043e\u0434\u043d\u043e\u0432\u0440\u0435\u043c\u0435\u043d\u043d\u043e, \u0432 \u0431\u0430\u0437\u043e\u0432\u043e\u0439 \u0432\u0435\u0440\u0441\u0438\u0438 \u0431\u0435\u0441\u043f\u043b\u0430\u0442\u043d\u043e. \u0417\u0430\u043a\u0430\u0437\u0430\u0442\u044c\",\"breadcrumb\":{\"@id\":\"https:\\\/\\\/regmik.ua\\\/product\\\/promyshlennyj-internet-veshhej-kontroller-icetel\\\/#breadcrumb\"},\"inLanguage\":\"cs\",\"potentialAction\":[{\"@type\":\"ReadAction\",\"target\":[\"https:\\\/\\\/regmik.ua\\\/product\\\/promyshlennyj-internet-veshhej-kontroller-icetel\\\/\"]}]},{\"@type\":\"ImageObject\",\"inLanguage\":\"cs\",\"@id\":\"https:\\\/\\\/regmik.ua\\\/product\\\/promyshlennyj-internet-veshhej-kontroller-icetel\\\/#primaryimage\",\"url\":\"https:\\\/\\\/regmik.ua\\\/wp-content\\\/uploads\\\/2019\\\/08\\\/box_mpc_v1p.jpg\",\"contentUrl\":\"https:\\\/\\\/regmik.ua\\\/wp-content\\\/uploads\\\/2019\\\/08\\\/box_mpc_v1p.jpg\",\"width\":1038,\"height\":649,\"caption\":\"\u041f\u0420\u041e\u041c\u042b\u0428\u041b\u0415\u041d\u041d\u042b\u0419 \u0418\u041d\u0422\u0415\u0420\u041d\u0415\u0422 \u0412\u0415\u0429\u0415\u0419 \u041a\u041e\u041d\u0422\u0420\u041e\u041b\u041b\u0415\u0420 ICETEL 1\"},{\"@type\":\"BreadcrumbList\",\"@id\":\"https:\\\/\\\/regmik.ua\\\/product\\\/promyshlennyj-internet-veshhej-kontroller-icetel\\\/#breadcrumb\",\"itemListElement\":[{\"@type\":\"ListItem\",\"position\":1,\"name\":\"\u0413\u043b\u0430\u0432\u043d\u0430\u044f \u0441\u0442\u0440\u0430\u043d\u0438\u0446\u0430\",\"item\":\"https:\\\/\\\/regmik.ua\\\/\"},{\"@type\":\"ListItem\",\"position\":2,\"name\":\"\u041f\u0440\u043e\u0434\u0443\u043a\u0446\u0438\u044f\",\"item\":\"https:\\\/\\\/regmik.ua\\\/uk\\\/products\\\/\"},{\"@type\":\"ListItem\",\"position\":3,\"name\":\"\u041f\u0440\u043e\u043c\u044b\u0448\u043b\u0435\u043d\u043d\u044b\u0439 \u0438\u043d\u0442\u0435\u0440\u043d\u0435\u0442 \u0432\u0435\u0449\u0435\u0439 \u043a\u043e\u043d\u0442\u0440\u043e\u043b\u043b\u0435\u0440 Icetel\"}]},{\"@type\":\"WebSite\",\"@id\":\"https:\\\/\\\/regmik.ua\\\/uk\\\/#website\",\"url\":\"https:\\\/\\\/regmik.ua\\\/uk\\\/\",\"name\":\"REGMIK\",\"description\":\"\u0418\u0437\u043c\u0435\u0440\u0438\u0442\u0435\u043b\u044c\u043d\u044b\u0435 \u043f\u0440\u0438\u0431\u043e\u0440\u044b \u0438 \u0434\u0430\u0442\u0447\u0438\u043a\u0438 \u0442\u0435\u043c\u043f\u0435\u0440\u0430\u0442\u0443\u0440\u044b\",\"publisher\":{\"@id\":\"https:\\\/\\\/regmik.ua\\\/uk\\\/#organization\"},\"alternateName\":\"REGMIK\",\"potentialAction\":[{\"@type\":\"SearchAction\",\"target\":{\"@type\":\"EntryPoint\",\"urlTemplate\":\"https:\\\/\\\/regmik.ua\\\/uk\\\/?s={search_term_string}\"},\"query-input\":{\"@type\":\"PropertyValueSpecification\",\"valueRequired\":true,\"valueName\":\"search_term_string\"}}],\"inLanguage\":\"cs\"},{\"@type\":\"Organization\",\"@id\":\"https:\\\/\\\/regmik.ua\\\/uk\\\/#organization\",\"name\":\"REGMIK\",\"alternateName\":\"\u0420\u0415\u0413\u041c\u0418\u041a\",\"url\":\"https:\\\/\\\/regmik.ua\\\/uk\\\/\",\"logo\":{\"@type\":\"ImageObject\",\"inLanguage\":\"cs\",\"@id\":\"https:\\\/\\\/regmik.ua\\\/uk\\\/#\\\/schema\\\/logo\\\/image\\\/\",\"url\":\"https:\\\/\\\/regmik.ua\\\/wp-content\\\/uploads\\\/2020\\\/03\\\/regmik_logo.png\",\"contentUrl\":\"https:\\\/\\\/regmik.ua\\\/wp-content\\\/uploads\\\/2020\\\/03\\\/regmik_logo.png\",\"width\":194,\"height\":45,\"caption\":\"REGMIK\"},\"image\":{\"@id\":\"https:\\\/\\\/regmik.ua\\\/uk\\\/#\\\/schema\\\/logo\\\/image\\\/\"},\"sameAs\":[\"https:\\\/\\\/www.facebook.com\\\/regmik.npf\",\"https:\\\/\\\/x.com\\\/regmiknpf\",\"https:\\\/\\\/www.youtube.com\\\/channel\\\/UC_SrY98SKAmR3Kt95GcVKcw\"]}]}<\/script>","yoast_head_json":{"title":"Kontrol\u00e9r pr\u016fmyslov\u00e9ho internetu v\u011bc\u00ed Icetel","description":"Navr\u017eeno pro sb\u011br dat z jak\u00fdchkoli pr\u016fmyslov\u00fdch senzor\u016f s rozhran\u00edm RS-485 (4 senzory, nap\u0159\u00edklad teplota + vlhkost). Verze ovlada\u010de pro ovl\u00e1d\u00e1n\u00ed Icetel 2, m\u00e1 (4 rel\u00e9ov\u00e9 v\u00fdstupy). Verze ovlada\u010de pro ovl\u00e1d\u00e1n\u00ed Icetel 3 pro sb\u011br ode\u010dt\u016f m\u011b\u0159i\u010de s pulzn\u00edm v\u00fdstupem. Maxim\u00e1ln\u00ed d\u00e9lka kabelu od senzoru k ovlada\u010di je 1 km. Pro zobrazen\u00ed dat a indik\u00e1tor\u016f \u010d\u00edta\u010d\u016f se pou\u017e\u00edv\u00e1 mobiln\u00ed aplikace, stejn\u011b jako pro ovl\u00e1d\u00e1n\u00ed na 4. smartphony sou\u010dasn\u011b, v z\u00e1kladn\u00ed verzi zdarma. Objednat","robots":{"index":"index","follow":"follow","max-snippet":"max-snippet:-1","max-image-preview":"max-image-preview:large","max-video-preview":"max-video-preview:-1"},"canonical":"https:\/\/regmik.ua\/cs\/produkt\/promyshlennyj-internet-veshhej-kontroller-icetel\/","schema":{"@context":"https:\/\/schema.org","@graph":[{"@type":"WebPage","@id":"https:\/\/regmik.ua\/product\/promyshlennyj-internet-veshhej-kontroller-icetel\/","url":"https:\/\/regmik.ua\/product\/promyshlennyj-internet-veshhej-kontroller-icetel\/","name":"Kontrol\u00e9r pr\u016fmyslov\u00e9ho internetu v\u011bc\u00ed Icetel","isPartOf":{"@id":"https:\/\/regmik.ua\/uk\/#website"},"primaryImageOfPage":{"@id":"https:\/\/regmik.ua\/product\/promyshlennyj-internet-veshhej-kontroller-icetel\/#primaryimage"},"image":{"@id":"https:\/\/regmik.ua\/product\/promyshlennyj-internet-veshhej-kontroller-icetel\/#primaryimage"},"thumbnailUrl":"https:\/\/regmik.ua\/wp-content\/uploads\/2019\/08\/box_mpc_v1p.jpg","datePublished":"2019-08-29T19:07:16+00:00","dateModified":"2020-08-20T05:20:10+00:00","description":"Navr\u017eeno pro sb\u011br dat z libovoln\u00fdch pr\u016fmyslov\u00fdch senzor\u016f s rozhran\u00edm RS-485 (4 senzory, nap\u0159\u00edklad teplota + vlhkost). Verze ovlada\u010de Icetel 2, m\u00e1 (4 rel\u00e9ov\u00e9 v\u00fdstupy). Verze ovlada\u010de Icetel 3 pro sb\u011br ode\u010dt\u016f m\u011b\u0159i\u010d\u016f s pulzn\u00edm v\u00fdstupem. Maxim\u00e1ln\u00ed d\u00e9lka kabelu od sn\u00edma\u010de k ovlada\u010di je 1 km. Pro zobrazen\u00ed dat a ukazatel\u016f po\u010d\u00edtadel slou\u017e\u00ed mobiln\u00ed aplikace, stejn\u011b jako pro ovl\u00e1d\u00e1n\u00ed na 4. smartphony z\u00e1rove\u0148, v z\u00e1kladn\u00ed verzi zdarma. Objednat","breadcrumb":{"@id":"https:\/\/regmik.ua\/product\/promyshlennyj-internet-veshhej-kontroller-icetel\/#breadcrumb"},"inLanguage":"cs","potentialAction":[{"@type":"ReadAction","target":["https:\/\/regmik.ua\/product\/promyshlennyj-internet-veshhej-kontroller-icetel\/"]}]},{"@type":"ImageObject","inLanguage":"cs","@id":"https:\/\/regmik.ua\/product\/promyshlennyj-internet-veshhej-kontroller-icetel\/#primaryimage","url":"https:\/\/regmik.ua\/wp-content\/uploads\/2019\/08\/box_mpc_v1p.jpg","contentUrl":"https:\/\/regmik.ua\/wp-content\/uploads\/2019\/08\/box_mpc_v1p.jpg","width":1038,"height":649,"caption":"\u041f\u0420\u041e\u041c\u042b\u0428\u041b\u0415\u041d\u041d\u042b\u0419 \u0418\u041d\u0422\u0415\u0420\u041d\u0415\u0422 \u0412\u0415\u0429\u0415\u0419 \u041a\u041e\u041d\u0422\u0420\u041e\u041b\u041b\u0415\u0420 ICETEL 1"},{"@type":"BreadcrumbList","@id":"https:\/\/regmik.ua\/product\/promyshlennyj-internet-veshhej-kontroller-icetel\/#breadcrumb","itemListElement":[{"@type":"ListItem","position":1,"name":"\u0413\u043b\u0430\u0432\u043d\u0430\u044f \u0441\u0442\u0440\u0430\u043d\u0438\u0446\u0430","item":"https:\/\/regmik.ua\/"},{"@type":"ListItem","position":2,"name":"\u041f\u0440\u043e\u0434\u0443\u043a\u0446\u0438\u044f","item":"https:\/\/regmik.ua\/uk\/products\/"},{"@type":"ListItem","position":3,"name":"\u041f\u0440\u043e\u043c\u044b\u0448\u043b\u0435\u043d\u043d\u044b\u0439 \u0438\u043d\u0442\u0435\u0440\u043d\u0435\u0442 \u0432\u0435\u0449\u0435\u0439 \u043a\u043e\u043d\u0442\u0440\u043e\u043b\u043b\u0435\u0440 Icetel"}]},{"@type":"WebSite","@id":"https:\/\/regmik.ua\/uk\/#website","url":"https:\/\/regmik.ua\/uk\/","name":"REGMIK","description":"M\u011b\u0159ic\u00ed p\u0159\u00edstroje a sn\u00edma\u010de teploty","publisher":{"@id":"https:\/\/regmik.ua\/uk\/#organization"},"alternateName":"REGMIK","potentialAction":[{"@type":"SearchAction","target":{"@type":"EntryPoint","urlTemplate":"https:\/\/regmik.ua\/uk\/?s={search_term_string}"},"query-input":{"@type":"PropertyValueSpecification","valueRequired":true,"valueName":"search_term_string"}}],"inLanguage":"cs"},{"@type":"Organization","@id":"https:\/\/regmik.ua\/uk\/#organization","name":"REGMIK","alternateName":"\u0420\u0415\u0413\u041c\u0418\u041a","url":"https:\/\/regmik.ua\/uk\/","logo":{"@type":"ImageObject","inLanguage":"cs","@id":"https:\/\/regmik.ua\/uk\/#\/schema\/logo\/image\/","url":"https:\/\/regmik.ua\/wp-content\/uploads\/2020\/03\/regmik_logo.png","contentUrl":"https:\/\/regmik.ua\/wp-content\/uploads\/2020\/03\/regmik_logo.png","width":194,"height":45,"caption":"REGMIK"},"image":{"@id":"https:\/\/regmik.ua\/uk\/#\/schema\/logo\/image\/"},"sameAs":["https:\/\/www.facebook.com\/regmik.npf","https:\/\/x.com\/regmiknpf","https:\/\/www.youtube.com\/channel\/UC_SrY98SKAmR3Kt95GcVKcw"]}]}},"_links":{"self":[{"href":"https:\/\/regmik.ua\/cs\/wp-json\/wp\/v2\/product\/19764","targetHints":{"allow":["GET"]}}],"collection":[{"href":"https:\/\/regmik.ua\/cs\/wp-json\/wp\/v2\/product"}],"about":[{"href":"https:\/\/regmik.ua\/cs\/wp-json\/wp\/v2\/types\/product"}],"replies":[{"embeddable":true,"href":"https:\/\/regmik.ua\/cs\/wp-json\/wp\/v2\/comments?post=19764"}],"version-history":[{"count":0,"href":"https:\/\/regmik.ua\/cs\/wp-json\/wp\/v2\/product\/19764\/revisions"}],"wp:featuredmedia":[{"embeddable":true,"href":"https:\/\/regmik.ua\/cs\/wp-json\/wp\/v2\/media\/19765"}],"wp:attachment":[{"href":"https:\/\/regmik.ua\/cs\/wp-json\/wp\/v2\/media?parent=19764"}],"wp:term":[{"taxonomy":"product_brand","embeddable":true,"href":"https:\/\/regmik.ua\/cs\/wp-json\/wp\/v2\/product_brand?post=19764"},{"taxonomy":"product_cat","embeddable":true,"href":"https:\/\/regmik.ua\/cs\/wp-json\/wp\/v2\/product_cat?post=19764"},{"taxonomy":"product_tag","embeddable":true,"href":"https:\/\/regmik.ua\/cs\/wp-json\/wp\/v2\/product_tag?post=19764"}],"curies":[{"name":"wp","href":"https:\/\/api.w.org\/{rel}","templated":true}]}}