{"id":19717,"date":"2019-08-12T10:09:24","date_gmt":"2019-08-12T08:09:24","guid":{"rendered":"https:\/\/regmik.com.ua\/?post_type=product&#038;p=19717"},"modified":"2023-11-29T15:08:56","modified_gmt":"2023-11-29T13:08:56","slug":"termoelektricheskie-preobrazovateli-temperatury-s-unifitsirovannym-vyhodnym-tokovym-signalom-4-20-ma-modifikatsiya-002","status":"publish","type":"product","link":"https:\/\/regmik.ua\/cs\/product\/termoelektricheskie-preobrazovateli-temperatury-s-unifitsirovannym-vyhodnym-tokovym-signalom-4-20-ma-modifikatsiya-002\/","title":{"rendered":"Termo\u010dl\u00e1nek s unifikovan\u00fdm v\u00fdstupem 4-20 mA THAU-002, THKU-002, TZHKU-002"},"content":{"rendered":"<p><a href=\"https:\/\/uk.wikipedia.org\/wiki\/%D0%A2%D0%B5%D1%80%D0%BC%D0%BE%D0%BF%D0%B0%D1%80%D0%B0\">Termo\u010dl\u00e1nek<\/a> s v\u00fdstupem 4-20 mA (termoelektrick\u00fd sn\u00edma\u010d teploty, teplotn\u00ed \u010didlo se sjednocen\u00fdm v\u00fdstupn\u00edm proudov\u00fdm sign\u00e1lem 4-20 mA) <strong>TY-002<\/strong>, <strong>THKU-002<\/strong>, <strong>TZHKU-002<\/strong>\u00a0je ur\u010den k p\u0159evodu teploty pracovn\u00edho konce termo\u010dl\u00e1nku na termo-EMF a n\u00e1sledn\u00fd p\u0159evod na unifikovan\u00fd v\u00fdstupn\u00ed proudov\u00fd sign\u00e1l 4-20 mA.<\/p>\n<p>Termo\u010dl\u00e1nky se pou\u017e\u00edvaj\u00ed k m\u011b\u0159en\u00ed teploty kapaln\u00fdch, sypk\u00fdch a plynn\u00fdch m\u00e9di\u00ed, kter\u00e1 neobsahuj\u00ed l\u00e1tky, kter\u00e9 interaguj\u00ed s materi\u00e1lem ochrann\u00fdch armatur a p\u0159ipojovac\u00edho kabelu.<\/p>\n<p>Oblast pou\u017eit\u00ed termo\u010dl\u00e1nk\u016f s jednotn\u00fdm v\u00fdstupn\u00edm sign\u00e1lem 4-20 mA - syst\u00e9my pro sledov\u00e1n\u00ed a regulaci teploty technologick\u00fdch proces\u016f v r\u016fzn\u00fdch oblastech pr\u016fmyslu, zem\u011bd\u011blstv\u00ed a komun\u00e1ln\u00edch slu\u017eeb, ka\u017edodenn\u00edho \u017eivota.<\/p>\n<h3>Jak funguje termo\u010dl\u00e1nek<\/h3>\n<p>Princip \u010dinnosti termo\u010dl\u00e1nku je zalo\u017een na Seebeckov\u011b termoelektrick\u00e9m jevu. Termo\u010dl\u00e1nek m\u00e1 dva p\u00e1jen\u00e9 konce, jeden konec je um\u00edst\u011bn v m\u011b\u0159ic\u00edm prost\u0159ed\u00ed a naz\u00fdv\u00e1 se pracovn\u00ed nebo hork\u00fd spoj a druh\u00fd konec, v m\u00edst\u011b p\u0159ipojen\u00ed ke vstupu za\u0159\u00edzen\u00ed, je studen\u00fd spoj. Zp\u016fsoby v\u00fdroby hork\u00e9ho spoje jsou zobrazeny na obr\u00e1zku 1. Kdy\u017e v obvodu dojde k teplotn\u00edmu rozd\u00edlu mezi hork\u00fdm a studen\u00fdm spojem, dojde k termo-EMF, jeho\u017e hodnota se p\u0159ivede na vstup.<\/p>\n<p><a href=\"https:\/\/regmik.ua\/wp-content\/uploads\/2017\/02\/sposoby-izgotovleniya-goryachego-spaya.jpg\"><img decoding=\"async\" class=\"alignnone size-medium wp-image-26208\" src=\"https:\/\/regmik.ua\/wp-content\/uploads\/2017\/02\/sposoby-izgotovleniya-goryachego-spaya-280x144.jpg\" alt=\"\" width=\"280\" height=\"144\" \/><\/a><\/p>\n<p>Obr\u00e1zek 1 - <strong>Metody v\u00fdroby za horka<\/strong><\/p>\n<p>Pracovn\u00ed k\u0159i\u017eovatka je um\u00edst\u011bna v ochrann\u00e9 armatu\u0159e. Spojen\u00ed termo\u010dl\u00e1nku je k dispozici v r\u016fzn\u00fdch konfigurac\u00edch. Spoj m\u016f\u017ee b\u00fdt uzemn\u011bn nebo neuzemn\u011bn a dvou\u010dl\u00e1nkov\u00e9 termo\u010dl\u00e1nky mohou b\u00fdt izolovan\u00e9 nebo neizolovan\u00e9. Konfigurace hork\u00e9ho spoje jsou zobrazeny na obr\u00e1zku 2.<\/p>\n<p><a href=\"https:\/\/regmik.ua\/wp-content\/uploads\/2017\/02\/konfiguracii-goryachih-spaev.jpg\"><img fetchpriority=\"high\" decoding=\"async\" class=\"alignnone size-medium wp-image-26209\" src=\"https:\/\/regmik.ua\/wp-content\/uploads\/2017\/02\/konfiguracii-goryachih-spaev-280x233.jpg\" alt=\"\" width=\"280\" height=\"233\" \/><\/a><\/p>\n<p>Obr\u00e1zek 2 - <strong>Konfigurace hork\u00e9ho spojen\u00ed<\/strong><\/p>\n<p>Uzemn\u011bn\u00e9 spojen\u00ed termo\u010dl\u00e1nku se vytvo\u0159\u00ed, kdy\u017e je spojen\u00ed termo\u010dl\u00e1nku p\u0159ipojeno k pl\u00e1\u0161ti sn\u00edma\u010de. Uzemn\u011bn\u00e9 uzly maj\u00ed lep\u0161\u00ed tepelnou vodivost, co\u017e zase zlep\u0161uje doby odezvy. Uzemn\u011bn\u00ed v\u0161ak tak\u00e9 zvy\u0161uje citlivost obvod\u016f termo\u010dl\u00e1nk\u016f na elektrick\u00fd \u0161um, kter\u00fd m\u016f\u017ee naru\u0161it nap\u011b\u0165ov\u00fd sign\u00e1l termo\u010dl\u00e1nku, pokud tester neposkytne izolaci. V\u0161echny vysoce kvalitn\u00ed vys\u00edla\u010de a desky I \/ O jsou standardn\u011b elektricky izolov\u00e1ny. Uzemn\u011bn\u00fd spoj je tak\u00e9 n\u00e1chyln\u011bj\u0161\u00ed k chemick\u00e9 kontaminaci v pr\u016fb\u011bhu \u010dasu.<\/p>\n<p>Termoelektrick\u00e9 p\u0159evodn\u00edky s otev\u0159en\u00fdm spojem maj\u00ed hork\u00fd spoj, kter\u00fd vy\u010dn\u00edv\u00e1 z ut\u011bsn\u011bn\u00e9ho konce pl\u00e1\u0161t\u011b a poskytuje vysokou dobu odezvy. Ut\u011bsn\u011bn\u00ed zabra\u0148uje vniknut\u00ed vlhkosti nebo jin\u00fdch ne\u010distot do pl\u00e1\u0161t\u011b. Tyto termo\u010dl\u00e1nky se obvykle pou\u017e\u00edvaj\u00ed pouze v nekorozivn\u00edch plynech, jako jsou vzduchov\u00e9 kan\u00e1ly.<\/p>\n<p>Neuzemn\u011bn\u00e9 spoje se z\u00edskaj\u00ed, kdy\u017e termo\u010dl\u00e1nkov\u00e9 prvky nejsou p\u0159ipojeny k pl\u00e1\u0161ti prim\u00e1rn\u00edho p\u0159evodn\u00edku, ale jsou obklopeny izola\u010dn\u00edm pr\u00e1\u0161kem. Neuzemn\u011bn\u00e9 uzly jsou pon\u011bkud pomalej\u0161\u00ed ne\u017e uzemn\u011bn\u00e9, ale jsou m\u00e9n\u011b citliv\u00e9 na elektrick\u00fd \u0161um.<\/p>\n<p>Struktur\u00e1ln\u011b <a href=\"https:\/\/uk.wikipedia.org\/wiki\/%D0%A2%D0%B5%D1%80%D0%BC%D0%BE%D0%BF%D0%B0%D1%80%D0%B0\">termo\u010dl\u00e1nek<\/a>\u00a0s v\u00fdstupem 4-20 mA (Modifikace - 002) jsou teplotn\u00ed senzory <a href=\"https:\/\/regmik.ua\/ru\/product\/datchik-temperaturyi-modifikatsiya-002\/\">\u00dapravy 002<\/a> s deskou plo\u0161n\u00fdch spoj\u016f 4-20 mA zabudovanou do hlavice termin\u00e1lu.<\/p>\n<h3>Hlavn\u00ed technick\u00e9 vlastnosti termo\u010dl\u00e1nk\u016f 4-20 mA<\/h3>\n<ul>\n<li>\u00a0Rozsah provozn\u00edch teplot v z\u00e1vislosti na typu termo\u010dl\u00e1nku - (0-1100) \u00b0 \u0421;<\/li>\n<li>Rozsah okoln\u00ed teploty kolem desky p\u0159evodn\u00edku 4-20 mA - od 5 do 55 \u00b0 C;<\/li>\n<li>Sch\u00e9ma p\u0159ipojen\u00ed m\u011b\u0159ic\u00edho prvku - dvouvodi\u010dov\u00e9;<\/li>\n<li>\u00a0Typ termo\u010dl\u00e1nku termo\u010dl\u00e1nek s v\u00fdstupem 4-20 mA - K, L, J;<\/li>\n<li>\u00a0Ochrann\u00fd v\u00fdztu\u017en\u00fd materi\u00e1l - nerezov\u00e1 ocel 12x18H10T;<\/li>\n<li>\u00a0Stupe\u0148 ochrany proti prachu a vod\u011b - IP54;<\/li>\n<li>\u00a0Konstrukce - neodd\u011bliteln\u00e1;<\/li>\n<li>\u00a0Izola\u010dn\u00ed odpor - ne m\u00e9n\u011b ne\u017e 100 megohm\u016f;<\/li>\n<li>\u00a0V\u00fdstupn\u00ed sign\u00e1l - 4-20 mA;<\/li>\n<li>\u00a0DC nap\u00e1jec\u00ed nap\u011bt\u00ed - 12-36 V;<\/li>\n<li>\u00a0Spot\u0159eba proudu, ne v\u00edce - 40 mA;<\/li>\n<li>\u00a0Mez p\u0159\u00edpustn\u00e9 hodnoty z\u00e1kladn\u00ed chyby, nejv\u00fd\u0161e - 1% (regulovan\u00e1 pro teplotu 25 \u00b0 C provozu desky p\u0159evodn\u00edku 4-20 mA).<\/li>\n<\/ul>\n<p>Mohlo by v\u00e1s zaj\u00edmat Termoelektrick\u00e9 p\u0159evodn\u00edky teploty se sjednocen\u00fdm v\u00fdstupn\u00edm sign\u00e1lem 4-20 mA (Modifikace - 001) <a href=\"https:\/\/regmik.ua\/product\/termoelektricheskie-preobrazovateli-temperatury-s-unifitsirovannym-vyhodnym-tokovym-signalom-4-20-ma-modifikatsiya-002\/\">THAU-001, THKU-001, TZHKU-001<\/a>, kter\u00fd na rozd\u00edl od modifikace 002 nem\u00e1 pohybliv\u00e9 nebo sva\u0159ovan\u00e9 spojen\u00ed.<\/p>\n<p>\u00dapln\u00e9 ozna\u010den\u00ed termo\u010dl\u00e1nk\u016f p\u0159i objedn\u00e1vce:\u00a0<strong>REGMIK-PTU-THAU-002<\/strong>, <strong>REGMIK-PTU-THKU-002<\/strong>, <strong>REGMIK-PTU-TJKU-002<\/strong>.<\/p>","protected":false},"excerpt":{"rendered":"<p><a href=\"https:\/\/uk.wikipedia.org\/wiki\/\u0422\u0435\u0440\u043c\u043e\u043f\u0430\u0440\u0430\">Termo\u010dl\u00e1nek<\/a> s v\u00fdstupem 4-20 mA (termoelektrick\u00fd sn\u00edma\u010d teploty, teplotn\u00ed \u010didlo se sjednocen\u00fdm v\u00fdstupn\u00edm proudov\u00fdm sign\u00e1lem 4-20 mA) REGMIK-PTU-THAU, REGMIK-PTU-TKHKU, REGMIK-PTU-TZHKU (d\u00e1le jen PTU) je navr\u017een tak, aby p\u0159ev\u00e9st teplotu termo\u010dl\u00e1nk\u016f pracovn\u00edho konce na termo-EMF a n\u00e1slednou p\u0159em\u011bnu na jednotn\u00fd v\u00fdstupn\u00ed proudov\u00fd sign\u00e1l 4-20 mA.<\/p>","protected":false},"featured_media":19673,"comment_status":"open","ping_status":"closed","template":"","meta":[],"product_brand":[],"product_cat":[601],"product_tag":[3228,3229,3232,3230,3231],"class_list":{"0":"post-19717","1":"product","2":"type-product","3":"status-publish","4":"has-post-thumbnail","6":"product_cat-sensors-with-standardized-output-signal","7":"product_tag-termopara","8":"product_tag-termoelektricheskij-preobrazovatel","9":"product_tag-tzhku","10":"product_tag-thau","11":"product_tag-thku","12":"pa_head-type-carbolit","13":"pa_head-type-dural","16":"instock","17":"shipping-taxable","18":"purchasable","19":"product-type-variable"},"yoast_head":"<title>\u0422\u0435\u0440\u043c\u043e\u043f\u0430\u0440\u0430 \u0441 \u0432\u044b\u0445\u043e\u0434\u043e\u043c 4-20 \u043c\u0410 (\u0442\u0435\u0440\u043c\u043e\u043f\u0440\u0435\u043e\u0431\u0440\u0430\u0437\u043e\u0432\u0430\u0442\u0435\u043b\u044c) &#8211; \u0420\u0415\u0413\u041c\u0406\u041a, \u041d\u0412\u0424, \u041f\u041f<\/title>\n<meta name=\"description\" content=\"\u0422\u0435\u0440\u043c\u043e\u043f\u0430\u0440\u0430 (\u0442\u0435\u0440\u043c\u043e\u043f\u0440\u0435\u043e\u0431\u0440\u0430\u0437\u043e\u0432\u0430\u0442\u0435\u043b\u044c, \u0434\u0430\u0442\u0447\u0438\u043a \u0442\u0435\u043c\u043f\u0435\u0440\u0430\u0442\u0443\u0440\u044b \u0441 \u0432\u044b\u0445\u043e\u0434\u043e\u043c 4-20 \u043c\u0410 \u0422\u0421\u041f\u0423\u2013002, \u0422\u0421\u041c\u0423-002, \u0422\u0425\u0410\u0423-002, \u0422\u0425\u041a\u0423-002, \u0422\u0416\u041a\u0423-002\" \/>\n<meta name=\"robots\" content=\"index, follow, max-snippet:-1, max-image-preview:large, max-video-preview:-1\" \/>\n<link rel=\"canonical\" href=\"https:\/\/regmik.ua\/cs\/produkt\/termoelektricheskie-preobrazovateli-temperatury-s-unifitsirovannym-vyhodnym-tokovym-signalom-4-20-ma-modifikatsiya-002\/\" \/>\n<script type=\"application\/ld+json\" class=\"yoast-schema-graph\">{\"@context\":\"https:\\\/\\\/schema.org\",\"@graph\":[{\"@type\":\"WebPage\",\"@id\":\"https:\\\/\\\/regmik.ua\\\/product\\\/termoelektricheskie-preobrazovateli-temperatury-s-unifitsirovannym-vyhodnym-tokovym-signalom-4-20-ma-modifikatsiya-002\\\/\",\"url\":\"https:\\\/\\\/regmik.ua\\\/product\\\/termoelektricheskie-preobrazovateli-temperatury-s-unifitsirovannym-vyhodnym-tokovym-signalom-4-20-ma-modifikatsiya-002\\\/\",\"name\":\"\u0422\u0435\u0440\u043c\u043e\u043f\u0430\u0440\u0430 \u0441 \u0432\u044b\u0445\u043e\u0434\u043e\u043c 4-20 \u043c\u0410 (\u0442\u0435\u0440\u043c\u043e\u043f\u0440\u0435\u043e\u0431\u0440\u0430\u0437\u043e\u0432\u0430\u0442\u0435\u043b\u044c) &#8211; \u0420\u0415\u0413\u041c\u0406\u041a, \u041d\u0412\u0424, \u041f\u041f\",\"isPartOf\":{\"@id\":\"https:\\\/\\\/regmik.ua\\\/uk\\\/#website\"},\"primaryImageOfPage\":{\"@id\":\"https:\\\/\\\/regmik.ua\\\/product\\\/termoelektricheskie-preobrazovateli-temperatury-s-unifitsirovannym-vyhodnym-tokovym-signalom-4-20-ma-modifikatsiya-002\\\/#primaryimage\"},\"image\":{\"@id\":\"https:\\\/\\\/regmik.ua\\\/product\\\/termoelektricheskie-preobrazovateli-temperatury-s-unifitsirovannym-vyhodnym-tokovym-signalom-4-20-ma-modifikatsiya-002\\\/#primaryimage\"},\"thumbnailUrl\":\"https:\\\/\\\/regmik.ua\\\/wp-content\\\/uploads\\\/2019\\\/08\\\/photo_2019-08-08_16-01-47-2.jpg\",\"datePublished\":\"2019-08-12T08:09:24+00:00\",\"dateModified\":\"2023-11-29T13:08:56+00:00\",\"description\":\"\u0422\u0435\u0440\u043c\u043e\u043f\u0430\u0440\u0430 (\u0442\u0435\u0440\u043c\u043e\u043f\u0440\u0435\u043e\u0431\u0440\u0430\u0437\u043e\u0432\u0430\u0442\u0435\u043b\u044c, \u0434\u0430\u0442\u0447\u0438\u043a \u0442\u0435\u043c\u043f\u0435\u0440\u0430\u0442\u0443\u0440\u044b \u0441 \u0432\u044b\u0445\u043e\u0434\u043e\u043c 4-20 \u043c\u0410 \u0422\u0421\u041f\u0423\u2013002, \u0422\u0421\u041c\u0423-002, \u0422\u0425\u0410\u0423-002, \u0422\u0425\u041a\u0423-002, \u0422\u0416\u041a\u0423-002\",\"breadcrumb\":{\"@id\":\"https:\\\/\\\/regmik.ua\\\/product\\\/termoelektricheskie-preobrazovateli-temperatury-s-unifitsirovannym-vyhodnym-tokovym-signalom-4-20-ma-modifikatsiya-002\\\/#breadcrumb\"},\"inLanguage\":\"cs\",\"potentialAction\":[{\"@type\":\"ReadAction\",\"target\":[\"https:\\\/\\\/regmik.ua\\\/product\\\/termoelektricheskie-preobrazovateli-temperatury-s-unifitsirovannym-vyhodnym-tokovym-signalom-4-20-ma-modifikatsiya-002\\\/\"]}]},{\"@type\":\"ImageObject\",\"inLanguage\":\"cs\",\"@id\":\"https:\\\/\\\/regmik.ua\\\/product\\\/termoelektricheskie-preobrazovateli-temperatury-s-unifitsirovannym-vyhodnym-tokovym-signalom-4-20-ma-modifikatsiya-002\\\/#primaryimage\",\"url\":\"https:\\\/\\\/regmik.ua\\\/wp-content\\\/uploads\\\/2019\\\/08\\\/photo_2019-08-08_16-01-47-2.jpg\",\"contentUrl\":\"https:\\\/\\\/regmik.ua\\\/wp-content\\\/uploads\\\/2019\\\/08\\\/photo_2019-08-08_16-01-47-2.jpg\",\"width\":800,\"height\":1024,\"caption\":\"\u0422\u0435\u0440\u043c\u043e\u043f\u0430\u0440\u0430\"},{\"@type\":\"BreadcrumbList\",\"@id\":\"https:\\\/\\\/regmik.ua\\\/product\\\/termoelektricheskie-preobrazovateli-temperatury-s-unifitsirovannym-vyhodnym-tokovym-signalom-4-20-ma-modifikatsiya-002\\\/#breadcrumb\",\"itemListElement\":[{\"@type\":\"ListItem\",\"position\":1,\"name\":\"\u0413\u043b\u0430\u0432\u043d\u0430\u044f \u0441\u0442\u0440\u0430\u043d\u0438\u0446\u0430\",\"item\":\"https:\\\/\\\/regmik.ua\\\/\"},{\"@type\":\"ListItem\",\"position\":2,\"name\":\"\u041f\u0440\u043e\u0434\u0443\u043a\u0446\u0438\u044f\",\"item\":\"https:\\\/\\\/regmik.ua\\\/uk\\\/products\\\/\"},{\"@type\":\"ListItem\",\"position\":3,\"name\":\"\u0422\u0435\u0440\u043c\u043e\u043f\u0430\u0440\u0430 \u0441 \u0443\u043d\u0438\u0444\u0438\u0446\u0438\u0440\u043e\u0432\u0430\u043d\u043d\u044b\u043c \u0432\u044b\u0445\u043e\u0434\u043e\u043c 4-20 \u043c\u0410 \u0422\u0425\u0410\u0423-002, \u0422\u0425\u041a\u0423-002, \u0422\u0416\u041a\u0423-002\"}]},{\"@type\":\"WebSite\",\"@id\":\"https:\\\/\\\/regmik.ua\\\/uk\\\/#website\",\"url\":\"https:\\\/\\\/regmik.ua\\\/uk\\\/\",\"name\":\"REGMIK\",\"description\":\"\u0418\u0437\u043c\u0435\u0440\u0438\u0442\u0435\u043b\u044c\u043d\u044b\u0435 \u043f\u0440\u0438\u0431\u043e\u0440\u044b \u0438 \u0434\u0430\u0442\u0447\u0438\u043a\u0438 \u0442\u0435\u043c\u043f\u0435\u0440\u0430\u0442\u0443\u0440\u044b\",\"publisher\":{\"@id\":\"https:\\\/\\\/regmik.ua\\\/uk\\\/#organization\"},\"alternateName\":\"REGMIK\",\"potentialAction\":[{\"@type\":\"SearchAction\",\"target\":{\"@type\":\"EntryPoint\",\"urlTemplate\":\"https:\\\/\\\/regmik.ua\\\/uk\\\/?s={search_term_string}\"},\"query-input\":{\"@type\":\"PropertyValueSpecification\",\"valueRequired\":true,\"valueName\":\"search_term_string\"}}],\"inLanguage\":\"cs\"},{\"@type\":\"Organization\",\"@id\":\"https:\\\/\\\/regmik.ua\\\/uk\\\/#organization\",\"name\":\"REGMIK\",\"alternateName\":\"\u0420\u0415\u0413\u041c\u0418\u041a\",\"url\":\"https:\\\/\\\/regmik.ua\\\/uk\\\/\",\"logo\":{\"@type\":\"ImageObject\",\"inLanguage\":\"cs\",\"@id\":\"https:\\\/\\\/regmik.ua\\\/uk\\\/#\\\/schema\\\/logo\\\/image\\\/\",\"url\":\"https:\\\/\\\/regmik.ua\\\/wp-content\\\/uploads\\\/2020\\\/03\\\/regmik_logo.png\",\"contentUrl\":\"https:\\\/\\\/regmik.ua\\\/wp-content\\\/uploads\\\/2020\\\/03\\\/regmik_logo.png\",\"width\":194,\"height\":45,\"caption\":\"REGMIK\"},\"image\":{\"@id\":\"https:\\\/\\\/regmik.ua\\\/uk\\\/#\\\/schema\\\/logo\\\/image\\\/\"},\"sameAs\":[\"https:\\\/\\\/www.facebook.com\\\/regmik.npf\",\"https:\\\/\\\/x.com\\\/regmiknpf\",\"https:\\\/\\\/www.youtube.com\\\/channel\\\/UC_SrY98SKAmR3Kt95GcVKcw\"]}]}<\/script>","yoast_head_json":{"title":"Termo\u010dl\u00e1nek s v\u00fdstupem 4\u201320 mA (termokonvertor) \u2013 REGMIK, NVF, PP","description":"Termo\u010dl\u00e1nek (termo\u010dl\u00e1nek, teplotn\u00ed senzor s v\u00fdstupem 4-20 mA TSPU-002, TSMU-002, TKHAU-002, TKHKU-002, TZHKU-002","robots":{"index":"index","follow":"follow","max-snippet":"max-snippet:-1","max-image-preview":"max-image-preview:large","max-video-preview":"max-video-preview:-1"},"canonical":"https:\/\/regmik.ua\/cs\/produkt\/termoelektricheskie-preobrazovateli-temperatury-s-unifitsirovannym-vyhodnym-tokovym-signalom-4-20-ma-modifikatsiya-002\/","schema":{"@context":"https:\/\/schema.org","@graph":[{"@type":"WebPage","@id":"https:\/\/regmik.ua\/product\/termoelektricheskie-preobrazovateli-temperatury-s-unifitsirovannym-vyhodnym-tokovym-signalom-4-20-ma-modifikatsiya-002\/","url":"https:\/\/regmik.ua\/product\/termoelektricheskie-preobrazovateli-temperatury-s-unifitsirovannym-vyhodnym-tokovym-signalom-4-20-ma-modifikatsiya-002\/","name":"Termo\u010dl\u00e1nek s v\u00fdstupem 4\u201320 mA (termokonvertor) \u2013 REGMIK, NVF, PP","isPartOf":{"@id":"https:\/\/regmik.ua\/uk\/#website"},"primaryImageOfPage":{"@id":"https:\/\/regmik.ua\/product\/termoelektricheskie-preobrazovateli-temperatury-s-unifitsirovannym-vyhodnym-tokovym-signalom-4-20-ma-modifikatsiya-002\/#primaryimage"},"image":{"@id":"https:\/\/regmik.ua\/product\/termoelektricheskie-preobrazovateli-temperatury-s-unifitsirovannym-vyhodnym-tokovym-signalom-4-20-ma-modifikatsiya-002\/#primaryimage"},"thumbnailUrl":"https:\/\/regmik.ua\/wp-content\/uploads\/2019\/08\/photo_2019-08-08_16-01-47-2.jpg","datePublished":"2019-08-12T08:09:24+00:00","dateModified":"2023-11-29T13:08:56+00:00","description":"Termo\u010dl\u00e1nek (termo\u010dl\u00e1nek, teplotn\u00ed senzor s v\u00fdstupem 4-20 mA TSPU-002, TSMU-002, TKHAU-002, TKHKU-002, TZHKU-002","breadcrumb":{"@id":"https:\/\/regmik.ua\/product\/termoelektricheskie-preobrazovateli-temperatury-s-unifitsirovannym-vyhodnym-tokovym-signalom-4-20-ma-modifikatsiya-002\/#breadcrumb"},"inLanguage":"cs","potentialAction":[{"@type":"ReadAction","target":["https:\/\/regmik.ua\/product\/termoelektricheskie-preobrazovateli-temperatury-s-unifitsirovannym-vyhodnym-tokovym-signalom-4-20-ma-modifikatsiya-002\/"]}]},{"@type":"ImageObject","inLanguage":"cs","@id":"https:\/\/regmik.ua\/product\/termoelektricheskie-preobrazovateli-temperatury-s-unifitsirovannym-vyhodnym-tokovym-signalom-4-20-ma-modifikatsiya-002\/#primaryimage","url":"https:\/\/regmik.ua\/wp-content\/uploads\/2019\/08\/photo_2019-08-08_16-01-47-2.jpg","contentUrl":"https:\/\/regmik.ua\/wp-content\/uploads\/2019\/08\/photo_2019-08-08_16-01-47-2.jpg","width":800,"height":1024,"caption":"\u0422\u0435\u0440\u043c\u043e\u043f\u0430\u0440\u0430"},{"@type":"BreadcrumbList","@id":"https:\/\/regmik.ua\/product\/termoelektricheskie-preobrazovateli-temperatury-s-unifitsirovannym-vyhodnym-tokovym-signalom-4-20-ma-modifikatsiya-002\/#breadcrumb","itemListElement":[{"@type":"ListItem","position":1,"name":"\u0413\u043b\u0430\u0432\u043d\u0430\u044f \u0441\u0442\u0440\u0430\u043d\u0438\u0446\u0430","item":"https:\/\/regmik.ua\/"},{"@type":"ListItem","position":2,"name":"\u041f\u0440\u043e\u0434\u0443\u043a\u0446\u0438\u044f","item":"https:\/\/regmik.ua\/uk\/products\/"},{"@type":"ListItem","position":3,"name":"\u0422\u0435\u0440\u043c\u043e\u043f\u0430\u0440\u0430 \u0441 \u0443\u043d\u0438\u0444\u0438\u0446\u0438\u0440\u043e\u0432\u0430\u043d\u043d\u044b\u043c \u0432\u044b\u0445\u043e\u0434\u043e\u043c 4-20 \u043c\u0410 \u0422\u0425\u0410\u0423-002, \u0422\u0425\u041a\u0423-002, \u0422\u0416\u041a\u0423-002"}]},{"@type":"WebSite","@id":"https:\/\/regmik.ua\/uk\/#website","url":"https:\/\/regmik.ua\/uk\/","name":"REGMIK","description":"M\u011b\u0159ic\u00ed p\u0159\u00edstroje a sn\u00edma\u010de teploty","publisher":{"@id":"https:\/\/regmik.ua\/uk\/#organization"},"alternateName":"REGMIK","potentialAction":[{"@type":"SearchAction","target":{"@type":"EntryPoint","urlTemplate":"https:\/\/regmik.ua\/uk\/?s={search_term_string}"},"query-input":{"@type":"PropertyValueSpecification","valueRequired":true,"valueName":"search_term_string"}}],"inLanguage":"cs"},{"@type":"Organization","@id":"https:\/\/regmik.ua\/uk\/#organization","name":"REGMIK","alternateName":"\u0420\u0415\u0413\u041c\u0418\u041a","url":"https:\/\/regmik.ua\/uk\/","logo":{"@type":"ImageObject","inLanguage":"cs","@id":"https:\/\/regmik.ua\/uk\/#\/schema\/logo\/image\/","url":"https:\/\/regmik.ua\/wp-content\/uploads\/2020\/03\/regmik_logo.png","contentUrl":"https:\/\/regmik.ua\/wp-content\/uploads\/2020\/03\/regmik_logo.png","width":194,"height":45,"caption":"REGMIK"},"image":{"@id":"https:\/\/regmik.ua\/uk\/#\/schema\/logo\/image\/"},"sameAs":["https:\/\/www.facebook.com\/regmik.npf","https:\/\/x.com\/regmiknpf","https:\/\/www.youtube.com\/channel\/UC_SrY98SKAmR3Kt95GcVKcw"]}]}},"_links":{"self":[{"href":"https:\/\/regmik.ua\/cs\/wp-json\/wp\/v2\/product\/19717","targetHints":{"allow":["GET"]}}],"collection":[{"href":"https:\/\/regmik.ua\/cs\/wp-json\/wp\/v2\/product"}],"about":[{"href":"https:\/\/regmik.ua\/cs\/wp-json\/wp\/v2\/types\/product"}],"replies":[{"embeddable":true,"href":"https:\/\/regmik.ua\/cs\/wp-json\/wp\/v2\/comments?post=19717"}],"version-history":[{"count":0,"href":"https:\/\/regmik.ua\/cs\/wp-json\/wp\/v2\/product\/19717\/revisions"}],"wp:featuredmedia":[{"embeddable":true,"href":"https:\/\/regmik.ua\/cs\/wp-json\/wp\/v2\/media\/19673"}],"wp:attachment":[{"href":"https:\/\/regmik.ua\/cs\/wp-json\/wp\/v2\/media?parent=19717"}],"wp:term":[{"taxonomy":"product_brand","embeddable":true,"href":"https:\/\/regmik.ua\/cs\/wp-json\/wp\/v2\/product_brand?post=19717"},{"taxonomy":"product_cat","embeddable":true,"href":"https:\/\/regmik.ua\/cs\/wp-json\/wp\/v2\/product_cat?post=19717"},{"taxonomy":"product_tag","embeddable":true,"href":"https:\/\/regmik.ua\/cs\/wp-json\/wp\/v2\/product_tag?post=19717"}],"curies":[{"name":"wp","href":"https:\/\/api.w.org\/{rel}","templated":true}]}}