{"id":19538,"date":"2019-06-26T09:50:12","date_gmt":"2019-06-26T07:50:12","guid":{"rendered":"https:\/\/regmik.com.ua\/?post_type=product&#038;p=19538"},"modified":"2020-08-20T07:20:10","modified_gmt":"2020-08-20T05:20:10","slug":"termometry-promyshlennye-tp","status":"publish","type":"product","link":"https:\/\/regmik.ua\/cs\/product\/termometry-promyshlennye-tp\/","title":{"rendered":"Pr\u016fmyslov\u00e9 teplom\u011bry TP"},"content":{"rendered":"<p><b>Stru\u010dn\u00fd popis:<\/b><br \/>\nRozsah m\u011b\u0159en\u00ed pro TP-6: -55 ... + 55 \u00b0 \u0421.<br \/>\nRozsah m\u011b\u0159en\u00ed pro TP-11, TP-11M, TP-22: -3 ... + 35 \u00b0 \u0421.<br \/>\nPromoce: 0,5; 1 \u00b0 C<br \/>\nTermometrick\u00e1 kapalina: rtu\u0165, organick\u00e1.<\/p>\n<p><b>Specifikace:<\/b><\/p>\n<table border=\"1\" cellspacing=\"0\" cellpadding=\"0\" align=\"center\">\n<tbody>\n<tr>\n<td><b>Ozna\u010den\u00ed<\/b><\/p>\n<p>&nbsp;<\/td>\n<td>&nbsp;<\/p>\n<p align=\"center\"><b>aplikace<\/b><\/p>\n<p>&nbsp;<\/td>\n<td>&nbsp;<\/p>\n<p align=\"center\"><b>Rozsah m\u011b\u0159en\u00ed teploty, \u00b0 \u0421.<\/b><\/p>\n<p>&nbsp;<\/td>\n<td>&nbsp;<\/p>\n<p align=\"center\"><b>Hodnota d\u011blen\u00ed, \u00b0 \u0421<\/b><\/p>\n<p>&nbsp;<\/td>\n<td>&nbsp;<\/p>\n<p align=\"center\"><b>D\u00e9lka mm<\/b><\/p>\n<p>&nbsp;<\/td>\n<td>&nbsp;<\/p>\n<p align=\"center\"><b>Termometrick\u00e1 kapalina<\/b><\/p>\n<\/td>\n<\/tr>\n<tr>\n<td>\n<p align=\"center\">TP - 6<\/p>\n<\/td>\n<td>pro m\u011b\u0159en\u00ed t v letov\u00fdch podm\u00ednk\u00e1ch letadel a pro stacion\u00e1rn\u00ed pozemn\u00ed m\u011b\u0159en\u00ed v leti\u0161tn\u00ed slu\u017eb\u011b.<\/td>\n<td>\n<p align=\"center\">\u201355 ... + 55<\/p>\n<\/td>\n<td rowspan=\"3\">\n<p align=\"center\">1<\/p>\n<\/td>\n<td>\n<p align=\"center\">255 \u00b1 15<\/p>\n<\/td>\n<td rowspan=\"3\">\n<p align=\"center\">organick\u00e1 kapalina<\/p>\n<\/td>\n<\/tr>\n<tr bgcolor=\"#f5f6f6\">\n<td>\n<p align=\"center\">TP - 11<\/p>\n<\/td>\n<td>pro m\u011b\u0159en\u00ed t v chlazen\u00fdch komor\u00e1ch.<\/td>\n<td>\n<p align=\"center\">\u201335 ... + 50<\/p>\n<\/td>\n<td>\n<p align=\"center\">185 \u00b1 5<\/p>\n<\/td>\n<\/tr>\n<tr>\n<td>\n<p align=\"center\">TP - 11 mil<\/p>\n<\/td>\n<td>pro m\u011b\u0159en\u00ed t v chlazen\u00fdch komor\u00e1ch nebo jin\u00fdch typech pr\u016fmyslov\u00fdch a dom\u00e1c\u00edch chladni\u010dek.<\/td>\n<td>\n<p align=\"center\">\u201335 ... + 50<\/p>\n<\/td>\n<td>\n<p align=\"center\">170<\/p>\n<\/td>\n<\/tr>\n<tr bgcolor=\"#f5f6f6\">\n<td>\n<p align=\"center\">TP - 22<\/p>\n<\/td>\n<td>pro m\u011b\u0159en\u00ed alkoholu t<\/td>\n<td>\n<p align=\"center\">\u201330 ... + 35<\/p>\n<\/td>\n<td>\n<p align=\"center\">0,5<\/p>\n<\/td>\n<td>\n<p align=\"center\">200 \u00b1 10<\/p>\n<\/td>\n<td>\n<p align=\"center\">rtu\u0165<\/p>\n<\/td>\n<\/tr>\n<\/tbody>\n<\/table>","protected":false},"excerpt":{"rendered":"<p>\u041a\u0440\u0430\u0442\u043a\u0430\u044f\u00a0\u0445\u0430\u0440\u0430\u043a\u0442\u0435\u0440\u0438\u0441\u0442\u0438\u043a\u0430: \u0414\u0438\u0430\u043f\u0430\u0437\u043e\u043d \u0438\u0437\u043c\u0435\u0440\u0435\u043d\u0438\u044f \u0434\u043b\u044f\u00a0\u0422\u041f-6: -55&#8230;+55\u00a0\u00b0\u0421. \u0414\u0438\u0430\u043f\u0430\u0437\u043e\u043d \u0438\u0437\u043c\u0435\u0440\u0435\u043d\u0438\u044f \u0434\u043b\u044f\u00a0\u0422\u041f-11, \u0422\u041f-11\u041c, \u0422\u041f-22: -3&#8230;+35\u00a0\u00b0\u0421. \u0426\u0435\u043d\u0430 \u0434\u0435\u043b\u0435\u043d\u0438\u044f: 0,5; 1\u00a0\u00b0\u0421. \u0422\u0435\u0440\u043c\u043e\u043c\u0435\u0442\u0440\u0438\u0447\u0435\u0441\u043a\u0430\u044f \u0436\u0438\u0434\u043a\u043e\u0441\u0442\u044c: \u0440\u0442\u0443\u0442\u044c, \u043e\u0440\u0433\u0430\u043d\u0438\u0447\u0435\u0441\u043a\u0430\u044f. \u0422\u0435\u0445\u043d\u0438\u0447\u0435\u0441\u043a\u0438\u0435 \u0445\u0430\u0440\u0430\u043a\u0442\u0435\u0440\u0438\u0441\u0442\u0438\u043a\u0438: \u041e\u0431\u043e\u0437\u043d\u0430\u0447\u0435\u043d\u0438\u0435 &nbsp; &nbsp; \u041f\u0440\u0438\u043c\u0435\u043d\u0435\u043d\u0438\u0435 &nbsp; &nbsp; \u0414\u0438\u0430\u043f\u0430\u0437\u043e\u043d \u0438\u0437\u043c\u0435\u0440\u0435\u043d\u0438\u044f \u0442\u0435\u043c\u043f\u0435\u0440\u0430\u0442\u0443\u0440\u044b, \u00b0\u0421 &nbsp; &nbsp; \u0426\u0435\u043d\u0430 \u0434\u0435\u043b\u0435\u043d\u0438\u044f, \u00b0\u0421 &nbsp; &nbsp; \u0414\u043b\u0438\u043d\u0430, \u043c\u043c &nbsp; &nbsp; \u0422\u0435\u0440\u043c\u043e\u043c\u0435\u0442\u0440\u0438\u0447\u0435\u0441\u043a\u0430\u044f \u0436\u0438\u0434\u043a\u043e\u0441\u0442\u044c \u0422\u041f \u2013 6 \u0434\u043b\u044f \u0438\u0437\u043c\u0435\u0440\u0435\u043d\u0438\u044f t \u0432 \u0443\u0441\u043b\u043e\u0432\u0438\u044f\u0445 \u043f\u043e\u043b\u0435\u0442\u0430 \u043b\u0435\u0442\u0430\u0442\u0435\u043b\u044c\u043d\u044b\u0445 \u0430\u043f\u043f\u0430\u0440\u0430\u0442\u043e\u0432 &hellip; <a href=\"https:\/\/regmik.ua\/cs\/product\/termometry-promyshlennye-tp\/\" class=\"more-link\">pokra\u010dovat ve \u010dten\u00ed <span class=\"screen-reader-text\">Pr\u016fmyslov\u00e9 teplom\u011bry TP<\/span><\/a><\/p>","protected":false},"featured_media":19539,"comment_status":"open","ping_status":"closed","template":"","meta":[],"product_brand":[],"product_cat":[815],"product_tag":[],"class_list":{"0":"post-19538","1":"product","2":"type-product","3":"status-publish","4":"has-post-thumbnail","6":"product_cat-termometry-rtutnye","9":"instock","10":"shipping-taxable","11":"purchasable","12":"product-type-simple"},"yoast_head":"<title>\u0422\u0435\u0440\u043c\u043e\u043c\u0435\u0442\u0440\u044b \u043f\u0440\u043e\u043c\u044b\u0448\u043b\u0435\u043d\u043d\u044b\u0435 \u0422\u041f &#8211; \u0420\u0415\u0413\u041c\u0406\u041a, \u041d\u0412\u0424, \u041f\u041f<\/title>\n<meta name=\"description\" content=\"\u041a\u0440\u0430\u0442\u043a\u0430\u044f\u00a0\u0445\u0430\u0440\u0430\u043a\u0442\u0435\u0440\u0438\u0441\u0442\u0438\u043a\u0430: \u0414\u0438\u0430\u043f\u0430\u0437\u043e\u043d \u0438\u0437\u043c\u0435\u0440\u0435\u043d\u0438\u044f \u0434\u043b\u044f\u00a0\u0422\u041f-6: -55...+55\u00a0\u00b0\u0421. \u0414\u0438\u0430\u043f\u0430\u0437\u043e\u043d \u0438\u0437\u043c\u0435\u0440\u0435\u043d\u0438\u044f \u0434\u043b\u044f\u00a0\u0422\u041f-11, \u0422\u041f-11\u041c, \u0422\u041f-22: -3...+35\u00a0\u00b0\u0421. \u0426\u0435\u043d\u0430 \u0434\u0435\u043b\u0435\u043d\u0438\u044f: 0,5; 1\u00a0\u00b0\u0421.\" \/>\n<meta name=\"robots\" content=\"index, follow, max-snippet:-1, max-image-preview:large, max-video-preview:-1\" \/>\n<link rel=\"canonical\" href=\"https:\/\/regmik.ua\/cs\/produkt\/termometry-promyshlennye-tp\/\" \/>\n<script type=\"application\/ld+json\" class=\"yoast-schema-graph\">{\"@context\":\"https:\\\/\\\/schema.org\",\"@graph\":[{\"@type\":\"WebPage\",\"@id\":\"https:\\\/\\\/regmik.ua\\\/de\\\/produkt\\\/termometry-promyshlennye-tp\\\/\",\"url\":\"https:\\\/\\\/regmik.ua\\\/de\\\/produkt\\\/termometry-promyshlennye-tp\\\/\",\"name\":\"\u0422\u0435\u0440\u043c\u043e\u043c\u0435\u0442\u0440\u044b \u043f\u0440\u043e\u043c\u044b\u0448\u043b\u0435\u043d\u043d\u044b\u0435 \u0422\u041f &#8211; \u0420\u0415\u0413\u041c\u0406\u041a, \u041d\u0412\u0424, \u041f\u041f\",\"isPartOf\":{\"@id\":\"https:\\\/\\\/regmik.ua\\\/uk\\\/#website\"},\"primaryImageOfPage\":{\"@id\":\"https:\\\/\\\/regmik.ua\\\/de\\\/produkt\\\/termometry-promyshlennye-tp\\\/#primaryimage\"},\"image\":{\"@id\":\"https:\\\/\\\/regmik.ua\\\/de\\\/produkt\\\/termometry-promyshlennye-tp\\\/#primaryimage\"},\"thumbnailUrl\":\"https:\\\/\\\/regmik.ua\\\/wp-content\\\/uploads\\\/2019\\\/06\\\/tp-6_.jpg\",\"datePublished\":\"2019-06-26T07:50:12+00:00\",\"dateModified\":\"2020-08-20T05:20:10+00:00\",\"description\":\"\u041a\u0440\u0430\u0442\u043a\u0430\u044f\u00a0\u0445\u0430\u0440\u0430\u043a\u0442\u0435\u0440\u0438\u0441\u0442\u0438\u043a\u0430: \u0414\u0438\u0430\u043f\u0430\u0437\u043e\u043d \u0438\u0437\u043c\u0435\u0440\u0435\u043d\u0438\u044f \u0434\u043b\u044f\u00a0\u0422\u041f-6: -55...+55\u00a0\u00b0\u0421. \u0414\u0438\u0430\u043f\u0430\u0437\u043e\u043d \u0438\u0437\u043c\u0435\u0440\u0435\u043d\u0438\u044f \u0434\u043b\u044f\u00a0\u0422\u041f-11, \u0422\u041f-11\u041c, \u0422\u041f-22: -3...+35\u00a0\u00b0\u0421. \u0426\u0435\u043d\u0430 \u0434\u0435\u043b\u0435\u043d\u0438\u044f: 0,5; 1\u00a0\u00b0\u0421.\",\"breadcrumb\":{\"@id\":\"https:\\\/\\\/regmik.ua\\\/de\\\/produkt\\\/termometry-promyshlennye-tp\\\/#breadcrumb\"},\"inLanguage\":\"cs\",\"potentialAction\":[{\"@type\":\"ReadAction\",\"target\":[\"https:\\\/\\\/regmik.ua\\\/de\\\/produkt\\\/termometry-promyshlennye-tp\\\/\"]}]},{\"@type\":\"ImageObject\",\"inLanguage\":\"cs\",\"@id\":\"https:\\\/\\\/regmik.ua\\\/de\\\/produkt\\\/termometry-promyshlennye-tp\\\/#primaryimage\",\"url\":\"https:\\\/\\\/regmik.ua\\\/wp-content\\\/uploads\\\/2019\\\/06\\\/tp-6_.jpg\",\"contentUrl\":\"https:\\\/\\\/regmik.ua\\\/wp-content\\\/uploads\\\/2019\\\/06\\\/tp-6_.jpg\",\"width\":311,\"height\":420},{\"@type\":\"BreadcrumbList\",\"@id\":\"https:\\\/\\\/regmik.ua\\\/de\\\/produkt\\\/termometry-promyshlennye-tp\\\/#breadcrumb\",\"itemListElement\":[{\"@type\":\"ListItem\",\"position\":1,\"name\":\"\u0413\u043b\u0430\u0432\u043d\u0430\u044f \u0441\u0442\u0440\u0430\u043d\u0438\u0446\u0430\",\"item\":\"https:\\\/\\\/regmik.ua\\\/\"},{\"@type\":\"ListItem\",\"position\":2,\"name\":\"\u041f\u0440\u043e\u0434\u0443\u043a\u0446\u0438\u044f\",\"item\":\"https:\\\/\\\/regmik.ua\\\/uk\\\/products\\\/\"},{\"@type\":\"ListItem\",\"position\":3,\"name\":\"\u0422\u0435\u0440\u043c\u043e\u043c\u0435\u0442\u0440\u044b \u043f\u0440\u043e\u043c\u044b\u0448\u043b\u0435\u043d\u043d\u044b\u0435 \u0422\u041f\"}]},{\"@type\":\"WebSite\",\"@id\":\"https:\\\/\\\/regmik.ua\\\/uk\\\/#website\",\"url\":\"https:\\\/\\\/regmik.ua\\\/uk\\\/\",\"name\":\"REGMIK\",\"description\":\"\u0418\u0437\u043c\u0435\u0440\u0438\u0442\u0435\u043b\u044c\u043d\u044b\u0435 \u043f\u0440\u0438\u0431\u043e\u0440\u044b \u0438 \u0434\u0430\u0442\u0447\u0438\u043a\u0438 \u0442\u0435\u043c\u043f\u0435\u0440\u0430\u0442\u0443\u0440\u044b\",\"publisher\":{\"@id\":\"https:\\\/\\\/regmik.ua\\\/uk\\\/#organization\"},\"alternateName\":\"REGMIK\",\"potentialAction\":[{\"@type\":\"SearchAction\",\"target\":{\"@type\":\"EntryPoint\",\"urlTemplate\":\"https:\\\/\\\/regmik.ua\\\/uk\\\/?s={search_term_string}\"},\"query-input\":{\"@type\":\"PropertyValueSpecification\",\"valueRequired\":true,\"valueName\":\"search_term_string\"}}],\"inLanguage\":\"cs\"},{\"@type\":\"Organization\",\"@id\":\"https:\\\/\\\/regmik.ua\\\/uk\\\/#organization\",\"name\":\"REGMIK\",\"alternateName\":\"\u0420\u0415\u0413\u041c\u0418\u041a\",\"url\":\"https:\\\/\\\/regmik.ua\\\/uk\\\/\",\"logo\":{\"@type\":\"ImageObject\",\"inLanguage\":\"cs\",\"@id\":\"https:\\\/\\\/regmik.ua\\\/uk\\\/#\\\/schema\\\/logo\\\/image\\\/\",\"url\":\"https:\\\/\\\/regmik.ua\\\/wp-content\\\/uploads\\\/2020\\\/03\\\/regmik_logo.png\",\"contentUrl\":\"https:\\\/\\\/regmik.ua\\\/wp-content\\\/uploads\\\/2020\\\/03\\\/regmik_logo.png\",\"width\":194,\"height\":45,\"caption\":\"REGMIK\"},\"image\":{\"@id\":\"https:\\\/\\\/regmik.ua\\\/uk\\\/#\\\/schema\\\/logo\\\/image\\\/\"},\"sameAs\":[\"https:\\\/\\\/www.facebook.com\\\/regmik.npf\",\"https:\\\/\\\/x.com\\\/regmiknpf\",\"https:\\\/\\\/www.youtube.com\\\/channel\\\/UC_SrY98SKAmR3Kt95GcVKcw\"]}]}<\/script>","yoast_head_json":{"title":"\u0422\u0435\u0440\u043c\u043e\u043c\u0435\u0442\u0440\u044b \u043f\u0440\u043e\u043c\u044b\u0448\u043b\u0435\u043d\u043d\u044b\u0435 \u0422\u041f &#8211; \u0420\u0415\u0413\u041c\u0406\u041a, \u041d\u0412\u0424, \u041f\u041f","description":"Stru\u010dn\u00e1 charakteristika: M\u011b\u0159ic\u00ed rozsah pro TP-6: -55 ... + 55 \u00b0 \u0421. Rozsah m\u011b\u0159en\u00ed pro TP-11, TP-11M, TP-22: -3 ... + 35 \u00b0 \u0421. Promoce: 0,5; 1 \u00b0 C","robots":{"index":"index","follow":"follow","max-snippet":"max-snippet:-1","max-image-preview":"max-image-preview:large","max-video-preview":"max-video-preview:-1"},"canonical":"https:\/\/regmik.ua\/cs\/produkt\/termometry-promyshlennye-tp\/","schema":{"@context":"https:\/\/schema.org","@graph":[{"@type":"WebPage","@id":"https:\/\/regmik.ua\/de\/produkt\/termometry-promyshlennye-tp\/","url":"https:\/\/regmik.ua\/de\/produkt\/termometry-promyshlennye-tp\/","name":"\u0422\u0435\u0440\u043c\u043e\u043c\u0435\u0442\u0440\u044b \u043f\u0440\u043e\u043c\u044b\u0448\u043b\u0435\u043d\u043d\u044b\u0435 \u0422\u041f &#8211; \u0420\u0415\u0413\u041c\u0406\u041a, \u041d\u0412\u0424, \u041f\u041f","isPartOf":{"@id":"https:\/\/regmik.ua\/uk\/#website"},"primaryImageOfPage":{"@id":"https:\/\/regmik.ua\/de\/produkt\/termometry-promyshlennye-tp\/#primaryimage"},"image":{"@id":"https:\/\/regmik.ua\/de\/produkt\/termometry-promyshlennye-tp\/#primaryimage"},"thumbnailUrl":"https:\/\/regmik.ua\/wp-content\/uploads\/2019\/06\/tp-6_.jpg","datePublished":"2019-06-26T07:50:12+00:00","dateModified":"2020-08-20T05:20:10+00:00","description":"Stru\u010dn\u00e1 charakteristika: M\u011b\u0159ic\u00ed rozsah pro TP-6: -55 ... + 55 \u00b0 \u0421. Rozsah m\u011b\u0159en\u00ed pro TP-11, TP-11M, TP-22: -3 ... + 35 \u00b0 \u0421. Promoce: 0,5; 1 \u00b0 C","breadcrumb":{"@id":"https:\/\/regmik.ua\/de\/produkt\/termometry-promyshlennye-tp\/#breadcrumb"},"inLanguage":"cs","potentialAction":[{"@type":"ReadAction","target":["https:\/\/regmik.ua\/de\/produkt\/termometry-promyshlennye-tp\/"]}]},{"@type":"ImageObject","inLanguage":"cs","@id":"https:\/\/regmik.ua\/de\/produkt\/termometry-promyshlennye-tp\/#primaryimage","url":"https:\/\/regmik.ua\/wp-content\/uploads\/2019\/06\/tp-6_.jpg","contentUrl":"https:\/\/regmik.ua\/wp-content\/uploads\/2019\/06\/tp-6_.jpg","width":311,"height":420},{"@type":"BreadcrumbList","@id":"https:\/\/regmik.ua\/de\/produkt\/termometry-promyshlennye-tp\/#breadcrumb","itemListElement":[{"@type":"ListItem","position":1,"name":"\u0413\u043b\u0430\u0432\u043d\u0430\u044f \u0441\u0442\u0440\u0430\u043d\u0438\u0446\u0430","item":"https:\/\/regmik.ua\/"},{"@type":"ListItem","position":2,"name":"\u041f\u0440\u043e\u0434\u0443\u043a\u0446\u0438\u044f","item":"https:\/\/regmik.ua\/uk\/products\/"},{"@type":"ListItem","position":3,"name":"\u0422\u0435\u0440\u043c\u043e\u043c\u0435\u0442\u0440\u044b \u043f\u0440\u043e\u043c\u044b\u0448\u043b\u0435\u043d\u043d\u044b\u0435 \u0422\u041f"}]},{"@type":"WebSite","@id":"https:\/\/regmik.ua\/uk\/#website","url":"https:\/\/regmik.ua\/uk\/","name":"REGMIK","description":"M\u011b\u0159ic\u00ed p\u0159\u00edstroje a sn\u00edma\u010de teploty","publisher":{"@id":"https:\/\/regmik.ua\/uk\/#organization"},"alternateName":"REGMIK","potentialAction":[{"@type":"SearchAction","target":{"@type":"EntryPoint","urlTemplate":"https:\/\/regmik.ua\/uk\/?s={search_term_string}"},"query-input":{"@type":"PropertyValueSpecification","valueRequired":true,"valueName":"search_term_string"}}],"inLanguage":"cs"},{"@type":"Organization","@id":"https:\/\/regmik.ua\/uk\/#organization","name":"REGMIK","alternateName":"\u0420\u0415\u0413\u041c\u0418\u041a","url":"https:\/\/regmik.ua\/uk\/","logo":{"@type":"ImageObject","inLanguage":"cs","@id":"https:\/\/regmik.ua\/uk\/#\/schema\/logo\/image\/","url":"https:\/\/regmik.ua\/wp-content\/uploads\/2020\/03\/regmik_logo.png","contentUrl":"https:\/\/regmik.ua\/wp-content\/uploads\/2020\/03\/regmik_logo.png","width":194,"height":45,"caption":"REGMIK"},"image":{"@id":"https:\/\/regmik.ua\/uk\/#\/schema\/logo\/image\/"},"sameAs":["https:\/\/www.facebook.com\/regmik.npf","https:\/\/x.com\/regmiknpf","https:\/\/www.youtube.com\/channel\/UC_SrY98SKAmR3Kt95GcVKcw"]}]}},"_links":{"self":[{"href":"https:\/\/regmik.ua\/cs\/wp-json\/wp\/v2\/product\/19538","targetHints":{"allow":["GET"]}}],"collection":[{"href":"https:\/\/regmik.ua\/cs\/wp-json\/wp\/v2\/product"}],"about":[{"href":"https:\/\/regmik.ua\/cs\/wp-json\/wp\/v2\/types\/product"}],"replies":[{"embeddable":true,"href":"https:\/\/regmik.ua\/cs\/wp-json\/wp\/v2\/comments?post=19538"}],"version-history":[{"count":0,"href":"https:\/\/regmik.ua\/cs\/wp-json\/wp\/v2\/product\/19538\/revisions"}],"wp:featuredmedia":[{"embeddable":true,"href":"https:\/\/regmik.ua\/cs\/wp-json\/wp\/v2\/media\/19539"}],"wp:attachment":[{"href":"https:\/\/regmik.ua\/cs\/wp-json\/wp\/v2\/media?parent=19538"}],"wp:term":[{"taxonomy":"product_brand","embeddable":true,"href":"https:\/\/regmik.ua\/cs\/wp-json\/wp\/v2\/product_brand?post=19538"},{"taxonomy":"product_cat","embeddable":true,"href":"https:\/\/regmik.ua\/cs\/wp-json\/wp\/v2\/product_cat?post=19538"},{"taxonomy":"product_tag","embeddable":true,"href":"https:\/\/regmik.ua\/cs\/wp-json\/wp\/v2\/product_tag?post=19538"}],"curies":[{"name":"wp","href":"https:\/\/api.w.org\/{rel}","templated":true}]}}