{"id":19536,"date":"2019-06-26T09:50:55","date_gmt":"2019-06-26T07:50:55","guid":{"rendered":"https:\/\/regmik.com.ua\/?post_type=product&#038;p=19536"},"modified":"2025-01-09T17:24:52","modified_gmt":"2025-01-09T15:24:52","slug":"termometr-otschetnyj-sp-21","status":"publish","type":"product","link":"https:\/\/regmik.ua\/cs\/product\/termometr-otschetnyj-sp-21\/","title":{"rendered":"\u010ctec\u00ed teplom\u011br SP-21"},"content":{"rendered":"<p>SP-21 je speci\u00e1ln\u00ed teplom\u011br s rozsahem m\u011b\u0159en\u00ed od -33 do +51 \u00b0 C a stupnic\u00ed 0,5 \u00b0 C, ur\u010den\u00fd k m\u011b\u0159en\u00ed teploty v laboratorn\u00edch podm\u00ednk\u00e1ch.<\/p>\n<p>Minim\u00e1ln\u00ed teplota m\u011b\u0159en\u00ed (\u00b0 \u0421): -33<\/p>\n<p>Maxim\u00e1ln\u00ed teplota m\u011b\u0159en\u00ed (\u00b0 \u0421): 51<\/p>\n<p>D\u011blen\u00ed stupnice (\u00b0 \u0421): 0,50<\/p>\n<p>D\u00e9lka teplom\u011bru (mm): 190<\/p>\n<p>Pr\u016fm\u011br (mm): 6 \u00b1 1<\/p>\n<p>Termometrick\u00e1 kapalina: rtu\u0165<\/p>","protected":false},"excerpt":{"rendered":"<p>SP-21 je speci\u00e1ln\u00ed teplom\u011br s rozsahem m\u011b\u0159en\u00ed od -33 do +51 \u00b0C a hodnotou d\u011blen\u00ed 0,5 \u00b0C, ur\u010den\u00fd pro m\u011b\u0159en\u00ed teploty v laboratorn\u00edch podm\u00ednk\u00e1ch. Minim\u00e1ln\u00ed teplota m\u011b\u0159en\u00ed (\u00b0C): -33 Maxim\u00e1ln\u00ed teplota m\u011b\u0159en\u00ed (\u00b0C): 51 d\u00edlek stupnice (\u00b0C): 0,50 D\u00e9lka teplom\u011bru (mm): 190 Pr\u016fm\u011br (mm): 6 \u00b11 Teplom\u011brn\u00e1 kapalina: rtu\u0165<\/p>","protected":false},"featured_media":29078,"comment_status":"open","ping_status":"closed","template":"","meta":[],"product_brand":[],"product_cat":[815],"product_tag":[],"class_list":{"0":"post-19536","1":"product","2":"type-product","3":"status-publish","4":"has-post-thumbnail","6":"product_cat-termometry-rtutnye","9":"instock","10":"shipping-taxable","11":"purchasable","12":"product-type-simple"},"yoast_head":"<title>\u0422\u0435\u0440\u043c\u043e\u043c\u0435\u0442\u0440 \u043e\u0442\u0441\u0447\u0435\u0442\u043d\u044b\u0439 \u0421\u041f-21 &#8211; \u0420\u0415\u0413\u041c\u0406\u041a, \u041d\u0412\u0424, \u041f\u041f<\/title>\n<meta name=\"description\" content=\"\u0421\u041f-21 \u2013 \u044d\u0442\u043e \u0441\u043f\u0435\u0446\u0438\u0430\u043b\u044c\u043d\u044b\u0439 \u0442\u0435\u0440\u043c\u043e\u043c\u0435\u0442\u0440 \u0441 \u0434\u0438\u0430\u043f\u0430\u0437\u043e\u043d\u043e\u043c \u0438\u0437\u043c\u0435\u0440\u0435\u043d\u0438\u044f \u043e\u0442 -33 \u0434\u043e +51 \u00b0\u0421 \u0438 \u0446\u0435\u043d\u043e\u0439 \u0434\u0435\u043b\u0435\u043d\u0438\u044f 0,5 \u00b0\u0421 \u043f\u0440\u0435\u0434\u043d\u0430\u0437\u043d\u0430\u0447\u0435\u043d\u043d\u044b\u0439 \u0434\u043b\u044f \u0438\u0437\u043c\u0435\u0440\u0435\u043d\u0438\u044f \u0442\u0435\u043c\u043f\u0435\u0440\u0430\u0442\u0443\u0440\u044b \u0432 \u043b\u0430\u0431\u043e\u0440\u0430\u0442\u043e\u0440\u043d\u044b\u0445\" \/>\n<meta name=\"robots\" content=\"index, follow, max-snippet:-1, max-image-preview:large, max-video-preview:-1\" \/>\n<link rel=\"canonical\" href=\"https:\/\/regmik.ua\/cs\/produkt\/termometr-otschetnyj-sp-21\/\" \/>\n<script type=\"application\/ld+json\" class=\"yoast-schema-graph\">{\"@context\":\"https:\\\/\\\/schema.org\",\"@graph\":[{\"@type\":\"WebPage\",\"@id\":\"https:\\\/\\\/regmik.ua\\\/product\\\/termometr-otschetnyj-sp-21\\\/\",\"url\":\"https:\\\/\\\/regmik.ua\\\/product\\\/termometr-otschetnyj-sp-21\\\/\",\"name\":\"\u0422\u0435\u0440\u043c\u043e\u043c\u0435\u0442\u0440 \u043e\u0442\u0441\u0447\u0435\u0442\u043d\u044b\u0439 \u0421\u041f-21 &#8211; \u0420\u0415\u0413\u041c\u0406\u041a, \u041d\u0412\u0424, \u041f\u041f\",\"isPartOf\":{\"@id\":\"https:\\\/\\\/regmik.ua\\\/uk\\\/#website\"},\"primaryImageOfPage\":{\"@id\":\"https:\\\/\\\/regmik.ua\\\/product\\\/termometr-otschetnyj-sp-21\\\/#primaryimage\"},\"image\":{\"@id\":\"https:\\\/\\\/regmik.ua\\\/product\\\/termometr-otschetnyj-sp-21\\\/#primaryimage\"},\"thumbnailUrl\":\"https:\\\/\\\/regmik.ua\\\/wp-content\\\/uploads\\\/082db29f-3c8a-41e9-b847-4556b4e48fc5.jpg\",\"datePublished\":\"2019-06-26T07:50:55+00:00\",\"dateModified\":\"2025-01-09T15:24:52+00:00\",\"description\":\"\u0421\u041f-21 \u2013 \u044d\u0442\u043e \u0441\u043f\u0435\u0446\u0438\u0430\u043b\u044c\u043d\u044b\u0439 \u0442\u0435\u0440\u043c\u043e\u043c\u0435\u0442\u0440 \u0441 \u0434\u0438\u0430\u043f\u0430\u0437\u043e\u043d\u043e\u043c \u0438\u0437\u043c\u0435\u0440\u0435\u043d\u0438\u044f \u043e\u0442 -33 \u0434\u043e +51 \u00b0\u0421 \u0438 \u0446\u0435\u043d\u043e\u0439 \u0434\u0435\u043b\u0435\u043d\u0438\u044f 0,5 \u00b0\u0421 \u043f\u0440\u0435\u0434\u043d\u0430\u0437\u043d\u0430\u0447\u0435\u043d\u043d\u044b\u0439 \u0434\u043b\u044f \u0438\u0437\u043c\u0435\u0440\u0435\u043d\u0438\u044f \u0442\u0435\u043c\u043f\u0435\u0440\u0430\u0442\u0443\u0440\u044b \u0432 \u043b\u0430\u0431\u043e\u0440\u0430\u0442\u043e\u0440\u043d\u044b\u0445\",\"breadcrumb\":{\"@id\":\"https:\\\/\\\/regmik.ua\\\/product\\\/termometr-otschetnyj-sp-21\\\/#breadcrumb\"},\"inLanguage\":\"cs\",\"potentialAction\":[{\"@type\":\"ReadAction\",\"target\":[\"https:\\\/\\\/regmik.ua\\\/product\\\/termometr-otschetnyj-sp-21\\\/\"]}]},{\"@type\":\"ImageObject\",\"inLanguage\":\"cs\",\"@id\":\"https:\\\/\\\/regmik.ua\\\/product\\\/termometr-otschetnyj-sp-21\\\/#primaryimage\",\"url\":\"https:\\\/\\\/regmik.ua\\\/wp-content\\\/uploads\\\/082db29f-3c8a-41e9-b847-4556b4e48fc5.jpg\",\"contentUrl\":\"https:\\\/\\\/regmik.ua\\\/wp-content\\\/uploads\\\/082db29f-3c8a-41e9-b847-4556b4e48fc5.jpg\",\"width\":1024,\"height\":1024},{\"@type\":\"BreadcrumbList\",\"@id\":\"https:\\\/\\\/regmik.ua\\\/product\\\/termometr-otschetnyj-sp-21\\\/#breadcrumb\",\"itemListElement\":[{\"@type\":\"ListItem\",\"position\":1,\"name\":\"\u0413\u043b\u0430\u0432\u043d\u0430\u044f \u0441\u0442\u0440\u0430\u043d\u0438\u0446\u0430\",\"item\":\"https:\\\/\\\/regmik.ua\\\/\"},{\"@type\":\"ListItem\",\"position\":2,\"name\":\"\u041f\u0440\u043e\u0434\u0443\u043a\u0446\u0438\u044f\",\"item\":\"https:\\\/\\\/regmik.ua\\\/uk\\\/products\\\/\"},{\"@type\":\"ListItem\",\"position\":3,\"name\":\"\u0422\u0435\u0440\u043c\u043e\u043c\u0435\u0442\u0440 \u043e\u0442\u0441\u0447\u0435\u0442\u043d\u044b\u0439 \u0421\u041f-21\"}]},{\"@type\":\"WebSite\",\"@id\":\"https:\\\/\\\/regmik.ua\\\/uk\\\/#website\",\"url\":\"https:\\\/\\\/regmik.ua\\\/uk\\\/\",\"name\":\"REGMIK\",\"description\":\"\u0418\u0437\u043c\u0435\u0440\u0438\u0442\u0435\u043b\u044c\u043d\u044b\u0435 \u043f\u0440\u0438\u0431\u043e\u0440\u044b \u0438 \u0434\u0430\u0442\u0447\u0438\u043a\u0438 \u0442\u0435\u043c\u043f\u0435\u0440\u0430\u0442\u0443\u0440\u044b\",\"publisher\":{\"@id\":\"https:\\\/\\\/regmik.ua\\\/uk\\\/#organization\"},\"alternateName\":\"REGMIK\",\"potentialAction\":[{\"@type\":\"SearchAction\",\"target\":{\"@type\":\"EntryPoint\",\"urlTemplate\":\"https:\\\/\\\/regmik.ua\\\/uk\\\/?s={search_term_string}\"},\"query-input\":{\"@type\":\"PropertyValueSpecification\",\"valueRequired\":true,\"valueName\":\"search_term_string\"}}],\"inLanguage\":\"cs\"},{\"@type\":\"Organization\",\"@id\":\"https:\\\/\\\/regmik.ua\\\/uk\\\/#organization\",\"name\":\"REGMIK\",\"alternateName\":\"\u0420\u0415\u0413\u041c\u0418\u041a\",\"url\":\"https:\\\/\\\/regmik.ua\\\/uk\\\/\",\"logo\":{\"@type\":\"ImageObject\",\"inLanguage\":\"cs\",\"@id\":\"https:\\\/\\\/regmik.ua\\\/uk\\\/#\\\/schema\\\/logo\\\/image\\\/\",\"url\":\"https:\\\/\\\/regmik.ua\\\/wp-content\\\/uploads\\\/2020\\\/03\\\/regmik_logo.png\",\"contentUrl\":\"https:\\\/\\\/regmik.ua\\\/wp-content\\\/uploads\\\/2020\\\/03\\\/regmik_logo.png\",\"width\":194,\"height\":45,\"caption\":\"REGMIK\"},\"image\":{\"@id\":\"https:\\\/\\\/regmik.ua\\\/uk\\\/#\\\/schema\\\/logo\\\/image\\\/\"},\"sameAs\":[\"https:\\\/\\\/www.facebook.com\\\/regmik.npf\",\"https:\\\/\\\/x.com\\\/regmiknpf\",\"https:\\\/\\\/www.youtube.com\\\/channel\\\/UC_SrY98SKAmR3Kt95GcVKcw\"]}]}<\/script>","yoast_head_json":{"title":"Teplom\u011br SP-21 \u2013 REGMIK, NVF, PP","description":"SP-21 je speci\u00e1ln\u00ed teplom\u011br s rozsahem m\u011b\u0159en\u00ed od -33 do +51 \u00b0 C a stupnic\u00ed 0,5 \u00b0 C, ur\u010den\u00fd k m\u011b\u0159en\u00ed teploty v laborato\u0159i","robots":{"index":"index","follow":"follow","max-snippet":"max-snippet:-1","max-image-preview":"max-image-preview:large","max-video-preview":"max-video-preview:-1"},"canonical":"https:\/\/regmik.ua\/cs\/produkt\/termometr-otschetnyj-sp-21\/","schema":{"@context":"https:\/\/schema.org","@graph":[{"@type":"WebPage","@id":"https:\/\/regmik.ua\/product\/termometr-otschetnyj-sp-21\/","url":"https:\/\/regmik.ua\/product\/termometr-otschetnyj-sp-21\/","name":"Teplom\u011br SP-21 \u2013 REGMIK, NVF, PP","isPartOf":{"@id":"https:\/\/regmik.ua\/uk\/#website"},"primaryImageOfPage":{"@id":"https:\/\/regmik.ua\/product\/termometr-otschetnyj-sp-21\/#primaryimage"},"image":{"@id":"https:\/\/regmik.ua\/product\/termometr-otschetnyj-sp-21\/#primaryimage"},"thumbnailUrl":"https:\/\/regmik.ua\/wp-content\/uploads\/082db29f-3c8a-41e9-b847-4556b4e48fc5.jpg","datePublished":"2019-06-26T07:50:55+00:00","dateModified":"2025-01-09T15:24:52+00:00","description":"SP-21 je speci\u00e1ln\u00ed teplom\u011br s rozsahem m\u011b\u0159en\u00ed od -33 do +51 \u00b0 C a stupnic\u00ed 0,5 \u00b0 C, ur\u010den\u00fd k m\u011b\u0159en\u00ed teploty v laborato\u0159i","breadcrumb":{"@id":"https:\/\/regmik.ua\/product\/termometr-otschetnyj-sp-21\/#breadcrumb"},"inLanguage":"cs","potentialAction":[{"@type":"ReadAction","target":["https:\/\/regmik.ua\/product\/termometr-otschetnyj-sp-21\/"]}]},{"@type":"ImageObject","inLanguage":"cs","@id":"https:\/\/regmik.ua\/product\/termometr-otschetnyj-sp-21\/#primaryimage","url":"https:\/\/regmik.ua\/wp-content\/uploads\/082db29f-3c8a-41e9-b847-4556b4e48fc5.jpg","contentUrl":"https:\/\/regmik.ua\/wp-content\/uploads\/082db29f-3c8a-41e9-b847-4556b4e48fc5.jpg","width":1024,"height":1024},{"@type":"BreadcrumbList","@id":"https:\/\/regmik.ua\/product\/termometr-otschetnyj-sp-21\/#breadcrumb","itemListElement":[{"@type":"ListItem","position":1,"name":"\u0413\u043b\u0430\u0432\u043d\u0430\u044f \u0441\u0442\u0440\u0430\u043d\u0438\u0446\u0430","item":"https:\/\/regmik.ua\/"},{"@type":"ListItem","position":2,"name":"\u041f\u0440\u043e\u0434\u0443\u043a\u0446\u0438\u044f","item":"https:\/\/regmik.ua\/uk\/products\/"},{"@type":"ListItem","position":3,"name":"\u0422\u0435\u0440\u043c\u043e\u043c\u0435\u0442\u0440 \u043e\u0442\u0441\u0447\u0435\u0442\u043d\u044b\u0439 \u0421\u041f-21"}]},{"@type":"WebSite","@id":"https:\/\/regmik.ua\/uk\/#website","url":"https:\/\/regmik.ua\/uk\/","name":"REGMIK","description":"M\u011b\u0159ic\u00ed p\u0159\u00edstroje a sn\u00edma\u010de teploty","publisher":{"@id":"https:\/\/regmik.ua\/uk\/#organization"},"alternateName":"REGMIK","potentialAction":[{"@type":"SearchAction","target":{"@type":"EntryPoint","urlTemplate":"https:\/\/regmik.ua\/uk\/?s={search_term_string}"},"query-input":{"@type":"PropertyValueSpecification","valueRequired":true,"valueName":"search_term_string"}}],"inLanguage":"cs"},{"@type":"Organization","@id":"https:\/\/regmik.ua\/uk\/#organization","name":"REGMIK","alternateName":"\u0420\u0415\u0413\u041c\u0418\u041a","url":"https:\/\/regmik.ua\/uk\/","logo":{"@type":"ImageObject","inLanguage":"cs","@id":"https:\/\/regmik.ua\/uk\/#\/schema\/logo\/image\/","url":"https:\/\/regmik.ua\/wp-content\/uploads\/2020\/03\/regmik_logo.png","contentUrl":"https:\/\/regmik.ua\/wp-content\/uploads\/2020\/03\/regmik_logo.png","width":194,"height":45,"caption":"REGMIK"},"image":{"@id":"https:\/\/regmik.ua\/uk\/#\/schema\/logo\/image\/"},"sameAs":["https:\/\/www.facebook.com\/regmik.npf","https:\/\/x.com\/regmiknpf","https:\/\/www.youtube.com\/channel\/UC_SrY98SKAmR3Kt95GcVKcw"]}]}},"_links":{"self":[{"href":"https:\/\/regmik.ua\/cs\/wp-json\/wp\/v2\/product\/19536","targetHints":{"allow":["GET"]}}],"collection":[{"href":"https:\/\/regmik.ua\/cs\/wp-json\/wp\/v2\/product"}],"about":[{"href":"https:\/\/regmik.ua\/cs\/wp-json\/wp\/v2\/types\/product"}],"replies":[{"embeddable":true,"href":"https:\/\/regmik.ua\/cs\/wp-json\/wp\/v2\/comments?post=19536"}],"version-history":[{"count":0,"href":"https:\/\/regmik.ua\/cs\/wp-json\/wp\/v2\/product\/19536\/revisions"}],"wp:featuredmedia":[{"embeddable":true,"href":"https:\/\/regmik.ua\/cs\/wp-json\/wp\/v2\/media\/29078"}],"wp:attachment":[{"href":"https:\/\/regmik.ua\/cs\/wp-json\/wp\/v2\/media?parent=19536"}],"wp:term":[{"taxonomy":"product_brand","embeddable":true,"href":"https:\/\/regmik.ua\/cs\/wp-json\/wp\/v2\/product_brand?post=19536"},{"taxonomy":"product_cat","embeddable":true,"href":"https:\/\/regmik.ua\/cs\/wp-json\/wp\/v2\/product_cat?post=19536"},{"taxonomy":"product_tag","embeddable":true,"href":"https:\/\/regmik.ua\/cs\/wp-json\/wp\/v2\/product_tag?post=19536"}],"curies":[{"name":"wp","href":"https:\/\/api.w.org\/{rel}","templated":true}]}}