{"id":19532,"date":"2019-06-26T09:19:59","date_gmt":"2019-06-26T07:19:59","guid":{"rendered":"https:\/\/regmik.com.ua\/?post_type=product&#038;p=19532"},"modified":"2020-08-20T07:20:11","modified_gmt":"2020-08-20T05:20:11","slug":"termometry-dlya-nefteproduktov-tn","status":"publish","type":"product","link":"https:\/\/regmik.ua\/cs\/product\/termometry-dlya-nefteproduktov-tn\/","title":{"rendered":"Teplom\u011bry pro ropn\u00e9 produkty TN"},"content":{"rendered":"<div class=\"ms-content-block__header ms-product-card__description-title\"><span class=\"ms-content-block__header-text\">Popis<\/span><\/div>\n<div class=\"ms-product-card__description-text product-user-description\">\n<div>\n<table>\n<tbody>\n<tr>\n<th>\u00fa\u010del<\/th>\n<th>Typ teplom\u011bru<\/th>\n<th>Rozsah m\u011b\u0159en\u00ed, \u00b0C<\/th>\n<th>C.d., \u00b0C<\/th>\n<th>D\u00e9lka teplom\u011bru, mm<\/th>\n<\/tr>\n<tr>\n<th colspan=\"1\" rowspan=\"2\">Bleskov\u00fd teplom\u011br s uzav\u0159en\u00fdm hrnkem<\/th>\n<td>TN-1 verze 1<\/td>\n<td>od 0 do +170<\/td>\n<td>1<\/td>\n<td>250\u00b110<\/td>\n<\/tr>\n<tr>\n<td>TN-1 verze 2<\/td>\n<td>od +130 do +300<\/td>\n<td>1<\/td>\n<td>250\u00b110<\/td>\n<\/tr>\n<tr>\n<th>Otev\u0159en\u00fd poh\u00e1rek flash teplom\u011br<\/th>\n<td>TN-2M<\/td>\n<td>od 0 do +360<\/td>\n<td>1<\/td>\n<td>330\u00b110<\/td>\n<\/tr>\n<tr>\n<th colspan=\"1\" rowspan=\"2\">Viskozitn\u00ed teplom\u011br<\/th>\n<td>TN-3 verze 1<\/td>\n<td>od 0 do +60<\/td>\n<td>0,5<\/td>\n<td>250\u00b110<\/td>\n<\/tr>\n<tr>\n<td>TN-3 verze 2<\/td>\n<td>od +50 do +110<\/td>\n<td>0,5<\/td>\n<td>250\u00b110<\/td>\n<\/tr>\n<tr>\n<th colspan=\"1\" rowspan=\"2\">Teplom\u011br poklesu teploty pro mazac\u00ed tuky<\/th>\n<td>TN-4M Verze 1<\/td>\n<td>od 0 do +150<\/td>\n<td>1<\/td>\n<td>250\u00b110<\/td>\n<\/tr>\n<tr>\n<td>TN-4M verze 2<\/td>\n<td>od +100 do +250<\/td>\n<td>1<\/td>\n<td>250\u00b110<\/td>\n<\/tr>\n<tr>\n<th colspan=\"1\">Teplom\u011br pro stanoven\u00ed bodu t\u00e1n\u00ed paraf\u00ednu<\/th>\n<td>TN-5<\/td>\n<td>od +30 do +100<\/td>\n<td>0,2<\/td>\n<td>300\u00b110<\/td>\n<\/tr>\n<tr>\n<th colspan=\"1\">Teplom\u011br pro stanoven\u00ed bodu tuhnut\u00ed a z\u00e1kalu ropn\u00fdch produkt\u016f<\/th>\n<td>TN-6<\/td>\n<td>-30 a\u017e +60<\/td>\n<td>1<\/td>\n<td>300\u00b110<\/td>\n<\/tr>\n<tr>\n<th colspan=\"1\">Teplom\u011br pro m\u011b\u0159en\u00ed n\u00edzk\u00fdch teplot p\u0159i testov\u00e1n\u00ed ropn\u00fdch produkt\u016f na tuhnut\u00ed<\/th>\n<td>TN-8M<\/td>\n<td>-80 a\u017e +60<\/td>\n<td>1<\/td>\n<td>400\u00b110<\/td>\n<\/tr>\n<\/tbody>\n<\/table>\n<\/div>\n<\/div>\n<div class=\"ms-product-card__description-additional\">\n<div class=\"_params\">\n<div class=\"_item\"><strong>Zobrazen\u00ed \u00fadaj\u016f teplom\u011bru:<\/strong>M\u011b\u0159\u00edtko<\/div>\n<div class=\"_item\"><strong>Typ teplom\u011bru:<\/strong>Rtu\u0165<\/div>\n<div class=\"_item\"><strong>Ur\u010deno pro kontrolu teploty p\u0159i anal\u00fdze kvality ropn\u00fdch produkt\u016f.:<\/strong>\u00a0Ur\u010deno pro kontrolu teploty p\u0159i anal\u00fdze kvality ropn\u00fdch produkt\u016f.<\/div>\n<\/div>\n<\/div>","protected":false},"excerpt":{"rendered":"<p>\u041e\u043f\u0438\u0441\u0430\u043d\u0438\u0435 \u041f\u0440\u0435\u0434\u043d\u0430\u0437\u043d\u0430\u0447\u0435\u043d\u0438\u0435 \u0422\u0438\u043f \u0442\u0435\u0440\u043c\u043e\u043c\u0435\u0442\u0440\u0430 \u0414\u0438\u0430\u043f\u0430\u0437\u043e\u043d \u0438\u0437\u043c.,\u00a0\u00b0C \u0426.\u0434.,\u00a0\u00b0C \u0414\u043b\u0438\u043d\u0430 \u0442\u0435\u0440\u043c\u043e\u043c\u0435\u0442\u0440\u0430, \u043c\u043c \u0422\u0435\u0440\u043c\u043e\u043c\u0435\u0442\u0440 \u0434\u043b\u044f \u043e\u043f\u0440\u0435\u0434\u0435\u043b\u0435\u043d\u0438\u044f \u0442\u0435\u043c\u043f\u0435\u0440\u0430\u0442\u0443\u0440\u044b \u0432\u0441\u043f\u044b\u0448\u043a\u0438 \u0432 \u0437\u0430\u043a\u0440\u044b\u0442\u043e\u043c \u0442\u0438\u0433\u043b\u0435 \u0422\u041d-1 \u0418\u0441\u043f.1 \u043e\u0442 0 \u0434\u043e +170 1 250\u00b110 \u0422\u041d-1 \u0418\u0441\u043f.2 \u043e\u0442 +130 \u0434\u043e +300 1 250\u00b110 \u0422\u0435\u0440\u043c\u043e\u043c\u0435\u0442\u0440 \u0434\u043b\u044f \u043e\u043f\u0440\u0435\u0434\u0435\u043b\u0435\u043d\u0438\u044f \u0442\u0435\u043c\u043f\u0435\u0440\u0430\u0442\u0443\u0440\u044b \u0432\u0441\u043f\u044b\u0448\u043a\u0438 \u0432 \u043e\u0442\u043a\u0440\u044b\u0442\u043e\u043c \u0442\u0438\u0433\u043b\u0435 \u0422\u041d-2\u041c \u043e\u0442 0 \u0434\u043e +360 1 330\u00b110 \u0422\u0435\u0440\u043c\u043e\u043c\u0435\u0442\u0440 \u0434\u043b\u044f \u043e\u043f\u0440\u0435\u0434\u0435\u043b\u0435\u043d\u0438\u044f \u0443\u0441\u043b\u043e\u0432\u043d\u043e\u0439 \u0432\u044f\u0437\u043a\u043e\u0441\u0442\u0438 \u0422\u041d-3 &hellip; <a href=\"https:\/\/regmik.ua\/cs\/product\/termometry-dlya-nefteproduktov-tn\/\" class=\"more-link\">pokra\u010dovat ve \u010dten\u00ed <span class=\"screen-reader-text\">Teplom\u011bry pro ropn\u00e9 produkty TN<\/span><\/a><\/p>","protected":false},"featured_media":19534,"comment_status":"open","ping_status":"closed","template":"","meta":[],"product_brand":[],"product_cat":[815],"product_tag":[],"class_list":{"0":"post-19532","1":"product","2":"type-product","3":"status-publish","4":"has-post-thumbnail","6":"product_cat-termometry-rtutnye","9":"instock","10":"shipping-taxable","11":"purchasable","12":"product-type-simple"},"yoast_head":"<title>\u0422\u0435\u0440\u043c\u043e\u043c\u0435\u0442\u0440\u044b \u0434\u043b\u044f \u043d\u0435\u0444\u0442\u0435\u043f\u0440\u043e\u0434\u0443\u043a\u0442\u043e\u0432 \u0422\u041d &#8211; \u0420\u0415\u0413\u041c\u0406\u041a, \u041d\u0412\u0424, \u041f\u041f<\/title>\n<meta name=\"description\" content=\"\u041e\u043f\u0438\u0441\u0430\u043d\u0438\u0435 \u041f\u0440\u0435\u0434\u043d\u0430\u0437\u043d\u0430\u0447\u0435\u043d\u0438\u0435 \u0422\u0438\u043f \u0442\u0435\u0440\u043c\u043e\u043c\u0435\u0442\u0440\u0430 \u0414\u0438\u0430\u043f\u0430\u0437\u043e\u043d \u0438\u0437\u043c.,\u00a0\u00b0C \u0426.\u0434.,\u00a0\u00b0C \u0414\u043b\u0438\u043d\u0430 \u0442\u0435\u0440\u043c\u043e\u043c\u0435\u0442\u0440\u0430, \u043c\u043c \u0422\u0435\u0440\u043c\u043e\u043c\u0435\u0442\u0440 \u0434\u043b\u044f \u043e\u043f\u0440\u0435\u0434\u0435\u043b\u0435\u043d\u0438\u044f \u0442\u0435\u043c\u043f\u0435\u0440\u0430\u0442\u0443\u0440\u044b \u0432\u0441\u043f\u044b\u0448\u043a\u0438 \u0432 \u0437\u0430\u043a\u0440\u044b\u0442\u043e\u043c \u0442\u0438\u0433\u043b\u0435 \u0422\u041d-1\" \/>\n<meta name=\"robots\" content=\"index, follow, max-snippet:-1, max-image-preview:large, max-video-preview:-1\" \/>\n<link rel=\"canonical\" href=\"https:\/\/regmik.ua\/cs\/it\/prodotto\/termometry-dlya-nefteproduktov-tn\/\" \/>\n<script type=\"application\/ld+json\" class=\"yoast-schema-graph\">{\"@context\":\"https:\\\/\\\/schema.org\",\"@graph\":[{\"@type\":\"WebPage\",\"@id\":\"https:\\\/\\\/regmik.ua\\\/it\\\/prodotto\\\/termometry-dlya-nefteproduktov-tn\\\/\",\"url\":\"https:\\\/\\\/regmik.ua\\\/it\\\/prodotto\\\/termometry-dlya-nefteproduktov-tn\\\/\",\"name\":\"\u0422\u0435\u0440\u043c\u043e\u043c\u0435\u0442\u0440\u044b \u0434\u043b\u044f \u043d\u0435\u0444\u0442\u0435\u043f\u0440\u043e\u0434\u0443\u043a\u0442\u043e\u0432 \u0422\u041d &#8211; \u0420\u0415\u0413\u041c\u0406\u041a, \u041d\u0412\u0424, \u041f\u041f\",\"isPartOf\":{\"@id\":\"https:\\\/\\\/regmik.ua\\\/uk\\\/#website\"},\"primaryImageOfPage\":{\"@id\":\"https:\\\/\\\/regmik.ua\\\/it\\\/prodotto\\\/termometry-dlya-nefteproduktov-tn\\\/#primaryimage\"},\"image\":{\"@id\":\"https:\\\/\\\/regmik.ua\\\/it\\\/prodotto\\\/termometry-dlya-nefteproduktov-tn\\\/#primaryimage\"},\"thumbnailUrl\":\"https:\\\/\\\/regmik.ua\\\/wp-content\\\/uploads\\\/2019\\\/06\\\/1503.jpg\",\"datePublished\":\"2019-06-26T07:19:59+00:00\",\"dateModified\":\"2020-08-20T05:20:11+00:00\",\"description\":\"\u041e\u043f\u0438\u0441\u0430\u043d\u0438\u0435 \u041f\u0440\u0435\u0434\u043d\u0430\u0437\u043d\u0430\u0447\u0435\u043d\u0438\u0435 \u0422\u0438\u043f \u0442\u0435\u0440\u043c\u043e\u043c\u0435\u0442\u0440\u0430 \u0414\u0438\u0430\u043f\u0430\u0437\u043e\u043d \u0438\u0437\u043c.,\u00a0\u00b0C \u0426.\u0434.,\u00a0\u00b0C \u0414\u043b\u0438\u043d\u0430 \u0442\u0435\u0440\u043c\u043e\u043c\u0435\u0442\u0440\u0430, \u043c\u043c \u0422\u0435\u0440\u043c\u043e\u043c\u0435\u0442\u0440 \u0434\u043b\u044f \u043e\u043f\u0440\u0435\u0434\u0435\u043b\u0435\u043d\u0438\u044f \u0442\u0435\u043c\u043f\u0435\u0440\u0430\u0442\u0443\u0440\u044b \u0432\u0441\u043f\u044b\u0448\u043a\u0438 \u0432 \u0437\u0430\u043a\u0440\u044b\u0442\u043e\u043c \u0442\u0438\u0433\u043b\u0435 \u0422\u041d-1\",\"breadcrumb\":{\"@id\":\"https:\\\/\\\/regmik.ua\\\/it\\\/prodotto\\\/termometry-dlya-nefteproduktov-tn\\\/#breadcrumb\"},\"inLanguage\":\"cs\",\"potentialAction\":[{\"@type\":\"ReadAction\",\"target\":[\"https:\\\/\\\/regmik.ua\\\/it\\\/prodotto\\\/termometry-dlya-nefteproduktov-tn\\\/\"]}]},{\"@type\":\"ImageObject\",\"inLanguage\":\"cs\",\"@id\":\"https:\\\/\\\/regmik.ua\\\/it\\\/prodotto\\\/termometry-dlya-nefteproduktov-tn\\\/#primaryimage\",\"url\":\"https:\\\/\\\/regmik.ua\\\/wp-content\\\/uploads\\\/2019\\\/06\\\/1503.jpg\",\"contentUrl\":\"https:\\\/\\\/regmik.ua\\\/wp-content\\\/uploads\\\/2019\\\/06\\\/1503.jpg\",\"width\":311,\"height\":420,\"caption\":\"\u0422\u0435\u0440\u043c\u043e\u043c\u0435\u0442\u0440\u044b \u0434\u043b\u044f \u043d\u0435\u0444\u0442\u0435\u043f\u0440\u043e\u0434\u0443\u043a\u0442\u043e\u0432 \u0422\u041d\"},{\"@type\":\"BreadcrumbList\",\"@id\":\"https:\\\/\\\/regmik.ua\\\/it\\\/prodotto\\\/termometry-dlya-nefteproduktov-tn\\\/#breadcrumb\",\"itemListElement\":[{\"@type\":\"ListItem\",\"position\":1,\"name\":\"\u0413\u043b\u0430\u0432\u043d\u0430\u044f \u0441\u0442\u0440\u0430\u043d\u0438\u0446\u0430\",\"item\":\"https:\\\/\\\/regmik.ua\\\/\"},{\"@type\":\"ListItem\",\"position\":2,\"name\":\"\u041f\u0440\u043e\u0434\u0443\u043a\u0446\u0438\u044f\",\"item\":\"https:\\\/\\\/regmik.ua\\\/uk\\\/products\\\/\"},{\"@type\":\"ListItem\",\"position\":3,\"name\":\"\u0422\u0435\u0440\u043c\u043e\u043c\u0435\u0442\u0440\u044b \u0434\u043b\u044f \u043d\u0435\u0444\u0442\u0435\u043f\u0440\u043e\u0434\u0443\u043a\u0442\u043e\u0432 \u0422\u041d\"}]},{\"@type\":\"WebSite\",\"@id\":\"https:\\\/\\\/regmik.ua\\\/uk\\\/#website\",\"url\":\"https:\\\/\\\/regmik.ua\\\/uk\\\/\",\"name\":\"REGMIK\",\"description\":\"\u0418\u0437\u043c\u0435\u0440\u0438\u0442\u0435\u043b\u044c\u043d\u044b\u0435 \u043f\u0440\u0438\u0431\u043e\u0440\u044b \u0438 \u0434\u0430\u0442\u0447\u0438\u043a\u0438 \u0442\u0435\u043c\u043f\u0435\u0440\u0430\u0442\u0443\u0440\u044b\",\"publisher\":{\"@id\":\"https:\\\/\\\/regmik.ua\\\/uk\\\/#organization\"},\"alternateName\":\"REGMIK\",\"potentialAction\":[{\"@type\":\"SearchAction\",\"target\":{\"@type\":\"EntryPoint\",\"urlTemplate\":\"https:\\\/\\\/regmik.ua\\\/uk\\\/?s={search_term_string}\"},\"query-input\":{\"@type\":\"PropertyValueSpecification\",\"valueRequired\":true,\"valueName\":\"search_term_string\"}}],\"inLanguage\":\"cs\"},{\"@type\":\"Organization\",\"@id\":\"https:\\\/\\\/regmik.ua\\\/uk\\\/#organization\",\"name\":\"REGMIK\",\"alternateName\":\"\u0420\u0415\u0413\u041c\u0418\u041a\",\"url\":\"https:\\\/\\\/regmik.ua\\\/uk\\\/\",\"logo\":{\"@type\":\"ImageObject\",\"inLanguage\":\"cs\",\"@id\":\"https:\\\/\\\/regmik.ua\\\/uk\\\/#\\\/schema\\\/logo\\\/image\\\/\",\"url\":\"https:\\\/\\\/regmik.ua\\\/wp-content\\\/uploads\\\/2020\\\/03\\\/regmik_logo.png\",\"contentUrl\":\"https:\\\/\\\/regmik.ua\\\/wp-content\\\/uploads\\\/2020\\\/03\\\/regmik_logo.png\",\"width\":194,\"height\":45,\"caption\":\"REGMIK\"},\"image\":{\"@id\":\"https:\\\/\\\/regmik.ua\\\/uk\\\/#\\\/schema\\\/logo\\\/image\\\/\"},\"sameAs\":[\"https:\\\/\\\/www.facebook.com\\\/regmik.npf\",\"https:\\\/\\\/x.com\\\/regmiknpf\",\"https:\\\/\\\/www.youtube.com\\\/channel\\\/UC_SrY98SKAmR3Kt95GcVKcw\"]}]}<\/script>","yoast_head_json":{"title":"Teplom\u011bry pro ropn\u00e9 produkty TN \u2013 REGMIK, NVF, PP","description":"Popis \u00da\u010del Typ teplom\u011bru Rozsah m\u011b\u0159en\u00ed, \u00b0C C.d., \u00b0C D\u00e9lka teplom\u011bru, mm Teplom\u011br pro stanoven\u00ed bodu vzplanut\u00ed v uzav\u0159en\u00e9m kel\u00edmku \u0422\u041d-1","robots":{"index":"index","follow":"follow","max-snippet":"max-snippet:-1","max-image-preview":"max-image-preview:large","max-video-preview":"max-video-preview:-1"},"canonical":"https:\/\/regmik.ua\/cs\/it\/prodotto\/termometry-dlya-nefteproduktov-tn\/","schema":{"@context":"https:\/\/schema.org","@graph":[{"@type":"WebPage","@id":"https:\/\/regmik.ua\/it\/prodotto\/termometry-dlya-nefteproduktov-tn\/","url":"https:\/\/regmik.ua\/it\/prodotto\/termometry-dlya-nefteproduktov-tn\/","name":"Teplom\u011bry pro ropn\u00e9 produkty TN \u2013 REGMIK, NVF, PP","isPartOf":{"@id":"https:\/\/regmik.ua\/uk\/#website"},"primaryImageOfPage":{"@id":"https:\/\/regmik.ua\/it\/prodotto\/termometry-dlya-nefteproduktov-tn\/#primaryimage"},"image":{"@id":"https:\/\/regmik.ua\/it\/prodotto\/termometry-dlya-nefteproduktov-tn\/#primaryimage"},"thumbnailUrl":"https:\/\/regmik.ua\/wp-content\/uploads\/2019\/06\/1503.jpg","datePublished":"2019-06-26T07:19:59+00:00","dateModified":"2020-08-20T05:20:11+00:00","description":"Popis \u00da\u010del Typ teplom\u011bru Rozsah m\u011b\u0159en\u00ed, \u00b0C C.d., \u00b0C D\u00e9lka teplom\u011bru, mm Teplom\u011br pro stanoven\u00ed bodu vzplanut\u00ed v uzav\u0159en\u00e9m kel\u00edmku \u0422\u041d-1","breadcrumb":{"@id":"https:\/\/regmik.ua\/it\/prodotto\/termometry-dlya-nefteproduktov-tn\/#breadcrumb"},"inLanguage":"cs","potentialAction":[{"@type":"ReadAction","target":["https:\/\/regmik.ua\/it\/prodotto\/termometry-dlya-nefteproduktov-tn\/"]}]},{"@type":"ImageObject","inLanguage":"cs","@id":"https:\/\/regmik.ua\/it\/prodotto\/termometry-dlya-nefteproduktov-tn\/#primaryimage","url":"https:\/\/regmik.ua\/wp-content\/uploads\/2019\/06\/1503.jpg","contentUrl":"https:\/\/regmik.ua\/wp-content\/uploads\/2019\/06\/1503.jpg","width":311,"height":420,"caption":"\u0422\u0435\u0440\u043c\u043e\u043c\u0435\u0442\u0440\u044b \u0434\u043b\u044f \u043d\u0435\u0444\u0442\u0435\u043f\u0440\u043e\u0434\u0443\u043a\u0442\u043e\u0432 \u0422\u041d"},{"@type":"BreadcrumbList","@id":"https:\/\/regmik.ua\/it\/prodotto\/termometry-dlya-nefteproduktov-tn\/#breadcrumb","itemListElement":[{"@type":"ListItem","position":1,"name":"\u0413\u043b\u0430\u0432\u043d\u0430\u044f \u0441\u0442\u0440\u0430\u043d\u0438\u0446\u0430","item":"https:\/\/regmik.ua\/"},{"@type":"ListItem","position":2,"name":"\u041f\u0440\u043e\u0434\u0443\u043a\u0446\u0438\u044f","item":"https:\/\/regmik.ua\/uk\/products\/"},{"@type":"ListItem","position":3,"name":"\u0422\u0435\u0440\u043c\u043e\u043c\u0435\u0442\u0440\u044b \u0434\u043b\u044f \u043d\u0435\u0444\u0442\u0435\u043f\u0440\u043e\u0434\u0443\u043a\u0442\u043e\u0432 \u0422\u041d"}]},{"@type":"WebSite","@id":"https:\/\/regmik.ua\/uk\/#website","url":"https:\/\/regmik.ua\/uk\/","name":"REGMIK","description":"M\u011b\u0159ic\u00ed p\u0159\u00edstroje a sn\u00edma\u010de teploty","publisher":{"@id":"https:\/\/regmik.ua\/uk\/#organization"},"alternateName":"REGMIK","potentialAction":[{"@type":"SearchAction","target":{"@type":"EntryPoint","urlTemplate":"https:\/\/regmik.ua\/uk\/?s={search_term_string}"},"query-input":{"@type":"PropertyValueSpecification","valueRequired":true,"valueName":"search_term_string"}}],"inLanguage":"cs"},{"@type":"Organization","@id":"https:\/\/regmik.ua\/uk\/#organization","name":"REGMIK","alternateName":"\u0420\u0415\u0413\u041c\u0418\u041a","url":"https:\/\/regmik.ua\/uk\/","logo":{"@type":"ImageObject","inLanguage":"cs","@id":"https:\/\/regmik.ua\/uk\/#\/schema\/logo\/image\/","url":"https:\/\/regmik.ua\/wp-content\/uploads\/2020\/03\/regmik_logo.png","contentUrl":"https:\/\/regmik.ua\/wp-content\/uploads\/2020\/03\/regmik_logo.png","width":194,"height":45,"caption":"REGMIK"},"image":{"@id":"https:\/\/regmik.ua\/uk\/#\/schema\/logo\/image\/"},"sameAs":["https:\/\/www.facebook.com\/regmik.npf","https:\/\/x.com\/regmiknpf","https:\/\/www.youtube.com\/channel\/UC_SrY98SKAmR3Kt95GcVKcw"]}]}},"_links":{"self":[{"href":"https:\/\/regmik.ua\/cs\/wp-json\/wp\/v2\/product\/19532","targetHints":{"allow":["GET"]}}],"collection":[{"href":"https:\/\/regmik.ua\/cs\/wp-json\/wp\/v2\/product"}],"about":[{"href":"https:\/\/regmik.ua\/cs\/wp-json\/wp\/v2\/types\/product"}],"replies":[{"embeddable":true,"href":"https:\/\/regmik.ua\/cs\/wp-json\/wp\/v2\/comments?post=19532"}],"version-history":[{"count":0,"href":"https:\/\/regmik.ua\/cs\/wp-json\/wp\/v2\/product\/19532\/revisions"}],"wp:featuredmedia":[{"embeddable":true,"href":"https:\/\/regmik.ua\/cs\/wp-json\/wp\/v2\/media\/19534"}],"wp:attachment":[{"href":"https:\/\/regmik.ua\/cs\/wp-json\/wp\/v2\/media?parent=19532"}],"wp:term":[{"taxonomy":"product_brand","embeddable":true,"href":"https:\/\/regmik.ua\/cs\/wp-json\/wp\/v2\/product_brand?post=19532"},{"taxonomy":"product_cat","embeddable":true,"href":"https:\/\/regmik.ua\/cs\/wp-json\/wp\/v2\/product_cat?post=19532"},{"taxonomy":"product_tag","embeddable":true,"href":"https:\/\/regmik.ua\/cs\/wp-json\/wp\/v2\/product_tag?post=19532"}],"curies":[{"name":"wp","href":"https:\/\/api.w.org\/{rel}","templated":true}]}}