{"id":19296,"date":"2019-06-10T15:09:23","date_gmt":"2019-06-10T13:09:23","guid":{"rendered":"https:\/\/regmik.com.ua\/?post_type=product&#038;p=19296"},"modified":"2020-08-20T07:21:54","modified_gmt":"2020-08-20T05:21:54","slug":"p5001nl","status":"publish","type":"product","link":"https:\/\/regmik.ua\/cs\/product\/p5001nl\/","title":{"rendered":"P5001NL"},"content":{"rendered":"<table class=\"product_descriptions\">\n<tbody>\n<tr valign=\"top\">\n<td>Stav sou\u010d\u00e1sti<\/td>\n<td>Aktivn\u00ed<\/td>\n<\/tr>\n<tr valign=\"top\">\n<td>Typ transform\u00e1toru<\/td>\n<td>-<\/td>\n<\/tr>\n<tr valign=\"top\">\n<td>Induk\u010dnost<\/td>\n<td>-<\/td>\n<\/tr>\n<tr valign=\"top\">\n<td>ET (volt-time)<\/td>\n<td>-<\/td>\n<\/tr>\n<tr valign=\"top\">\n<td>Pom\u011br ot\u00e1\u010dek - prim\u00e1rn\u00ed: sekund\u00e1rn\u00ed<\/td>\n<td>1:0.1:0.1<\/td>\n<\/tr>\n<tr valign=\"top\">\n<td>Typ mont\u00e1\u017ee<\/td>\n<td>Skrz d\u00edru<\/td>\n<\/tr>\n<tr valign=\"top\">\n<td>Velikost \/ rozm\u011br<\/td>\n<td>0,717 \u2033 L x 0,630 \u2033 W (18,20 mm x 16,00 mm)<\/td>\n<\/tr>\n<tr valign=\"top\">\n<td>V\u00fd\u0161ka - sed\u00edc\u00ed (max.)<\/td>\n<td>0,707 palce (17,70 mm)<\/td>\n<\/tr>\n<tr valign=\"top\">\n<td>Provozn\u00ed teplota<\/td>\n<td>-30 \u00b0 C ~ 110 \u00b0 C<\/td>\n<\/tr>\n<\/tbody>\n<\/table>","protected":false},"excerpt":{"rendered":"<p>Part Status Active Transformer Type &#8211; Inductance &#8211; ET (Volt-Time) &#8211; Turns Ratio &#8211; Primary:Secondary 1:0.1:0.1 Mounting Type Through Hole Size \/ Dimension 0.717&#8243; L x 0.630&#8243; W (18.20mm x 16.00mm) Height &#8211; Seated (Max) 0.697&#8243; (17.70mm) Operating Temperature -30\u00b0C ~ 110\u00b0C<\/p>","protected":false},"featured_media":19297,"comment_status":"open","ping_status":"closed","template":"","meta":[],"product_brand":[],"product_cat":[806],"product_tag":[3063],"class_list":{"0":"post-19296","1":"product","2":"type-product","3":"status-publish","4":"has-post-thumbnail","6":"product_cat-transformatory","7":"product_tag-p5001nl","10":"instock","11":"shipping-taxable","12":"purchasable","13":"product-type-simple"},"yoast_head":"<title>P5001NL &#8211; \u0420\u0415\u0413\u041c\u0406\u041a, \u041d\u0412\u0424, \u041f\u041f<\/title>\n<meta name=\"description\" content=\"Part Status Active Transformer Type - Inductance - ET (Volt-Time) - Turns Ratio - Primary:Secondary 1:0.1:0.1 Mounting Type Through Hole Size \/ Dimension\" \/>\n<meta name=\"robots\" content=\"index, follow, max-snippet:-1, max-image-preview:large, max-video-preview:-1\" \/>\n<link rel=\"canonical\" href=\"https:\/\/regmik.ua\/cs\/it\/prodotto\/p5001nl\/\" \/>\n<script type=\"application\/ld+json\" class=\"yoast-schema-graph\">{\"@context\":\"https:\\\/\\\/schema.org\",\"@graph\":[{\"@type\":\"WebPage\",\"@id\":\"https:\\\/\\\/regmik.ua\\\/it\\\/prodotto\\\/p5001nl\\\/\",\"url\":\"https:\\\/\\\/regmik.ua\\\/it\\\/prodotto\\\/p5001nl\\\/\",\"name\":\"P5001NL &#8211; \u0420\u0415\u0413\u041c\u0406\u041a, \u041d\u0412\u0424, \u041f\u041f\",\"isPartOf\":{\"@id\":\"https:\\\/\\\/regmik.ua\\\/uk\\\/#website\"},\"primaryImageOfPage\":{\"@id\":\"https:\\\/\\\/regmik.ua\\\/it\\\/prodotto\\\/p5001nl\\\/#primaryimage\"},\"image\":{\"@id\":\"https:\\\/\\\/regmik.ua\\\/it\\\/prodotto\\\/p5001nl\\\/#primaryimage\"},\"thumbnailUrl\":\"https:\\\/\\\/regmik.ua\\\/wp-content\\\/uploads\\\/2019\\\/06\\\/P5001NL_sml.jpg\",\"datePublished\":\"2019-06-10T13:09:23+00:00\",\"dateModified\":\"2020-08-20T05:21:54+00:00\",\"description\":\"Part Status Active Transformer Type - Inductance - ET (Volt-Time) - Turns Ratio - Primary:Secondary 1:0.1:0.1 Mounting Type Through Hole Size \\\/ Dimension\",\"breadcrumb\":{\"@id\":\"https:\\\/\\\/regmik.ua\\\/it\\\/prodotto\\\/p5001nl\\\/#breadcrumb\"},\"inLanguage\":\"cs\",\"potentialAction\":[{\"@type\":\"ReadAction\",\"target\":[\"https:\\\/\\\/regmik.ua\\\/it\\\/prodotto\\\/p5001nl\\\/\"]}]},{\"@type\":\"ImageObject\",\"inLanguage\":\"cs\",\"@id\":\"https:\\\/\\\/regmik.ua\\\/it\\\/prodotto\\\/p5001nl\\\/#primaryimage\",\"url\":\"https:\\\/\\\/regmik.ua\\\/wp-content\\\/uploads\\\/2019\\\/06\\\/P5001NL_sml.jpg\",\"contentUrl\":\"https:\\\/\\\/regmik.ua\\\/wp-content\\\/uploads\\\/2019\\\/06\\\/P5001NL_sml.jpg\",\"width\":200,\"height\":200,\"caption\":\"P5001NL\"},{\"@type\":\"BreadcrumbList\",\"@id\":\"https:\\\/\\\/regmik.ua\\\/it\\\/prodotto\\\/p5001nl\\\/#breadcrumb\",\"itemListElement\":[{\"@type\":\"ListItem\",\"position\":1,\"name\":\"\u0413\u043b\u0430\u0432\u043d\u0430\u044f \u0441\u0442\u0440\u0430\u043d\u0438\u0446\u0430\",\"item\":\"https:\\\/\\\/regmik.ua\\\/\"},{\"@type\":\"ListItem\",\"position\":2,\"name\":\"\u041f\u0440\u043e\u0434\u0443\u043a\u0446\u0438\u044f\",\"item\":\"https:\\\/\\\/regmik.ua\\\/uk\\\/products\\\/\"},{\"@type\":\"ListItem\",\"position\":3,\"name\":\"P5001NL\"}]},{\"@type\":\"WebSite\",\"@id\":\"https:\\\/\\\/regmik.ua\\\/uk\\\/#website\",\"url\":\"https:\\\/\\\/regmik.ua\\\/uk\\\/\",\"name\":\"REGMIK\",\"description\":\"\u0418\u0437\u043c\u0435\u0440\u0438\u0442\u0435\u043b\u044c\u043d\u044b\u0435 \u043f\u0440\u0438\u0431\u043e\u0440\u044b \u0438 \u0434\u0430\u0442\u0447\u0438\u043a\u0438 \u0442\u0435\u043c\u043f\u0435\u0440\u0430\u0442\u0443\u0440\u044b\",\"publisher\":{\"@id\":\"https:\\\/\\\/regmik.ua\\\/uk\\\/#organization\"},\"alternateName\":\"REGMIK\",\"potentialAction\":[{\"@type\":\"SearchAction\",\"target\":{\"@type\":\"EntryPoint\",\"urlTemplate\":\"https:\\\/\\\/regmik.ua\\\/uk\\\/?s={search_term_string}\"},\"query-input\":{\"@type\":\"PropertyValueSpecification\",\"valueRequired\":true,\"valueName\":\"search_term_string\"}}],\"inLanguage\":\"cs\"},{\"@type\":\"Organization\",\"@id\":\"https:\\\/\\\/regmik.ua\\\/uk\\\/#organization\",\"name\":\"REGMIK\",\"alternateName\":\"\u0420\u0415\u0413\u041c\u0418\u041a\",\"url\":\"https:\\\/\\\/regmik.ua\\\/uk\\\/\",\"logo\":{\"@type\":\"ImageObject\",\"inLanguage\":\"cs\",\"@id\":\"https:\\\/\\\/regmik.ua\\\/uk\\\/#\\\/schema\\\/logo\\\/image\\\/\",\"url\":\"https:\\\/\\\/regmik.ua\\\/wp-content\\\/uploads\\\/2020\\\/03\\\/regmik_logo.png\",\"contentUrl\":\"https:\\\/\\\/regmik.ua\\\/wp-content\\\/uploads\\\/2020\\\/03\\\/regmik_logo.png\",\"width\":194,\"height\":45,\"caption\":\"REGMIK\"},\"image\":{\"@id\":\"https:\\\/\\\/regmik.ua\\\/uk\\\/#\\\/schema\\\/logo\\\/image\\\/\"},\"sameAs\":[\"https:\\\/\\\/www.facebook.com\\\/regmik.npf\",\"https:\\\/\\\/x.com\\\/regmiknpf\",\"https:\\\/\\\/www.youtube.com\\\/channel\\\/UC_SrY98SKAmR3Kt95GcVKcw\"]}]}<\/script>","yoast_head_json":{"title":"P5001NL \u2013 REGMIC, NVF, PP","description":"Stav d\u00edlu Aktivn\u00ed typ transform\u00e1toru - Induk\u010dnost - ET (\u010das-nap\u011bt\u00ed) - Pom\u011br ot\u00e1\u010dek - Prim\u00e1rn\u00ed: Sekund\u00e1rn\u00ed 1: 0,1: 0,1 Typ mont\u00e1\u017ee Pr\u016fchoz\u00ed otvor Velikost \/ rozm\u011br","robots":{"index":"index","follow":"follow","max-snippet":"max-snippet:-1","max-image-preview":"max-image-preview:large","max-video-preview":"max-video-preview:-1"},"canonical":"https:\/\/regmik.ua\/cs\/it\/prodotto\/p5001nl\/","schema":{"@context":"https:\/\/schema.org","@graph":[{"@type":"WebPage","@id":"https:\/\/regmik.ua\/it\/prodotto\/p5001nl\/","url":"https:\/\/regmik.ua\/it\/prodotto\/p5001nl\/","name":"P5001NL \u2013 REGMIC, NVF, PP","isPartOf":{"@id":"https:\/\/regmik.ua\/uk\/#website"},"primaryImageOfPage":{"@id":"https:\/\/regmik.ua\/it\/prodotto\/p5001nl\/#primaryimage"},"image":{"@id":"https:\/\/regmik.ua\/it\/prodotto\/p5001nl\/#primaryimage"},"thumbnailUrl":"https:\/\/regmik.ua\/wp-content\/uploads\/2019\/06\/P5001NL_sml.jpg","datePublished":"2019-06-10T13:09:23+00:00","dateModified":"2020-08-20T05:21:54+00:00","description":"Stav d\u00edlu Aktivn\u00ed typ transform\u00e1toru - Induk\u010dnost - ET (\u010das-nap\u011bt\u00ed) - Pom\u011br ot\u00e1\u010dek - Prim\u00e1rn\u00ed: Sekund\u00e1rn\u00ed 1: 0,1: 0,1 Typ mont\u00e1\u017ee Pr\u016fchoz\u00ed otvor Velikost \/ rozm\u011br","breadcrumb":{"@id":"https:\/\/regmik.ua\/it\/prodotto\/p5001nl\/#breadcrumb"},"inLanguage":"cs","potentialAction":[{"@type":"ReadAction","target":["https:\/\/regmik.ua\/it\/prodotto\/p5001nl\/"]}]},{"@type":"ImageObject","inLanguage":"cs","@id":"https:\/\/regmik.ua\/it\/prodotto\/p5001nl\/#primaryimage","url":"https:\/\/regmik.ua\/wp-content\/uploads\/2019\/06\/P5001NL_sml.jpg","contentUrl":"https:\/\/regmik.ua\/wp-content\/uploads\/2019\/06\/P5001NL_sml.jpg","width":200,"height":200,"caption":"P5001NL"},{"@type":"BreadcrumbList","@id":"https:\/\/regmik.ua\/it\/prodotto\/p5001nl\/#breadcrumb","itemListElement":[{"@type":"ListItem","position":1,"name":"\u0413\u043b\u0430\u0432\u043d\u0430\u044f \u0441\u0442\u0440\u0430\u043d\u0438\u0446\u0430","item":"https:\/\/regmik.ua\/"},{"@type":"ListItem","position":2,"name":"\u041f\u0440\u043e\u0434\u0443\u043a\u0446\u0438\u044f","item":"https:\/\/regmik.ua\/uk\/products\/"},{"@type":"ListItem","position":3,"name":"P5001NL"}]},{"@type":"WebSite","@id":"https:\/\/regmik.ua\/uk\/#website","url":"https:\/\/regmik.ua\/uk\/","name":"REGMIK","description":"M\u011b\u0159ic\u00ed p\u0159\u00edstroje a sn\u00edma\u010de teploty","publisher":{"@id":"https:\/\/regmik.ua\/uk\/#organization"},"alternateName":"REGMIK","potentialAction":[{"@type":"SearchAction","target":{"@type":"EntryPoint","urlTemplate":"https:\/\/regmik.ua\/uk\/?s={search_term_string}"},"query-input":{"@type":"PropertyValueSpecification","valueRequired":true,"valueName":"search_term_string"}}],"inLanguage":"cs"},{"@type":"Organization","@id":"https:\/\/regmik.ua\/uk\/#organization","name":"REGMIK","alternateName":"\u0420\u0415\u0413\u041c\u0418\u041a","url":"https:\/\/regmik.ua\/uk\/","logo":{"@type":"ImageObject","inLanguage":"cs","@id":"https:\/\/regmik.ua\/uk\/#\/schema\/logo\/image\/","url":"https:\/\/regmik.ua\/wp-content\/uploads\/2020\/03\/regmik_logo.png","contentUrl":"https:\/\/regmik.ua\/wp-content\/uploads\/2020\/03\/regmik_logo.png","width":194,"height":45,"caption":"REGMIK"},"image":{"@id":"https:\/\/regmik.ua\/uk\/#\/schema\/logo\/image\/"},"sameAs":["https:\/\/www.facebook.com\/regmik.npf","https:\/\/x.com\/regmiknpf","https:\/\/www.youtube.com\/channel\/UC_SrY98SKAmR3Kt95GcVKcw"]}]}},"_links":{"self":[{"href":"https:\/\/regmik.ua\/cs\/wp-json\/wp\/v2\/product\/19296","targetHints":{"allow":["GET"]}}],"collection":[{"href":"https:\/\/regmik.ua\/cs\/wp-json\/wp\/v2\/product"}],"about":[{"href":"https:\/\/regmik.ua\/cs\/wp-json\/wp\/v2\/types\/product"}],"replies":[{"embeddable":true,"href":"https:\/\/regmik.ua\/cs\/wp-json\/wp\/v2\/comments?post=19296"}],"version-history":[{"count":0,"href":"https:\/\/regmik.ua\/cs\/wp-json\/wp\/v2\/product\/19296\/revisions"}],"wp:featuredmedia":[{"embeddable":true,"href":"https:\/\/regmik.ua\/cs\/wp-json\/wp\/v2\/media\/19297"}],"wp:attachment":[{"href":"https:\/\/regmik.ua\/cs\/wp-json\/wp\/v2\/media?parent=19296"}],"wp:term":[{"taxonomy":"product_brand","embeddable":true,"href":"https:\/\/regmik.ua\/cs\/wp-json\/wp\/v2\/product_brand?post=19296"},{"taxonomy":"product_cat","embeddable":true,"href":"https:\/\/regmik.ua\/cs\/wp-json\/wp\/v2\/product_cat?post=19296"},{"taxonomy":"product_tag","embeddable":true,"href":"https:\/\/regmik.ua\/cs\/wp-json\/wp\/v2\/product_tag?post=19296"}],"curies":[{"name":"wp","href":"https:\/\/api.w.org\/{rel}","templated":true}]}}