{"id":19293,"date":"2019-06-10T14:58:25","date_gmt":"2019-06-10T12:58:25","guid":{"rendered":"https:\/\/regmik.com.ua\/?post_type=product&#038;p=19293"},"modified":"2020-08-20T07:21:54","modified_gmt":"2020-08-20T05:21:54","slug":"pmcu-5220","status":"publish","type":"product","link":"https:\/\/regmik.ua\/cs\/product\/pmcu-5220\/","title":{"rendered":"PMCU-5220"},"content":{"rendered":"<table border=\"1\" width=\"60%\">\n<tbody>\n<tr>\n<td width=\"358\"><b><span style=\"font-family: Calibri;\">Typ filtrovan\u00e9ho proudu sb\u011brnice<\/span><\/b><\/td>\n<td align=\"center\"><span style=\"font-family: Calibri;\">\u00a0TAK JAKO<\/span><\/td>\n<\/tr>\n<tr>\n<td bgcolor=\"#EDECE9\" width=\"358\"><b><span style=\"font-family: Calibri;\">Jmenovit\u00fd proud<\/span><\/b><\/td>\n<td align=\"center\" bgcolor=\"#EDECE9\"><span style=\"font-family: Calibri;\">\u00a0250 mA<\/span><\/td>\n<\/tr>\n<tr>\n<td width=\"358\"><b><span style=\"font-family: Calibri;\">Induk\u010dnost spole\u010dn\u00e9ho re\u017eimu<\/span><\/b><\/td>\n<td align=\"center\"><span style=\"font-family: Calibri;\">\u00a022 mH<\/span><\/td>\n<\/tr>\n<tr>\n<td bgcolor=\"#EDECE9\" width=\"358\"><b><span style=\"font-family: Calibri;\">Zp\u016fsob instalace<\/span><\/b><\/td>\n<td align=\"center\" bgcolor=\"#EDECE9\"><span style=\"font-family: Calibri;\">\u00a0KOL\u00cdK<\/span><\/td>\n<\/tr>\n<tr>\n<td width=\"358\"><b><span style=\"font-family: Calibri;\">Velikost<\/span><\/b><\/td>\n<td align=\"center\"><span style=\"font-family: Calibri;\">\u00a016,5 mm<\/span><\/td>\n<\/tr>\n<tr>\n<td bgcolor=\"#EDECE9\" width=\"358\"><b><span style=\"font-family: Calibri;\">DC odpor DCR proud<\/span><\/b><\/td>\n<td align=\"center\" bgcolor=\"#EDECE9\"><span style=\"font-family: Calibri;\">\u00a03,7 ohmu.<\/span><\/td>\n<\/tr>\n<\/tbody>\n<\/table>","protected":false},"excerpt":{"rendered":"<p>Typ filtrovan\u00e9ho proudu sb\u011brnice AC Jmenovit\u00fd proud 250 mA Induk\u010dnost v b\u011b\u017en\u00e9m re\u017eimu 22 mH Zp\u016fsob mont\u00e1\u017ee PIN Velikost 16,5 mm Odpor DC<\/p>","protected":false},"featured_media":19294,"comment_status":"open","ping_status":"closed","template":"","meta":[],"product_brand":[],"product_cat":[806],"product_tag":[3064],"class_list":{"0":"post-19293","1":"product","2":"type-product","3":"status-publish","4":"has-post-thumbnail","6":"product_cat-transformatory","7":"product_tag-pmcu-5220","10":"instock","11":"shipping-taxable","12":"purchasable","13":"product-type-simple"},"yoast_head":"<title>PMCU-5220 &#8211; \u0420\u0415\u0413\u041c\u0406\u041a, \u041d\u0412\u0424, \u041f\u041f<\/title>\n<meta name=\"description\" content=\"\u0422\u0438\u043f \u0442\u043e\u043a\u0430 \u0444\u0438\u043b\u044c\u0442\u0440\u0443\u0435\u043c\u043e\u0439 \u0448\u0438\u043d\u044b \u00a0\u0410\u0421 \u041d\u043e\u043c\u0438\u043d\u0430\u043b\u044c\u043d\u044b\u0439 \u0442\u043e\u043a \u00a0250 \u043c\u0410 \u0418\u043d\u0434\u0443\u043a\u0442\u0438\u0432\u043d\u043e\u0441\u0442\u044c \u0432 \u0441\u0438\u043d\u0444\u0430\u0437\u043d\u043e\u043c \u0440\u0435\u0436\u0438\u043c\u0435 \u00a022 \u043c\u0413\u043d \u0421\u043f\u043e\u0441\u043e\u0431 \u043c\u043e\u043d\u0442\u0430\u0436\u0430 \u00a0PIN \u0420\u0430\u0437\u043c\u0435\u0440 \u00a016.5 \u043c\u043c \u0421\u043e\u043f\u0440\u043e\u0442\u0438\u0432\u043b\u0435\u043d\u0438\u0435 \u043f\u043e\u0441\u0442.\" \/>\n<meta name=\"robots\" content=\"index, follow, max-snippet:-1, max-image-preview:large, max-video-preview:-1\" \/>\n<link rel=\"canonical\" href=\"https:\/\/regmik.ua\/cs\/produkt\/pmcu-5220\/\" \/>\n<script type=\"application\/ld+json\" class=\"yoast-schema-graph\">{\"@context\":\"https:\\\/\\\/schema.org\",\"@graph\":[{\"@type\":\"WebPage\",\"@id\":\"https:\\\/\\\/regmik.ua\\\/product\\\/pmcu-5220\\\/\",\"url\":\"https:\\\/\\\/regmik.ua\\\/product\\\/pmcu-5220\\\/\",\"name\":\"PMCU-5220 &#8211; \u0420\u0415\u0413\u041c\u0406\u041a, \u041d\u0412\u0424, \u041f\u041f\",\"isPartOf\":{\"@id\":\"https:\\\/\\\/regmik.ua\\\/uk\\\/#website\"},\"primaryImageOfPage\":{\"@id\":\"https:\\\/\\\/regmik.ua\\\/product\\\/pmcu-5220\\\/#primaryimage\"},\"image\":{\"@id\":\"https:\\\/\\\/regmik.ua\\\/product\\\/pmcu-5220\\\/#primaryimage\"},\"thumbnailUrl\":\"https:\\\/\\\/regmik.ua\\\/wp-content\\\/uploads\\\/2019\\\/06\\\/Bez-nazvaniya-2-2.jpg\",\"datePublished\":\"2019-06-10T12:58:25+00:00\",\"dateModified\":\"2020-08-20T05:21:54+00:00\",\"description\":\"\u0422\u0438\u043f \u0442\u043e\u043a\u0430 \u0444\u0438\u043b\u044c\u0442\u0440\u0443\u0435\u043c\u043e\u0439 \u0448\u0438\u043d\u044b \u00a0\u0410\u0421 \u041d\u043e\u043c\u0438\u043d\u0430\u043b\u044c\u043d\u044b\u0439 \u0442\u043e\u043a \u00a0250 \u043c\u0410 \u0418\u043d\u0434\u0443\u043a\u0442\u0438\u0432\u043d\u043e\u0441\u0442\u044c \u0432 \u0441\u0438\u043d\u0444\u0430\u0437\u043d\u043e\u043c \u0440\u0435\u0436\u0438\u043c\u0435 \u00a022 \u043c\u0413\u043d \u0421\u043f\u043e\u0441\u043e\u0431 \u043c\u043e\u043d\u0442\u0430\u0436\u0430 \u00a0PIN \u0420\u0430\u0437\u043c\u0435\u0440 \u00a016.5 \u043c\u043c \u0421\u043e\u043f\u0440\u043e\u0442\u0438\u0432\u043b\u0435\u043d\u0438\u0435 \u043f\u043e\u0441\u0442.\",\"breadcrumb\":{\"@id\":\"https:\\\/\\\/regmik.ua\\\/product\\\/pmcu-5220\\\/#breadcrumb\"},\"inLanguage\":\"cs\",\"potentialAction\":[{\"@type\":\"ReadAction\",\"target\":[\"https:\\\/\\\/regmik.ua\\\/product\\\/pmcu-5220\\\/\"]}]},{\"@type\":\"ImageObject\",\"inLanguage\":\"cs\",\"@id\":\"https:\\\/\\\/regmik.ua\\\/product\\\/pmcu-5220\\\/#primaryimage\",\"url\":\"https:\\\/\\\/regmik.ua\\\/wp-content\\\/uploads\\\/2019\\\/06\\\/Bez-nazvaniya-2-2.jpg\",\"contentUrl\":\"https:\\\/\\\/regmik.ua\\\/wp-content\\\/uploads\\\/2019\\\/06\\\/Bez-nazvaniya-2-2.jpg\",\"width\":225,\"height\":225,\"caption\":\"PMCU-5220\"},{\"@type\":\"BreadcrumbList\",\"@id\":\"https:\\\/\\\/regmik.ua\\\/product\\\/pmcu-5220\\\/#breadcrumb\",\"itemListElement\":[{\"@type\":\"ListItem\",\"position\":1,\"name\":\"\u0413\u043b\u0430\u0432\u043d\u0430\u044f \u0441\u0442\u0440\u0430\u043d\u0438\u0446\u0430\",\"item\":\"https:\\\/\\\/regmik.ua\\\/\"},{\"@type\":\"ListItem\",\"position\":2,\"name\":\"\u041f\u0440\u043e\u0434\u0443\u043a\u0446\u0438\u044f\",\"item\":\"https:\\\/\\\/regmik.ua\\\/uk\\\/products\\\/\"},{\"@type\":\"ListItem\",\"position\":3,\"name\":\"PMCU-5220\"}]},{\"@type\":\"WebSite\",\"@id\":\"https:\\\/\\\/regmik.ua\\\/uk\\\/#website\",\"url\":\"https:\\\/\\\/regmik.ua\\\/uk\\\/\",\"name\":\"REGMIK\",\"description\":\"\u0418\u0437\u043c\u0435\u0440\u0438\u0442\u0435\u043b\u044c\u043d\u044b\u0435 \u043f\u0440\u0438\u0431\u043e\u0440\u044b \u0438 \u0434\u0430\u0442\u0447\u0438\u043a\u0438 \u0442\u0435\u043c\u043f\u0435\u0440\u0430\u0442\u0443\u0440\u044b\",\"publisher\":{\"@id\":\"https:\\\/\\\/regmik.ua\\\/uk\\\/#organization\"},\"alternateName\":\"REGMIK\",\"potentialAction\":[{\"@type\":\"SearchAction\",\"target\":{\"@type\":\"EntryPoint\",\"urlTemplate\":\"https:\\\/\\\/regmik.ua\\\/uk\\\/?s={search_term_string}\"},\"query-input\":{\"@type\":\"PropertyValueSpecification\",\"valueRequired\":true,\"valueName\":\"search_term_string\"}}],\"inLanguage\":\"cs\"},{\"@type\":\"Organization\",\"@id\":\"https:\\\/\\\/regmik.ua\\\/uk\\\/#organization\",\"name\":\"REGMIK\",\"alternateName\":\"\u0420\u0415\u0413\u041c\u0418\u041a\",\"url\":\"https:\\\/\\\/regmik.ua\\\/uk\\\/\",\"logo\":{\"@type\":\"ImageObject\",\"inLanguage\":\"cs\",\"@id\":\"https:\\\/\\\/regmik.ua\\\/uk\\\/#\\\/schema\\\/logo\\\/image\\\/\",\"url\":\"https:\\\/\\\/regmik.ua\\\/wp-content\\\/uploads\\\/2020\\\/03\\\/regmik_logo.png\",\"contentUrl\":\"https:\\\/\\\/regmik.ua\\\/wp-content\\\/uploads\\\/2020\\\/03\\\/regmik_logo.png\",\"width\":194,\"height\":45,\"caption\":\"REGMIK\"},\"image\":{\"@id\":\"https:\\\/\\\/regmik.ua\\\/uk\\\/#\\\/schema\\\/logo\\\/image\\\/\"},\"sameAs\":[\"https:\\\/\\\/www.facebook.com\\\/regmik.npf\",\"https:\\\/\\\/x.com\\\/regmiknpf\",\"https:\\\/\\\/www.youtube.com\\\/channel\\\/UC_SrY98SKAmR3Kt95GcVKcw\"]}]}<\/script>","yoast_head_json":{"title":"PMCU-5220 \u2013 REGMIC, NVF, PP","description":"Typ filtrovan\u00e9ho proudu sb\u011brnice AC Jmenovit\u00fd proud 250 mA Induk\u010dnost v b\u011b\u017en\u00e9m re\u017eimu 22 mH Zp\u016fsob mont\u00e1\u017ee PIN Velikost 16,5 mm Odpor DC","robots":{"index":"index","follow":"follow","max-snippet":"max-snippet:-1","max-image-preview":"max-image-preview:large","max-video-preview":"max-video-preview:-1"},"canonical":"https:\/\/regmik.ua\/cs\/produkt\/pmcu-5220\/","schema":{"@context":"https:\/\/schema.org","@graph":[{"@type":"WebPage","@id":"https:\/\/regmik.ua\/product\/pmcu-5220\/","url":"https:\/\/regmik.ua\/product\/pmcu-5220\/","name":"PMCU-5220 \u2013 REGMIC, NVF, PP","isPartOf":{"@id":"https:\/\/regmik.ua\/uk\/#website"},"primaryImageOfPage":{"@id":"https:\/\/regmik.ua\/product\/pmcu-5220\/#primaryimage"},"image":{"@id":"https:\/\/regmik.ua\/product\/pmcu-5220\/#primaryimage"},"thumbnailUrl":"https:\/\/regmik.ua\/wp-content\/uploads\/2019\/06\/Bez-nazvaniya-2-2.jpg","datePublished":"2019-06-10T12:58:25+00:00","dateModified":"2020-08-20T05:21:54+00:00","description":"Typ filtrovan\u00e9ho proudu sb\u011brnice AC Jmenovit\u00fd proud 250 mA Induk\u010dnost v b\u011b\u017en\u00e9m re\u017eimu 22 mH Zp\u016fsob mont\u00e1\u017ee PIN Velikost 16,5 mm Odpor DC","breadcrumb":{"@id":"https:\/\/regmik.ua\/product\/pmcu-5220\/#breadcrumb"},"inLanguage":"cs","potentialAction":[{"@type":"ReadAction","target":["https:\/\/regmik.ua\/product\/pmcu-5220\/"]}]},{"@type":"ImageObject","inLanguage":"cs","@id":"https:\/\/regmik.ua\/product\/pmcu-5220\/#primaryimage","url":"https:\/\/regmik.ua\/wp-content\/uploads\/2019\/06\/Bez-nazvaniya-2-2.jpg","contentUrl":"https:\/\/regmik.ua\/wp-content\/uploads\/2019\/06\/Bez-nazvaniya-2-2.jpg","width":225,"height":225,"caption":"PMCU-5220"},{"@type":"BreadcrumbList","@id":"https:\/\/regmik.ua\/product\/pmcu-5220\/#breadcrumb","itemListElement":[{"@type":"ListItem","position":1,"name":"\u0413\u043b\u0430\u0432\u043d\u0430\u044f \u0441\u0442\u0440\u0430\u043d\u0438\u0446\u0430","item":"https:\/\/regmik.ua\/"},{"@type":"ListItem","position":2,"name":"\u041f\u0440\u043e\u0434\u0443\u043a\u0446\u0438\u044f","item":"https:\/\/regmik.ua\/uk\/products\/"},{"@type":"ListItem","position":3,"name":"PMCU-5220"}]},{"@type":"WebSite","@id":"https:\/\/regmik.ua\/uk\/#website","url":"https:\/\/regmik.ua\/uk\/","name":"REGMIK","description":"M\u011b\u0159ic\u00ed p\u0159\u00edstroje a sn\u00edma\u010de teploty","publisher":{"@id":"https:\/\/regmik.ua\/uk\/#organization"},"alternateName":"REGMIK","potentialAction":[{"@type":"SearchAction","target":{"@type":"EntryPoint","urlTemplate":"https:\/\/regmik.ua\/uk\/?s={search_term_string}"},"query-input":{"@type":"PropertyValueSpecification","valueRequired":true,"valueName":"search_term_string"}}],"inLanguage":"cs"},{"@type":"Organization","@id":"https:\/\/regmik.ua\/uk\/#organization","name":"REGMIK","alternateName":"\u0420\u0415\u0413\u041c\u0418\u041a","url":"https:\/\/regmik.ua\/uk\/","logo":{"@type":"ImageObject","inLanguage":"cs","@id":"https:\/\/regmik.ua\/uk\/#\/schema\/logo\/image\/","url":"https:\/\/regmik.ua\/wp-content\/uploads\/2020\/03\/regmik_logo.png","contentUrl":"https:\/\/regmik.ua\/wp-content\/uploads\/2020\/03\/regmik_logo.png","width":194,"height":45,"caption":"REGMIK"},"image":{"@id":"https:\/\/regmik.ua\/uk\/#\/schema\/logo\/image\/"},"sameAs":["https:\/\/www.facebook.com\/regmik.npf","https:\/\/x.com\/regmiknpf","https:\/\/www.youtube.com\/channel\/UC_SrY98SKAmR3Kt95GcVKcw"]}]}},"_links":{"self":[{"href":"https:\/\/regmik.ua\/cs\/wp-json\/wp\/v2\/product\/19293","targetHints":{"allow":["GET"]}}],"collection":[{"href":"https:\/\/regmik.ua\/cs\/wp-json\/wp\/v2\/product"}],"about":[{"href":"https:\/\/regmik.ua\/cs\/wp-json\/wp\/v2\/types\/product"}],"replies":[{"embeddable":true,"href":"https:\/\/regmik.ua\/cs\/wp-json\/wp\/v2\/comments?post=19293"}],"version-history":[{"count":0,"href":"https:\/\/regmik.ua\/cs\/wp-json\/wp\/v2\/product\/19293\/revisions"}],"wp:featuredmedia":[{"embeddable":true,"href":"https:\/\/regmik.ua\/cs\/wp-json\/wp\/v2\/media\/19294"}],"wp:attachment":[{"href":"https:\/\/regmik.ua\/cs\/wp-json\/wp\/v2\/media?parent=19293"}],"wp:term":[{"taxonomy":"product_brand","embeddable":true,"href":"https:\/\/regmik.ua\/cs\/wp-json\/wp\/v2\/product_brand?post=19293"},{"taxonomy":"product_cat","embeddable":true,"href":"https:\/\/regmik.ua\/cs\/wp-json\/wp\/v2\/product_cat?post=19293"},{"taxonomy":"product_tag","embeddable":true,"href":"https:\/\/regmik.ua\/cs\/wp-json\/wp\/v2\/product_tag?post=19293"}],"curies":[{"name":"wp","href":"https:\/\/api.w.org\/{rel}","templated":true}]}}