{"id":19289,"date":"2019-06-10T14:42:47","date_gmt":"2019-06-10T12:42:47","guid":{"rendered":"https:\/\/regmik.com.ua\/?post_type=product&#038;p=19289"},"modified":"2025-05-01T13:47:08","modified_gmt":"2025-05-01T11:47:08","slug":"transformator-pny-05015","status":"publish","type":"product","link":"https:\/\/regmik.ua\/cs\/product\/transformator-pny-05015\/","title":{"rendered":"Transform\u00e1tor PNY-05015"},"content":{"rendered":"<table border=\"1\" width=\"766\">\n<tbody>\n<tr>\n<td width=\"478\"><b><span style=\"font-family: Calibri;\">Prim\u00e1rn\u00ed nap\u011bt\u00ed<\/span><\/b><\/td>\n<td align=\"center\" width=\"278\"><span style=\"font-family: Calibri;\">\u00a085-265 V.<\/span><\/td>\n<\/tr>\n<tr>\n<td bgcolor=\"#EDECE9\" width=\"478\"><b><span style=\"font-family: Calibri;\">Sekund\u00e1rn\u00ed nap\u011bt\u00ed, kan\u00e1l 1<\/span><\/b><\/td>\n<td align=\"center\" bgcolor=\"#EDECE9\" width=\"278\"><span style=\"font-family: Calibri;\">\u00a05 B.<\/span><\/td>\n<\/tr>\n<tr>\n<td width=\"478\"><b><span style=\"font-family: Calibri;\">Maxim\u00e1ln\u00ed sekund\u00e1rn\u00ed proud, kan\u00e1l 1<\/span><\/b><\/td>\n<td align=\"center\" width=\"278\"><span style=\"font-family: Calibri;\">\u00a01500 mA<\/span><\/td>\n<\/tr>\n<tr>\n<td bgcolor=\"#EDECE9\" width=\"478\"><b><span style=\"font-family: Calibri;\">Transforma\u010dn\u00ed pom\u011br sekund\u00e1rn\u00ed vinut\u00ed (kan\u00e1l 1) - prim\u00e1rn\u00ed vinut\u00ed (K1)<\/span><\/b><\/td>\n<td align=\"center\" bgcolor=\"#EDECE9\" width=\"278\"><span style=\"font-family: Calibri;\">\u00a018.5<\/span><\/td>\n<\/tr>\n<tr>\n<td width=\"478\"><b><span style=\"font-family: Calibri;\">Minim\u00e1ln\u00ed prim\u00e1rn\u00ed induk\u010dnost<\/span><\/b><\/td>\n<td align=\"center\" width=\"278\"><span style=\"font-family: Calibri;\">\u00a03600 \u03bcH<\/span><\/td>\n<\/tr>\n<tr>\n<td bgcolor=\"#EDECE9\" width=\"478\"><b><span style=\"font-family: Calibri;\">Maxim\u00e1ln\u00ed induk\u010dnost prim\u00e1rn\u00edho vinut\u00ed<\/span><\/b><\/td>\n<td align=\"center\" bgcolor=\"#EDECE9\" width=\"278\"><span style=\"font-family: Calibri;\">\u00a04400 \u03bcH<\/span><\/td>\n<\/tr>\n<tr>\n<td width=\"478\"><b><span style=\"font-family: Calibri;\">S\u00e9rie<\/span><\/b><\/td>\n<td align=\"center\" width=\"278\"><span style=\"font-family: Calibri;\">\u00a0P\u0159epn\u011bte DC \/ DC<\/span><\/td>\n<\/tr>\n<tr>\n<td bgcolor=\"#EDECE9\" width=\"478\"><b><span style=\"font-family: Calibri;\">Pr\u016frazn\u00e9 nap\u011bt\u00ed izolace<\/span><\/b><\/td>\n<td align=\"center\" bgcolor=\"#EDECE9\" width=\"278\"><span style=\"font-family: Calibri;\">\u00a03000 V.<\/span><\/td>\n<\/tr>\n<tr>\n<td width=\"478\"><b><span style=\"font-family: Calibri;\">Typ magnetick\u00e9ho obvodu<\/span><\/b><\/td>\n<td align=\"center\" width=\"278\"><span style=\"font-family: Calibri;\">\u00a0EE16 \/ EI16<\/span><\/td>\n<\/tr>\n<tr>\n<td bgcolor=\"#EDECE9\" width=\"478\"><b><span style=\"font-family: Calibri;\">Typ mont\u00e1\u017ee<\/span><\/b><\/td>\n<td align=\"center\" bgcolor=\"#EDECE9\" width=\"278\"><span style=\"font-family: Calibri;\">\u00a0V\u00fdstup<\/span><\/td>\n<\/tr>\n<tr>\n<td width=\"478\"><b><span style=\"font-family: Calibri;\">rozm\u011bry<\/span><\/b><\/td>\n<td align=\"center\" width=\"278\"><span style=\"font-family: Calibri;\">\u00a018,2 \u00d7 16,5 \u00d7 18 m<\/span><\/td>\n<\/tr>\n<\/tbody>\n<\/table>","protected":false},"excerpt":{"rendered":"<p>\u041d\u0430\u043f\u0440\u044f\u0436\u0435\u043d\u0438\u0435 \u043f\u0435\u0440\u0432\u0438\u0447\u043d\u043e\u0439 \u043e\u0431\u043c\u043e\u0442\u043a\u0438 \u00a085-265 \u0412. \u041d\u0430\u043f\u0440\u044f\u0436\u0435\u043d\u0438\u0435 \u0432\u0442\u043e\u0440\u0438\u0447\u043d\u043e\u0439 \u043e\u0431\u043c\u043e\u0442\u043a\u0438, \u043a\u0430\u043d\u0430\u043b 1 \u00a05 \u0412. \u041c\u0430\u043a\u0441\u0438\u043c\u0430\u043b\u044c\u043d\u044b\u0439 \u0442\u043e\u043a \u0432\u0442\u043e\u0440\u0438\u0447\u043d\u043e\u0439 \u043e\u0431\u043c\u043e\u0442\u043a\u0438, \u043a\u0430\u043d\u0430\u043b 1 \u00a01500 \u043c\u0410 \u041a\u043e\u044d\u0444\u0444\u0438\u0446\u0438\u0435\u043d\u0442 \u0442\u0440\u0430\u043d\u0441\u0444\u043e\u0440\u043c\u0430\u0446\u0438\u0438 \u0432\u0442\u043e\u0440\u0438\u0447\u043d\u0430\u044f \u043e\u0431\u043c\u043e\u0442\u043a\u0430 (\u043a\u0430\u043d\u0430\u043b 1) &#8211; \u043f\u0435\u0440\u0432\u0438\u0447\u043d\u0430\u044f \u043e\u0431\u043c\u043e\u0442\u043a\u0430 (K1) \u00a018.5 \u041c\u0438\u043d\u0438\u043c\u0430\u043b\u044c\u043d\u0430\u044f \u0438\u043d\u0434\u0443\u043a\u0442\u0438\u0432\u043d\u043e\u0441\u0442\u044c \u043f\u0435\u0440\u0432\u0438\u0447\u043d\u043e\u0439 \u043e\u0431\u043c\u043e\u0442\u043a\u0438 \u00a03600 \u043c\u043a\u0413\u043d \u041c\u0430\u043a\u0441\u0438\u043c\u0430\u043b\u044c\u043d\u0430\u044f \u0438\u043d\u0434\u0443\u043a\u0442\u0438\u0432\u043d\u043e\u0441\u0442\u044c \u043f\u0435\u0440\u0432\u0438\u0447\u043d\u043e\u0439 \u043e\u0431\u043c\u043e\u0442\u043a\u0438 \u00a04400 \u043c\u043a\u0413\u043d \u0421\u0435\u0440\u0438\u044f \u00a0Switch DC\/DC \u041d\u0430\u043f\u0440\u044f\u0436\u0435\u043d\u0438\u0435 \u043f\u0440\u043e\u0431\u043e\u044f \u0438\u0437\u043e\u043b\u044f\u0446\u0438\u0438 \u00a03000 \u0412. \u0422\u0438\u043f \u043c\u0430\u0433\u043d\u0438\u0442\u043e\u043f\u0440\u043e\u0432\u043e\u0434\u0430 \u00a0EE16\/EI16 \u0422\u0438\u043f &hellip; <a href=\"https:\/\/regmik.ua\/cs\/product\/transformator-pny-05015\/\" class=\"more-link\">pokra\u010dovat ve \u010dten\u00ed <span class=\"screen-reader-text\">Transform\u00e1tor PNY-05015<\/span><\/a><\/p>","protected":false},"featured_media":19290,"comment_status":"open","ping_status":"closed","template":"","meta":[],"product_brand":[],"product_cat":[806],"product_tag":[3065],"class_list":{"0":"post-19289","1":"product","2":"type-product","3":"status-publish","4":"has-post-thumbnail","6":"product_cat-transformatory","7":"product_tag-transformator","10":"instock","11":"shipping-taxable","12":"purchasable","13":"product-type-simple"},"yoast_head":"<title>\u0422\u0440\u0430\u043d\u0441\u0444\u043e\u0440\u043c\u0430\u0442\u043e\u0440 PNY-05015 &#8211; \u0420\u0415\u0413\u041c\u0406\u041a, \u041d\u0412\u0424, \u041f\u041f<\/title>\n<meta name=\"description\" content=\"\u041d\u0430\u043f\u0440\u044f\u0436\u0435\u043d\u0438\u0435 \u043f\u0435\u0440\u0432\u0438\u0447\u043d\u043e\u0439 \u043e\u0431\u043c\u043e\u0442\u043a\u0438 \u00a085-265 \u0412. \u041d\u0430\u043f\u0440\u044f\u0436\u0435\u043d\u0438\u0435 \u0432\u0442\u043e\u0440\u0438\u0447\u043d\u043e\u0439 \u043e\u0431\u043c\u043e\u0442\u043a\u0438, \u043a\u0430\u043d\u0430\u043b 1 \u00a05 \u0412. \u041c\u0430\u043a\u0441\u0438\u043c\u0430\u043b\u044c\u043d\u044b\u0439 \u0442\u043e\u043a \u0432\u0442\u043e\u0440\u0438\u0447\u043d\u043e\u0439 \u043e\u0431\u043c\u043e\u0442\u043a\u0438, \u043a\u0430\u043d\u0430\u043b 1 \u00a01500 \u043c\u0410 \u041a\u043e\u044d\u0444\u0444\u0438\u0446\u0438\u0435\u043d\u0442\" \/>\n<meta name=\"robots\" content=\"index, follow, max-snippet:-1, max-image-preview:large, max-video-preview:-1\" \/>\n<link rel=\"canonical\" href=\"https:\/\/regmik.ua\/cs\/produkt\/transformator-pny-05015\/\" \/>\n<script type=\"application\/ld+json\" class=\"yoast-schema-graph\">{\"@context\":\"https:\\\/\\\/schema.org\",\"@graph\":[{\"@type\":\"WebPage\",\"@id\":\"https:\\\/\\\/regmik.ua\\\/product\\\/transformator-pny-05015\\\/\",\"url\":\"https:\\\/\\\/regmik.ua\\\/product\\\/transformator-pny-05015\\\/\",\"name\":\"\u0422\u0440\u0430\u043d\u0441\u0444\u043e\u0440\u043c\u0430\u0442\u043e\u0440 PNY-05015 &#8211; \u0420\u0415\u0413\u041c\u0406\u041a, \u041d\u0412\u0424, \u041f\u041f\",\"isPartOf\":{\"@id\":\"https:\\\/\\\/regmik.ua\\\/uk\\\/#website\"},\"primaryImageOfPage\":{\"@id\":\"https:\\\/\\\/regmik.ua\\\/product\\\/transformator-pny-05015\\\/#primaryimage\"},\"image\":{\"@id\":\"https:\\\/\\\/regmik.ua\\\/product\\\/transformator-pny-05015\\\/#primaryimage\"},\"thumbnailUrl\":\"https:\\\/\\\/regmik.ua\\\/wp-content\\\/uploads\\\/2019\\\/06\\\/Bez-nazvaniya-1-2.jpg\",\"datePublished\":\"2019-06-10T12:42:47+00:00\",\"dateModified\":\"2025-05-01T11:47:08+00:00\",\"description\":\"\u041d\u0430\u043f\u0440\u044f\u0436\u0435\u043d\u0438\u0435 \u043f\u0435\u0440\u0432\u0438\u0447\u043d\u043e\u0439 \u043e\u0431\u043c\u043e\u0442\u043a\u0438 \u00a085-265 \u0412. \u041d\u0430\u043f\u0440\u044f\u0436\u0435\u043d\u0438\u0435 \u0432\u0442\u043e\u0440\u0438\u0447\u043d\u043e\u0439 \u043e\u0431\u043c\u043e\u0442\u043a\u0438, \u043a\u0430\u043d\u0430\u043b 1 \u00a05 \u0412. \u041c\u0430\u043a\u0441\u0438\u043c\u0430\u043b\u044c\u043d\u044b\u0439 \u0442\u043e\u043a \u0432\u0442\u043e\u0440\u0438\u0447\u043d\u043e\u0439 \u043e\u0431\u043c\u043e\u0442\u043a\u0438, \u043a\u0430\u043d\u0430\u043b 1 \u00a01500 \u043c\u0410 \u041a\u043e\u044d\u0444\u0444\u0438\u0446\u0438\u0435\u043d\u0442\",\"breadcrumb\":{\"@id\":\"https:\\\/\\\/regmik.ua\\\/product\\\/transformator-pny-05015\\\/#breadcrumb\"},\"inLanguage\":\"cs\",\"potentialAction\":[{\"@type\":\"ReadAction\",\"target\":[\"https:\\\/\\\/regmik.ua\\\/product\\\/transformator-pny-05015\\\/\"]}]},{\"@type\":\"ImageObject\",\"inLanguage\":\"cs\",\"@id\":\"https:\\\/\\\/regmik.ua\\\/product\\\/transformator-pny-05015\\\/#primaryimage\",\"url\":\"https:\\\/\\\/regmik.ua\\\/wp-content\\\/uploads\\\/2019\\\/06\\\/Bez-nazvaniya-1-2.jpg\",\"contentUrl\":\"https:\\\/\\\/regmik.ua\\\/wp-content\\\/uploads\\\/2019\\\/06\\\/Bez-nazvaniya-1-2.jpg\",\"width\":225,\"height\":225,\"caption\":\"\u0422\u0440\u0430\u043d\u0441\u0444\u043e\u0440\u043c\u0430\u0442\u043e\u0440 PNY-05015\"},{\"@type\":\"BreadcrumbList\",\"@id\":\"https:\\\/\\\/regmik.ua\\\/product\\\/transformator-pny-05015\\\/#breadcrumb\",\"itemListElement\":[{\"@type\":\"ListItem\",\"position\":1,\"name\":\"\u0413\u043b\u0430\u0432\u043d\u0430\u044f \u0441\u0442\u0440\u0430\u043d\u0438\u0446\u0430\",\"item\":\"https:\\\/\\\/regmik.ua\\\/\"},{\"@type\":\"ListItem\",\"position\":2,\"name\":\"\u041f\u0440\u043e\u0434\u0443\u043a\u0446\u0438\u044f\",\"item\":\"https:\\\/\\\/regmik.ua\\\/uk\\\/products\\\/\"},{\"@type\":\"ListItem\",\"position\":3,\"name\":\"\u0422\u0440\u0430\u043d\u0441\u0444\u043e\u0440\u043c\u0430\u0442\u043e\u0440 PNY-05015\"}]},{\"@type\":\"WebSite\",\"@id\":\"https:\\\/\\\/regmik.ua\\\/uk\\\/#website\",\"url\":\"https:\\\/\\\/regmik.ua\\\/uk\\\/\",\"name\":\"REGMIK\",\"description\":\"\u0418\u0437\u043c\u0435\u0440\u0438\u0442\u0435\u043b\u044c\u043d\u044b\u0435 \u043f\u0440\u0438\u0431\u043e\u0440\u044b \u0438 \u0434\u0430\u0442\u0447\u0438\u043a\u0438 \u0442\u0435\u043c\u043f\u0435\u0440\u0430\u0442\u0443\u0440\u044b\",\"publisher\":{\"@id\":\"https:\\\/\\\/regmik.ua\\\/uk\\\/#organization\"},\"alternateName\":\"REGMIK\",\"potentialAction\":[{\"@type\":\"SearchAction\",\"target\":{\"@type\":\"EntryPoint\",\"urlTemplate\":\"https:\\\/\\\/regmik.ua\\\/uk\\\/?s={search_term_string}\"},\"query-input\":{\"@type\":\"PropertyValueSpecification\",\"valueRequired\":true,\"valueName\":\"search_term_string\"}}],\"inLanguage\":\"cs\"},{\"@type\":\"Organization\",\"@id\":\"https:\\\/\\\/regmik.ua\\\/uk\\\/#organization\",\"name\":\"REGMIK\",\"alternateName\":\"\u0420\u0415\u0413\u041c\u0418\u041a\",\"url\":\"https:\\\/\\\/regmik.ua\\\/uk\\\/\",\"logo\":{\"@type\":\"ImageObject\",\"inLanguage\":\"cs\",\"@id\":\"https:\\\/\\\/regmik.ua\\\/uk\\\/#\\\/schema\\\/logo\\\/image\\\/\",\"url\":\"https:\\\/\\\/regmik.ua\\\/wp-content\\\/uploads\\\/2020\\\/03\\\/regmik_logo.png\",\"contentUrl\":\"https:\\\/\\\/regmik.ua\\\/wp-content\\\/uploads\\\/2020\\\/03\\\/regmik_logo.png\",\"width\":194,\"height\":45,\"caption\":\"REGMIK\"},\"image\":{\"@id\":\"https:\\\/\\\/regmik.ua\\\/uk\\\/#\\\/schema\\\/logo\\\/image\\\/\"},\"sameAs\":[\"https:\\\/\\\/www.facebook.com\\\/regmik.npf\",\"https:\\\/\\\/x.com\\\/regmiknpf\",\"https:\\\/\\\/www.youtube.com\\\/channel\\\/UC_SrY98SKAmR3Kt95GcVKcw\"]}]}<\/script>","yoast_head_json":{"title":"Transform\u00e1tor PNY-05015 \u2013 REGMIK, NVF, PP","description":"Nap\u011bt\u00ed prim\u00e1rn\u00edho vinut\u00ed 85-265 V. Nap\u011bt\u00ed sekund\u00e1rn\u00edho vinut\u00ed, kan\u00e1l 1 5 V. Maxim\u00e1ln\u00ed proud sekund\u00e1rn\u00edho vinut\u00ed, kan\u00e1l 1 1500 mA Koeficient","robots":{"index":"index","follow":"follow","max-snippet":"max-snippet:-1","max-image-preview":"max-image-preview:large","max-video-preview":"max-video-preview:-1"},"canonical":"https:\/\/regmik.ua\/cs\/produkt\/transformator-pny-05015\/","schema":{"@context":"https:\/\/schema.org","@graph":[{"@type":"WebPage","@id":"https:\/\/regmik.ua\/product\/transformator-pny-05015\/","url":"https:\/\/regmik.ua\/product\/transformator-pny-05015\/","name":"Transform\u00e1tor PNY-05015 \u2013 REGMIK, NVF, PP","isPartOf":{"@id":"https:\/\/regmik.ua\/uk\/#website"},"primaryImageOfPage":{"@id":"https:\/\/regmik.ua\/product\/transformator-pny-05015\/#primaryimage"},"image":{"@id":"https:\/\/regmik.ua\/product\/transformator-pny-05015\/#primaryimage"},"thumbnailUrl":"https:\/\/regmik.ua\/wp-content\/uploads\/2019\/06\/Bez-nazvaniya-1-2.jpg","datePublished":"2019-06-10T12:42:47+00:00","dateModified":"2025-05-01T11:47:08+00:00","description":"Nap\u011bt\u00ed prim\u00e1rn\u00edho vinut\u00ed 85-265 V. Nap\u011bt\u00ed sekund\u00e1rn\u00edho vinut\u00ed, kan\u00e1l 1 5 V. Maxim\u00e1ln\u00ed proud sekund\u00e1rn\u00edho vinut\u00ed, kan\u00e1l 1 1500 mA Koeficient","breadcrumb":{"@id":"https:\/\/regmik.ua\/product\/transformator-pny-05015\/#breadcrumb"},"inLanguage":"cs","potentialAction":[{"@type":"ReadAction","target":["https:\/\/regmik.ua\/product\/transformator-pny-05015\/"]}]},{"@type":"ImageObject","inLanguage":"cs","@id":"https:\/\/regmik.ua\/product\/transformator-pny-05015\/#primaryimage","url":"https:\/\/regmik.ua\/wp-content\/uploads\/2019\/06\/Bez-nazvaniya-1-2.jpg","contentUrl":"https:\/\/regmik.ua\/wp-content\/uploads\/2019\/06\/Bez-nazvaniya-1-2.jpg","width":225,"height":225,"caption":"\u0422\u0440\u0430\u043d\u0441\u0444\u043e\u0440\u043c\u0430\u0442\u043e\u0440 PNY-05015"},{"@type":"BreadcrumbList","@id":"https:\/\/regmik.ua\/product\/transformator-pny-05015\/#breadcrumb","itemListElement":[{"@type":"ListItem","position":1,"name":"\u0413\u043b\u0430\u0432\u043d\u0430\u044f \u0441\u0442\u0440\u0430\u043d\u0438\u0446\u0430","item":"https:\/\/regmik.ua\/"},{"@type":"ListItem","position":2,"name":"\u041f\u0440\u043e\u0434\u0443\u043a\u0446\u0438\u044f","item":"https:\/\/regmik.ua\/uk\/products\/"},{"@type":"ListItem","position":3,"name":"\u0422\u0440\u0430\u043d\u0441\u0444\u043e\u0440\u043c\u0430\u0442\u043e\u0440 PNY-05015"}]},{"@type":"WebSite","@id":"https:\/\/regmik.ua\/uk\/#website","url":"https:\/\/regmik.ua\/uk\/","name":"REGMIK","description":"M\u011b\u0159ic\u00ed p\u0159\u00edstroje a sn\u00edma\u010de teploty","publisher":{"@id":"https:\/\/regmik.ua\/uk\/#organization"},"alternateName":"REGMIK","potentialAction":[{"@type":"SearchAction","target":{"@type":"EntryPoint","urlTemplate":"https:\/\/regmik.ua\/uk\/?s={search_term_string}"},"query-input":{"@type":"PropertyValueSpecification","valueRequired":true,"valueName":"search_term_string"}}],"inLanguage":"cs"},{"@type":"Organization","@id":"https:\/\/regmik.ua\/uk\/#organization","name":"REGMIK","alternateName":"\u0420\u0415\u0413\u041c\u0418\u041a","url":"https:\/\/regmik.ua\/uk\/","logo":{"@type":"ImageObject","inLanguage":"cs","@id":"https:\/\/regmik.ua\/uk\/#\/schema\/logo\/image\/","url":"https:\/\/regmik.ua\/wp-content\/uploads\/2020\/03\/regmik_logo.png","contentUrl":"https:\/\/regmik.ua\/wp-content\/uploads\/2020\/03\/regmik_logo.png","width":194,"height":45,"caption":"REGMIK"},"image":{"@id":"https:\/\/regmik.ua\/uk\/#\/schema\/logo\/image\/"},"sameAs":["https:\/\/www.facebook.com\/regmik.npf","https:\/\/x.com\/regmiknpf","https:\/\/www.youtube.com\/channel\/UC_SrY98SKAmR3Kt95GcVKcw"]}]}},"_links":{"self":[{"href":"https:\/\/regmik.ua\/cs\/wp-json\/wp\/v2\/product\/19289","targetHints":{"allow":["GET"]}}],"collection":[{"href":"https:\/\/regmik.ua\/cs\/wp-json\/wp\/v2\/product"}],"about":[{"href":"https:\/\/regmik.ua\/cs\/wp-json\/wp\/v2\/types\/product"}],"replies":[{"embeddable":true,"href":"https:\/\/regmik.ua\/cs\/wp-json\/wp\/v2\/comments?post=19289"}],"version-history":[{"count":0,"href":"https:\/\/regmik.ua\/cs\/wp-json\/wp\/v2\/product\/19289\/revisions"}],"wp:featuredmedia":[{"embeddable":true,"href":"https:\/\/regmik.ua\/cs\/wp-json\/wp\/v2\/media\/19290"}],"wp:attachment":[{"href":"https:\/\/regmik.ua\/cs\/wp-json\/wp\/v2\/media?parent=19289"}],"wp:term":[{"taxonomy":"product_brand","embeddable":true,"href":"https:\/\/regmik.ua\/cs\/wp-json\/wp\/v2\/product_brand?post=19289"},{"taxonomy":"product_cat","embeddable":true,"href":"https:\/\/regmik.ua\/cs\/wp-json\/wp\/v2\/product_cat?post=19289"},{"taxonomy":"product_tag","embeddable":true,"href":"https:\/\/regmik.ua\/cs\/wp-json\/wp\/v2\/product_tag?post=19289"}],"curies":[{"name":"wp","href":"https:\/\/api.w.org\/{rel}","templated":true}]}}