{"id":19262,"date":"2019-06-10T10:40:46","date_gmt":"2019-06-10T08:40:46","guid":{"rendered":"https:\/\/regmik.com.ua\/?post_type=product&#038;p=19262"},"modified":"2020-08-20T07:21:55","modified_gmt":"2020-08-20T05:21:55","slug":"hu-3","status":"publish","type":"product","link":"https:\/\/regmik.ua\/cs\/product\/hu-3\/","title":{"rendered":"HU-3"},"content":{"rendered":"<table border=\"0\" width=\"654\">\n<tbody>\n<tr>\n<td width=\"343\"><b><span style=\"font-family: Calibri;\">S\u00e9rie<\/span><\/b><\/td>\n<td align=\"center\"><span style=\"font-family: Calibri;\">\u00a0PHU<\/span><\/td>\n<\/tr>\n<tr>\n<td bgcolor=\"#EDECE9\" width=\"343\"><b><span style=\"font-family: Calibri;\">Funk\u010dn\u00ed \u00fa\u010del<\/span><\/b><\/td>\n<td align=\"center\" bgcolor=\"#EDECE9\"><span style=\"font-family: Calibri;\">\u00a0hn\u00edzdo<\/span><\/td>\n<\/tr>\n<tr>\n<td width=\"343\"><b><span style=\"font-family: Calibri;\">Zp\u016fsob instalace<\/span><\/b><\/td>\n<td align=\"center\"><span style=\"font-family: Calibri;\">\u00a0na kabelu<\/span><\/td>\n<\/tr>\n<tr>\n<td bgcolor=\"#EDECE9\" width=\"343\"><b><span style=\"font-family: Calibri;\">Kontaktn\u00ed formul\u00e1\u0159<\/span><\/b><\/td>\n<td align=\"center\" bgcolor=\"#EDECE9\"><span style=\"font-family: Calibri;\">\u00a0rovn\u00fd<\/span><\/td>\n<\/tr>\n<tr>\n<td width=\"343\"><b><span style=\"font-family: Calibri;\">Rozte\u010d kontakt\u016f<\/span><\/b><\/td>\n<td align=\"center\"><span style=\"font-family: Calibri;\">\u00a03,96 mm<\/span><\/td>\n<\/tr>\n<tr>\n<td bgcolor=\"#EDECE9\" width=\"343\"><b><span style=\"font-family: Calibri;\">Po\u010det kontakt\u016f<\/span><\/b><\/td>\n<td align=\"center\" bgcolor=\"#EDECE9\"><span style=\"font-family: Calibri;\">\u00a03<\/span><\/td>\n<\/tr>\n<tr>\n<td width=\"343\"><b><span style=\"font-family: Calibri;\">Izola\u010dn\u00ed materi\u00e1l<\/span><\/b><\/td>\n<td align=\"center\"><span style=\"font-family: Calibri;\">\u00a0nylon<\/span><\/td>\n<\/tr>\n<tr>\n<td bgcolor=\"#EDECE9\" width=\"343\"><b><span style=\"font-family: Calibri;\">Odpor izol\u00e1toru<\/span><\/b><\/td>\n<td align=\"center\" bgcolor=\"#EDECE9\"><span style=\"font-family: Calibri;\">\u00a0ne m\u00e9n\u011b ne\u017e 1000 MOhm<\/span><\/td>\n<\/tr>\n<tr>\n<td width=\"343\"><b><span style=\"font-family: Calibri;\">Kontaktn\u00ed materi\u00e1l<\/span><\/b><\/td>\n<td align=\"center\"><span style=\"font-family: Calibri;\">\u00a0Fosforov\u011b bronzov\u00e1<\/span><\/td>\n<\/tr>\n<tr>\n<td bgcolor=\"#EDECE9\" width=\"343\"><b><span style=\"font-family: Calibri;\">Kryt kontaktu<\/span><\/b><\/td>\n<td align=\"center\" bgcolor=\"#EDECE9\"><span style=\"font-family: Calibri;\">\u00a0c\u00edn<\/span><\/td>\n<\/tr>\n<tr>\n<td width=\"343\"><b><span style=\"font-family: Calibri;\">Odpor kontaktu<\/span><\/b><\/td>\n<td align=\"center\"><span style=\"font-family: Calibri;\">\u00a0ne v\u00edce ne\u017e 0,2 Ohm<\/span><\/td>\n<\/tr>\n<tr>\n<td bgcolor=\"#EDECE9\" width=\"343\"><b><span style=\"font-family: Calibri;\">Omezen\u00ed kontaktn\u00edho proudu<\/span><\/b><\/td>\n<td align=\"center\" bgcolor=\"#EDECE9\"><span style=\"font-family: Calibri;\">\u00a03 A.<\/span><\/td>\n<\/tr>\n<tr>\n<td width=\"343\"><b><span style=\"font-family: Calibri;\">Pracovn\u00ed nap\u011bt\u00ed<\/span><\/b><\/td>\n<td align=\"center\"><span style=\"font-family: Calibri;\">\u00a0250 V.<\/span><\/td>\n<\/tr>\n<tr>\n<td bgcolor=\"#EDECE9\" width=\"343\"><b><span style=\"font-family: Calibri;\">Maxim\u00e1ln\u00ed stres<\/span><\/b><\/td>\n<td align=\"center\" bgcolor=\"#EDECE9\"><span style=\"font-family: Calibri;\">\u00a0500 V. po dobu 1 min<\/span><\/td>\n<\/tr>\n<tr>\n<td width=\"343\"><b><span style=\"font-family: Calibri;\">Pracovn\u00ed teplota<\/span><\/b><\/td>\n<td align=\"center\"><span style=\"font-family: Calibri;\">\u00a0-25 ... 85 \u00b0 \u0421.<\/span><\/td>\n<\/tr>\n<tr>\n<td bgcolor=\"#EDECE9\" width=\"343\"><b><span style=\"font-family: Calibri;\">Rozm\u011bry (DxV)<\/span><\/b><\/td>\n<td align=\"center\" bgcolor=\"#EDECE9\"><span style=\"font-family: Calibri;\">\u00a011,8 x 16 mm.<\/span><\/td>\n<\/tr>\n<\/tbody>\n<\/table>","protected":false},"excerpt":{"rendered":"<p>\u0421\u0435\u0440\u0438\u044f \u00a0PHU \u0424\u0443\u043d\u043a\u0446\u0438\u043e\u043d\u0430\u043b\u044c\u043d\u043e\u0435 \u043d\u0430\u0437\u043d\u0430\u0447\u0435\u043d\u0438\u0435 \u00a0\u0433\u043d\u0435\u0437\u0434\u043e \u0421\u043f\u043e\u0441\u043e\u0431 \u043c\u043e\u043d\u0442\u0430\u0436\u0430 \u00a0\u043d\u0430 \u043a\u0430\u0431\u0435\u043b\u044c \u0424\u043e\u0440\u043c\u0430 \u043a\u043e\u043d\u0442\u0430\u043a\u0442\u043e\u0432 \u00a0\u043f\u0440\u044f\u043c\u0430\u044f \u0428\u0430\u0433 \u043a\u043e\u043d\u0442\u0430\u043a\u0442\u043e\u0432 \u00a03.96 \u043c\u043c \u041a\u043e\u043b\u0438\u0447\u0435\u0441\u0442\u0432\u043e \u043a\u043e\u043d\u0442\u0430\u043a\u0442\u043e\u0432 \u00a03 \u041c\u0430\u0442\u0435\u0440\u0438\u0430\u043b \u0438\u0437\u043e\u043b\u044f\u0442\u043e\u0440\u0430 \u00a0\u043d\u0435\u0439\u043b\u043e\u043d \u0421\u043e\u043f\u0440\u043e\u0442\u0438\u0432\u043b\u0435\u043d\u0438\u0435 \u0438\u0437\u043e\u043b\u044f\u0442\u043e\u0440\u0430 \u00a0\u043d\u0435 \u043c\u0435\u043d\u0435\u0435 1000 \u041c\u041e\u043c \u041c\u0430\u0442\u0435\u0440\u0438\u0430\u043b \u043a\u043e\u043d\u0442\u0430\u043a\u0442\u043e\u0432 \u00a0\u0444\u043e\u0441\u0444\u043e\u0440\u0438\u0441\u0442\u0430\u044f \u0431\u0440\u043e\u043d\u0437\u0430 \u041f\u043e\u043a\u0440\u044b\u0442\u0438\u0435 \u043a\u043e\u043d\u0442\u0430\u043a\u0442\u043e\u0432 \u00a0\u043e\u043b\u043e\u0432\u043e \u0421\u043e\u043f\u0440\u043e\u0442\u0438\u0432\u043b\u0435\u043d\u0438\u0435 \u043a\u043e\u043d\u0442\u0430\u043a\u0442\u043e\u0432 \u00a0\u043d\u0435 \u0431\u043e\u043b\u0435\u0435 0.2 \u041e\u043c \u041f\u0440\u0435\u0434\u0435\u043b\u044c\u043d\u044b\u0439 \u0442\u043e\u043a \u0447\u0435\u0440\u0435\u0437 \u043a\u043e\u043d\u0442\u0430\u043a\u0442 \u00a03 \u0410 \u0420\u0430\u0431\u043e\u0447\u0435\u0435 \u043d\u0430\u043f\u0440\u044f\u0436\u0435\u043d\u0438\u0435 \u00a0250 \u0412. \u041f\u0440\u0435\u0434\u0435\u043b\u044c\u043d\u043e\u0435 \u043d\u0430\u043f\u0440\u044f\u0436\u0435\u043d\u0438\u0435 \u00a0500 \u0412. &hellip; <a href=\"https:\/\/regmik.ua\/cs\/product\/hu-3\/\" class=\"more-link\">pokra\u010dovat ve \u010dten\u00ed <span class=\"screen-reader-text\">HU-3<\/span><\/a><\/p>","protected":false},"featured_media":19263,"comment_status":"open","ping_status":"closed","template":"","meta":[],"product_brand":[],"product_cat":[803],"product_tag":[3084],"class_list":{"0":"post-19262","1":"product","2":"type-product","3":"status-publish","4":"has-post-thumbnail","6":"product_cat-razemy","7":"product_tag-hu-3","10":"instock","11":"shipping-taxable","12":"purchasable","13":"product-type-simple"},"yoast_head":"<title>HU-3 &#8211; \u0420\u0415\u0413\u041c\u0406\u041a, \u041d\u0412\u0424, \u041f\u041f<\/title>\n<meta name=\"description\" content=\"\u0421\u0435\u0440\u0438\u044f \u00a0PHU \u0424\u0443\u043d\u043a\u0446\u0438\u043e\u043d\u0430\u043b\u044c\u043d\u043e\u0435 \u043d\u0430\u0437\u043d\u0430\u0447\u0435\u043d\u0438\u0435 \u00a0\u0433\u043d\u0435\u0437\u0434\u043e \u0421\u043f\u043e\u0441\u043e\u0431 \u043c\u043e\u043d\u0442\u0430\u0436\u0430 \u00a0\u043d\u0430 \u043a\u0430\u0431\u0435\u043b\u044c \u0424\u043e\u0440\u043c\u0430 \u043a\u043e\u043d\u0442\u0430\u043a\u0442\u043e\u0432 \u00a0\u043f\u0440\u044f\u043c\u0430\u044f \u0428\u0430\u0433 \u043a\u043e\u043d\u0442\u0430\u043a\u0442\u043e\u0432 \u00a03.96 \u043c\u043c \u041a\u043e\u043b\u0438\u0447\u0435\u0441\u0442\u0432\u043e \u043a\u043e\u043d\u0442\u0430\u043a\u0442\u043e\u0432 \u00a03 \u041c\u0430\u0442\u0435\u0440\u0438\u0430\u043b\" \/>\n<meta name=\"robots\" content=\"index, follow, max-snippet:-1, max-image-preview:large, max-video-preview:-1\" \/>\n<link rel=\"canonical\" href=\"https:\/\/regmik.ua\/cs\/produkt\/hu-3\/\" \/>\n<script type=\"application\/ld+json\" class=\"yoast-schema-graph\">{\"@context\":\"https:\\\/\\\/schema.org\",\"@graph\":[{\"@type\":\"WebPage\",\"@id\":\"https:\\\/\\\/regmik.ua\\\/en\\\/product\\\/hu-3\\\/\",\"url\":\"https:\\\/\\\/regmik.ua\\\/en\\\/product\\\/hu-3\\\/\",\"name\":\"HU-3 &#8211; \u0420\u0415\u0413\u041c\u0406\u041a, \u041d\u0412\u0424, \u041f\u041f\",\"isPartOf\":{\"@id\":\"https:\\\/\\\/regmik.ua\\\/uk\\\/#website\"},\"primaryImageOfPage\":{\"@id\":\"https:\\\/\\\/regmik.ua\\\/en\\\/product\\\/hu-3\\\/#primaryimage\"},\"image\":{\"@id\":\"https:\\\/\\\/regmik.ua\\\/en\\\/product\\\/hu-3\\\/#primaryimage\"},\"thumbnailUrl\":\"https:\\\/\\\/regmik.ua\\\/wp-content\\\/uploads\\\/2019\\\/06\\\/PHU-3.jpg\",\"datePublished\":\"2019-06-10T08:40:46+00:00\",\"dateModified\":\"2020-08-20T05:21:55+00:00\",\"description\":\"\u0421\u0435\u0440\u0438\u044f \u00a0PHU \u0424\u0443\u043d\u043a\u0446\u0438\u043e\u043d\u0430\u043b\u044c\u043d\u043e\u0435 \u043d\u0430\u0437\u043d\u0430\u0447\u0435\u043d\u0438\u0435 \u00a0\u0433\u043d\u0435\u0437\u0434\u043e \u0421\u043f\u043e\u0441\u043e\u0431 \u043c\u043e\u043d\u0442\u0430\u0436\u0430 \u00a0\u043d\u0430 \u043a\u0430\u0431\u0435\u043b\u044c \u0424\u043e\u0440\u043c\u0430 \u043a\u043e\u043d\u0442\u0430\u043a\u0442\u043e\u0432 \u00a0\u043f\u0440\u044f\u043c\u0430\u044f \u0428\u0430\u0433 \u043a\u043e\u043d\u0442\u0430\u043a\u0442\u043e\u0432 \u00a03.96 \u043c\u043c \u041a\u043e\u043b\u0438\u0447\u0435\u0441\u0442\u0432\u043e \u043a\u043e\u043d\u0442\u0430\u043a\u0442\u043e\u0432 \u00a03 \u041c\u0430\u0442\u0435\u0440\u0438\u0430\u043b\",\"breadcrumb\":{\"@id\":\"https:\\\/\\\/regmik.ua\\\/en\\\/product\\\/hu-3\\\/#breadcrumb\"},\"inLanguage\":\"cs\",\"potentialAction\":[{\"@type\":\"ReadAction\",\"target\":[\"https:\\\/\\\/regmik.ua\\\/en\\\/product\\\/hu-3\\\/\"]}]},{\"@type\":\"ImageObject\",\"inLanguage\":\"cs\",\"@id\":\"https:\\\/\\\/regmik.ua\\\/en\\\/product\\\/hu-3\\\/#primaryimage\",\"url\":\"https:\\\/\\\/regmik.ua\\\/wp-content\\\/uploads\\\/2019\\\/06\\\/PHU-3.jpg\",\"contentUrl\":\"https:\\\/\\\/regmik.ua\\\/wp-content\\\/uploads\\\/2019\\\/06\\\/PHU-3.jpg\",\"width\":266,\"height\":199,\"caption\":\"HU-3\"},{\"@type\":\"BreadcrumbList\",\"@id\":\"https:\\\/\\\/regmik.ua\\\/en\\\/product\\\/hu-3\\\/#breadcrumb\",\"itemListElement\":[{\"@type\":\"ListItem\",\"position\":1,\"name\":\"\u0413\u043b\u0430\u0432\u043d\u0430\u044f \u0441\u0442\u0440\u0430\u043d\u0438\u0446\u0430\",\"item\":\"https:\\\/\\\/regmik.ua\\\/\"},{\"@type\":\"ListItem\",\"position\":2,\"name\":\"\u041f\u0440\u043e\u0434\u0443\u043a\u0446\u0438\u044f\",\"item\":\"https:\\\/\\\/regmik.ua\\\/uk\\\/products\\\/\"},{\"@type\":\"ListItem\",\"position\":3,\"name\":\"HU-3\"}]},{\"@type\":\"WebSite\",\"@id\":\"https:\\\/\\\/regmik.ua\\\/uk\\\/#website\",\"url\":\"https:\\\/\\\/regmik.ua\\\/uk\\\/\",\"name\":\"REGMIK\",\"description\":\"\u0418\u0437\u043c\u0435\u0440\u0438\u0442\u0435\u043b\u044c\u043d\u044b\u0435 \u043f\u0440\u0438\u0431\u043e\u0440\u044b \u0438 \u0434\u0430\u0442\u0447\u0438\u043a\u0438 \u0442\u0435\u043c\u043f\u0435\u0440\u0430\u0442\u0443\u0440\u044b\",\"publisher\":{\"@id\":\"https:\\\/\\\/regmik.ua\\\/uk\\\/#organization\"},\"alternateName\":\"REGMIK\",\"potentialAction\":[{\"@type\":\"SearchAction\",\"target\":{\"@type\":\"EntryPoint\",\"urlTemplate\":\"https:\\\/\\\/regmik.ua\\\/uk\\\/?s={search_term_string}\"},\"query-input\":{\"@type\":\"PropertyValueSpecification\",\"valueRequired\":true,\"valueName\":\"search_term_string\"}}],\"inLanguage\":\"cs\"},{\"@type\":\"Organization\",\"@id\":\"https:\\\/\\\/regmik.ua\\\/uk\\\/#organization\",\"name\":\"REGMIK\",\"alternateName\":\"\u0420\u0415\u0413\u041c\u0418\u041a\",\"url\":\"https:\\\/\\\/regmik.ua\\\/uk\\\/\",\"logo\":{\"@type\":\"ImageObject\",\"inLanguage\":\"cs\",\"@id\":\"https:\\\/\\\/regmik.ua\\\/uk\\\/#\\\/schema\\\/logo\\\/image\\\/\",\"url\":\"https:\\\/\\\/regmik.ua\\\/wp-content\\\/uploads\\\/2020\\\/03\\\/regmik_logo.png\",\"contentUrl\":\"https:\\\/\\\/regmik.ua\\\/wp-content\\\/uploads\\\/2020\\\/03\\\/regmik_logo.png\",\"width\":194,\"height\":45,\"caption\":\"REGMIK\"},\"image\":{\"@id\":\"https:\\\/\\\/regmik.ua\\\/uk\\\/#\\\/schema\\\/logo\\\/image\\\/\"},\"sameAs\":[\"https:\\\/\\\/www.facebook.com\\\/regmik.npf\",\"https:\\\/\\\/x.com\\\/regmiknpf\",\"https:\\\/\\\/www.youtube.com\\\/channel\\\/UC_SrY98SKAmR3Kt95GcVKcw\"]}]}<\/script>","yoast_head_json":{"title":"HU-3 \u2013 REGMIK, NVF, PP","description":"S\u00e9rie PHU Funkce obsazen\u00ed z\u00e1suvka Zp\u016fsob upevn\u011bn\u00ed kabelu Zp\u016fsob kontaktu rovn\u00fd Rozte\u010d kontakt\u016f 3,96 mm Po\u010det kontakt\u016f 3 Materi\u00e1l","robots":{"index":"index","follow":"follow","max-snippet":"max-snippet:-1","max-image-preview":"max-image-preview:large","max-video-preview":"max-video-preview:-1"},"canonical":"https:\/\/regmik.ua\/cs\/produkt\/hu-3\/","schema":{"@context":"https:\/\/schema.org","@graph":[{"@type":"WebPage","@id":"https:\/\/regmik.ua\/en\/product\/hu-3\/","url":"https:\/\/regmik.ua\/en\/product\/hu-3\/","name":"HU-3 \u2013 REGMIK, NVF, PP","isPartOf":{"@id":"https:\/\/regmik.ua\/uk\/#website"},"primaryImageOfPage":{"@id":"https:\/\/regmik.ua\/en\/product\/hu-3\/#primaryimage"},"image":{"@id":"https:\/\/regmik.ua\/en\/product\/hu-3\/#primaryimage"},"thumbnailUrl":"https:\/\/regmik.ua\/wp-content\/uploads\/2019\/06\/PHU-3.jpg","datePublished":"2019-06-10T08:40:46+00:00","dateModified":"2020-08-20T05:21:55+00:00","description":"S\u00e9rie PHU Funkce obsazen\u00ed z\u00e1suvka Zp\u016fsob upevn\u011bn\u00ed kabelu Zp\u016fsob kontaktu rovn\u00fd Rozte\u010d kontakt\u016f 3,96 mm Po\u010det kontakt\u016f 3 Materi\u00e1l","breadcrumb":{"@id":"https:\/\/regmik.ua\/en\/product\/hu-3\/#breadcrumb"},"inLanguage":"cs","potentialAction":[{"@type":"ReadAction","target":["https:\/\/regmik.ua\/en\/product\/hu-3\/"]}]},{"@type":"ImageObject","inLanguage":"cs","@id":"https:\/\/regmik.ua\/en\/product\/hu-3\/#primaryimage","url":"https:\/\/regmik.ua\/wp-content\/uploads\/2019\/06\/PHU-3.jpg","contentUrl":"https:\/\/regmik.ua\/wp-content\/uploads\/2019\/06\/PHU-3.jpg","width":266,"height":199,"caption":"HU-3"},{"@type":"BreadcrumbList","@id":"https:\/\/regmik.ua\/en\/product\/hu-3\/#breadcrumb","itemListElement":[{"@type":"ListItem","position":1,"name":"\u0413\u043b\u0430\u0432\u043d\u0430\u044f \u0441\u0442\u0440\u0430\u043d\u0438\u0446\u0430","item":"https:\/\/regmik.ua\/"},{"@type":"ListItem","position":2,"name":"\u041f\u0440\u043e\u0434\u0443\u043a\u0446\u0438\u044f","item":"https:\/\/regmik.ua\/uk\/products\/"},{"@type":"ListItem","position":3,"name":"HU-3"}]},{"@type":"WebSite","@id":"https:\/\/regmik.ua\/uk\/#website","url":"https:\/\/regmik.ua\/uk\/","name":"REGMIK","description":"M\u011b\u0159ic\u00ed p\u0159\u00edstroje a sn\u00edma\u010de teploty","publisher":{"@id":"https:\/\/regmik.ua\/uk\/#organization"},"alternateName":"REGMIK","potentialAction":[{"@type":"SearchAction","target":{"@type":"EntryPoint","urlTemplate":"https:\/\/regmik.ua\/uk\/?s={search_term_string}"},"query-input":{"@type":"PropertyValueSpecification","valueRequired":true,"valueName":"search_term_string"}}],"inLanguage":"cs"},{"@type":"Organization","@id":"https:\/\/regmik.ua\/uk\/#organization","name":"REGMIK","alternateName":"\u0420\u0415\u0413\u041c\u0418\u041a","url":"https:\/\/regmik.ua\/uk\/","logo":{"@type":"ImageObject","inLanguage":"cs","@id":"https:\/\/regmik.ua\/uk\/#\/schema\/logo\/image\/","url":"https:\/\/regmik.ua\/wp-content\/uploads\/2020\/03\/regmik_logo.png","contentUrl":"https:\/\/regmik.ua\/wp-content\/uploads\/2020\/03\/regmik_logo.png","width":194,"height":45,"caption":"REGMIK"},"image":{"@id":"https:\/\/regmik.ua\/uk\/#\/schema\/logo\/image\/"},"sameAs":["https:\/\/www.facebook.com\/regmik.npf","https:\/\/x.com\/regmiknpf","https:\/\/www.youtube.com\/channel\/UC_SrY98SKAmR3Kt95GcVKcw"]}]}},"_links":{"self":[{"href":"https:\/\/regmik.ua\/cs\/wp-json\/wp\/v2\/product\/19262","targetHints":{"allow":["GET"]}}],"collection":[{"href":"https:\/\/regmik.ua\/cs\/wp-json\/wp\/v2\/product"}],"about":[{"href":"https:\/\/regmik.ua\/cs\/wp-json\/wp\/v2\/types\/product"}],"replies":[{"embeddable":true,"href":"https:\/\/regmik.ua\/cs\/wp-json\/wp\/v2\/comments?post=19262"}],"version-history":[{"count":0,"href":"https:\/\/regmik.ua\/cs\/wp-json\/wp\/v2\/product\/19262\/revisions"}],"wp:featuredmedia":[{"embeddable":true,"href":"https:\/\/regmik.ua\/cs\/wp-json\/wp\/v2\/media\/19263"}],"wp:attachment":[{"href":"https:\/\/regmik.ua\/cs\/wp-json\/wp\/v2\/media?parent=19262"}],"wp:term":[{"taxonomy":"product_brand","embeddable":true,"href":"https:\/\/regmik.ua\/cs\/wp-json\/wp\/v2\/product_brand?post=19262"},{"taxonomy":"product_cat","embeddable":true,"href":"https:\/\/regmik.ua\/cs\/wp-json\/wp\/v2\/product_cat?post=19262"},{"taxonomy":"product_tag","embeddable":true,"href":"https:\/\/regmik.ua\/cs\/wp-json\/wp\/v2\/product_tag?post=19262"}],"curies":[{"name":"wp","href":"https:\/\/api.w.org\/{rel}","templated":true}]}}