{"id":19241,"date":"2019-06-10T09:23:30","date_gmt":"2019-06-10T07:23:30","guid":{"rendered":"https:\/\/regmik.com.ua\/?post_type=product&#038;p=19241"},"modified":"2020-08-20T07:21:56","modified_gmt":"2020-08-20T05:21:56","slug":"19241","status":"publish","type":"product","link":"https:\/\/regmik.ua\/cs\/product\/19241\/","title":{"rendered":"Kondenz\u00e1tor 10uF 25V"},"content":{"rendered":"<p><b>Kapacita<\/b>: 10 uF<br \/>\n<b>Nomin\u00e1ln\u00ed stres<\/b>: 25 V<br \/>\n<b>S\u00e9rie<\/b>: EHR<br \/>\n<b>Popis<\/b>: v\u0161eobecn\u00e9 pou\u017eit\u00ed se \u0161irok\u00fdm teplotn\u00edm rozsahem 105C<br \/>\n<b>N\u00e1lada. rozsah.<\/b>: -40 ... + 105 \u00b0C<br \/>\n<b>Celkov\u00e9 rozm\u011bry<\/b>Rozm\u011br: 5 \u00d7 11 mm<br \/>\n<b>\u017divotnost<\/b>: 2000 hodin<\/p>","protected":false},"excerpt":{"rendered":"<p>\u0401\u043c\u043a\u043e\u0441\u0442\u044c: 10 \u00b5F \u041d\u043e\u043c\u0438\u043d. \u043d\u0430\u043f\u0440\u044f\u0436.: 25 V \u0421\u0435\u0440\u0438\u044f: EHR \u041e\u043f\u0438\u0441\u0430\u043d\u0438\u0435: \u043e\u0431\u0449\u0435\u0433\u043e \u043d\u0430\u0437\u043d\u0430\u0447\u0435\u043d\u0438\u0435 \u0441 \u0448\u0438\u0440\u043e\u043a\u0438\u043c \u0434\u0438\u0430\u043f\u0430\u0437\u043e\u043d\u043e\u043c \u0442\u0435\u043c\u043f\u0435\u0440\u0430\u0442\u0443\u0440 105\u0421 \u0422\u0435\u043c\u043f\u0435\u0440. \u0434\u0438\u0430\u043f.: -40&#8230;+105\u00b0C \u0413\u0430\u0431\u0430\u0440\u0438\u0442\u044b: 5&#215;11\u043c\u043c \u0421\u0440\u043e\u043a \u0436\u0438\u0437\u043d\u0438: 2000 \u0447\u0430\u0441\u043e\u0432<\/p>","protected":false},"featured_media":19242,"comment_status":"open","ping_status":"closed","template":"","meta":[],"product_brand":[],"product_cat":[793],"product_tag":[3090],"class_list":{"0":"post-19241","1":"product","2":"type-product","3":"status-publish","4":"has-post-thumbnail","6":"product_cat-kondensatory","7":"product_tag-kondensator-330uf-35v","10":"instock","11":"shipping-taxable","12":"purchasable","13":"product-type-simple"},"yoast_head":"<title>\u041a\u043e\u043d\u0434\u0435\u043d\u0441\u0430\u0442\u043e\u0440 10uF 25V &#8211; \u0420\u0415\u0413\u041c\u0406\u041a, \u041d\u0412\u0424, \u041f\u041f<\/title>\n<meta name=\"description\" content=\"\u0401\u043c\u043a\u043e\u0441\u0442\u044c: 10 \u00b5F \u041d\u043e\u043c\u0438\u043d. \u043d\u0430\u043f\u0440\u044f\u0436.: 25 V \u0421\u0435\u0440\u0438\u044f: EHR \u041e\u043f\u0438\u0441\u0430\u043d\u0438\u0435: \u043e\u0431\u0449\u0435\u0433\u043e \u043d\u0430\u0437\u043d\u0430\u0447\u0435\u043d\u0438\u0435 \u0441 \u0448\u0438\u0440\u043e\u043a\u0438\u043c \u0434\u0438\u0430\u043f\u0430\u0437\u043e\u043d\u043e\u043c \u0442\u0435\u043c\u043f\u0435\u0440\u0430\u0442\u0443\u0440 105\u0421 \u0422\u0435\u043c\u043f\u0435\u0440. \u0434\u0438\u0430\u043f.: -40...+105\u00b0C \u0413\u0430\u0431\u0430\u0440\u0438\u0442\u044b:\" \/>\n<meta name=\"robots\" content=\"index, follow, max-snippet:-1, max-image-preview:large, max-video-preview:-1\" \/>\n<link rel=\"canonical\" href=\"https:\/\/regmik.ua\/cs\/produkt\/19241\/\" \/>\n<script type=\"application\/ld+json\" class=\"yoast-schema-graph\">{\"@context\":\"https:\\\/\\\/schema.org\",\"@graph\":[{\"@type\":\"WebPage\",\"@id\":\"https:\\\/\\\/regmik.ua\\\/en\\\/product\\\/19241\\\/\",\"url\":\"https:\\\/\\\/regmik.ua\\\/en\\\/product\\\/19241\\\/\",\"name\":\"\u041a\u043e\u043d\u0434\u0435\u043d\u0441\u0430\u0442\u043e\u0440 10uF 25V &#8211; \u0420\u0415\u0413\u041c\u0406\u041a, \u041d\u0412\u0424, \u041f\u041f\",\"isPartOf\":{\"@id\":\"https:\\\/\\\/regmik.ua\\\/uk\\\/#website\"},\"primaryImageOfPage\":{\"@id\":\"https:\\\/\\\/regmik.ua\\\/en\\\/product\\\/19241\\\/#primaryimage\"},\"image\":{\"@id\":\"https:\\\/\\\/regmik.ua\\\/en\\\/product\\\/19241\\\/#primaryimage\"},\"thumbnailUrl\":\"https:\\\/\\\/regmik.ua\\\/wp-content\\\/uploads\\\/2019\\\/06\\\/ehrhitanokapicatorimage.jpg\",\"datePublished\":\"2019-06-10T07:23:30+00:00\",\"dateModified\":\"2020-08-20T05:21:56+00:00\",\"description\":\"\u0401\u043c\u043a\u043e\u0441\u0442\u044c: 10 \u00b5F \u041d\u043e\u043c\u0438\u043d. \u043d\u0430\u043f\u0440\u044f\u0436.: 25 V \u0421\u0435\u0440\u0438\u044f: EHR \u041e\u043f\u0438\u0441\u0430\u043d\u0438\u0435: \u043e\u0431\u0449\u0435\u0433\u043e \u043d\u0430\u0437\u043d\u0430\u0447\u0435\u043d\u0438\u0435 \u0441 \u0448\u0438\u0440\u043e\u043a\u0438\u043c \u0434\u0438\u0430\u043f\u0430\u0437\u043e\u043d\u043e\u043c \u0442\u0435\u043c\u043f\u0435\u0440\u0430\u0442\u0443\u0440 105\u0421 \u0422\u0435\u043c\u043f\u0435\u0440. \u0434\u0438\u0430\u043f.: -40...+105\u00b0C \u0413\u0430\u0431\u0430\u0440\u0438\u0442\u044b:\",\"breadcrumb\":{\"@id\":\"https:\\\/\\\/regmik.ua\\\/en\\\/product\\\/19241\\\/#breadcrumb\"},\"inLanguage\":\"cs\",\"potentialAction\":[{\"@type\":\"ReadAction\",\"target\":[\"https:\\\/\\\/regmik.ua\\\/en\\\/product\\\/19241\\\/\"]}]},{\"@type\":\"ImageObject\",\"inLanguage\":\"cs\",\"@id\":\"https:\\\/\\\/regmik.ua\\\/en\\\/product\\\/19241\\\/#primaryimage\",\"url\":\"https:\\\/\\\/regmik.ua\\\/wp-content\\\/uploads\\\/2019\\\/06\\\/ehrhitanokapicatorimage.jpg\",\"contentUrl\":\"https:\\\/\\\/regmik.ua\\\/wp-content\\\/uploads\\\/2019\\\/06\\\/ehrhitanokapicatorimage.jpg\",\"width\":400,\"height\":400,\"caption\":\"\u041a\u043e\u043d\u0434\u0435\u043d\u0441\u0430\u0442\u043e\u0440 330uF 35V\"},{\"@type\":\"BreadcrumbList\",\"@id\":\"https:\\\/\\\/regmik.ua\\\/en\\\/product\\\/19241\\\/#breadcrumb\",\"itemListElement\":[{\"@type\":\"ListItem\",\"position\":1,\"name\":\"\u0413\u043b\u0430\u0432\u043d\u0430\u044f \u0441\u0442\u0440\u0430\u043d\u0438\u0446\u0430\",\"item\":\"https:\\\/\\\/regmik.ua\\\/\"},{\"@type\":\"ListItem\",\"position\":2,\"name\":\"\u041f\u0440\u043e\u0434\u0443\u043a\u0446\u0438\u044f\",\"item\":\"https:\\\/\\\/regmik.ua\\\/uk\\\/products\\\/\"},{\"@type\":\"ListItem\",\"position\":3,\"name\":\"\u041a\u043e\u043d\u0434\u0435\u043d\u0441\u0430\u0442\u043e\u0440 10uF 25V\"}]},{\"@type\":\"WebSite\",\"@id\":\"https:\\\/\\\/regmik.ua\\\/uk\\\/#website\",\"url\":\"https:\\\/\\\/regmik.ua\\\/uk\\\/\",\"name\":\"REGMIK\",\"description\":\"\u0418\u0437\u043c\u0435\u0440\u0438\u0442\u0435\u043b\u044c\u043d\u044b\u0435 \u043f\u0440\u0438\u0431\u043e\u0440\u044b \u0438 \u0434\u0430\u0442\u0447\u0438\u043a\u0438 \u0442\u0435\u043c\u043f\u0435\u0440\u0430\u0442\u0443\u0440\u044b\",\"publisher\":{\"@id\":\"https:\\\/\\\/regmik.ua\\\/uk\\\/#organization\"},\"alternateName\":\"REGMIK\",\"potentialAction\":[{\"@type\":\"SearchAction\",\"target\":{\"@type\":\"EntryPoint\",\"urlTemplate\":\"https:\\\/\\\/regmik.ua\\\/uk\\\/?s={search_term_string}\"},\"query-input\":{\"@type\":\"PropertyValueSpecification\",\"valueRequired\":true,\"valueName\":\"search_term_string\"}}],\"inLanguage\":\"cs\"},{\"@type\":\"Organization\",\"@id\":\"https:\\\/\\\/regmik.ua\\\/uk\\\/#organization\",\"name\":\"REGMIK\",\"alternateName\":\"\u0420\u0415\u0413\u041c\u0418\u041a\",\"url\":\"https:\\\/\\\/regmik.ua\\\/uk\\\/\",\"logo\":{\"@type\":\"ImageObject\",\"inLanguage\":\"cs\",\"@id\":\"https:\\\/\\\/regmik.ua\\\/uk\\\/#\\\/schema\\\/logo\\\/image\\\/\",\"url\":\"https:\\\/\\\/regmik.ua\\\/wp-content\\\/uploads\\\/2020\\\/03\\\/regmik_logo.png\",\"contentUrl\":\"https:\\\/\\\/regmik.ua\\\/wp-content\\\/uploads\\\/2020\\\/03\\\/regmik_logo.png\",\"width\":194,\"height\":45,\"caption\":\"REGMIK\"},\"image\":{\"@id\":\"https:\\\/\\\/regmik.ua\\\/uk\\\/#\\\/schema\\\/logo\\\/image\\\/\"},\"sameAs\":[\"https:\\\/\\\/www.facebook.com\\\/regmik.npf\",\"https:\\\/\\\/x.com\\\/regmiknpf\",\"https:\\\/\\\/www.youtube.com\\\/channel\\\/UC_SrY98SKAmR3Kt95GcVKcw\"]}]}<\/script>","yoast_head_json":{"title":"Kondenz\u00e1tor 10uF 25V \u2013 REGMIK, NVF, PP","description":"Kapacita: 10 \u00b5F Nomin\u00e1ln\u00ed nap\u011bt\u00ed: 25 V \u0158ada: EHR Popis: v\u0161eobecn\u00e9 pou\u017eit\u00ed s \u0161irok\u00fdm teplotn\u00edm rozsahem 105C Tepl. rozsah: -40...+105\u00b0C Rozm\u011bry:","robots":{"index":"index","follow":"follow","max-snippet":"max-snippet:-1","max-image-preview":"max-image-preview:large","max-video-preview":"max-video-preview:-1"},"canonical":"https:\/\/regmik.ua\/cs\/produkt\/19241\/","schema":{"@context":"https:\/\/schema.org","@graph":[{"@type":"WebPage","@id":"https:\/\/regmik.ua\/en\/product\/19241\/","url":"https:\/\/regmik.ua\/en\/product\/19241\/","name":"Kondenz\u00e1tor 10uF 25V \u2013 REGMIK, NVF, PP","isPartOf":{"@id":"https:\/\/regmik.ua\/uk\/#website"},"primaryImageOfPage":{"@id":"https:\/\/regmik.ua\/en\/product\/19241\/#primaryimage"},"image":{"@id":"https:\/\/regmik.ua\/en\/product\/19241\/#primaryimage"},"thumbnailUrl":"https:\/\/regmik.ua\/wp-content\/uploads\/2019\/06\/ehrhitanokapicatorimage.jpg","datePublished":"2019-06-10T07:23:30+00:00","dateModified":"2020-08-20T05:21:56+00:00","description":"Kapacita: 10 \u00b5F Nomin\u00e1ln\u00ed nap\u011bt\u00ed: 25 V \u0158ada: EHR Popis: v\u0161eobecn\u00e9 pou\u017eit\u00ed s \u0161irok\u00fdm teplotn\u00edm rozsahem 105C Tepl. rozsah: -40...+105\u00b0C Rozm\u011bry:","breadcrumb":{"@id":"https:\/\/regmik.ua\/en\/product\/19241\/#breadcrumb"},"inLanguage":"cs","potentialAction":[{"@type":"ReadAction","target":["https:\/\/regmik.ua\/en\/product\/19241\/"]}]},{"@type":"ImageObject","inLanguage":"cs","@id":"https:\/\/regmik.ua\/en\/product\/19241\/#primaryimage","url":"https:\/\/regmik.ua\/wp-content\/uploads\/2019\/06\/ehrhitanokapicatorimage.jpg","contentUrl":"https:\/\/regmik.ua\/wp-content\/uploads\/2019\/06\/ehrhitanokapicatorimage.jpg","width":400,"height":400,"caption":"\u041a\u043e\u043d\u0434\u0435\u043d\u0441\u0430\u0442\u043e\u0440 330uF 35V"},{"@type":"BreadcrumbList","@id":"https:\/\/regmik.ua\/en\/product\/19241\/#breadcrumb","itemListElement":[{"@type":"ListItem","position":1,"name":"\u0413\u043b\u0430\u0432\u043d\u0430\u044f \u0441\u0442\u0440\u0430\u043d\u0438\u0446\u0430","item":"https:\/\/regmik.ua\/"},{"@type":"ListItem","position":2,"name":"\u041f\u0440\u043e\u0434\u0443\u043a\u0446\u0438\u044f","item":"https:\/\/regmik.ua\/uk\/products\/"},{"@type":"ListItem","position":3,"name":"\u041a\u043e\u043d\u0434\u0435\u043d\u0441\u0430\u0442\u043e\u0440 10uF 25V"}]},{"@type":"WebSite","@id":"https:\/\/regmik.ua\/uk\/#website","url":"https:\/\/regmik.ua\/uk\/","name":"REGMIK","description":"M\u011b\u0159ic\u00ed p\u0159\u00edstroje a sn\u00edma\u010de teploty","publisher":{"@id":"https:\/\/regmik.ua\/uk\/#organization"},"alternateName":"REGMIK","potentialAction":[{"@type":"SearchAction","target":{"@type":"EntryPoint","urlTemplate":"https:\/\/regmik.ua\/uk\/?s={search_term_string}"},"query-input":{"@type":"PropertyValueSpecification","valueRequired":true,"valueName":"search_term_string"}}],"inLanguage":"cs"},{"@type":"Organization","@id":"https:\/\/regmik.ua\/uk\/#organization","name":"REGMIK","alternateName":"\u0420\u0415\u0413\u041c\u0418\u041a","url":"https:\/\/regmik.ua\/uk\/","logo":{"@type":"ImageObject","inLanguage":"cs","@id":"https:\/\/regmik.ua\/uk\/#\/schema\/logo\/image\/","url":"https:\/\/regmik.ua\/wp-content\/uploads\/2020\/03\/regmik_logo.png","contentUrl":"https:\/\/regmik.ua\/wp-content\/uploads\/2020\/03\/regmik_logo.png","width":194,"height":45,"caption":"REGMIK"},"image":{"@id":"https:\/\/regmik.ua\/uk\/#\/schema\/logo\/image\/"},"sameAs":["https:\/\/www.facebook.com\/regmik.npf","https:\/\/x.com\/regmiknpf","https:\/\/www.youtube.com\/channel\/UC_SrY98SKAmR3Kt95GcVKcw"]}]}},"_links":{"self":[{"href":"https:\/\/regmik.ua\/cs\/wp-json\/wp\/v2\/product\/19241","targetHints":{"allow":["GET"]}}],"collection":[{"href":"https:\/\/regmik.ua\/cs\/wp-json\/wp\/v2\/product"}],"about":[{"href":"https:\/\/regmik.ua\/cs\/wp-json\/wp\/v2\/types\/product"}],"replies":[{"embeddable":true,"href":"https:\/\/regmik.ua\/cs\/wp-json\/wp\/v2\/comments?post=19241"}],"version-history":[{"count":0,"href":"https:\/\/regmik.ua\/cs\/wp-json\/wp\/v2\/product\/19241\/revisions"}],"wp:featuredmedia":[{"embeddable":true,"href":"https:\/\/regmik.ua\/cs\/wp-json\/wp\/v2\/media\/19242"}],"wp:attachment":[{"href":"https:\/\/regmik.ua\/cs\/wp-json\/wp\/v2\/media?parent=19241"}],"wp:term":[{"taxonomy":"product_brand","embeddable":true,"href":"https:\/\/regmik.ua\/cs\/wp-json\/wp\/v2\/product_brand?post=19241"},{"taxonomy":"product_cat","embeddable":true,"href":"https:\/\/regmik.ua\/cs\/wp-json\/wp\/v2\/product_cat?post=19241"},{"taxonomy":"product_tag","embeddable":true,"href":"https:\/\/regmik.ua\/cs\/wp-json\/wp\/v2\/product_tag?post=19241"}],"curies":[{"name":"wp","href":"https:\/\/api.w.org\/{rel}","templated":true}]}}