{"id":19235,"date":"2019-06-10T09:11:26","date_gmt":"2019-06-10T07:11:26","guid":{"rendered":"https:\/\/regmik.com.ua\/?post_type=product&#038;p=19235"},"modified":"2020-08-20T07:23:02","modified_gmt":"2020-08-20T05:23:02","slug":"kondensator-0-1uf-100v-10","status":"publish","type":"product","link":"https:\/\/regmik.ua\/cs\/product\/kondensator-0-1uf-100v-10\/","title":{"rendered":"Kondenz\u00e1tor 0,1uF 100V 10%"},"content":{"rendered":"<table id=\"product-attribute-specs-table\" class=\"data-table\">\n<tbody>\n<tr class=\"first odd\">\n<th class=\"label\" width=\"70%\">Kapacita<\/th>\n<td class=\"data last\">0,1 \u03bcF;<\/td>\n<\/tr>\n<tr class=\"even\">\n<th class=\"label\" width=\"70%\">Nap\u011bt\u00ed, V<\/th>\n<td class=\"data last\">100<\/td>\n<\/tr>\n<tr class=\"last odd\">\n<th class=\"label\" width=\"70%\">Tolerance<\/th>\n<td class=\"data last\">10%<\/td>\n<\/tr>\n<\/tbody>\n<\/table>","protected":false},"excerpt":{"rendered":"<p>Kapacita 0,1 mikrofaradu; Nap\u011bt\u00ed, V 100 Tolerance 10%<\/p>","protected":false},"featured_media":19236,"comment_status":"open","ping_status":"closed","template":"","meta":[],"product_brand":[],"product_cat":[793],"product_tag":[3094,3093],"class_list":{"0":"post-19235","1":"product","2":"type-product","3":"status-publish","4":"has-post-thumbnail","6":"product_cat-kondensatory","7":"product_tag-1uf-100v-10","8":"product_tag-kondensator-0","11":"instock","12":"shipping-taxable","13":"purchasable","14":"product-type-simple"},"yoast_head":"<title>\u041a\u043e\u043d\u0434\u0435\u043d\u0441\u0430\u0442\u043e\u0440 0,1uF 100V 10% &#8211; \u0420\u0415\u0413\u041c\u0406\u041a, \u041d\u0412\u0424, \u041f\u041f<\/title>\n<meta name=\"description\" content=\"\u0415\u043c\u043a\u043e\u0441\u0442\u044c 0,1 \u043c\u043a\u0444;   \u041d\u0430\u043f\u0440\u044f\u0436\u0435\u043d\u0438\u0435, \u0412 100   \u0414\u043e\u043f\u0443\u0441\u0442\u0438\u043c\u043e\u0435 \u043e\u0442\u043a\u043b\u043e\u043d\u0435\u043d\u0438\u0435 10%\" \/>\n<meta name=\"robots\" content=\"index, follow, max-snippet:-1, max-image-preview:large, max-video-preview:-1\" \/>\n<link rel=\"canonical\" href=\"https:\/\/regmik.ua\/cs\/produkt\/kondensator-0-1uf-100v-10\/\" \/>\n<script type=\"application\/ld+json\" class=\"yoast-schema-graph\">{\"@context\":\"https:\\\/\\\/schema.org\",\"@graph\":[{\"@type\":\"WebPage\",\"@id\":\"https:\\\/\\\/regmik.ua\\\/product\\\/kondensator-0-1uf-100v-10\\\/\",\"url\":\"https:\\\/\\\/regmik.ua\\\/product\\\/kondensator-0-1uf-100v-10\\\/\",\"name\":\"\u041a\u043e\u043d\u0434\u0435\u043d\u0441\u0430\u0442\u043e\u0440 0,1uF 100V 10% &#8211; \u0420\u0415\u0413\u041c\u0406\u041a, \u041d\u0412\u0424, \u041f\u041f\",\"isPartOf\":{\"@id\":\"https:\\\/\\\/regmik.ua\\\/uk\\\/#website\"},\"primaryImageOfPage\":{\"@id\":\"https:\\\/\\\/regmik.ua\\\/product\\\/kondensator-0-1uf-100v-10\\\/#primaryimage\"},\"image\":{\"@id\":\"https:\\\/\\\/regmik.ua\\\/product\\\/kondensator-0-1uf-100v-10\\\/#primaryimage\"},\"thumbnailUrl\":\"https:\\\/\\\/regmik.ua\\\/wp-content\\\/uploads\\\/2019\\\/06\\\/cl21_39.jpg\",\"datePublished\":\"2019-06-10T07:11:26+00:00\",\"dateModified\":\"2020-08-20T05:23:02+00:00\",\"description\":\"\u0415\u043c\u043a\u043e\u0441\u0442\u044c 0,1 \u043c\u043a\u0444; \u041d\u0430\u043f\u0440\u044f\u0436\u0435\u043d\u0438\u0435, \u0412 100 \u0414\u043e\u043f\u0443\u0441\u0442\u0438\u043c\u043e\u0435 \u043e\u0442\u043a\u043b\u043e\u043d\u0435\u043d\u0438\u0435 10%\",\"breadcrumb\":{\"@id\":\"https:\\\/\\\/regmik.ua\\\/product\\\/kondensator-0-1uf-100v-10\\\/#breadcrumb\"},\"inLanguage\":\"cs\",\"potentialAction\":[{\"@type\":\"ReadAction\",\"target\":[\"https:\\\/\\\/regmik.ua\\\/product\\\/kondensator-0-1uf-100v-10\\\/\"]}]},{\"@type\":\"ImageObject\",\"inLanguage\":\"cs\",\"@id\":\"https:\\\/\\\/regmik.ua\\\/product\\\/kondensator-0-1uf-100v-10\\\/#primaryimage\",\"url\":\"https:\\\/\\\/regmik.ua\\\/wp-content\\\/uploads\\\/2019\\\/06\\\/cl21_39.jpg\",\"contentUrl\":\"https:\\\/\\\/regmik.ua\\\/wp-content\\\/uploads\\\/2019\\\/06\\\/cl21_39.jpg\",\"width\":290,\"height\":290,\"caption\":\"\u041a\u043e\u043d\u0434\u0435\u043d\u0441\u0430\u0442\u043e\u0440 0,1uF 100V 10%\"},{\"@type\":\"BreadcrumbList\",\"@id\":\"https:\\\/\\\/regmik.ua\\\/product\\\/kondensator-0-1uf-100v-10\\\/#breadcrumb\",\"itemListElement\":[{\"@type\":\"ListItem\",\"position\":1,\"name\":\"\u0413\u043b\u0430\u0432\u043d\u0430\u044f \u0441\u0442\u0440\u0430\u043d\u0438\u0446\u0430\",\"item\":\"https:\\\/\\\/regmik.ua\\\/\"},{\"@type\":\"ListItem\",\"position\":2,\"name\":\"\u041f\u0440\u043e\u0434\u0443\u043a\u0446\u0438\u044f\",\"item\":\"https:\\\/\\\/regmik.ua\\\/uk\\\/products\\\/\"},{\"@type\":\"ListItem\",\"position\":3,\"name\":\"\u041a\u043e\u043d\u0434\u0435\u043d\u0441\u0430\u0442\u043e\u0440 0,1uF 100V 10%\"}]},{\"@type\":\"WebSite\",\"@id\":\"https:\\\/\\\/regmik.ua\\\/uk\\\/#website\",\"url\":\"https:\\\/\\\/regmik.ua\\\/uk\\\/\",\"name\":\"REGMIK\",\"description\":\"\u0418\u0437\u043c\u0435\u0440\u0438\u0442\u0435\u043b\u044c\u043d\u044b\u0435 \u043f\u0440\u0438\u0431\u043e\u0440\u044b \u0438 \u0434\u0430\u0442\u0447\u0438\u043a\u0438 \u0442\u0435\u043c\u043f\u0435\u0440\u0430\u0442\u0443\u0440\u044b\",\"publisher\":{\"@id\":\"https:\\\/\\\/regmik.ua\\\/uk\\\/#organization\"},\"alternateName\":\"REGMIK\",\"potentialAction\":[{\"@type\":\"SearchAction\",\"target\":{\"@type\":\"EntryPoint\",\"urlTemplate\":\"https:\\\/\\\/regmik.ua\\\/uk\\\/?s={search_term_string}\"},\"query-input\":{\"@type\":\"PropertyValueSpecification\",\"valueRequired\":true,\"valueName\":\"search_term_string\"}}],\"inLanguage\":\"cs\"},{\"@type\":\"Organization\",\"@id\":\"https:\\\/\\\/regmik.ua\\\/uk\\\/#organization\",\"name\":\"REGMIK\",\"alternateName\":\"\u0420\u0415\u0413\u041c\u0418\u041a\",\"url\":\"https:\\\/\\\/regmik.ua\\\/uk\\\/\",\"logo\":{\"@type\":\"ImageObject\",\"inLanguage\":\"cs\",\"@id\":\"https:\\\/\\\/regmik.ua\\\/uk\\\/#\\\/schema\\\/logo\\\/image\\\/\",\"url\":\"https:\\\/\\\/regmik.ua\\\/wp-content\\\/uploads\\\/2020\\\/03\\\/regmik_logo.png\",\"contentUrl\":\"https:\\\/\\\/regmik.ua\\\/wp-content\\\/uploads\\\/2020\\\/03\\\/regmik_logo.png\",\"width\":194,\"height\":45,\"caption\":\"REGMIK\"},\"image\":{\"@id\":\"https:\\\/\\\/regmik.ua\\\/uk\\\/#\\\/schema\\\/logo\\\/image\\\/\"},\"sameAs\":[\"https:\\\/\\\/www.facebook.com\\\/regmik.npf\",\"https:\\\/\\\/x.com\\\/regmiknpf\",\"https:\\\/\\\/www.youtube.com\\\/channel\\\/UC_SrY98SKAmR3Kt95GcVKcw\"]}]}<\/script>","yoast_head_json":{"title":"Kondenz\u00e1tor 0,1uF 100V 10% \u2013 REGMIC, NVF, PP","description":"Kapacita 0,1 mikrofaradu; Nap\u011bt\u00ed, V 100 Tolerance 10%","robots":{"index":"index","follow":"follow","max-snippet":"max-snippet:-1","max-image-preview":"max-image-preview:large","max-video-preview":"max-video-preview:-1"},"canonical":"https:\/\/regmik.ua\/cs\/produkt\/kondensator-0-1uf-100v-10\/","schema":{"@context":"https:\/\/schema.org","@graph":[{"@type":"WebPage","@id":"https:\/\/regmik.ua\/product\/kondensator-0-1uf-100v-10\/","url":"https:\/\/regmik.ua\/product\/kondensator-0-1uf-100v-10\/","name":"Kondenz\u00e1tor 0,1uF 100V 10% \u2013 REGMIC, NVF, PP","isPartOf":{"@id":"https:\/\/regmik.ua\/uk\/#website"},"primaryImageOfPage":{"@id":"https:\/\/regmik.ua\/product\/kondensator-0-1uf-100v-10\/#primaryimage"},"image":{"@id":"https:\/\/regmik.ua\/product\/kondensator-0-1uf-100v-10\/#primaryimage"},"thumbnailUrl":"https:\/\/regmik.ua\/wp-content\/uploads\/2019\/06\/cl21_39.jpg","datePublished":"2019-06-10T07:11:26+00:00","dateModified":"2020-08-20T05:23:02+00:00","description":"Kapacita 0,1 mikrofaradu; Nap\u011bt\u00ed, V 100 Tolerance 10%","breadcrumb":{"@id":"https:\/\/regmik.ua\/product\/kondensator-0-1uf-100v-10\/#breadcrumb"},"inLanguage":"cs","potentialAction":[{"@type":"ReadAction","target":["https:\/\/regmik.ua\/product\/kondensator-0-1uf-100v-10\/"]}]},{"@type":"ImageObject","inLanguage":"cs","@id":"https:\/\/regmik.ua\/product\/kondensator-0-1uf-100v-10\/#primaryimage","url":"https:\/\/regmik.ua\/wp-content\/uploads\/2019\/06\/cl21_39.jpg","contentUrl":"https:\/\/regmik.ua\/wp-content\/uploads\/2019\/06\/cl21_39.jpg","width":290,"height":290,"caption":"\u041a\u043e\u043d\u0434\u0435\u043d\u0441\u0430\u0442\u043e\u0440 0,1uF 100V 10%"},{"@type":"BreadcrumbList","@id":"https:\/\/regmik.ua\/product\/kondensator-0-1uf-100v-10\/#breadcrumb","itemListElement":[{"@type":"ListItem","position":1,"name":"\u0413\u043b\u0430\u0432\u043d\u0430\u044f \u0441\u0442\u0440\u0430\u043d\u0438\u0446\u0430","item":"https:\/\/regmik.ua\/"},{"@type":"ListItem","position":2,"name":"\u041f\u0440\u043e\u0434\u0443\u043a\u0446\u0438\u044f","item":"https:\/\/regmik.ua\/uk\/products\/"},{"@type":"ListItem","position":3,"name":"\u041a\u043e\u043d\u0434\u0435\u043d\u0441\u0430\u0442\u043e\u0440 0,1uF 100V 10%"}]},{"@type":"WebSite","@id":"https:\/\/regmik.ua\/uk\/#website","url":"https:\/\/regmik.ua\/uk\/","name":"REGMIK","description":"M\u011b\u0159ic\u00ed p\u0159\u00edstroje a sn\u00edma\u010de teploty","publisher":{"@id":"https:\/\/regmik.ua\/uk\/#organization"},"alternateName":"REGMIK","potentialAction":[{"@type":"SearchAction","target":{"@type":"EntryPoint","urlTemplate":"https:\/\/regmik.ua\/uk\/?s={search_term_string}"},"query-input":{"@type":"PropertyValueSpecification","valueRequired":true,"valueName":"search_term_string"}}],"inLanguage":"cs"},{"@type":"Organization","@id":"https:\/\/regmik.ua\/uk\/#organization","name":"REGMIK","alternateName":"\u0420\u0415\u0413\u041c\u0418\u041a","url":"https:\/\/regmik.ua\/uk\/","logo":{"@type":"ImageObject","inLanguage":"cs","@id":"https:\/\/regmik.ua\/uk\/#\/schema\/logo\/image\/","url":"https:\/\/regmik.ua\/wp-content\/uploads\/2020\/03\/regmik_logo.png","contentUrl":"https:\/\/regmik.ua\/wp-content\/uploads\/2020\/03\/regmik_logo.png","width":194,"height":45,"caption":"REGMIK"},"image":{"@id":"https:\/\/regmik.ua\/uk\/#\/schema\/logo\/image\/"},"sameAs":["https:\/\/www.facebook.com\/regmik.npf","https:\/\/x.com\/regmiknpf","https:\/\/www.youtube.com\/channel\/UC_SrY98SKAmR3Kt95GcVKcw"]}]}},"_links":{"self":[{"href":"https:\/\/regmik.ua\/cs\/wp-json\/wp\/v2\/product\/19235","targetHints":{"allow":["GET"]}}],"collection":[{"href":"https:\/\/regmik.ua\/cs\/wp-json\/wp\/v2\/product"}],"about":[{"href":"https:\/\/regmik.ua\/cs\/wp-json\/wp\/v2\/types\/product"}],"replies":[{"embeddable":true,"href":"https:\/\/regmik.ua\/cs\/wp-json\/wp\/v2\/comments?post=19235"}],"version-history":[{"count":0,"href":"https:\/\/regmik.ua\/cs\/wp-json\/wp\/v2\/product\/19235\/revisions"}],"wp:featuredmedia":[{"embeddable":true,"href":"https:\/\/regmik.ua\/cs\/wp-json\/wp\/v2\/media\/19236"}],"wp:attachment":[{"href":"https:\/\/regmik.ua\/cs\/wp-json\/wp\/v2\/media?parent=19235"}],"wp:term":[{"taxonomy":"product_brand","embeddable":true,"href":"https:\/\/regmik.ua\/cs\/wp-json\/wp\/v2\/product_brand?post=19235"},{"taxonomy":"product_cat","embeddable":true,"href":"https:\/\/regmik.ua\/cs\/wp-json\/wp\/v2\/product_cat?post=19235"},{"taxonomy":"product_tag","embeddable":true,"href":"https:\/\/regmik.ua\/cs\/wp-json\/wp\/v2\/product_tag?post=19235"}],"curies":[{"name":"wp","href":"https:\/\/api.w.org\/{rel}","templated":true}]}}