{"id":19173,"date":"2019-06-07T09:24:42","date_gmt":"2019-06-07T07:24:42","guid":{"rendered":"https:\/\/regmik.com.ua\/?post_type=product&#038;p=19173"},"modified":"2022-08-01T11:10:36","modified_gmt":"2022-08-01T08:10:36","slug":"adg608br","status":"publish","type":"product","link":"https:\/\/regmik.ua\/cs\/product\/adg608br\/","title":{"rendered":"ADG608BR"},"content":{"rendered":"<table class=\"product-info\">\n<tbody>\n<tr>\n<td>n\u00e1zev<\/td>\n<td><strong>ADG608BR<\/strong><\/td>\n<\/tr>\n<tr>\n<td>V\u00fdrobce<\/td>\n<td>Analog Devices Inc. (INZER\u00c1T)<\/td>\n<\/tr>\n<tr>\n<td>k\u00f3d dodavatele<\/td>\n<td>23552<\/td>\n<\/tr>\n<tr>\n<td colspan=\"2\"><\/td>\n<\/tr>\n<tr>\n<td>Odpor ve\u0159ejn\u00e9ho kl\u00ed\u010de typick\u00fd<\/td>\n<td><img decoding=\"async\" src=\"data:image\/png;base64,iVBORw0KGgoAAAANSUhEUgAAADgAAAAPCAYAAACx+QwLAAAACXBIWXMAAA7EAAAOxAGVKw4bAAACLUlEQVRIie2VMWgUURCGPw9HgqQIN+QKSUKqI0gKYRqxiAYk4FkIKnbaqIWNIBIFJViIvWAlNgGbBLVTUZSzsNBmQSSCXHEQEAzqWoR4xKzkLPbd8VzfuklsUtzXvf+fnTezvDcPevTY1uwAELVrwAWgDLwFzidx1MzTs0lEbQK4C4wAD13cWpEXyHMGuAxUgW8ufiaJo5WtNlgStSngNHAQGATeAffz9EBRfcAD4DowDAwAM0VeIM8V4KaLHQQmgSHglajt3GqDoY0qovZzE3pN1N5463FRWyzyMjnKovZD1MYzeknUPojaObfeK2ptUbvnxRxy2sVQP6WAdgBY2IReBT566wYwImq7CzyfCeBTEkd\/5E\/iaB2YB4568hJw2FufAL4H6gIyDYraEHAHmN6I7ugHWl5Ra8A60Ffg+VRI71yIJed3WAEaorbPraeAlznf0j3bojYKPAemkziqF+keLb9gUdtF+uNaBZ7PF2BPTo3Dzvd5AtTcHX8fyNel5DauuiYuJXE05xUU1DM0SI9ihyrpcVst8HzqQEXU9vuiGy6nXEM+j4EjpMfzUV5zkE7RAdfE2SSOnnrJg3qAOjAmaidFrQzcAuY24HVJ4miZdHrOu8HUL2pjrvhlYDYT3yR9uo67ZvMbJL1Xo8BrN43aotZ2G\/6ldwaEqH0WtVoSRy3gGHADWARWcU\/Bv7xAk7eBq6RPxVfgBdAEJpM4+hX45Bmw8D9vZI8e24DfjZXaLQzZqooAAAAASUVORK5CYII=\" \/><\/td>\n<\/tr>\n<tr>\n<td>T<sub>Max<\/sub>,<\/td>\n<td><img decoding=\"async\" src=\"data:image\/png;base64,iVBORw0KGgoAAAANSUhEUgAAADkAAAAPCAYAAABeO2c1AAAACXBIWXMAAA7EAAAOxAGVKw4bAAACeklEQVRIie3VT4hXVRQH8I\/D3EEkorwWBjm4+kExtOjSxoVFUEEQorQTqYgWLSqihigdQlBo+gOFKwkR0YWh1aqFQS5KIsIbIUIxC6MUoolHEDGIL6rFuy8ej9\/83myF+cLj3Xu+55z7Pfedex\/rWMdNgw3dSYjpHfxeV\/ntMn8Dz2MzvsFzdZWvFO4DvNgJv1hX+YH+AiGmnTiKWZwtOW4McZ34aXyKh7BYV\/lQh3saL2GEZRytq\/xWX8NUcZ4JMb2HVzsJHsU+PIg78D1OdmLvxSN1lTeUZ1yBG3EG+7ENt2FhiOvhvlLAPXisk\/sAXscLiNiFvSGmw\/0E0+V9DDM41RJ1lT8viduki7jaK\/LSGFFdPIwrdZU\/KTn247NSzCSui0u4Ez9gsfi2G5LqKl9u\/UJMz5Sixxb5Sl3l5RDTkQmCd+ByWeRWbMHJENMOfKdptaVezAg\/duZLmA0xbZrE1VVeaY11lf\/GE728O3GtU2DrexFP9YVPFXJ5QnFCTHfjCOaLaQ4rOIi78C0+HhN6S\/FrRdzAP9g4wA1hs6aF14SpIYcQ03Z8gfm6yueLoK\/rKt9e3n\/hNYxCTLO98JWu6BDTTFlzZYAbwjK2rqJ3S982scgQ0wjn8HJd5dMTXFuB13v2JU1bthhp2uz6ADeEC9gaYprr6b0fP5Xj8D+mrYJyuM9hX13lCz1uj+YS2I1fyvjLMW1\/HsdDTE+W8WGcXgM3EXWV\/wwxvYszIaZnNXfCnOb2f797ppn8JeexHV+FmP7tPJvKjXiibMJvmv\/c3s4m\/Bpierwstgtv4mfNl14oQlfl1ljoAj7EcfyBj3Cs2NexjpsV\/wFO\/AK\/VjrjmgAAAABJRU5ErkJggg==\" \/><\/td>\n<\/tr>\n<tr>\n<td>T<sub>min<\/sub>,<\/td>\n<td><img decoding=\"async\" src=\"data:image\/png;base64,iVBORw0KGgoAAAANSUhEUgAAABYAAAAPCAYAAADgbT9oAAAACXBIWXMAAA7EAAAOxAGVKw4bAAAA30lEQVQ4je3QoU4DQRSF4Y9uF7ECs4oVOAzBbTB4XgCLoQLLO+AxKCTwACBwJCSgCYNAIlE0ZByBJmMQLEnT3Zbi+7v5b3LmnsuChqUumZf1CQ7H1GOKYWua78roT\/lwAzsphts5fYvejODnf\/gWrVPkZb2Cd9xjG084wFuXTzG8zLvxJj5xhFU84HKG7944L+sz7Dfv8xTDYKJBD19YTzG8\/uV\/6TdBg8nBGMtNs9GcHmSTIi\/r3ayorrOiusuKaoRjfGDY5VMMp13BrRunGK5wgRsMsYa9aX5G0wU\/fANBB1N2GD43CQAAAABJRU5ErkJggg==\" \/><\/td>\n<\/tr>\n<tr>\n<td>Po\u010det kan\u00e1l\u016f<\/td>\n<td><img decoding=\"async\" src=\"data:image\/png;base64,iVBORw0KGgoAAAANSUhEUgAAAAoAAAAPCAYAAADd\/14OAAAACXBIWXMAAA7EAAAOxAGVKw4bAAAAWElEQVQokWNgGDDAjMxhFTbuZuaSMvz3\/flRdIVMUAVsrMLGvQwMDCW4TGSB0nMZGBjYGBgYluBSyASli3+\/PRvOwMDwAa\/C32\/PvsKlAN1EgmAAFQ4gAAB4dQ\/Xlxr0KgAAAABJRU5ErkJggg==\" \/><\/td>\n<\/tr>\n<tr>\n<td>Bydlen\u00ed<\/td>\n<td>SO16<\/td>\n<\/tr>\n<tr>\n<td>Typ funk\u010dn\u00edho sp\u00edna\u010de<\/td>\n<td><img decoding=\"async\" src=\"data:image\/png;base64,iVBORw0KGgoAAAANSUhEUgAAAB4AAAAPCAYAAADzun+cAAAACXBIWXMAAA7EAAAOxAGVKw4bAAABfElEQVQ4je3RPWiUQRDG8Z\/hXkm\/oBBCQCsrFV4LQVvFwkoUMY1gyoCC2F4hEkVEwUKtLKwsDAQsUqiISAgSXcFexEI7169Cwm0Qi9tiPS9cbFLlgWXZmWfmz8yypU3Stia0E\/iM5ZzioTrZhPY+zmEnVvEDIaf4tfKcxxHM4Sn25RQ\/lNx2vEM3pzhf9x4r9xp2NKGdrBp2sGejE+QUX+Eu7lXhObwZhNZgeIyT1fsYXm4UXNTFRBPa6Sa0B3ECs8OMNXgBp6v3mRLbsHKKPZzFnVI7k1P8OQq8jN1NaCeb0I7jQE5x5X\/ABf4WH9HD0nq+sargNxb1130czwe8vXJ3BuKdKqcJ7aUS+4UrI8FFCzilv\/K\/1pxTXMV3TA3U7MKnAt2Py5gp52L565HgJ9iLw\/6dGOZxvQntVBPa8Sa0RzGNR+V7HuJaTnElp7iMW3hQcuuDy1TP8CKnuDYEfAHv8RrfcBOzOcUl3MYXXK38Xf2V3xg29ZY2RX8AdD52AXpeLV8AAAAASUVORK5CYII=\" \/><\/td>\n<\/tr>\n<tr>\n<td>Po\u010det \u0159et\u011bz\u016f<\/td>\n<td><img decoding=\"async\" src=\"data:image\/png;base64,iVBORw0KGgoAAAANSUhEUgAAAAoAAAAPCAYAAADd\/14OAAAACXBIWXMAAA7EAAAOxAGVKw4bAAAAWElEQVQokWNgGDDAjMxhFTbuZuaSMvz3\/flRdIVMUAVsrMLGvQwMDCW4TGSB0nMZGBjYGBgYluBSyASli3+\/PRvOwMDwAa\/C32\/PvsKlAN1EgmAAFQ4gAAB4dQ\/Xlxr0KgAAAABJRU5ErkJggg==\" \/><\/td>\n<\/tr>\n<\/tbody>\n<\/table>","protected":false},"excerpt":{"rendered":"<p>\u041d\u0430\u0438\u043c\u0435\u043d\u043e\u0432\u0430\u043d\u0438\u0435 ADG608BR \u041f\u0440\u043e\u0438\u0437\u0432\u043e\u0434\u0438\u0442\u0435\u043b\u044c Analog Devices Inc. (AD) \u0410\u0440\u0442\u0438\u043a\u0443\u043b 23552 \u0421\u043e\u043f\u0440\u043e\u0442\u0438\u0432\u043b\u0435\u043d\u0438\u0435 \u043e\u0442\u043a\u0440\u044b\u0442\u043e\u0433\u043e \u043a\u043b\u044e\u0447\u0430 \u0442\u0438\u043f\u043e\u0432\u043e\u0435 \u0422\u043c\u0430\u043a\u0441, \u0422min, \u041a\u043e\u043b\u0438\u0447\u0435\u0441\u0442\u0432\u043e \u043a\u0430\u043d\u0430\u043b\u043e\u0432 \u041a\u043e\u0440\u043f\u0443\u0441 SO16 \u0424\u0443\u043d\u043a\u0446\u0438\u043e\u043d\u0430\u043b\u044c\u043d\u044b\u0439 \u0442\u0438\u043f \u043f\u0435\u0440\u0435\u043a\u043b\u044e\u0447\u0430\u0442\u0435\u043b\u044f \u041a\u043e\u043b\u0438\u0447\u0435\u0441\u0442\u0432\u043e \u0446\u0435\u043f\u0435\u0439<\/p>","protected":false},"featured_media":26462,"comment_status":"open","ping_status":"closed","template":"","meta":[],"product_brand":[],"product_cat":[779],"product_tag":[3414],"class_list":{"0":"post-19173","1":"product","2":"type-product","3":"status-publish","4":"has-post-thumbnail","6":"product_cat-chip","7":"product_tag-adg608br","10":"instock","11":"sale","12":"shipping-taxable","13":"purchasable","14":"product-type-simple"},"yoast_head":"<title>ADG608BR &#8211; \u0420\u0415\u0413\u041c\u0406\u041a, \u041d\u0412\u0424, \u041f\u041f<\/title>\n<meta name=\"description\" content=\"\u041d\u0430\u0438\u043c\u0435\u043d\u043e\u0432\u0430\u043d\u0438\u0435 ADG608BR \u041f\u0440\u043e\u0438\u0437\u0432\u043e\u0434\u0438\u0442\u0435\u043b\u044c Analog Devices Inc. (AD) \u0410\u0440\u0442\u0438\u043a\u0443\u043b 23552 \u0421\u043e\u043f\u0440\u043e\u0442\u0438\u0432\u043b\u0435\u043d\u0438\u0435 \u043e\u0442\u043a\u0440\u044b\u0442\u043e\u0433\u043e \u043a\u043b\u044e\u0447\u0430 \u0442\u0438\u043f\u043e\u0432\u043e\u0435 \u0422\u043c\u0430\u043a\u0441, \u0422min, \u041a\u043e\u043b\u0438\u0447\u0435\u0441\u0442\u0432\u043e \u043a\u0430\u043d\u0430\u043b\u043e\u0432 \u041a\u043e\u0440\u043f\u0443\u0441\" \/>\n<meta name=\"robots\" content=\"index, follow, max-snippet:-1, max-image-preview:large, max-video-preview:-1\" \/>\n<link rel=\"canonical\" href=\"https:\/\/regmik.ua\/cs\/produkt\/adg608br\/\" \/>\n<script type=\"application\/ld+json\" class=\"yoast-schema-graph\">{\"@context\":\"https:\\\/\\\/schema.org\",\"@graph\":[{\"@type\":\"WebPage\",\"@id\":\"https:\\\/\\\/regmik.ua\\\/product\\\/adg608br\\\/\",\"url\":\"https:\\\/\\\/regmik.ua\\\/product\\\/adg608br\\\/\",\"name\":\"ADG608BR &#8211; \u0420\u0415\u0413\u041c\u0406\u041a, \u041d\u0412\u0424, \u041f\u041f\",\"isPartOf\":{\"@id\":\"https:\\\/\\\/regmik.ua\\\/uk\\\/#website\"},\"primaryImageOfPage\":{\"@id\":\"https:\\\/\\\/regmik.ua\\\/product\\\/adg608br\\\/#primaryimage\"},\"image\":{\"@id\":\"https:\\\/\\\/regmik.ua\\\/product\\\/adg608br\\\/#primaryimage\"},\"thumbnailUrl\":\"https:\\\/\\\/regmik.ua\\\/wp-content\\\/uploads\\\/2019\\\/06\\\/16-SOIC-e1705583791348.jpg\",\"datePublished\":\"2019-06-07T07:24:42+00:00\",\"dateModified\":\"2022-08-01T08:10:36+00:00\",\"description\":\"\u041d\u0430\u0438\u043c\u0435\u043d\u043e\u0432\u0430\u043d\u0438\u0435 ADG608BR \u041f\u0440\u043e\u0438\u0437\u0432\u043e\u0434\u0438\u0442\u0435\u043b\u044c Analog Devices Inc. (AD) \u0410\u0440\u0442\u0438\u043a\u0443\u043b 23552 \u0421\u043e\u043f\u0440\u043e\u0442\u0438\u0432\u043b\u0435\u043d\u0438\u0435 \u043e\u0442\u043a\u0440\u044b\u0442\u043e\u0433\u043e \u043a\u043b\u044e\u0447\u0430 \u0442\u0438\u043f\u043e\u0432\u043e\u0435 \u0422\u043c\u0430\u043a\u0441, \u0422min, \u041a\u043e\u043b\u0438\u0447\u0435\u0441\u0442\u0432\u043e \u043a\u0430\u043d\u0430\u043b\u043e\u0432 \u041a\u043e\u0440\u043f\u0443\u0441\",\"breadcrumb\":{\"@id\":\"https:\\\/\\\/regmik.ua\\\/product\\\/adg608br\\\/#breadcrumb\"},\"inLanguage\":\"cs\",\"potentialAction\":[{\"@type\":\"ReadAction\",\"target\":[\"https:\\\/\\\/regmik.ua\\\/product\\\/adg608br\\\/\"]}]},{\"@type\":\"ImageObject\",\"inLanguage\":\"cs\",\"@id\":\"https:\\\/\\\/regmik.ua\\\/product\\\/adg608br\\\/#primaryimage\",\"url\":\"https:\\\/\\\/regmik.ua\\\/wp-content\\\/uploads\\\/2019\\\/06\\\/16-SOIC-e1705583791348.jpg\",\"contentUrl\":\"https:\\\/\\\/regmik.ua\\\/wp-content\\\/uploads\\\/2019\\\/06\\\/16-SOIC-e1705583791348.jpg\",\"width\":320,\"height\":320},{\"@type\":\"BreadcrumbList\",\"@id\":\"https:\\\/\\\/regmik.ua\\\/product\\\/adg608br\\\/#breadcrumb\",\"itemListElement\":[{\"@type\":\"ListItem\",\"position\":1,\"name\":\"\u0413\u043b\u0430\u0432\u043d\u0430\u044f \u0441\u0442\u0440\u0430\u043d\u0438\u0446\u0430\",\"item\":\"https:\\\/\\\/regmik.ua\\\/\"},{\"@type\":\"ListItem\",\"position\":2,\"name\":\"\u041f\u0440\u043e\u0434\u0443\u043a\u0446\u0438\u044f\",\"item\":\"https:\\\/\\\/regmik.ua\\\/uk\\\/products\\\/\"},{\"@type\":\"ListItem\",\"position\":3,\"name\":\"ADG608BR\"}]},{\"@type\":\"WebSite\",\"@id\":\"https:\\\/\\\/regmik.ua\\\/uk\\\/#website\",\"url\":\"https:\\\/\\\/regmik.ua\\\/uk\\\/\",\"name\":\"REGMIK\",\"description\":\"\u0418\u0437\u043c\u0435\u0440\u0438\u0442\u0435\u043b\u044c\u043d\u044b\u0435 \u043f\u0440\u0438\u0431\u043e\u0440\u044b \u0438 \u0434\u0430\u0442\u0447\u0438\u043a\u0438 \u0442\u0435\u043c\u043f\u0435\u0440\u0430\u0442\u0443\u0440\u044b\",\"publisher\":{\"@id\":\"https:\\\/\\\/regmik.ua\\\/uk\\\/#organization\"},\"alternateName\":\"REGMIK\",\"potentialAction\":[{\"@type\":\"SearchAction\",\"target\":{\"@type\":\"EntryPoint\",\"urlTemplate\":\"https:\\\/\\\/regmik.ua\\\/uk\\\/?s={search_term_string}\"},\"query-input\":{\"@type\":\"PropertyValueSpecification\",\"valueRequired\":true,\"valueName\":\"search_term_string\"}}],\"inLanguage\":\"cs\"},{\"@type\":\"Organization\",\"@id\":\"https:\\\/\\\/regmik.ua\\\/uk\\\/#organization\",\"name\":\"REGMIK\",\"alternateName\":\"\u0420\u0415\u0413\u041c\u0418\u041a\",\"url\":\"https:\\\/\\\/regmik.ua\\\/uk\\\/\",\"logo\":{\"@type\":\"ImageObject\",\"inLanguage\":\"cs\",\"@id\":\"https:\\\/\\\/regmik.ua\\\/uk\\\/#\\\/schema\\\/logo\\\/image\\\/\",\"url\":\"https:\\\/\\\/regmik.ua\\\/wp-content\\\/uploads\\\/2020\\\/03\\\/regmik_logo.png\",\"contentUrl\":\"https:\\\/\\\/regmik.ua\\\/wp-content\\\/uploads\\\/2020\\\/03\\\/regmik_logo.png\",\"width\":194,\"height\":45,\"caption\":\"REGMIK\"},\"image\":{\"@id\":\"https:\\\/\\\/regmik.ua\\\/uk\\\/#\\\/schema\\\/logo\\\/image\\\/\"},\"sameAs\":[\"https:\\\/\\\/www.facebook.com\\\/regmik.npf\",\"https:\\\/\\\/x.com\\\/regmiknpf\",\"https:\\\/\\\/www.youtube.com\\\/channel\\\/UC_SrY98SKAmR3Kt95GcVKcw\"]}]}<\/script>","yoast_head_json":{"title":"ADG608BR \u2013 REGMIK, NVF, PP","description":"N\u00e1zev ADG608BN V\u00fdrobce Analog Devices Inc. (AD) \u010cl\u00e1nek 23552 Typick\u00e1 odolnost ve\u0159ejn\u00e9ho kl\u00ed\u010de Tmax, Tmin, po\u010det kan\u00e1l\u016f Pouzdro","robots":{"index":"index","follow":"follow","max-snippet":"max-snippet:-1","max-image-preview":"max-image-preview:large","max-video-preview":"max-video-preview:-1"},"canonical":"https:\/\/regmik.ua\/cs\/produkt\/adg608br\/","schema":{"@context":"https:\/\/schema.org","@graph":[{"@type":"WebPage","@id":"https:\/\/regmik.ua\/product\/adg608br\/","url":"https:\/\/regmik.ua\/product\/adg608br\/","name":"ADG608BR \u2013 REGMIK, NVF, PP","isPartOf":{"@id":"https:\/\/regmik.ua\/uk\/#website"},"primaryImageOfPage":{"@id":"https:\/\/regmik.ua\/product\/adg608br\/#primaryimage"},"image":{"@id":"https:\/\/regmik.ua\/product\/adg608br\/#primaryimage"},"thumbnailUrl":"https:\/\/regmik.ua\/wp-content\/uploads\/2019\/06\/16-SOIC-e1705583791348.jpg","datePublished":"2019-06-07T07:24:42+00:00","dateModified":"2022-08-01T08:10:36+00:00","description":"N\u00e1zev ADG608BN V\u00fdrobce Analog Devices Inc. (AD) \u010cl\u00e1nek 23552 Typick\u00e1 odolnost ve\u0159ejn\u00e9ho kl\u00ed\u010de Tmax, Tmin, po\u010det kan\u00e1l\u016f Pouzdro","breadcrumb":{"@id":"https:\/\/regmik.ua\/product\/adg608br\/#breadcrumb"},"inLanguage":"cs","potentialAction":[{"@type":"ReadAction","target":["https:\/\/regmik.ua\/product\/adg608br\/"]}]},{"@type":"ImageObject","inLanguage":"cs","@id":"https:\/\/regmik.ua\/product\/adg608br\/#primaryimage","url":"https:\/\/regmik.ua\/wp-content\/uploads\/2019\/06\/16-SOIC-e1705583791348.jpg","contentUrl":"https:\/\/regmik.ua\/wp-content\/uploads\/2019\/06\/16-SOIC-e1705583791348.jpg","width":320,"height":320},{"@type":"BreadcrumbList","@id":"https:\/\/regmik.ua\/product\/adg608br\/#breadcrumb","itemListElement":[{"@type":"ListItem","position":1,"name":"\u0413\u043b\u0430\u0432\u043d\u0430\u044f \u0441\u0442\u0440\u0430\u043d\u0438\u0446\u0430","item":"https:\/\/regmik.ua\/"},{"@type":"ListItem","position":2,"name":"\u041f\u0440\u043e\u0434\u0443\u043a\u0446\u0438\u044f","item":"https:\/\/regmik.ua\/uk\/products\/"},{"@type":"ListItem","position":3,"name":"ADG608BR"}]},{"@type":"WebSite","@id":"https:\/\/regmik.ua\/uk\/#website","url":"https:\/\/regmik.ua\/uk\/","name":"REGMIK","description":"M\u011b\u0159ic\u00ed p\u0159\u00edstroje a sn\u00edma\u010de teploty","publisher":{"@id":"https:\/\/regmik.ua\/uk\/#organization"},"alternateName":"REGMIK","potentialAction":[{"@type":"SearchAction","target":{"@type":"EntryPoint","urlTemplate":"https:\/\/regmik.ua\/uk\/?s={search_term_string}"},"query-input":{"@type":"PropertyValueSpecification","valueRequired":true,"valueName":"search_term_string"}}],"inLanguage":"cs"},{"@type":"Organization","@id":"https:\/\/regmik.ua\/uk\/#organization","name":"REGMIK","alternateName":"\u0420\u0415\u0413\u041c\u0418\u041a","url":"https:\/\/regmik.ua\/uk\/","logo":{"@type":"ImageObject","inLanguage":"cs","@id":"https:\/\/regmik.ua\/uk\/#\/schema\/logo\/image\/","url":"https:\/\/regmik.ua\/wp-content\/uploads\/2020\/03\/regmik_logo.png","contentUrl":"https:\/\/regmik.ua\/wp-content\/uploads\/2020\/03\/regmik_logo.png","width":194,"height":45,"caption":"REGMIK"},"image":{"@id":"https:\/\/regmik.ua\/uk\/#\/schema\/logo\/image\/"},"sameAs":["https:\/\/www.facebook.com\/regmik.npf","https:\/\/x.com\/regmiknpf","https:\/\/www.youtube.com\/channel\/UC_SrY98SKAmR3Kt95GcVKcw"]}]}},"_links":{"self":[{"href":"https:\/\/regmik.ua\/cs\/wp-json\/wp\/v2\/product\/19173","targetHints":{"allow":["GET"]}}],"collection":[{"href":"https:\/\/regmik.ua\/cs\/wp-json\/wp\/v2\/product"}],"about":[{"href":"https:\/\/regmik.ua\/cs\/wp-json\/wp\/v2\/types\/product"}],"replies":[{"embeddable":true,"href":"https:\/\/regmik.ua\/cs\/wp-json\/wp\/v2\/comments?post=19173"}],"version-history":[{"count":0,"href":"https:\/\/regmik.ua\/cs\/wp-json\/wp\/v2\/product\/19173\/revisions"}],"wp:featuredmedia":[{"embeddable":true,"href":"https:\/\/regmik.ua\/cs\/wp-json\/wp\/v2\/media\/26462"}],"wp:attachment":[{"href":"https:\/\/regmik.ua\/cs\/wp-json\/wp\/v2\/media?parent=19173"}],"wp:term":[{"taxonomy":"product_brand","embeddable":true,"href":"https:\/\/regmik.ua\/cs\/wp-json\/wp\/v2\/product_brand?post=19173"},{"taxonomy":"product_cat","embeddable":true,"href":"https:\/\/regmik.ua\/cs\/wp-json\/wp\/v2\/product_cat?post=19173"},{"taxonomy":"product_tag","embeddable":true,"href":"https:\/\/regmik.ua\/cs\/wp-json\/wp\/v2\/product_tag?post=19173"}],"curies":[{"name":"wp","href":"https:\/\/api.w.org\/{rel}","templated":true}]}}