{"id":19111,"date":"2019-06-06T14:13:36","date_gmt":"2019-06-06T12:13:36","guid":{"rendered":"https:\/\/regmik.com.ua\/?post_type=product&#038;p=19111"},"modified":"2020-08-20T07:23:50","modified_gmt":"2020-08-20T05:23:50","slug":"bt138-800e","status":"publish","type":"product","link":"https:\/\/regmik.ua\/cs\/product\/bt138-800e\/","title":{"rendered":"BT138-800E"},"content":{"rendered":"<h2>\u0422\u0435\u0445\u043d\u0438\u0447\u0435\u0441\u043a\u0438\u0435 \u043f\u0430\u0440\u0430\u043c\u0435\u0442\u0440\u044b<\/h2>\n<table class=\"pedat\">\n<tbody>\n<tr>\n<td class=\"pedot\">\u0422\u0438\u043f:<\/td>\n<td class=\"pedot pesp\"><\/td>\n<td class=\"pendot\">\u0421\u0438\u043c\u0438\u0441\u0442\u043e\u0440<\/td>\n<\/tr>\n<tr>\n<td class=\"pedot\">\u041c\u0430\u043a\u0441\u0438\u043c\u0430\u043b\u044c\u043d\u043e\u0435 \u043d\u0430\u043f\u0440\u044f\u0436\u0435\u043d\u0438\u0435:<\/td>\n<td class=\"pedot pesp\"><\/td>\n<td class=\"pendot\">800 \u0412<\/td>\n<\/tr>\n<tr>\n<td class=\"pedot\">\u041a\u043e\u043c\u043c\u0443\u0442\u0438\u0440\u0443\u0435\u043c\u044b\u0439 \u0442\u043e\u043a:<\/td>\n<td class=\"pedot pesp\"><\/td>\n<td class=\"pendot\">12 \u0410<\/td>\n<\/tr>\n<tr>\n<td class=\"pedot\">\u041d\u0430\u043f\u0440\u044f\u0436\u0435\u043d\u0438\u0435 \u0443\u0434\u0435\u0440\u0436\u0430\u043d\u0438\u044f:<\/td>\n<td class=\"pedot pesp\"><\/td>\n<td class=\"pendot\">1.65 \u0412<\/td>\n<\/tr>\n<tr>\n<td class=\"pedot\">\u0422\u043e\u043a \u0432\u043a\u043b\u044e\u0447\u0435\u043d\u0438\u044f \u0423\u042d:<\/td>\n<td class=\"pedot pesp\"><\/td>\n<td class=\"pendot\">25 \u043c\u0410<\/td>\n<\/tr>\n<tr>\n<td class=\"pedot\">\u0412\u0440\u0435\u043c\u044f \u0432\u043a\u043b\u044e\u0447\u0435\u043d\u0438\u044f:<\/td>\n<td class=\"pedot pesp\"><\/td>\n<td class=\"pendot\">2 \u043c\u043a\u0441<\/td>\n<\/tr>\n<tr>\n<td class=\"pedot\">\u041a\u043e\u0440\u043f\u0443\u0441:<\/td>\n<td class=\"pedot pesp\"><\/td>\n<td class=\"pendot\">SOT78[TO-220AB]<\/td>\n<\/tr>\n<\/tbody>\n<\/table>\n","protected":false},"excerpt":{"rendered":"<p>\u0422\u0435\u0445\u043d\u0438\u0447\u0435\u0441\u043a\u0438\u0435 \u043f\u0430\u0440\u0430\u043c\u0435\u0442\u0440\u044b \u0422\u0438\u043f: \u0421\u0438\u043c\u0438\u0441\u0442\u043e\u0440 \u041c\u0430\u043a\u0441\u0438\u043c\u0430\u043b\u044c\u043d\u043e\u0435 \u043d\u0430\u043f\u0440\u044f\u0436\u0435\u043d\u0438\u0435: 800 \u0412 \u041a\u043e\u043c\u043c\u0443\u0442\u0438\u0440\u0443\u0435\u043c\u044b\u0439 \u0442\u043e\u043a: 12 \u0410 \u041d\u0430\u043f\u0440\u044f\u0436\u0435\u043d\u0438\u0435 \u0443\u0434\u0435\u0440\u0436\u0430\u043d\u0438\u044f: 1.65 \u0412 \u0422\u043e\u043a \u0432\u043a\u043b\u044e\u0447\u0435\u043d\u0438\u044f \u0423\u042d: 25 \u043c\u0410 \u0412\u0440\u0435\u043c\u044f \u0432\u043a\u043b\u044e\u0447\u0435\u043d\u0438\u044f: 2 \u043c\u043a\u0441 \u041a\u043e\u0440\u043f\u0443\u0441: SOT78[TO-220AB]<\/p>\n","protected":false},"featured_media":19112,"comment_status":"open","ping_status":"closed","template":"","meta":[],"product_brand":[],"product_cat":[797],"product_tag":[3155],"class_list":{"0":"post-19111","1":"product","2":"type-product","3":"status-publish","4":"has-post-thumbnail","6":"product_cat-simistory","7":"product_tag-bt138-800e","10":"instock","11":"shipping-taxable","12":"purchasable","13":"product-type-simple"},"yoast_head":"<title>BT138-800E &#8211; \u0420\u0415\u0413\u041c\u0406\u041a, \u041d\u0412\u0424, \u041f\u041f<\/title>\n<meta name=\"description\" content=\"\u0422\u0435\u0445\u043d\u0438\u0447\u0435\u0441\u043a\u0438\u0435 \u043f\u0430\u0440\u0430\u043c\u0435\u0442\u0440\u044b \u0422\u0438\u043f: \u0421\u0438\u043c\u0438\u0441\u0442\u043e\u0440 \u041c\u0430\u043a\u0441\u0438\u043c\u0430\u043b\u044c\u043d\u043e\u0435 \u043d\u0430\u043f\u0440\u044f\u0436\u0435\u043d\u0438\u0435: 800 \u0412 \u041a\u043e\u043c\u043c\u0443\u0442\u0438\u0440\u0443\u0435\u043c\u044b\u0439 \u0442\u043e\u043a: 12 \u0410 \u041d\u0430\u043f\u0440\u044f\u0436\u0435\u043d\u0438\u0435 \u0443\u0434\u0435\u0440\u0436\u0430\u043d\u0438\u044f: 1.65 \u0412 \u0422\u043e\u043a \u0432\u043a\u043b\u044e\u0447\u0435\u043d\u0438\u044f \u0423\u042d: 25 \u043c\u0410 \u0412\u0440\u0435\u043c\u044f\" \/>\n<meta name=\"robots\" content=\"index, follow, max-snippet:-1, max-image-preview:large, max-video-preview:-1\" \/>\n<link rel=\"canonical\" href=\"https:\/\/regmik.ua\/cs\/produkt\/bt138-800e\/\" \/>\n<script type=\"application\/ld+json\" class=\"yoast-schema-graph\">{\"@context\":\"https:\\\/\\\/schema.org\",\"@graph\":[{\"@type\":\"WebPage\",\"@id\":\"https:\\\/\\\/regmik.ua\\\/pl\\\/produkt\\\/bt138-800e\\\/\",\"url\":\"https:\\\/\\\/regmik.ua\\\/pl\\\/produkt\\\/bt138-800e\\\/\",\"name\":\"BT138-800E &#8211; \u0420\u0415\u0413\u041c\u0406\u041a, \u041d\u0412\u0424, \u041f\u041f\",\"isPartOf\":{\"@id\":\"https:\\\/\\\/regmik.ua\\\/uk\\\/#website\"},\"primaryImageOfPage\":{\"@id\":\"https:\\\/\\\/regmik.ua\\\/pl\\\/produkt\\\/bt138-800e\\\/#primaryimage\"},\"image\":{\"@id\":\"https:\\\/\\\/regmik.ua\\\/pl\\\/produkt\\\/bt138-800e\\\/#primaryimage\"},\"thumbnailUrl\":\"https:\\\/\\\/regmik.ua\\\/wp-content\\\/uploads\\\/2019\\\/06\\\/DOC001205384.jpg\",\"datePublished\":\"2019-06-06T12:13:36+00:00\",\"dateModified\":\"2020-08-20T05:23:50+00:00\",\"description\":\"\u0422\u0435\u0445\u043d\u0438\u0447\u0435\u0441\u043a\u0438\u0435 \u043f\u0430\u0440\u0430\u043c\u0435\u0442\u0440\u044b \u0422\u0438\u043f: \u0421\u0438\u043c\u0438\u0441\u0442\u043e\u0440 \u041c\u0430\u043a\u0441\u0438\u043c\u0430\u043b\u044c\u043d\u043e\u0435 \u043d\u0430\u043f\u0440\u044f\u0436\u0435\u043d\u0438\u0435: 800 \u0412 \u041a\u043e\u043c\u043c\u0443\u0442\u0438\u0440\u0443\u0435\u043c\u044b\u0439 \u0442\u043e\u043a: 12 \u0410 \u041d\u0430\u043f\u0440\u044f\u0436\u0435\u043d\u0438\u0435 \u0443\u0434\u0435\u0440\u0436\u0430\u043d\u0438\u044f: 1.65 \u0412 \u0422\u043e\u043a \u0432\u043a\u043b\u044e\u0447\u0435\u043d\u0438\u044f \u0423\u042d: 25 \u043c\u0410 \u0412\u0440\u0435\u043c\u044f\",\"breadcrumb\":{\"@id\":\"https:\\\/\\\/regmik.ua\\\/pl\\\/produkt\\\/bt138-800e\\\/#breadcrumb\"},\"inLanguage\":\"cs\",\"potentialAction\":[{\"@type\":\"ReadAction\",\"target\":[\"https:\\\/\\\/regmik.ua\\\/pl\\\/produkt\\\/bt138-800e\\\/\"]}]},{\"@type\":\"ImageObject\",\"inLanguage\":\"cs\",\"@id\":\"https:\\\/\\\/regmik.ua\\\/pl\\\/produkt\\\/bt138-800e\\\/#primaryimage\",\"url\":\"https:\\\/\\\/regmik.ua\\\/wp-content\\\/uploads\\\/2019\\\/06\\\/DOC001205384.jpg\",\"contentUrl\":\"https:\\\/\\\/regmik.ua\\\/wp-content\\\/uploads\\\/2019\\\/06\\\/DOC001205384.jpg\",\"width\":269,\"height\":280},{\"@type\":\"BreadcrumbList\",\"@id\":\"https:\\\/\\\/regmik.ua\\\/pl\\\/produkt\\\/bt138-800e\\\/#breadcrumb\",\"itemListElement\":[{\"@type\":\"ListItem\",\"position\":1,\"name\":\"\u0413\u043b\u0430\u0432\u043d\u0430\u044f \u0441\u0442\u0440\u0430\u043d\u0438\u0446\u0430\",\"item\":\"https:\\\/\\\/regmik.ua\\\/\"},{\"@type\":\"ListItem\",\"position\":2,\"name\":\"\u041f\u0440\u043e\u0434\u0443\u043a\u0446\u0438\u044f\",\"item\":\"https:\\\/\\\/regmik.ua\\\/uk\\\/products\\\/\"},{\"@type\":\"ListItem\",\"position\":3,\"name\":\"BT138-800E\"}]},{\"@type\":\"WebSite\",\"@id\":\"https:\\\/\\\/regmik.ua\\\/uk\\\/#website\",\"url\":\"https:\\\/\\\/regmik.ua\\\/uk\\\/\",\"name\":\"REGMIK\",\"description\":\"\u0418\u0437\u043c\u0435\u0440\u0438\u0442\u0435\u043b\u044c\u043d\u044b\u0435 \u043f\u0440\u0438\u0431\u043e\u0440\u044b \u0438 \u0434\u0430\u0442\u0447\u0438\u043a\u0438 \u0442\u0435\u043c\u043f\u0435\u0440\u0430\u0442\u0443\u0440\u044b\",\"publisher\":{\"@id\":\"https:\\\/\\\/regmik.ua\\\/uk\\\/#organization\"},\"alternateName\":\"REGMIK\",\"potentialAction\":[{\"@type\":\"SearchAction\",\"target\":{\"@type\":\"EntryPoint\",\"urlTemplate\":\"https:\\\/\\\/regmik.ua\\\/uk\\\/?s={search_term_string}\"},\"query-input\":{\"@type\":\"PropertyValueSpecification\",\"valueRequired\":true,\"valueName\":\"search_term_string\"}}],\"inLanguage\":\"cs\"},{\"@type\":\"Organization\",\"@id\":\"https:\\\/\\\/regmik.ua\\\/uk\\\/#organization\",\"name\":\"REGMIK\",\"alternateName\":\"\u0420\u0415\u0413\u041c\u0418\u041a\",\"url\":\"https:\\\/\\\/regmik.ua\\\/uk\\\/\",\"logo\":{\"@type\":\"ImageObject\",\"inLanguage\":\"cs\",\"@id\":\"https:\\\/\\\/regmik.ua\\\/uk\\\/#\\\/schema\\\/logo\\\/image\\\/\",\"url\":\"https:\\\/\\\/regmik.ua\\\/wp-content\\\/uploads\\\/2020\\\/03\\\/regmik_logo.png\",\"contentUrl\":\"https:\\\/\\\/regmik.ua\\\/wp-content\\\/uploads\\\/2020\\\/03\\\/regmik_logo.png\",\"width\":194,\"height\":45,\"caption\":\"REGMIK\"},\"image\":{\"@id\":\"https:\\\/\\\/regmik.ua\\\/uk\\\/#\\\/schema\\\/logo\\\/image\\\/\"},\"sameAs\":[\"https:\\\/\\\/www.facebook.com\\\/regmik.npf\",\"https:\\\/\\\/x.com\\\/regmiknpf\",\"https:\\\/\\\/www.youtube.com\\\/channel\\\/UC_SrY98SKAmR3Kt95GcVKcw\"]}]}<\/script>","yoast_head_json":{"title":"BT138-800E \u2013 REGMIC, NVF, PP","description":"Technick\u00e9 parametry Typ: Triak Maxim\u00e1ln\u00ed nap\u011bt\u00ed: 800 V Sp\u00ednac\u00ed proud: 12 A P\u0159\u00eddr\u017en\u00e9 nap\u011bt\u00ed: 1,65 V UE zap\u00ednac\u00ed proud: 25 mA \u010cas","robots":{"index":"index","follow":"follow","max-snippet":"max-snippet:-1","max-image-preview":"max-image-preview:large","max-video-preview":"max-video-preview:-1"},"canonical":"https:\/\/regmik.ua\/cs\/produkt\/bt138-800e\/","schema":{"@context":"https:\/\/schema.org","@graph":[{"@type":"WebPage","@id":"https:\/\/regmik.ua\/pl\/produkt\/bt138-800e\/","url":"https:\/\/regmik.ua\/pl\/produkt\/bt138-800e\/","name":"BT138-800E \u2013 REGMIC, NVF, PP","isPartOf":{"@id":"https:\/\/regmik.ua\/uk\/#website"},"primaryImageOfPage":{"@id":"https:\/\/regmik.ua\/pl\/produkt\/bt138-800e\/#primaryimage"},"image":{"@id":"https:\/\/regmik.ua\/pl\/produkt\/bt138-800e\/#primaryimage"},"thumbnailUrl":"https:\/\/regmik.ua\/wp-content\/uploads\/2019\/06\/DOC001205384.jpg","datePublished":"2019-06-06T12:13:36+00:00","dateModified":"2020-08-20T05:23:50+00:00","description":"Technick\u00e9 parametry Typ: Triak Maxim\u00e1ln\u00ed nap\u011bt\u00ed: 800 V Sp\u00ednac\u00ed proud: 12 A P\u0159\u00eddr\u017en\u00e9 nap\u011bt\u00ed: 1,65 V UE zap\u00ednac\u00ed proud: 25 mA \u010cas","breadcrumb":{"@id":"https:\/\/regmik.ua\/pl\/produkt\/bt138-800e\/#breadcrumb"},"inLanguage":"cs","potentialAction":[{"@type":"ReadAction","target":["https:\/\/regmik.ua\/pl\/produkt\/bt138-800e\/"]}]},{"@type":"ImageObject","inLanguage":"cs","@id":"https:\/\/regmik.ua\/pl\/produkt\/bt138-800e\/#primaryimage","url":"https:\/\/regmik.ua\/wp-content\/uploads\/2019\/06\/DOC001205384.jpg","contentUrl":"https:\/\/regmik.ua\/wp-content\/uploads\/2019\/06\/DOC001205384.jpg","width":269,"height":280},{"@type":"BreadcrumbList","@id":"https:\/\/regmik.ua\/pl\/produkt\/bt138-800e\/#breadcrumb","itemListElement":[{"@type":"ListItem","position":1,"name":"\u0413\u043b\u0430\u0432\u043d\u0430\u044f \u0441\u0442\u0440\u0430\u043d\u0438\u0446\u0430","item":"https:\/\/regmik.ua\/"},{"@type":"ListItem","position":2,"name":"\u041f\u0440\u043e\u0434\u0443\u043a\u0446\u0438\u044f","item":"https:\/\/regmik.ua\/uk\/products\/"},{"@type":"ListItem","position":3,"name":"BT138-800E"}]},{"@type":"WebSite","@id":"https:\/\/regmik.ua\/uk\/#website","url":"https:\/\/regmik.ua\/uk\/","name":"REGMIK","description":"M\u011b\u0159ic\u00ed p\u0159\u00edstroje a sn\u00edma\u010de teploty","publisher":{"@id":"https:\/\/regmik.ua\/uk\/#organization"},"alternateName":"REGMIK","potentialAction":[{"@type":"SearchAction","target":{"@type":"EntryPoint","urlTemplate":"https:\/\/regmik.ua\/uk\/?s={search_term_string}"},"query-input":{"@type":"PropertyValueSpecification","valueRequired":true,"valueName":"search_term_string"}}],"inLanguage":"cs"},{"@type":"Organization","@id":"https:\/\/regmik.ua\/uk\/#organization","name":"REGMIK","alternateName":"\u0420\u0415\u0413\u041c\u0418\u041a","url":"https:\/\/regmik.ua\/uk\/","logo":{"@type":"ImageObject","inLanguage":"cs","@id":"https:\/\/regmik.ua\/uk\/#\/schema\/logo\/image\/","url":"https:\/\/regmik.ua\/wp-content\/uploads\/2020\/03\/regmik_logo.png","contentUrl":"https:\/\/regmik.ua\/wp-content\/uploads\/2020\/03\/regmik_logo.png","width":194,"height":45,"caption":"REGMIK"},"image":{"@id":"https:\/\/regmik.ua\/uk\/#\/schema\/logo\/image\/"},"sameAs":["https:\/\/www.facebook.com\/regmik.npf","https:\/\/x.com\/regmiknpf","https:\/\/www.youtube.com\/channel\/UC_SrY98SKAmR3Kt95GcVKcw"]}]}},"_links":{"self":[{"href":"https:\/\/regmik.ua\/cs\/wp-json\/wp\/v2\/product\/19111","targetHints":{"allow":["GET"]}}],"collection":[{"href":"https:\/\/regmik.ua\/cs\/wp-json\/wp\/v2\/product"}],"about":[{"href":"https:\/\/regmik.ua\/cs\/wp-json\/wp\/v2\/types\/product"}],"replies":[{"embeddable":true,"href":"https:\/\/regmik.ua\/cs\/wp-json\/wp\/v2\/comments?post=19111"}],"version-history":[{"count":0,"href":"https:\/\/regmik.ua\/cs\/wp-json\/wp\/v2\/product\/19111\/revisions"}],"wp:featuredmedia":[{"embeddable":true,"href":"https:\/\/regmik.ua\/cs\/wp-json\/wp\/v2\/media\/19112"}],"wp:attachment":[{"href":"https:\/\/regmik.ua\/cs\/wp-json\/wp\/v2\/media?parent=19111"}],"wp:term":[{"taxonomy":"product_brand","embeddable":true,"href":"https:\/\/regmik.ua\/cs\/wp-json\/wp\/v2\/product_brand?post=19111"},{"taxonomy":"product_cat","embeddable":true,"href":"https:\/\/regmik.ua\/cs\/wp-json\/wp\/v2\/product_cat?post=19111"},{"taxonomy":"product_tag","embeddable":true,"href":"https:\/\/regmik.ua\/cs\/wp-json\/wp\/v2\/product_tag?post=19111"}],"curies":[{"name":"wp","href":"https:\/\/api.w.org\/{rel}","templated":true}]}}