{"id":19105,"date":"2019-06-06T14:25:54","date_gmt":"2019-06-06T12:25:54","guid":{"rendered":"https:\/\/regmik.com.ua\/?post_type=product&#038;p=19105"},"modified":"2020-08-20T07:23:50","modified_gmt":"2020-08-20T05:23:50","slug":"74hc283d","status":"publish","type":"product","link":"https:\/\/regmik.ua\/cs\/product\/74hc283d\/","title":{"rendered":"74HC283D"},"content":{"rendered":"<div class=\"div-table-row\">\n<div class=\"row\">\n<div class=\"col-xs-4\"><label>V\u00fdrobce:<\/label><\/div>\n<div class=\"col-xs-5\">Nexperia<\/div>\n<div class=\"col-xs-3 text-center\"><\/div>\n<\/div>\n<\/div>\n<div class=\"div-table-row\">\n<div class=\"row\">\n<div class=\"col-xs-4\"><label>Rodina logick\u00fdch prvk\u016f:<\/label><\/div>\n<div class=\"col-xs-5\">HC<\/div>\n<div class=\"col-xs-3 text-center\"><\/div>\n<\/div>\n<\/div>\n<div class=\"div-table-row\">\n<div class=\"row\">\n<div class=\"col-xs-4\"><label>Balen\u00ed \/ jednotka:<\/label><\/div>\n<div class=\"col-xs-5\">SO-16<\/div>\n<div class=\"col-xs-3 text-center\"><\/div>\n<\/div>\n<\/div>\n<div class=\"div-table-row\">\n<div class=\"row\">\n<div class=\"col-xs-4\"><label>Vysok\u00e1 \u00farove\u0148 v\u00fdstupn\u00edho proudu:<\/label><\/div>\n<div class=\"col-xs-5\">\u2013 5,2 mA<\/div>\n<div class=\"col-xs-3 text-center\"><\/div>\n<\/div>\n<\/div>\n<div class=\"div-table-row\">\n<div class=\"row\">\n<div class=\"col-xs-4\"><label>N\u00edzk\u00e1 \u00farove\u0148 v\u00fdstupn\u00edho proudu:<\/label><\/div>\n<div class=\"col-xs-5\">5,2 mA<\/div>\n<div class=\"col-xs-3 text-center\"><\/div>\n<\/div>\n<\/div>\n<div class=\"div-table-row\">\n<div class=\"row\">\n<div class=\"col-xs-4\"><label>Doba zpo\u017ed\u011bn\u00ed \u0161\u00ed\u0159en\u00ed:<\/label><\/div>\n<div class=\"col-xs-5\">210 ns, 42 ns, 36 ns<\/div>\n<div class=\"col-xs-3 text-center\"><\/div>\n<\/div>\n<\/div>\n<div class=\"div-table-row\">\n<div class=\"row\">\n<div class=\"col-xs-4\"><label>Nap\u00e1jec\u00ed nap\u011bt\u00ed - min.:<\/label><\/div>\n<div class=\"col-xs-5\">2 V<\/div>\n<div class=\"col-xs-3 text-center\"><\/div>\n<\/div>\n<\/div>\n<div class=\"div-table-row\">\n<div class=\"row\">\n<div class=\"col-xs-4\"><label>Nap\u00e1jec\u00ed nap\u011bt\u00ed - max.:<\/label><\/div>\n<div class=\"col-xs-5\">6 V<\/div>\n<div class=\"col-xs-3 text-center\"><\/div>\n<\/div>\n<\/div>\n<div class=\"div-table-row\">\n<div class=\"row\">\n<div class=\"col-xs-4\"><label>Minim\u00e1ln\u00ed provozn\u00ed teplota:<\/label><\/div>\n<div class=\"col-xs-5\">- 40 \u00b0 C<\/div>\n<div class=\"col-xs-3 text-center\"><\/div>\n<\/div>\n<\/div>\n<div class=\"div-table-row\">\n<div class=\"row\">\n<div class=\"col-xs-4\"><label>Maxim\u00e1ln\u00ed provozn\u00ed teplota:<\/label><\/div>\n<div class=\"col-xs-5\">+ 125 C<\/div>\n<div class=\"col-xs-3 text-center\"><\/div>\n<\/div>\n<\/div>\n<div class=\"div-table-row\">\n<div class=\"row\">\n<div class=\"col-xs-4\"><label>Funkce:<\/label><\/div>\n<div class=\"col-xs-5\">Bin\u00e1rn\u00ed pln\u00e1 s\u010d\u00edta\u010dka<\/div>\n<div class=\"col-xs-3 text-center\"><\/div>\n<\/div>\n<\/div>\n<div class=\"div-table-row\">\n<div class=\"row\">\n<div class=\"col-xs-4\"><label>V\u00fd\u0161ka:<\/label><\/div>\n<div class=\"col-xs-5\">1,45 mm<\/div>\n<div class=\"col-xs-3 text-center\"><\/div>\n<\/div>\n<\/div>\n<div class=\"div-table-row\">\n<div class=\"row\">\n<div class=\"col-xs-4\"><label>Klidov\u00fd proud:<\/label><\/div>\n<div class=\"col-xs-5\">8uA<\/div>\n<div class=\"col-xs-3 text-center\"><\/div>\n<\/div>\n<\/div>\n<div class=\"div-table-row\">\n<div class=\"row\">\n<div class=\"col-xs-4\"><label>\u0160\u00ed\u0159ka:<\/label><\/div>\n<div class=\"col-xs-5\">4 mm<\/div>\n<div class=\"col-xs-3 text-center\"><\/div>\n<\/div>\n<\/div>\n<div class=\"div-table-row\">\n<div class=\"row\">\n<div class=\"col-xs-4\"><label>Ochrann\u00e1 zn\u00e1mka:<\/label><\/div>\n<div class=\"col-xs-5\">Nexperia<\/div>\n<div class=\"col-xs-3 text-center\"><\/div>\n<\/div>\n<\/div>\n<div class=\"div-table-row\">\n<div class=\"row\">\n<div class=\"col-xs-4\"><label>Typ logiky:<\/label><\/div>\n<div class=\"col-xs-5\">CMOS<\/div>\n<div class=\"col-xs-3 text-center\"><\/div>\n<\/div>\n<\/div>\n<div class=\"div-table-row\">\n<div class=\"row\">\n<div class=\"col-xs-4\"><label>Typ instalace:<\/label><\/div>\n<div class=\"col-xs-5\">SMD \/ SMT<\/div>\n<div class=\"col-xs-3 text-center\"><\/div>\n<\/div>\n<\/div>\n<div class=\"div-table-row\">\n<div class=\"row\">\n<div class=\"col-xs-4\"><label>Po\u010det digit\u00e1ln\u00edch \u010d\u00edslic:<\/label><\/div>\n<div class=\"col-xs-5\">4<\/div>\n<div class=\"col-xs-3 text-center\"><\/div>\n<\/div>\n<\/div>\n<div class=\"div-table-row\">\n<div class=\"row\">\n<div class=\"col-xs-4\"><label>Po\u010det kan\u00e1l\u016f:<\/label><\/div>\n<div class=\"col-xs-5\">1 kan\u00e1l<\/div>\n<div class=\"col-xs-3 text-center\"><\/div>\n<\/div>\n<\/div>\n<div class=\"div-table-row\">\n<div class=\"row\">\n<div class=\"col-xs-4\"><label>Pracovn\u00ed nap\u00e1jec\u00ed nap\u011bt\u00ed:<\/label><\/div>\n<div class=\"col-xs-5\">5 V<\/div>\n<div class=\"col-xs-3 text-center\"><\/div>\n<\/div>\n<\/div>\n<div class=\"div-table-row\">\n<div class=\"row\">\n<div class=\"col-xs-4\"><label>Typ produktu:<\/label><\/div>\n<div class=\"col-xs-5\">Logick\u00e1 s\u010d\u00edta\u010dka a od\u010d\u00edta\u010dka<\/div>\n<div class=\"col-xs-3 text-center\"><\/div>\n<\/div>\n<\/div>\n<div class=\"div-table-row\">\n<div class=\"row\">\n<div class=\"col-xs-4\"><label>Podkategorie:<\/label><\/div>\n<div class=\"col-xs-5\">Logick\u00e9 integrovan\u00e9 obvody<\/div>\n<div class=\"col-xs-3 text-center\"><\/div>\n<\/div>\n<\/div>\n<div class=\"div-table-row\">\n<div class=\"row\">\n<div class=\"col-xs-4\"><label>Dal\u0161\u00ed n\u00e1zvy produkt\u016f \u010d .:<\/label><\/div>\n<div class=\"col-xs-5\">74HC283D, 652<\/div>\n<div class=\"col-xs-3 text-center\"><\/div>\n<\/div>\n<\/div>\n<div class=\"div-table-row\"><\/div>","protected":false},"excerpt":{"rendered":"<p>\u041f\u0440\u043e\u0438\u0437\u0432\u043e\u0434\u0438\u0442\u0435\u043b\u044c: Nexperia \u0421\u0435\u043c\u0435\u0439\u0441\u0442\u0432\u043e \u043b\u043e\u0433\u0438\u0447\u0435\u0441\u043a\u0438\u0445 \u044d\u043b\u0435\u043c\u0435\u043d\u0442\u043e\u0432: HC \u0423\u043f\u0430\u043a\u043e\u0432\u043a\u0430 \/ \u0431\u043b\u043e\u043a: SO-16 \u0412\u044b\u0445\u043e\u0434\u043d\u043e\u0439 \u0442\u043e\u043a \u0432\u044b\u0441\u043e\u043a\u043e\u0433\u043e \u0443\u0440\u043e\u0432\u043d\u044f: &#8211; 5.2 mA \u0412\u044b\u0445\u043e\u0434\u043d\u043e\u0439 \u0442\u043e\u043a \u043d\u0438\u0437\u043a\u043e\u0433\u043e \u0443\u0440\u043e\u0432\u043d\u044f: 5.2 mA \u0412\u0440\u0435\u043c\u044f \u0437\u0430\u0434\u0435\u0440\u0436\u043a\u0438 \u0440\u0430\u0441\u043f\u0440\u043e\u0441\u0442\u0440\u0430\u043d\u0435\u043d\u0438\u044f: 210 ns, 42 ns, 36 ns \u041d\u0430\u043f\u0440\u044f\u0436\u0435\u043d\u0438\u0435 \u043f\u0438\u0442\u0430\u043d\u0438\u044f &#8211; \u043c\u0438\u043d.: 2 V \u041d\u0430\u043f\u0440\u044f\u0436\u0435\u043d\u0438\u0435 \u043f\u0438\u0442\u0430\u043d\u0438\u044f &#8211; \u043c\u0430\u043a\u0441.: 6 V \u041c\u0438\u043d\u0438\u043c\u0430\u043b\u044c\u043d\u0430\u044f \u0440\u0430\u0431\u043e\u0447\u0430\u044f \u0442\u0435\u043c\u043f\u0435\u0440\u0430\u0442\u0443\u0440\u0430: &#8211; 40 C \u041c\u0430\u043a\u0441\u0438\u043c\u0430\u043b\u044c\u043d\u0430\u044f \u0440\u0430\u0431\u043e\u0447\u0430\u044f \u0442\u0435\u043c\u043f\u0435\u0440\u0430\u0442\u0443\u0440\u0430: + 125 &hellip; <a href=\"https:\/\/regmik.ua\/cs\/product\/74hc283d\/\" class=\"more-link\">pokra\u010dovat ve \u010dten\u00ed <span class=\"screen-reader-text\">74HC283D<\/span><\/a><\/p>","protected":false},"featured_media":19350,"comment_status":"open","ping_status":"closed","template":"","meta":[],"product_brand":[],"product_cat":[779],"product_tag":[3152],"class_list":{"0":"post-19105","1":"product","2":"type-product","3":"status-publish","4":"has-post-thumbnail","6":"product_cat-chip","7":"product_tag-74hc283d","10":"instock","11":"shipping-taxable","12":"purchasable","13":"product-type-simple"},"yoast_head":"<title>74HC283D &#8211; \u0420\u0415\u0413\u041c\u0406\u041a, \u041d\u0412\u0424, \u041f\u041f<\/title>\n<meta name=\"description\" content=\"\u041f\u0440\u043e\u0438\u0437\u0432\u043e\u0434\u0438\u0442\u0435\u043b\u044c: Nexperia \u0421\u0435\u043c\u0435\u0439\u0441\u0442\u0432\u043e \u043b\u043e\u0433\u0438\u0447\u0435\u0441\u043a\u0438\u0445 \u044d\u043b\u0435\u043c\u0435\u043d\u0442\u043e\u0432: HC \u0423\u043f\u0430\u043a\u043e\u0432\u043a\u0430 \/ \u0431\u043b\u043e\u043a: SO-16 \u0412\u044b\u0445\u043e\u0434\u043d\u043e\u0439 \u0442\u043e\u043a \u0432\u044b\u0441\u043e\u043a\u043e\u0433\u043e \u0443\u0440\u043e\u0432\u043d\u044f: - 5.2 mA \u0412\u044b\u0445\u043e\u0434\u043d\u043e\u0439 \u0442\u043e\u043a \u043d\u0438\u0437\u043a\u043e\u0433\u043e \u0443\u0440\u043e\u0432\u043d\u044f: 5.2\" \/>\n<meta name=\"robots\" content=\"index, follow, max-snippet:-1, max-image-preview:large, max-video-preview:-1\" \/>\n<link rel=\"canonical\" href=\"https:\/\/regmik.ua\/cs\/produkt\/74hc283d\/\" \/>\n<script type=\"application\/ld+json\" class=\"yoast-schema-graph\">{\"@context\":\"https:\\\/\\\/schema.org\",\"@graph\":[{\"@type\":\"WebPage\",\"@id\":\"https:\\\/\\\/regmik.ua\\\/cs\\\/produkt\\\/74hc283d\\\/\",\"url\":\"https:\\\/\\\/regmik.ua\\\/cs\\\/produkt\\\/74hc283d\\\/\",\"name\":\"74HC283D &#8211; \u0420\u0415\u0413\u041c\u0406\u041a, \u041d\u0412\u0424, \u041f\u041f\",\"isPartOf\":{\"@id\":\"https:\\\/\\\/regmik.ua\\\/uk\\\/#website\"},\"primaryImageOfPage\":{\"@id\":\"https:\\\/\\\/regmik.ua\\\/cs\\\/produkt\\\/74hc283d\\\/#primaryimage\"},\"image\":{\"@id\":\"https:\\\/\\\/regmik.ua\\\/cs\\\/produkt\\\/74hc283d\\\/#primaryimage\"},\"thumbnailUrl\":\"https:\\\/\\\/regmik.ua\\\/wp-content\\\/uploads\\\/2019\\\/06\\\/Bez-nazvaniya-6.jpg\",\"datePublished\":\"2019-06-06T12:25:54+00:00\",\"dateModified\":\"2020-08-20T05:23:50+00:00\",\"description\":\"\u041f\u0440\u043e\u0438\u0437\u0432\u043e\u0434\u0438\u0442\u0435\u043b\u044c: Nexperia \u0421\u0435\u043c\u0435\u0439\u0441\u0442\u0432\u043e \u043b\u043e\u0433\u0438\u0447\u0435\u0441\u043a\u0438\u0445 \u044d\u043b\u0435\u043c\u0435\u043d\u0442\u043e\u0432: HC \u0423\u043f\u0430\u043a\u043e\u0432\u043a\u0430 \\\/ \u0431\u043b\u043e\u043a: SO-16 \u0412\u044b\u0445\u043e\u0434\u043d\u043e\u0439 \u0442\u043e\u043a \u0432\u044b\u0441\u043e\u043a\u043e\u0433\u043e \u0443\u0440\u043e\u0432\u043d\u044f: - 5.2 mA \u0412\u044b\u0445\u043e\u0434\u043d\u043e\u0439 \u0442\u043e\u043a \u043d\u0438\u0437\u043a\u043e\u0433\u043e \u0443\u0440\u043e\u0432\u043d\u044f: 5.2\",\"breadcrumb\":{\"@id\":\"https:\\\/\\\/regmik.ua\\\/cs\\\/produkt\\\/74hc283d\\\/#breadcrumb\"},\"inLanguage\":\"cs\",\"potentialAction\":[{\"@type\":\"ReadAction\",\"target\":[\"https:\\\/\\\/regmik.ua\\\/cs\\\/produkt\\\/74hc283d\\\/\"]}]},{\"@type\":\"ImageObject\",\"inLanguage\":\"cs\",\"@id\":\"https:\\\/\\\/regmik.ua\\\/cs\\\/produkt\\\/74hc283d\\\/#primaryimage\",\"url\":\"https:\\\/\\\/regmik.ua\\\/wp-content\\\/uploads\\\/2019\\\/06\\\/Bez-nazvaniya-6.jpg\",\"contentUrl\":\"https:\\\/\\\/regmik.ua\\\/wp-content\\\/uploads\\\/2019\\\/06\\\/Bez-nazvaniya-6.jpg\",\"width\":225,\"height\":225,\"caption\":\"74HC283D\"},{\"@type\":\"BreadcrumbList\",\"@id\":\"https:\\\/\\\/regmik.ua\\\/cs\\\/produkt\\\/74hc283d\\\/#breadcrumb\",\"itemListElement\":[{\"@type\":\"ListItem\",\"position\":1,\"name\":\"\u0413\u043b\u0430\u0432\u043d\u0430\u044f \u0441\u0442\u0440\u0430\u043d\u0438\u0446\u0430\",\"item\":\"https:\\\/\\\/regmik.ua\\\/\"},{\"@type\":\"ListItem\",\"position\":2,\"name\":\"\u041f\u0440\u043e\u0434\u0443\u043a\u0446\u0438\u044f\",\"item\":\"https:\\\/\\\/regmik.ua\\\/uk\\\/products\\\/\"},{\"@type\":\"ListItem\",\"position\":3,\"name\":\"74HC283D\"}]},{\"@type\":\"WebSite\",\"@id\":\"https:\\\/\\\/regmik.ua\\\/uk\\\/#website\",\"url\":\"https:\\\/\\\/regmik.ua\\\/uk\\\/\",\"name\":\"REGMIK\",\"description\":\"\u0418\u0437\u043c\u0435\u0440\u0438\u0442\u0435\u043b\u044c\u043d\u044b\u0435 \u043f\u0440\u0438\u0431\u043e\u0440\u044b \u0438 \u0434\u0430\u0442\u0447\u0438\u043a\u0438 \u0442\u0435\u043c\u043f\u0435\u0440\u0430\u0442\u0443\u0440\u044b\",\"publisher\":{\"@id\":\"https:\\\/\\\/regmik.ua\\\/uk\\\/#organization\"},\"alternateName\":\"REGMIK\",\"potentialAction\":[{\"@type\":\"SearchAction\",\"target\":{\"@type\":\"EntryPoint\",\"urlTemplate\":\"https:\\\/\\\/regmik.ua\\\/uk\\\/?s={search_term_string}\"},\"query-input\":{\"@type\":\"PropertyValueSpecification\",\"valueRequired\":true,\"valueName\":\"search_term_string\"}}],\"inLanguage\":\"cs\"},{\"@type\":\"Organization\",\"@id\":\"https:\\\/\\\/regmik.ua\\\/uk\\\/#organization\",\"name\":\"REGMIK\",\"alternateName\":\"\u0420\u0415\u0413\u041c\u0418\u041a\",\"url\":\"https:\\\/\\\/regmik.ua\\\/uk\\\/\",\"logo\":{\"@type\":\"ImageObject\",\"inLanguage\":\"cs\",\"@id\":\"https:\\\/\\\/regmik.ua\\\/uk\\\/#\\\/schema\\\/logo\\\/image\\\/\",\"url\":\"https:\\\/\\\/regmik.ua\\\/wp-content\\\/uploads\\\/2020\\\/03\\\/regmik_logo.png\",\"contentUrl\":\"https:\\\/\\\/regmik.ua\\\/wp-content\\\/uploads\\\/2020\\\/03\\\/regmik_logo.png\",\"width\":194,\"height\":45,\"caption\":\"REGMIK\"},\"image\":{\"@id\":\"https:\\\/\\\/regmik.ua\\\/uk\\\/#\\\/schema\\\/logo\\\/image\\\/\"},\"sameAs\":[\"https:\\\/\\\/www.facebook.com\\\/regmik.npf\",\"https:\\\/\\\/x.com\\\/regmiknpf\",\"https:\\\/\\\/www.youtube.com\\\/channel\\\/UC_SrY98SKAmR3Kt95GcVKcw\"]}]}<\/script>","yoast_head_json":{"title":"74HC283D \u2013 REGMIC, NVF, PP","description":"V\u00fdrobce: Nexperia Logic Rodina: HC Balen\u00ed\/pouzdro: SO-16 High Level V\u00fdstupn\u00ed proud: - 5,2 mA N\u00edzko\u00farov\u0148ov\u00fd v\u00fdstupn\u00ed proud: 5,2","robots":{"index":"index","follow":"follow","max-snippet":"max-snippet:-1","max-image-preview":"max-image-preview:large","max-video-preview":"max-video-preview:-1"},"canonical":"https:\/\/regmik.ua\/cs\/produkt\/74hc283d\/","schema":{"@context":"https:\/\/schema.org","@graph":[{"@type":"WebPage","@id":"https:\/\/regmik.ua\/cs\/produkt\/74hc283d\/","url":"https:\/\/regmik.ua\/cs\/produkt\/74hc283d\/","name":"74HC283D \u2013 REGMIC, NVF, PP","isPartOf":{"@id":"https:\/\/regmik.ua\/uk\/#website"},"primaryImageOfPage":{"@id":"https:\/\/regmik.ua\/cs\/produkt\/74hc283d\/#primaryimage"},"image":{"@id":"https:\/\/regmik.ua\/cs\/produkt\/74hc283d\/#primaryimage"},"thumbnailUrl":"https:\/\/regmik.ua\/wp-content\/uploads\/2019\/06\/Bez-nazvaniya-6.jpg","datePublished":"2019-06-06T12:25:54+00:00","dateModified":"2020-08-20T05:23:50+00:00","description":"V\u00fdrobce: Nexperia Logic Rodina: HC Balen\u00ed\/pouzdro: SO-16 High Level V\u00fdstupn\u00ed proud: - 5,2 mA N\u00edzko\u00farov\u0148ov\u00fd v\u00fdstupn\u00ed proud: 5,2","breadcrumb":{"@id":"https:\/\/regmik.ua\/cs\/produkt\/74hc283d\/#breadcrumb"},"inLanguage":"cs","potentialAction":[{"@type":"ReadAction","target":["https:\/\/regmik.ua\/cs\/produkt\/74hc283d\/"]}]},{"@type":"ImageObject","inLanguage":"cs","@id":"https:\/\/regmik.ua\/cs\/produkt\/74hc283d\/#primaryimage","url":"https:\/\/regmik.ua\/wp-content\/uploads\/2019\/06\/Bez-nazvaniya-6.jpg","contentUrl":"https:\/\/regmik.ua\/wp-content\/uploads\/2019\/06\/Bez-nazvaniya-6.jpg","width":225,"height":225,"caption":"74HC283D"},{"@type":"BreadcrumbList","@id":"https:\/\/regmik.ua\/cs\/produkt\/74hc283d\/#breadcrumb","itemListElement":[{"@type":"ListItem","position":1,"name":"\u0413\u043b\u0430\u0432\u043d\u0430\u044f \u0441\u0442\u0440\u0430\u043d\u0438\u0446\u0430","item":"https:\/\/regmik.ua\/"},{"@type":"ListItem","position":2,"name":"\u041f\u0440\u043e\u0434\u0443\u043a\u0446\u0438\u044f","item":"https:\/\/regmik.ua\/uk\/products\/"},{"@type":"ListItem","position":3,"name":"74HC283D"}]},{"@type":"WebSite","@id":"https:\/\/regmik.ua\/uk\/#website","url":"https:\/\/regmik.ua\/uk\/","name":"REGMIK","description":"M\u011b\u0159ic\u00ed p\u0159\u00edstroje a sn\u00edma\u010de teploty","publisher":{"@id":"https:\/\/regmik.ua\/uk\/#organization"},"alternateName":"REGMIK","potentialAction":[{"@type":"SearchAction","target":{"@type":"EntryPoint","urlTemplate":"https:\/\/regmik.ua\/uk\/?s={search_term_string}"},"query-input":{"@type":"PropertyValueSpecification","valueRequired":true,"valueName":"search_term_string"}}],"inLanguage":"cs"},{"@type":"Organization","@id":"https:\/\/regmik.ua\/uk\/#organization","name":"REGMIK","alternateName":"\u0420\u0415\u0413\u041c\u0418\u041a","url":"https:\/\/regmik.ua\/uk\/","logo":{"@type":"ImageObject","inLanguage":"cs","@id":"https:\/\/regmik.ua\/uk\/#\/schema\/logo\/image\/","url":"https:\/\/regmik.ua\/wp-content\/uploads\/2020\/03\/regmik_logo.png","contentUrl":"https:\/\/regmik.ua\/wp-content\/uploads\/2020\/03\/regmik_logo.png","width":194,"height":45,"caption":"REGMIK"},"image":{"@id":"https:\/\/regmik.ua\/uk\/#\/schema\/logo\/image\/"},"sameAs":["https:\/\/www.facebook.com\/regmik.npf","https:\/\/x.com\/regmiknpf","https:\/\/www.youtube.com\/channel\/UC_SrY98SKAmR3Kt95GcVKcw"]}]}},"_links":{"self":[{"href":"https:\/\/regmik.ua\/cs\/wp-json\/wp\/v2\/product\/19105","targetHints":{"allow":["GET"]}}],"collection":[{"href":"https:\/\/regmik.ua\/cs\/wp-json\/wp\/v2\/product"}],"about":[{"href":"https:\/\/regmik.ua\/cs\/wp-json\/wp\/v2\/types\/product"}],"replies":[{"embeddable":true,"href":"https:\/\/regmik.ua\/cs\/wp-json\/wp\/v2\/comments?post=19105"}],"version-history":[{"count":0,"href":"https:\/\/regmik.ua\/cs\/wp-json\/wp\/v2\/product\/19105\/revisions"}],"wp:featuredmedia":[{"embeddable":true,"href":"https:\/\/regmik.ua\/cs\/wp-json\/wp\/v2\/media\/19350"}],"wp:attachment":[{"href":"https:\/\/regmik.ua\/cs\/wp-json\/wp\/v2\/media?parent=19105"}],"wp:term":[{"taxonomy":"product_brand","embeddable":true,"href":"https:\/\/regmik.ua\/cs\/wp-json\/wp\/v2\/product_brand?post=19105"},{"taxonomy":"product_cat","embeddable":true,"href":"https:\/\/regmik.ua\/cs\/wp-json\/wp\/v2\/product_cat?post=19105"},{"taxonomy":"product_tag","embeddable":true,"href":"https:\/\/regmik.ua\/cs\/wp-json\/wp\/v2\/product_tag?post=19105"}],"curies":[{"name":"wp","href":"https:\/\/api.w.org\/{rel}","templated":true}]}}